{"id":9498,"date":"2021-04-23T08:51:08","date_gmt":"2021-04-23T07:51:08","guid":{"rendered":"https:\/\/www.cic.es\/carreras-profesionales\/"},"modified":"2026-03-27T09:08:35","modified_gmt":"2026-03-27T08:08:35","slug":"come-and-work-with-us","status":"publish","type":"page","link":"https:\/\/www.cic.es\/en\/come-and-work-with-us\/","title":{"rendered":"Come and work with us to change the future"},"content":{"rendered":"\n<p>At CIC we recognize talent, offer possibilities for growth, professional development and continuous training to our employees.<\/p>\n\n\n\n<p>Come join our team of experts in the complex challenges we face and reach heights that you never before thought were possible.<\/p>\n\n\n\n<div style=\"height:24px\" aria-hidden=\"true\" class=\"wp-block-spacer\"><\/div>\n\n\n\n<div class=\"wp-block-buttons is-layout-flex wp-block-buttons-is-layout-flex\">\n<div class=\"wp-block-button has-custom-width wp-block-button__width-75 is-style-fill\"><a class=\"wp-block-button__link has-white-color has-text-color has-background no-border-radius\" href=\"https:\/\/www.cic.es\/en\/jobs\/\" style=\"background-color:#05c3de\" target=\"_blank\" rel=\"noreferrer noopener\">Do you want to be part of CIC?<br><strong>SEE ALL OUR AVAILABLE JOB OFFERS<\/strong><\/a><\/div>\n<\/div>\n\n\n\n<h2 class=\"wp-block-heading\">Would you like to help us develop the new technologies and innovations that will shape our future?<\/h2>\n\n\n\n<p>We are looking for responsible, dynamic people, who are at the same time creative and want to learn, with initiative and are able to adapt to face the challenges of today&#8217;s ever changing world.<\/p>\n\n\n\n<p>If you have a positive attitude and feel you will bring added value to your job CIC might be the place for you. If you are eager to collaborate and can communicate in teams, your profile fits us at CIC.<\/p>\n\n\n\n<h2 class=\"wp-block-heading\">What will you find at CIC?<\/h2>\n\n\n\n<div class=\"wp-block-columns is-layout-flex wp-container-core-columns-is-layout-9d6595d7 wp-block-columns-is-layout-flex\">\n<div class=\"wp-block-column is-layout-flow wp-block-column-is-layout-flow\">\n<ul class=\"has-text-color wp-block-list\" style=\"color:#0085ca\"><li><strong>Passion and innovation<\/strong><\/li><\/ul>\n\n\n\n<p>We create, we think, we are qualified and, above all, we work well together. We are looking for people that are <strong>passionate and have initiative<\/strong> in an environment that foments technological innovation.<\/p>\n\n\n\n<ul class=\"has-text-color wp-block-list\" style=\"color:#0085ca\"><li><strong>Diversity<\/strong><\/li><\/ul>\n\n\n\n<p><strong>Diversity <\/strong>creates an environment where there are more opportunities for success. We are looking for great minds from all walks of life. Your sex, age, background or disability is irrelevant to us.<\/p>\n\n\n\n<ul class=\"has-text-color wp-block-list\" style=\"color:#0085ca\"><li><strong>Flexibility<\/strong><\/li><\/ul>\n\n\n\n<p>At CIC we have opted for flexible timetables, work-from-home and in the summer, for three months, a continuous workday.<\/p>\n\n\n\n<ul class=\"has-text-color wp-block-list\" style=\"color:#0085ca\"><li><strong>Sustainability<\/strong><\/li><\/ul>\n\n\n\n<p>We are leaders in finding solutions for sustainable development.<\/p>\n<\/div>\n\n\n\n<div class=\"wp-block-column is-layout-flow wp-block-column-is-layout-flow\">\n<ul class=\"has-text-color wp-block-list\" style=\"color:#0085ca\"><li><strong>Multidisciplinary environments<\/strong><\/li><\/ul>\n\n\n\n<p>We want people who follow their own path, who love to learn day by day and promote their own <strong>autonomy in Multidisciplinary environments.<\/strong><\/p>\n\n\n\n<div style=\"height:18px\" aria-hidden=\"true\" class=\"wp-block-spacer\"><\/div>\n\n\n\n<ul class=\"has-text-color wp-block-list\" style=\"color:#0085ca\"><li><strong>Training<\/strong><\/li><\/ul>\n\n\n\n<p>Learning is a continuous endeavour, it is a key factor in one&#8217;s professional development and in the way we manage changes.<\/p>\n\n\n\n<div style=\"height:22px\" aria-hidden=\"true\" class=\"wp-block-spacer\"><\/div>\n\n\n\n<ul class=\"has-text-color wp-block-list\" style=\"color:#0085ca\"><li><strong>Headquarters<\/strong><\/li><\/ul>\n\n\n\n<p>We have offices in Santander and Madrid.<\/p>\n\n\n\n<div style=\"height:24px\" aria-hidden=\"true\" class=\"wp-block-spacer\"><\/div>\n\n\n\n<ul class=\"has-text-color wp-block-list\" style=\"color:#0085ca\"><li><strong>Globalization<\/strong><\/li><\/ul>\n\n\n\n<p>We work on innovative projects in more than <strong>40 countries.<\/strong><\/p>\n<\/div>\n<\/div>\n\n\n\n<figure class=\"wp-block-image size-large\"><img loading=\"lazy\" decoding=\"async\" width=\"890\" height=\"445\" src=\"https:\/\/www.cic.es\/wp-content\/uploads\/2021\/04\/mapa-cic-opti.png\" alt=\"CIC en m\u00e1s de 40 pa\u00edses\" class=\"wp-image-9236\" srcset=\"https:\/\/www.cic.es\/wp-content\/uploads\/2021\/04\/mapa-cic-opti.png 890w, https:\/\/www.cic.es\/wp-content\/uploads\/2021\/04\/mapa-cic-opti-600x300.png 600w, https:\/\/www.cic.es\/wp-content\/uploads\/2021\/04\/mapa-cic-opti-768x384.png 768w\" sizes=\"auto, (max-width: 890px) 100vw, 890px\" \/><\/figure>\n\n\n\n<h3 class=\"wp-block-heading\">Our way of working is changing, our work environment is not simply a place where we go do a job, but a place where we connect with other people and develop technologies to advance collaboration and innovation.<\/h3>\n\n\n\n<div style=\"height:50px\" aria-hidden=\"true\" class=\"wp-block-spacer\"><\/div>\n\n\n\n<p><\/p>\n","protected":false},"excerpt":{"rendered":"<p>At CIC we recognize talent, offer possibilities for growth, professional development and continuous training to our employees. Come join our team of experts in the complex challenges we face and reach heights that you never before thought were possible. Would you like to help us develop the new technologies and&#8230;<\/p>\n","protected":false},"author":1,"featured_media":0,"parent":0,"menu_order":0,"comment_status":"closed","ping_status":"closed","template":"page-templates\/page-carreras.php","meta":{"_acf_changed":false,"footnotes":""},"class_list":["post-9498","page","type-page","status-publish","hentry"],"acf":[],"yoast_head":"<!-- This site is optimized with the Yoast SEO plugin v27.4 - https:\/\/yoast.com\/product\/yoast-seo-wordpress\/ -->\n<title>Come and work with us to change the future CIC Consulting Inform\u00e1tico<\/title>\n<meta name=\"description\" content=\"At CIC we recognize talent, offer possibilities for growth, professional development and continuous training to our employees.\" \/>\n<meta name=\"robots\" content=\"index, follow, max-snippet:-1, max-image-preview:large, max-video-preview:-1\" \/>\n<link rel=\"canonical\" href=\"https:\/\/www.cic.es\/en\/come-and-work-with-us\/\" \/>\n<meta property=\"og:locale\" content=\"en_US\" \/>\n<meta property=\"og:type\" content=\"article\" \/>\n<meta property=\"og:title\" content=\"Come and work with us to change the future CIC Consulting Inform\u00e1tico\" \/>\n<meta property=\"og:description\" content=\"At CIC we recognize talent, offer possibilities for growth, professional development and continuous training to our employees.\" \/>\n<meta property=\"og:url\" content=\"https:\/\/www.cic.es\/en\/come-and-work-with-us\/\" \/>\n<meta property=\"og:site_name\" content=\"CIC Consulting Inform\u00e1tico\" \/>\n<meta property=\"article:publisher\" content=\"https:\/\/www.facebook.com\/CIC.Consulting\/\" \/>\n<meta property=\"article:modified_time\" content=\"2026-03-27T08:08:35+00:00\" \/>\n<meta property=\"og:image\" content=\"https:\/\/www.cic.es\/wp-content\/uploads\/2021\/04\/mapa-cic-opti.png\" \/>\n\t<meta property=\"og:image:width\" content=\"890\" \/>\n\t<meta property=\"og:image:height\" content=\"445\" \/>\n\t<meta property=\"og:image:type\" content=\"image\/png\" \/>\n<meta name=\"twitter:card\" content=\"summary_large_image\" \/>\n<meta name=\"twitter:site\" content=\"@CICactualidad\" \/>\n<meta name=\"twitter:label1\" content=\"Est. reading time\" \/>\n\t<meta name=\"twitter:data1\" content=\"2 minutes\" \/>\n<script type=\"application\/ld+json\" class=\"yoast-schema-graph\">{\"@context\":\"https:\\\/\\\/schema.org\",\"@graph\":[{\"@type\":\"WebPage\",\"@id\":\"https:\\\/\\\/www.cic.es\\\/en\\\/come-and-work-with-us\\\/\",\"url\":\"https:\\\/\\\/www.cic.es\\\/en\\\/come-and-work-with-us\\\/\",\"name\":\"Come and work with us to change the future CIC Consulting Inform\u00e1tico\",\"isPartOf\":{\"@id\":\"https:\\\/\\\/www.cic.es\\\/#website\"},\"primaryImageOfPage\":{\"@id\":\"https:\\\/\\\/www.cic.es\\\/en\\\/come-and-work-with-us\\\/#primaryimage\"},\"image\":{\"@id\":\"https:\\\/\\\/www.cic.es\\\/en\\\/come-and-work-with-us\\\/#primaryimage\"},\"thumbnailUrl\":\"https:\\\/\\\/www.cic.es\\\/wp-content\\\/uploads\\\/2021\\\/04\\\/mapa-cic-opti.png\",\"datePublished\":\"2021-04-23T07:51:08+00:00\",\"dateModified\":\"2026-03-27T08:08:35+00:00\",\"description\":\"At CIC we recognize talent, offer possibilities for growth, professional development and continuous training to our employees.\",\"breadcrumb\":{\"@id\":\"https:\\\/\\\/www.cic.es\\\/en\\\/come-and-work-with-us\\\/#breadcrumb\"},\"inLanguage\":\"en-US\",\"potentialAction\":[{\"@type\":\"ReadAction\",\"target\":[\"https:\\\/\\\/www.cic.es\\\/en\\\/come-and-work-with-us\\\/\"]}]},{\"@type\":\"ImageObject\",\"inLanguage\":\"en-US\",\"@id\":\"https:\\\/\\\/www.cic.es\\\/en\\\/come-and-work-with-us\\\/#primaryimage\",\"url\":\"https:\\\/\\\/www.cic.es\\\/wp-content\\\/uploads\\\/2021\\\/04\\\/mapa-cic-opti.png\",\"contentUrl\":\"https:\\\/\\\/www.cic.es\\\/wp-content\\\/uploads\\\/2021\\\/04\\\/mapa-cic-opti.png\"},{\"@type\":\"BreadcrumbList\",\"@id\":\"https:\\\/\\\/www.cic.es\\\/en\\\/come-and-work-with-us\\\/#breadcrumb\",\"itemListElement\":[{\"@type\":\"ListItem\",\"position\":1,\"name\":\"CIC\",\"item\":\"https:\\\/\\\/www.cic.es\\\/\"},{\"@type\":\"ListItem\",\"position\":2,\"name\":\"Come and work with us to change the future\"}]},{\"@type\":\"WebSite\",\"@id\":\"https:\\\/\\\/www.cic.es\\\/#website\",\"url\":\"https:\\\/\\\/www.cic.es\\\/\",\"name\":\"CIC Consulting Inform\u00e1tico\",\"description\":\"Somos una consultor\u00eda de ingenier\u00eda de desarrollo y proyectos de inform\u00e1tica y comunicaciones\",\"publisher\":{\"@id\":\"https:\\\/\\\/www.cic.es\\\/#organization\"},\"alternateName\":\"CIC Consulting Inform\u00e1tico\",\"potentialAction\":[{\"@type\":\"SearchAction\",\"target\":{\"@type\":\"EntryPoint\",\"urlTemplate\":\"https:\\\/\\\/www.cic.es\\\/?s={search_term_string}\"},\"query-input\":{\"@type\":\"PropertyValueSpecification\",\"valueRequired\":true,\"valueName\":\"search_term_string\"}}],\"inLanguage\":\"en-US\"},{\"@type\":\"Organization\",\"@id\":\"https:\\\/\\\/www.cic.es\\\/#organization\",\"name\":\"CIC Consulting Inform\u00e1tico\",\"alternateName\":\"CIC Consulting Inform\u00e1tico\",\"url\":\"https:\\\/\\\/www.cic.es\\\/\",\"logo\":{\"@type\":\"ImageObject\",\"inLanguage\":\"en-US\",\"@id\":\"https:\\\/\\\/www.cic.es\\\/#\\\/schema\\\/logo\\\/image\\\/\",\"url\":\"https:\\\/\\\/www.cic.es\\\/wp-content\\\/uploads\\\/2018\\\/04\\\/cic_color.png\",\"contentUrl\":\"https:\\\/\\\/www.cic.es\\\/wp-content\\\/uploads\\\/2018\\\/04\\\/cic_color.png\",\"width\":300,\"height\":200,\"caption\":\"CIC Consulting Inform\u00e1tico\"},\"image\":{\"@id\":\"https:\\\/\\\/www.cic.es\\\/#\\\/schema\\\/logo\\\/image\\\/\"},\"sameAs\":[\"https:\\\/\\\/www.facebook.com\\\/CIC.Consulting\\\/\",\"https:\\\/\\\/x.com\\\/CICactualidad\",\"https:\\\/\\\/www.linkedin.com\\\/company\\\/2157627\\\/\",\"https:\\\/\\\/www.pinterest.es\\\/cicconsultinginformatico\\\/\",\"https:\\\/\\\/www.youtube.com\\\/user\\\/webmastercic\"]}]}<\/script>\n<!-- \/ Yoast SEO plugin. -->","yoast_head_json":{"title":"Come and work with us to change the future CIC Consulting Inform\u00e1tico","description":"At CIC we recognize talent, offer possibilities for growth, professional development and continuous training to our employees.","robots":{"index":"index","follow":"follow","max-snippet":"max-snippet:-1","max-image-preview":"max-image-preview:large","max-video-preview":"max-video-preview:-1"},"canonical":"https:\/\/www.cic.es\/en\/come-and-work-with-us\/","og_locale":"en_US","og_type":"article","og_title":"Come and work with us to change the future CIC Consulting Inform\u00e1tico","og_description":"At CIC we recognize talent, offer possibilities for growth, professional development and continuous training to our employees.","og_url":"https:\/\/www.cic.es\/en\/come-and-work-with-us\/","og_site_name":"CIC Consulting Inform\u00e1tico","article_publisher":"https:\/\/www.facebook.com\/CIC.Consulting\/","article_modified_time":"2026-03-27T08:08:35+00:00","og_image":[{"width":890,"height":445,"url":"https:\/\/www.cic.es\/wp-content\/uploads\/2021\/04\/mapa-cic-opti.png","type":"image\/png"}],"twitter_card":"summary_large_image","twitter_site":"@CICactualidad","twitter_misc":{"Est. reading time":"2 minutes"},"schema":{"@context":"https:\/\/schema.org","@graph":[{"@type":"WebPage","@id":"https:\/\/www.cic.es\/en\/come-and-work-with-us\/","url":"https:\/\/www.cic.es\/en\/come-and-work-with-us\/","name":"Come and work with us to change the future CIC Consulting Inform\u00e1tico","isPartOf":{"@id":"https:\/\/www.cic.es\/#website"},"primaryImageOfPage":{"@id":"https:\/\/www.cic.es\/en\/come-and-work-with-us\/#primaryimage"},"image":{"@id":"https:\/\/www.cic.es\/en\/come-and-work-with-us\/#primaryimage"},"thumbnailUrl":"https:\/\/www.cic.es\/wp-content\/uploads\/2021\/04\/mapa-cic-opti.png","datePublished":"2021-04-23T07:51:08+00:00","dateModified":"2026-03-27T08:08:35+00:00","description":"At CIC we recognize talent, offer possibilities for growth, professional development and continuous training to our employees.","breadcrumb":{"@id":"https:\/\/www.cic.es\/en\/come-and-work-with-us\/#breadcrumb"},"inLanguage":"en-US","potentialAction":[{"@type":"ReadAction","target":["https:\/\/www.cic.es\/en\/come-and-work-with-us\/"]}]},{"@type":"ImageObject","inLanguage":"en-US","@id":"https:\/\/www.cic.es\/en\/come-and-work-with-us\/#primaryimage","url":"https:\/\/www.cic.es\/wp-content\/uploads\/2021\/04\/mapa-cic-opti.png","contentUrl":"https:\/\/www.cic.es\/wp-content\/uploads\/2021\/04\/mapa-cic-opti.png"},{"@type":"BreadcrumbList","@id":"https:\/\/www.cic.es\/en\/come-and-work-with-us\/#breadcrumb","itemListElement":[{"@type":"ListItem","position":1,"name":"CIC","item":"https:\/\/www.cic.es\/"},{"@type":"ListItem","position":2,"name":"Come and work with us to change the future"}]},{"@type":"WebSite","@id":"https:\/\/www.cic.es\/#website","url":"https:\/\/www.cic.es\/","name":"CIC Consulting Inform\u00e1tico","description":"Somos una consultor\u00eda de ingenier\u00eda de desarrollo y proyectos de inform\u00e1tica y comunicaciones","publisher":{"@id":"https:\/\/www.cic.es\/#organization"},"alternateName":"CIC Consulting Inform\u00e1tico","potentialAction":[{"@type":"SearchAction","target":{"@type":"EntryPoint","urlTemplate":"https:\/\/www.cic.es\/?s={search_term_string}"},"query-input":{"@type":"PropertyValueSpecification","valueRequired":true,"valueName":"search_term_string"}}],"inLanguage":"en-US"},{"@type":"Organization","@id":"https:\/\/www.cic.es\/#organization","name":"CIC Consulting Inform\u00e1tico","alternateName":"CIC Consulting Inform\u00e1tico","url":"https:\/\/www.cic.es\/","logo":{"@type":"ImageObject","inLanguage":"en-US","@id":"https:\/\/www.cic.es\/#\/schema\/logo\/image\/","url":"https:\/\/www.cic.es\/wp-content\/uploads\/2018\/04\/cic_color.png","contentUrl":"https:\/\/www.cic.es\/wp-content\/uploads\/2018\/04\/cic_color.png","width":300,"height":200,"caption":"CIC Consulting Inform\u00e1tico"},"image":{"@id":"https:\/\/www.cic.es\/#\/schema\/logo\/image\/"},"sameAs":["https:\/\/www.facebook.com\/CIC.Consulting\/","https:\/\/x.com\/CICactualidad","https:\/\/www.linkedin.com\/company\/2157627\/","https:\/\/www.pinterest.es\/cicconsultinginformatico\/","https:\/\/www.youtube.com\/user\/webmastercic"]}]}},"_links":{"self":[{"href":"https:\/\/www.cic.es\/en\/wp-json\/wp\/v2\/pages\/9498","targetHints":{"allow":["GET"]}}],"collection":[{"href":"https:\/\/www.cic.es\/en\/wp-json\/wp\/v2\/pages"}],"about":[{"href":"https:\/\/www.cic.es\/en\/wp-json\/wp\/v2\/types\/page"}],"author":[{"embeddable":true,"href":"https:\/\/www.cic.es\/en\/wp-json\/wp\/v2\/users\/1"}],"replies":[{"embeddable":true,"href":"https:\/\/www.cic.es\/en\/wp-json\/wp\/v2\/comments?post=9498"}],"version-history":[{"count":33,"href":"https:\/\/www.cic.es\/en\/wp-json\/wp\/v2\/pages\/9498\/revisions"}],"predecessor-version":[{"id":26698,"href":"https:\/\/www.cic.es\/en\/wp-json\/wp\/v2\/pages\/9498\/revisions\/26698"}],"wp:attachment":[{"href":"https:\/\/www.cic.es\/en\/wp-json\/wp\/v2\/media?parent=9498"}],"curies":[{"name":"wp","href":"https:\/\/api.w.org\/{rel}","templated":true}]}}