{"id":9118,"date":"2021-04-07T11:26:30","date_gmt":"2021-04-07T10:26:30","guid":{"rendered":"https:\/\/www.cic.es\/?page_id=9118"},"modified":"2021-07-30T11:25:54","modified_gmt":"2021-07-30T10:25:54","slug":"renewable-energy","status":"publish","type":"page","link":"https:\/\/www.cic.es\/en\/energy-and-utilities\/renewable-energy\/","title":{"rendered":"Renewable energy"},"content":{"rendered":"\n<p>Digital Transformation of renewable energy industry advances thanks to <strong>Innovation and integration of new emerging technologies<\/strong>, such as Big Data, Internet of Things (IoT), Artificial Intelligence (AI), Intelligent Sensorization and Data capture, or Blockchain.<\/p>\n\n\n\n<p>Energy companies have the challenge of adapting to advances, transforming their energy sources into <strong>renewable and clean sources.<\/strong><\/p>\n\n\n\n<p>CIC has the <strong>experience and technological knowledge necessary to develop new tools and functionalities<\/strong> for <a href=\"https:\/\/www.cic.es\/idbox-rt\/\" target=\"_blank\" rel=\"noreferrer noopener\">massive data processing<\/a>, in order to become it in a useful and strategic information, adding value to companies and helping the energy transformation in a renewable and efficient way.<\/p>\n\n\n\n<h2 class=\"wp-block-heading\"><strong>CIC technologies in renewable energy<\/strong><\/h2>\n\n\n\n<p>CIC solutions for renewable energy industry, include <strong>asset management<\/strong> tools such as wind farms real-time monitoring, operational intelligence tools and integration with control centres.<\/p>\n\n\n\n<p>We integrate data from <strong>different sources<\/strong>, such as data collected from the <strong>electrical network, meteorological services, SCADAs and KPIs&nbsp;IDbox<sub>RT.<\/sub><\/strong><\/p>\n\n\n\n<p><strong>Once finished data integration and processing, we make data analysis and configure Key Performance Indicators (KPIs)<\/strong>, including indicators implementation based on algorithms origin on services engineering, development editors and calculation engines of new indicators (BPM) and the development of KPIs for Energy Efficiency, performance and productivity.<\/p>\n\n\n\n<h2 class=\"wp-block-heading\"><strong>Monitoring Tools for Renewable Energy<\/strong><\/h2>\n\n\n\n<p>Through data integration and analysis, we define <strong>real time wind turbine indicators in the farm<\/strong>, perform availability and status <strong>statistics<\/strong>, and develop <strong>custom designs<\/strong> for each wind farm.<\/p>\n\n\n\n<p><strong>State editors<\/strong> in CIC tools, allow gaining visualization and full updating of turbine states.<\/p>\n\n\n\n<p><strong>Power curves<\/strong> allow to do calculations of wind turbine power curve, comparisons and customizable parameterized filtering for each user, wind rose and detect deviation analysis.<\/p>\n\n\n\n<h2 class=\"wp-block-heading\">Sin\u00f3pticos de Business Intelligence (BI)<\/h2>\n\n\n\n<p>Thanks to <a href=\"https:\/\/www.cic.es\/inteligencia-de-negocio\/\" target=\"_blank\" rel=\"noreferrer noopener\">Business Intelligence<\/a>, CIC is able to provide custom and editable <strong>graphs for production and income<\/strong> for each user, determine <strong>cost, productivity and availability indicators<\/strong>, and design <strong>dashboards<\/strong> and Synopticswith all the accessible information visible on a single screen.<\/p>\n\n\n\n<h2 class=\"wp-block-heading\">Benefits of CIC solutions for Renewable Energy Industry<\/h2>\n\n\n\n<p>CIC solutions help companies in the renewable energy sector, to <strong>reduce operating costs and improving the quality of the services<\/strong> offered, facilitating the <a href=\"https:\/\/www.cic.es\/infraestructuras\/\" target=\"_blank\" rel=\"noreferrer noopener\">infrastructures<\/a> connectivity, <a href=\"https:\/\/www.cic.es\/idbox-rt\/\" target=\"_blank\" rel=\"noreferrer noopener\">monitoring, auditing and evaluation of energy consumption.<\/a><\/p>\n\n\n\n<p>Using <strong>analysis of data<\/strong> from the weather, temperature, humidity, wind speed and direction\u2026, for example, renewable energy forecasts will be more accurate and efficient.<\/p>\n\n\n\n<p>Data analysis allows <strong>predictions of renewable energy production based on meteorological data<\/strong>. These predictions allow energy companies to make more precise generation and planning offers, ensuring coverage of demand and guaranteeing system stability.<\/p>\n\n\n\n<p>Renewable energies are a more difficult resource to manage than traditional ones, but using <strong>predictive technologies<\/strong> it makes them gain a more important place.<\/p>\n","protected":false},"excerpt":{"rendered":"<p>Digital Transformation of renewable energy industry advances thanks to Innovation and integration of new emerging technologies, such as Big Data, Internet of Things (IoT), Artificial Intelligence (AI), Intelligent Sensorization and Data capture, or Blockchain. Energy companies have the challenge of adapting to advances, transforming their energy sources into renewable and&#8230;<\/p>\n","protected":false},"author":1,"featured_media":7341,"parent":4263,"menu_order":1,"comment_status":"closed","ping_status":"closed","template":"page-templates\/page-sectores.php","meta":{"_acf_changed":false,"footnotes":""},"class_list":["post-9118","page","type-page","status-publish","has-post-thumbnail","hentry"],"acf":[],"yoast_head":"<!-- This site is optimized with the Yoast SEO plugin v27.4 - https:\/\/yoast.com\/product\/yoast-seo-wordpress\/ -->\n<title>Renewable energy CIC Consulting Inform\u00e1tico<\/title>\n<meta name=\"robots\" content=\"index, follow, max-snippet:-1, max-image-preview:large, max-video-preview:-1\" \/>\n<link rel=\"canonical\" href=\"https:\/\/www.cic.es\/en\/energy-and-utilities\/renewable-energy\/\" \/>\n<meta property=\"og:locale\" content=\"en_US\" \/>\n<meta property=\"og:type\" content=\"article\" \/>\n<meta property=\"og:title\" content=\"Renewable energy CIC Consulting Inform\u00e1tico\" \/>\n<meta property=\"og:description\" content=\"Digital Transformation of renewable energy industry advances thanks to Innovation and integration of new emerging technologies, such as Big Data, Internet of Things (IoT), Artificial Intelligence (AI), Intelligent Sensorization and Data capture, or Blockchain. Energy companies have the challenge of adapting to advances, transforming their energy sources into renewable and...\" \/>\n<meta property=\"og:url\" content=\"https:\/\/www.cic.es\/en\/energy-and-utilities\/renewable-energy\/\" \/>\n<meta property=\"og:site_name\" content=\"CIC Consulting Inform\u00e1tico\" \/>\n<meta property=\"article:publisher\" content=\"https:\/\/www.facebook.com\/CIC.Consulting\/\" \/>\n<meta property=\"article:modified_time\" content=\"2021-07-30T10:25:54+00:00\" \/>\n<meta property=\"og:image\" content=\"https:\/\/www.cic.es\/wp-content\/uploads\/2020\/06\/energia-renovable.jpg\" \/>\n\t<meta property=\"og:image:width\" content=\"1413\" \/>\n\t<meta property=\"og:image:height\" content=\"742\" \/>\n\t<meta property=\"og:image:type\" content=\"image\/jpeg\" \/>\n<meta name=\"twitter:card\" content=\"summary_large_image\" \/>\n<meta name=\"twitter:site\" content=\"@CICactualidad\" \/>\n<meta name=\"twitter:label1\" content=\"Est. reading time\" \/>\n\t<meta name=\"twitter:data1\" content=\"2 minutes\" \/>\n<script type=\"application\/ld+json\" class=\"yoast-schema-graph\">{\"@context\":\"https:\\\/\\\/schema.org\",\"@graph\":[{\"@type\":\"WebPage\",\"@id\":\"https:\\\/\\\/www.cic.es\\\/en\\\/energy-and-utilities\\\/renewable-energy\\\/\",\"url\":\"https:\\\/\\\/www.cic.es\\\/en\\\/energy-and-utilities\\\/renewable-energy\\\/\",\"name\":\"Renewable energy CIC Consulting Inform\u00e1tico\",\"isPartOf\":{\"@id\":\"https:\\\/\\\/www.cic.es\\\/#website\"},\"primaryImageOfPage\":{\"@id\":\"https:\\\/\\\/www.cic.es\\\/en\\\/energy-and-utilities\\\/renewable-energy\\\/#primaryimage\"},\"image\":{\"@id\":\"https:\\\/\\\/www.cic.es\\\/en\\\/energy-and-utilities\\\/renewable-energy\\\/#primaryimage\"},\"thumbnailUrl\":\"https:\\\/\\\/www.cic.es\\\/wp-content\\\/uploads\\\/2020\\\/06\\\/energia-renovable.jpg\",\"datePublished\":\"2021-04-07T10:26:30+00:00\",\"dateModified\":\"2021-07-30T10:25:54+00:00\",\"breadcrumb\":{\"@id\":\"https:\\\/\\\/www.cic.es\\\/en\\\/energy-and-utilities\\\/renewable-energy\\\/#breadcrumb\"},\"inLanguage\":\"en-US\",\"potentialAction\":[{\"@type\":\"ReadAction\",\"target\":[\"https:\\\/\\\/www.cic.es\\\/en\\\/energy-and-utilities\\\/renewable-energy\\\/\"]}]},{\"@type\":\"ImageObject\",\"inLanguage\":\"en-US\",\"@id\":\"https:\\\/\\\/www.cic.es\\\/en\\\/energy-and-utilities\\\/renewable-energy\\\/#primaryimage\",\"url\":\"https:\\\/\\\/www.cic.es\\\/wp-content\\\/uploads\\\/2020\\\/06\\\/energia-renovable.jpg\",\"contentUrl\":\"https:\\\/\\\/www.cic.es\\\/wp-content\\\/uploads\\\/2020\\\/06\\\/energia-renovable.jpg\",\"width\":1413,\"height\":742},{\"@type\":\"BreadcrumbList\",\"@id\":\"https:\\\/\\\/www.cic.es\\\/en\\\/energy-and-utilities\\\/renewable-energy\\\/#breadcrumb\",\"itemListElement\":[{\"@type\":\"ListItem\",\"position\":1,\"name\":\"CIC\",\"item\":\"https:\\\/\\\/www.cic.es\\\/\"},{\"@type\":\"ListItem\",\"position\":2,\"name\":\"Energy and utilities\",\"item\":\"https:\\\/\\\/www.cic.es\\\/en\\\/energy-and-utilities\\\/\"},{\"@type\":\"ListItem\",\"position\":3,\"name\":\"Renewable energy\"}]},{\"@type\":\"WebSite\",\"@id\":\"https:\\\/\\\/www.cic.es\\\/#website\",\"url\":\"https:\\\/\\\/www.cic.es\\\/\",\"name\":\"CIC Consulting Inform\u00e1tico\",\"description\":\"Somos una consultor\u00eda de ingenier\u00eda de desarrollo y proyectos de inform\u00e1tica y comunicaciones\",\"publisher\":{\"@id\":\"https:\\\/\\\/www.cic.es\\\/#organization\"},\"alternateName\":\"CIC Consulting Inform\u00e1tico\",\"potentialAction\":[{\"@type\":\"SearchAction\",\"target\":{\"@type\":\"EntryPoint\",\"urlTemplate\":\"https:\\\/\\\/www.cic.es\\\/?s={search_term_string}\"},\"query-input\":{\"@type\":\"PropertyValueSpecification\",\"valueRequired\":true,\"valueName\":\"search_term_string\"}}],\"inLanguage\":\"en-US\"},{\"@type\":\"Organization\",\"@id\":\"https:\\\/\\\/www.cic.es\\\/#organization\",\"name\":\"CIC Consulting Inform\u00e1tico\",\"alternateName\":\"CIC Consulting Inform\u00e1tico\",\"url\":\"https:\\\/\\\/www.cic.es\\\/\",\"logo\":{\"@type\":\"ImageObject\",\"inLanguage\":\"en-US\",\"@id\":\"https:\\\/\\\/www.cic.es\\\/#\\\/schema\\\/logo\\\/image\\\/\",\"url\":\"https:\\\/\\\/www.cic.es\\\/wp-content\\\/uploads\\\/2018\\\/04\\\/cic_color.png\",\"contentUrl\":\"https:\\\/\\\/www.cic.es\\\/wp-content\\\/uploads\\\/2018\\\/04\\\/cic_color.png\",\"width\":300,\"height\":200,\"caption\":\"CIC Consulting Inform\u00e1tico\"},\"image\":{\"@id\":\"https:\\\/\\\/www.cic.es\\\/#\\\/schema\\\/logo\\\/image\\\/\"},\"sameAs\":[\"https:\\\/\\\/www.facebook.com\\\/CIC.Consulting\\\/\",\"https:\\\/\\\/x.com\\\/CICactualidad\",\"https:\\\/\\\/www.linkedin.com\\\/company\\\/2157627\\\/\",\"https:\\\/\\\/www.pinterest.es\\\/cicconsultinginformatico\\\/\",\"https:\\\/\\\/www.youtube.com\\\/user\\\/webmastercic\"]}]}<\/script>\n<!-- \/ Yoast SEO plugin. -->","yoast_head_json":{"title":"Renewable energy CIC Consulting Inform\u00e1tico","robots":{"index":"index","follow":"follow","max-snippet":"max-snippet:-1","max-image-preview":"max-image-preview:large","max-video-preview":"max-video-preview:-1"},"canonical":"https:\/\/www.cic.es\/en\/energy-and-utilities\/renewable-energy\/","og_locale":"en_US","og_type":"article","og_title":"Renewable energy CIC Consulting Inform\u00e1tico","og_description":"Digital Transformation of renewable energy industry advances thanks to Innovation and integration of new emerging technologies, such as Big Data, Internet of Things (IoT), Artificial Intelligence (AI), Intelligent Sensorization and Data capture, or Blockchain. Energy companies have the challenge of adapting to advances, transforming their energy sources into renewable and...","og_url":"https:\/\/www.cic.es\/en\/energy-and-utilities\/renewable-energy\/","og_site_name":"CIC Consulting Inform\u00e1tico","article_publisher":"https:\/\/www.facebook.com\/CIC.Consulting\/","article_modified_time":"2021-07-30T10:25:54+00:00","og_image":[{"width":1413,"height":742,"url":"https:\/\/www.cic.es\/wp-content\/uploads\/2020\/06\/energia-renovable.jpg","type":"image\/jpeg"}],"twitter_card":"summary_large_image","twitter_site":"@CICactualidad","twitter_misc":{"Est. reading time":"2 minutes"},"schema":{"@context":"https:\/\/schema.org","@graph":[{"@type":"WebPage","@id":"https:\/\/www.cic.es\/en\/energy-and-utilities\/renewable-energy\/","url":"https:\/\/www.cic.es\/en\/energy-and-utilities\/renewable-energy\/","name":"Renewable energy CIC Consulting Inform\u00e1tico","isPartOf":{"@id":"https:\/\/www.cic.es\/#website"},"primaryImageOfPage":{"@id":"https:\/\/www.cic.es\/en\/energy-and-utilities\/renewable-energy\/#primaryimage"},"image":{"@id":"https:\/\/www.cic.es\/en\/energy-and-utilities\/renewable-energy\/#primaryimage"},"thumbnailUrl":"https:\/\/www.cic.es\/wp-content\/uploads\/2020\/06\/energia-renovable.jpg","datePublished":"2021-04-07T10:26:30+00:00","dateModified":"2021-07-30T10:25:54+00:00","breadcrumb":{"@id":"https:\/\/www.cic.es\/en\/energy-and-utilities\/renewable-energy\/#breadcrumb"},"inLanguage":"en-US","potentialAction":[{"@type":"ReadAction","target":["https:\/\/www.cic.es\/en\/energy-and-utilities\/renewable-energy\/"]}]},{"@type":"ImageObject","inLanguage":"en-US","@id":"https:\/\/www.cic.es\/en\/energy-and-utilities\/renewable-energy\/#primaryimage","url":"https:\/\/www.cic.es\/wp-content\/uploads\/2020\/06\/energia-renovable.jpg","contentUrl":"https:\/\/www.cic.es\/wp-content\/uploads\/2020\/06\/energia-renovable.jpg","width":1413,"height":742},{"@type":"BreadcrumbList","@id":"https:\/\/www.cic.es\/en\/energy-and-utilities\/renewable-energy\/#breadcrumb","itemListElement":[{"@type":"ListItem","position":1,"name":"CIC","item":"https:\/\/www.cic.es\/"},{"@type":"ListItem","position":2,"name":"Energy and utilities","item":"https:\/\/www.cic.es\/en\/energy-and-utilities\/"},{"@type":"ListItem","position":3,"name":"Renewable energy"}]},{"@type":"WebSite","@id":"https:\/\/www.cic.es\/#website","url":"https:\/\/www.cic.es\/","name":"CIC Consulting Inform\u00e1tico","description":"Somos una consultor\u00eda de ingenier\u00eda de desarrollo y proyectos de inform\u00e1tica y comunicaciones","publisher":{"@id":"https:\/\/www.cic.es\/#organization"},"alternateName":"CIC Consulting Inform\u00e1tico","potentialAction":[{"@type":"SearchAction","target":{"@type":"EntryPoint","urlTemplate":"https:\/\/www.cic.es\/?s={search_term_string}"},"query-input":{"@type":"PropertyValueSpecification","valueRequired":true,"valueName":"search_term_string"}}],"inLanguage":"en-US"},{"@type":"Organization","@id":"https:\/\/www.cic.es\/#organization","name":"CIC Consulting Inform\u00e1tico","alternateName":"CIC Consulting Inform\u00e1tico","url":"https:\/\/www.cic.es\/","logo":{"@type":"ImageObject","inLanguage":"en-US","@id":"https:\/\/www.cic.es\/#\/schema\/logo\/image\/","url":"https:\/\/www.cic.es\/wp-content\/uploads\/2018\/04\/cic_color.png","contentUrl":"https:\/\/www.cic.es\/wp-content\/uploads\/2018\/04\/cic_color.png","width":300,"height":200,"caption":"CIC Consulting Inform\u00e1tico"},"image":{"@id":"https:\/\/www.cic.es\/#\/schema\/logo\/image\/"},"sameAs":["https:\/\/www.facebook.com\/CIC.Consulting\/","https:\/\/x.com\/CICactualidad","https:\/\/www.linkedin.com\/company\/2157627\/","https:\/\/www.pinterest.es\/cicconsultinginformatico\/","https:\/\/www.youtube.com\/user\/webmastercic"]}]}},"_links":{"self":[{"href":"https:\/\/www.cic.es\/en\/wp-json\/wp\/v2\/pages\/9118","targetHints":{"allow":["GET"]}}],"collection":[{"href":"https:\/\/www.cic.es\/en\/wp-json\/wp\/v2\/pages"}],"about":[{"href":"https:\/\/www.cic.es\/en\/wp-json\/wp\/v2\/types\/page"}],"author":[{"embeddable":true,"href":"https:\/\/www.cic.es\/en\/wp-json\/wp\/v2\/users\/1"}],"replies":[{"embeddable":true,"href":"https:\/\/www.cic.es\/en\/wp-json\/wp\/v2\/comments?post=9118"}],"version-history":[{"count":4,"href":"https:\/\/www.cic.es\/en\/wp-json\/wp\/v2\/pages\/9118\/revisions"}],"predecessor-version":[{"id":10055,"href":"https:\/\/www.cic.es\/en\/wp-json\/wp\/v2\/pages\/9118\/revisions\/10055"}],"up":[{"embeddable":true,"href":"https:\/\/www.cic.es\/en\/wp-json\/wp\/v2\/pages\/4263"}],"wp:featuredmedia":[{"embeddable":true,"href":"https:\/\/www.cic.es\/en\/wp-json\/wp\/v2\/media\/7341"}],"wp:attachment":[{"href":"https:\/\/www.cic.es\/en\/wp-json\/wp\/v2\/media?parent=9118"}],"curies":[{"name":"wp","href":"https:\/\/api.w.org\/{rel}","templated":true}]}}