{"id":6602,"date":"2020-02-03T10:55:36","date_gmt":"2020-02-03T09:55:36","guid":{"rendered":"https:\/\/www.cic.es\/energy-and-utilities\/energia-electrica\/"},"modified":"2021-07-30T11:23:40","modified_gmt":"2021-07-30T10:23:40","slug":"energia-electrica","status":"publish","type":"page","link":"https:\/\/www.cic.es\/en\/energy-and-utilities\/energia-electrica\/","title":{"rendered":"Electric power"},"content":{"rendered":"\n<h2 class=\"wp-block-heading\" id=\"block-f8d07982-aa21-423f-843d-ee9cb492e6a3\"><strong>At CIC we have over 30 years of experience developing software solutions and services for the Electric System. All of them have been designed to help energy companies to improve processes across their value chain, from producers to distribution and retail suppliers<\/strong><\/h2>\n\n\n\n<p id=\"block-1474792e-35b6-4b34-a7af-f11b4c416416\">We provide the wide Know-How acquired during these years of work and collaboration with main companies in this sector, which has allowed us to build several expert teams in key business processes for <strong>managing electrical measurement, assets, supplies and investments, as well as the entire revenue cycle of companies.<\/strong><\/p>\n\n\n\n<p id=\"block-69f59533-e330-4e74-b961-f81ee6bd8a06\">Our experience in<strong> software development for electrical utilities<\/strong>, make us knowers that this sector is in constant transformation. For this reason, our technology is evolving day to day with the aim of providing services and solutions adapted to the needs of each moment.<\/p>\n\n\n\n<p id=\"block-1973ad6c-7541-4973-bf7d-a6d73125d302\">Our customers include world leading power utility brands including <strong>Productors, Distributors, and retail suppliers at a national and international level.<\/strong><\/p>\n\n\n\n<h2 class=\"wp-block-heading\" id=\"block-63561940-b07f-44bb-9aae-5e326d97e87d\"><strong>Software Development for the Electrical System throughout its value chain: Production, Distribution and Supply<\/strong><\/h2>\n\n\n\n<h3 class=\"wp-block-heading\" id=\"block-aaa7ed72-f521-4064-9f09-a66a94cb1712\"><strong>Production<\/strong><\/h3>\n\n\n\n<p id=\"block-e02ec2da-16b5-4186-8d1e-0ec497837106\">The digital transformation of processes in energy generation companies is a fundamental step for the optimization, automation, and service guarantee of operational processes. This transformation has an impact on improving competitiveness and service, offering a series of opportunities for companies in the sector to minimize risks and achieve greater profitability.<\/p>\n\n\n\n<p id=\"block-9f7757b8-d0c3-4d73-b613-bc3ab39ba225\">We have developed a range <strong>solutions for the Electrical System<\/strong> such as a <strong>job manager and authorizations<\/strong>, a <strong>tool for fleet risk management<\/strong>, or <strong>real-time monitoring of the entire nuclear power plant park in Spain<\/strong>, using <a href=\"https:\/\/www.cic.es\/idbox-rt\/\" target=\"_blank\" rel=\"noreferrer noopener\">IDboxRT<\/a>.<\/p>\n\n\n\n<h3 class=\"wp-block-heading\" id=\"block-2e2df618-5c6e-4090-a66f-7890d6ddedc0\"><strong>Distribution<\/strong><\/h3>\n\n\n\n<p id=\"block-bdb01ec4-9376-4fc3-a2c6-5fd3d5bebc38\">In an environment such as electrical distribution, in continuous evolution with constant regulatory changes and pressure to improve profitability, It is essential to intensify into the digital transformation, now supported by Industry 4.0 initiatives.<\/p>\n\n\n\n<p id=\"block-06df6f95-c7eb-4b89-b5d0-01be8d3549c4\">The <strong>application of BIM models<\/strong> during the entire life cycle of the assets, the <strong>integration of multi-vendor and multi-technology systems using abstraction platforms<\/strong>, the <strong>advances of connected worker<\/strong> technologies or field services, as well as the<strong> improvement in the customer service<\/strong> are a clear example of the variety of possibilities available for the optimization of processes in the field of electrical distribution.<\/p>\n\n\n\n<p id=\"block-72fde98c-6fda-4c7d-9cee-81a524c6c885\">CIC also have worked with several companies in this sector adapting y building solutions to <strong>comply with regulatory obligations, integration of SAP solutions within the existing systems map<\/strong>, or the <strong>management of electrical measurements including remote or local capture<\/strong>, to the <strong>availability of the biller<\/strong> as some examples of our capacity in software development for Electrical Power Sector.<\/p>\n\n\n\n<p id=\"block-a4dccd22-ae64-428b-ab74-ded2ff1f1b16\">Progress of Smart Grid and Smart Metering, and in general, the digitalization of the smart distribution network, allow us operational improvements that translate into a <strong>greater automation, integration, better efficiency and an improvement in the quality of electricity supply.<\/strong><\/p>\n\n\n\n<p id=\"block-29b7bbb4-6d55-4515-8544-bebf96426617\">We are able to discover and <strong>predict network problems<\/strong>, <strong>locate them accurately, remotely measure the hourly electrical consumption by electrical meter<\/strong>, thanks to the information collected from <strong>smart meters.<\/strong><\/p>\n\n\n\n<h3 class=\"wp-block-heading\" id=\"block-fcbed895-a161-45db-abba-423d3efc4463\"><strong>Supply<\/strong><\/h3>\n\n\n\n<p id=\"block-dabfe317-6728-40a4-8b8f-732aa2f8bac7\">The <strong>management of retail supply and customer service<\/strong> have the particularity of direct exposure to the end customer and forces companies to deepen in the cyber-security assurance, the use of smartphones, the efficient use of social networks and migration to cloud services.<\/p>\n","protected":false},"excerpt":{"rendered":"<p>At CIC we have over 30 years of experience developing software solutions and services for the Electric System. All of them have been designed to help energy companies to improve processes across their value chain, from producers to distribution and retail suppliers We provide the wide Know-How acquired during these&#8230;<\/p>\n","protected":false},"author":1,"featured_media":6600,"parent":4263,"menu_order":2,"comment_status":"closed","ping_status":"closed","template":"page-templates\/page-sectores.php","meta":{"_acf_changed":false,"footnotes":""},"class_list":["post-6602","page","type-page","status-publish","has-post-thumbnail","hentry"],"acf":[],"yoast_head":"<!-- This site is optimized with the Yoast SEO plugin v27.4 - https:\/\/yoast.com\/product\/yoast-seo-wordpress\/ -->\n<title>Electric power CIC Consulting Inform\u00e1tico<\/title>\n<meta name=\"robots\" content=\"index, follow, max-snippet:-1, max-image-preview:large, max-video-preview:-1\" \/>\n<link rel=\"canonical\" href=\"https:\/\/www.cic.es\/en\/energy-and-utilities\/energia-electrica\/\" \/>\n<meta property=\"og:locale\" content=\"en_US\" \/>\n<meta property=\"og:type\" content=\"article\" \/>\n<meta property=\"og:title\" content=\"Electric power CIC Consulting Inform\u00e1tico\" \/>\n<meta property=\"og:description\" content=\"At CIC we have over 30 years of experience developing software solutions and services for the Electric System. All of them have been designed to help energy companies to improve processes across their value chain, from producers to distribution and retail suppliers We provide the wide Know-How acquired during these...\" \/>\n<meta property=\"og:url\" content=\"https:\/\/www.cic.es\/en\/energy-and-utilities\/energia-electrica\/\" \/>\n<meta property=\"og:site_name\" content=\"CIC Consulting Inform\u00e1tico\" \/>\n<meta property=\"article:publisher\" content=\"https:\/\/www.facebook.com\/CIC.Consulting\/\" \/>\n<meta property=\"article:modified_time\" content=\"2021-07-30T10:23:40+00:00\" \/>\n<meta property=\"og:image\" content=\"https:\/\/www.cic.es\/wp-content\/uploads\/2020\/02\/energia-electrica.jpg\" \/>\n\t<meta property=\"og:image:width\" content=\"1254\" \/>\n\t<meta property=\"og:image:height\" content=\"836\" \/>\n\t<meta property=\"og:image:type\" content=\"image\/jpeg\" \/>\n<meta name=\"twitter:card\" content=\"summary_large_image\" \/>\n<meta name=\"twitter:site\" content=\"@CICactualidad\" \/>\n<meta name=\"twitter:label1\" content=\"Est. reading time\" \/>\n\t<meta name=\"twitter:data1\" content=\"3 minutes\" \/>\n<script type=\"application\/ld+json\" class=\"yoast-schema-graph\">{\"@context\":\"https:\\\/\\\/schema.org\",\"@graph\":[{\"@type\":\"WebPage\",\"@id\":\"https:\\\/\\\/www.cic.es\\\/en\\\/energy-and-utilities\\\/energia-electrica\\\/\",\"url\":\"https:\\\/\\\/www.cic.es\\\/en\\\/energy-and-utilities\\\/energia-electrica\\\/\",\"name\":\"Electric power CIC Consulting Inform\u00e1tico\",\"isPartOf\":{\"@id\":\"https:\\\/\\\/www.cic.es\\\/#website\"},\"primaryImageOfPage\":{\"@id\":\"https:\\\/\\\/www.cic.es\\\/en\\\/energy-and-utilities\\\/energia-electrica\\\/#primaryimage\"},\"image\":{\"@id\":\"https:\\\/\\\/www.cic.es\\\/en\\\/energy-and-utilities\\\/energia-electrica\\\/#primaryimage\"},\"thumbnailUrl\":\"https:\\\/\\\/www.cic.es\\\/wp-content\\\/uploads\\\/2020\\\/02\\\/energia-electrica.jpg\",\"datePublished\":\"2020-02-03T09:55:36+00:00\",\"dateModified\":\"2021-07-30T10:23:40+00:00\",\"breadcrumb\":{\"@id\":\"https:\\\/\\\/www.cic.es\\\/en\\\/energy-and-utilities\\\/energia-electrica\\\/#breadcrumb\"},\"inLanguage\":\"en-US\",\"potentialAction\":[{\"@type\":\"ReadAction\",\"target\":[\"https:\\\/\\\/www.cic.es\\\/en\\\/energy-and-utilities\\\/energia-electrica\\\/\"]}]},{\"@type\":\"ImageObject\",\"inLanguage\":\"en-US\",\"@id\":\"https:\\\/\\\/www.cic.es\\\/en\\\/energy-and-utilities\\\/energia-electrica\\\/#primaryimage\",\"url\":\"https:\\\/\\\/www.cic.es\\\/wp-content\\\/uploads\\\/2020\\\/02\\\/energia-electrica.jpg\",\"contentUrl\":\"https:\\\/\\\/www.cic.es\\\/wp-content\\\/uploads\\\/2020\\\/02\\\/energia-electrica.jpg\",\"width\":1254,\"height\":836},{\"@type\":\"BreadcrumbList\",\"@id\":\"https:\\\/\\\/www.cic.es\\\/en\\\/energy-and-utilities\\\/energia-electrica\\\/#breadcrumb\",\"itemListElement\":[{\"@type\":\"ListItem\",\"position\":1,\"name\":\"CIC\",\"item\":\"https:\\\/\\\/www.cic.es\\\/\"},{\"@type\":\"ListItem\",\"position\":2,\"name\":\"Energy and utilities\",\"item\":\"https:\\\/\\\/www.cic.es\\\/en\\\/energy-and-utilities\\\/\"},{\"@type\":\"ListItem\",\"position\":3,\"name\":\"Electric power\"}]},{\"@type\":\"WebSite\",\"@id\":\"https:\\\/\\\/www.cic.es\\\/#website\",\"url\":\"https:\\\/\\\/www.cic.es\\\/\",\"name\":\"CIC Consulting Inform\u00e1tico\",\"description\":\"Somos una consultor\u00eda de ingenier\u00eda de desarrollo y proyectos de inform\u00e1tica y comunicaciones\",\"publisher\":{\"@id\":\"https:\\\/\\\/www.cic.es\\\/#organization\"},\"alternateName\":\"CIC Consulting Inform\u00e1tico\",\"potentialAction\":[{\"@type\":\"SearchAction\",\"target\":{\"@type\":\"EntryPoint\",\"urlTemplate\":\"https:\\\/\\\/www.cic.es\\\/?s={search_term_string}\"},\"query-input\":{\"@type\":\"PropertyValueSpecification\",\"valueRequired\":true,\"valueName\":\"search_term_string\"}}],\"inLanguage\":\"en-US\"},{\"@type\":\"Organization\",\"@id\":\"https:\\\/\\\/www.cic.es\\\/#organization\",\"name\":\"CIC Consulting Inform\u00e1tico\",\"alternateName\":\"CIC Consulting Inform\u00e1tico\",\"url\":\"https:\\\/\\\/www.cic.es\\\/\",\"logo\":{\"@type\":\"ImageObject\",\"inLanguage\":\"en-US\",\"@id\":\"https:\\\/\\\/www.cic.es\\\/#\\\/schema\\\/logo\\\/image\\\/\",\"url\":\"https:\\\/\\\/www.cic.es\\\/wp-content\\\/uploads\\\/2018\\\/04\\\/cic_color.png\",\"contentUrl\":\"https:\\\/\\\/www.cic.es\\\/wp-content\\\/uploads\\\/2018\\\/04\\\/cic_color.png\",\"width\":300,\"height\":200,\"caption\":\"CIC Consulting Inform\u00e1tico\"},\"image\":{\"@id\":\"https:\\\/\\\/www.cic.es\\\/#\\\/schema\\\/logo\\\/image\\\/\"},\"sameAs\":[\"https:\\\/\\\/www.facebook.com\\\/CIC.Consulting\\\/\",\"https:\\\/\\\/x.com\\\/CICactualidad\",\"https:\\\/\\\/www.linkedin.com\\\/company\\\/2157627\\\/\",\"https:\\\/\\\/www.pinterest.es\\\/cicconsultinginformatico\\\/\",\"https:\\\/\\\/www.youtube.com\\\/user\\\/webmastercic\"]}]}<\/script>\n<!-- \/ Yoast SEO plugin. -->","yoast_head_json":{"title":"Electric power CIC Consulting Inform\u00e1tico","robots":{"index":"index","follow":"follow","max-snippet":"max-snippet:-1","max-image-preview":"max-image-preview:large","max-video-preview":"max-video-preview:-1"},"canonical":"https:\/\/www.cic.es\/en\/energy-and-utilities\/energia-electrica\/","og_locale":"en_US","og_type":"article","og_title":"Electric power CIC Consulting Inform\u00e1tico","og_description":"At CIC we have over 30 years of experience developing software solutions and services for the Electric System. All of them have been designed to help energy companies to improve processes across their value chain, from producers to distribution and retail suppliers We provide the wide Know-How acquired during these...","og_url":"https:\/\/www.cic.es\/en\/energy-and-utilities\/energia-electrica\/","og_site_name":"CIC Consulting Inform\u00e1tico","article_publisher":"https:\/\/www.facebook.com\/CIC.Consulting\/","article_modified_time":"2021-07-30T10:23:40+00:00","og_image":[{"width":1254,"height":836,"url":"https:\/\/www.cic.es\/wp-content\/uploads\/2020\/02\/energia-electrica.jpg","type":"image\/jpeg"}],"twitter_card":"summary_large_image","twitter_site":"@CICactualidad","twitter_misc":{"Est. reading time":"3 minutes"},"schema":{"@context":"https:\/\/schema.org","@graph":[{"@type":"WebPage","@id":"https:\/\/www.cic.es\/en\/energy-and-utilities\/energia-electrica\/","url":"https:\/\/www.cic.es\/en\/energy-and-utilities\/energia-electrica\/","name":"Electric power CIC Consulting Inform\u00e1tico","isPartOf":{"@id":"https:\/\/www.cic.es\/#website"},"primaryImageOfPage":{"@id":"https:\/\/www.cic.es\/en\/energy-and-utilities\/energia-electrica\/#primaryimage"},"image":{"@id":"https:\/\/www.cic.es\/en\/energy-and-utilities\/energia-electrica\/#primaryimage"},"thumbnailUrl":"https:\/\/www.cic.es\/wp-content\/uploads\/2020\/02\/energia-electrica.jpg","datePublished":"2020-02-03T09:55:36+00:00","dateModified":"2021-07-30T10:23:40+00:00","breadcrumb":{"@id":"https:\/\/www.cic.es\/en\/energy-and-utilities\/energia-electrica\/#breadcrumb"},"inLanguage":"en-US","potentialAction":[{"@type":"ReadAction","target":["https:\/\/www.cic.es\/en\/energy-and-utilities\/energia-electrica\/"]}]},{"@type":"ImageObject","inLanguage":"en-US","@id":"https:\/\/www.cic.es\/en\/energy-and-utilities\/energia-electrica\/#primaryimage","url":"https:\/\/www.cic.es\/wp-content\/uploads\/2020\/02\/energia-electrica.jpg","contentUrl":"https:\/\/www.cic.es\/wp-content\/uploads\/2020\/02\/energia-electrica.jpg","width":1254,"height":836},{"@type":"BreadcrumbList","@id":"https:\/\/www.cic.es\/en\/energy-and-utilities\/energia-electrica\/#breadcrumb","itemListElement":[{"@type":"ListItem","position":1,"name":"CIC","item":"https:\/\/www.cic.es\/"},{"@type":"ListItem","position":2,"name":"Energy and utilities","item":"https:\/\/www.cic.es\/en\/energy-and-utilities\/"},{"@type":"ListItem","position":3,"name":"Electric power"}]},{"@type":"WebSite","@id":"https:\/\/www.cic.es\/#website","url":"https:\/\/www.cic.es\/","name":"CIC Consulting Inform\u00e1tico","description":"Somos una consultor\u00eda de ingenier\u00eda de desarrollo y proyectos de inform\u00e1tica y comunicaciones","publisher":{"@id":"https:\/\/www.cic.es\/#organization"},"alternateName":"CIC Consulting Inform\u00e1tico","potentialAction":[{"@type":"SearchAction","target":{"@type":"EntryPoint","urlTemplate":"https:\/\/www.cic.es\/?s={search_term_string}"},"query-input":{"@type":"PropertyValueSpecification","valueRequired":true,"valueName":"search_term_string"}}],"inLanguage":"en-US"},{"@type":"Organization","@id":"https:\/\/www.cic.es\/#organization","name":"CIC Consulting Inform\u00e1tico","alternateName":"CIC Consulting Inform\u00e1tico","url":"https:\/\/www.cic.es\/","logo":{"@type":"ImageObject","inLanguage":"en-US","@id":"https:\/\/www.cic.es\/#\/schema\/logo\/image\/","url":"https:\/\/www.cic.es\/wp-content\/uploads\/2018\/04\/cic_color.png","contentUrl":"https:\/\/www.cic.es\/wp-content\/uploads\/2018\/04\/cic_color.png","width":300,"height":200,"caption":"CIC Consulting Inform\u00e1tico"},"image":{"@id":"https:\/\/www.cic.es\/#\/schema\/logo\/image\/"},"sameAs":["https:\/\/www.facebook.com\/CIC.Consulting\/","https:\/\/x.com\/CICactualidad","https:\/\/www.linkedin.com\/company\/2157627\/","https:\/\/www.pinterest.es\/cicconsultinginformatico\/","https:\/\/www.youtube.com\/user\/webmastercic"]}]}},"_links":{"self":[{"href":"https:\/\/www.cic.es\/en\/wp-json\/wp\/v2\/pages\/6602","targetHints":{"allow":["GET"]}}],"collection":[{"href":"https:\/\/www.cic.es\/en\/wp-json\/wp\/v2\/pages"}],"about":[{"href":"https:\/\/www.cic.es\/en\/wp-json\/wp\/v2\/types\/page"}],"author":[{"embeddable":true,"href":"https:\/\/www.cic.es\/en\/wp-json\/wp\/v2\/users\/1"}],"replies":[{"embeddable":true,"href":"https:\/\/www.cic.es\/en\/wp-json\/wp\/v2\/comments?post=6602"}],"version-history":[{"count":9,"href":"https:\/\/www.cic.es\/en\/wp-json\/wp\/v2\/pages\/6602\/revisions"}],"predecessor-version":[{"id":10052,"href":"https:\/\/www.cic.es\/en\/wp-json\/wp\/v2\/pages\/6602\/revisions\/10052"}],"up":[{"embeddable":true,"href":"https:\/\/www.cic.es\/en\/wp-json\/wp\/v2\/pages\/4263"}],"wp:featuredmedia":[{"embeddable":true,"href":"https:\/\/www.cic.es\/en\/wp-json\/wp\/v2\/media\/6600"}],"wp:attachment":[{"href":"https:\/\/www.cic.es\/en\/wp-json\/wp\/v2\/media?parent=6602"}],"curies":[{"name":"wp","href":"https:\/\/api.w.org\/{rel}","templated":true}]}}