{"id":4433,"date":"2019-01-02T18:20:00","date_gmt":"2019-01-02T17:20:00","guid":{"rendered":"http:\/\/webcic-pre.cic.es\/?page_id=4433"},"modified":"2023-04-28T11:17:21","modified_gmt":"2023-04-28T10:17:21","slug":"monitoring-solutions-and-services-networks-and-systems-management","status":"publish","type":"page","link":"https:\/\/www.cic.es\/en\/it-infrastructure\/communications\/monitoring-solutions-and-services-networks-and-systems-management\/","title":{"rendered":"Monitoring solutions and services, networks and systems management"},"content":{"rendered":"<h2><strong>CIC develops systems management, network and server projects, making use of basic or advanced monitoring.<\/strong><\/h2>\n<p>You will be able to know, in real time, the state of your critical services (emails, ERP, database, web, internet access\u2026). You will be able to receive on your phone or email any alarms that you want.\u00a0 Furthermore, by means of advanced tools (BI4MON) you can get personalised reports to management or technical staff.<\/p>\n<p>We build your project from start to finish: consulting and customised study, design, supply hardware and software, construction, deployment, installation, maintenance and integration with other systems and environments.<\/p>\n<h3><strong>All our projects always offer complete availability, always in keeping with the basic premise of reliability, secure and easy access and, of course, a full guarantee.<\/strong><\/h3>\n<p>We bring experience, the best professionals, a proven methodology in all our products and support of the best in class manufacturers by means of partnerships (HP, Microsoft, Linux\u2026)<\/p>\n<h3><strong>Typical Working Environments:<\/strong><\/h3>\n<ul>\n<li>Licensed Management Software (Microfocus Openview NNM, SolarWinds, Castlerock, Hostmonitor\u2026.) or opensource (Nagios, Zabbix\u2026)<\/li>\n<li>Bespoke solution<\/li>\n<li>Compatible with all Operating Systems (Windows. Linux, UNIX, Solaris\u2026)<\/li>\n<li>SNMP and WMI standards<\/li>\n<li><a href=\"https:\/\/www.cic.es\/en\/sgrwin\/\">SGRwin<\/a><\/li>\n<li><a href=\"https:\/\/www.cic.es\/en\/w6-operational-intelligence-elk\/\">W6 Datasense<\/a><\/li>\n<li><a href=\"https:\/\/www.cic.es\/en\/it-infrastructure\/communications\/real-time-monitoring-of-scada-systems\/\">ViewSCADA<\/a>: real time monitoring of SCADA communications<\/li>\n<li><a href=\"https:\/\/www.cic.es\/en\/cybersecurity\/\">Security monitoring of industrial control systems (ICS)<\/a>, in collaboration with Nozomi, Kaspersky ICS, Checkpoint, Fortinet\u2026<\/li>\n<\/ul>\n","protected":false},"excerpt":{"rendered":"<p>CIC develops systems management, network and server projects, making use of basic or advanced monitoring. You will be able to know, in real time, the state of your critical services (emails, ERP, database, web, internet access\u2026). You will be able to receive on your phone or email any alarms that&#8230;<\/p>\n","protected":false},"author":1,"featured_media":4058,"parent":4415,"menu_order":0,"comment_status":"closed","ping_status":"closed","template":"page-templates\/page-servicios.php","meta":{"_acf_changed":false,"footnotes":""},"class_list":["post-4433","page","type-page","status-publish","has-post-thumbnail","hentry"],"acf":[],"yoast_head":"<!-- This site is optimized with the Yoast SEO plugin v27.4 - https:\/\/yoast.com\/product\/yoast-seo-wordpress\/ -->\n<title>Monitoring solutions and services, networks and systems management CIC Consulting Inform\u00e1tico<\/title>\n<meta name=\"description\" content=\"You will be able to know, in real time, the state of your critical services (emails, ERP, database, web, internet access\u2026).\" \/>\n<meta name=\"robots\" content=\"index, follow, max-snippet:-1, max-image-preview:large, max-video-preview:-1\" \/>\n<link rel=\"canonical\" href=\"https:\/\/www.cic.es\/en\/it-infrastructure\/communications\/monitoring-solutions-and-services-networks-and-systems-management\/\" \/>\n<meta property=\"og:locale\" content=\"en_US\" \/>\n<meta property=\"og:type\" content=\"article\" \/>\n<meta property=\"og:title\" content=\"Monitoring solutions and services, networks and systems management CIC Consulting Inform\u00e1tico\" \/>\n<meta property=\"og:description\" content=\"You will be able to know, in real time, the state of your critical services (emails, ERP, database, web, internet access\u2026).\" \/>\n<meta property=\"og:url\" content=\"https:\/\/www.cic.es\/en\/it-infrastructure\/communications\/monitoring-solutions-and-services-networks-and-systems-management\/\" \/>\n<meta property=\"og:site_name\" content=\"CIC Consulting Inform\u00e1tico\" \/>\n<meta property=\"article:publisher\" content=\"https:\/\/www.facebook.com\/CIC.Consulting\/\" \/>\n<meta property=\"article:modified_time\" content=\"2023-04-28T10:17:21+00:00\" \/>\n<meta property=\"og:image\" content=\"https:\/\/www.cic.es\/wp-content\/uploads\/2018\/08\/soluciones-monitorizacion.jpg\" \/>\n\t<meta property=\"og:image:width\" content=\"1600\" \/>\n\t<meta property=\"og:image:height\" content=\"851\" \/>\n\t<meta property=\"og:image:type\" content=\"image\/jpeg\" \/>\n<meta name=\"twitter:card\" content=\"summary_large_image\" \/>\n<meta name=\"twitter:site\" content=\"@CICactualidad\" \/>\n<meta name=\"twitter:label1\" content=\"Est. reading time\" \/>\n\t<meta name=\"twitter:data1\" content=\"1 minute\" \/>\n<script type=\"application\/ld+json\" class=\"yoast-schema-graph\">{\"@context\":\"https:\\\/\\\/schema.org\",\"@graph\":[{\"@type\":\"WebPage\",\"@id\":\"https:\\\/\\\/www.cic.es\\\/en\\\/it-infrastructure\\\/communications\\\/monitoring-solutions-and-services-networks-and-systems-management\\\/\",\"url\":\"https:\\\/\\\/www.cic.es\\\/en\\\/it-infrastructure\\\/communications\\\/monitoring-solutions-and-services-networks-and-systems-management\\\/\",\"name\":\"Monitoring solutions and services, networks and systems management CIC Consulting Inform\u00e1tico\",\"isPartOf\":{\"@id\":\"https:\\\/\\\/www.cic.es\\\/#website\"},\"primaryImageOfPage\":{\"@id\":\"https:\\\/\\\/www.cic.es\\\/en\\\/it-infrastructure\\\/communications\\\/monitoring-solutions-and-services-networks-and-systems-management\\\/#primaryimage\"},\"image\":{\"@id\":\"https:\\\/\\\/www.cic.es\\\/en\\\/it-infrastructure\\\/communications\\\/monitoring-solutions-and-services-networks-and-systems-management\\\/#primaryimage\"},\"thumbnailUrl\":\"https:\\\/\\\/www.cic.es\\\/wp-content\\\/uploads\\\/2018\\\/08\\\/soluciones-monitorizacion.jpg\",\"datePublished\":\"2019-01-02T17:20:00+00:00\",\"dateModified\":\"2023-04-28T10:17:21+00:00\",\"description\":\"You will be able to know, in real time, the state of your critical services (emails, ERP, database, web, internet access\u2026).\",\"breadcrumb\":{\"@id\":\"https:\\\/\\\/www.cic.es\\\/en\\\/it-infrastructure\\\/communications\\\/monitoring-solutions-and-services-networks-and-systems-management\\\/#breadcrumb\"},\"inLanguage\":\"en-US\",\"potentialAction\":[{\"@type\":\"ReadAction\",\"target\":[\"https:\\\/\\\/www.cic.es\\\/en\\\/it-infrastructure\\\/communications\\\/monitoring-solutions-and-services-networks-and-systems-management\\\/\"]}]},{\"@type\":\"ImageObject\",\"inLanguage\":\"en-US\",\"@id\":\"https:\\\/\\\/www.cic.es\\\/en\\\/it-infrastructure\\\/communications\\\/monitoring-solutions-and-services-networks-and-systems-management\\\/#primaryimage\",\"url\":\"https:\\\/\\\/www.cic.es\\\/wp-content\\\/uploads\\\/2018\\\/08\\\/soluciones-monitorizacion.jpg\",\"contentUrl\":\"https:\\\/\\\/www.cic.es\\\/wp-content\\\/uploads\\\/2018\\\/08\\\/soluciones-monitorizacion.jpg\",\"width\":1600,\"height\":851},{\"@type\":\"BreadcrumbList\",\"@id\":\"https:\\\/\\\/www.cic.es\\\/en\\\/it-infrastructure\\\/communications\\\/monitoring-solutions-and-services-networks-and-systems-management\\\/#breadcrumb\",\"itemListElement\":[{\"@type\":\"ListItem\",\"position\":1,\"name\":\"CIC\",\"item\":\"https:\\\/\\\/www.cic.es\\\/\"},{\"@type\":\"ListItem\",\"position\":2,\"name\":\"IT Infrastructure\",\"item\":\"https:\\\/\\\/www.cic.es\\\/en\\\/it-infrastructure\\\/\"},{\"@type\":\"ListItem\",\"position\":3,\"name\":\"Communications\",\"item\":\"https:\\\/\\\/www.cic.es\\\/en\\\/it-infrastructure\\\/communications\\\/\"},{\"@type\":\"ListItem\",\"position\":4,\"name\":\"Monitoring solutions and services, networks and systems management\"}]},{\"@type\":\"WebSite\",\"@id\":\"https:\\\/\\\/www.cic.es\\\/#website\",\"url\":\"https:\\\/\\\/www.cic.es\\\/\",\"name\":\"CIC Consulting Inform\u00e1tico\",\"description\":\"Somos una consultor\u00eda de ingenier\u00eda de desarrollo y proyectos de inform\u00e1tica y comunicaciones\",\"publisher\":{\"@id\":\"https:\\\/\\\/www.cic.es\\\/#organization\"},\"alternateName\":\"CIC Consulting Inform\u00e1tico\",\"potentialAction\":[{\"@type\":\"SearchAction\",\"target\":{\"@type\":\"EntryPoint\",\"urlTemplate\":\"https:\\\/\\\/www.cic.es\\\/?s={search_term_string}\"},\"query-input\":{\"@type\":\"PropertyValueSpecification\",\"valueRequired\":true,\"valueName\":\"search_term_string\"}}],\"inLanguage\":\"en-US\"},{\"@type\":\"Organization\",\"@id\":\"https:\\\/\\\/www.cic.es\\\/#organization\",\"name\":\"CIC Consulting Inform\u00e1tico\",\"alternateName\":\"CIC Consulting Inform\u00e1tico\",\"url\":\"https:\\\/\\\/www.cic.es\\\/\",\"logo\":{\"@type\":\"ImageObject\",\"inLanguage\":\"en-US\",\"@id\":\"https:\\\/\\\/www.cic.es\\\/#\\\/schema\\\/logo\\\/image\\\/\",\"url\":\"https:\\\/\\\/www.cic.es\\\/wp-content\\\/uploads\\\/2018\\\/04\\\/cic_color.png\",\"contentUrl\":\"https:\\\/\\\/www.cic.es\\\/wp-content\\\/uploads\\\/2018\\\/04\\\/cic_color.png\",\"width\":300,\"height\":200,\"caption\":\"CIC Consulting Inform\u00e1tico\"},\"image\":{\"@id\":\"https:\\\/\\\/www.cic.es\\\/#\\\/schema\\\/logo\\\/image\\\/\"},\"sameAs\":[\"https:\\\/\\\/www.facebook.com\\\/CIC.Consulting\\\/\",\"https:\\\/\\\/x.com\\\/CICactualidad\",\"https:\\\/\\\/www.linkedin.com\\\/company\\\/2157627\\\/\",\"https:\\\/\\\/www.pinterest.es\\\/cicconsultinginformatico\\\/\",\"https:\\\/\\\/www.youtube.com\\\/user\\\/webmastercic\"]}]}<\/script>\n<!-- \/ Yoast SEO plugin. -->","yoast_head_json":{"title":"Monitoring solutions and services, networks and systems management CIC Consulting Inform\u00e1tico","description":"You will be able to know, in real time, the state of your critical services (emails, ERP, database, web, internet access\u2026).","robots":{"index":"index","follow":"follow","max-snippet":"max-snippet:-1","max-image-preview":"max-image-preview:large","max-video-preview":"max-video-preview:-1"},"canonical":"https:\/\/www.cic.es\/en\/it-infrastructure\/communications\/monitoring-solutions-and-services-networks-and-systems-management\/","og_locale":"en_US","og_type":"article","og_title":"Monitoring solutions and services, networks and systems management CIC Consulting Inform\u00e1tico","og_description":"You will be able to know, in real time, the state of your critical services (emails, ERP, database, web, internet access\u2026).","og_url":"https:\/\/www.cic.es\/en\/it-infrastructure\/communications\/monitoring-solutions-and-services-networks-and-systems-management\/","og_site_name":"CIC Consulting Inform\u00e1tico","article_publisher":"https:\/\/www.facebook.com\/CIC.Consulting\/","article_modified_time":"2023-04-28T10:17:21+00:00","og_image":[{"width":1600,"height":851,"url":"https:\/\/www.cic.es\/wp-content\/uploads\/2018\/08\/soluciones-monitorizacion.jpg","type":"image\/jpeg"}],"twitter_card":"summary_large_image","twitter_site":"@CICactualidad","twitter_misc":{"Est. reading time":"1 minute"},"schema":{"@context":"https:\/\/schema.org","@graph":[{"@type":"WebPage","@id":"https:\/\/www.cic.es\/en\/it-infrastructure\/communications\/monitoring-solutions-and-services-networks-and-systems-management\/","url":"https:\/\/www.cic.es\/en\/it-infrastructure\/communications\/monitoring-solutions-and-services-networks-and-systems-management\/","name":"Monitoring solutions and services, networks and systems management CIC Consulting Inform\u00e1tico","isPartOf":{"@id":"https:\/\/www.cic.es\/#website"},"primaryImageOfPage":{"@id":"https:\/\/www.cic.es\/en\/it-infrastructure\/communications\/monitoring-solutions-and-services-networks-and-systems-management\/#primaryimage"},"image":{"@id":"https:\/\/www.cic.es\/en\/it-infrastructure\/communications\/monitoring-solutions-and-services-networks-and-systems-management\/#primaryimage"},"thumbnailUrl":"https:\/\/www.cic.es\/wp-content\/uploads\/2018\/08\/soluciones-monitorizacion.jpg","datePublished":"2019-01-02T17:20:00+00:00","dateModified":"2023-04-28T10:17:21+00:00","description":"You will be able to know, in real time, the state of your critical services (emails, ERP, database, web, internet access\u2026).","breadcrumb":{"@id":"https:\/\/www.cic.es\/en\/it-infrastructure\/communications\/monitoring-solutions-and-services-networks-and-systems-management\/#breadcrumb"},"inLanguage":"en-US","potentialAction":[{"@type":"ReadAction","target":["https:\/\/www.cic.es\/en\/it-infrastructure\/communications\/monitoring-solutions-and-services-networks-and-systems-management\/"]}]},{"@type":"ImageObject","inLanguage":"en-US","@id":"https:\/\/www.cic.es\/en\/it-infrastructure\/communications\/monitoring-solutions-and-services-networks-and-systems-management\/#primaryimage","url":"https:\/\/www.cic.es\/wp-content\/uploads\/2018\/08\/soluciones-monitorizacion.jpg","contentUrl":"https:\/\/www.cic.es\/wp-content\/uploads\/2018\/08\/soluciones-monitorizacion.jpg","width":1600,"height":851},{"@type":"BreadcrumbList","@id":"https:\/\/www.cic.es\/en\/it-infrastructure\/communications\/monitoring-solutions-and-services-networks-and-systems-management\/#breadcrumb","itemListElement":[{"@type":"ListItem","position":1,"name":"CIC","item":"https:\/\/www.cic.es\/"},{"@type":"ListItem","position":2,"name":"IT Infrastructure","item":"https:\/\/www.cic.es\/en\/it-infrastructure\/"},{"@type":"ListItem","position":3,"name":"Communications","item":"https:\/\/www.cic.es\/en\/it-infrastructure\/communications\/"},{"@type":"ListItem","position":4,"name":"Monitoring solutions and services, networks and systems management"}]},{"@type":"WebSite","@id":"https:\/\/www.cic.es\/#website","url":"https:\/\/www.cic.es\/","name":"CIC Consulting Inform\u00e1tico","description":"Somos una consultor\u00eda de ingenier\u00eda de desarrollo y proyectos de inform\u00e1tica y comunicaciones","publisher":{"@id":"https:\/\/www.cic.es\/#organization"},"alternateName":"CIC Consulting Inform\u00e1tico","potentialAction":[{"@type":"SearchAction","target":{"@type":"EntryPoint","urlTemplate":"https:\/\/www.cic.es\/?s={search_term_string}"},"query-input":{"@type":"PropertyValueSpecification","valueRequired":true,"valueName":"search_term_string"}}],"inLanguage":"en-US"},{"@type":"Organization","@id":"https:\/\/www.cic.es\/#organization","name":"CIC Consulting Inform\u00e1tico","alternateName":"CIC Consulting Inform\u00e1tico","url":"https:\/\/www.cic.es\/","logo":{"@type":"ImageObject","inLanguage":"en-US","@id":"https:\/\/www.cic.es\/#\/schema\/logo\/image\/","url":"https:\/\/www.cic.es\/wp-content\/uploads\/2018\/04\/cic_color.png","contentUrl":"https:\/\/www.cic.es\/wp-content\/uploads\/2018\/04\/cic_color.png","width":300,"height":200,"caption":"CIC Consulting Inform\u00e1tico"},"image":{"@id":"https:\/\/www.cic.es\/#\/schema\/logo\/image\/"},"sameAs":["https:\/\/www.facebook.com\/CIC.Consulting\/","https:\/\/x.com\/CICactualidad","https:\/\/www.linkedin.com\/company\/2157627\/","https:\/\/www.pinterest.es\/cicconsultinginformatico\/","https:\/\/www.youtube.com\/user\/webmastercic"]}]}},"_links":{"self":[{"href":"https:\/\/www.cic.es\/en\/wp-json\/wp\/v2\/pages\/4433","targetHints":{"allow":["GET"]}}],"collection":[{"href":"https:\/\/www.cic.es\/en\/wp-json\/wp\/v2\/pages"}],"about":[{"href":"https:\/\/www.cic.es\/en\/wp-json\/wp\/v2\/types\/page"}],"author":[{"embeddable":true,"href":"https:\/\/www.cic.es\/en\/wp-json\/wp\/v2\/users\/1"}],"replies":[{"embeddable":true,"href":"https:\/\/www.cic.es\/en\/wp-json\/wp\/v2\/comments?post=4433"}],"version-history":[{"count":3,"href":"https:\/\/www.cic.es\/en\/wp-json\/wp\/v2\/pages\/4433\/revisions"}],"predecessor-version":[{"id":13360,"href":"https:\/\/www.cic.es\/en\/wp-json\/wp\/v2\/pages\/4433\/revisions\/13360"}],"up":[{"embeddable":true,"href":"https:\/\/www.cic.es\/en\/wp-json\/wp\/v2\/pages\/4415"}],"wp:featuredmedia":[{"embeddable":true,"href":"https:\/\/www.cic.es\/en\/wp-json\/wp\/v2\/media\/4058"}],"wp:attachment":[{"href":"https:\/\/www.cic.es\/en\/wp-json\/wp\/v2\/media?parent=4433"}],"curies":[{"name":"wp","href":"https:\/\/api.w.org\/{rel}","templated":true}]}}