{"id":4431,"date":"2018-07-18T08:47:08","date_gmt":"2018-07-18T07:47:08","guid":{"rendered":"http:\/\/webcic-pre.cic.es\/?page_id=4431"},"modified":"2021-08-02T11:18:43","modified_gmt":"2021-08-02T10:18:43","slug":"pdh-sdh-networks","status":"publish","type":"page","link":"https:\/\/www.cic.es\/en\/it-infrastructure\/communications\/pdh-sdh-networks\/","title":{"rendered":"PDH\/SDH Networks"},"content":{"rendered":"<h2><strong>We offer support for the deployment of PDH\/SDH networks (Plesiochronous Digital Hierarchy and Synchronous Digital Hierarchy) and MPLS:<\/strong><\/h2>\n<ul>\n<li>PDH Networks from Nokia and DNWP<\/li>\n<li>SDH Networks from Axxesit, Maroni, ECI Telecom\u2026<\/li>\n<li>MPLS and MPLS-TP Networks<\/li>\n<li>10 GbE Networks<\/li>\n<li>Integration with Ethernet by means of devices converters<\/li>\n<li>Carry out customised monitoring systems, <a href=\"https:\/\/www.cic.es\/en\/sgrwin\/\">SGRwin<\/a><\/li>\n<li><a href=\"https:\/\/www.cic.es\/en\/it-infrastructure\/communications\/real-time-monitoring-of-scada-systems\/\">Viewscada<\/a>: Customised analysis of industrial protocols (IEC101, IEC104, proprietors&#8230;)<\/li>\n<\/ul>\n<p>All our solutions offer absolute reliability, a full guarantee and are certified.<\/p>\n<h3>Our experience, methodology in projects and the support of major manufacturers by means of alliances (DNWP, Nokia, Marconi, Davantel\u2026) and professional certifications are your guarantee of success.<\/h3>\n","protected":false},"excerpt":{"rendered":"<p>We offer support for the deployment of PDH\/SDH networks (Plesiochronous Digital Hierarchy and Synchronous Digital Hierarchy) and MPLS: PDH Networks from Nokia and DNWP SDH Networks from Axxesit, Maroni, ECI Telecom\u2026 MPLS and MPLS-TP Networks 10 GbE Networks Integration with Ethernet by means of devices converters Carry out customised monitoring&#8230;<\/p>\n","protected":false},"author":1,"featured_media":4056,"parent":4415,"menu_order":0,"comment_status":"closed","ping_status":"closed","template":"page-templates\/page-servicios.php","meta":{"_acf_changed":false,"footnotes":""},"class_list":["post-4431","page","type-page","status-publish","has-post-thumbnail","hentry"],"acf":[],"yoast_head":"<!-- This site is optimized with the Yoast SEO plugin v27.4 - https:\/\/yoast.com\/product\/yoast-seo-wordpress\/ -->\n<title>PDH\/SDH Networks - Communications - CIC Consulting Inform\u00e1tico<\/title>\n<meta name=\"description\" content=\"We offer support for the deployment of PDH\/SDH networks (Plesiochronous Digital Hierarchy and Synchronous Digital Hierarchy) and MPLS.\" \/>\n<meta name=\"robots\" content=\"index, follow, max-snippet:-1, max-image-preview:large, max-video-preview:-1\" \/>\n<link rel=\"canonical\" href=\"https:\/\/www.cic.es\/en\/it-infrastructure\/communications\/pdh-sdh-networks\/\" \/>\n<meta property=\"og:locale\" content=\"en_US\" \/>\n<meta property=\"og:type\" content=\"article\" \/>\n<meta property=\"og:title\" content=\"PDH\/SDH Networks - Communications - CIC Consulting Inform\u00e1tico\" \/>\n<meta property=\"og:description\" content=\"We offer support for the deployment of PDH\/SDH networks (Plesiochronous Digital Hierarchy and Synchronous Digital Hierarchy) and MPLS.\" \/>\n<meta property=\"og:url\" content=\"https:\/\/www.cic.es\/en\/it-infrastructure\/communications\/pdh-sdh-networks\/\" \/>\n<meta property=\"og:site_name\" content=\"CIC Consulting Inform\u00e1tico\" \/>\n<meta property=\"article:publisher\" content=\"https:\/\/www.facebook.com\/CIC.Consulting\/\" \/>\n<meta property=\"article:modified_time\" content=\"2021-08-02T10:18:43+00:00\" \/>\n<meta property=\"og:image\" content=\"https:\/\/www.cic.es\/wp-content\/uploads\/2018\/07\/redes-pdh.jpg\" \/>\n\t<meta property=\"og:image:width\" content=\"1600\" \/>\n\t<meta property=\"og:image:height\" content=\"1067\" \/>\n\t<meta property=\"og:image:type\" content=\"image\/jpeg\" \/>\n<meta name=\"twitter:card\" content=\"summary_large_image\" \/>\n<meta name=\"twitter:site\" content=\"@CICactualidad\" \/>\n<meta name=\"twitter:label1\" content=\"Est. reading time\" \/>\n\t<meta name=\"twitter:data1\" content=\"1 minute\" \/>\n<script type=\"application\/ld+json\" class=\"yoast-schema-graph\">{\"@context\":\"https:\\\/\\\/schema.org\",\"@graph\":[{\"@type\":\"WebPage\",\"@id\":\"https:\\\/\\\/www.cic.es\\\/infraestructuras-tic\\\/comunicaciones\\\/redes-pdh-sdh-comunicaciones\\\/\",\"url\":\"https:\\\/\\\/www.cic.es\\\/en\\\/it-infrastructure\\\/communications\\\/pdh-sdh-networks\\\/\",\"name\":\"PDH\\\/SDH Networks - Communications - CIC Consulting Inform\u00e1tico\",\"isPartOf\":{\"@id\":\"https:\\\/\\\/www.cic.es\\\/#website\"},\"primaryImageOfPage\":{\"@id\":\"https:\\\/\\\/www.cic.es\\\/en\\\/it-infrastructure\\\/communications\\\/pdh-sdh-networks\\\/#primaryimage\"},\"image\":{\"@id\":\"https:\\\/\\\/www.cic.es\\\/en\\\/it-infrastructure\\\/communications\\\/pdh-sdh-networks\\\/#primaryimage\"},\"thumbnailUrl\":\"https:\\\/\\\/www.cic.es\\\/wp-content\\\/uploads\\\/2018\\\/07\\\/redes-pdh.jpg\",\"datePublished\":\"2018-07-18T07:47:08+00:00\",\"dateModified\":\"2021-08-02T10:18:43+00:00\",\"description\":\"We offer support for the deployment of PDH\\\/SDH networks (Plesiochronous Digital Hierarchy and Synchronous Digital Hierarchy) and MPLS.\",\"breadcrumb\":{\"@id\":\"https:\\\/\\\/www.cic.es\\\/en\\\/it-infrastructure\\\/communications\\\/pdh-sdh-networks\\\/#breadcrumb\"},\"inLanguage\":\"en-US\",\"potentialAction\":[{\"@type\":\"ReadAction\",\"target\":[\"https:\\\/\\\/www.cic.es\\\/en\\\/it-infrastructure\\\/communications\\\/pdh-sdh-networks\\\/\"]}]},{\"@type\":\"ImageObject\",\"inLanguage\":\"en-US\",\"@id\":\"https:\\\/\\\/www.cic.es\\\/en\\\/it-infrastructure\\\/communications\\\/pdh-sdh-networks\\\/#primaryimage\",\"url\":\"https:\\\/\\\/www.cic.es\\\/wp-content\\\/uploads\\\/2018\\\/07\\\/redes-pdh.jpg\",\"contentUrl\":\"https:\\\/\\\/www.cic.es\\\/wp-content\\\/uploads\\\/2018\\\/07\\\/redes-pdh.jpg\",\"width\":1600,\"height\":1067},{\"@type\":\"BreadcrumbList\",\"@id\":\"https:\\\/\\\/www.cic.es\\\/en\\\/it-infrastructure\\\/communications\\\/pdh-sdh-networks\\\/#breadcrumb\",\"itemListElement\":[{\"@type\":\"ListItem\",\"position\":1,\"name\":\"CIC\",\"item\":\"https:\\\/\\\/www.cic.es\\\/\"},{\"@type\":\"ListItem\",\"position\":2,\"name\":\"IT Infrastructure\",\"item\":\"https:\\\/\\\/www.cic.es\\\/en\\\/it-infrastructure\\\/\"},{\"@type\":\"ListItem\",\"position\":3,\"name\":\"Communications\",\"item\":\"https:\\\/\\\/www.cic.es\\\/en\\\/it-infrastructure\\\/communications\\\/\"},{\"@type\":\"ListItem\",\"position\":4,\"name\":\"PDH\\\/SDH Networks\"}]},{\"@type\":\"WebSite\",\"@id\":\"https:\\\/\\\/www.cic.es\\\/#website\",\"url\":\"https:\\\/\\\/www.cic.es\\\/\",\"name\":\"CIC Consulting Inform\u00e1tico\",\"description\":\"Somos una consultor\u00eda de ingenier\u00eda de desarrollo y proyectos de inform\u00e1tica y comunicaciones\",\"publisher\":{\"@id\":\"https:\\\/\\\/www.cic.es\\\/#organization\"},\"alternateName\":\"CIC Consulting Inform\u00e1tico\",\"potentialAction\":[{\"@type\":\"SearchAction\",\"target\":{\"@type\":\"EntryPoint\",\"urlTemplate\":\"https:\\\/\\\/www.cic.es\\\/?s={search_term_string}\"},\"query-input\":{\"@type\":\"PropertyValueSpecification\",\"valueRequired\":true,\"valueName\":\"search_term_string\"}}],\"inLanguage\":\"en-US\"},{\"@type\":\"Organization\",\"@id\":\"https:\\\/\\\/www.cic.es\\\/#organization\",\"name\":\"CIC Consulting Inform\u00e1tico\",\"alternateName\":\"CIC Consulting Inform\u00e1tico\",\"url\":\"https:\\\/\\\/www.cic.es\\\/\",\"logo\":{\"@type\":\"ImageObject\",\"inLanguage\":\"en-US\",\"@id\":\"https:\\\/\\\/www.cic.es\\\/#\\\/schema\\\/logo\\\/image\\\/\",\"url\":\"https:\\\/\\\/www.cic.es\\\/wp-content\\\/uploads\\\/2018\\\/04\\\/cic_color.png\",\"contentUrl\":\"https:\\\/\\\/www.cic.es\\\/wp-content\\\/uploads\\\/2018\\\/04\\\/cic_color.png\",\"width\":300,\"height\":200,\"caption\":\"CIC Consulting Inform\u00e1tico\"},\"image\":{\"@id\":\"https:\\\/\\\/www.cic.es\\\/#\\\/schema\\\/logo\\\/image\\\/\"},\"sameAs\":[\"https:\\\/\\\/www.facebook.com\\\/CIC.Consulting\\\/\",\"https:\\\/\\\/x.com\\\/CICactualidad\",\"https:\\\/\\\/www.linkedin.com\\\/company\\\/2157627\\\/\",\"https:\\\/\\\/www.pinterest.es\\\/cicconsultinginformatico\\\/\",\"https:\\\/\\\/www.youtube.com\\\/user\\\/webmastercic\"]}]}<\/script>\n<!-- \/ Yoast SEO plugin. -->","yoast_head_json":{"title":"PDH\/SDH Networks - Communications - CIC Consulting Inform\u00e1tico","description":"We offer support for the deployment of PDH\/SDH networks (Plesiochronous Digital Hierarchy and Synchronous Digital Hierarchy) and MPLS.","robots":{"index":"index","follow":"follow","max-snippet":"max-snippet:-1","max-image-preview":"max-image-preview:large","max-video-preview":"max-video-preview:-1"},"canonical":"https:\/\/www.cic.es\/en\/it-infrastructure\/communications\/pdh-sdh-networks\/","og_locale":"en_US","og_type":"article","og_title":"PDH\/SDH Networks - Communications - CIC Consulting Inform\u00e1tico","og_description":"We offer support for the deployment of PDH\/SDH networks (Plesiochronous Digital Hierarchy and Synchronous Digital Hierarchy) and MPLS.","og_url":"https:\/\/www.cic.es\/en\/it-infrastructure\/communications\/pdh-sdh-networks\/","og_site_name":"CIC Consulting Inform\u00e1tico","article_publisher":"https:\/\/www.facebook.com\/CIC.Consulting\/","article_modified_time":"2021-08-02T10:18:43+00:00","og_image":[{"width":1600,"height":1067,"url":"https:\/\/www.cic.es\/wp-content\/uploads\/2018\/07\/redes-pdh.jpg","type":"image\/jpeg"}],"twitter_card":"summary_large_image","twitter_site":"@CICactualidad","twitter_misc":{"Est. reading time":"1 minute"},"schema":{"@context":"https:\/\/schema.org","@graph":[{"@type":"WebPage","@id":"https:\/\/www.cic.es\/infraestructuras-tic\/comunicaciones\/redes-pdh-sdh-comunicaciones\/","url":"https:\/\/www.cic.es\/en\/it-infrastructure\/communications\/pdh-sdh-networks\/","name":"PDH\/SDH Networks - Communications - CIC Consulting Inform\u00e1tico","isPartOf":{"@id":"https:\/\/www.cic.es\/#website"},"primaryImageOfPage":{"@id":"https:\/\/www.cic.es\/en\/it-infrastructure\/communications\/pdh-sdh-networks\/#primaryimage"},"image":{"@id":"https:\/\/www.cic.es\/en\/it-infrastructure\/communications\/pdh-sdh-networks\/#primaryimage"},"thumbnailUrl":"https:\/\/www.cic.es\/wp-content\/uploads\/2018\/07\/redes-pdh.jpg","datePublished":"2018-07-18T07:47:08+00:00","dateModified":"2021-08-02T10:18:43+00:00","description":"We offer support for the deployment of PDH\/SDH networks (Plesiochronous Digital Hierarchy and Synchronous Digital Hierarchy) and MPLS.","breadcrumb":{"@id":"https:\/\/www.cic.es\/en\/it-infrastructure\/communications\/pdh-sdh-networks\/#breadcrumb"},"inLanguage":"en-US","potentialAction":[{"@type":"ReadAction","target":["https:\/\/www.cic.es\/en\/it-infrastructure\/communications\/pdh-sdh-networks\/"]}]},{"@type":"ImageObject","inLanguage":"en-US","@id":"https:\/\/www.cic.es\/en\/it-infrastructure\/communications\/pdh-sdh-networks\/#primaryimage","url":"https:\/\/www.cic.es\/wp-content\/uploads\/2018\/07\/redes-pdh.jpg","contentUrl":"https:\/\/www.cic.es\/wp-content\/uploads\/2018\/07\/redes-pdh.jpg","width":1600,"height":1067},{"@type":"BreadcrumbList","@id":"https:\/\/www.cic.es\/en\/it-infrastructure\/communications\/pdh-sdh-networks\/#breadcrumb","itemListElement":[{"@type":"ListItem","position":1,"name":"CIC","item":"https:\/\/www.cic.es\/"},{"@type":"ListItem","position":2,"name":"IT Infrastructure","item":"https:\/\/www.cic.es\/en\/it-infrastructure\/"},{"@type":"ListItem","position":3,"name":"Communications","item":"https:\/\/www.cic.es\/en\/it-infrastructure\/communications\/"},{"@type":"ListItem","position":4,"name":"PDH\/SDH Networks"}]},{"@type":"WebSite","@id":"https:\/\/www.cic.es\/#website","url":"https:\/\/www.cic.es\/","name":"CIC Consulting Inform\u00e1tico","description":"Somos una consultor\u00eda de ingenier\u00eda de desarrollo y proyectos de inform\u00e1tica y comunicaciones","publisher":{"@id":"https:\/\/www.cic.es\/#organization"},"alternateName":"CIC Consulting Inform\u00e1tico","potentialAction":[{"@type":"SearchAction","target":{"@type":"EntryPoint","urlTemplate":"https:\/\/www.cic.es\/?s={search_term_string}"},"query-input":{"@type":"PropertyValueSpecification","valueRequired":true,"valueName":"search_term_string"}}],"inLanguage":"en-US"},{"@type":"Organization","@id":"https:\/\/www.cic.es\/#organization","name":"CIC Consulting Inform\u00e1tico","alternateName":"CIC Consulting Inform\u00e1tico","url":"https:\/\/www.cic.es\/","logo":{"@type":"ImageObject","inLanguage":"en-US","@id":"https:\/\/www.cic.es\/#\/schema\/logo\/image\/","url":"https:\/\/www.cic.es\/wp-content\/uploads\/2018\/04\/cic_color.png","contentUrl":"https:\/\/www.cic.es\/wp-content\/uploads\/2018\/04\/cic_color.png","width":300,"height":200,"caption":"CIC Consulting Inform\u00e1tico"},"image":{"@id":"https:\/\/www.cic.es\/#\/schema\/logo\/image\/"},"sameAs":["https:\/\/www.facebook.com\/CIC.Consulting\/","https:\/\/x.com\/CICactualidad","https:\/\/www.linkedin.com\/company\/2157627\/","https:\/\/www.pinterest.es\/cicconsultinginformatico\/","https:\/\/www.youtube.com\/user\/webmastercic"]}]}},"_links":{"self":[{"href":"https:\/\/www.cic.es\/en\/wp-json\/wp\/v2\/pages\/4431","targetHints":{"allow":["GET"]}}],"collection":[{"href":"https:\/\/www.cic.es\/en\/wp-json\/wp\/v2\/pages"}],"about":[{"href":"https:\/\/www.cic.es\/en\/wp-json\/wp\/v2\/types\/page"}],"author":[{"embeddable":true,"href":"https:\/\/www.cic.es\/en\/wp-json\/wp\/v2\/users\/1"}],"replies":[{"embeddable":true,"href":"https:\/\/www.cic.es\/en\/wp-json\/wp\/v2\/comments?post=4431"}],"version-history":[{"count":2,"href":"https:\/\/www.cic.es\/en\/wp-json\/wp\/v2\/pages\/4431\/revisions"}],"predecessor-version":[{"id":10123,"href":"https:\/\/www.cic.es\/en\/wp-json\/wp\/v2\/pages\/4431\/revisions\/10123"}],"up":[{"embeddable":true,"href":"https:\/\/www.cic.es\/en\/wp-json\/wp\/v2\/pages\/4415"}],"wp:featuredmedia":[{"embeddable":true,"href":"https:\/\/www.cic.es\/en\/wp-json\/wp\/v2\/media\/4056"}],"wp:attachment":[{"href":"https:\/\/www.cic.es\/en\/wp-json\/wp\/v2\/media?parent=4431"}],"curies":[{"name":"wp","href":"https:\/\/api.w.org\/{rel}","templated":true}]}}