{"id":4429,"date":"2018-07-18T08:44:13","date_gmt":"2018-07-18T07:44:13","guid":{"rendered":"http:\/\/webcic-pre.cic.es\/?page_id=4429"},"modified":"2023-07-05T07:08:34","modified_gmt":"2023-07-05T06:08:34","slug":"ip-networks","status":"publish","type":"page","link":"https:\/\/www.cic.es\/en\/it-infrastructure\/communications\/ip-networks\/","title":{"rendered":"IP Networks"},"content":{"rendered":"<h2><strong>We design, supply, customise and manage IP networks so that your company can connect its IT systems to an internal network or the Internet.<\/strong><\/h2>\n<p>We do the network equipment maintenance via remote support or on-site. We also offer training to your company\u00b4s IT department. You can rest assured that our years of experience are our best guarantee for your company. Our alliances and certified professionals with the biggest names in the business are a further guarantee. (Cisco, HP, Dell, Extreme Networks\/Enterasys\u2026)<\/p>\n<h3><strong>Environments:<\/strong><\/h3>\n<ul>\n<li><strong>Switching: <\/strong>(Electronic commutation or Level 2) with manufacturers such as Cisco, Juniper, HP\/Aruba, Dell\/Force10, Fortinet\u2026<\/li>\n<li><strong>Routing: <\/strong>(Network interconnectivity or Level 3) From Internet ADSL\/Cable\/3G to advanced systems, from manufacturers such as Cisco, Juniper, Teldat\u2026<\/li>\n<li><strong>Integration <\/strong>with other systems, networks and devices converters (Digi, MOXA, IOLAN, Davantel, \u2026)<\/li>\n<li><strong>Integrated Security:<\/strong> secure network expansion in line with our <a href=\"https:\/\/www.cic.es\/en\/cybersecurity\/\">Cybersecurity For3 strategy<\/a>.<\/li>\n<\/ul>\n","protected":false},"excerpt":{"rendered":"<p>We design, supply, customise and manage IP networks so that your company can connect its IT systems to an internal network or the Internet. We do the network equipment maintenance via remote support or on-site. We also offer training to your company\u00b4s IT department. You can rest assured that our&#8230;<\/p>\n","protected":false},"author":1,"featured_media":4055,"parent":4415,"menu_order":0,"comment_status":"closed","ping_status":"closed","template":"page-templates\/page-servicios.php","meta":{"_acf_changed":false,"footnotes":""},"class_list":["post-4429","page","type-page","status-publish","has-post-thumbnail","hentry"],"acf":[],"yoast_head":"<!-- This site is optimized with the Yoast SEO plugin v27.4 - https:\/\/yoast.com\/product\/yoast-seo-wordpress\/ -->\n<title>IP Networks CIC Consulting Inform\u00e1tico<\/title>\n<meta name=\"description\" content=\"We design, supply, customise and manage IP networks so that your company can connect its IT systems to an internal network or the Internet.\" \/>\n<meta name=\"robots\" content=\"index, follow, max-snippet:-1, max-image-preview:large, max-video-preview:-1\" \/>\n<link rel=\"canonical\" href=\"https:\/\/www.cic.es\/en\/it-infrastructure\/communications\/ip-networks\/\" \/>\n<meta property=\"og:locale\" content=\"en_US\" \/>\n<meta property=\"og:type\" content=\"article\" \/>\n<meta property=\"og:title\" content=\"IP Networks CIC Consulting Inform\u00e1tico\" \/>\n<meta property=\"og:description\" content=\"We design, supply, customise and manage IP networks so that your company can connect its IT systems to an internal network or the Internet.\" \/>\n<meta property=\"og:url\" content=\"https:\/\/www.cic.es\/en\/it-infrastructure\/communications\/ip-networks\/\" \/>\n<meta property=\"og:site_name\" content=\"CIC Consulting Inform\u00e1tico\" \/>\n<meta property=\"article:publisher\" content=\"https:\/\/www.facebook.com\/CIC.Consulting\/\" \/>\n<meta property=\"article:modified_time\" content=\"2023-07-05T06:08:34+00:00\" \/>\n<meta property=\"og:image\" content=\"https:\/\/www.cic.es\/wp-content\/uploads\/2018\/07\/redes-ip.jpg\" \/>\n\t<meta property=\"og:image:width\" content=\"1600\" \/>\n\t<meta property=\"og:image:height\" content=\"900\" \/>\n\t<meta property=\"og:image:type\" content=\"image\/jpeg\" \/>\n<meta name=\"twitter:card\" content=\"summary_large_image\" \/>\n<meta name=\"twitter:site\" content=\"@CICactualidad\" \/>\n<meta name=\"twitter:label1\" content=\"Est. reading time\" \/>\n\t<meta name=\"twitter:data1\" content=\"1 minute\" \/>\n<script type=\"application\/ld+json\" class=\"yoast-schema-graph\">{\"@context\":\"https:\\\/\\\/schema.org\",\"@graph\":[{\"@type\":\"WebPage\",\"@id\":\"https:\\\/\\\/www.cic.es\\\/en\\\/it-infrastructure\\\/communications\\\/ip-networks\\\/\",\"url\":\"https:\\\/\\\/www.cic.es\\\/en\\\/it-infrastructure\\\/communications\\\/ip-networks\\\/\",\"name\":\"IP Networks CIC Consulting Inform\u00e1tico\",\"isPartOf\":{\"@id\":\"https:\\\/\\\/www.cic.es\\\/#website\"},\"primaryImageOfPage\":{\"@id\":\"https:\\\/\\\/www.cic.es\\\/en\\\/it-infrastructure\\\/communications\\\/ip-networks\\\/#primaryimage\"},\"image\":{\"@id\":\"https:\\\/\\\/www.cic.es\\\/en\\\/it-infrastructure\\\/communications\\\/ip-networks\\\/#primaryimage\"},\"thumbnailUrl\":\"https:\\\/\\\/www.cic.es\\\/wp-content\\\/uploads\\\/2018\\\/07\\\/redes-ip.jpg\",\"datePublished\":\"2018-07-18T07:44:13+00:00\",\"dateModified\":\"2023-07-05T06:08:34+00:00\",\"description\":\"We design, supply, customise and manage IP networks so that your company can connect its IT systems to an internal network or the Internet.\",\"breadcrumb\":{\"@id\":\"https:\\\/\\\/www.cic.es\\\/en\\\/it-infrastructure\\\/communications\\\/ip-networks\\\/#breadcrumb\"},\"inLanguage\":\"en-US\",\"potentialAction\":[{\"@type\":\"ReadAction\",\"target\":[\"https:\\\/\\\/www.cic.es\\\/en\\\/it-infrastructure\\\/communications\\\/ip-networks\\\/\"]}]},{\"@type\":\"ImageObject\",\"inLanguage\":\"en-US\",\"@id\":\"https:\\\/\\\/www.cic.es\\\/en\\\/it-infrastructure\\\/communications\\\/ip-networks\\\/#primaryimage\",\"url\":\"https:\\\/\\\/www.cic.es\\\/wp-content\\\/uploads\\\/2018\\\/07\\\/redes-ip.jpg\",\"contentUrl\":\"https:\\\/\\\/www.cic.es\\\/wp-content\\\/uploads\\\/2018\\\/07\\\/redes-ip.jpg\",\"width\":1600,\"height\":900},{\"@type\":\"BreadcrumbList\",\"@id\":\"https:\\\/\\\/www.cic.es\\\/en\\\/it-infrastructure\\\/communications\\\/ip-networks\\\/#breadcrumb\",\"itemListElement\":[{\"@type\":\"ListItem\",\"position\":1,\"name\":\"CIC\",\"item\":\"https:\\\/\\\/www.cic.es\\\/\"},{\"@type\":\"ListItem\",\"position\":2,\"name\":\"IT Infrastructure\",\"item\":\"https:\\\/\\\/www.cic.es\\\/en\\\/it-infrastructure\\\/\"},{\"@type\":\"ListItem\",\"position\":3,\"name\":\"Communications\",\"item\":\"https:\\\/\\\/www.cic.es\\\/en\\\/it-infrastructure\\\/communications\\\/\"},{\"@type\":\"ListItem\",\"position\":4,\"name\":\"IP Networks\"}]},{\"@type\":\"WebSite\",\"@id\":\"https:\\\/\\\/www.cic.es\\\/#website\",\"url\":\"https:\\\/\\\/www.cic.es\\\/\",\"name\":\"CIC Consulting Inform\u00e1tico\",\"description\":\"Somos una consultor\u00eda de ingenier\u00eda de desarrollo y proyectos de inform\u00e1tica y comunicaciones\",\"publisher\":{\"@id\":\"https:\\\/\\\/www.cic.es\\\/#organization\"},\"alternateName\":\"CIC Consulting Inform\u00e1tico\",\"potentialAction\":[{\"@type\":\"SearchAction\",\"target\":{\"@type\":\"EntryPoint\",\"urlTemplate\":\"https:\\\/\\\/www.cic.es\\\/?s={search_term_string}\"},\"query-input\":{\"@type\":\"PropertyValueSpecification\",\"valueRequired\":true,\"valueName\":\"search_term_string\"}}],\"inLanguage\":\"en-US\"},{\"@type\":\"Organization\",\"@id\":\"https:\\\/\\\/www.cic.es\\\/#organization\",\"name\":\"CIC Consulting Inform\u00e1tico\",\"alternateName\":\"CIC Consulting Inform\u00e1tico\",\"url\":\"https:\\\/\\\/www.cic.es\\\/\",\"logo\":{\"@type\":\"ImageObject\",\"inLanguage\":\"en-US\",\"@id\":\"https:\\\/\\\/www.cic.es\\\/#\\\/schema\\\/logo\\\/image\\\/\",\"url\":\"https:\\\/\\\/www.cic.es\\\/wp-content\\\/uploads\\\/2018\\\/04\\\/cic_color.png\",\"contentUrl\":\"https:\\\/\\\/www.cic.es\\\/wp-content\\\/uploads\\\/2018\\\/04\\\/cic_color.png\",\"width\":300,\"height\":200,\"caption\":\"CIC Consulting Inform\u00e1tico\"},\"image\":{\"@id\":\"https:\\\/\\\/www.cic.es\\\/#\\\/schema\\\/logo\\\/image\\\/\"},\"sameAs\":[\"https:\\\/\\\/www.facebook.com\\\/CIC.Consulting\\\/\",\"https:\\\/\\\/x.com\\\/CICactualidad\",\"https:\\\/\\\/www.linkedin.com\\\/company\\\/2157627\\\/\",\"https:\\\/\\\/www.pinterest.es\\\/cicconsultinginformatico\\\/\",\"https:\\\/\\\/www.youtube.com\\\/user\\\/webmastercic\"]}]}<\/script>\n<!-- \/ Yoast SEO plugin. -->","yoast_head_json":{"title":"IP Networks CIC Consulting Inform\u00e1tico","description":"We design, supply, customise and manage IP networks so that your company can connect its IT systems to an internal network or the Internet.","robots":{"index":"index","follow":"follow","max-snippet":"max-snippet:-1","max-image-preview":"max-image-preview:large","max-video-preview":"max-video-preview:-1"},"canonical":"https:\/\/www.cic.es\/en\/it-infrastructure\/communications\/ip-networks\/","og_locale":"en_US","og_type":"article","og_title":"IP Networks CIC Consulting Inform\u00e1tico","og_description":"We design, supply, customise and manage IP networks so that your company can connect its IT systems to an internal network or the Internet.","og_url":"https:\/\/www.cic.es\/en\/it-infrastructure\/communications\/ip-networks\/","og_site_name":"CIC Consulting Inform\u00e1tico","article_publisher":"https:\/\/www.facebook.com\/CIC.Consulting\/","article_modified_time":"2023-07-05T06:08:34+00:00","og_image":[{"width":1600,"height":900,"url":"https:\/\/www.cic.es\/wp-content\/uploads\/2018\/07\/redes-ip.jpg","type":"image\/jpeg"}],"twitter_card":"summary_large_image","twitter_site":"@CICactualidad","twitter_misc":{"Est. reading time":"1 minute"},"schema":{"@context":"https:\/\/schema.org","@graph":[{"@type":"WebPage","@id":"https:\/\/www.cic.es\/en\/it-infrastructure\/communications\/ip-networks\/","url":"https:\/\/www.cic.es\/en\/it-infrastructure\/communications\/ip-networks\/","name":"IP Networks CIC Consulting Inform\u00e1tico","isPartOf":{"@id":"https:\/\/www.cic.es\/#website"},"primaryImageOfPage":{"@id":"https:\/\/www.cic.es\/en\/it-infrastructure\/communications\/ip-networks\/#primaryimage"},"image":{"@id":"https:\/\/www.cic.es\/en\/it-infrastructure\/communications\/ip-networks\/#primaryimage"},"thumbnailUrl":"https:\/\/www.cic.es\/wp-content\/uploads\/2018\/07\/redes-ip.jpg","datePublished":"2018-07-18T07:44:13+00:00","dateModified":"2023-07-05T06:08:34+00:00","description":"We design, supply, customise and manage IP networks so that your company can connect its IT systems to an internal network or the Internet.","breadcrumb":{"@id":"https:\/\/www.cic.es\/en\/it-infrastructure\/communications\/ip-networks\/#breadcrumb"},"inLanguage":"en-US","potentialAction":[{"@type":"ReadAction","target":["https:\/\/www.cic.es\/en\/it-infrastructure\/communications\/ip-networks\/"]}]},{"@type":"ImageObject","inLanguage":"en-US","@id":"https:\/\/www.cic.es\/en\/it-infrastructure\/communications\/ip-networks\/#primaryimage","url":"https:\/\/www.cic.es\/wp-content\/uploads\/2018\/07\/redes-ip.jpg","contentUrl":"https:\/\/www.cic.es\/wp-content\/uploads\/2018\/07\/redes-ip.jpg","width":1600,"height":900},{"@type":"BreadcrumbList","@id":"https:\/\/www.cic.es\/en\/it-infrastructure\/communications\/ip-networks\/#breadcrumb","itemListElement":[{"@type":"ListItem","position":1,"name":"CIC","item":"https:\/\/www.cic.es\/"},{"@type":"ListItem","position":2,"name":"IT Infrastructure","item":"https:\/\/www.cic.es\/en\/it-infrastructure\/"},{"@type":"ListItem","position":3,"name":"Communications","item":"https:\/\/www.cic.es\/en\/it-infrastructure\/communications\/"},{"@type":"ListItem","position":4,"name":"IP Networks"}]},{"@type":"WebSite","@id":"https:\/\/www.cic.es\/#website","url":"https:\/\/www.cic.es\/","name":"CIC Consulting Inform\u00e1tico","description":"Somos una consultor\u00eda de ingenier\u00eda de desarrollo y proyectos de inform\u00e1tica y comunicaciones","publisher":{"@id":"https:\/\/www.cic.es\/#organization"},"alternateName":"CIC Consulting Inform\u00e1tico","potentialAction":[{"@type":"SearchAction","target":{"@type":"EntryPoint","urlTemplate":"https:\/\/www.cic.es\/?s={search_term_string}"},"query-input":{"@type":"PropertyValueSpecification","valueRequired":true,"valueName":"search_term_string"}}],"inLanguage":"en-US"},{"@type":"Organization","@id":"https:\/\/www.cic.es\/#organization","name":"CIC Consulting Inform\u00e1tico","alternateName":"CIC Consulting Inform\u00e1tico","url":"https:\/\/www.cic.es\/","logo":{"@type":"ImageObject","inLanguage":"en-US","@id":"https:\/\/www.cic.es\/#\/schema\/logo\/image\/","url":"https:\/\/www.cic.es\/wp-content\/uploads\/2018\/04\/cic_color.png","contentUrl":"https:\/\/www.cic.es\/wp-content\/uploads\/2018\/04\/cic_color.png","width":300,"height":200,"caption":"CIC Consulting Inform\u00e1tico"},"image":{"@id":"https:\/\/www.cic.es\/#\/schema\/logo\/image\/"},"sameAs":["https:\/\/www.facebook.com\/CIC.Consulting\/","https:\/\/x.com\/CICactualidad","https:\/\/www.linkedin.com\/company\/2157627\/","https:\/\/www.pinterest.es\/cicconsultinginformatico\/","https:\/\/www.youtube.com\/user\/webmastercic"]}]}},"_links":{"self":[{"href":"https:\/\/www.cic.es\/en\/wp-json\/wp\/v2\/pages\/4429","targetHints":{"allow":["GET"]}}],"collection":[{"href":"https:\/\/www.cic.es\/en\/wp-json\/wp\/v2\/pages"}],"about":[{"href":"https:\/\/www.cic.es\/en\/wp-json\/wp\/v2\/types\/page"}],"author":[{"embeddable":true,"href":"https:\/\/www.cic.es\/en\/wp-json\/wp\/v2\/users\/1"}],"replies":[{"embeddable":true,"href":"https:\/\/www.cic.es\/en\/wp-json\/wp\/v2\/comments?post=4429"}],"version-history":[{"count":4,"href":"https:\/\/www.cic.es\/en\/wp-json\/wp\/v2\/pages\/4429\/revisions"}],"predecessor-version":[{"id":14135,"href":"https:\/\/www.cic.es\/en\/wp-json\/wp\/v2\/pages\/4429\/revisions\/14135"}],"up":[{"embeddable":true,"href":"https:\/\/www.cic.es\/en\/wp-json\/wp\/v2\/pages\/4415"}],"wp:featuredmedia":[{"embeddable":true,"href":"https:\/\/www.cic.es\/en\/wp-json\/wp\/v2\/media\/4055"}],"wp:attachment":[{"href":"https:\/\/www.cic.es\/en\/wp-json\/wp\/v2\/media?parent=4429"}],"curies":[{"name":"wp","href":"https:\/\/api.w.org\/{rel}","templated":true}]}}