{"id":4423,"date":"2019-01-02T18:10:49","date_gmt":"2019-01-02T17:10:49","guid":{"rendered":"http:\/\/webcic-pre.cic.es\/?page_id=4423"},"modified":"2023-04-28T11:18:38","modified_gmt":"2023-04-28T10:18:38","slug":"real-time-monitoring-of-scada-systems","status":"publish","type":"page","link":"https:\/\/www.cic.es\/en\/it-infrastructure\/communications\/real-time-monitoring-of-scada-systems\/","title":{"rendered":"Real-time monitoring of SCADA systems"},"content":{"rendered":"<h2><strong>We provide a set of solutions that allows you to have visibility of communications of SCADA systems<\/strong><\/h2>\n<p><a href=\"https:\/\/www.cic.es\/en\/cybersecurity\/\"><strong>Industrial cyber security solutions<\/strong><\/a> based on Firewalls with DPI (Deep Package Inspection) from different manufacturers (Fortinet, Checkpoint, Palo Alto, Tofino, Kaspersky\u2026)<\/p>\n<h2>ViewScada.<\/h2>\n<p>As systems are constantly being monitored today, what is needed is an easy and efficient way for it to be done in order to prevent faults. ViewScada is able to do this without a hitch, through its web interface that can be used on any device through a real-time alarm system that uses emails to inform you.<\/p>\n<p><img loading=\"lazy\" decoding=\"async\" class=\"aligncenter wp-image-2940 size-full\" title=\"ViewScada Simplifica y facilita la monitorizaci\u00f3n de sistemas Scada . Captura y an\u00e1lisis en tiempo real de protocolos de comunicaci\u00f3n industrial \" src=\"https:\/\/www.cic.es\/wp-content\/uploads\/2018\/10\/ViewScada-Simplifica-y-facilita-la-monitorizacion-de-sistemas-Scada.png\" alt=\"ViewScada Simplifica y facilita la monitorizaci\u00f3n de sistemas Scada . Captura y an\u00e1lisis en tiempo real de protocolos de comunicaci\u00f3n industrial \" width=\"439\" height=\"271\" \/><\/p>\n<h3><strong>ViewScada: Makes it easier to monitor SCADA systems<\/strong><\/h3>\n<ul>\n<li><strong>Real-time monitoring: <\/strong>ViewScada analyses your network traffic and gathers the necessary data to check the state of communications of your equipment and devices that use your network.<\/li>\n<li><strong>Log in from any device: <\/strong>Based on a web Frontend, it is possible to access the monitoring of your system from any device that uses a web browser. Therefore, no installation is required.<\/li>\n<li><strong>Get alerts wherever you may be: <\/strong>Thanks to its email alert system, you will receive warnings regarding the state of your network on any device and where ever you are.<\/li>\n<li><strong>Compatible with multiple SCADA protocols: <\/strong>ViewScada adapts to different Scada protocols (IEC101, IEC104 and others).<\/li>\n<\/ul>\n<h3>Reduce\u00a0<strong>response times in incidents resolutions and allow for integration with other systems.<\/strong><\/h3>\n<p>Thanks to easy integration with other monitoring and analysis platforms, you will have options to identify and resolve your network problem easily and efficiently.<\/p>\n<ul>\n<li><strong>Troubleshooting: <\/strong>With this tool you will be able to shorten your response time to a problem with your network, due to a quicker analysis of problems.<\/li>\n<li><strong>Integration with SysLog Tools:<\/strong> Integrate the state of your network on other monitoring platforms like ELK, W6, Splunk or AlienVault.<\/li>\n<\/ul>\n<h3>Scheme of ViewScada<\/h3>\n<p><img loading=\"lazy\" decoding=\"async\" class=\"aligncenter wp-image-2942 size-medium\" title=\"ViewScada - Monitorizaci\u00f3n a tiempo real de sistemas SCADA\" src=\"https:\/\/www.cic.es\/wp-content\/uploads\/2018\/10\/Monitorizacion-a-tiempo-real-de-sistemas-SCADA-600x470.png\" alt=\"Monitorizaci\u00f3n a tiempo real de sistemas SCADA\" width=\"600\" height=\"470\" srcset=\"https:\/\/www.cic.es\/wp-content\/uploads\/2018\/10\/Monitorizacion-a-tiempo-real-de-sistemas-SCADA-600x470.png 600w, https:\/\/www.cic.es\/wp-content\/uploads\/2018\/10\/Monitorizacion-a-tiempo-real-de-sistemas-SCADA.png 768w\" sizes=\"auto, (max-width: 600px) 100vw, 600px\" \/><\/p>\n","protected":false},"excerpt":{"rendered":"<p>We provide a set of solutions that allows you to have visibility of communications of SCADA systems Industrial cyber security solutions based on Firewalls with DPI (Deep Package Inspection) from different manufacturers (Fortinet, Checkpoint, Palo Alto, Tofino, Kaspersky\u2026) ViewScada. As systems are constantly being monitored today, what is needed is&#8230;<\/p>\n","protected":false},"author":1,"featured_media":4059,"parent":4415,"menu_order":0,"comment_status":"closed","ping_status":"closed","template":"page-templates\/page-servicios.php","meta":{"_acf_changed":false,"footnotes":""},"class_list":["post-4423","page","type-page","status-publish","has-post-thumbnail","hentry"],"acf":[],"yoast_head":"<!-- This site is optimized with the Yoast SEO plugin v27.4 - https:\/\/yoast.com\/product\/yoast-seo-wordpress\/ -->\n<title>Real-time monitoring of SCADA systems CIC Consulting Inform\u00e1tico<\/title>\n<meta name=\"description\" content=\"As systems are constantly being monitored today, what is needed is an easy and efficient way for it to be done in order to prevent faults.\" \/>\n<meta name=\"robots\" content=\"index, follow, max-snippet:-1, max-image-preview:large, max-video-preview:-1\" \/>\n<link rel=\"canonical\" href=\"https:\/\/www.cic.es\/en\/it-infrastructure\/communications\/real-time-monitoring-of-scada-systems\/\" \/>\n<meta property=\"og:locale\" content=\"en_US\" \/>\n<meta property=\"og:type\" content=\"article\" \/>\n<meta property=\"og:title\" content=\"Real-time monitoring of SCADA systems CIC Consulting Inform\u00e1tico\" \/>\n<meta property=\"og:description\" content=\"As systems are constantly being monitored today, what is needed is an easy and efficient way for it to be done in order to prevent faults.\" \/>\n<meta property=\"og:url\" content=\"https:\/\/www.cic.es\/en\/it-infrastructure\/communications\/real-time-monitoring-of-scada-systems\/\" \/>\n<meta property=\"og:site_name\" content=\"CIC Consulting Inform\u00e1tico\" \/>\n<meta property=\"article:publisher\" content=\"https:\/\/www.facebook.com\/CIC.Consulting\/\" \/>\n<meta property=\"article:modified_time\" content=\"2023-04-28T10:18:38+00:00\" \/>\n<meta property=\"og:image\" content=\"https:\/\/www.cic.es\/wp-content\/uploads\/2018\/08\/scada.jpg\" \/>\n\t<meta property=\"og:image:width\" content=\"1600\" \/>\n\t<meta property=\"og:image:height\" content=\"832\" \/>\n\t<meta property=\"og:image:type\" content=\"image\/jpeg\" \/>\n<meta name=\"twitter:card\" content=\"summary_large_image\" \/>\n<meta name=\"twitter:site\" content=\"@CICactualidad\" \/>\n<meta name=\"twitter:label1\" content=\"Est. reading time\" \/>\n\t<meta name=\"twitter:data1\" content=\"2 minutes\" \/>\n<script type=\"application\/ld+json\" class=\"yoast-schema-graph\">{\"@context\":\"https:\\\/\\\/schema.org\",\"@graph\":[{\"@type\":\"WebPage\",\"@id\":\"https:\\\/\\\/www.cic.es\\\/en\\\/it-infrastructure\\\/communications\\\/real-time-monitoring-of-scada-systems\\\/\",\"url\":\"https:\\\/\\\/www.cic.es\\\/en\\\/it-infrastructure\\\/communications\\\/real-time-monitoring-of-scada-systems\\\/\",\"name\":\"Real-time monitoring of SCADA systems CIC Consulting Inform\u00e1tico\",\"isPartOf\":{\"@id\":\"https:\\\/\\\/www.cic.es\\\/#website\"},\"primaryImageOfPage\":{\"@id\":\"https:\\\/\\\/www.cic.es\\\/en\\\/it-infrastructure\\\/communications\\\/real-time-monitoring-of-scada-systems\\\/#primaryimage\"},\"image\":{\"@id\":\"https:\\\/\\\/www.cic.es\\\/en\\\/it-infrastructure\\\/communications\\\/real-time-monitoring-of-scada-systems\\\/#primaryimage\"},\"thumbnailUrl\":\"https:\\\/\\\/www.cic.es\\\/wp-content\\\/uploads\\\/2018\\\/08\\\/scada.jpg\",\"datePublished\":\"2019-01-02T17:10:49+00:00\",\"dateModified\":\"2023-04-28T10:18:38+00:00\",\"description\":\"As systems are constantly being monitored today, what is needed is an easy and efficient way for it to be done in order to prevent faults.\",\"breadcrumb\":{\"@id\":\"https:\\\/\\\/www.cic.es\\\/en\\\/it-infrastructure\\\/communications\\\/real-time-monitoring-of-scada-systems\\\/#breadcrumb\"},\"inLanguage\":\"en-US\",\"potentialAction\":[{\"@type\":\"ReadAction\",\"target\":[\"https:\\\/\\\/www.cic.es\\\/en\\\/it-infrastructure\\\/communications\\\/real-time-monitoring-of-scada-systems\\\/\"]}]},{\"@type\":\"ImageObject\",\"inLanguage\":\"en-US\",\"@id\":\"https:\\\/\\\/www.cic.es\\\/en\\\/it-infrastructure\\\/communications\\\/real-time-monitoring-of-scada-systems\\\/#primaryimage\",\"url\":\"https:\\\/\\\/www.cic.es\\\/wp-content\\\/uploads\\\/2018\\\/08\\\/scada.jpg\",\"contentUrl\":\"https:\\\/\\\/www.cic.es\\\/wp-content\\\/uploads\\\/2018\\\/08\\\/scada.jpg\",\"width\":1600,\"height\":832},{\"@type\":\"BreadcrumbList\",\"@id\":\"https:\\\/\\\/www.cic.es\\\/en\\\/it-infrastructure\\\/communications\\\/real-time-monitoring-of-scada-systems\\\/#breadcrumb\",\"itemListElement\":[{\"@type\":\"ListItem\",\"position\":1,\"name\":\"CIC\",\"item\":\"https:\\\/\\\/www.cic.es\\\/\"},{\"@type\":\"ListItem\",\"position\":2,\"name\":\"IT Infrastructure\",\"item\":\"https:\\\/\\\/www.cic.es\\\/en\\\/it-infrastructure\\\/\"},{\"@type\":\"ListItem\",\"position\":3,\"name\":\"Communications\",\"item\":\"https:\\\/\\\/www.cic.es\\\/en\\\/it-infrastructure\\\/communications\\\/\"},{\"@type\":\"ListItem\",\"position\":4,\"name\":\"Real-time monitoring of SCADA systems\"}]},{\"@type\":\"WebSite\",\"@id\":\"https:\\\/\\\/www.cic.es\\\/#website\",\"url\":\"https:\\\/\\\/www.cic.es\\\/\",\"name\":\"CIC Consulting Inform\u00e1tico\",\"description\":\"Somos una consultor\u00eda de ingenier\u00eda de desarrollo y proyectos de inform\u00e1tica y comunicaciones\",\"publisher\":{\"@id\":\"https:\\\/\\\/www.cic.es\\\/#organization\"},\"alternateName\":\"CIC Consulting Inform\u00e1tico\",\"potentialAction\":[{\"@type\":\"SearchAction\",\"target\":{\"@type\":\"EntryPoint\",\"urlTemplate\":\"https:\\\/\\\/www.cic.es\\\/?s={search_term_string}\"},\"query-input\":{\"@type\":\"PropertyValueSpecification\",\"valueRequired\":true,\"valueName\":\"search_term_string\"}}],\"inLanguage\":\"en-US\"},{\"@type\":\"Organization\",\"@id\":\"https:\\\/\\\/www.cic.es\\\/#organization\",\"name\":\"CIC Consulting Inform\u00e1tico\",\"alternateName\":\"CIC Consulting Inform\u00e1tico\",\"url\":\"https:\\\/\\\/www.cic.es\\\/\",\"logo\":{\"@type\":\"ImageObject\",\"inLanguage\":\"en-US\",\"@id\":\"https:\\\/\\\/www.cic.es\\\/#\\\/schema\\\/logo\\\/image\\\/\",\"url\":\"https:\\\/\\\/www.cic.es\\\/wp-content\\\/uploads\\\/2018\\\/04\\\/cic_color.png\",\"contentUrl\":\"https:\\\/\\\/www.cic.es\\\/wp-content\\\/uploads\\\/2018\\\/04\\\/cic_color.png\",\"width\":300,\"height\":200,\"caption\":\"CIC Consulting Inform\u00e1tico\"},\"image\":{\"@id\":\"https:\\\/\\\/www.cic.es\\\/#\\\/schema\\\/logo\\\/image\\\/\"},\"sameAs\":[\"https:\\\/\\\/www.facebook.com\\\/CIC.Consulting\\\/\",\"https:\\\/\\\/x.com\\\/CICactualidad\",\"https:\\\/\\\/www.linkedin.com\\\/company\\\/2157627\\\/\",\"https:\\\/\\\/www.pinterest.es\\\/cicconsultinginformatico\\\/\",\"https:\\\/\\\/www.youtube.com\\\/user\\\/webmastercic\"]}]}<\/script>\n<!-- \/ Yoast SEO plugin. -->","yoast_head_json":{"title":"Real-time monitoring of SCADA systems CIC Consulting Inform\u00e1tico","description":"As systems are constantly being monitored today, what is needed is an easy and efficient way for it to be done in order to prevent faults.","robots":{"index":"index","follow":"follow","max-snippet":"max-snippet:-1","max-image-preview":"max-image-preview:large","max-video-preview":"max-video-preview:-1"},"canonical":"https:\/\/www.cic.es\/en\/it-infrastructure\/communications\/real-time-monitoring-of-scada-systems\/","og_locale":"en_US","og_type":"article","og_title":"Real-time monitoring of SCADA systems CIC Consulting Inform\u00e1tico","og_description":"As systems are constantly being monitored today, what is needed is an easy and efficient way for it to be done in order to prevent faults.","og_url":"https:\/\/www.cic.es\/en\/it-infrastructure\/communications\/real-time-monitoring-of-scada-systems\/","og_site_name":"CIC Consulting Inform\u00e1tico","article_publisher":"https:\/\/www.facebook.com\/CIC.Consulting\/","article_modified_time":"2023-04-28T10:18:38+00:00","og_image":[{"width":1600,"height":832,"url":"https:\/\/www.cic.es\/wp-content\/uploads\/2018\/08\/scada.jpg","type":"image\/jpeg"}],"twitter_card":"summary_large_image","twitter_site":"@CICactualidad","twitter_misc":{"Est. reading time":"2 minutes"},"schema":{"@context":"https:\/\/schema.org","@graph":[{"@type":"WebPage","@id":"https:\/\/www.cic.es\/en\/it-infrastructure\/communications\/real-time-monitoring-of-scada-systems\/","url":"https:\/\/www.cic.es\/en\/it-infrastructure\/communications\/real-time-monitoring-of-scada-systems\/","name":"Real-time monitoring of SCADA systems CIC Consulting Inform\u00e1tico","isPartOf":{"@id":"https:\/\/www.cic.es\/#website"},"primaryImageOfPage":{"@id":"https:\/\/www.cic.es\/en\/it-infrastructure\/communications\/real-time-monitoring-of-scada-systems\/#primaryimage"},"image":{"@id":"https:\/\/www.cic.es\/en\/it-infrastructure\/communications\/real-time-monitoring-of-scada-systems\/#primaryimage"},"thumbnailUrl":"https:\/\/www.cic.es\/wp-content\/uploads\/2018\/08\/scada.jpg","datePublished":"2019-01-02T17:10:49+00:00","dateModified":"2023-04-28T10:18:38+00:00","description":"As systems are constantly being monitored today, what is needed is an easy and efficient way for it to be done in order to prevent faults.","breadcrumb":{"@id":"https:\/\/www.cic.es\/en\/it-infrastructure\/communications\/real-time-monitoring-of-scada-systems\/#breadcrumb"},"inLanguage":"en-US","potentialAction":[{"@type":"ReadAction","target":["https:\/\/www.cic.es\/en\/it-infrastructure\/communications\/real-time-monitoring-of-scada-systems\/"]}]},{"@type":"ImageObject","inLanguage":"en-US","@id":"https:\/\/www.cic.es\/en\/it-infrastructure\/communications\/real-time-monitoring-of-scada-systems\/#primaryimage","url":"https:\/\/www.cic.es\/wp-content\/uploads\/2018\/08\/scada.jpg","contentUrl":"https:\/\/www.cic.es\/wp-content\/uploads\/2018\/08\/scada.jpg","width":1600,"height":832},{"@type":"BreadcrumbList","@id":"https:\/\/www.cic.es\/en\/it-infrastructure\/communications\/real-time-monitoring-of-scada-systems\/#breadcrumb","itemListElement":[{"@type":"ListItem","position":1,"name":"CIC","item":"https:\/\/www.cic.es\/"},{"@type":"ListItem","position":2,"name":"IT Infrastructure","item":"https:\/\/www.cic.es\/en\/it-infrastructure\/"},{"@type":"ListItem","position":3,"name":"Communications","item":"https:\/\/www.cic.es\/en\/it-infrastructure\/communications\/"},{"@type":"ListItem","position":4,"name":"Real-time monitoring of SCADA systems"}]},{"@type":"WebSite","@id":"https:\/\/www.cic.es\/#website","url":"https:\/\/www.cic.es\/","name":"CIC Consulting Inform\u00e1tico","description":"Somos una consultor\u00eda de ingenier\u00eda de desarrollo y proyectos de inform\u00e1tica y comunicaciones","publisher":{"@id":"https:\/\/www.cic.es\/#organization"},"alternateName":"CIC Consulting Inform\u00e1tico","potentialAction":[{"@type":"SearchAction","target":{"@type":"EntryPoint","urlTemplate":"https:\/\/www.cic.es\/?s={search_term_string}"},"query-input":{"@type":"PropertyValueSpecification","valueRequired":true,"valueName":"search_term_string"}}],"inLanguage":"en-US"},{"@type":"Organization","@id":"https:\/\/www.cic.es\/#organization","name":"CIC Consulting Inform\u00e1tico","alternateName":"CIC Consulting Inform\u00e1tico","url":"https:\/\/www.cic.es\/","logo":{"@type":"ImageObject","inLanguage":"en-US","@id":"https:\/\/www.cic.es\/#\/schema\/logo\/image\/","url":"https:\/\/www.cic.es\/wp-content\/uploads\/2018\/04\/cic_color.png","contentUrl":"https:\/\/www.cic.es\/wp-content\/uploads\/2018\/04\/cic_color.png","width":300,"height":200,"caption":"CIC Consulting Inform\u00e1tico"},"image":{"@id":"https:\/\/www.cic.es\/#\/schema\/logo\/image\/"},"sameAs":["https:\/\/www.facebook.com\/CIC.Consulting\/","https:\/\/x.com\/CICactualidad","https:\/\/www.linkedin.com\/company\/2157627\/","https:\/\/www.pinterest.es\/cicconsultinginformatico\/","https:\/\/www.youtube.com\/user\/webmastercic"]}]}},"_links":{"self":[{"href":"https:\/\/www.cic.es\/en\/wp-json\/wp\/v2\/pages\/4423","targetHints":{"allow":["GET"]}}],"collection":[{"href":"https:\/\/www.cic.es\/en\/wp-json\/wp\/v2\/pages"}],"about":[{"href":"https:\/\/www.cic.es\/en\/wp-json\/wp\/v2\/types\/page"}],"author":[{"embeddable":true,"href":"https:\/\/www.cic.es\/en\/wp-json\/wp\/v2\/users\/1"}],"replies":[{"embeddable":true,"href":"https:\/\/www.cic.es\/en\/wp-json\/wp\/v2\/comments?post=4423"}],"version-history":[{"count":4,"href":"https:\/\/www.cic.es\/en\/wp-json\/wp\/v2\/pages\/4423\/revisions"}],"predecessor-version":[{"id":13361,"href":"https:\/\/www.cic.es\/en\/wp-json\/wp\/v2\/pages\/4423\/revisions\/13361"}],"up":[{"embeddable":true,"href":"https:\/\/www.cic.es\/en\/wp-json\/wp\/v2\/pages\/4415"}],"wp:featuredmedia":[{"embeddable":true,"href":"https:\/\/www.cic.es\/en\/wp-json\/wp\/v2\/media\/4059"}],"wp:attachment":[{"href":"https:\/\/www.cic.es\/en\/wp-json\/wp\/v2\/media?parent=4423"}],"curies":[{"name":"wp","href":"https:\/\/api.w.org\/{rel}","templated":true}]}}