{"id":4419,"date":"2019-01-02T18:07:31","date_gmt":"2019-01-02T17:07:31","guid":{"rendered":"http:\/\/webcic-pre.cic.es\/?page_id=4419"},"modified":"2021-01-27T15:42:10","modified_gmt":"2021-01-27T14:42:10","slug":"voice-and-data-integration","status":"publish","type":"page","link":"https:\/\/www.cic.es\/en\/it-infrastructure\/communications\/voice-and-data-integration\/","title":{"rendered":"Voice and Data Integration"},"content":{"rendered":"<h2><strong>We carry out Unified Communications projects where we integrate voice, data and video networks.<\/strong><\/h2>\n<ul>\n<li>Integration of IP hardware (Cisco, Avaya) or free software (Asterisk) with ERP systems (Microsoft Dynamics Navision, SAP\u2026) with messaging systems (Microsoft Exchange, Linux\u2026etc.)<\/li>\n<li>Traditional RDSI and IP videoconference systems; both hardware and software (Cisco, Tandberg, Radvision, Polycom, Vidyo, Mirial\u2026)<\/li>\n<li>Deployment of Microsoft OCS\/Lync\/Skype<\/li>\n<li>IP cameras and recording servers (Axis, Mobotix, Milestone)<\/li>\n<\/ul>\n<p>All our Unified Communication projects, where we integrate voice, data and video networks, always in take into account the basic premises of reliability, secure access and a guarantee.<\/p>\n<p>We bring experience to the table, the best professionals, a proven methodology in all our products and the backing, support, certifications and partnership of the best in class manufacturers in the industry. (Cisco, Avaya, Radvision, Microsoft\u2026)<\/p>\n<h2><strong>IP Telephony \u2013 voice and data integration<\/strong><\/h2>\n<p>Implementation and integration of specific IP telephony for SMEs or large corporations.<\/p>\n<p>We build your project in IP telephony form start to finish: consulting and customised study, design, supply hardware and software, construction, deployment, installation, training, maintenance and integration with other systems and environments. All our solutions offer our full reliability guarantee thanks to the certifications of our finished projects.<\/p>\n<h3><strong>Typical working environments:<\/strong><\/h3>\n<ul>\n<li>IP hardware switchboards Cisco and Avaya<\/li>\n<li>IP free software switchboards Asterisk<\/li>\n<li>Systems integration, QSIG, H323, SIP and Windows ecosystem<\/li>\n<li>Intercoms<\/li>\n<\/ul>\n<h3><strong>We bring experience to the table, the best professionals, a proven methodology in all our products and the backing, support, partnerships and certifications of the best in class manufacturers in the industry. (Cisco, Avaya, Asterisk, \u2026)<\/strong><\/h3>\n","protected":false},"excerpt":{"rendered":"<p>We carry out Unified Communications projects where we integrate voice, data and video networks. Integration of IP hardware (Cisco, Avaya) or free software (Asterisk) with ERP systems (Microsoft Dynamics Navision, SAP\u2026) with messaging systems (Microsoft Exchange, Linux\u2026etc.) Traditional RDSI and IP videoconference systems; both hardware and software (Cisco, Tandberg, Radvision,&#8230;<\/p>\n","protected":false},"author":1,"featured_media":4057,"parent":4415,"menu_order":0,"comment_status":"closed","ping_status":"closed","template":"page-templates\/page-servicios.php","meta":{"_acf_changed":false,"footnotes":""},"class_list":["post-4419","page","type-page","status-publish","has-post-thumbnail","hentry"],"acf":[],"yoast_head":"<!-- This site is optimized with the Yoast SEO plugin v27.4 - https:\/\/yoast.com\/product\/yoast-seo-wordpress\/ -->\n<title>Voice and Data Integration CIC Consulting Inform\u00e1tico<\/title>\n<meta name=\"description\" content=\"We integrate voice, data and video networks, always in take into account the basic premises of reliability, secure access and a guarantee.\" \/>\n<meta name=\"robots\" content=\"index, follow, max-snippet:-1, max-image-preview:large, max-video-preview:-1\" \/>\n<link rel=\"canonical\" href=\"https:\/\/www.cic.es\/en\/it-infrastructure\/communications\/voice-and-data-integration\/\" \/>\n<meta property=\"og:locale\" content=\"en_US\" \/>\n<meta property=\"og:type\" content=\"article\" \/>\n<meta property=\"og:title\" content=\"Voice and Data Integration CIC Consulting Inform\u00e1tico\" \/>\n<meta property=\"og:description\" content=\"We integrate voice, data and video networks, always in take into account the basic premises of reliability, secure access and a guarantee.\" \/>\n<meta property=\"og:url\" content=\"https:\/\/www.cic.es\/en\/it-infrastructure\/communications\/voice-and-data-integration\/\" \/>\n<meta property=\"og:site_name\" content=\"CIC Consulting Inform\u00e1tico\" \/>\n<meta property=\"article:publisher\" content=\"https:\/\/www.facebook.com\/CIC.Consulting\/\" \/>\n<meta property=\"article:modified_time\" content=\"2021-01-27T14:42:10+00:00\" \/>\n<meta property=\"og:image\" content=\"https:\/\/www.cic.es\/wp-content\/uploads\/2018\/07\/integracion-voz-datos-1.jpg\" \/>\n\t<meta property=\"og:image:width\" content=\"1600\" \/>\n\t<meta property=\"og:image:height\" content=\"851\" \/>\n\t<meta property=\"og:image:type\" content=\"image\/jpeg\" \/>\n<meta name=\"twitter:card\" content=\"summary_large_image\" \/>\n<meta name=\"twitter:site\" content=\"@CICactualidad\" \/>\n<meta name=\"twitter:label1\" content=\"Est. reading time\" \/>\n\t<meta name=\"twitter:data1\" content=\"2 minutes\" \/>\n<script type=\"application\/ld+json\" class=\"yoast-schema-graph\">{\"@context\":\"https:\\\/\\\/schema.org\",\"@graph\":[{\"@type\":\"WebPage\",\"@id\":\"https:\\\/\\\/www.cic.es\\\/en\\\/it-infrastructure\\\/communications\\\/voice-and-data-integration\\\/\",\"url\":\"https:\\\/\\\/www.cic.es\\\/en\\\/it-infrastructure\\\/communications\\\/voice-and-data-integration\\\/\",\"name\":\"Voice and Data Integration CIC Consulting Inform\u00e1tico\",\"isPartOf\":{\"@id\":\"https:\\\/\\\/www.cic.es\\\/#website\"},\"primaryImageOfPage\":{\"@id\":\"https:\\\/\\\/www.cic.es\\\/en\\\/it-infrastructure\\\/communications\\\/voice-and-data-integration\\\/#primaryimage\"},\"image\":{\"@id\":\"https:\\\/\\\/www.cic.es\\\/en\\\/it-infrastructure\\\/communications\\\/voice-and-data-integration\\\/#primaryimage\"},\"thumbnailUrl\":\"https:\\\/\\\/www.cic.es\\\/wp-content\\\/uploads\\\/2018\\\/07\\\/integracion-voz-datos-1.jpg\",\"datePublished\":\"2019-01-02T17:07:31+00:00\",\"dateModified\":\"2021-01-27T14:42:10+00:00\",\"description\":\"We integrate voice, data and video networks, always in take into account the basic premises of reliability, secure access and a guarantee.\",\"breadcrumb\":{\"@id\":\"https:\\\/\\\/www.cic.es\\\/en\\\/it-infrastructure\\\/communications\\\/voice-and-data-integration\\\/#breadcrumb\"},\"inLanguage\":\"en-US\",\"potentialAction\":[{\"@type\":\"ReadAction\",\"target\":[\"https:\\\/\\\/www.cic.es\\\/en\\\/it-infrastructure\\\/communications\\\/voice-and-data-integration\\\/\"]}]},{\"@type\":\"ImageObject\",\"inLanguage\":\"en-US\",\"@id\":\"https:\\\/\\\/www.cic.es\\\/en\\\/it-infrastructure\\\/communications\\\/voice-and-data-integration\\\/#primaryimage\",\"url\":\"https:\\\/\\\/www.cic.es\\\/wp-content\\\/uploads\\\/2018\\\/07\\\/integracion-voz-datos-1.jpg\",\"contentUrl\":\"https:\\\/\\\/www.cic.es\\\/wp-content\\\/uploads\\\/2018\\\/07\\\/integracion-voz-datos-1.jpg\",\"width\":1600,\"height\":851},{\"@type\":\"BreadcrumbList\",\"@id\":\"https:\\\/\\\/www.cic.es\\\/en\\\/it-infrastructure\\\/communications\\\/voice-and-data-integration\\\/#breadcrumb\",\"itemListElement\":[{\"@type\":\"ListItem\",\"position\":1,\"name\":\"CIC\",\"item\":\"https:\\\/\\\/www.cic.es\\\/\"},{\"@type\":\"ListItem\",\"position\":2,\"name\":\"IT Infrastructure\",\"item\":\"https:\\\/\\\/www.cic.es\\\/en\\\/it-infrastructure\\\/\"},{\"@type\":\"ListItem\",\"position\":3,\"name\":\"Communications\",\"item\":\"https:\\\/\\\/www.cic.es\\\/en\\\/it-infrastructure\\\/communications\\\/\"},{\"@type\":\"ListItem\",\"position\":4,\"name\":\"Voice and Data Integration\"}]},{\"@type\":\"WebSite\",\"@id\":\"https:\\\/\\\/www.cic.es\\\/#website\",\"url\":\"https:\\\/\\\/www.cic.es\\\/\",\"name\":\"CIC Consulting Inform\u00e1tico\",\"description\":\"Somos una consultor\u00eda de ingenier\u00eda de desarrollo y proyectos de inform\u00e1tica y comunicaciones\",\"publisher\":{\"@id\":\"https:\\\/\\\/www.cic.es\\\/#organization\"},\"alternateName\":\"CIC Consulting Inform\u00e1tico\",\"potentialAction\":[{\"@type\":\"SearchAction\",\"target\":{\"@type\":\"EntryPoint\",\"urlTemplate\":\"https:\\\/\\\/www.cic.es\\\/?s={search_term_string}\"},\"query-input\":{\"@type\":\"PropertyValueSpecification\",\"valueRequired\":true,\"valueName\":\"search_term_string\"}}],\"inLanguage\":\"en-US\"},{\"@type\":\"Organization\",\"@id\":\"https:\\\/\\\/www.cic.es\\\/#organization\",\"name\":\"CIC Consulting Inform\u00e1tico\",\"alternateName\":\"CIC Consulting Inform\u00e1tico\",\"url\":\"https:\\\/\\\/www.cic.es\\\/\",\"logo\":{\"@type\":\"ImageObject\",\"inLanguage\":\"en-US\",\"@id\":\"https:\\\/\\\/www.cic.es\\\/#\\\/schema\\\/logo\\\/image\\\/\",\"url\":\"https:\\\/\\\/www.cic.es\\\/wp-content\\\/uploads\\\/2018\\\/04\\\/cic_color.png\",\"contentUrl\":\"https:\\\/\\\/www.cic.es\\\/wp-content\\\/uploads\\\/2018\\\/04\\\/cic_color.png\",\"width\":300,\"height\":200,\"caption\":\"CIC Consulting Inform\u00e1tico\"},\"image\":{\"@id\":\"https:\\\/\\\/www.cic.es\\\/#\\\/schema\\\/logo\\\/image\\\/\"},\"sameAs\":[\"https:\\\/\\\/www.facebook.com\\\/CIC.Consulting\\\/\",\"https:\\\/\\\/x.com\\\/CICactualidad\",\"https:\\\/\\\/www.linkedin.com\\\/company\\\/2157627\\\/\",\"https:\\\/\\\/www.pinterest.es\\\/cicconsultinginformatico\\\/\",\"https:\\\/\\\/www.youtube.com\\\/user\\\/webmastercic\"]}]}<\/script>\n<!-- \/ Yoast SEO plugin. -->","yoast_head_json":{"title":"Voice and Data Integration CIC Consulting Inform\u00e1tico","description":"We integrate voice, data and video networks, always in take into account the basic premises of reliability, secure access and a guarantee.","robots":{"index":"index","follow":"follow","max-snippet":"max-snippet:-1","max-image-preview":"max-image-preview:large","max-video-preview":"max-video-preview:-1"},"canonical":"https:\/\/www.cic.es\/en\/it-infrastructure\/communications\/voice-and-data-integration\/","og_locale":"en_US","og_type":"article","og_title":"Voice and Data Integration CIC Consulting Inform\u00e1tico","og_description":"We integrate voice, data and video networks, always in take into account the basic premises of reliability, secure access and a guarantee.","og_url":"https:\/\/www.cic.es\/en\/it-infrastructure\/communications\/voice-and-data-integration\/","og_site_name":"CIC Consulting Inform\u00e1tico","article_publisher":"https:\/\/www.facebook.com\/CIC.Consulting\/","article_modified_time":"2021-01-27T14:42:10+00:00","og_image":[{"width":1600,"height":851,"url":"https:\/\/www.cic.es\/wp-content\/uploads\/2018\/07\/integracion-voz-datos-1.jpg","type":"image\/jpeg"}],"twitter_card":"summary_large_image","twitter_site":"@CICactualidad","twitter_misc":{"Est. reading time":"2 minutes"},"schema":{"@context":"https:\/\/schema.org","@graph":[{"@type":"WebPage","@id":"https:\/\/www.cic.es\/en\/it-infrastructure\/communications\/voice-and-data-integration\/","url":"https:\/\/www.cic.es\/en\/it-infrastructure\/communications\/voice-and-data-integration\/","name":"Voice and Data Integration CIC Consulting Inform\u00e1tico","isPartOf":{"@id":"https:\/\/www.cic.es\/#website"},"primaryImageOfPage":{"@id":"https:\/\/www.cic.es\/en\/it-infrastructure\/communications\/voice-and-data-integration\/#primaryimage"},"image":{"@id":"https:\/\/www.cic.es\/en\/it-infrastructure\/communications\/voice-and-data-integration\/#primaryimage"},"thumbnailUrl":"https:\/\/www.cic.es\/wp-content\/uploads\/2018\/07\/integracion-voz-datos-1.jpg","datePublished":"2019-01-02T17:07:31+00:00","dateModified":"2021-01-27T14:42:10+00:00","description":"We integrate voice, data and video networks, always in take into account the basic premises of reliability, secure access and a guarantee.","breadcrumb":{"@id":"https:\/\/www.cic.es\/en\/it-infrastructure\/communications\/voice-and-data-integration\/#breadcrumb"},"inLanguage":"en-US","potentialAction":[{"@type":"ReadAction","target":["https:\/\/www.cic.es\/en\/it-infrastructure\/communications\/voice-and-data-integration\/"]}]},{"@type":"ImageObject","inLanguage":"en-US","@id":"https:\/\/www.cic.es\/en\/it-infrastructure\/communications\/voice-and-data-integration\/#primaryimage","url":"https:\/\/www.cic.es\/wp-content\/uploads\/2018\/07\/integracion-voz-datos-1.jpg","contentUrl":"https:\/\/www.cic.es\/wp-content\/uploads\/2018\/07\/integracion-voz-datos-1.jpg","width":1600,"height":851},{"@type":"BreadcrumbList","@id":"https:\/\/www.cic.es\/en\/it-infrastructure\/communications\/voice-and-data-integration\/#breadcrumb","itemListElement":[{"@type":"ListItem","position":1,"name":"CIC","item":"https:\/\/www.cic.es\/"},{"@type":"ListItem","position":2,"name":"IT Infrastructure","item":"https:\/\/www.cic.es\/en\/it-infrastructure\/"},{"@type":"ListItem","position":3,"name":"Communications","item":"https:\/\/www.cic.es\/en\/it-infrastructure\/communications\/"},{"@type":"ListItem","position":4,"name":"Voice and Data Integration"}]},{"@type":"WebSite","@id":"https:\/\/www.cic.es\/#website","url":"https:\/\/www.cic.es\/","name":"CIC Consulting Inform\u00e1tico","description":"Somos una consultor\u00eda de ingenier\u00eda de desarrollo y proyectos de inform\u00e1tica y comunicaciones","publisher":{"@id":"https:\/\/www.cic.es\/#organization"},"alternateName":"CIC Consulting Inform\u00e1tico","potentialAction":[{"@type":"SearchAction","target":{"@type":"EntryPoint","urlTemplate":"https:\/\/www.cic.es\/?s={search_term_string}"},"query-input":{"@type":"PropertyValueSpecification","valueRequired":true,"valueName":"search_term_string"}}],"inLanguage":"en-US"},{"@type":"Organization","@id":"https:\/\/www.cic.es\/#organization","name":"CIC Consulting Inform\u00e1tico","alternateName":"CIC Consulting Inform\u00e1tico","url":"https:\/\/www.cic.es\/","logo":{"@type":"ImageObject","inLanguage":"en-US","@id":"https:\/\/www.cic.es\/#\/schema\/logo\/image\/","url":"https:\/\/www.cic.es\/wp-content\/uploads\/2018\/04\/cic_color.png","contentUrl":"https:\/\/www.cic.es\/wp-content\/uploads\/2018\/04\/cic_color.png","width":300,"height":200,"caption":"CIC Consulting Inform\u00e1tico"},"image":{"@id":"https:\/\/www.cic.es\/#\/schema\/logo\/image\/"},"sameAs":["https:\/\/www.facebook.com\/CIC.Consulting\/","https:\/\/x.com\/CICactualidad","https:\/\/www.linkedin.com\/company\/2157627\/","https:\/\/www.pinterest.es\/cicconsultinginformatico\/","https:\/\/www.youtube.com\/user\/webmastercic"]}]}},"_links":{"self":[{"href":"https:\/\/www.cic.es\/en\/wp-json\/wp\/v2\/pages\/4419","targetHints":{"allow":["GET"]}}],"collection":[{"href":"https:\/\/www.cic.es\/en\/wp-json\/wp\/v2\/pages"}],"about":[{"href":"https:\/\/www.cic.es\/en\/wp-json\/wp\/v2\/types\/page"}],"author":[{"embeddable":true,"href":"https:\/\/www.cic.es\/en\/wp-json\/wp\/v2\/users\/1"}],"replies":[{"embeddable":true,"href":"https:\/\/www.cic.es\/en\/wp-json\/wp\/v2\/comments?post=4419"}],"version-history":[{"count":1,"href":"https:\/\/www.cic.es\/en\/wp-json\/wp\/v2\/pages\/4419\/revisions"}],"predecessor-version":[{"id":8752,"href":"https:\/\/www.cic.es\/en\/wp-json\/wp\/v2\/pages\/4419\/revisions\/8752"}],"up":[{"embeddable":true,"href":"https:\/\/www.cic.es\/en\/wp-json\/wp\/v2\/pages\/4415"}],"wp:featuredmedia":[{"embeddable":true,"href":"https:\/\/www.cic.es\/en\/wp-json\/wp\/v2\/media\/4057"}],"wp:attachment":[{"href":"https:\/\/www.cic.es\/en\/wp-json\/wp\/v2\/media?parent=4419"}],"curies":[{"name":"wp","href":"https:\/\/api.w.org\/{rel}","templated":true}]}}