{"id":4417,"date":"2019-01-02T18:05:49","date_gmt":"2019-01-02T17:05:49","guid":{"rendered":"http:\/\/webcic-pre.cic.es\/?page_id=4417"},"modified":"2021-07-30T11:28:59","modified_gmt":"2021-07-30T10:28:59","slug":"automotive","status":"publish","type":"page","link":"https:\/\/www.cic.es\/en\/industry\/automotive\/","title":{"rendered":"Automotive"},"content":{"rendered":"<h2><strong>The automotive industry is an enormous production line that is in constant motion. Components manufacturers require certain digital transformation projects for their operations.<\/strong><\/h2>\n<p>At CIC we have the solutions to your needs and we adapt ourselves to your industrial needs with the best possible technological solutions available in the automotive industry.<\/p>\n<p>At CIC we put all our enabling and facilitating technologies to work for you so that <a href=\"https:\/\/www.cic.es\/en\/industry\/\">Industry 4.0<\/a> <strong>and Machine Learning<\/strong> will become a reality in your production facility. We set up monitoring systems, collection, storage and data analysis systems. Machine Learning algorithms learn <strong>in real time<\/strong> the \u201cstandard\u201d behaviour of the signal and through new technologies are able to <strong>predict<\/strong>, send notifications, identify <strong>anomalies<\/strong> at an early stage and detect patterns, all of which add value to your business.<\/p>\n<h3><strong>The main objective of manufacturers working in the automotive industry is to save energy in their different production processes creating a connected industry.<\/strong><\/h3>\n<h2><strong>The solution for the automotive industry<\/strong><\/h2>\n<p><a href=\"https:\/\/www.cic.es\/en\/idbox-rt\/\">IDboxRT<\/a> is the most efficient platform on the market for integrating information, processing Big Data and business analytics. It is able to centralise your production processes and control them from anywhere, on any device.<\/p>\n<p><a href=\"https:\/\/www.cic.es\/en\/idbox-rt\/\">IDboxRT<\/a> allows you to supervise industrial production processes, integrating information for different areas, processing the signal received and offering analytical tools that allow you to take operational decisions, as well as, offering new ways of visualisation, thereby, significantly increasing your business\u00b4 worth.<\/p>\n<h3><strong>Experts in specific technological solutions to increase energy efficiency and the digitalisation of the automotive industry through <a href=\"https:\/\/www.cic.es\/en\/big-data\/\">Big Data<\/a> systems.<\/strong><\/h3>\n<p>Optimise all your business processes in the automotive industry: refrigeration, energy consumption, the efficiency of your installations, production lines, lighting\u2026<\/p>\n<p>Analysis based on Big Data in the production process allows for the optimisation of production processes, energy savings and increases the efficiency of your equipment.<\/p>\n<p>On the other hand, the main objective of the implementation of <a href=\"https:\/\/www.cic.es\/en\/fieldeas\/\">FIELDEAS<\/a> in your business process is to optimise the time for preventive and corrective maintenance on your equipment. For this reason, complete integration with your SAP corporative system is essential.<\/p>\n<p>With <a href=\"https:\/\/www.cic.es\/en\/fieldeas\/\">FIELDEAS<\/a> you will have complete traceability and visibility in every job that is performed, as well as, more information for the maintenance department.<\/p>\n<p>The automotive industry is growing so fast that the digitalisation of business processes is necessary to be introduced gradually.<\/p>\n<h2><strong>Gains and achievements of the automotive industry with our IT solutions<\/strong><\/h2>\n<ul>\n<li>Availability of <strong>real-time data<\/strong> of key performance indicators in the production process for the whole organization, which will allow for more agile production.<\/li>\n<li>Improvement in production at a <strong>lower cost and lower energy consumption<\/strong><\/li>\n<li>Increases precision of certain jobs by reducing human error and allows for <strong>maximising resources<\/strong><\/li>\n<li><strong>Simplification<\/strong> and elimination of useless processes that do not add value to the company<\/li>\n<li>Control of <strong>climatology, temperature, humidity<\/strong> \u2026. For automotive industry production<\/li>\n<li>Activation of <strong>alarms and warning notices<\/strong><\/li>\n<li><strong>Historical Reports in real time<\/strong> simplifying decision making process in order to achieve energy efficiency<\/li>\n<li>Allows for the <strong>prevention and anticipation<\/strong> of future events, through advanced analytics<\/li>\n<li><strong>Optimises time<\/strong> for resolution of preventive and corrective maintenance.<\/li>\n<li><strong>Traceability<\/strong> and visibility for every job performed<\/li>\n<\/ul>\n<p>At CIC we merge an energy management system with the production monitoring system, thereby optimising the industrial process and creating intelligent industry. Therefore, making the best use of your raw materials while reducing waste products. Increase energy efficiency and stay connected at all times to your IT tools, making constant use of Big Data, Operational Intelligence and Machine Learning, allowing for more efficient management through multiplatform apps.<\/p>\n","protected":false},"excerpt":{"rendered":"<p>The automotive industry is an enormous production line that is in constant motion. Components manufacturers require certain digital transformation projects for their operations. At CIC we have the solutions to your needs and we adapt ourselves to your industrial needs with the best possible technological solutions available in the automotive&#8230;<\/p>\n","protected":false},"author":1,"featured_media":3614,"parent":4270,"menu_order":0,"comment_status":"closed","ping_status":"closed","template":"page-templates\/page-sectores.php","meta":{"_acf_changed":false,"footnotes":""},"class_list":["post-4417","page","type-page","status-publish","has-post-thumbnail","hentry"],"acf":[],"yoast_head":"<!-- This site is optimized with the Yoast SEO plugin v27.4 - https:\/\/yoast.com\/product\/yoast-seo-wordpress\/ -->\n<title>Automotive CIC Consulting Inform\u00e1tico<\/title>\n<meta name=\"description\" content=\"The main objective of automotive industry manufacturers is to save energy in their different production processes creating a connected industry.\" \/>\n<meta name=\"robots\" content=\"index, follow, max-snippet:-1, max-image-preview:large, max-video-preview:-1\" \/>\n<link rel=\"canonical\" href=\"https:\/\/www.cic.es\/en\/industry\/automotive\/\" \/>\n<meta property=\"og:locale\" content=\"en_US\" \/>\n<meta property=\"og:type\" content=\"article\" \/>\n<meta property=\"og:title\" content=\"Automotive CIC Consulting Inform\u00e1tico\" \/>\n<meta property=\"og:description\" content=\"The main objective of automotive industry manufacturers is to save energy in their different production processes creating a connected industry.\" \/>\n<meta property=\"og:url\" content=\"https:\/\/www.cic.es\/en\/industry\/automotive\/\" \/>\n<meta property=\"og:site_name\" content=\"CIC Consulting Inform\u00e1tico\" \/>\n<meta property=\"article:publisher\" content=\"https:\/\/www.facebook.com\/CIC.Consulting\/\" \/>\n<meta property=\"article:modified_time\" content=\"2021-07-30T10:28:59+00:00\" \/>\n<meta property=\"og:image\" content=\"https:\/\/www.cic.es\/wp-content\/uploads\/2018\/03\/sector-automocion.jpg\" \/>\n\t<meta property=\"og:image:width\" content=\"1254\" \/>\n\t<meta property=\"og:image:height\" content=\"836\" \/>\n\t<meta property=\"og:image:type\" content=\"image\/jpeg\" \/>\n<meta name=\"twitter:card\" content=\"summary_large_image\" \/>\n<meta name=\"twitter:site\" content=\"@CICactualidad\" \/>\n<meta name=\"twitter:label1\" content=\"Est. reading time\" \/>\n\t<meta name=\"twitter:data1\" content=\"3 minutes\" \/>\n<script type=\"application\/ld+json\" class=\"yoast-schema-graph\">{\"@context\":\"https:\\\/\\\/schema.org\",\"@graph\":[{\"@type\":\"WebPage\",\"@id\":\"https:\\\/\\\/www.cic.es\\\/en\\\/industry\\\/automotive\\\/\",\"url\":\"https:\\\/\\\/www.cic.es\\\/en\\\/industry\\\/automotive\\\/\",\"name\":\"Automotive CIC Consulting Inform\u00e1tico\",\"isPartOf\":{\"@id\":\"https:\\\/\\\/www.cic.es\\\/#website\"},\"primaryImageOfPage\":{\"@id\":\"https:\\\/\\\/www.cic.es\\\/en\\\/industry\\\/automotive\\\/#primaryimage\"},\"image\":{\"@id\":\"https:\\\/\\\/www.cic.es\\\/en\\\/industry\\\/automotive\\\/#primaryimage\"},\"thumbnailUrl\":\"https:\\\/\\\/www.cic.es\\\/wp-content\\\/uploads\\\/2018\\\/03\\\/sector-automocion.jpg\",\"datePublished\":\"2019-01-02T17:05:49+00:00\",\"dateModified\":\"2021-07-30T10:28:59+00:00\",\"description\":\"The main objective of automotive industry manufacturers is to save energy in their different production processes creating a connected industry.\",\"breadcrumb\":{\"@id\":\"https:\\\/\\\/www.cic.es\\\/en\\\/industry\\\/automotive\\\/#breadcrumb\"},\"inLanguage\":\"en-US\",\"potentialAction\":[{\"@type\":\"ReadAction\",\"target\":[\"https:\\\/\\\/www.cic.es\\\/en\\\/industry\\\/automotive\\\/\"]}]},{\"@type\":\"ImageObject\",\"inLanguage\":\"en-US\",\"@id\":\"https:\\\/\\\/www.cic.es\\\/en\\\/industry\\\/automotive\\\/#primaryimage\",\"url\":\"https:\\\/\\\/www.cic.es\\\/wp-content\\\/uploads\\\/2018\\\/03\\\/sector-automocion.jpg\",\"contentUrl\":\"https:\\\/\\\/www.cic.es\\\/wp-content\\\/uploads\\\/2018\\\/03\\\/sector-automocion.jpg\",\"width\":1254,\"height\":836,\"caption\":\"Industria de la automocion\"},{\"@type\":\"BreadcrumbList\",\"@id\":\"https:\\\/\\\/www.cic.es\\\/en\\\/industry\\\/automotive\\\/#breadcrumb\",\"itemListElement\":[{\"@type\":\"ListItem\",\"position\":1,\"name\":\"CIC\",\"item\":\"https:\\\/\\\/www.cic.es\\\/\"},{\"@type\":\"ListItem\",\"position\":2,\"name\":\"Industry\",\"item\":\"https:\\\/\\\/www.cic.es\\\/en\\\/industry\\\/\"},{\"@type\":\"ListItem\",\"position\":3,\"name\":\"Automotive\"}]},{\"@type\":\"WebSite\",\"@id\":\"https:\\\/\\\/www.cic.es\\\/#website\",\"url\":\"https:\\\/\\\/www.cic.es\\\/\",\"name\":\"CIC Consulting Inform\u00e1tico\",\"description\":\"Somos una consultor\u00eda de ingenier\u00eda de desarrollo y proyectos de inform\u00e1tica y comunicaciones\",\"publisher\":{\"@id\":\"https:\\\/\\\/www.cic.es\\\/#organization\"},\"alternateName\":\"CIC Consulting Inform\u00e1tico\",\"potentialAction\":[{\"@type\":\"SearchAction\",\"target\":{\"@type\":\"EntryPoint\",\"urlTemplate\":\"https:\\\/\\\/www.cic.es\\\/?s={search_term_string}\"},\"query-input\":{\"@type\":\"PropertyValueSpecification\",\"valueRequired\":true,\"valueName\":\"search_term_string\"}}],\"inLanguage\":\"en-US\"},{\"@type\":\"Organization\",\"@id\":\"https:\\\/\\\/www.cic.es\\\/#organization\",\"name\":\"CIC Consulting Inform\u00e1tico\",\"alternateName\":\"CIC Consulting Inform\u00e1tico\",\"url\":\"https:\\\/\\\/www.cic.es\\\/\",\"logo\":{\"@type\":\"ImageObject\",\"inLanguage\":\"en-US\",\"@id\":\"https:\\\/\\\/www.cic.es\\\/#\\\/schema\\\/logo\\\/image\\\/\",\"url\":\"https:\\\/\\\/www.cic.es\\\/wp-content\\\/uploads\\\/2018\\\/04\\\/cic_color.png\",\"contentUrl\":\"https:\\\/\\\/www.cic.es\\\/wp-content\\\/uploads\\\/2018\\\/04\\\/cic_color.png\",\"width\":300,\"height\":200,\"caption\":\"CIC Consulting Inform\u00e1tico\"},\"image\":{\"@id\":\"https:\\\/\\\/www.cic.es\\\/#\\\/schema\\\/logo\\\/image\\\/\"},\"sameAs\":[\"https:\\\/\\\/www.facebook.com\\\/CIC.Consulting\\\/\",\"https:\\\/\\\/x.com\\\/CICactualidad\",\"https:\\\/\\\/www.linkedin.com\\\/company\\\/2157627\\\/\",\"https:\\\/\\\/www.pinterest.es\\\/cicconsultinginformatico\\\/\",\"https:\\\/\\\/www.youtube.com\\\/user\\\/webmastercic\"]}]}<\/script>\n<!-- \/ Yoast SEO plugin. -->","yoast_head_json":{"title":"Automotive CIC Consulting Inform\u00e1tico","description":"The main objective of automotive industry manufacturers is to save energy in their different production processes creating a connected industry.","robots":{"index":"index","follow":"follow","max-snippet":"max-snippet:-1","max-image-preview":"max-image-preview:large","max-video-preview":"max-video-preview:-1"},"canonical":"https:\/\/www.cic.es\/en\/industry\/automotive\/","og_locale":"en_US","og_type":"article","og_title":"Automotive CIC Consulting Inform\u00e1tico","og_description":"The main objective of automotive industry manufacturers is to save energy in their different production processes creating a connected industry.","og_url":"https:\/\/www.cic.es\/en\/industry\/automotive\/","og_site_name":"CIC Consulting Inform\u00e1tico","article_publisher":"https:\/\/www.facebook.com\/CIC.Consulting\/","article_modified_time":"2021-07-30T10:28:59+00:00","og_image":[{"width":1254,"height":836,"url":"https:\/\/www.cic.es\/wp-content\/uploads\/2018\/03\/sector-automocion.jpg","type":"image\/jpeg"}],"twitter_card":"summary_large_image","twitter_site":"@CICactualidad","twitter_misc":{"Est. reading time":"3 minutes"},"schema":{"@context":"https:\/\/schema.org","@graph":[{"@type":"WebPage","@id":"https:\/\/www.cic.es\/en\/industry\/automotive\/","url":"https:\/\/www.cic.es\/en\/industry\/automotive\/","name":"Automotive CIC Consulting Inform\u00e1tico","isPartOf":{"@id":"https:\/\/www.cic.es\/#website"},"primaryImageOfPage":{"@id":"https:\/\/www.cic.es\/en\/industry\/automotive\/#primaryimage"},"image":{"@id":"https:\/\/www.cic.es\/en\/industry\/automotive\/#primaryimage"},"thumbnailUrl":"https:\/\/www.cic.es\/wp-content\/uploads\/2018\/03\/sector-automocion.jpg","datePublished":"2019-01-02T17:05:49+00:00","dateModified":"2021-07-30T10:28:59+00:00","description":"The main objective of automotive industry manufacturers is to save energy in their different production processes creating a connected industry.","breadcrumb":{"@id":"https:\/\/www.cic.es\/en\/industry\/automotive\/#breadcrumb"},"inLanguage":"en-US","potentialAction":[{"@type":"ReadAction","target":["https:\/\/www.cic.es\/en\/industry\/automotive\/"]}]},{"@type":"ImageObject","inLanguage":"en-US","@id":"https:\/\/www.cic.es\/en\/industry\/automotive\/#primaryimage","url":"https:\/\/www.cic.es\/wp-content\/uploads\/2018\/03\/sector-automocion.jpg","contentUrl":"https:\/\/www.cic.es\/wp-content\/uploads\/2018\/03\/sector-automocion.jpg","width":1254,"height":836,"caption":"Industria de la automocion"},{"@type":"BreadcrumbList","@id":"https:\/\/www.cic.es\/en\/industry\/automotive\/#breadcrumb","itemListElement":[{"@type":"ListItem","position":1,"name":"CIC","item":"https:\/\/www.cic.es\/"},{"@type":"ListItem","position":2,"name":"Industry","item":"https:\/\/www.cic.es\/en\/industry\/"},{"@type":"ListItem","position":3,"name":"Automotive"}]},{"@type":"WebSite","@id":"https:\/\/www.cic.es\/#website","url":"https:\/\/www.cic.es\/","name":"CIC Consulting Inform\u00e1tico","description":"Somos una consultor\u00eda de ingenier\u00eda de desarrollo y proyectos de inform\u00e1tica y comunicaciones","publisher":{"@id":"https:\/\/www.cic.es\/#organization"},"alternateName":"CIC Consulting Inform\u00e1tico","potentialAction":[{"@type":"SearchAction","target":{"@type":"EntryPoint","urlTemplate":"https:\/\/www.cic.es\/?s={search_term_string}"},"query-input":{"@type":"PropertyValueSpecification","valueRequired":true,"valueName":"search_term_string"}}],"inLanguage":"en-US"},{"@type":"Organization","@id":"https:\/\/www.cic.es\/#organization","name":"CIC Consulting Inform\u00e1tico","alternateName":"CIC Consulting Inform\u00e1tico","url":"https:\/\/www.cic.es\/","logo":{"@type":"ImageObject","inLanguage":"en-US","@id":"https:\/\/www.cic.es\/#\/schema\/logo\/image\/","url":"https:\/\/www.cic.es\/wp-content\/uploads\/2018\/04\/cic_color.png","contentUrl":"https:\/\/www.cic.es\/wp-content\/uploads\/2018\/04\/cic_color.png","width":300,"height":200,"caption":"CIC Consulting Inform\u00e1tico"},"image":{"@id":"https:\/\/www.cic.es\/#\/schema\/logo\/image\/"},"sameAs":["https:\/\/www.facebook.com\/CIC.Consulting\/","https:\/\/x.com\/CICactualidad","https:\/\/www.linkedin.com\/company\/2157627\/","https:\/\/www.pinterest.es\/cicconsultinginformatico\/","https:\/\/www.youtube.com\/user\/webmastercic"]}]}},"_links":{"self":[{"href":"https:\/\/www.cic.es\/en\/wp-json\/wp\/v2\/pages\/4417","targetHints":{"allow":["GET"]}}],"collection":[{"href":"https:\/\/www.cic.es\/en\/wp-json\/wp\/v2\/pages"}],"about":[{"href":"https:\/\/www.cic.es\/en\/wp-json\/wp\/v2\/types\/page"}],"author":[{"embeddable":true,"href":"https:\/\/www.cic.es\/en\/wp-json\/wp\/v2\/users\/1"}],"replies":[{"embeddable":true,"href":"https:\/\/www.cic.es\/en\/wp-json\/wp\/v2\/comments?post=4417"}],"version-history":[{"count":2,"href":"https:\/\/www.cic.es\/en\/wp-json\/wp\/v2\/pages\/4417\/revisions"}],"predecessor-version":[{"id":10058,"href":"https:\/\/www.cic.es\/en\/wp-json\/wp\/v2\/pages\/4417\/revisions\/10058"}],"up":[{"embeddable":true,"href":"https:\/\/www.cic.es\/en\/wp-json\/wp\/v2\/pages\/4270"}],"wp:featuredmedia":[{"embeddable":true,"href":"https:\/\/www.cic.es\/en\/wp-json\/wp\/v2\/media\/3614"}],"wp:attachment":[{"href":"https:\/\/www.cic.es\/en\/wp-json\/wp\/v2\/media?parent=4417"}],"curies":[{"name":"wp","href":"https:\/\/api.w.org\/{rel}","templated":true}]}}