{"id":4412,"date":"2019-01-02T18:03:21","date_gmt":"2019-01-02T17:03:21","guid":{"rendered":"http:\/\/webcic-pre.cic.es\/?page_id=4412"},"modified":"2021-11-18T09:34:47","modified_gmt":"2021-11-18T08:34:47","slug":"oil-and-gas","status":"publish","type":"page","link":"https:\/\/www.cic.es\/en\/energy-and-utilities\/oil-and-gas\/","title":{"rendered":"Oil and Gas"},"content":{"rendered":"<h2>A<strong>chieve a competitive advantage in your sector with our software solutions for the Oil and Gas Industry.<\/strong><\/h2>\n<p>Get increased visibility and know-how, improve your security, reduce your risks, optimise costs and manage the performance of your operating assets.<\/p>\n<h3>Transforms untapped data into proactive decisions.<\/h3>\n<p>With our software solution for the oil and gas industry we will be able to centralise all your information; for example turbine signals, reactor, refrigeration, temperature and other parameters from your boiler, the state of your filters, gas emissions, chemical, radiological and meteorological data, as well as other environmental parameters.<\/p>\n<p>Know the state of affairs of <strong>your plants\u00b4 processes in real time<\/strong>. <strong>Know how much energy you are producing, making sure that your plants are working as they were designed to and achieving their production goals.<\/strong><\/p>\n<h3><strong>At CIC we cater to your needs with our software for the oil and gas industry<\/strong><\/h3>\n<ul>\n<li>Plant monitoring and operational intelligence<\/li>\n<li>Inspections management<\/li>\n<li><a href=\"https:\/\/www.cic.es\/en\/software-development-and-system-integration\/gis-geographic-information-system\/\">GIS<\/a> corporate management<\/li>\n<li>Software for <a href=\"https:\/\/www.cic.es\/en\/energy-and-utilities\/energy-efficiency\/\">Energy efficiency<\/a> management<\/li>\n<li>Software for <a href=\"https:\/\/www.cic.es\/en\/sgrwin\/\">telecom<\/a> private networks<\/li>\n<li>Preventive maintenance software<\/li>\n<li>Fleet management software<\/li>\n<li>Bespoke app development<\/li>\n<\/ul>\n<h3>Build a predictive and more productive business<\/h3>\n<p>Our custom software for the oil and gas industry can help your staff <strong>detect any irregularity, no matter how small it may be, and solve it<\/strong> in real time.<\/p>\n<p>Oil and gas logistics can be complex. At CIC we have a group of professionals that will assist you in delivering your products to their destination safely, thanks to our security systems.<\/p>\n<h2><strong>Face the challenges that the oil and gas sector poses together with our software experts<\/strong><\/h2>\n<p>Our team has ample experience and know-how in the oil and gas industry. We offer flexible solutions, oriented at active projects, customised and bespoke for your organisation <strong>to manage every process or project in real time<\/strong>.<\/p>\n<p><strong>We have a comprehensive service portfolio<\/strong> to support and optimise your businesses operations environment, extraction, refining, production, transport or sales of <strong>oil<\/strong>, <strong>gas<\/strong>, oil sands or other hydrocarbons.<\/p>\n<p><img loading=\"lazy\" decoding=\"async\" class=\"aligncenter size-full wp-image-560\" src=\"https:\/\/www.cic.es\/wp-content\/uploads\/2018\/04\/oilgas.png\" alt=\"industria del petr\u00f3leo y el gas\" width=\"454\" height=\"321\"><\/p>\n","protected":false},"excerpt":{"rendered":"<p>Achieve a competitive advantage in your sector with our software solutions for the Oil and Gas Industry. Get increased visibility and know-how, improve your security, reduce your risks, optimise costs and manage the performance of your operating assets. Transforms untapped data into proactive decisions. With our software solution for the&#8230;<\/p>\n","protected":false},"author":1,"featured_media":3592,"parent":4263,"menu_order":4,"comment_status":"closed","ping_status":"closed","template":"page-templates\/page-sectores.php","meta":{"_acf_changed":false,"footnotes":""},"class_list":["post-4412","page","type-page","status-publish","has-post-thumbnail","hentry"],"acf":[],"yoast_head":"<!-- This site is optimized with the Yoast SEO plugin v27.4 - https:\/\/yoast.com\/product\/yoast-seo-wordpress\/ -->\n<title>Oil and Gas CIC Consulting Inform\u00e1tico<\/title>\n<meta name=\"description\" content=\"With our software solution for the oil and gas industry we will be able to centralise all your information improving your security and operative efficiency.\" \/>\n<meta name=\"robots\" content=\"index, follow, max-snippet:-1, max-image-preview:large, max-video-preview:-1\" \/>\n<link rel=\"canonical\" href=\"https:\/\/www.cic.es\/en\/energy-and-utilities\/oil-and-gas\/\" \/>\n<meta property=\"og:locale\" content=\"en_US\" \/>\n<meta property=\"og:type\" content=\"article\" \/>\n<meta property=\"og:title\" content=\"Oil and Gas CIC Consulting Inform\u00e1tico\" \/>\n<meta property=\"og:description\" content=\"With our software solution for the oil and gas industry we will be able to centralise all your information improving your security and operative efficiency.\" \/>\n<meta property=\"og:url\" content=\"https:\/\/www.cic.es\/en\/energy-and-utilities\/oil-and-gas\/\" \/>\n<meta property=\"og:site_name\" content=\"CIC Consulting Inform\u00e1tico\" \/>\n<meta property=\"article:publisher\" content=\"https:\/\/www.facebook.com\/CIC.Consulting\/\" \/>\n<meta property=\"article:modified_time\" content=\"2021-11-18T08:34:47+00:00\" \/>\n<meta property=\"og:image\" content=\"https:\/\/www.cic.es\/wp-content\/uploads\/2018\/03\/soluciones-sectores-oil-gas.jpg\" \/>\n\t<meta property=\"og:image:width\" content=\"1254\" \/>\n\t<meta property=\"og:image:height\" content=\"836\" \/>\n\t<meta property=\"og:image:type\" content=\"image\/jpeg\" \/>\n<meta name=\"twitter:card\" content=\"summary_large_image\" \/>\n<meta name=\"twitter:site\" content=\"@CICactualidad\" \/>\n<meta name=\"twitter:label1\" content=\"Est. reading time\" \/>\n\t<meta name=\"twitter:data1\" content=\"2 minutes\" \/>\n<script type=\"application\/ld+json\" class=\"yoast-schema-graph\">{\"@context\":\"https:\\\/\\\/schema.org\",\"@graph\":[{\"@type\":\"WebPage\",\"@id\":\"https:\\\/\\\/www.cic.es\\\/en\\\/energy-and-utilities\\\/oil-and-gas\\\/\",\"url\":\"https:\\\/\\\/www.cic.es\\\/en\\\/energy-and-utilities\\\/oil-and-gas\\\/\",\"name\":\"Oil and Gas CIC Consulting Inform\u00e1tico\",\"isPartOf\":{\"@id\":\"https:\\\/\\\/www.cic.es\\\/#website\"},\"primaryImageOfPage\":{\"@id\":\"https:\\\/\\\/www.cic.es\\\/en\\\/energy-and-utilities\\\/oil-and-gas\\\/#primaryimage\"},\"image\":{\"@id\":\"https:\\\/\\\/www.cic.es\\\/en\\\/energy-and-utilities\\\/oil-and-gas\\\/#primaryimage\"},\"thumbnailUrl\":\"https:\\\/\\\/www.cic.es\\\/wp-content\\\/uploads\\\/2018\\\/03\\\/soluciones-sectores-oil-gas.jpg\",\"datePublished\":\"2019-01-02T17:03:21+00:00\",\"dateModified\":\"2021-11-18T08:34:47+00:00\",\"description\":\"With our software solution for the oil and gas industry we will be able to centralise all your information improving your security and operative efficiency.\",\"breadcrumb\":{\"@id\":\"https:\\\/\\\/www.cic.es\\\/en\\\/energy-and-utilities\\\/oil-and-gas\\\/#breadcrumb\"},\"inLanguage\":\"en-US\",\"potentialAction\":[{\"@type\":\"ReadAction\",\"target\":[\"https:\\\/\\\/www.cic.es\\\/en\\\/energy-and-utilities\\\/oil-and-gas\\\/\"]}]},{\"@type\":\"ImageObject\",\"inLanguage\":\"en-US\",\"@id\":\"https:\\\/\\\/www.cic.es\\\/en\\\/energy-and-utilities\\\/oil-and-gas\\\/#primaryimage\",\"url\":\"https:\\\/\\\/www.cic.es\\\/wp-content\\\/uploads\\\/2018\\\/03\\\/soluciones-sectores-oil-gas.jpg\",\"contentUrl\":\"https:\\\/\\\/www.cic.es\\\/wp-content\\\/uploads\\\/2018\\\/03\\\/soluciones-sectores-oil-gas.jpg\",\"width\":1254,\"height\":836},{\"@type\":\"BreadcrumbList\",\"@id\":\"https:\\\/\\\/www.cic.es\\\/en\\\/energy-and-utilities\\\/oil-and-gas\\\/#breadcrumb\",\"itemListElement\":[{\"@type\":\"ListItem\",\"position\":1,\"name\":\"CIC\",\"item\":\"https:\\\/\\\/www.cic.es\\\/\"},{\"@type\":\"ListItem\",\"position\":2,\"name\":\"Energy and utilities\",\"item\":\"https:\\\/\\\/www.cic.es\\\/en\\\/energy-and-utilities\\\/\"},{\"@type\":\"ListItem\",\"position\":3,\"name\":\"Oil and Gas\"}]},{\"@type\":\"WebSite\",\"@id\":\"https:\\\/\\\/www.cic.es\\\/#website\",\"url\":\"https:\\\/\\\/www.cic.es\\\/\",\"name\":\"CIC Consulting Inform\u00e1tico\",\"description\":\"Somos una consultor\u00eda de ingenier\u00eda de desarrollo y proyectos de inform\u00e1tica y comunicaciones\",\"publisher\":{\"@id\":\"https:\\\/\\\/www.cic.es\\\/#organization\"},\"alternateName\":\"CIC Consulting Inform\u00e1tico\",\"potentialAction\":[{\"@type\":\"SearchAction\",\"target\":{\"@type\":\"EntryPoint\",\"urlTemplate\":\"https:\\\/\\\/www.cic.es\\\/?s={search_term_string}\"},\"query-input\":{\"@type\":\"PropertyValueSpecification\",\"valueRequired\":true,\"valueName\":\"search_term_string\"}}],\"inLanguage\":\"en-US\"},{\"@type\":\"Organization\",\"@id\":\"https:\\\/\\\/www.cic.es\\\/#organization\",\"name\":\"CIC Consulting Inform\u00e1tico\",\"alternateName\":\"CIC Consulting Inform\u00e1tico\",\"url\":\"https:\\\/\\\/www.cic.es\\\/\",\"logo\":{\"@type\":\"ImageObject\",\"inLanguage\":\"en-US\",\"@id\":\"https:\\\/\\\/www.cic.es\\\/#\\\/schema\\\/logo\\\/image\\\/\",\"url\":\"https:\\\/\\\/www.cic.es\\\/wp-content\\\/uploads\\\/2018\\\/04\\\/cic_color.png\",\"contentUrl\":\"https:\\\/\\\/www.cic.es\\\/wp-content\\\/uploads\\\/2018\\\/04\\\/cic_color.png\",\"width\":300,\"height\":200,\"caption\":\"CIC Consulting Inform\u00e1tico\"},\"image\":{\"@id\":\"https:\\\/\\\/www.cic.es\\\/#\\\/schema\\\/logo\\\/image\\\/\"},\"sameAs\":[\"https:\\\/\\\/www.facebook.com\\\/CIC.Consulting\\\/\",\"https:\\\/\\\/x.com\\\/CICactualidad\",\"https:\\\/\\\/www.linkedin.com\\\/company\\\/2157627\\\/\",\"https:\\\/\\\/www.pinterest.es\\\/cicconsultinginformatico\\\/\",\"https:\\\/\\\/www.youtube.com\\\/user\\\/webmastercic\"]}]}<\/script>\n<!-- \/ Yoast SEO plugin. -->","yoast_head_json":{"title":"Oil and Gas CIC Consulting Inform\u00e1tico","description":"With our software solution for the oil and gas industry we will be able to centralise all your information improving your security and operative efficiency.","robots":{"index":"index","follow":"follow","max-snippet":"max-snippet:-1","max-image-preview":"max-image-preview:large","max-video-preview":"max-video-preview:-1"},"canonical":"https:\/\/www.cic.es\/en\/energy-and-utilities\/oil-and-gas\/","og_locale":"en_US","og_type":"article","og_title":"Oil and Gas CIC Consulting Inform\u00e1tico","og_description":"With our software solution for the oil and gas industry we will be able to centralise all your information improving your security and operative efficiency.","og_url":"https:\/\/www.cic.es\/en\/energy-and-utilities\/oil-and-gas\/","og_site_name":"CIC Consulting Inform\u00e1tico","article_publisher":"https:\/\/www.facebook.com\/CIC.Consulting\/","article_modified_time":"2021-11-18T08:34:47+00:00","og_image":[{"width":1254,"height":836,"url":"https:\/\/www.cic.es\/wp-content\/uploads\/2018\/03\/soluciones-sectores-oil-gas.jpg","type":"image\/jpeg"}],"twitter_card":"summary_large_image","twitter_site":"@CICactualidad","twitter_misc":{"Est. reading time":"2 minutes"},"schema":{"@context":"https:\/\/schema.org","@graph":[{"@type":"WebPage","@id":"https:\/\/www.cic.es\/en\/energy-and-utilities\/oil-and-gas\/","url":"https:\/\/www.cic.es\/en\/energy-and-utilities\/oil-and-gas\/","name":"Oil and Gas CIC Consulting Inform\u00e1tico","isPartOf":{"@id":"https:\/\/www.cic.es\/#website"},"primaryImageOfPage":{"@id":"https:\/\/www.cic.es\/en\/energy-and-utilities\/oil-and-gas\/#primaryimage"},"image":{"@id":"https:\/\/www.cic.es\/en\/energy-and-utilities\/oil-and-gas\/#primaryimage"},"thumbnailUrl":"https:\/\/www.cic.es\/wp-content\/uploads\/2018\/03\/soluciones-sectores-oil-gas.jpg","datePublished":"2019-01-02T17:03:21+00:00","dateModified":"2021-11-18T08:34:47+00:00","description":"With our software solution for the oil and gas industry we will be able to centralise all your information improving your security and operative efficiency.","breadcrumb":{"@id":"https:\/\/www.cic.es\/en\/energy-and-utilities\/oil-and-gas\/#breadcrumb"},"inLanguage":"en-US","potentialAction":[{"@type":"ReadAction","target":["https:\/\/www.cic.es\/en\/energy-and-utilities\/oil-and-gas\/"]}]},{"@type":"ImageObject","inLanguage":"en-US","@id":"https:\/\/www.cic.es\/en\/energy-and-utilities\/oil-and-gas\/#primaryimage","url":"https:\/\/www.cic.es\/wp-content\/uploads\/2018\/03\/soluciones-sectores-oil-gas.jpg","contentUrl":"https:\/\/www.cic.es\/wp-content\/uploads\/2018\/03\/soluciones-sectores-oil-gas.jpg","width":1254,"height":836},{"@type":"BreadcrumbList","@id":"https:\/\/www.cic.es\/en\/energy-and-utilities\/oil-and-gas\/#breadcrumb","itemListElement":[{"@type":"ListItem","position":1,"name":"CIC","item":"https:\/\/www.cic.es\/"},{"@type":"ListItem","position":2,"name":"Energy and utilities","item":"https:\/\/www.cic.es\/en\/energy-and-utilities\/"},{"@type":"ListItem","position":3,"name":"Oil and Gas"}]},{"@type":"WebSite","@id":"https:\/\/www.cic.es\/#website","url":"https:\/\/www.cic.es\/","name":"CIC Consulting Inform\u00e1tico","description":"Somos una consultor\u00eda de ingenier\u00eda de desarrollo y proyectos de inform\u00e1tica y comunicaciones","publisher":{"@id":"https:\/\/www.cic.es\/#organization"},"alternateName":"CIC Consulting Inform\u00e1tico","potentialAction":[{"@type":"SearchAction","target":{"@type":"EntryPoint","urlTemplate":"https:\/\/www.cic.es\/?s={search_term_string}"},"query-input":{"@type":"PropertyValueSpecification","valueRequired":true,"valueName":"search_term_string"}}],"inLanguage":"en-US"},{"@type":"Organization","@id":"https:\/\/www.cic.es\/#organization","name":"CIC Consulting Inform\u00e1tico","alternateName":"CIC Consulting Inform\u00e1tico","url":"https:\/\/www.cic.es\/","logo":{"@type":"ImageObject","inLanguage":"en-US","@id":"https:\/\/www.cic.es\/#\/schema\/logo\/image\/","url":"https:\/\/www.cic.es\/wp-content\/uploads\/2018\/04\/cic_color.png","contentUrl":"https:\/\/www.cic.es\/wp-content\/uploads\/2018\/04\/cic_color.png","width":300,"height":200,"caption":"CIC Consulting Inform\u00e1tico"},"image":{"@id":"https:\/\/www.cic.es\/#\/schema\/logo\/image\/"},"sameAs":["https:\/\/www.facebook.com\/CIC.Consulting\/","https:\/\/x.com\/CICactualidad","https:\/\/www.linkedin.com\/company\/2157627\/","https:\/\/www.pinterest.es\/cicconsultinginformatico\/","https:\/\/www.youtube.com\/user\/webmastercic"]}]}},"_links":{"self":[{"href":"https:\/\/www.cic.es\/en\/wp-json\/wp\/v2\/pages\/4412","targetHints":{"allow":["GET"]}}],"collection":[{"href":"https:\/\/www.cic.es\/en\/wp-json\/wp\/v2\/pages"}],"about":[{"href":"https:\/\/www.cic.es\/en\/wp-json\/wp\/v2\/types\/page"}],"author":[{"embeddable":true,"href":"https:\/\/www.cic.es\/en\/wp-json\/wp\/v2\/users\/1"}],"replies":[{"embeddable":true,"href":"https:\/\/www.cic.es\/en\/wp-json\/wp\/v2\/comments?post=4412"}],"version-history":[{"count":3,"href":"https:\/\/www.cic.es\/en\/wp-json\/wp\/v2\/pages\/4412\/revisions"}],"predecessor-version":[{"id":10986,"href":"https:\/\/www.cic.es\/en\/wp-json\/wp\/v2\/pages\/4412\/revisions\/10986"}],"up":[{"embeddable":true,"href":"https:\/\/www.cic.es\/en\/wp-json\/wp\/v2\/pages\/4263"}],"wp:featuredmedia":[{"embeddable":true,"href":"https:\/\/www.cic.es\/en\/wp-json\/wp\/v2\/media\/3592"}],"wp:attachment":[{"href":"https:\/\/www.cic.es\/en\/wp-json\/wp\/v2\/media?parent=4412"}],"curies":[{"name":"wp","href":"https:\/\/api.w.org\/{rel}","templated":true}]}}