{"id":4409,"date":"2018-02-28T17:02:57","date_gmt":"2018-02-28T16:02:57","guid":{"rendered":"http:\/\/webcic-pre.cic.es\/?page_id=4409"},"modified":"2021-11-18T09:31:55","modified_gmt":"2021-11-18T08:31:55","slug":"nuclear-energy","status":"publish","type":"page","link":"https:\/\/www.cic.es\/en\/energy-and-utilities\/nuclear-energy\/","title":{"rendered":"Nuclear energy"},"content":{"rendered":"\n<p>CIC has 30 years of knowledge and experience working with all nuclear power plants throughout Spain.<\/p>\n\n\n\n<p>We develop <strong>technological products and software solutions<\/strong> in order to <strong>optimize the operation and maintenance<\/strong> processes in the Nuclear Industry.<\/p>\n\n\n\n<p>At the same time that nuclear facilities invest and maintain their equipment, <strong>CIC projects and teams continually stay up-to-date in order to improve its services for nuclear industry.<\/strong><\/p>\n\n\n\n<p>From the beggining of the company, we have focused a large part of our activity on the nuclear industry.<\/p>\n\n\n\n<p>At CIC <strong>we have extensive experience developing software solutions covering the entire value chain of nuclear energy<\/strong> <strong>production<\/strong>.<\/p>\n\n\n<p><iframe loading=\"lazy\" title=\"Presencia en el sector nuclear del Grupo CIC\" width=\"800\" height=\"450\" src=\"https:\/\/www.youtube.com\/embed\/dvO1JmPZP3k?feature=oembed%22+frameborder%3D%220%22+allow%3D%22accelerometer%3B+autoplay%3B+clipboard-write%3B+encrypted-media%3B+gyroscope%3B+picture-in-picture%3B+web-share%22+referrerpolicy%3D%22strict-origin-when-cross-origin%22+allowfullscreen%3E%3C%2Fiframe%3E&#038;rel=0\n\n<\/p>\n\n\n\n<h2 class=\"wp-block-heading\"><strong>CIC bespoke developments for nuclear industry<\/strong><\/h2>\n\n\n\n<p>Regarding IT management for the nuclear industry, we offer solutions such as <strong>document management systems, digital signature, development of internal communication tools and employee portals, processes automation and reports<\/strong>, Operational Intelligence, AI, and <a href=\"https:\/\/www.cic.es\/inteligencia-de-negocio\/\" target=\"_blank\" rel=\"noreferrer noopener\"><strong>Business Intelligence<\/strong><\/a>. In addition, we develop tools for <strong>supply management, presence control, fire protection management, GAR <\/strong>and <strong>RETEN.<\/strong><\/p>\n\n\n\n<p>From CIC, we provide <strong>consulting<\/strong> <strong>services<\/strong>, which include <strong>In-Service Inspection Manual (MISI), maintenance rule, Corrective Action Programme (PAC), asset management<\/strong> (future investment programming), <strong>warehouse management, operation rounds, turbine, firefighters<\/strong>, etc., besides of developing of <strong>monitoring tools, surveillance requirements, dosimetry and <a href=\"https:\/\/www.cic.es\/idbox-rt\/\" target=\"_blank\" rel=\"noreferrer noopener\">plant planning<\/a>, and plant maintenance.<\/strong><\/p>\n\n\n\n<h2 class=\"wp-block-heading\"><strong>CIC Systems and Safety in nuclear power plants<\/strong><\/h2>\n\n\n\n<p>At CIC we are experts in <strong>information security management<\/strong>, information asset management, controls and threats. Also, we help nuclear sector <strong>companies comply with standards and regulations and training and employee awareness campaigns on safety.<\/strong> In addition, we development <strong>contingency and business continuity plans.<\/strong><\/p>\n\n\n\n<h2 class=\"wp-block-heading\"><strong>Critical Infrastructures Cyber-security<\/strong><\/h2>\n\n\n\n<p>For companies in nuclear sector, we provide services for <a href=\"https:\/\/www.cic.es\/infraestructuras-tic\/comunicaciones\/\" target=\"_blank\" rel=\"noreferrer noopener\">network security<\/a> and In <a href=\"https:\/\/www.cic.es\/ciberseguridad\/\" target=\"_blank\" rel=\"noreferrer noopener\">perimeter network security<\/a>: <strong>Firewalls &amp; Unified Threat Management (UTM), Web Application Firewall (WAF)<\/strong>, Industrial security: <strong>Data-diodes, Industrial Firewall and Network Access Control (NAC).<\/strong> We offer <strong>Cyber Defense and Monitoring tools through Unified Security Management<\/strong>: SIEM, inventory and management of vulnerabilities in assets, network and host IDS (AlienVault) and S<a href=\"https:\/\/www.cic.es\/en\/w6-operational-intelligence-elk\/\" target=\"_blank\" rel=\"noreferrer noopener\">IEM and systems integration (W6 Datasense).<\/a><\/p>\n\n\n\n<p>We manage End Point security through <strong>antivirus and End Point Security against Advanced Persistent Threat (APT) and Secure Access services (SAS)<\/strong> with desktop virtualization and session auditing.<\/p>\n\n\n\n<h3 class=\"wp-block-heading\"><strong>Design of OT Cyber-Security MasterPlan<\/strong><\/h3>\n\n\n\n<p>We help companies to prevent and reduce vulnerabilities and respond faster and smarter to cyber-attacks designing <strong><a href=\"https:\/\/www.cic.es\/plan-director-de-seguridad\/\" target=\"_blank\" rel=\"noreferrer noopener\">OT Cyber-security Masterplans<\/a><\/strong>. We offer identification, definition and prioritization of a set of cyber-security projects in the OT area, aimed at reducing the threat risks of industrial plants to acceptable levels by the organization and always starting from an initial situation analysis.<\/p>\n\n\n\n<div style=\"height:20px\" aria-hidden=\"true\" class=\"wp-block-spacer\"><\/div>\n\n\n\n<figure class=\"wp-block-image size-large is-resized\"><img loading=\"lazy\" decoding=\"async\" src=\"https:\/\/www.cic.es\/wp-content\/uploads\/2020\/06\/esquema-nuclear.png\" alt=\"CIC y su apuesta por la Transformaci\u00f3n Digital de la industria nuclear\" class=\"wp-image-7346\" width=\"900\" height=\"461\" srcset=\"https:\/\/www.cic.es\/wp-content\/uploads\/2020\/06\/esquema-nuclear.png 900w, https:\/\/www.cic.es\/wp-content\/uploads\/2020\/06\/esquema-nuclear-600x307.png 600w, https:\/\/www.cic.es\/wp-content\/uploads\/2020\/06\/esquema-nuclear-768x393.png 768w\" sizes=\"auto, (max-width: 900px) 100vw, 900px\" \/><\/figure>\n\n\n\n<h2 class=\"wp-block-heading\"><strong>CIC and its commitment to Digital Transformation of Nuclear Industry<\/strong><\/h2>\n\n\n\n<p>As an example of CIC&#8217;s commitment to the nuclear world, we are active members of the <strong><a href=\"https:\/\/cincantabria.es\" target=\"_blank\" rel=\"noreferrer noopener nofollow\">Cantabria Nuclear Industry Cluster (CINC)<\/a><\/strong>, a business organization that was created as a meeting point between all agents of Cantabria nuclear industry sector.<\/p>\n\n\n\n<p>CINC cluster has several committees, such as R&amp;D+i, communication, internationalization CIC professionals actively collaborate in all its initiatives. Through the CINC, CIC participates in national and international fairs and events with the aim of keeping all our knowledge in the Nuclear Sector updated, expanding our experience and promoting the internationalization of nuclear plant processes.<\/p>\n","protected":false},"excerpt":{"rendered":"<p>CIC has 30 years of knowledge and experience working with all nuclear power plants throughout Spain. We develop technological products and software solutions in order to optimize the operation and maintenance processes in the Nuclear Industry. At the same time that nuclear facilities invest and maintain their equipment, CIC projects&#8230;<\/p>\n","protected":false},"author":1,"featured_media":10601,"parent":4263,"menu_order":1,"comment_status":"closed","ping_status":"closed","template":"page-templates\/page-sectores.php","meta":{"_acf_changed":false,"footnotes":""},"class_list":["post-4409","page","type-page","status-publish","has-post-thumbnail","hentry"],"acf":[],"yoast_head":"<!-- This site is optimized with the Yoast SEO plugin v27.4 - https:\/\/yoast.com\/product\/yoast-seo-wordpress\/ -->\n<title>Sector Energ\u00eda Nuclear - CIC Consulting Inform\u00e1tico<\/title>\n<meta name=\"description\" content=\"Tenemos experiencia trabajando con todas las Centrales nucleares de Espa\u00f1a. Desarrollamos soluciones que optimizan la operaci\u00f3n y el mantenimiento de la Industria Nuclear.\" \/>\n<meta name=\"robots\" content=\"index, follow, max-snippet:-1, max-image-preview:large, max-video-preview:-1\" \/>\n<link rel=\"canonical\" href=\"https:\/\/www.cic.es\/en\/energy-and-utilities\/nuclear-energy\/\" \/>\n<meta property=\"og:locale\" content=\"en_US\" \/>\n<meta property=\"og:type\" content=\"article\" \/>\n<meta property=\"og:title\" content=\"Sector Energ\u00eda Nuclear - CIC Consulting Inform\u00e1tico\" \/>\n<meta property=\"og:description\" content=\"Tenemos experiencia trabajando con todas las Centrales nucleares de Espa\u00f1a. Desarrollamos soluciones que optimizan la operaci\u00f3n y el mantenimiento de la Industria Nuclear.\" \/>\n<meta property=\"og:url\" content=\"https:\/\/www.cic.es\/en\/energy-and-utilities\/nuclear-energy\/\" \/>\n<meta property=\"og:site_name\" content=\"CIC Consulting Inform\u00e1tico\" \/>\n<meta property=\"article:publisher\" content=\"https:\/\/www.facebook.com\/CIC.Consulting\/\" \/>\n<meta property=\"article:modified_time\" content=\"2021-11-18T08:31:55+00:00\" \/>\n<meta property=\"og:image\" content=\"https:\/\/www.cic.es\/wp-content\/uploads\/2021\/09\/bg-enuclear.jpg\" \/>\n\t<meta property=\"og:image:width\" content=\"1413\" \/>\n\t<meta property=\"og:image:height\" content=\"742\" \/>\n\t<meta property=\"og:image:type\" content=\"image\/jpeg\" \/>\n<meta name=\"twitter:card\" content=\"summary_large_image\" \/>\n<meta name=\"twitter:site\" content=\"@CICactualidad\" \/>\n<meta name=\"twitter:label1\" content=\"Est. reading time\" \/>\n\t<meta name=\"twitter:data1\" content=\"3 minutes\" \/>\n<script type=\"application\/ld+json\" class=\"yoast-schema-graph\">{\"@context\":\"https:\\\/\\\/schema.org\",\"@graph\":[{\"@type\":\"WebPage\",\"@id\":\"https:\\\/\\\/www.cic.es\\\/energia-y-utilities\\\/energia-nuclear\\\/\",\"url\":\"https:\\\/\\\/www.cic.es\\\/en\\\/energy-and-utilities\\\/nuclear-energy\\\/\",\"name\":\"Sector Energ\u00eda Nuclear - CIC Consulting Inform\u00e1tico\",\"isPartOf\":{\"@id\":\"https:\\\/\\\/www.cic.es\\\/#website\"},\"primaryImageOfPage\":{\"@id\":\"https:\\\/\\\/www.cic.es\\\/en\\\/energy-and-utilities\\\/nuclear-energy\\\/#primaryimage\"},\"image\":{\"@id\":\"https:\\\/\\\/www.cic.es\\\/en\\\/energy-and-utilities\\\/nuclear-energy\\\/#primaryimage\"},\"thumbnailUrl\":\"https:\\\/\\\/www.cic.es\\\/wp-content\\\/uploads\\\/2021\\\/09\\\/bg-enuclear.jpg\",\"datePublished\":\"2018-02-28T16:02:57+00:00\",\"dateModified\":\"2021-11-18T08:31:55+00:00\",\"description\":\"Tenemos experiencia trabajando con todas las Centrales nucleares de Espa\u00f1a. Desarrollamos soluciones que optimizan la operaci\u00f3n y el mantenimiento de la Industria Nuclear.\",\"breadcrumb\":{\"@id\":\"https:\\\/\\\/www.cic.es\\\/en\\\/energy-and-utilities\\\/nuclear-energy\\\/#breadcrumb\"},\"inLanguage\":\"en-US\",\"potentialAction\":[{\"@type\":\"ReadAction\",\"target\":[\"https:\\\/\\\/www.cic.es\\\/en\\\/energy-and-utilities\\\/nuclear-energy\\\/\"]}]},{\"@type\":\"ImageObject\",\"inLanguage\":\"en-US\",\"@id\":\"https:\\\/\\\/www.cic.es\\\/en\\\/energy-and-utilities\\\/nuclear-energy\\\/#primaryimage\",\"url\":\"https:\\\/\\\/www.cic.es\\\/wp-content\\\/uploads\\\/2021\\\/09\\\/bg-enuclear.jpg\",\"contentUrl\":\"https:\\\/\\\/www.cic.es\\\/wp-content\\\/uploads\\\/2021\\\/09\\\/bg-enuclear.jpg\",\"width\":1413,\"height\":742,\"caption\":\"Soluciones Energ\u00eda El\u00e9ctrica\"},{\"@type\":\"BreadcrumbList\",\"@id\":\"https:\\\/\\\/www.cic.es\\\/en\\\/energy-and-utilities\\\/nuclear-energy\\\/#breadcrumb\",\"itemListElement\":[{\"@type\":\"ListItem\",\"position\":1,\"name\":\"CIC\",\"item\":\"https:\\\/\\\/www.cic.es\\\/\"},{\"@type\":\"ListItem\",\"position\":2,\"name\":\"Energy and utilities\",\"item\":\"https:\\\/\\\/www.cic.es\\\/en\\\/energy-and-utilities\\\/\"},{\"@type\":\"ListItem\",\"position\":3,\"name\":\"Nuclear energy\"}]},{\"@type\":\"WebSite\",\"@id\":\"https:\\\/\\\/www.cic.es\\\/#website\",\"url\":\"https:\\\/\\\/www.cic.es\\\/\",\"name\":\"CIC Consulting Inform\u00e1tico\",\"description\":\"Somos una consultor\u00eda de ingenier\u00eda de desarrollo y proyectos de inform\u00e1tica y comunicaciones\",\"publisher\":{\"@id\":\"https:\\\/\\\/www.cic.es\\\/#organization\"},\"alternateName\":\"CIC Consulting Inform\u00e1tico\",\"potentialAction\":[{\"@type\":\"SearchAction\",\"target\":{\"@type\":\"EntryPoint\",\"urlTemplate\":\"https:\\\/\\\/www.cic.es\\\/?s={search_term_string}\"},\"query-input\":{\"@type\":\"PropertyValueSpecification\",\"valueRequired\":true,\"valueName\":\"search_term_string\"}}],\"inLanguage\":\"en-US\"},{\"@type\":\"Organization\",\"@id\":\"https:\\\/\\\/www.cic.es\\\/#organization\",\"name\":\"CIC Consulting Inform\u00e1tico\",\"alternateName\":\"CIC Consulting Inform\u00e1tico\",\"url\":\"https:\\\/\\\/www.cic.es\\\/\",\"logo\":{\"@type\":\"ImageObject\",\"inLanguage\":\"en-US\",\"@id\":\"https:\\\/\\\/www.cic.es\\\/#\\\/schema\\\/logo\\\/image\\\/\",\"url\":\"https:\\\/\\\/www.cic.es\\\/wp-content\\\/uploads\\\/2018\\\/04\\\/cic_color.png\",\"contentUrl\":\"https:\\\/\\\/www.cic.es\\\/wp-content\\\/uploads\\\/2018\\\/04\\\/cic_color.png\",\"width\":300,\"height\":200,\"caption\":\"CIC Consulting Inform\u00e1tico\"},\"image\":{\"@id\":\"https:\\\/\\\/www.cic.es\\\/#\\\/schema\\\/logo\\\/image\\\/\"},\"sameAs\":[\"https:\\\/\\\/www.facebook.com\\\/CIC.Consulting\\\/\",\"https:\\\/\\\/x.com\\\/CICactualidad\",\"https:\\\/\\\/www.linkedin.com\\\/company\\\/2157627\\\/\",\"https:\\\/\\\/www.pinterest.es\\\/cicconsultinginformatico\\\/\",\"https:\\\/\\\/www.youtube.com\\\/user\\\/webmastercic\"]}]}<\/script>\n<!-- \/ Yoast SEO plugin. -->","yoast_head_json":{"title":"Sector Energ\u00eda Nuclear - CIC Consulting Inform\u00e1tico","description":"Tenemos experiencia trabajando con todas las Centrales nucleares de Espa\u00f1a. Desarrollamos soluciones que optimizan la operaci\u00f3n y el mantenimiento de la Industria Nuclear.","robots":{"index":"index","follow":"follow","max-snippet":"max-snippet:-1","max-image-preview":"max-image-preview:large","max-video-preview":"max-video-preview:-1"},"canonical":"https:\/\/www.cic.es\/en\/energy-and-utilities\/nuclear-energy\/","og_locale":"en_US","og_type":"article","og_title":"Sector Energ\u00eda Nuclear - CIC Consulting Inform\u00e1tico","og_description":"Tenemos experiencia trabajando con todas las Centrales nucleares de Espa\u00f1a. Desarrollamos soluciones que optimizan la operaci\u00f3n y el mantenimiento de la Industria Nuclear.","og_url":"https:\/\/www.cic.es\/en\/energy-and-utilities\/nuclear-energy\/","og_site_name":"CIC Consulting Inform\u00e1tico","article_publisher":"https:\/\/www.facebook.com\/CIC.Consulting\/","article_modified_time":"2021-11-18T08:31:55+00:00","og_image":[{"width":1413,"height":742,"url":"https:\/\/www.cic.es\/wp-content\/uploads\/2021\/09\/bg-enuclear.jpg","type":"image\/jpeg"}],"twitter_card":"summary_large_image","twitter_site":"@CICactualidad","twitter_misc":{"Est. reading time":"3 minutes"},"schema":{"@context":"https:\/\/schema.org","@graph":[{"@type":"WebPage","@id":"https:\/\/www.cic.es\/energia-y-utilities\/energia-nuclear\/","url":"https:\/\/www.cic.es\/en\/energy-and-utilities\/nuclear-energy\/","name":"Sector Energ\u00eda Nuclear - CIC Consulting Inform\u00e1tico","isPartOf":{"@id":"https:\/\/www.cic.es\/#website"},"primaryImageOfPage":{"@id":"https:\/\/www.cic.es\/en\/energy-and-utilities\/nuclear-energy\/#primaryimage"},"image":{"@id":"https:\/\/www.cic.es\/en\/energy-and-utilities\/nuclear-energy\/#primaryimage"},"thumbnailUrl":"https:\/\/www.cic.es\/wp-content\/uploads\/2021\/09\/bg-enuclear.jpg","datePublished":"2018-02-28T16:02:57+00:00","dateModified":"2021-11-18T08:31:55+00:00","description":"Tenemos experiencia trabajando con todas las Centrales nucleares de Espa\u00f1a. Desarrollamos soluciones que optimizan la operaci\u00f3n y el mantenimiento de la Industria Nuclear.","breadcrumb":{"@id":"https:\/\/www.cic.es\/en\/energy-and-utilities\/nuclear-energy\/#breadcrumb"},"inLanguage":"en-US","potentialAction":[{"@type":"ReadAction","target":["https:\/\/www.cic.es\/en\/energy-and-utilities\/nuclear-energy\/"]}]},{"@type":"ImageObject","inLanguage":"en-US","@id":"https:\/\/www.cic.es\/en\/energy-and-utilities\/nuclear-energy\/#primaryimage","url":"https:\/\/www.cic.es\/wp-content\/uploads\/2021\/09\/bg-enuclear.jpg","contentUrl":"https:\/\/www.cic.es\/wp-content\/uploads\/2021\/09\/bg-enuclear.jpg","width":1413,"height":742,"caption":"Soluciones Energ\u00eda El\u00e9ctrica"},{"@type":"BreadcrumbList","@id":"https:\/\/www.cic.es\/en\/energy-and-utilities\/nuclear-energy\/#breadcrumb","itemListElement":[{"@type":"ListItem","position":1,"name":"CIC","item":"https:\/\/www.cic.es\/"},{"@type":"ListItem","position":2,"name":"Energy and utilities","item":"https:\/\/www.cic.es\/en\/energy-and-utilities\/"},{"@type":"ListItem","position":3,"name":"Nuclear energy"}]},{"@type":"WebSite","@id":"https:\/\/www.cic.es\/#website","url":"https:\/\/www.cic.es\/","name":"CIC Consulting Inform\u00e1tico","description":"Somos una consultor\u00eda de ingenier\u00eda de desarrollo y proyectos de inform\u00e1tica y comunicaciones","publisher":{"@id":"https:\/\/www.cic.es\/#organization"},"alternateName":"CIC Consulting Inform\u00e1tico","potentialAction":[{"@type":"SearchAction","target":{"@type":"EntryPoint","urlTemplate":"https:\/\/www.cic.es\/?s={search_term_string}"},"query-input":{"@type":"PropertyValueSpecification","valueRequired":true,"valueName":"search_term_string"}}],"inLanguage":"en-US"},{"@type":"Organization","@id":"https:\/\/www.cic.es\/#organization","name":"CIC Consulting Inform\u00e1tico","alternateName":"CIC Consulting Inform\u00e1tico","url":"https:\/\/www.cic.es\/","logo":{"@type":"ImageObject","inLanguage":"en-US","@id":"https:\/\/www.cic.es\/#\/schema\/logo\/image\/","url":"https:\/\/www.cic.es\/wp-content\/uploads\/2018\/04\/cic_color.png","contentUrl":"https:\/\/www.cic.es\/wp-content\/uploads\/2018\/04\/cic_color.png","width":300,"height":200,"caption":"CIC Consulting Inform\u00e1tico"},"image":{"@id":"https:\/\/www.cic.es\/#\/schema\/logo\/image\/"},"sameAs":["https:\/\/www.facebook.com\/CIC.Consulting\/","https:\/\/x.com\/CICactualidad","https:\/\/www.linkedin.com\/company\/2157627\/","https:\/\/www.pinterest.es\/cicconsultinginformatico\/","https:\/\/www.youtube.com\/user\/webmastercic"]}]}},"_links":{"self":[{"href":"https:\/\/www.cic.es\/en\/wp-json\/wp\/v2\/pages\/4409","targetHints":{"allow":["GET"]}}],"collection":[{"href":"https:\/\/www.cic.es\/en\/wp-json\/wp\/v2\/pages"}],"about":[{"href":"https:\/\/www.cic.es\/en\/wp-json\/wp\/v2\/types\/page"}],"author":[{"embeddable":true,"href":"https:\/\/www.cic.es\/en\/wp-json\/wp\/v2\/users\/1"}],"replies":[{"embeddable":true,"href":"https:\/\/www.cic.es\/en\/wp-json\/wp\/v2\/comments?post=4409"}],"version-history":[{"count":8,"href":"https:\/\/www.cic.es\/en\/wp-json\/wp\/v2\/pages\/4409\/revisions"}],"predecessor-version":[{"id":10983,"href":"https:\/\/www.cic.es\/en\/wp-json\/wp\/v2\/pages\/4409\/revisions\/10983"}],"up":[{"embeddable":true,"href":"https:\/\/www.cic.es\/en\/wp-json\/wp\/v2\/pages\/4263"}],"wp:featuredmedia":[{"embeddable":true,"href":"https:\/\/www.cic.es\/en\/wp-json\/wp\/v2\/media\/10601"}],"wp:attachment":[{"href":"https:\/\/www.cic.es\/en\/wp-json\/wp\/v2\/media?parent=4409"}],"curies":[{"name":"wp","href":"https:\/\/api.w.org\/{rel}","templated":true}]}}