{"id":4405,"date":"2018-06-29T11:07:15","date_gmt":"2018-06-29T10:07:15","guid":{"rendered":"http:\/\/webcic-pre.cic.es\/?page_id=4405"},"modified":"2021-07-30T11:03:56","modified_gmt":"2021-07-30T10:03:56","slug":"energy-efficiency","status":"publish","type":"page","link":"https:\/\/www.cic.es\/en\/energy-and-utilities\/energy-efficiency\/","title":{"rendered":"Energy efficiency"},"content":{"rendered":"<h2>At CIC we bring you energy efficiency solutions with every project<\/h2>\n<p>Today\u00b4s quest for energy efficiency is partly due to the limitations that traditional sources of power generation have, higher prices, energy dependence from abroad and its impact on the environment. These factors have forced us to manage our resources intelligently looking for optimisation of energy consumption. The reduction of fixed costs in relation to one\u00b4s operating account and positioning one\u00b4s brand in a world that is more and more fixated on the environment, are determining aspects in a competitive world.<\/p>\n<h2>How can a company achieve efficient management of its energy sources?<\/h2>\n<p><strong>By deploying Energy Efficiency Systems (EES)<\/strong> based on the ISO 50001 energy certification. The idea is to implant a working methodology that allows for continuous energy management over time, knowing in real time what is happening in installations that are consuming energy.<\/p>\n<p>More and more information and communication technologies (ICT) are popping up everyday, with field devices or that are able to gather and send data from the business environment (IoT devices). This means that we are able to have more information about our environment, and therefore, a multitude of variables that influence in a direct or indirect way energy consumption (economic, social, environmental, production, technological variables\u2026). These variables tend to be transitional and dynamic in time.<\/p>\n<h2>How to manage these amount of business variables that affect energy consumption?<\/h2>\n<p>The quantity of information that we receive from different processes needs to be handled by tools and technologies that are capable of dealing with this information.<\/p>\n<h3><a href=\"https:\/\/www.cic.es\/en\/big-data\/\">Big Data technology<\/a>\u00a0for efficient management of energy sources<\/h3>\n<p>Firstly, it allows you to INTEGRATE multiple heterogeneous variables, economic, social, environmental, etc. Secondly, PROCESS the measured data. And thirdly, ANALYSE data in real time, allowing for the elaboration of mathematic models based on historical data. The tools must be EFFICIENT, SCALABLE and VERSATILE to cover all the company\u00b4s business areas.<\/p>\n<h3>We provide integrated solutions for energy management of cities, industry, infrastructure and telecommunications.<\/h3>\n<p>Our <u><a href=\"https:\/\/www.cic.es\/en\/idbox-rt\/\">IDboxRT<\/a><\/u>\u00a0solution provides acquisition, monitoring and analysis of data.\u00a0<a href=\"https:\/\/www.cic.es\/en\/fieldeas\/\">FIELDEAS<\/a>\u00a0works as a mobile platform that optimises field work in mobile devices. Both platforms have achieved substantial energetic optimisation. Which makes the following possible:<\/p>\n<ul>\n<li>Minimises energy loses in a company\u00b4s diverse processes<\/li>\n<li>More efficient operative processes that contribute to lower energy consumption<\/li>\n<li>Optimises contracting energy tariffs<\/li>\n<li>Optimises preventive maintenance work in the field<\/li>\n<\/ul>\n<h3><strong>Energy efficiency services:<\/strong><\/h3>\n<p>\u2022 Monitoring and control of infrastructures in real time, allowing to compensate for consumption and energy costs<br \/>\n\u2022 Automatic warning and notifications when energy consumption is exceeded<br \/>\n\u2022 Consumption patterns, anomalies and consumption outside planned time detection<br \/>\n\u2022 Correlations between environmental parameters and energy consumption detection<br \/>\n\u2022 Different types of analysis to back up decision making process application<br \/>\n\u2022 Protocols on measurement and verification implementation to supports of ISO 50001<br \/>\n\u2022 Baseline establishment for Energy Reference to monitor the degree of compliance with energy performance indicators<br \/>\n\u2022 Prediction of algorithms<br \/>\n\u2022 Maintenance optimisation (rounds, preventive, proactive and reactive maintenance)<\/p>\n","protected":false},"excerpt":{"rendered":"<p>At CIC we bring you energy efficiency solutions with every project Today\u00b4s quest for energy efficiency is partly due to the limitations that traditional sources of power generation have, higher prices, energy dependence from abroad and its impact on the environment. These factors have forced us to manage our resources&#8230;<\/p>\n","protected":false},"author":1,"featured_media":4000,"parent":4263,"menu_order":5,"comment_status":"closed","ping_status":"closed","template":"page-templates\/page-sectores.php","meta":{"_acf_changed":false,"footnotes":""},"class_list":["post-4405","page","type-page","status-publish","has-post-thumbnail","hentry"],"acf":[],"yoast_head":"<!-- This site is optimized with the Yoast SEO plugin v27.4 - https:\/\/yoast.com\/product\/yoast-seo-wordpress\/ -->\n<title>Energy efficiency CIC Consulting Inform\u00e1tico<\/title>\n<meta name=\"description\" content=\"Our\u00a0IDboxRT\u00a0solution provides acquisition, monitoring and analysis of data.\u00a0FIELDEAS\u00a0works as a mobile platform that optimises field work in mobile devices.\" \/>\n<meta name=\"robots\" content=\"index, follow, max-snippet:-1, max-image-preview:large, max-video-preview:-1\" \/>\n<link rel=\"canonical\" href=\"https:\/\/www.cic.es\/en\/energy-and-utilities\/energy-efficiency\/\" \/>\n<meta property=\"og:locale\" content=\"en_US\" \/>\n<meta property=\"og:type\" content=\"article\" \/>\n<meta property=\"og:title\" content=\"Energy efficiency CIC Consulting Inform\u00e1tico\" \/>\n<meta property=\"og:description\" content=\"Our\u00a0IDboxRT\u00a0solution provides acquisition, monitoring and analysis of data.\u00a0FIELDEAS\u00a0works as a mobile platform that optimises field work in mobile devices.\" \/>\n<meta property=\"og:url\" content=\"https:\/\/www.cic.es\/en\/energy-and-utilities\/energy-efficiency\/\" \/>\n<meta property=\"og:site_name\" content=\"CIC Consulting Inform\u00e1tico\" \/>\n<meta property=\"article:publisher\" content=\"https:\/\/www.facebook.com\/CIC.Consulting\/\" \/>\n<meta property=\"article:modified_time\" content=\"2021-07-30T10:03:56+00:00\" \/>\n<meta property=\"og:image\" content=\"https:\/\/www.cic.es\/wp-content\/uploads\/2018\/06\/Soluciones-transversales-eficiencia-energetica.jpg\" \/>\n\t<meta property=\"og:image:width\" content=\"1600\" \/>\n\t<meta property=\"og:image:height\" content=\"679\" \/>\n\t<meta property=\"og:image:type\" content=\"image\/jpeg\" \/>\n<meta name=\"twitter:card\" content=\"summary_large_image\" \/>\n<meta name=\"twitter:site\" content=\"@CICactualidad\" \/>\n<meta name=\"twitter:label1\" content=\"Est. reading time\" \/>\n\t<meta name=\"twitter:data1\" content=\"3 minutes\" \/>\n<script type=\"application\/ld+json\" class=\"yoast-schema-graph\">{\"@context\":\"https:\\\/\\\/schema.org\",\"@graph\":[{\"@type\":\"WebPage\",\"@id\":\"https:\\\/\\\/www.cic.es\\\/en\\\/energy-and-utilities\\\/energy-efficiency\\\/\",\"url\":\"https:\\\/\\\/www.cic.es\\\/en\\\/energy-and-utilities\\\/energy-efficiency\\\/\",\"name\":\"Energy efficiency CIC Consulting Inform\u00e1tico\",\"isPartOf\":{\"@id\":\"https:\\\/\\\/www.cic.es\\\/#website\"},\"primaryImageOfPage\":{\"@id\":\"https:\\\/\\\/www.cic.es\\\/en\\\/energy-and-utilities\\\/energy-efficiency\\\/#primaryimage\"},\"image\":{\"@id\":\"https:\\\/\\\/www.cic.es\\\/en\\\/energy-and-utilities\\\/energy-efficiency\\\/#primaryimage\"},\"thumbnailUrl\":\"https:\\\/\\\/www.cic.es\\\/wp-content\\\/uploads\\\/2018\\\/06\\\/Soluciones-transversales-eficiencia-energetica.jpg\",\"datePublished\":\"2018-06-29T10:07:15+00:00\",\"dateModified\":\"2021-07-30T10:03:56+00:00\",\"description\":\"Our\u00a0IDboxRT\u00a0solution provides acquisition, monitoring and analysis of data.\u00a0FIELDEAS\u00a0works as a mobile platform that optimises field work in mobile devices.\",\"breadcrumb\":{\"@id\":\"https:\\\/\\\/www.cic.es\\\/en\\\/energy-and-utilities\\\/energy-efficiency\\\/#breadcrumb\"},\"inLanguage\":\"en-US\",\"potentialAction\":[{\"@type\":\"ReadAction\",\"target\":[\"https:\\\/\\\/www.cic.es\\\/en\\\/energy-and-utilities\\\/energy-efficiency\\\/\"]}]},{\"@type\":\"ImageObject\",\"inLanguage\":\"en-US\",\"@id\":\"https:\\\/\\\/www.cic.es\\\/en\\\/energy-and-utilities\\\/energy-efficiency\\\/#primaryimage\",\"url\":\"https:\\\/\\\/www.cic.es\\\/wp-content\\\/uploads\\\/2018\\\/06\\\/Soluciones-transversales-eficiencia-energetica.jpg\",\"contentUrl\":\"https:\\\/\\\/www.cic.es\\\/wp-content\\\/uploads\\\/2018\\\/06\\\/Soluciones-transversales-eficiencia-energetica.jpg\",\"width\":1600,\"height\":679},{\"@type\":\"BreadcrumbList\",\"@id\":\"https:\\\/\\\/www.cic.es\\\/en\\\/energy-and-utilities\\\/energy-efficiency\\\/#breadcrumb\",\"itemListElement\":[{\"@type\":\"ListItem\",\"position\":1,\"name\":\"CIC\",\"item\":\"https:\\\/\\\/www.cic.es\\\/\"},{\"@type\":\"ListItem\",\"position\":2,\"name\":\"Energy and utilities\",\"item\":\"https:\\\/\\\/www.cic.es\\\/en\\\/energy-and-utilities\\\/\"},{\"@type\":\"ListItem\",\"position\":3,\"name\":\"Energy efficiency\"}]},{\"@type\":\"WebSite\",\"@id\":\"https:\\\/\\\/www.cic.es\\\/#website\",\"url\":\"https:\\\/\\\/www.cic.es\\\/\",\"name\":\"CIC Consulting Inform\u00e1tico\",\"description\":\"Somos una consultor\u00eda de ingenier\u00eda de desarrollo y proyectos de inform\u00e1tica y comunicaciones\",\"publisher\":{\"@id\":\"https:\\\/\\\/www.cic.es\\\/#organization\"},\"alternateName\":\"CIC Consulting Inform\u00e1tico\",\"potentialAction\":[{\"@type\":\"SearchAction\",\"target\":{\"@type\":\"EntryPoint\",\"urlTemplate\":\"https:\\\/\\\/www.cic.es\\\/?s={search_term_string}\"},\"query-input\":{\"@type\":\"PropertyValueSpecification\",\"valueRequired\":true,\"valueName\":\"search_term_string\"}}],\"inLanguage\":\"en-US\"},{\"@type\":\"Organization\",\"@id\":\"https:\\\/\\\/www.cic.es\\\/#organization\",\"name\":\"CIC Consulting Inform\u00e1tico\",\"alternateName\":\"CIC Consulting Inform\u00e1tico\",\"url\":\"https:\\\/\\\/www.cic.es\\\/\",\"logo\":{\"@type\":\"ImageObject\",\"inLanguage\":\"en-US\",\"@id\":\"https:\\\/\\\/www.cic.es\\\/#\\\/schema\\\/logo\\\/image\\\/\",\"url\":\"https:\\\/\\\/www.cic.es\\\/wp-content\\\/uploads\\\/2018\\\/04\\\/cic_color.png\",\"contentUrl\":\"https:\\\/\\\/www.cic.es\\\/wp-content\\\/uploads\\\/2018\\\/04\\\/cic_color.png\",\"width\":300,\"height\":200,\"caption\":\"CIC Consulting Inform\u00e1tico\"},\"image\":{\"@id\":\"https:\\\/\\\/www.cic.es\\\/#\\\/schema\\\/logo\\\/image\\\/\"},\"sameAs\":[\"https:\\\/\\\/www.facebook.com\\\/CIC.Consulting\\\/\",\"https:\\\/\\\/x.com\\\/CICactualidad\",\"https:\\\/\\\/www.linkedin.com\\\/company\\\/2157627\\\/\",\"https:\\\/\\\/www.pinterest.es\\\/cicconsultinginformatico\\\/\",\"https:\\\/\\\/www.youtube.com\\\/user\\\/webmastercic\"]}]}<\/script>\n<!-- \/ Yoast SEO plugin. -->","yoast_head_json":{"title":"Energy efficiency CIC Consulting Inform\u00e1tico","description":"Our\u00a0IDboxRT\u00a0solution provides acquisition, monitoring and analysis of data.\u00a0FIELDEAS\u00a0works as a mobile platform that optimises field work in mobile devices.","robots":{"index":"index","follow":"follow","max-snippet":"max-snippet:-1","max-image-preview":"max-image-preview:large","max-video-preview":"max-video-preview:-1"},"canonical":"https:\/\/www.cic.es\/en\/energy-and-utilities\/energy-efficiency\/","og_locale":"en_US","og_type":"article","og_title":"Energy efficiency CIC Consulting Inform\u00e1tico","og_description":"Our\u00a0IDboxRT\u00a0solution provides acquisition, monitoring and analysis of data.\u00a0FIELDEAS\u00a0works as a mobile platform that optimises field work in mobile devices.","og_url":"https:\/\/www.cic.es\/en\/energy-and-utilities\/energy-efficiency\/","og_site_name":"CIC Consulting Inform\u00e1tico","article_publisher":"https:\/\/www.facebook.com\/CIC.Consulting\/","article_modified_time":"2021-07-30T10:03:56+00:00","og_image":[{"width":1600,"height":679,"url":"https:\/\/www.cic.es\/wp-content\/uploads\/2018\/06\/Soluciones-transversales-eficiencia-energetica.jpg","type":"image\/jpeg"}],"twitter_card":"summary_large_image","twitter_site":"@CICactualidad","twitter_misc":{"Est. reading time":"3 minutes"},"schema":{"@context":"https:\/\/schema.org","@graph":[{"@type":"WebPage","@id":"https:\/\/www.cic.es\/en\/energy-and-utilities\/energy-efficiency\/","url":"https:\/\/www.cic.es\/en\/energy-and-utilities\/energy-efficiency\/","name":"Energy efficiency CIC Consulting Inform\u00e1tico","isPartOf":{"@id":"https:\/\/www.cic.es\/#website"},"primaryImageOfPage":{"@id":"https:\/\/www.cic.es\/en\/energy-and-utilities\/energy-efficiency\/#primaryimage"},"image":{"@id":"https:\/\/www.cic.es\/en\/energy-and-utilities\/energy-efficiency\/#primaryimage"},"thumbnailUrl":"https:\/\/www.cic.es\/wp-content\/uploads\/2018\/06\/Soluciones-transversales-eficiencia-energetica.jpg","datePublished":"2018-06-29T10:07:15+00:00","dateModified":"2021-07-30T10:03:56+00:00","description":"Our\u00a0IDboxRT\u00a0solution provides acquisition, monitoring and analysis of data.\u00a0FIELDEAS\u00a0works as a mobile platform that optimises field work in mobile devices.","breadcrumb":{"@id":"https:\/\/www.cic.es\/en\/energy-and-utilities\/energy-efficiency\/#breadcrumb"},"inLanguage":"en-US","potentialAction":[{"@type":"ReadAction","target":["https:\/\/www.cic.es\/en\/energy-and-utilities\/energy-efficiency\/"]}]},{"@type":"ImageObject","inLanguage":"en-US","@id":"https:\/\/www.cic.es\/en\/energy-and-utilities\/energy-efficiency\/#primaryimage","url":"https:\/\/www.cic.es\/wp-content\/uploads\/2018\/06\/Soluciones-transversales-eficiencia-energetica.jpg","contentUrl":"https:\/\/www.cic.es\/wp-content\/uploads\/2018\/06\/Soluciones-transversales-eficiencia-energetica.jpg","width":1600,"height":679},{"@type":"BreadcrumbList","@id":"https:\/\/www.cic.es\/en\/energy-and-utilities\/energy-efficiency\/#breadcrumb","itemListElement":[{"@type":"ListItem","position":1,"name":"CIC","item":"https:\/\/www.cic.es\/"},{"@type":"ListItem","position":2,"name":"Energy and utilities","item":"https:\/\/www.cic.es\/en\/energy-and-utilities\/"},{"@type":"ListItem","position":3,"name":"Energy efficiency"}]},{"@type":"WebSite","@id":"https:\/\/www.cic.es\/#website","url":"https:\/\/www.cic.es\/","name":"CIC Consulting Inform\u00e1tico","description":"Somos una consultor\u00eda de ingenier\u00eda de desarrollo y proyectos de inform\u00e1tica y comunicaciones","publisher":{"@id":"https:\/\/www.cic.es\/#organization"},"alternateName":"CIC Consulting Inform\u00e1tico","potentialAction":[{"@type":"SearchAction","target":{"@type":"EntryPoint","urlTemplate":"https:\/\/www.cic.es\/?s={search_term_string}"},"query-input":{"@type":"PropertyValueSpecification","valueRequired":true,"valueName":"search_term_string"}}],"inLanguage":"en-US"},{"@type":"Organization","@id":"https:\/\/www.cic.es\/#organization","name":"CIC Consulting Inform\u00e1tico","alternateName":"CIC Consulting Inform\u00e1tico","url":"https:\/\/www.cic.es\/","logo":{"@type":"ImageObject","inLanguage":"en-US","@id":"https:\/\/www.cic.es\/#\/schema\/logo\/image\/","url":"https:\/\/www.cic.es\/wp-content\/uploads\/2018\/04\/cic_color.png","contentUrl":"https:\/\/www.cic.es\/wp-content\/uploads\/2018\/04\/cic_color.png","width":300,"height":200,"caption":"CIC Consulting Inform\u00e1tico"},"image":{"@id":"https:\/\/www.cic.es\/#\/schema\/logo\/image\/"},"sameAs":["https:\/\/www.facebook.com\/CIC.Consulting\/","https:\/\/x.com\/CICactualidad","https:\/\/www.linkedin.com\/company\/2157627\/","https:\/\/www.pinterest.es\/cicconsultinginformatico\/","https:\/\/www.youtube.com\/user\/webmastercic"]}]}},"_links":{"self":[{"href":"https:\/\/www.cic.es\/en\/wp-json\/wp\/v2\/pages\/4405","targetHints":{"allow":["GET"]}}],"collection":[{"href":"https:\/\/www.cic.es\/en\/wp-json\/wp\/v2\/pages"}],"about":[{"href":"https:\/\/www.cic.es\/en\/wp-json\/wp\/v2\/types\/page"}],"author":[{"embeddable":true,"href":"https:\/\/www.cic.es\/en\/wp-json\/wp\/v2\/users\/1"}],"replies":[{"embeddable":true,"href":"https:\/\/www.cic.es\/en\/wp-json\/wp\/v2\/comments?post=4405"}],"version-history":[{"count":2,"href":"https:\/\/www.cic.es\/en\/wp-json\/wp\/v2\/pages\/4405\/revisions"}],"predecessor-version":[{"id":10034,"href":"https:\/\/www.cic.es\/en\/wp-json\/wp\/v2\/pages\/4405\/revisions\/10034"}],"up":[{"embeddable":true,"href":"https:\/\/www.cic.es\/en\/wp-json\/wp\/v2\/pages\/4263"}],"wp:featuredmedia":[{"embeddable":true,"href":"https:\/\/www.cic.es\/en\/wp-json\/wp\/v2\/media\/4000"}],"wp:attachment":[{"href":"https:\/\/www.cic.es\/en\/wp-json\/wp\/v2\/media?parent=4405"}],"curies":[{"name":"wp","href":"https:\/\/api.w.org\/{rel}","templated":true}]}}