{"id":4403,"date":"2019-01-02T17:56:29","date_gmt":"2019-01-02T16:56:29","guid":{"rendered":"http:\/\/webcic-pre.cic.es\/?page_id=4403"},"modified":"2021-01-27T13:13:22","modified_gmt":"2021-01-27T12:13:22","slug":"support-and-maintenance","status":"publish","type":"page","link":"https:\/\/www.cic.es\/en\/software-development-and-system-integration\/support-and-maintenance\/","title":{"rendered":"Support and maintenance"},"content":{"rendered":"<h2><strong>We guarantee comprehensive maintenance and support services to the companies which we work with.<\/strong><\/h2>\n<p>The different tools and projects that we carry out at CIC are guaranteed by a comprehensive maintenance plan and have our full technical support.<\/p>\n<h3><strong>Thanks to our technical support contract for our applications, you can rest assured that any doubt or problem you may have with your software will be solved quickly and effectively.<\/strong><\/h3>\n<ul>\n<li><strong>Professional Technicians:<\/strong> Services carried out by professionals with a remote control option at all times.<\/li>\n<li><strong>Incident Monitoring: <\/strong>We centralise all the incidents through a professional software program to be able to control and follow up every incident. Users can check and manage incidents online.<\/li>\n<li><strong>Flexible Timetable: <\/strong>We have a flexible timetable to adapt to our clients\u00b4 needs and a system that they only pay for the services that have been used.<\/li>\n<li><strong>Clear and Specific Contracts: <\/strong>Our help desk or support service is regulated by a contract&nbsp;and its conditions are detailed in SLA (Service Level Agreement).<\/li>\n<\/ul>\n<h2><strong>Benefits of support maintenance contract service for bespoke solutions:<\/strong><\/h2>\n<ul>\n<li>Single point incident resolution<\/li>\n<li>Known and agreed response time<\/li>\n<li>Lower incidents thanks to preventive maintenance of systems<\/li>\n<li>Different fees for different services<\/li>\n<li>Clear and transparent IT maintenance fees<\/li>\n<li>Return on investment (ROI) from the outset thanks to cost savings<\/li>\n<\/ul>\n<p>Thanks to our professional IT services you will be covered with our support and maintenance services for hardware and software, database, backup copy and data integrity, Terminal Server remote sessions, internet services, email, antivirus, antispam and availability services.<\/p>\n<p>You will receive comprehensive maintenance and support services by our team of highly qualified professionals at all times.<\/p>\n","protected":false},"excerpt":{"rendered":"<p>We guarantee comprehensive maintenance and support services to the companies which we work with. The different tools and projects that we carry out at CIC are guaranteed by a comprehensive maintenance plan and have our full technical support. Thanks to our technical support contract for our applications, you can rest&#8230;<\/p>\n","protected":false},"author":1,"featured_media":4049,"parent":4251,"menu_order":0,"comment_status":"closed","ping_status":"closed","template":"page-templates\/page-servicios.php","meta":{"_acf_changed":false,"footnotes":""},"class_list":["post-4403","page","type-page","status-publish","has-post-thumbnail","hentry"],"acf":[],"yoast_head":"<!-- This site is optimized with the Yoast SEO plugin v27.4 - https:\/\/yoast.com\/product\/yoast-seo-wordpress\/ -->\n<title>Support and maintenance CIC Consulting Inform\u00e1tico<\/title>\n<meta name=\"description\" content=\"Our support and maintenance services for hardware and software, database, backup copy and data integrity, Terminal Server remote sessions, internet services\" \/>\n<meta name=\"robots\" content=\"index, follow, max-snippet:-1, max-image-preview:large, max-video-preview:-1\" \/>\n<link rel=\"canonical\" href=\"https:\/\/www.cic.es\/en\/software-development-and-system-integration\/support-and-maintenance\/\" \/>\n<meta property=\"og:locale\" content=\"en_US\" \/>\n<meta property=\"og:type\" content=\"article\" \/>\n<meta property=\"og:title\" content=\"Support and maintenance CIC Consulting Inform\u00e1tico\" \/>\n<meta property=\"og:description\" content=\"Our support and maintenance services for hardware and software, database, backup copy and data integrity, Terminal Server remote sessions, internet services\" \/>\n<meta property=\"og:url\" content=\"https:\/\/www.cic.es\/en\/software-development-and-system-integration\/support-and-maintenance\/\" \/>\n<meta property=\"og:site_name\" content=\"CIC Consulting Inform\u00e1tico\" \/>\n<meta property=\"article:publisher\" content=\"https:\/\/www.facebook.com\/CIC.Consulting\/\" \/>\n<meta property=\"article:modified_time\" content=\"2021-01-27T12:13:22+00:00\" \/>\n<meta property=\"og:image\" content=\"https:\/\/www.cic.es\/wp-content\/uploads\/2018\/07\/soporte-mantenimiento.jpg\" \/>\n\t<meta property=\"og:image:width\" content=\"1600\" \/>\n\t<meta property=\"og:image:height\" content=\"1067\" \/>\n\t<meta property=\"og:image:type\" content=\"image\/jpeg\" \/>\n<meta name=\"twitter:card\" content=\"summary_large_image\" \/>\n<meta name=\"twitter:site\" content=\"@CICactualidad\" \/>\n<meta name=\"twitter:label1\" content=\"Est. reading time\" \/>\n\t<meta name=\"twitter:data1\" content=\"2 minutes\" \/>\n<script type=\"application\/ld+json\" class=\"yoast-schema-graph\">{\"@context\":\"https:\\\/\\\/schema.org\",\"@graph\":[{\"@type\":\"WebPage\",\"@id\":\"https:\\\/\\\/www.cic.es\\\/en\\\/software-development-and-system-integration\\\/support-and-maintenance\\\/\",\"url\":\"https:\\\/\\\/www.cic.es\\\/en\\\/software-development-and-system-integration\\\/support-and-maintenance\\\/\",\"name\":\"Support and maintenance CIC Consulting Inform\u00e1tico\",\"isPartOf\":{\"@id\":\"https:\\\/\\\/www.cic.es\\\/#website\"},\"primaryImageOfPage\":{\"@id\":\"https:\\\/\\\/www.cic.es\\\/en\\\/software-development-and-system-integration\\\/support-and-maintenance\\\/#primaryimage\"},\"image\":{\"@id\":\"https:\\\/\\\/www.cic.es\\\/en\\\/software-development-and-system-integration\\\/support-and-maintenance\\\/#primaryimage\"},\"thumbnailUrl\":\"https:\\\/\\\/www.cic.es\\\/wp-content\\\/uploads\\\/2018\\\/07\\\/soporte-mantenimiento.jpg\",\"datePublished\":\"2019-01-02T16:56:29+00:00\",\"dateModified\":\"2021-01-27T12:13:22+00:00\",\"description\":\"Our support and maintenance services for hardware and software, database, backup copy and data integrity, Terminal Server remote sessions, internet services\",\"breadcrumb\":{\"@id\":\"https:\\\/\\\/www.cic.es\\\/en\\\/software-development-and-system-integration\\\/support-and-maintenance\\\/#breadcrumb\"},\"inLanguage\":\"en-US\",\"potentialAction\":[{\"@type\":\"ReadAction\",\"target\":[\"https:\\\/\\\/www.cic.es\\\/en\\\/software-development-and-system-integration\\\/support-and-maintenance\\\/\"]}]},{\"@type\":\"ImageObject\",\"inLanguage\":\"en-US\",\"@id\":\"https:\\\/\\\/www.cic.es\\\/en\\\/software-development-and-system-integration\\\/support-and-maintenance\\\/#primaryimage\",\"url\":\"https:\\\/\\\/www.cic.es\\\/wp-content\\\/uploads\\\/2018\\\/07\\\/soporte-mantenimiento.jpg\",\"contentUrl\":\"https:\\\/\\\/www.cic.es\\\/wp-content\\\/uploads\\\/2018\\\/07\\\/soporte-mantenimiento.jpg\",\"width\":1600,\"height\":1067},{\"@type\":\"BreadcrumbList\",\"@id\":\"https:\\\/\\\/www.cic.es\\\/en\\\/software-development-and-system-integration\\\/support-and-maintenance\\\/#breadcrumb\",\"itemListElement\":[{\"@type\":\"ListItem\",\"position\":1,\"name\":\"CIC\",\"item\":\"https:\\\/\\\/www.cic.es\\\/\"},{\"@type\":\"ListItem\",\"position\":2,\"name\":\"Software development and System Integration\",\"item\":\"https:\\\/\\\/www.cic.es\\\/en\\\/software-development-and-system-integration\\\/\"},{\"@type\":\"ListItem\",\"position\":3,\"name\":\"Support and maintenance\"}]},{\"@type\":\"WebSite\",\"@id\":\"https:\\\/\\\/www.cic.es\\\/#website\",\"url\":\"https:\\\/\\\/www.cic.es\\\/\",\"name\":\"CIC Consulting Inform\u00e1tico\",\"description\":\"Somos una consultor\u00eda de ingenier\u00eda de desarrollo y proyectos de inform\u00e1tica y comunicaciones\",\"publisher\":{\"@id\":\"https:\\\/\\\/www.cic.es\\\/#organization\"},\"alternateName\":\"CIC Consulting Inform\u00e1tico\",\"potentialAction\":[{\"@type\":\"SearchAction\",\"target\":{\"@type\":\"EntryPoint\",\"urlTemplate\":\"https:\\\/\\\/www.cic.es\\\/?s={search_term_string}\"},\"query-input\":{\"@type\":\"PropertyValueSpecification\",\"valueRequired\":true,\"valueName\":\"search_term_string\"}}],\"inLanguage\":\"en-US\"},{\"@type\":\"Organization\",\"@id\":\"https:\\\/\\\/www.cic.es\\\/#organization\",\"name\":\"CIC Consulting Inform\u00e1tico\",\"alternateName\":\"CIC Consulting Inform\u00e1tico\",\"url\":\"https:\\\/\\\/www.cic.es\\\/\",\"logo\":{\"@type\":\"ImageObject\",\"inLanguage\":\"en-US\",\"@id\":\"https:\\\/\\\/www.cic.es\\\/#\\\/schema\\\/logo\\\/image\\\/\",\"url\":\"https:\\\/\\\/www.cic.es\\\/wp-content\\\/uploads\\\/2018\\\/04\\\/cic_color.png\",\"contentUrl\":\"https:\\\/\\\/www.cic.es\\\/wp-content\\\/uploads\\\/2018\\\/04\\\/cic_color.png\",\"width\":300,\"height\":200,\"caption\":\"CIC Consulting Inform\u00e1tico\"},\"image\":{\"@id\":\"https:\\\/\\\/www.cic.es\\\/#\\\/schema\\\/logo\\\/image\\\/\"},\"sameAs\":[\"https:\\\/\\\/www.facebook.com\\\/CIC.Consulting\\\/\",\"https:\\\/\\\/x.com\\\/CICactualidad\",\"https:\\\/\\\/www.linkedin.com\\\/company\\\/2157627\\\/\",\"https:\\\/\\\/www.pinterest.es\\\/cicconsultinginformatico\\\/\",\"https:\\\/\\\/www.youtube.com\\\/user\\\/webmastercic\"]}]}<\/script>\n<!-- \/ Yoast SEO plugin. -->","yoast_head_json":{"title":"Support and maintenance CIC Consulting Inform\u00e1tico","description":"Our support and maintenance services for hardware and software, database, backup copy and data integrity, Terminal Server remote sessions, internet services","robots":{"index":"index","follow":"follow","max-snippet":"max-snippet:-1","max-image-preview":"max-image-preview:large","max-video-preview":"max-video-preview:-1"},"canonical":"https:\/\/www.cic.es\/en\/software-development-and-system-integration\/support-and-maintenance\/","og_locale":"en_US","og_type":"article","og_title":"Support and maintenance CIC Consulting Inform\u00e1tico","og_description":"Our support and maintenance services for hardware and software, database, backup copy and data integrity, Terminal Server remote sessions, internet services","og_url":"https:\/\/www.cic.es\/en\/software-development-and-system-integration\/support-and-maintenance\/","og_site_name":"CIC Consulting Inform\u00e1tico","article_publisher":"https:\/\/www.facebook.com\/CIC.Consulting\/","article_modified_time":"2021-01-27T12:13:22+00:00","og_image":[{"width":1600,"height":1067,"url":"https:\/\/www.cic.es\/wp-content\/uploads\/2018\/07\/soporte-mantenimiento.jpg","type":"image\/jpeg"}],"twitter_card":"summary_large_image","twitter_site":"@CICactualidad","twitter_misc":{"Est. reading time":"2 minutes"},"schema":{"@context":"https:\/\/schema.org","@graph":[{"@type":"WebPage","@id":"https:\/\/www.cic.es\/en\/software-development-and-system-integration\/support-and-maintenance\/","url":"https:\/\/www.cic.es\/en\/software-development-and-system-integration\/support-and-maintenance\/","name":"Support and maintenance CIC Consulting Inform\u00e1tico","isPartOf":{"@id":"https:\/\/www.cic.es\/#website"},"primaryImageOfPage":{"@id":"https:\/\/www.cic.es\/en\/software-development-and-system-integration\/support-and-maintenance\/#primaryimage"},"image":{"@id":"https:\/\/www.cic.es\/en\/software-development-and-system-integration\/support-and-maintenance\/#primaryimage"},"thumbnailUrl":"https:\/\/www.cic.es\/wp-content\/uploads\/2018\/07\/soporte-mantenimiento.jpg","datePublished":"2019-01-02T16:56:29+00:00","dateModified":"2021-01-27T12:13:22+00:00","description":"Our support and maintenance services for hardware and software, database, backup copy and data integrity, Terminal Server remote sessions, internet services","breadcrumb":{"@id":"https:\/\/www.cic.es\/en\/software-development-and-system-integration\/support-and-maintenance\/#breadcrumb"},"inLanguage":"en-US","potentialAction":[{"@type":"ReadAction","target":["https:\/\/www.cic.es\/en\/software-development-and-system-integration\/support-and-maintenance\/"]}]},{"@type":"ImageObject","inLanguage":"en-US","@id":"https:\/\/www.cic.es\/en\/software-development-and-system-integration\/support-and-maintenance\/#primaryimage","url":"https:\/\/www.cic.es\/wp-content\/uploads\/2018\/07\/soporte-mantenimiento.jpg","contentUrl":"https:\/\/www.cic.es\/wp-content\/uploads\/2018\/07\/soporte-mantenimiento.jpg","width":1600,"height":1067},{"@type":"BreadcrumbList","@id":"https:\/\/www.cic.es\/en\/software-development-and-system-integration\/support-and-maintenance\/#breadcrumb","itemListElement":[{"@type":"ListItem","position":1,"name":"CIC","item":"https:\/\/www.cic.es\/"},{"@type":"ListItem","position":2,"name":"Software development and System Integration","item":"https:\/\/www.cic.es\/en\/software-development-and-system-integration\/"},{"@type":"ListItem","position":3,"name":"Support and maintenance"}]},{"@type":"WebSite","@id":"https:\/\/www.cic.es\/#website","url":"https:\/\/www.cic.es\/","name":"CIC Consulting Inform\u00e1tico","description":"Somos una consultor\u00eda de ingenier\u00eda de desarrollo y proyectos de inform\u00e1tica y comunicaciones","publisher":{"@id":"https:\/\/www.cic.es\/#organization"},"alternateName":"CIC Consulting Inform\u00e1tico","potentialAction":[{"@type":"SearchAction","target":{"@type":"EntryPoint","urlTemplate":"https:\/\/www.cic.es\/?s={search_term_string}"},"query-input":{"@type":"PropertyValueSpecification","valueRequired":true,"valueName":"search_term_string"}}],"inLanguage":"en-US"},{"@type":"Organization","@id":"https:\/\/www.cic.es\/#organization","name":"CIC Consulting Inform\u00e1tico","alternateName":"CIC Consulting Inform\u00e1tico","url":"https:\/\/www.cic.es\/","logo":{"@type":"ImageObject","inLanguage":"en-US","@id":"https:\/\/www.cic.es\/#\/schema\/logo\/image\/","url":"https:\/\/www.cic.es\/wp-content\/uploads\/2018\/04\/cic_color.png","contentUrl":"https:\/\/www.cic.es\/wp-content\/uploads\/2018\/04\/cic_color.png","width":300,"height":200,"caption":"CIC Consulting Inform\u00e1tico"},"image":{"@id":"https:\/\/www.cic.es\/#\/schema\/logo\/image\/"},"sameAs":["https:\/\/www.facebook.com\/CIC.Consulting\/","https:\/\/x.com\/CICactualidad","https:\/\/www.linkedin.com\/company\/2157627\/","https:\/\/www.pinterest.es\/cicconsultinginformatico\/","https:\/\/www.youtube.com\/user\/webmastercic"]}]}},"_links":{"self":[{"href":"https:\/\/www.cic.es\/en\/wp-json\/wp\/v2\/pages\/4403","targetHints":{"allow":["GET"]}}],"collection":[{"href":"https:\/\/www.cic.es\/en\/wp-json\/wp\/v2\/pages"}],"about":[{"href":"https:\/\/www.cic.es\/en\/wp-json\/wp\/v2\/types\/page"}],"author":[{"embeddable":true,"href":"https:\/\/www.cic.es\/en\/wp-json\/wp\/v2\/users\/1"}],"replies":[{"embeddable":true,"href":"https:\/\/www.cic.es\/en\/wp-json\/wp\/v2\/comments?post=4403"}],"version-history":[{"count":1,"href":"https:\/\/www.cic.es\/en\/wp-json\/wp\/v2\/pages\/4403\/revisions"}],"predecessor-version":[{"id":8613,"href":"https:\/\/www.cic.es\/en\/wp-json\/wp\/v2\/pages\/4403\/revisions\/8613"}],"up":[{"embeddable":true,"href":"https:\/\/www.cic.es\/en\/wp-json\/wp\/v2\/pages\/4251"}],"wp:featuredmedia":[{"embeddable":true,"href":"https:\/\/www.cic.es\/en\/wp-json\/wp\/v2\/media\/4049"}],"wp:attachment":[{"href":"https:\/\/www.cic.es\/en\/wp-json\/wp\/v2\/media?parent=4403"}],"curies":[{"name":"wp","href":"https:\/\/api.w.org\/{rel}","templated":true}]}}