{"id":4399,"date":"2018-02-28T15:44:46","date_gmt":"2018-02-28T14:44:46","guid":{"rendered":"http:\/\/webcic-pre.cic.es\/?page_id=4399"},"modified":"2021-07-30T11:02:09","modified_gmt":"2021-07-30T10:02:09","slug":"enterprise-mobility-solutions","status":"publish","type":"page","link":"https:\/\/www.cic.es\/en\/software-development-and-system-integration\/enterprise-mobility-solutions\/","title":{"rendered":"Enterprise mobility solutions"},"content":{"rendered":"<h2><strong>We design and develop bespoke mobile solutions. \u00a0At CIC we deliver to our clients customised solutions to satisfy the needs of their organisation.<\/strong><\/h2>\n<p>We help you build mobile solutions for your company that will be accessible from any place and any mobile device. We integrate our enterprise mobility solutions with your management systems.<\/p>\n<p>We develop mobile applications, from a pre-set applications kit for each business process, based on the <a href=\"https:\/\/www.cic.es\/en\/fieldeas\/\">FIELDEAS Easy Field Services<\/a> tool (Field Service Management System).<\/p>\n<h3><strong>Our mobile applications development services include consulting and analysis, development and design, implementation and exploitation of mobile solution.<\/strong><\/h3>\n<p>Nowadays, there are over <strong>5 billion mobile phone users worldwide.<\/strong>\u00a0By 2020 that figure will have grown by 310 million more. For this reason, to have a mobile solution available in your company is no longer an option, but a crucial business tool, as a web page was in its day.<\/p>\n<h3 aria-level=\"3\"><strong>We live in a hyperconnected world where mobile solutions are no longer options, but a necessity.<\/strong><\/h3>\n<p>Many workers no longer only work from their offices. There is a new mobile way of working that has become a key factor for any functioning business that wants to<strong> improve productivity and the quality of service for its clients<\/strong>.<\/p>\n<p>In today\u00b4s world, enterprise mobility solutions allow you to <strong>create and maintain a direct relationship with the client, employee or supplier<\/strong>. Mobile solutions are possibly the best customer loyalty scheme that companies can offer and also provide a modern and innovative image.<\/p>\n<h2><strong>The development of mobile solutions increases performance and scalability, minimises downtime and simplifies business management processes.<\/strong><\/h2>\n<p>Over 100K users are using our enterprise mobility solutions, which offer:<\/p>\n<ul>\n<li>Multi-platform<\/li>\n<li>Geolocation<\/li>\n<li>Documents Scan<\/li>\n<li>Online and Offline Use<\/li>\n<li>Barcodes<\/li>\n<li>Biometric Identification\/Signature<\/li>\n<li>NFC (Near Field Communication)<\/li>\n<li>Push notifications<\/li>\n<li>Immediate modification display<\/li>\n<\/ul>\n<h2><strong>Why are Enterprise Mobility Solutions so important for your company?<\/strong><\/h2>\n<p>We show you how to use mobile technology in the most efficient way and how to get the most out of enterprise mobility which will work to your advantage by:<\/p>\n<ul>\n<li>Connecting employees, clients and collaborators through app from any mobile device<\/li>\n<li>Manage your company and the information you need, at any moment from anywhere<\/li>\n<li>Continuous production flow, even without being connected, providing you with all the necessary information, when and where you need it<\/li>\n<li>Real-time information access<\/li>\n<li>Multi-device, allowing you to take your company with you on your mobile phone or tablet<\/li>\n<li>Maximum productivity for your business<\/li>\n<\/ul>\n<h2 aria-level=\"2\"><strong>Our mobile solutions are customised to the needs of each client<\/strong><\/h2>\n<p>At CIC we offer advice and guidance from the outset to turn ideas into something concrete according to your business\u00b4s needs, regardless of the sector or size of your company. \u00a0Depending on each company\u00b4s needs, we can offer <strong>native app development<\/strong> or <strong>bespoke apps for your mobile devices<\/strong> that can work simultaneously with different platforms (Android, iOS, Windows Phone).<\/p>\n<p>We carry out different projects, from innovative ideas to business processes mobility. With our customised enterprise mobility solutions, we are able to optimise<strong> industrial and business processes for mobile devices, <\/strong>meeting and solving any daily issues you may have. Our mobile applications <strong>adapt technology to every need<\/strong>.<\/p>\n<p>At CIC we place special emphasis on features such as <strong>offline operation<\/strong>, <strong>synchronisation <\/strong>with backend systems, <strong>optimum performance<\/strong> and <strong>usability<\/strong> that allows the end user to do his\/her work more efficiently in the least amount of time possible. \u00a0Our solutions allow our clients reach more consumers and enjoy a better experience, as well as significantly increasing productivity with collaborators and business processes.<\/p>\n<p><span data-ccp-props=\"{&quot;201341983&quot;:0,&quot;335559739&quot;:160,&quot;335559740&quot;:259}\">\u00a0<\/span><\/p>\n<p><span data-ccp-props=\"{&quot;201341983&quot;:0,&quot;335559739&quot;:160,&quot;335559740&quot;:259}\">\u00a0<\/span><\/p>\n","protected":false},"excerpt":{"rendered":"<p>We design and develop bespoke mobile solutions. \u00a0At CIC we deliver to our clients customised solutions to satisfy the needs of their organisation. We help you build mobile solutions for your company that will be accessible from any place and any mobile device. We integrate our enterprise mobility solutions with&#8230;<\/p>\n","protected":false},"author":1,"featured_media":4048,"parent":4251,"menu_order":0,"comment_status":"closed","ping_status":"closed","template":"page-templates\/page-servicios.php","meta":{"_acf_changed":false,"footnotes":""},"class_list":["post-4399","page","type-page","status-publish","has-post-thumbnail","hentry"],"acf":[],"yoast_head":"<!-- This site is optimized with the Yoast SEO plugin v27.4 - https:\/\/yoast.com\/product\/yoast-seo-wordpress\/ -->\n<title>Enterprise mobility solutions CIC Consulting Inform\u00e1tico<\/title>\n<meta name=\"description\" content=\"We design and develop bespoke mobile solutions. \u00a0At CIC we deliver to our clients customised solutions to satisfy the needs of their organisation.\" \/>\n<meta name=\"robots\" content=\"index, follow, max-snippet:-1, max-image-preview:large, max-video-preview:-1\" \/>\n<link rel=\"canonical\" href=\"https:\/\/www.cic.es\/en\/software-development-and-system-integration\/enterprise-mobility-solutions\/\" \/>\n<meta property=\"og:locale\" content=\"en_US\" \/>\n<meta property=\"og:type\" content=\"article\" \/>\n<meta property=\"og:title\" content=\"Enterprise mobility solutions CIC Consulting Inform\u00e1tico\" \/>\n<meta property=\"og:description\" content=\"We design and develop bespoke mobile solutions. \u00a0At CIC we deliver to our clients customised solutions to satisfy the needs of their organisation.\" \/>\n<meta property=\"og:url\" content=\"https:\/\/www.cic.es\/en\/software-development-and-system-integration\/enterprise-mobility-solutions\/\" \/>\n<meta property=\"og:site_name\" content=\"CIC Consulting Inform\u00e1tico\" \/>\n<meta property=\"article:publisher\" content=\"https:\/\/www.facebook.com\/CIC.Consulting\/\" \/>\n<meta property=\"article:modified_time\" content=\"2021-07-30T10:02:09+00:00\" \/>\n<meta property=\"og:image\" content=\"https:\/\/www.cic.es\/wp-content\/uploads\/2018\/07\/movilidad.jpg\" \/>\n\t<meta property=\"og:image:width\" content=\"1600\" \/>\n\t<meta property=\"og:image:height\" content=\"851\" \/>\n\t<meta property=\"og:image:type\" content=\"image\/jpeg\" \/>\n<meta name=\"twitter:card\" content=\"summary_large_image\" \/>\n<meta name=\"twitter:site\" content=\"@CICactualidad\" \/>\n<meta name=\"twitter:label1\" content=\"Est. reading time\" \/>\n\t<meta name=\"twitter:data1\" content=\"3 minutes\" \/>\n<script type=\"application\/ld+json\" class=\"yoast-schema-graph\">{\"@context\":\"https:\\\/\\\/schema.org\",\"@graph\":[{\"@type\":\"WebPage\",\"@id\":\"https:\\\/\\\/www.cic.es\\\/en\\\/software-development-and-system-integration\\\/enterprise-mobility-solutions\\\/\",\"url\":\"https:\\\/\\\/www.cic.es\\\/en\\\/software-development-and-system-integration\\\/enterprise-mobility-solutions\\\/\",\"name\":\"Enterprise mobility solutions CIC Consulting Inform\u00e1tico\",\"isPartOf\":{\"@id\":\"https:\\\/\\\/www.cic.es\\\/#website\"},\"primaryImageOfPage\":{\"@id\":\"https:\\\/\\\/www.cic.es\\\/en\\\/software-development-and-system-integration\\\/enterprise-mobility-solutions\\\/#primaryimage\"},\"image\":{\"@id\":\"https:\\\/\\\/www.cic.es\\\/en\\\/software-development-and-system-integration\\\/enterprise-mobility-solutions\\\/#primaryimage\"},\"thumbnailUrl\":\"https:\\\/\\\/www.cic.es\\\/wp-content\\\/uploads\\\/2018\\\/07\\\/movilidad.jpg\",\"datePublished\":\"2018-02-28T14:44:46+00:00\",\"dateModified\":\"2021-07-30T10:02:09+00:00\",\"description\":\"We design and develop bespoke mobile solutions. \u00a0At CIC we deliver to our clients customised solutions to satisfy the needs of their organisation.\",\"breadcrumb\":{\"@id\":\"https:\\\/\\\/www.cic.es\\\/en\\\/software-development-and-system-integration\\\/enterprise-mobility-solutions\\\/#breadcrumb\"},\"inLanguage\":\"en-US\",\"potentialAction\":[{\"@type\":\"ReadAction\",\"target\":[\"https:\\\/\\\/www.cic.es\\\/en\\\/software-development-and-system-integration\\\/enterprise-mobility-solutions\\\/\"]}]},{\"@type\":\"ImageObject\",\"inLanguage\":\"en-US\",\"@id\":\"https:\\\/\\\/www.cic.es\\\/en\\\/software-development-and-system-integration\\\/enterprise-mobility-solutions\\\/#primaryimage\",\"url\":\"https:\\\/\\\/www.cic.es\\\/wp-content\\\/uploads\\\/2018\\\/07\\\/movilidad.jpg\",\"contentUrl\":\"https:\\\/\\\/www.cic.es\\\/wp-content\\\/uploads\\\/2018\\\/07\\\/movilidad.jpg\",\"width\":1600,\"height\":851},{\"@type\":\"BreadcrumbList\",\"@id\":\"https:\\\/\\\/www.cic.es\\\/en\\\/software-development-and-system-integration\\\/enterprise-mobility-solutions\\\/#breadcrumb\",\"itemListElement\":[{\"@type\":\"ListItem\",\"position\":1,\"name\":\"CIC\",\"item\":\"https:\\\/\\\/www.cic.es\\\/\"},{\"@type\":\"ListItem\",\"position\":2,\"name\":\"Software development and System Integration\",\"item\":\"https:\\\/\\\/www.cic.es\\\/en\\\/software-development-and-system-integration\\\/\"},{\"@type\":\"ListItem\",\"position\":3,\"name\":\"Enterprise mobility solutions\"}]},{\"@type\":\"WebSite\",\"@id\":\"https:\\\/\\\/www.cic.es\\\/#website\",\"url\":\"https:\\\/\\\/www.cic.es\\\/\",\"name\":\"CIC Consulting Inform\u00e1tico\",\"description\":\"Somos una consultor\u00eda de ingenier\u00eda de desarrollo y proyectos de inform\u00e1tica y comunicaciones\",\"publisher\":{\"@id\":\"https:\\\/\\\/www.cic.es\\\/#organization\"},\"alternateName\":\"CIC Consulting Inform\u00e1tico\",\"potentialAction\":[{\"@type\":\"SearchAction\",\"target\":{\"@type\":\"EntryPoint\",\"urlTemplate\":\"https:\\\/\\\/www.cic.es\\\/?s={search_term_string}\"},\"query-input\":{\"@type\":\"PropertyValueSpecification\",\"valueRequired\":true,\"valueName\":\"search_term_string\"}}],\"inLanguage\":\"en-US\"},{\"@type\":\"Organization\",\"@id\":\"https:\\\/\\\/www.cic.es\\\/#organization\",\"name\":\"CIC Consulting Inform\u00e1tico\",\"alternateName\":\"CIC Consulting Inform\u00e1tico\",\"url\":\"https:\\\/\\\/www.cic.es\\\/\",\"logo\":{\"@type\":\"ImageObject\",\"inLanguage\":\"en-US\",\"@id\":\"https:\\\/\\\/www.cic.es\\\/#\\\/schema\\\/logo\\\/image\\\/\",\"url\":\"https:\\\/\\\/www.cic.es\\\/wp-content\\\/uploads\\\/2018\\\/04\\\/cic_color.png\",\"contentUrl\":\"https:\\\/\\\/www.cic.es\\\/wp-content\\\/uploads\\\/2018\\\/04\\\/cic_color.png\",\"width\":300,\"height\":200,\"caption\":\"CIC Consulting Inform\u00e1tico\"},\"image\":{\"@id\":\"https:\\\/\\\/www.cic.es\\\/#\\\/schema\\\/logo\\\/image\\\/\"},\"sameAs\":[\"https:\\\/\\\/www.facebook.com\\\/CIC.Consulting\\\/\",\"https:\\\/\\\/x.com\\\/CICactualidad\",\"https:\\\/\\\/www.linkedin.com\\\/company\\\/2157627\\\/\",\"https:\\\/\\\/www.pinterest.es\\\/cicconsultinginformatico\\\/\",\"https:\\\/\\\/www.youtube.com\\\/user\\\/webmastercic\"]}]}<\/script>\n<!-- \/ Yoast SEO plugin. -->","yoast_head_json":{"title":"Enterprise mobility solutions CIC Consulting Inform\u00e1tico","description":"We design and develop bespoke mobile solutions. \u00a0At CIC we deliver to our clients customised solutions to satisfy the needs of their organisation.","robots":{"index":"index","follow":"follow","max-snippet":"max-snippet:-1","max-image-preview":"max-image-preview:large","max-video-preview":"max-video-preview:-1"},"canonical":"https:\/\/www.cic.es\/en\/software-development-and-system-integration\/enterprise-mobility-solutions\/","og_locale":"en_US","og_type":"article","og_title":"Enterprise mobility solutions CIC Consulting Inform\u00e1tico","og_description":"We design and develop bespoke mobile solutions. \u00a0At CIC we deliver to our clients customised solutions to satisfy the needs of their organisation.","og_url":"https:\/\/www.cic.es\/en\/software-development-and-system-integration\/enterprise-mobility-solutions\/","og_site_name":"CIC Consulting Inform\u00e1tico","article_publisher":"https:\/\/www.facebook.com\/CIC.Consulting\/","article_modified_time":"2021-07-30T10:02:09+00:00","og_image":[{"width":1600,"height":851,"url":"https:\/\/www.cic.es\/wp-content\/uploads\/2018\/07\/movilidad.jpg","type":"image\/jpeg"}],"twitter_card":"summary_large_image","twitter_site":"@CICactualidad","twitter_misc":{"Est. reading time":"3 minutes"},"schema":{"@context":"https:\/\/schema.org","@graph":[{"@type":"WebPage","@id":"https:\/\/www.cic.es\/en\/software-development-and-system-integration\/enterprise-mobility-solutions\/","url":"https:\/\/www.cic.es\/en\/software-development-and-system-integration\/enterprise-mobility-solutions\/","name":"Enterprise mobility solutions CIC Consulting Inform\u00e1tico","isPartOf":{"@id":"https:\/\/www.cic.es\/#website"},"primaryImageOfPage":{"@id":"https:\/\/www.cic.es\/en\/software-development-and-system-integration\/enterprise-mobility-solutions\/#primaryimage"},"image":{"@id":"https:\/\/www.cic.es\/en\/software-development-and-system-integration\/enterprise-mobility-solutions\/#primaryimage"},"thumbnailUrl":"https:\/\/www.cic.es\/wp-content\/uploads\/2018\/07\/movilidad.jpg","datePublished":"2018-02-28T14:44:46+00:00","dateModified":"2021-07-30T10:02:09+00:00","description":"We design and develop bespoke mobile solutions. \u00a0At CIC we deliver to our clients customised solutions to satisfy the needs of their organisation.","breadcrumb":{"@id":"https:\/\/www.cic.es\/en\/software-development-and-system-integration\/enterprise-mobility-solutions\/#breadcrumb"},"inLanguage":"en-US","potentialAction":[{"@type":"ReadAction","target":["https:\/\/www.cic.es\/en\/software-development-and-system-integration\/enterprise-mobility-solutions\/"]}]},{"@type":"ImageObject","inLanguage":"en-US","@id":"https:\/\/www.cic.es\/en\/software-development-and-system-integration\/enterprise-mobility-solutions\/#primaryimage","url":"https:\/\/www.cic.es\/wp-content\/uploads\/2018\/07\/movilidad.jpg","contentUrl":"https:\/\/www.cic.es\/wp-content\/uploads\/2018\/07\/movilidad.jpg","width":1600,"height":851},{"@type":"BreadcrumbList","@id":"https:\/\/www.cic.es\/en\/software-development-and-system-integration\/enterprise-mobility-solutions\/#breadcrumb","itemListElement":[{"@type":"ListItem","position":1,"name":"CIC","item":"https:\/\/www.cic.es\/"},{"@type":"ListItem","position":2,"name":"Software development and System Integration","item":"https:\/\/www.cic.es\/en\/software-development-and-system-integration\/"},{"@type":"ListItem","position":3,"name":"Enterprise mobility solutions"}]},{"@type":"WebSite","@id":"https:\/\/www.cic.es\/#website","url":"https:\/\/www.cic.es\/","name":"CIC Consulting Inform\u00e1tico","description":"Somos una consultor\u00eda de ingenier\u00eda de desarrollo y proyectos de inform\u00e1tica y comunicaciones","publisher":{"@id":"https:\/\/www.cic.es\/#organization"},"alternateName":"CIC Consulting Inform\u00e1tico","potentialAction":[{"@type":"SearchAction","target":{"@type":"EntryPoint","urlTemplate":"https:\/\/www.cic.es\/?s={search_term_string}"},"query-input":{"@type":"PropertyValueSpecification","valueRequired":true,"valueName":"search_term_string"}}],"inLanguage":"en-US"},{"@type":"Organization","@id":"https:\/\/www.cic.es\/#organization","name":"CIC Consulting Inform\u00e1tico","alternateName":"CIC Consulting Inform\u00e1tico","url":"https:\/\/www.cic.es\/","logo":{"@type":"ImageObject","inLanguage":"en-US","@id":"https:\/\/www.cic.es\/#\/schema\/logo\/image\/","url":"https:\/\/www.cic.es\/wp-content\/uploads\/2018\/04\/cic_color.png","contentUrl":"https:\/\/www.cic.es\/wp-content\/uploads\/2018\/04\/cic_color.png","width":300,"height":200,"caption":"CIC Consulting Inform\u00e1tico"},"image":{"@id":"https:\/\/www.cic.es\/#\/schema\/logo\/image\/"},"sameAs":["https:\/\/www.facebook.com\/CIC.Consulting\/","https:\/\/x.com\/CICactualidad","https:\/\/www.linkedin.com\/company\/2157627\/","https:\/\/www.pinterest.es\/cicconsultinginformatico\/","https:\/\/www.youtube.com\/user\/webmastercic"]}]}},"_links":{"self":[{"href":"https:\/\/www.cic.es\/en\/wp-json\/wp\/v2\/pages\/4399","targetHints":{"allow":["GET"]}}],"collection":[{"href":"https:\/\/www.cic.es\/en\/wp-json\/wp\/v2\/pages"}],"about":[{"href":"https:\/\/www.cic.es\/en\/wp-json\/wp\/v2\/types\/page"}],"author":[{"embeddable":true,"href":"https:\/\/www.cic.es\/en\/wp-json\/wp\/v2\/users\/1"}],"replies":[{"embeddable":true,"href":"https:\/\/www.cic.es\/en\/wp-json\/wp\/v2\/comments?post=4399"}],"version-history":[{"count":2,"href":"https:\/\/www.cic.es\/en\/wp-json\/wp\/v2\/pages\/4399\/revisions"}],"predecessor-version":[{"id":10032,"href":"https:\/\/www.cic.es\/en\/wp-json\/wp\/v2\/pages\/4399\/revisions\/10032"}],"up":[{"embeddable":true,"href":"https:\/\/www.cic.es\/en\/wp-json\/wp\/v2\/pages\/4251"}],"wp:featuredmedia":[{"embeddable":true,"href":"https:\/\/www.cic.es\/en\/wp-json\/wp\/v2\/media\/4048"}],"wp:attachment":[{"href":"https:\/\/www.cic.es\/en\/wp-json\/wp\/v2\/media?parent=4399"}],"curies":[{"name":"wp","href":"https:\/\/api.w.org\/{rel}","templated":true}]}}