{"id":4395,"date":"2018-02-28T17:02:17","date_gmt":"2018-02-28T16:02:17","guid":{"rendered":"http:\/\/webcic-pre.cic.es\/?page_id=4395"},"modified":"2021-07-30T11:09:15","modified_gmt":"2021-07-30T10:09:15","slug":"water-and-wastewater","status":"publish","type":"page","link":"https:\/\/www.cic.es\/en\/energy-and-utilities\/water-and-wastewater\/","title":{"rendered":"Water and Wastewater"},"content":{"rendered":"<h2><strong>Monitoring the water network and energy efficiency<\/strong><\/h2>\n<p>We provide you with the software that helps minimise wasting water and improve water distribution, paving the way for an intelligent water network.<\/p>\n<h3><strong>Monitoring the water supply network<\/strong><\/h3>\n<p><a href=\"https:\/\/www.cic.es\/en\/idbox-rt\/\"><strong>IDboxRT<\/strong><\/a> is the solution for monitoring the water supply network and potable water treatment plants, water quality, energy consumption and other environmental parameters in buildings and infrastructures.<\/p>\n<ul>\n<li>Remote and continuous monitoring<\/li>\n<li>Diagnosis and anticipating problems<\/li>\n<li>Prioritisation and maintenance operations management<\/li>\n<li>Monitoring residential water consumption<\/li>\n<li>Information to optimise the water distribution network<\/li>\n<li>Water and service quality control<\/li>\n<\/ul>\n<h2><strong>Monitoring the water supply network for the decision making process<\/strong><\/h2>\n<p>Monitoring software for the water supply network, integrating all the available information, processing all the signals received and providing tools to make better decisions.<\/p>\n<p><strong><a href=\"https:\/\/www.cic.es\/en\/idbox-rt\/\">IDboxRT<\/a><\/strong> is based on collecting all types of data regarding water quality, consumption, energy consumption, as well as other external parameters (environmental, meteorological, infrastructure use, etc.) that help you in identifying if the <strong>use of water is being done efficiently<\/strong>.<\/p>\n<h2><strong>Operational and energy efficiency in water supply networks and water treatment plants:<\/strong><\/h2>\n<p>Urban and industrial waste water treatment plants, water purification plants, desalination plants, denitrification plants, etc.<\/p>\n<h3><strong>Energy Efficiency<\/strong><\/h3>\n<p>Our solutions are in line with energy saving policies and how users handle consumption, maintenance, etc.<\/p>\n<p>Our solutions facilitate real time control of the main energetic indicators by centralising different sources of information: lighting, climate control, water, lifts, generators, etc.<\/p>\n<p>We apply learning and prediction algorithms that help in reducing energy consumption in a sustainable, efficient and viable way. By applying measurement and verification protocols for the deployment of ISO 50001. Our Field Service platform helps in field work, providing great advantages in energy efficiency and performance of industrial machines.<\/p>\n","protected":false},"excerpt":{"rendered":"<p>Monitoring the water network and energy efficiency We provide you with the software that helps minimise wasting water and improve water distribution, paving the way for an intelligent water network. Monitoring the water supply network IDboxRT is the solution for monitoring the water supply network and potable water treatment plants,&#8230;<\/p>\n","protected":false},"author":1,"featured_media":3593,"parent":4263,"menu_order":3,"comment_status":"closed","ping_status":"closed","template":"page-templates\/page-sectores.php","meta":{"_acf_changed":false,"footnotes":""},"class_list":["post-4395","page","type-page","status-publish","has-post-thumbnail","hentry"],"acf":[],"yoast_head":"<!-- This site is optimized with the Yoast SEO plugin v27.4 - https:\/\/yoast.com\/product\/yoast-seo-wordpress\/ -->\n<title>Water and Wastewater CIC Consulting Inform\u00e1tico<\/title>\n<meta name=\"description\" content=\"Software that helps minimise wasting water and improve water distribution, paving the way for an intelligent water network.\" \/>\n<meta name=\"robots\" content=\"index, follow, max-snippet:-1, max-image-preview:large, max-video-preview:-1\" \/>\n<link rel=\"canonical\" href=\"https:\/\/www.cic.es\/en\/energy-and-utilities\/water-and-wastewater\/\" \/>\n<meta property=\"og:locale\" content=\"en_US\" \/>\n<meta property=\"og:type\" content=\"article\" \/>\n<meta property=\"og:title\" content=\"Water and Wastewater CIC Consulting Inform\u00e1tico\" \/>\n<meta property=\"og:description\" content=\"Software that helps minimise wasting water and improve water distribution, paving the way for an intelligent water network.\" \/>\n<meta property=\"og:url\" content=\"https:\/\/www.cic.es\/en\/energy-and-utilities\/water-and-wastewater\/\" \/>\n<meta property=\"og:site_name\" content=\"CIC Consulting Inform\u00e1tico\" \/>\n<meta property=\"article:publisher\" content=\"https:\/\/www.facebook.com\/CIC.Consulting\/\" \/>\n<meta property=\"article:modified_time\" content=\"2021-07-30T10:09:15+00:00\" \/>\n<meta property=\"og:image\" content=\"https:\/\/www.cic.es\/wp-content\/uploads\/2018\/03\/soluciones-sectores-agua.jpg\" \/>\n\t<meta property=\"og:image:width\" content=\"1254\" \/>\n\t<meta property=\"og:image:height\" content=\"837\" \/>\n\t<meta property=\"og:image:type\" content=\"image\/jpeg\" \/>\n<meta name=\"twitter:card\" content=\"summary_large_image\" \/>\n<meta name=\"twitter:site\" content=\"@CICactualidad\" \/>\n<meta name=\"twitter:label1\" content=\"Est. reading time\" \/>\n\t<meta name=\"twitter:data1\" content=\"2 minutes\" \/>\n<script type=\"application\/ld+json\" class=\"yoast-schema-graph\">{\"@context\":\"https:\\\/\\\/schema.org\",\"@graph\":[{\"@type\":\"WebPage\",\"@id\":\"https:\\\/\\\/www.cic.es\\\/en\\\/energy-and-utilities\\\/water-and-wastewater\\\/\",\"url\":\"https:\\\/\\\/www.cic.es\\\/en\\\/energy-and-utilities\\\/water-and-wastewater\\\/\",\"name\":\"Water and Wastewater CIC Consulting Inform\u00e1tico\",\"isPartOf\":{\"@id\":\"https:\\\/\\\/www.cic.es\\\/#website\"},\"primaryImageOfPage\":{\"@id\":\"https:\\\/\\\/www.cic.es\\\/en\\\/energy-and-utilities\\\/water-and-wastewater\\\/#primaryimage\"},\"image\":{\"@id\":\"https:\\\/\\\/www.cic.es\\\/en\\\/energy-and-utilities\\\/water-and-wastewater\\\/#primaryimage\"},\"thumbnailUrl\":\"https:\\\/\\\/www.cic.es\\\/wp-content\\\/uploads\\\/2018\\\/03\\\/soluciones-sectores-agua.jpg\",\"datePublished\":\"2018-02-28T16:02:17+00:00\",\"dateModified\":\"2021-07-30T10:09:15+00:00\",\"description\":\"Software that helps minimise wasting water and improve water distribution, paving the way for an intelligent water network.\",\"breadcrumb\":{\"@id\":\"https:\\\/\\\/www.cic.es\\\/en\\\/energy-and-utilities\\\/water-and-wastewater\\\/#breadcrumb\"},\"inLanguage\":\"en-US\",\"potentialAction\":[{\"@type\":\"ReadAction\",\"target\":[\"https:\\\/\\\/www.cic.es\\\/en\\\/energy-and-utilities\\\/water-and-wastewater\\\/\"]}]},{\"@type\":\"ImageObject\",\"inLanguage\":\"en-US\",\"@id\":\"https:\\\/\\\/www.cic.es\\\/en\\\/energy-and-utilities\\\/water-and-wastewater\\\/#primaryimage\",\"url\":\"https:\\\/\\\/www.cic.es\\\/wp-content\\\/uploads\\\/2018\\\/03\\\/soluciones-sectores-agua.jpg\",\"contentUrl\":\"https:\\\/\\\/www.cic.es\\\/wp-content\\\/uploads\\\/2018\\\/03\\\/soluciones-sectores-agua.jpg\",\"width\":1254,\"height\":837},{\"@type\":\"BreadcrumbList\",\"@id\":\"https:\\\/\\\/www.cic.es\\\/en\\\/energy-and-utilities\\\/water-and-wastewater\\\/#breadcrumb\",\"itemListElement\":[{\"@type\":\"ListItem\",\"position\":1,\"name\":\"CIC\",\"item\":\"https:\\\/\\\/www.cic.es\\\/\"},{\"@type\":\"ListItem\",\"position\":2,\"name\":\"Energy and utilities\",\"item\":\"https:\\\/\\\/www.cic.es\\\/en\\\/energy-and-utilities\\\/\"},{\"@type\":\"ListItem\",\"position\":3,\"name\":\"Water and Wastewater\"}]},{\"@type\":\"WebSite\",\"@id\":\"https:\\\/\\\/www.cic.es\\\/#website\",\"url\":\"https:\\\/\\\/www.cic.es\\\/\",\"name\":\"CIC Consulting Inform\u00e1tico\",\"description\":\"Somos una consultor\u00eda de ingenier\u00eda de desarrollo y proyectos de inform\u00e1tica y comunicaciones\",\"publisher\":{\"@id\":\"https:\\\/\\\/www.cic.es\\\/#organization\"},\"alternateName\":\"CIC Consulting Inform\u00e1tico\",\"potentialAction\":[{\"@type\":\"SearchAction\",\"target\":{\"@type\":\"EntryPoint\",\"urlTemplate\":\"https:\\\/\\\/www.cic.es\\\/?s={search_term_string}\"},\"query-input\":{\"@type\":\"PropertyValueSpecification\",\"valueRequired\":true,\"valueName\":\"search_term_string\"}}],\"inLanguage\":\"en-US\"},{\"@type\":\"Organization\",\"@id\":\"https:\\\/\\\/www.cic.es\\\/#organization\",\"name\":\"CIC Consulting Inform\u00e1tico\",\"alternateName\":\"CIC Consulting Inform\u00e1tico\",\"url\":\"https:\\\/\\\/www.cic.es\\\/\",\"logo\":{\"@type\":\"ImageObject\",\"inLanguage\":\"en-US\",\"@id\":\"https:\\\/\\\/www.cic.es\\\/#\\\/schema\\\/logo\\\/image\\\/\",\"url\":\"https:\\\/\\\/www.cic.es\\\/wp-content\\\/uploads\\\/2018\\\/04\\\/cic_color.png\",\"contentUrl\":\"https:\\\/\\\/www.cic.es\\\/wp-content\\\/uploads\\\/2018\\\/04\\\/cic_color.png\",\"width\":300,\"height\":200,\"caption\":\"CIC Consulting Inform\u00e1tico\"},\"image\":{\"@id\":\"https:\\\/\\\/www.cic.es\\\/#\\\/schema\\\/logo\\\/image\\\/\"},\"sameAs\":[\"https:\\\/\\\/www.facebook.com\\\/CIC.Consulting\\\/\",\"https:\\\/\\\/x.com\\\/CICactualidad\",\"https:\\\/\\\/www.linkedin.com\\\/company\\\/2157627\\\/\",\"https:\\\/\\\/www.pinterest.es\\\/cicconsultinginformatico\\\/\",\"https:\\\/\\\/www.youtube.com\\\/user\\\/webmastercic\"]}]}<\/script>\n<!-- \/ Yoast SEO plugin. -->","yoast_head_json":{"title":"Water and Wastewater CIC Consulting Inform\u00e1tico","description":"Software that helps minimise wasting water and improve water distribution, paving the way for an intelligent water network.","robots":{"index":"index","follow":"follow","max-snippet":"max-snippet:-1","max-image-preview":"max-image-preview:large","max-video-preview":"max-video-preview:-1"},"canonical":"https:\/\/www.cic.es\/en\/energy-and-utilities\/water-and-wastewater\/","og_locale":"en_US","og_type":"article","og_title":"Water and Wastewater CIC Consulting Inform\u00e1tico","og_description":"Software that helps minimise wasting water and improve water distribution, paving the way for an intelligent water network.","og_url":"https:\/\/www.cic.es\/en\/energy-and-utilities\/water-and-wastewater\/","og_site_name":"CIC Consulting Inform\u00e1tico","article_publisher":"https:\/\/www.facebook.com\/CIC.Consulting\/","article_modified_time":"2021-07-30T10:09:15+00:00","og_image":[{"width":1254,"height":837,"url":"https:\/\/www.cic.es\/wp-content\/uploads\/2018\/03\/soluciones-sectores-agua.jpg","type":"image\/jpeg"}],"twitter_card":"summary_large_image","twitter_site":"@CICactualidad","twitter_misc":{"Est. reading time":"2 minutes"},"schema":{"@context":"https:\/\/schema.org","@graph":[{"@type":"WebPage","@id":"https:\/\/www.cic.es\/en\/energy-and-utilities\/water-and-wastewater\/","url":"https:\/\/www.cic.es\/en\/energy-and-utilities\/water-and-wastewater\/","name":"Water and Wastewater CIC Consulting Inform\u00e1tico","isPartOf":{"@id":"https:\/\/www.cic.es\/#website"},"primaryImageOfPage":{"@id":"https:\/\/www.cic.es\/en\/energy-and-utilities\/water-and-wastewater\/#primaryimage"},"image":{"@id":"https:\/\/www.cic.es\/en\/energy-and-utilities\/water-and-wastewater\/#primaryimage"},"thumbnailUrl":"https:\/\/www.cic.es\/wp-content\/uploads\/2018\/03\/soluciones-sectores-agua.jpg","datePublished":"2018-02-28T16:02:17+00:00","dateModified":"2021-07-30T10:09:15+00:00","description":"Software that helps minimise wasting water and improve water distribution, paving the way for an intelligent water network.","breadcrumb":{"@id":"https:\/\/www.cic.es\/en\/energy-and-utilities\/water-and-wastewater\/#breadcrumb"},"inLanguage":"en-US","potentialAction":[{"@type":"ReadAction","target":["https:\/\/www.cic.es\/en\/energy-and-utilities\/water-and-wastewater\/"]}]},{"@type":"ImageObject","inLanguage":"en-US","@id":"https:\/\/www.cic.es\/en\/energy-and-utilities\/water-and-wastewater\/#primaryimage","url":"https:\/\/www.cic.es\/wp-content\/uploads\/2018\/03\/soluciones-sectores-agua.jpg","contentUrl":"https:\/\/www.cic.es\/wp-content\/uploads\/2018\/03\/soluciones-sectores-agua.jpg","width":1254,"height":837},{"@type":"BreadcrumbList","@id":"https:\/\/www.cic.es\/en\/energy-and-utilities\/water-and-wastewater\/#breadcrumb","itemListElement":[{"@type":"ListItem","position":1,"name":"CIC","item":"https:\/\/www.cic.es\/"},{"@type":"ListItem","position":2,"name":"Energy and utilities","item":"https:\/\/www.cic.es\/en\/energy-and-utilities\/"},{"@type":"ListItem","position":3,"name":"Water and Wastewater"}]},{"@type":"WebSite","@id":"https:\/\/www.cic.es\/#website","url":"https:\/\/www.cic.es\/","name":"CIC Consulting Inform\u00e1tico","description":"Somos una consultor\u00eda de ingenier\u00eda de desarrollo y proyectos de inform\u00e1tica y comunicaciones","publisher":{"@id":"https:\/\/www.cic.es\/#organization"},"alternateName":"CIC Consulting Inform\u00e1tico","potentialAction":[{"@type":"SearchAction","target":{"@type":"EntryPoint","urlTemplate":"https:\/\/www.cic.es\/?s={search_term_string}"},"query-input":{"@type":"PropertyValueSpecification","valueRequired":true,"valueName":"search_term_string"}}],"inLanguage":"en-US"},{"@type":"Organization","@id":"https:\/\/www.cic.es\/#organization","name":"CIC Consulting Inform\u00e1tico","alternateName":"CIC Consulting Inform\u00e1tico","url":"https:\/\/www.cic.es\/","logo":{"@type":"ImageObject","inLanguage":"en-US","@id":"https:\/\/www.cic.es\/#\/schema\/logo\/image\/","url":"https:\/\/www.cic.es\/wp-content\/uploads\/2018\/04\/cic_color.png","contentUrl":"https:\/\/www.cic.es\/wp-content\/uploads\/2018\/04\/cic_color.png","width":300,"height":200,"caption":"CIC Consulting Inform\u00e1tico"},"image":{"@id":"https:\/\/www.cic.es\/#\/schema\/logo\/image\/"},"sameAs":["https:\/\/www.facebook.com\/CIC.Consulting\/","https:\/\/x.com\/CICactualidad","https:\/\/www.linkedin.com\/company\/2157627\/","https:\/\/www.pinterest.es\/cicconsultinginformatico\/","https:\/\/www.youtube.com\/user\/webmastercic"]}]}},"_links":{"self":[{"href":"https:\/\/www.cic.es\/en\/wp-json\/wp\/v2\/pages\/4395","targetHints":{"allow":["GET"]}}],"collection":[{"href":"https:\/\/www.cic.es\/en\/wp-json\/wp\/v2\/pages"}],"about":[{"href":"https:\/\/www.cic.es\/en\/wp-json\/wp\/v2\/types\/page"}],"author":[{"embeddable":true,"href":"https:\/\/www.cic.es\/en\/wp-json\/wp\/v2\/users\/1"}],"replies":[{"embeddable":true,"href":"https:\/\/www.cic.es\/en\/wp-json\/wp\/v2\/comments?post=4395"}],"version-history":[{"count":2,"href":"https:\/\/www.cic.es\/en\/wp-json\/wp\/v2\/pages\/4395\/revisions"}],"predecessor-version":[{"id":10036,"href":"https:\/\/www.cic.es\/en\/wp-json\/wp\/v2\/pages\/4395\/revisions\/10036"}],"up":[{"embeddable":true,"href":"https:\/\/www.cic.es\/en\/wp-json\/wp\/v2\/pages\/4263"}],"wp:featuredmedia":[{"embeddable":true,"href":"https:\/\/www.cic.es\/en\/wp-json\/wp\/v2\/media\/3593"}],"wp:attachment":[{"href":"https:\/\/www.cic.es\/en\/wp-json\/wp\/v2\/media?parent=4395"}],"curies":[{"name":"wp","href":"https:\/\/api.w.org\/{rel}","templated":true}]}}