{"id":4359,"date":"2018-07-06T11:05:30","date_gmt":"2018-07-06T10:05:30","guid":{"rendered":"http:\/\/webcic-pre.cic.es\/cibersecurity\/phishing\/"},"modified":"2021-11-18T09:30:40","modified_gmt":"2021-11-18T08:30:40","slug":"phishing","status":"publish","type":"page","link":"https:\/\/www.cic.es\/en\/cybersecurity\/phishing\/","title":{"rendered":"Phishing"},"content":{"rendered":"<h2><strong>Is your company prepared for a phishing scam?<\/strong><\/h2>\n<p>Phishing consists of a cyber attack via an email that is designed for you to open and click on a link or document which will introduce software in your computer and allow it to steal data from it.<\/p>\n<ul>\n<li>Phishing attacks directed at companies have increased by 55%<\/li>\n<li>43% of phishing schemes have been directed at SMEs<\/li>\n<li>Phishing attacks are especially directed at company executives<\/li>\n<\/ul>\n<h2><strong>How do phishing schemes and identity fraud work?<\/strong><\/h2>\n<p><img loading=\"lazy\" decoding=\"async\" class=\"aligncenter size-medium wp-image-4760\" src=\"https:\/\/www.cic.es\/wp-content\/uploads\/2019\/01\/phishing_en-600x395.png\" alt=\"\" width=\"600\" height=\"395\" srcset=\"https:\/\/www.cic.es\/wp-content\/uploads\/2019\/01\/phishing_en-600x395.png 600w, https:\/\/www.cic.es\/wp-content\/uploads\/2019\/01\/phishing_en-768x505.png 768w, https:\/\/www.cic.es\/wp-content\/uploads\/2019\/01\/phishing_en-1100x723.png 1100w, https:\/\/www.cic.es\/wp-content\/uploads\/2019\/01\/phishing_en.png 1168w\" sizes=\"auto, (max-width: 600px) 100vw, 600px\" \/><\/p>\n<p>At CIC we can show you how exposed your business is to identity fraud and educate your employees on how easy it is to become a victim of one of these spear phishing schemes.<\/p>\n<h2><strong>Directed at businesses with the following goals:<\/strong><\/h2>\n<ul>\n<li>Measure and evaluate the degree of exposure to a real attack<\/li>\n<li>Create an awareness of amongst your workforce on the importance of cyber security<\/li>\n<li>Reduce the risk through periodic drills and simulations<\/li>\n<\/ul>\n<h2><strong>How can we help you?<\/strong><\/h2>\n<ul>\n<li>Define and design a personalised spear phishing drill for your company<\/li>\n<li>Carry out the email drill campaign of cyber attack<\/li>\n<li>Collect and analyse the data from the drill<\/li>\n<li>Carry out an awareness campaign after the drill via a video<\/li>\n<li>A full report with the results from the attack will be given to you<\/li>\n<\/ul>\n","protected":false},"excerpt":{"rendered":"<p>Is your company prepared for a phishing scam? Phishing consists of a cyber attack via an email that is designed for you to open and click on a link or document which will introduce software in your computer and allow it to steal data from it. Phishing attacks directed at&#8230;<\/p>\n","protected":false},"author":1,"featured_media":4063,"parent":4241,"menu_order":0,"comment_status":"closed","ping_status":"closed","template":"page-templates\/page-servicios.php","meta":{"_acf_changed":false,"footnotes":""},"class_list":["post-4359","page","type-page","status-publish","has-post-thumbnail","hentry"],"acf":[],"yoast_head":"<!-- This site is optimized with the Yoast SEO plugin v27.4 - https:\/\/yoast.com\/product\/yoast-seo-wordpress\/ -->\n<title>Cyber security \u2013 Spear Phishing Protection - CIC Consulting Inform\u00e1tico<\/title>\n<meta name=\"description\" content=\"Phishing consists of a cyber attack via an email that is designed for you to open and click on a link or document which will introduce software\" \/>\n<meta name=\"robots\" content=\"index, follow, max-snippet:-1, max-image-preview:large, max-video-preview:-1\" \/>\n<link rel=\"canonical\" href=\"https:\/\/www.cic.es\/en\/cybersecurity\/phishing\/\" \/>\n<meta property=\"og:locale\" content=\"en_US\" \/>\n<meta property=\"og:type\" content=\"article\" \/>\n<meta property=\"og:title\" content=\"Cyber security \u2013 Spear Phishing Protection - CIC Consulting Inform\u00e1tico\" \/>\n<meta property=\"og:description\" content=\"Phishing consists of a cyber attack via an email that is designed for you to open and click on a link or document which will introduce software\" \/>\n<meta property=\"og:url\" content=\"https:\/\/www.cic.es\/en\/cybersecurity\/phishing\/\" \/>\n<meta property=\"og:site_name\" content=\"CIC Consulting Inform\u00e1tico\" \/>\n<meta property=\"article:publisher\" content=\"https:\/\/www.facebook.com\/CIC.Consulting\/\" \/>\n<meta property=\"article:modified_time\" content=\"2021-11-18T08:30:40+00:00\" \/>\n<meta property=\"og:image\" content=\"https:\/\/www.cic.es\/wp-content\/uploads\/2018\/08\/phishing.jpg\" \/>\n\t<meta property=\"og:image:width\" content=\"1600\" \/>\n\t<meta property=\"og:image:height\" content=\"859\" \/>\n\t<meta property=\"og:image:type\" content=\"image\/jpeg\" \/>\n<meta name=\"twitter:card\" content=\"summary_large_image\" \/>\n<meta name=\"twitter:site\" content=\"@CICactualidad\" \/>\n<meta name=\"twitter:label1\" content=\"Est. reading time\" \/>\n\t<meta name=\"twitter:data1\" content=\"2 minutes\" \/>\n<script type=\"application\/ld+json\" class=\"yoast-schema-graph\">{\"@context\":\"https:\\\/\\\/schema.org\",\"@graph\":[{\"@type\":\"WebPage\",\"@id\":\"https:\\\/\\\/www.cic.es\\\/en\\\/cybersecurity\\\/phishing\\\/\",\"url\":\"https:\\\/\\\/www.cic.es\\\/en\\\/cybersecurity\\\/phishing\\\/\",\"name\":\"Cyber security \u2013 Spear Phishing Protection - CIC Consulting Inform\u00e1tico\",\"isPartOf\":{\"@id\":\"https:\\\/\\\/www.cic.es\\\/#website\"},\"primaryImageOfPage\":{\"@id\":\"https:\\\/\\\/www.cic.es\\\/en\\\/cybersecurity\\\/phishing\\\/#primaryimage\"},\"image\":{\"@id\":\"https:\\\/\\\/www.cic.es\\\/en\\\/cybersecurity\\\/phishing\\\/#primaryimage\"},\"thumbnailUrl\":\"https:\\\/\\\/www.cic.es\\\/wp-content\\\/uploads\\\/2018\\\/08\\\/phishing.jpg\",\"datePublished\":\"2018-07-06T10:05:30+00:00\",\"dateModified\":\"2021-11-18T08:30:40+00:00\",\"description\":\"Phishing consists of a cyber attack via an email that is designed for you to open and click on a link or document which will introduce software\",\"breadcrumb\":{\"@id\":\"https:\\\/\\\/www.cic.es\\\/en\\\/cybersecurity\\\/phishing\\\/#breadcrumb\"},\"inLanguage\":\"en-US\",\"potentialAction\":[{\"@type\":\"ReadAction\",\"target\":[\"https:\\\/\\\/www.cic.es\\\/en\\\/cybersecurity\\\/phishing\\\/\"]}]},{\"@type\":\"ImageObject\",\"inLanguage\":\"en-US\",\"@id\":\"https:\\\/\\\/www.cic.es\\\/en\\\/cybersecurity\\\/phishing\\\/#primaryimage\",\"url\":\"https:\\\/\\\/www.cic.es\\\/wp-content\\\/uploads\\\/2018\\\/08\\\/phishing.jpg\",\"contentUrl\":\"https:\\\/\\\/www.cic.es\\\/wp-content\\\/uploads\\\/2018\\\/08\\\/phishing.jpg\",\"width\":1600,\"height\":859},{\"@type\":\"BreadcrumbList\",\"@id\":\"https:\\\/\\\/www.cic.es\\\/en\\\/cybersecurity\\\/phishing\\\/#breadcrumb\",\"itemListElement\":[{\"@type\":\"ListItem\",\"position\":1,\"name\":\"CIC\",\"item\":\"https:\\\/\\\/www.cic.es\\\/\"},{\"@type\":\"ListItem\",\"position\":2,\"name\":\"Cybersecurity\",\"item\":\"https:\\\/\\\/www.cic.es\\\/en\\\/cybersecurity\\\/\"},{\"@type\":\"ListItem\",\"position\":3,\"name\":\"Phishing\"}]},{\"@type\":\"WebSite\",\"@id\":\"https:\\\/\\\/www.cic.es\\\/#website\",\"url\":\"https:\\\/\\\/www.cic.es\\\/\",\"name\":\"CIC Consulting Inform\u00e1tico\",\"description\":\"Somos una consultor\u00eda de ingenier\u00eda de desarrollo y proyectos de inform\u00e1tica y comunicaciones\",\"publisher\":{\"@id\":\"https:\\\/\\\/www.cic.es\\\/#organization\"},\"alternateName\":\"CIC Consulting Inform\u00e1tico\",\"potentialAction\":[{\"@type\":\"SearchAction\",\"target\":{\"@type\":\"EntryPoint\",\"urlTemplate\":\"https:\\\/\\\/www.cic.es\\\/?s={search_term_string}\"},\"query-input\":{\"@type\":\"PropertyValueSpecification\",\"valueRequired\":true,\"valueName\":\"search_term_string\"}}],\"inLanguage\":\"en-US\"},{\"@type\":\"Organization\",\"@id\":\"https:\\\/\\\/www.cic.es\\\/#organization\",\"name\":\"CIC Consulting Inform\u00e1tico\",\"alternateName\":\"CIC Consulting Inform\u00e1tico\",\"url\":\"https:\\\/\\\/www.cic.es\\\/\",\"logo\":{\"@type\":\"ImageObject\",\"inLanguage\":\"en-US\",\"@id\":\"https:\\\/\\\/www.cic.es\\\/#\\\/schema\\\/logo\\\/image\\\/\",\"url\":\"https:\\\/\\\/www.cic.es\\\/wp-content\\\/uploads\\\/2018\\\/04\\\/cic_color.png\",\"contentUrl\":\"https:\\\/\\\/www.cic.es\\\/wp-content\\\/uploads\\\/2018\\\/04\\\/cic_color.png\",\"width\":300,\"height\":200,\"caption\":\"CIC Consulting Inform\u00e1tico\"},\"image\":{\"@id\":\"https:\\\/\\\/www.cic.es\\\/#\\\/schema\\\/logo\\\/image\\\/\"},\"sameAs\":[\"https:\\\/\\\/www.facebook.com\\\/CIC.Consulting\\\/\",\"https:\\\/\\\/x.com\\\/CICactualidad\",\"https:\\\/\\\/www.linkedin.com\\\/company\\\/2157627\\\/\",\"https:\\\/\\\/www.pinterest.es\\\/cicconsultinginformatico\\\/\",\"https:\\\/\\\/www.youtube.com\\\/user\\\/webmastercic\"]}]}<\/script>\n<!-- \/ Yoast SEO plugin. -->","yoast_head_json":{"title":"Cyber security \u2013 Spear Phishing Protection - CIC Consulting Inform\u00e1tico","description":"Phishing consists of a cyber attack via an email that is designed for you to open and click on a link or document which will introduce software","robots":{"index":"index","follow":"follow","max-snippet":"max-snippet:-1","max-image-preview":"max-image-preview:large","max-video-preview":"max-video-preview:-1"},"canonical":"https:\/\/www.cic.es\/en\/cybersecurity\/phishing\/","og_locale":"en_US","og_type":"article","og_title":"Cyber security \u2013 Spear Phishing Protection - CIC Consulting Inform\u00e1tico","og_description":"Phishing consists of a cyber attack via an email that is designed for you to open and click on a link or document which will introduce software","og_url":"https:\/\/www.cic.es\/en\/cybersecurity\/phishing\/","og_site_name":"CIC Consulting Inform\u00e1tico","article_publisher":"https:\/\/www.facebook.com\/CIC.Consulting\/","article_modified_time":"2021-11-18T08:30:40+00:00","og_image":[{"width":1600,"height":859,"url":"https:\/\/www.cic.es\/wp-content\/uploads\/2018\/08\/phishing.jpg","type":"image\/jpeg"}],"twitter_card":"summary_large_image","twitter_site":"@CICactualidad","twitter_misc":{"Est. reading time":"2 minutes"},"schema":{"@context":"https:\/\/schema.org","@graph":[{"@type":"WebPage","@id":"https:\/\/www.cic.es\/en\/cybersecurity\/phishing\/","url":"https:\/\/www.cic.es\/en\/cybersecurity\/phishing\/","name":"Cyber security \u2013 Spear Phishing Protection - CIC Consulting Inform\u00e1tico","isPartOf":{"@id":"https:\/\/www.cic.es\/#website"},"primaryImageOfPage":{"@id":"https:\/\/www.cic.es\/en\/cybersecurity\/phishing\/#primaryimage"},"image":{"@id":"https:\/\/www.cic.es\/en\/cybersecurity\/phishing\/#primaryimage"},"thumbnailUrl":"https:\/\/www.cic.es\/wp-content\/uploads\/2018\/08\/phishing.jpg","datePublished":"2018-07-06T10:05:30+00:00","dateModified":"2021-11-18T08:30:40+00:00","description":"Phishing consists of a cyber attack via an email that is designed for you to open and click on a link or document which will introduce software","breadcrumb":{"@id":"https:\/\/www.cic.es\/en\/cybersecurity\/phishing\/#breadcrumb"},"inLanguage":"en-US","potentialAction":[{"@type":"ReadAction","target":["https:\/\/www.cic.es\/en\/cybersecurity\/phishing\/"]}]},{"@type":"ImageObject","inLanguage":"en-US","@id":"https:\/\/www.cic.es\/en\/cybersecurity\/phishing\/#primaryimage","url":"https:\/\/www.cic.es\/wp-content\/uploads\/2018\/08\/phishing.jpg","contentUrl":"https:\/\/www.cic.es\/wp-content\/uploads\/2018\/08\/phishing.jpg","width":1600,"height":859},{"@type":"BreadcrumbList","@id":"https:\/\/www.cic.es\/en\/cybersecurity\/phishing\/#breadcrumb","itemListElement":[{"@type":"ListItem","position":1,"name":"CIC","item":"https:\/\/www.cic.es\/"},{"@type":"ListItem","position":2,"name":"Cybersecurity","item":"https:\/\/www.cic.es\/en\/cybersecurity\/"},{"@type":"ListItem","position":3,"name":"Phishing"}]},{"@type":"WebSite","@id":"https:\/\/www.cic.es\/#website","url":"https:\/\/www.cic.es\/","name":"CIC Consulting Inform\u00e1tico","description":"Somos una consultor\u00eda de ingenier\u00eda de desarrollo y proyectos de inform\u00e1tica y comunicaciones","publisher":{"@id":"https:\/\/www.cic.es\/#organization"},"alternateName":"CIC Consulting Inform\u00e1tico","potentialAction":[{"@type":"SearchAction","target":{"@type":"EntryPoint","urlTemplate":"https:\/\/www.cic.es\/?s={search_term_string}"},"query-input":{"@type":"PropertyValueSpecification","valueRequired":true,"valueName":"search_term_string"}}],"inLanguage":"en-US"},{"@type":"Organization","@id":"https:\/\/www.cic.es\/#organization","name":"CIC Consulting Inform\u00e1tico","alternateName":"CIC Consulting Inform\u00e1tico","url":"https:\/\/www.cic.es\/","logo":{"@type":"ImageObject","inLanguage":"en-US","@id":"https:\/\/www.cic.es\/#\/schema\/logo\/image\/","url":"https:\/\/www.cic.es\/wp-content\/uploads\/2018\/04\/cic_color.png","contentUrl":"https:\/\/www.cic.es\/wp-content\/uploads\/2018\/04\/cic_color.png","width":300,"height":200,"caption":"CIC Consulting Inform\u00e1tico"},"image":{"@id":"https:\/\/www.cic.es\/#\/schema\/logo\/image\/"},"sameAs":["https:\/\/www.facebook.com\/CIC.Consulting\/","https:\/\/x.com\/CICactualidad","https:\/\/www.linkedin.com\/company\/2157627\/","https:\/\/www.pinterest.es\/cicconsultinginformatico\/","https:\/\/www.youtube.com\/user\/webmastercic"]}]}},"_links":{"self":[{"href":"https:\/\/www.cic.es\/en\/wp-json\/wp\/v2\/pages\/4359","targetHints":{"allow":["GET"]}}],"collection":[{"href":"https:\/\/www.cic.es\/en\/wp-json\/wp\/v2\/pages"}],"about":[{"href":"https:\/\/www.cic.es\/en\/wp-json\/wp\/v2\/types\/page"}],"author":[{"embeddable":true,"href":"https:\/\/www.cic.es\/en\/wp-json\/wp\/v2\/users\/1"}],"replies":[{"embeddable":true,"href":"https:\/\/www.cic.es\/en\/wp-json\/wp\/v2\/comments?post=4359"}],"version-history":[{"count":2,"href":"https:\/\/www.cic.es\/en\/wp-json\/wp\/v2\/pages\/4359\/revisions"}],"predecessor-version":[{"id":10981,"href":"https:\/\/www.cic.es\/en\/wp-json\/wp\/v2\/pages\/4359\/revisions\/10981"}],"up":[{"embeddable":true,"href":"https:\/\/www.cic.es\/en\/wp-json\/wp\/v2\/pages\/4241"}],"wp:featuredmedia":[{"embeddable":true,"href":"https:\/\/www.cic.es\/en\/wp-json\/wp\/v2\/media\/4063"}],"wp:attachment":[{"href":"https:\/\/www.cic.es\/en\/wp-json\/wp\/v2\/media?parent=4359"}],"curies":[{"name":"wp","href":"https:\/\/api.w.org\/{rel}","templated":true}]}}