{"id":4336,"date":"2019-01-02T09:13:13","date_gmt":"2019-01-02T08:13:13","guid":{"rendered":"http:\/\/webcic-pre.cic.es\/?page_id=4336"},"modified":"2025-10-24T11:25:19","modified_gmt":"2025-10-24T10:25:19","slug":"jobs","status":"publish","type":"page","link":"https:\/\/www.cic.es\/en\/jobs\/","title":{"rendered":"Jobs"},"content":{"rendered":"\n<p>At the CIC GROUP we have more things in common than you may think. <a href=\"https:\/\/www.cic.es\/en\/nuestro-proposito\/\" target=\"_blank\" rel=\"noreferrer noopener\">Our purpose is simple: To make sure that digitalization leads to a sustainable future<\/a>.&nbsp; Our company can offer you the possibility for personal growth, professional development and continuous training so that your <a href=\"\/en\/carreras-profesionales\/\" target=\"_blank\" rel=\"noreferrer noopener\">career<\/a> is always moving forward. Come and work with us and change the future. Join us at #S\u00c9CIC.<\/p>\n\n\n\n<p>We currently need to fill various positions for our group. Just click on the job description below and you will be able to see what we can offer.&nbsp;<\/p>\n\n\n\n<p><strong>We are <a href=\"https:\/\/www.cic.es\/en\/grupo-cic-renueva-las-certificaciones-happyindexatwork-y-techatwork\/\" target=\"_blank\" rel=\"noreferrer noopener\">Happy at Work<\/a><\/strong>!!<\/p>\n\n\n\n<p>This year we have been granted the Happy At Work award, recognizing the work we do at the CIC GROUP.<\/p>\n\n\n<div class=\"wp-block-image\">\n<figure class=\"aligncenter is-resized\"><img loading=\"lazy\" decoding=\"async\" width=\"445\" height=\"600\" src=\"https:\/\/www.cic.es\/wp-content\/uploads\/2023\/09\/happy-at-work.ES_.2023-445x600.png\" alt=\"\" class=\"wp-image-14514\" style=\"width:111px;height:150px\" srcset=\"https:\/\/www.cic.es\/wp-content\/uploads\/2023\/09\/happy-at-work.ES_.2023-445x600.png 445w, https:\/\/www.cic.es\/wp-content\/uploads\/2023\/09\/happy-at-work.ES_.2023-816x1100.png 816w, https:\/\/www.cic.es\/wp-content\/uploads\/2023\/09\/happy-at-work.ES_.2023-768x1035.png 768w, https:\/\/www.cic.es\/wp-content\/uploads\/2023\/09\/happy-at-work.ES_.2023-1140x1536.png 1140w, https:\/\/www.cic.es\/wp-content\/uploads\/2023\/09\/happy-at-work.ES_.2023-1520x2048.png 1520w, https:\/\/www.cic.es\/wp-content\/uploads\/2023\/09\/happy-at-work.ES_.2023.png 2000w\" sizes=\"auto, (max-width: 445px) 100vw, 445px\" \/><\/figure>\n<\/div>\n\n\n<h2 class=\"wp-block-heading\"><strong>What can we offer you?<\/strong><\/h2>\n\n\n\n<div class=\"wp-block-columns is-layout-flex wp-container-core-columns-is-layout-9d6595d7 wp-block-columns-is-layout-flex\">\n<div class=\"wp-block-column is-layout-flow wp-block-column-is-layout-flow\">\n<ul class=\"wp-block-list\">\n<li>Permanent full-time contract<\/li>\n\n\n\n<li>Flexible salary and discount club<\/li>\n\n\n\n<li>Health insurance &#8211; covered 50% by the company<\/li>\n\n\n\n<li>Free language classes in groups<\/li>\n\n\n\n<li>Training courses<\/li>\n\n\n\n<li>Virtual bank office for employees<\/li>\n\n\n\n<li>Continuous summer working day &#8211; three months a year<\/li>\n<\/ul>\n<\/div>\n\n\n\n<div class=\"wp-block-column is-layout-flow wp-block-column-is-layout-flow\">\n<ul class=\"wp-block-list\">\n<li>December 24th and December 31st are statutory holidays for the entire company<\/li>\n\n\n\n<li>Flexible work schedule<\/li>\n\n\n\n<li>Remote work (30% in company and 70% remote)<\/li>\n\n\n\n<li>Childcare voucher<\/li>\n<\/ul>\n<\/div>\n<\/div>\n\n\n\n<h3 class=\"wp-block-heading\"><strong><strong>Any questions?<\/strong><\/strong><\/h3>\n\n\n\n<p>Contact us by email at <strong><strong>rrhh@cic.es<\/strong><\/strong> or call us at <strong>942 269 017<\/strong> if you have any questions before registering.<\/p>\n","protected":false},"excerpt":{"rendered":"<p>At the CIC GROUP we have more things in common than you may think. Our purpose is simple: To make sure that digitalization leads to a sustainable future.&nbsp; Our company can offer you the possibility for personal growth, professional development and continuous training so that your career is always moving&#8230;<\/p>\n","protected":false},"author":1,"featured_media":6695,"parent":0,"menu_order":0,"comment_status":"closed","ping_status":"closed","template":"page-templates\/page-empleo.php","meta":{"_acf_changed":false,"footnotes":""},"class_list":["post-4336","page","type-page","status-publish","has-post-thumbnail","hentry"],"acf":[],"yoast_head":"<!-- This site is optimized with the Yoast SEO plugin v27.4 - https:\/\/yoast.com\/product\/yoast-seo-wordpress\/ -->\n<title>Jobs CIC Consulting Inform\u00e1tico<\/title>\n<meta name=\"description\" content=\"At the CIC GROUP we have more things in common than you may think. WE ARE HIRING!\" \/>\n<meta name=\"robots\" content=\"index, follow, max-snippet:-1, max-image-preview:large, max-video-preview:-1\" \/>\n<link rel=\"canonical\" href=\"https:\/\/www.cic.es\/en\/jobs\/\" \/>\n<meta property=\"og:locale\" content=\"en_US\" \/>\n<meta property=\"og:type\" content=\"article\" \/>\n<meta property=\"og:title\" content=\"Jobs CIC Consulting Inform\u00e1tico\" \/>\n<meta property=\"og:description\" content=\"At the CIC GROUP we have more things in common than you may think. WE ARE HIRING!\" \/>\n<meta property=\"og:url\" content=\"https:\/\/www.cic.es\/en\/jobs\/\" \/>\n<meta property=\"og:site_name\" content=\"CIC Consulting Inform\u00e1tico\" \/>\n<meta property=\"article:publisher\" content=\"https:\/\/www.facebook.com\/CIC.Consulting\/\" \/>\n<meta property=\"article:modified_time\" content=\"2025-10-24T10:25:19+00:00\" \/>\n<meta property=\"og:image\" content=\"https:\/\/www.cic.es\/wp-content\/uploads\/2020\/03\/empleo.jpg\" \/>\n\t<meta property=\"og:image:width\" content=\"1600\" \/>\n\t<meta property=\"og:image:height\" content=\"1067\" \/>\n\t<meta property=\"og:image:type\" content=\"image\/jpeg\" \/>\n<meta name=\"twitter:card\" content=\"summary_large_image\" \/>\n<meta name=\"twitter:site\" content=\"@CICactualidad\" \/>\n<meta name=\"twitter:label1\" content=\"Est. reading time\" \/>\n\t<meta name=\"twitter:data1\" content=\"1 minute\" \/>\n<script type=\"application\/ld+json\" class=\"yoast-schema-graph\">{\"@context\":\"https:\\\/\\\/schema.org\",\"@graph\":[{\"@type\":\"WebPage\",\"@id\":\"https:\\\/\\\/www.cic.es\\\/en\\\/jobs\\\/\",\"url\":\"https:\\\/\\\/www.cic.es\\\/en\\\/jobs\\\/\",\"name\":\"Jobs CIC Consulting Inform\u00e1tico\",\"isPartOf\":{\"@id\":\"https:\\\/\\\/www.cic.es\\\/#website\"},\"primaryImageOfPage\":{\"@id\":\"https:\\\/\\\/www.cic.es\\\/en\\\/jobs\\\/#primaryimage\"},\"image\":{\"@id\":\"https:\\\/\\\/www.cic.es\\\/en\\\/jobs\\\/#primaryimage\"},\"thumbnailUrl\":\"https:\\\/\\\/www.cic.es\\\/wp-content\\\/uploads\\\/2020\\\/03\\\/empleo.jpg\",\"datePublished\":\"2019-01-02T08:13:13+00:00\",\"dateModified\":\"2025-10-24T10:25:19+00:00\",\"description\":\"At the CIC GROUP we have more things in common than you may think. WE ARE HIRING!\",\"breadcrumb\":{\"@id\":\"https:\\\/\\\/www.cic.es\\\/en\\\/jobs\\\/#breadcrumb\"},\"inLanguage\":\"en-US\",\"potentialAction\":[{\"@type\":\"ReadAction\",\"target\":[\"https:\\\/\\\/www.cic.es\\\/en\\\/jobs\\\/\"]}]},{\"@type\":\"ImageObject\",\"inLanguage\":\"en-US\",\"@id\":\"https:\\\/\\\/www.cic.es\\\/en\\\/jobs\\\/#primaryimage\",\"url\":\"https:\\\/\\\/www.cic.es\\\/wp-content\\\/uploads\\\/2020\\\/03\\\/empleo.jpg\",\"contentUrl\":\"https:\\\/\\\/www.cic.es\\\/wp-content\\\/uploads\\\/2020\\\/03\\\/empleo.jpg\",\"width\":1600,\"height\":1067,\"caption\":\"WE ARE HIRING\"},{\"@type\":\"BreadcrumbList\",\"@id\":\"https:\\\/\\\/www.cic.es\\\/en\\\/jobs\\\/#breadcrumb\",\"itemListElement\":[{\"@type\":\"ListItem\",\"position\":1,\"name\":\"CIC\",\"item\":\"https:\\\/\\\/www.cic.es\\\/\"},{\"@type\":\"ListItem\",\"position\":2,\"name\":\"Jobs\"}]},{\"@type\":\"WebSite\",\"@id\":\"https:\\\/\\\/www.cic.es\\\/#website\",\"url\":\"https:\\\/\\\/www.cic.es\\\/\",\"name\":\"CIC Consulting Inform\u00e1tico\",\"description\":\"Somos una consultor\u00eda de ingenier\u00eda de desarrollo y proyectos de inform\u00e1tica y comunicaciones\",\"publisher\":{\"@id\":\"https:\\\/\\\/www.cic.es\\\/#organization\"},\"alternateName\":\"CIC Consulting Inform\u00e1tico\",\"potentialAction\":[{\"@type\":\"SearchAction\",\"target\":{\"@type\":\"EntryPoint\",\"urlTemplate\":\"https:\\\/\\\/www.cic.es\\\/?s={search_term_string}\"},\"query-input\":{\"@type\":\"PropertyValueSpecification\",\"valueRequired\":true,\"valueName\":\"search_term_string\"}}],\"inLanguage\":\"en-US\"},{\"@type\":\"Organization\",\"@id\":\"https:\\\/\\\/www.cic.es\\\/#organization\",\"name\":\"CIC Consulting Inform\u00e1tico\",\"alternateName\":\"CIC Consulting Inform\u00e1tico\",\"url\":\"https:\\\/\\\/www.cic.es\\\/\",\"logo\":{\"@type\":\"ImageObject\",\"inLanguage\":\"en-US\",\"@id\":\"https:\\\/\\\/www.cic.es\\\/#\\\/schema\\\/logo\\\/image\\\/\",\"url\":\"https:\\\/\\\/www.cic.es\\\/wp-content\\\/uploads\\\/2018\\\/04\\\/cic_color.png\",\"contentUrl\":\"https:\\\/\\\/www.cic.es\\\/wp-content\\\/uploads\\\/2018\\\/04\\\/cic_color.png\",\"width\":300,\"height\":200,\"caption\":\"CIC Consulting Inform\u00e1tico\"},\"image\":{\"@id\":\"https:\\\/\\\/www.cic.es\\\/#\\\/schema\\\/logo\\\/image\\\/\"},\"sameAs\":[\"https:\\\/\\\/www.facebook.com\\\/CIC.Consulting\\\/\",\"https:\\\/\\\/x.com\\\/CICactualidad\",\"https:\\\/\\\/www.linkedin.com\\\/company\\\/2157627\\\/\",\"https:\\\/\\\/www.pinterest.es\\\/cicconsultinginformatico\\\/\",\"https:\\\/\\\/www.youtube.com\\\/user\\\/webmastercic\"]}]}<\/script>\n<!-- \/ Yoast SEO plugin. -->","yoast_head_json":{"title":"Jobs CIC Consulting Inform\u00e1tico","description":"At the CIC GROUP we have more things in common than you may think. WE ARE HIRING!","robots":{"index":"index","follow":"follow","max-snippet":"max-snippet:-1","max-image-preview":"max-image-preview:large","max-video-preview":"max-video-preview:-1"},"canonical":"https:\/\/www.cic.es\/en\/jobs\/","og_locale":"en_US","og_type":"article","og_title":"Jobs CIC Consulting Inform\u00e1tico","og_description":"At the CIC GROUP we have more things in common than you may think. WE ARE HIRING!","og_url":"https:\/\/www.cic.es\/en\/jobs\/","og_site_name":"CIC Consulting Inform\u00e1tico","article_publisher":"https:\/\/www.facebook.com\/CIC.Consulting\/","article_modified_time":"2025-10-24T10:25:19+00:00","og_image":[{"width":1600,"height":1067,"url":"https:\/\/www.cic.es\/wp-content\/uploads\/2020\/03\/empleo.jpg","type":"image\/jpeg"}],"twitter_card":"summary_large_image","twitter_site":"@CICactualidad","twitter_misc":{"Est. reading time":"1 minute"},"schema":{"@context":"https:\/\/schema.org","@graph":[{"@type":"WebPage","@id":"https:\/\/www.cic.es\/en\/jobs\/","url":"https:\/\/www.cic.es\/en\/jobs\/","name":"Jobs CIC Consulting Inform\u00e1tico","isPartOf":{"@id":"https:\/\/www.cic.es\/#website"},"primaryImageOfPage":{"@id":"https:\/\/www.cic.es\/en\/jobs\/#primaryimage"},"image":{"@id":"https:\/\/www.cic.es\/en\/jobs\/#primaryimage"},"thumbnailUrl":"https:\/\/www.cic.es\/wp-content\/uploads\/2020\/03\/empleo.jpg","datePublished":"2019-01-02T08:13:13+00:00","dateModified":"2025-10-24T10:25:19+00:00","description":"At the CIC GROUP we have more things in common than you may think. WE ARE HIRING!","breadcrumb":{"@id":"https:\/\/www.cic.es\/en\/jobs\/#breadcrumb"},"inLanguage":"en-US","potentialAction":[{"@type":"ReadAction","target":["https:\/\/www.cic.es\/en\/jobs\/"]}]},{"@type":"ImageObject","inLanguage":"en-US","@id":"https:\/\/www.cic.es\/en\/jobs\/#primaryimage","url":"https:\/\/www.cic.es\/wp-content\/uploads\/2020\/03\/empleo.jpg","contentUrl":"https:\/\/www.cic.es\/wp-content\/uploads\/2020\/03\/empleo.jpg","width":1600,"height":1067,"caption":"WE ARE HIRING"},{"@type":"BreadcrumbList","@id":"https:\/\/www.cic.es\/en\/jobs\/#breadcrumb","itemListElement":[{"@type":"ListItem","position":1,"name":"CIC","item":"https:\/\/www.cic.es\/"},{"@type":"ListItem","position":2,"name":"Jobs"}]},{"@type":"WebSite","@id":"https:\/\/www.cic.es\/#website","url":"https:\/\/www.cic.es\/","name":"CIC Consulting Inform\u00e1tico","description":"Somos una consultor\u00eda de ingenier\u00eda de desarrollo y proyectos de inform\u00e1tica y comunicaciones","publisher":{"@id":"https:\/\/www.cic.es\/#organization"},"alternateName":"CIC Consulting Inform\u00e1tico","potentialAction":[{"@type":"SearchAction","target":{"@type":"EntryPoint","urlTemplate":"https:\/\/www.cic.es\/?s={search_term_string}"},"query-input":{"@type":"PropertyValueSpecification","valueRequired":true,"valueName":"search_term_string"}}],"inLanguage":"en-US"},{"@type":"Organization","@id":"https:\/\/www.cic.es\/#organization","name":"CIC Consulting Inform\u00e1tico","alternateName":"CIC Consulting Inform\u00e1tico","url":"https:\/\/www.cic.es\/","logo":{"@type":"ImageObject","inLanguage":"en-US","@id":"https:\/\/www.cic.es\/#\/schema\/logo\/image\/","url":"https:\/\/www.cic.es\/wp-content\/uploads\/2018\/04\/cic_color.png","contentUrl":"https:\/\/www.cic.es\/wp-content\/uploads\/2018\/04\/cic_color.png","width":300,"height":200,"caption":"CIC Consulting Inform\u00e1tico"},"image":{"@id":"https:\/\/www.cic.es\/#\/schema\/logo\/image\/"},"sameAs":["https:\/\/www.facebook.com\/CIC.Consulting\/","https:\/\/x.com\/CICactualidad","https:\/\/www.linkedin.com\/company\/2157627\/","https:\/\/www.pinterest.es\/cicconsultinginformatico\/","https:\/\/www.youtube.com\/user\/webmastercic"]}]}},"_links":{"self":[{"href":"https:\/\/www.cic.es\/en\/wp-json\/wp\/v2\/pages\/4336","targetHints":{"allow":["GET"]}}],"collection":[{"href":"https:\/\/www.cic.es\/en\/wp-json\/wp\/v2\/pages"}],"about":[{"href":"https:\/\/www.cic.es\/en\/wp-json\/wp\/v2\/types\/page"}],"author":[{"embeddable":true,"href":"https:\/\/www.cic.es\/en\/wp-json\/wp\/v2\/users\/1"}],"replies":[{"embeddable":true,"href":"https:\/\/www.cic.es\/en\/wp-json\/wp\/v2\/comments?post=4336"}],"version-history":[{"count":6,"href":"https:\/\/www.cic.es\/en\/wp-json\/wp\/v2\/pages\/4336\/revisions"}],"predecessor-version":[{"id":25873,"href":"https:\/\/www.cic.es\/en\/wp-json\/wp\/v2\/pages\/4336\/revisions\/25873"}],"wp:featuredmedia":[{"embeddable":true,"href":"https:\/\/www.cic.es\/en\/wp-json\/wp\/v2\/media\/6695"}],"wp:attachment":[{"href":"https:\/\/www.cic.es\/en\/wp-json\/wp\/v2\/media?parent=4336"}],"curies":[{"name":"wp","href":"https:\/\/api.w.org\/{rel}","templated":true}]}}