{"id":4319,"date":"2018-02-21T09:56:33","date_gmt":"2018-02-21T08:56:33","guid":{"rendered":"http:\/\/webcic-pre.cic.es\/dynamics-crm\/"},"modified":"2021-11-18T09:27:33","modified_gmt":"2021-11-18T08:27:33","slug":"dynamics-crm","status":"publish","type":"page","link":"https:\/\/www.cic.es\/en\/dynamics-crm\/","title":{"rendered":"Dynamics CRM"},"content":{"rendered":"<h2><strong>Microsoft Dynamics 365 CRM- Customer Relationship Management software<\/strong><\/h2>\n<p><img loading=\"lazy\" decoding=\"async\" class=\"aligncenter size-full wp-image-2469\" src=\"https:\/\/www.cic.es\/wp-content\/uploads\/2018\/09\/crm.png\" alt=\"\" width=\"500\" height=\"333\"><\/p>\n<p>We are ICT leaders with years of expertise and we understand each company\u00b4s needs, we know how to implement our business management program in a successful way. With CIC and our CRM software you are able to create the best management plan for your company.<\/p>\n<ul>\n<li>With CRM you can <strong>control your processes and centralise your customer relationship management<\/strong>, build a central activities\u2019 point from where you may obtain a complete vision of your business and sales cycles.<\/li>\n<li>Our CRM customer support strategy locates the client in the centre of business management and enables <strong>better service thanks to segmentation capabilities and customisation of Microsoft Dynamics 365.<\/strong><\/li>\n<li>Our goal is to implement and adapt the best customer relationship management software with Microsoft Dynamics 365 technology, <strong>optimising sales, after-sales and marketing management processes<\/strong> including other management fields\u2026<\/li>\n<\/ul>\n<p>Customised applications based on CRM-Microsoft Dynamics 365 allow you to manage employees, suppliers, partners and customer relationships.<\/p>\n<h2>Why choose our CRM software?<\/h2>\n<ul>\n<li><strong>High implementation CRM expertise<\/strong>: more than 10 years working with Dynamics 365 and we have implemented it in different sectors like employment services, logistics, utilities and catering among others.<\/li>\n<li><strong>Integration capability<\/strong>: The implementation of Microsoft Dynamics 365 as an organisational tool which requires the integration with existing heterogenous systems capabilities, in order to communicate between them, from end to end. Regardless of their complexity, we are able to integrate and produce great results thanks to our CRM solutions.<\/li>\n<li><strong>Customised sectors solutions for customer relationship management: <\/strong>based on our experience and know-how of Microsoft technologies, we can design, customise and integrate solutions adapted to our clients\u2019 needs. We adapt different management areas that go further than traditional CRMs.<\/li>\n<li><strong>Microsoft Partner <\/strong>\u2013 <strong>CRM<\/strong>: at CIC we have worked, from the beginning, hand in hand with Microsoft especially in the CRM area. As a result, our team of experienced and certified professionals guarantee a job well done, adding value to our projects.<\/li>\n<\/ul>\n<h2>Go further with a CRM<\/h2>\n<ul>\n<li><strong>More efficient sales management<\/strong>: Carry out more efficient performance, control and tracking of your sales team, increasing your business productivity.<\/li>\n<li><strong>Sales Management<\/strong>: Planning, management and analysis of your sales campaigns in order to increase productivity and income more rapidly.<\/li>\n<li><strong>Improve customer Service<\/strong>: A CRM is the best way to analyse your customer\u00b4s needs and problems, providing them with bespoke solutions.<\/li>\n<li><strong>Control your company\u00b4s data with our CRM<\/strong>: more flexible and precise decision making thanks to real-time data.<\/li>\n<li><strong>Analysis tools<\/strong> to carry out advanced interpretation of the data used.<\/li>\n<li>Compliance (<strong>GDPR<\/strong>)<\/li>\n<\/ul>\n<p>The best <strong>CRM software to control and process your client\u00b4s information in order to achieve better data management.<\/strong> Work with us to establish your best business plan. <strong>Offer your clients a unique experience through our CRM\u00b4s features. <\/strong><\/p>\n<h3><strong>Get the most out of your CRM through Microsoft Dynamics 365.<\/strong><\/h3>\n<p>Business managers are always looking for long term solutions to make their businesses grow. Our CRM software gives you a competitive advantage in your sector. And this way, <strong>you will achieve a competitive advantage and make your company successfully grow.<\/strong><\/p>\n","protected":false},"excerpt":{"rendered":"<p>Microsoft Dynamics 365 CRM- Customer Relationship Management software We are ICT leaders with years of expertise and we understand each company\u00b4s needs, we know how to implement our business management program in a successful way. With CIC and our CRM software you are able to create the best management plan&#8230;<\/p>\n","protected":false},"author":1,"featured_media":0,"parent":0,"menu_order":0,"comment_status":"closed","ping_status":"closed","template":"page-templates\/page-productos.php","meta":{"_acf_changed":false,"footnotes":""},"class_list":["post-4319","page","type-page","status-publish","hentry"],"acf":[],"yoast_head":"<!-- This site is optimized with the Yoast SEO plugin v27.4 - https:\/\/yoast.com\/product\/yoast-seo-wordpress\/ -->\n<title>Dynamics CRM CIC Consulting Inform\u00e1tico<\/title>\n<meta name=\"description\" content=\"Microsoft Dynamics 365 CRM- Customer Relationship Management software that allows you to manage employees, suppliers, partners and customer relationships\" \/>\n<meta name=\"robots\" content=\"index, follow, max-snippet:-1, max-image-preview:large, max-video-preview:-1\" \/>\n<link rel=\"canonical\" href=\"https:\/\/www.cic.es\/en\/dynamics-crm\/\" \/>\n<meta property=\"og:locale\" content=\"en_US\" \/>\n<meta property=\"og:type\" content=\"article\" \/>\n<meta property=\"og:title\" content=\"Dynamics CRM CIC Consulting Inform\u00e1tico\" \/>\n<meta property=\"og:description\" content=\"Microsoft Dynamics 365 CRM- Customer Relationship Management software that allows you to manage employees, suppliers, partners and customer relationships\" \/>\n<meta property=\"og:url\" content=\"https:\/\/www.cic.es\/en\/dynamics-crm\/\" \/>\n<meta property=\"og:site_name\" content=\"CIC Consulting Inform\u00e1tico\" \/>\n<meta property=\"article:publisher\" content=\"https:\/\/www.facebook.com\/CIC.Consulting\/\" \/>\n<meta property=\"article:modified_time\" content=\"2021-11-18T08:27:33+00:00\" \/>\n<meta property=\"og:image\" content=\"https:\/\/www.cic.es\/wp-content\/uploads\/2018\/09\/crm.png\" \/>\n<meta name=\"twitter:card\" content=\"summary_large_image\" \/>\n<meta name=\"twitter:site\" content=\"@CICactualidad\" \/>\n<meta name=\"twitter:label1\" content=\"Est. reading time\" \/>\n\t<meta name=\"twitter:data1\" content=\"3 minutes\" \/>\n<script type=\"application\/ld+json\" class=\"yoast-schema-graph\">{\"@context\":\"https:\\\/\\\/schema.org\",\"@graph\":[{\"@type\":\"WebPage\",\"@id\":\"https:\\\/\\\/www.cic.es\\\/en\\\/dynamics-crm\\\/\",\"url\":\"https:\\\/\\\/www.cic.es\\\/en\\\/dynamics-crm\\\/\",\"name\":\"Dynamics CRM CIC Consulting Inform\u00e1tico\",\"isPartOf\":{\"@id\":\"https:\\\/\\\/www.cic.es\\\/#website\"},\"primaryImageOfPage\":{\"@id\":\"https:\\\/\\\/www.cic.es\\\/en\\\/dynamics-crm\\\/#primaryimage\"},\"image\":{\"@id\":\"https:\\\/\\\/www.cic.es\\\/en\\\/dynamics-crm\\\/#primaryimage\"},\"thumbnailUrl\":\"https:\\\/\\\/www.cic.es\\\/wp-content\\\/uploads\\\/2018\\\/09\\\/crm.png\",\"datePublished\":\"2018-02-21T08:56:33+00:00\",\"dateModified\":\"2021-11-18T08:27:33+00:00\",\"description\":\"Microsoft Dynamics 365 CRM- Customer Relationship Management software that allows you to manage employees, suppliers, partners and customer relationships\",\"breadcrumb\":{\"@id\":\"https:\\\/\\\/www.cic.es\\\/en\\\/dynamics-crm\\\/#breadcrumb\"},\"inLanguage\":\"en-US\",\"potentialAction\":[{\"@type\":\"ReadAction\",\"target\":[\"https:\\\/\\\/www.cic.es\\\/en\\\/dynamics-crm\\\/\"]}]},{\"@type\":\"ImageObject\",\"inLanguage\":\"en-US\",\"@id\":\"https:\\\/\\\/www.cic.es\\\/en\\\/dynamics-crm\\\/#primaryimage\",\"url\":\"https:\\\/\\\/www.cic.es\\\/wp-content\\\/uploads\\\/2018\\\/09\\\/crm.png\",\"contentUrl\":\"https:\\\/\\\/www.cic.es\\\/wp-content\\\/uploads\\\/2018\\\/09\\\/crm.png\"},{\"@type\":\"BreadcrumbList\",\"@id\":\"https:\\\/\\\/www.cic.es\\\/en\\\/dynamics-crm\\\/#breadcrumb\",\"itemListElement\":[{\"@type\":\"ListItem\",\"position\":1,\"name\":\"CIC\",\"item\":\"https:\\\/\\\/www.cic.es\\\/\"},{\"@type\":\"ListItem\",\"position\":2,\"name\":\"Dynamics CRM\"}]},{\"@type\":\"WebSite\",\"@id\":\"https:\\\/\\\/www.cic.es\\\/#website\",\"url\":\"https:\\\/\\\/www.cic.es\\\/\",\"name\":\"CIC Consulting Inform\u00e1tico\",\"description\":\"Somos una consultor\u00eda de ingenier\u00eda de desarrollo y proyectos de inform\u00e1tica y comunicaciones\",\"publisher\":{\"@id\":\"https:\\\/\\\/www.cic.es\\\/#organization\"},\"alternateName\":\"CIC Consulting Inform\u00e1tico\",\"potentialAction\":[{\"@type\":\"SearchAction\",\"target\":{\"@type\":\"EntryPoint\",\"urlTemplate\":\"https:\\\/\\\/www.cic.es\\\/?s={search_term_string}\"},\"query-input\":{\"@type\":\"PropertyValueSpecification\",\"valueRequired\":true,\"valueName\":\"search_term_string\"}}],\"inLanguage\":\"en-US\"},{\"@type\":\"Organization\",\"@id\":\"https:\\\/\\\/www.cic.es\\\/#organization\",\"name\":\"CIC Consulting Inform\u00e1tico\",\"alternateName\":\"CIC Consulting Inform\u00e1tico\",\"url\":\"https:\\\/\\\/www.cic.es\\\/\",\"logo\":{\"@type\":\"ImageObject\",\"inLanguage\":\"en-US\",\"@id\":\"https:\\\/\\\/www.cic.es\\\/#\\\/schema\\\/logo\\\/image\\\/\",\"url\":\"https:\\\/\\\/www.cic.es\\\/wp-content\\\/uploads\\\/2018\\\/04\\\/cic_color.png\",\"contentUrl\":\"https:\\\/\\\/www.cic.es\\\/wp-content\\\/uploads\\\/2018\\\/04\\\/cic_color.png\",\"width\":300,\"height\":200,\"caption\":\"CIC Consulting Inform\u00e1tico\"},\"image\":{\"@id\":\"https:\\\/\\\/www.cic.es\\\/#\\\/schema\\\/logo\\\/image\\\/\"},\"sameAs\":[\"https:\\\/\\\/www.facebook.com\\\/CIC.Consulting\\\/\",\"https:\\\/\\\/x.com\\\/CICactualidad\",\"https:\\\/\\\/www.linkedin.com\\\/company\\\/2157627\\\/\",\"https:\\\/\\\/www.pinterest.es\\\/cicconsultinginformatico\\\/\",\"https:\\\/\\\/www.youtube.com\\\/user\\\/webmastercic\"]}]}<\/script>\n<!-- \/ Yoast SEO plugin. -->","yoast_head_json":{"title":"Dynamics CRM CIC Consulting Inform\u00e1tico","description":"Microsoft Dynamics 365 CRM- Customer Relationship Management software that allows you to manage employees, suppliers, partners and customer relationships","robots":{"index":"index","follow":"follow","max-snippet":"max-snippet:-1","max-image-preview":"max-image-preview:large","max-video-preview":"max-video-preview:-1"},"canonical":"https:\/\/www.cic.es\/en\/dynamics-crm\/","og_locale":"en_US","og_type":"article","og_title":"Dynamics CRM CIC Consulting Inform\u00e1tico","og_description":"Microsoft Dynamics 365 CRM- Customer Relationship Management software that allows you to manage employees, suppliers, partners and customer relationships","og_url":"https:\/\/www.cic.es\/en\/dynamics-crm\/","og_site_name":"CIC Consulting Inform\u00e1tico","article_publisher":"https:\/\/www.facebook.com\/CIC.Consulting\/","article_modified_time":"2021-11-18T08:27:33+00:00","og_image":[{"url":"https:\/\/www.cic.es\/wp-content\/uploads\/2018\/09\/crm.png","type":"","width":"","height":""}],"twitter_card":"summary_large_image","twitter_site":"@CICactualidad","twitter_misc":{"Est. reading time":"3 minutes"},"schema":{"@context":"https:\/\/schema.org","@graph":[{"@type":"WebPage","@id":"https:\/\/www.cic.es\/en\/dynamics-crm\/","url":"https:\/\/www.cic.es\/en\/dynamics-crm\/","name":"Dynamics CRM CIC Consulting Inform\u00e1tico","isPartOf":{"@id":"https:\/\/www.cic.es\/#website"},"primaryImageOfPage":{"@id":"https:\/\/www.cic.es\/en\/dynamics-crm\/#primaryimage"},"image":{"@id":"https:\/\/www.cic.es\/en\/dynamics-crm\/#primaryimage"},"thumbnailUrl":"https:\/\/www.cic.es\/wp-content\/uploads\/2018\/09\/crm.png","datePublished":"2018-02-21T08:56:33+00:00","dateModified":"2021-11-18T08:27:33+00:00","description":"Microsoft Dynamics 365 CRM- Customer Relationship Management software that allows you to manage employees, suppliers, partners and customer relationships","breadcrumb":{"@id":"https:\/\/www.cic.es\/en\/dynamics-crm\/#breadcrumb"},"inLanguage":"en-US","potentialAction":[{"@type":"ReadAction","target":["https:\/\/www.cic.es\/en\/dynamics-crm\/"]}]},{"@type":"ImageObject","inLanguage":"en-US","@id":"https:\/\/www.cic.es\/en\/dynamics-crm\/#primaryimage","url":"https:\/\/www.cic.es\/wp-content\/uploads\/2018\/09\/crm.png","contentUrl":"https:\/\/www.cic.es\/wp-content\/uploads\/2018\/09\/crm.png"},{"@type":"BreadcrumbList","@id":"https:\/\/www.cic.es\/en\/dynamics-crm\/#breadcrumb","itemListElement":[{"@type":"ListItem","position":1,"name":"CIC","item":"https:\/\/www.cic.es\/"},{"@type":"ListItem","position":2,"name":"Dynamics CRM"}]},{"@type":"WebSite","@id":"https:\/\/www.cic.es\/#website","url":"https:\/\/www.cic.es\/","name":"CIC Consulting Inform\u00e1tico","description":"Somos una consultor\u00eda de ingenier\u00eda de desarrollo y proyectos de inform\u00e1tica y comunicaciones","publisher":{"@id":"https:\/\/www.cic.es\/#organization"},"alternateName":"CIC Consulting Inform\u00e1tico","potentialAction":[{"@type":"SearchAction","target":{"@type":"EntryPoint","urlTemplate":"https:\/\/www.cic.es\/?s={search_term_string}"},"query-input":{"@type":"PropertyValueSpecification","valueRequired":true,"valueName":"search_term_string"}}],"inLanguage":"en-US"},{"@type":"Organization","@id":"https:\/\/www.cic.es\/#organization","name":"CIC Consulting Inform\u00e1tico","alternateName":"CIC Consulting Inform\u00e1tico","url":"https:\/\/www.cic.es\/","logo":{"@type":"ImageObject","inLanguage":"en-US","@id":"https:\/\/www.cic.es\/#\/schema\/logo\/image\/","url":"https:\/\/www.cic.es\/wp-content\/uploads\/2018\/04\/cic_color.png","contentUrl":"https:\/\/www.cic.es\/wp-content\/uploads\/2018\/04\/cic_color.png","width":300,"height":200,"caption":"CIC Consulting Inform\u00e1tico"},"image":{"@id":"https:\/\/www.cic.es\/#\/schema\/logo\/image\/"},"sameAs":["https:\/\/www.facebook.com\/CIC.Consulting\/","https:\/\/x.com\/CICactualidad","https:\/\/www.linkedin.com\/company\/2157627\/","https:\/\/www.pinterest.es\/cicconsultinginformatico\/","https:\/\/www.youtube.com\/user\/webmastercic"]}]}},"_links":{"self":[{"href":"https:\/\/www.cic.es\/en\/wp-json\/wp\/v2\/pages\/4319","targetHints":{"allow":["GET"]}}],"collection":[{"href":"https:\/\/www.cic.es\/en\/wp-json\/wp\/v2\/pages"}],"about":[{"href":"https:\/\/www.cic.es\/en\/wp-json\/wp\/v2\/types\/page"}],"author":[{"embeddable":true,"href":"https:\/\/www.cic.es\/en\/wp-json\/wp\/v2\/users\/1"}],"replies":[{"embeddable":true,"href":"https:\/\/www.cic.es\/en\/wp-json\/wp\/v2\/comments?post=4319"}],"version-history":[{"count":2,"href":"https:\/\/www.cic.es\/en\/wp-json\/wp\/v2\/pages\/4319\/revisions"}],"predecessor-version":[{"id":10977,"href":"https:\/\/www.cic.es\/en\/wp-json\/wp\/v2\/pages\/4319\/revisions\/10977"}],"wp:attachment":[{"href":"https:\/\/www.cic.es\/en\/wp-json\/wp\/v2\/media?parent=4319"}],"curies":[{"name":"wp","href":"https:\/\/api.w.org\/{rel}","templated":true}]}}