{"id":4318,"date":"2018-02-21T09:56:42","date_gmt":"2018-02-21T08:56:42","guid":{"rendered":"http:\/\/webcic-pre.cic.es\/w6-inteligencia-operacional-elk\/"},"modified":"2023-04-28T11:16:43","modified_gmt":"2023-04-28T10:16:43","slug":"w6-operational-intelligence-elk","status":"publish","type":"page","link":"https:\/\/www.cic.es\/en\/w6-operational-intelligence-elk\/","title":{"rendered":"W6 &#8211; Operational Intelligence &#8211; ELK"},"content":{"rendered":"<h2><strong>At CIC we offer several operational intelligence solutions, based on Elastic-ELK technology that allows you to take advantage of Big Data<\/strong><\/h2>\n<p><img loading=\"lazy\" decoding=\"async\" class=\"aligncenter wp-image-2082 size-full\" title=\"CIC y ELK - W6 - Inteligencia operacional - Tecnolog\u00eda Elasticsearch, Logstash y Kibana\" src=\"https:\/\/www.cic.es\/wp-content\/uploads\/2018\/07\/elk-cic.png\" alt=\"CIC y ELK - W6 - Inteligencia operacional - Tecnolog\u00eda Elasticsearch, Logstash y Kibana\" width=\"481\" height=\"109\" \/><\/p>\n<p><strong>Elastic<\/strong> is a search and analytic engine, open source based on Apache Lucene. The technical definition may be like a search engine of complete text and distributed with a web interface RESTful and with documents JSON, designed to allow scalability, security and easy-use.<\/p>\n<h3><strong>CIC as an Elastic Verified Reseller<\/strong><\/h3>\n<p>At CIC we develop operational intelligence services and solutions using <strong>Stack Elastic ELK<\/strong>. We call our solutions W6.<\/p>\n<p><img loading=\"lazy\" decoding=\"async\" class=\"aligncenter wp-image-2083 size-full\" title=\"Productos basados en la tecnolog\u00eda que proporciona el Stack ELK - W6 - Inteligencia operacional - Elasticsearch, Logstash y Kibana\" src=\"https:\/\/www.cic.es\/wp-content\/uploads\/2018\/07\/soluciones-de-inteligencia-operacional.png\" alt=\"Productos basados en la tecnolog\u00eda que proporciona el Stack ELK - W6 - Inteligencia operacional - Elasticsearch, Logstash y Kibana\" width=\"591\" height=\"169\" \/><\/p>\n<p><strong>W6 Datasense<\/strong>,\u00a0<strong>W6 viewScada<\/strong>,\u00a0<strong>W6 Secure Access Server<\/strong>,\u00a0<strong>W6 Incident Management<\/strong>,\u00a0<strong>W6 ISD<\/strong> use Stack ELK technology and it is a main component of three products:<\/p>\n<ul>\n<li><a href=\"https:\/\/www.elastic.co\/\" target=\"_blank\" rel=\"noopener\"><strong>Elasticsearch<\/strong><\/a> &#8211; Search engine<\/li>\n<li><a href=\"https:\/\/www.elastic.co\/products\/logstash\" target=\"_blank\" rel=\"noopener\"><strong>Logstash<\/strong><\/a> &#8211; dynamic data collector with extendable plugins eco-system<\/li>\n<li><a href=\"https:\/\/www.elastic.co\/products\/kibana\" target=\"_blank\" rel=\"noopener\"><strong>Kibana<\/strong><\/a> &#8211; data viewer, user interface to configure and manage all Elastic Stack aspects<\/li>\n<\/ul>\n<p>In an operational intelligence environment we can\u00b4t stop focusing on the dynamic analysis capabilities of businesses in real time. Operational intelligence is of paramount importance. It enables more visibility and understanding business operations.<\/p>\n<h2><strong>Stack ELK technology is a source of W6 tools<\/strong><\/h2>\n<p>At CIC we have centred all our efforts in <strong>generating solutions based on Stack ELK<\/strong> with the goal of achieving a better combination of tools that help you take advantage of structured and unstructured data, mitigate risks, anticipate opportunities, detect fraud, avoid attacks, processes performance improvement and deliver optimal value.<\/p>\n<p>The versatility of Stack ELK technology enables the application for <a href=\"https:\/\/www.cic.es\/en\/cybersecurity\/\">cyber security<\/a> solutions, industrial processes improvement, behaviour analysis, Security Information and Event Management (SIEM), attacks monitoring, troubleshooting and problem solving through root cause of critical and complex systems, event correlation, reactive performance, knowledge management, search, geospatial applications and scientific research.<\/p>\n<p>Stack ELK, Elasticsearch, Logstash and Kibana technologies are flexible, being capable of being integrated with existing infrastructures, or to be used as an independent platform. ELK technologies help take advantage of the data and generate high impact in solutions.<\/p>\n<h3><strong>Our W6 solutions based on ELK technology<\/strong><\/h3>\n<p>Our solutions enable companies to better manage and analyse data in real-time, with the goal of getting the necessary operational intelligence to improve the decision-making process which will improve business processes.<\/p>\n","protected":false},"excerpt":{"rendered":"<p>At CIC we offer several operational intelligence solutions, based on Elastic-ELK technology that allows you to take advantage of Big Data Elastic is a search and analytic engine, open source based on Apache Lucene. The technical definition may be like a search engine of complete text and distributed with a&#8230;<\/p>\n","protected":false},"author":1,"featured_media":0,"parent":0,"menu_order":0,"comment_status":"closed","ping_status":"closed","template":"page-templates\/page-productos.php","meta":{"_acf_changed":false,"footnotes":""},"class_list":["post-4318","page","type-page","status-publish","hentry"],"acf":[],"yoast_head":"<!-- This site is optimized with the Yoast SEO plugin v27.4 - https:\/\/yoast.com\/product\/yoast-seo-wordpress\/ -->\n<title>W6 - Inteligencia operacional - ELK - CIC Consulting Inform\u00e1tico<\/title>\n<meta name=\"description\" content=\"At CIC we offer several operational intelligence solutions, based on Elastic-ELK technology that allows you to take advantage of Big Data.\" \/>\n<meta name=\"robots\" content=\"index, follow, max-snippet:-1, max-image-preview:large, max-video-preview:-1\" \/>\n<link rel=\"canonical\" href=\"https:\/\/www.cic.es\/en\/w6-operational-intelligence-elk\/\" \/>\n<meta property=\"og:locale\" content=\"en_US\" \/>\n<meta property=\"og:type\" content=\"article\" \/>\n<meta property=\"og:title\" content=\"W6 - Inteligencia operacional - ELK - CIC Consulting Inform\u00e1tico\" \/>\n<meta property=\"og:description\" content=\"At CIC we offer several operational intelligence solutions, based on Elastic-ELK technology that allows you to take advantage of Big Data.\" \/>\n<meta property=\"og:url\" content=\"https:\/\/www.cic.es\/en\/w6-operational-intelligence-elk\/\" \/>\n<meta property=\"og:site_name\" content=\"CIC Consulting Inform\u00e1tico\" \/>\n<meta property=\"article:publisher\" content=\"https:\/\/www.facebook.com\/CIC.Consulting\/\" \/>\n<meta property=\"article:modified_time\" content=\"2023-04-28T10:16:43+00:00\" \/>\n<meta property=\"og:image\" content=\"https:\/\/www.cic.es\/wp-content\/uploads\/2018\/07\/elk-cic.png\" \/>\n<meta name=\"twitter:card\" content=\"summary_large_image\" \/>\n<meta name=\"twitter:site\" content=\"@CICactualidad\" \/>\n<meta name=\"twitter:label1\" content=\"Est. reading time\" \/>\n\t<meta name=\"twitter:data1\" content=\"2 minutes\" \/>\n<script type=\"application\/ld+json\" class=\"yoast-schema-graph\">{\"@context\":\"https:\\\/\\\/schema.org\",\"@graph\":[{\"@type\":\"WebPage\",\"@id\":\"https:\\\/\\\/www.cic.es\\\/en\\\/w6-operational-intelligence-elk\\\/\",\"url\":\"https:\\\/\\\/www.cic.es\\\/en\\\/w6-operational-intelligence-elk\\\/\",\"name\":\"W6 - Inteligencia operacional - ELK - CIC Consulting Inform\u00e1tico\",\"isPartOf\":{\"@id\":\"https:\\\/\\\/www.cic.es\\\/#website\"},\"primaryImageOfPage\":{\"@id\":\"https:\\\/\\\/www.cic.es\\\/en\\\/w6-operational-intelligence-elk\\\/#primaryimage\"},\"image\":{\"@id\":\"https:\\\/\\\/www.cic.es\\\/en\\\/w6-operational-intelligence-elk\\\/#primaryimage\"},\"thumbnailUrl\":\"https:\\\/\\\/www.cic.es\\\/wp-content\\\/uploads\\\/2018\\\/07\\\/elk-cic.png\",\"datePublished\":\"2018-02-21T08:56:42+00:00\",\"dateModified\":\"2023-04-28T10:16:43+00:00\",\"description\":\"At CIC we offer several operational intelligence solutions, based on Elastic-ELK technology that allows you to take advantage of Big Data.\",\"breadcrumb\":{\"@id\":\"https:\\\/\\\/www.cic.es\\\/en\\\/w6-operational-intelligence-elk\\\/#breadcrumb\"},\"inLanguage\":\"en-US\",\"potentialAction\":[{\"@type\":\"ReadAction\",\"target\":[\"https:\\\/\\\/www.cic.es\\\/en\\\/w6-operational-intelligence-elk\\\/\"]}]},{\"@type\":\"ImageObject\",\"inLanguage\":\"en-US\",\"@id\":\"https:\\\/\\\/www.cic.es\\\/en\\\/w6-operational-intelligence-elk\\\/#primaryimage\",\"url\":\"https:\\\/\\\/www.cic.es\\\/wp-content\\\/uploads\\\/2018\\\/07\\\/elk-cic.png\",\"contentUrl\":\"https:\\\/\\\/www.cic.es\\\/wp-content\\\/uploads\\\/2018\\\/07\\\/elk-cic.png\"},{\"@type\":\"BreadcrumbList\",\"@id\":\"https:\\\/\\\/www.cic.es\\\/en\\\/w6-operational-intelligence-elk\\\/#breadcrumb\",\"itemListElement\":[{\"@type\":\"ListItem\",\"position\":1,\"name\":\"CIC\",\"item\":\"https:\\\/\\\/www.cic.es\\\/\"},{\"@type\":\"ListItem\",\"position\":2,\"name\":\"W6 &#8211; Operational Intelligence &#8211; ELK\"}]},{\"@type\":\"WebSite\",\"@id\":\"https:\\\/\\\/www.cic.es\\\/#website\",\"url\":\"https:\\\/\\\/www.cic.es\\\/\",\"name\":\"CIC Consulting Inform\u00e1tico\",\"description\":\"Somos una consultor\u00eda de ingenier\u00eda de desarrollo y proyectos de inform\u00e1tica y comunicaciones\",\"publisher\":{\"@id\":\"https:\\\/\\\/www.cic.es\\\/#organization\"},\"alternateName\":\"CIC Consulting Inform\u00e1tico\",\"potentialAction\":[{\"@type\":\"SearchAction\",\"target\":{\"@type\":\"EntryPoint\",\"urlTemplate\":\"https:\\\/\\\/www.cic.es\\\/?s={search_term_string}\"},\"query-input\":{\"@type\":\"PropertyValueSpecification\",\"valueRequired\":true,\"valueName\":\"search_term_string\"}}],\"inLanguage\":\"en-US\"},{\"@type\":\"Organization\",\"@id\":\"https:\\\/\\\/www.cic.es\\\/#organization\",\"name\":\"CIC Consulting Inform\u00e1tico\",\"alternateName\":\"CIC Consulting Inform\u00e1tico\",\"url\":\"https:\\\/\\\/www.cic.es\\\/\",\"logo\":{\"@type\":\"ImageObject\",\"inLanguage\":\"en-US\",\"@id\":\"https:\\\/\\\/www.cic.es\\\/#\\\/schema\\\/logo\\\/image\\\/\",\"url\":\"https:\\\/\\\/www.cic.es\\\/wp-content\\\/uploads\\\/2018\\\/04\\\/cic_color.png\",\"contentUrl\":\"https:\\\/\\\/www.cic.es\\\/wp-content\\\/uploads\\\/2018\\\/04\\\/cic_color.png\",\"width\":300,\"height\":200,\"caption\":\"CIC Consulting Inform\u00e1tico\"},\"image\":{\"@id\":\"https:\\\/\\\/www.cic.es\\\/#\\\/schema\\\/logo\\\/image\\\/\"},\"sameAs\":[\"https:\\\/\\\/www.facebook.com\\\/CIC.Consulting\\\/\",\"https:\\\/\\\/x.com\\\/CICactualidad\",\"https:\\\/\\\/www.linkedin.com\\\/company\\\/2157627\\\/\",\"https:\\\/\\\/www.pinterest.es\\\/cicconsultinginformatico\\\/\",\"https:\\\/\\\/www.youtube.com\\\/user\\\/webmastercic\"]}]}<\/script>\n<!-- \/ Yoast SEO plugin. -->","yoast_head_json":{"title":"W6 - Inteligencia operacional - ELK - CIC Consulting Inform\u00e1tico","description":"At CIC we offer several operational intelligence solutions, based on Elastic-ELK technology that allows you to take advantage of Big Data.","robots":{"index":"index","follow":"follow","max-snippet":"max-snippet:-1","max-image-preview":"max-image-preview:large","max-video-preview":"max-video-preview:-1"},"canonical":"https:\/\/www.cic.es\/en\/w6-operational-intelligence-elk\/","og_locale":"en_US","og_type":"article","og_title":"W6 - Inteligencia operacional - ELK - CIC Consulting Inform\u00e1tico","og_description":"At CIC we offer several operational intelligence solutions, based on Elastic-ELK technology that allows you to take advantage of Big Data.","og_url":"https:\/\/www.cic.es\/en\/w6-operational-intelligence-elk\/","og_site_name":"CIC Consulting Inform\u00e1tico","article_publisher":"https:\/\/www.facebook.com\/CIC.Consulting\/","article_modified_time":"2023-04-28T10:16:43+00:00","og_image":[{"url":"https:\/\/www.cic.es\/wp-content\/uploads\/2018\/07\/elk-cic.png","type":"","width":"","height":""}],"twitter_card":"summary_large_image","twitter_site":"@CICactualidad","twitter_misc":{"Est. reading time":"2 minutes"},"schema":{"@context":"https:\/\/schema.org","@graph":[{"@type":"WebPage","@id":"https:\/\/www.cic.es\/en\/w6-operational-intelligence-elk\/","url":"https:\/\/www.cic.es\/en\/w6-operational-intelligence-elk\/","name":"W6 - Inteligencia operacional - ELK - CIC Consulting Inform\u00e1tico","isPartOf":{"@id":"https:\/\/www.cic.es\/#website"},"primaryImageOfPage":{"@id":"https:\/\/www.cic.es\/en\/w6-operational-intelligence-elk\/#primaryimage"},"image":{"@id":"https:\/\/www.cic.es\/en\/w6-operational-intelligence-elk\/#primaryimage"},"thumbnailUrl":"https:\/\/www.cic.es\/wp-content\/uploads\/2018\/07\/elk-cic.png","datePublished":"2018-02-21T08:56:42+00:00","dateModified":"2023-04-28T10:16:43+00:00","description":"At CIC we offer several operational intelligence solutions, based on Elastic-ELK technology that allows you to take advantage of Big Data.","breadcrumb":{"@id":"https:\/\/www.cic.es\/en\/w6-operational-intelligence-elk\/#breadcrumb"},"inLanguage":"en-US","potentialAction":[{"@type":"ReadAction","target":["https:\/\/www.cic.es\/en\/w6-operational-intelligence-elk\/"]}]},{"@type":"ImageObject","inLanguage":"en-US","@id":"https:\/\/www.cic.es\/en\/w6-operational-intelligence-elk\/#primaryimage","url":"https:\/\/www.cic.es\/wp-content\/uploads\/2018\/07\/elk-cic.png","contentUrl":"https:\/\/www.cic.es\/wp-content\/uploads\/2018\/07\/elk-cic.png"},{"@type":"BreadcrumbList","@id":"https:\/\/www.cic.es\/en\/w6-operational-intelligence-elk\/#breadcrumb","itemListElement":[{"@type":"ListItem","position":1,"name":"CIC","item":"https:\/\/www.cic.es\/"},{"@type":"ListItem","position":2,"name":"W6 &#8211; Operational Intelligence &#8211; ELK"}]},{"@type":"WebSite","@id":"https:\/\/www.cic.es\/#website","url":"https:\/\/www.cic.es\/","name":"CIC Consulting Inform\u00e1tico","description":"Somos una consultor\u00eda de ingenier\u00eda de desarrollo y proyectos de inform\u00e1tica y comunicaciones","publisher":{"@id":"https:\/\/www.cic.es\/#organization"},"alternateName":"CIC Consulting Inform\u00e1tico","potentialAction":[{"@type":"SearchAction","target":{"@type":"EntryPoint","urlTemplate":"https:\/\/www.cic.es\/?s={search_term_string}"},"query-input":{"@type":"PropertyValueSpecification","valueRequired":true,"valueName":"search_term_string"}}],"inLanguage":"en-US"},{"@type":"Organization","@id":"https:\/\/www.cic.es\/#organization","name":"CIC Consulting Inform\u00e1tico","alternateName":"CIC Consulting Inform\u00e1tico","url":"https:\/\/www.cic.es\/","logo":{"@type":"ImageObject","inLanguage":"en-US","@id":"https:\/\/www.cic.es\/#\/schema\/logo\/image\/","url":"https:\/\/www.cic.es\/wp-content\/uploads\/2018\/04\/cic_color.png","contentUrl":"https:\/\/www.cic.es\/wp-content\/uploads\/2018\/04\/cic_color.png","width":300,"height":200,"caption":"CIC Consulting Inform\u00e1tico"},"image":{"@id":"https:\/\/www.cic.es\/#\/schema\/logo\/image\/"},"sameAs":["https:\/\/www.facebook.com\/CIC.Consulting\/","https:\/\/x.com\/CICactualidad","https:\/\/www.linkedin.com\/company\/2157627\/","https:\/\/www.pinterest.es\/cicconsultinginformatico\/","https:\/\/www.youtube.com\/user\/webmastercic"]}]}},"_links":{"self":[{"href":"https:\/\/www.cic.es\/en\/wp-json\/wp\/v2\/pages\/4318","targetHints":{"allow":["GET"]}}],"collection":[{"href":"https:\/\/www.cic.es\/en\/wp-json\/wp\/v2\/pages"}],"about":[{"href":"https:\/\/www.cic.es\/en\/wp-json\/wp\/v2\/types\/page"}],"author":[{"embeddable":true,"href":"https:\/\/www.cic.es\/en\/wp-json\/wp\/v2\/users\/1"}],"replies":[{"embeddable":true,"href":"https:\/\/www.cic.es\/en\/wp-json\/wp\/v2\/comments?post=4318"}],"version-history":[{"count":5,"href":"https:\/\/www.cic.es\/en\/wp-json\/wp\/v2\/pages\/4318\/revisions"}],"predecessor-version":[{"id":13359,"href":"https:\/\/www.cic.es\/en\/wp-json\/wp\/v2\/pages\/4318\/revisions\/13359"}],"wp:attachment":[{"href":"https:\/\/www.cic.es\/en\/wp-json\/wp\/v2\/media?parent=4318"}],"curies":[{"name":"wp","href":"https:\/\/api.w.org\/{rel}","templated":true}]}}