{"id":4315,"date":"2018-02-21T09:56:08","date_gmt":"2018-02-21T08:56:08","guid":{"rendered":"http:\/\/webcic-pre.cic.es\/fieldeas\/"},"modified":"2022-01-10T12:16:00","modified_gmt":"2022-01-10T11:16:00","slug":"fieldeas","status":"publish","type":"page","link":"https:\/\/www.cic.es\/en\/fieldeas\/","title":{"rendered":"FIELDEAS &#8211; Powerful, easy and flexible"},"content":{"rendered":"<h2><strong>Enterprise mobility solutions allow businesses that operate with field service workers to optimise their processes<\/strong><\/h2>\n<p><img loading=\"lazy\" decoding=\"async\" class=\"aligncenter wp-image-10721 size-full\" src=\"https:\/\/www.cic.es\/wp-content\/uploads\/2021\/10\/fieldeas.png\" alt=\"Fieldeas logotipo\" width=\"500\" height=\"333\"><\/p>\n<p>FIELDEAS offers solutions that allow to automate, control and manage processes of any field service worker, connecting him\/her to your company through a personal or professional mobile device, while offering a high level of security. All in real time and in the most efficient way for your business.<\/p>\n<p>Our Enterprise Mobility APP solutions impact your business in three areas, with a direct impact on your company\u00b4s bottom line:<\/p>\n<ul>\n<li>Increase field resources productivity<\/li>\n<li>Reduce time-consuming administrative activities related with field services<\/li>\n<li>Increase customer satisfaction<\/li>\n<\/ul>\n<h2><strong style=\"color: #23282d; font-size: 1.6em;\">Enterprise Mobility means more competitiveness, efficiency and productivity for your company<\/strong><\/h2>\n<p>Integrate, control, synchronise and supervise your processes on a single platform in real time.<\/p>\n<h3><strong>FIELDEAS is more than a field service management tool<\/strong><\/h3>\n<p>Through our platform, users (field workers) connect to your company providing management data related to processes, tasks and operations. In this way, coordination, geo-location, synchronization, tasks and supervision among others convert themselves into agile digital processes. The company\u00b4s governing board may visualise in real time all the provided information of field workers, assign tasks, correct deviations, anticipate possible risks. These are some of the advantages that FIELDEAS offers.<\/p>\n<p>With our Enterprise mobility solution you will save money and time, increasing customer and employee satisfaction.<\/p>\n<h3><strong>FIELDEAS is completely adaptable to any sector mobilising your company\u00b4s processes without making a huge investment<\/strong><\/h3>\n<p>The Digital transformation has changed operational processes and enterprise mobility, becoming a crucial factor for any business.<\/p>\n<p>No matter what sector you are in, FIELDEAS will show you a different and innovative way of processes management.<\/p>\n","protected":false},"excerpt":{"rendered":"<p>Enterprise mobility solutions allow businesses that operate with field service workers to optimise their processes FIELDEAS offers solutions that allow to automate, control and manage processes of any field service worker, connecting him\/her to your company through a personal or professional mobile device, while offering a high level of security&#8230;.<\/p>\n","protected":false},"author":1,"featured_media":0,"parent":0,"menu_order":0,"comment_status":"closed","ping_status":"closed","template":"page-templates\/page-productos.php","meta":{"_acf_changed":false,"footnotes":""},"class_list":["post-4315","page","type-page","status-publish","hentry"],"acf":[],"yoast_head":"<!-- This site is optimized with the Yoast SEO plugin v27.4 - https:\/\/yoast.com\/product\/yoast-seo-wordpress\/ -->\n<title>FIELDEAS - Powerful, easy and flexible CIC Consulting Inform\u00e1tico<\/title>\n<meta name=\"description\" content=\"Enterprise mobility solutions allow businesses that operate with field service workers to optimise their processes and achieve better performance.\" \/>\n<meta name=\"robots\" content=\"index, follow, max-snippet:-1, max-image-preview:large, max-video-preview:-1\" \/>\n<link rel=\"canonical\" href=\"https:\/\/www.cic.es\/en\/fieldeas\/\" \/>\n<meta property=\"og:locale\" content=\"en_US\" \/>\n<meta property=\"og:type\" content=\"article\" \/>\n<meta property=\"og:title\" content=\"FIELDEAS - Powerful, easy and flexible CIC Consulting Inform\u00e1tico\" \/>\n<meta property=\"og:description\" content=\"Enterprise mobility solutions allow businesses that operate with field service workers to optimise their processes and achieve better performance.\" \/>\n<meta property=\"og:url\" content=\"https:\/\/www.cic.es\/en\/fieldeas\/\" \/>\n<meta property=\"og:site_name\" content=\"CIC Consulting Inform\u00e1tico\" \/>\n<meta property=\"article:publisher\" content=\"https:\/\/www.facebook.com\/CIC.Consulting\/\" \/>\n<meta property=\"article:modified_time\" content=\"2022-01-10T11:16:00+00:00\" \/>\n<meta property=\"og:image\" content=\"https:\/\/www.cic.es\/wp-content\/uploads\/2021\/10\/fieldeas.png\" \/>\n<meta name=\"twitter:card\" content=\"summary_large_image\" \/>\n<meta name=\"twitter:site\" content=\"@CICactualidad\" \/>\n<meta name=\"twitter:label1\" content=\"Est. reading time\" \/>\n\t<meta name=\"twitter:data1\" content=\"2 minutes\" \/>\n<script type=\"application\/ld+json\" class=\"yoast-schema-graph\">{\"@context\":\"https:\\\/\\\/schema.org\",\"@graph\":[{\"@type\":\"WebPage\",\"@id\":\"https:\\\/\\\/www.cic.es\\\/en\\\/fieldeas\\\/\",\"url\":\"https:\\\/\\\/www.cic.es\\\/en\\\/fieldeas\\\/\",\"name\":\"FIELDEAS - Powerful, easy and flexible CIC Consulting Inform\u00e1tico\",\"isPartOf\":{\"@id\":\"https:\\\/\\\/www.cic.es\\\/#website\"},\"primaryImageOfPage\":{\"@id\":\"https:\\\/\\\/www.cic.es\\\/en\\\/fieldeas\\\/#primaryimage\"},\"image\":{\"@id\":\"https:\\\/\\\/www.cic.es\\\/en\\\/fieldeas\\\/#primaryimage\"},\"thumbnailUrl\":\"https:\\\/\\\/www.cic.es\\\/wp-content\\\/uploads\\\/2021\\\/10\\\/fieldeas.png\",\"datePublished\":\"2018-02-21T08:56:08+00:00\",\"dateModified\":\"2022-01-10T11:16:00+00:00\",\"description\":\"Enterprise mobility solutions allow businesses that operate with field service workers to optimise their processes and achieve better performance.\",\"breadcrumb\":{\"@id\":\"https:\\\/\\\/www.cic.es\\\/en\\\/fieldeas\\\/#breadcrumb\"},\"inLanguage\":\"en-US\",\"potentialAction\":[{\"@type\":\"ReadAction\",\"target\":[\"https:\\\/\\\/www.cic.es\\\/en\\\/fieldeas\\\/\"]}]},{\"@type\":\"ImageObject\",\"inLanguage\":\"en-US\",\"@id\":\"https:\\\/\\\/www.cic.es\\\/en\\\/fieldeas\\\/#primaryimage\",\"url\":\"https:\\\/\\\/www.cic.es\\\/wp-content\\\/uploads\\\/2021\\\/10\\\/fieldeas.png\",\"contentUrl\":\"https:\\\/\\\/www.cic.es\\\/wp-content\\\/uploads\\\/2021\\\/10\\\/fieldeas.png\"},{\"@type\":\"BreadcrumbList\",\"@id\":\"https:\\\/\\\/www.cic.es\\\/en\\\/fieldeas\\\/#breadcrumb\",\"itemListElement\":[{\"@type\":\"ListItem\",\"position\":1,\"name\":\"CIC\",\"item\":\"https:\\\/\\\/www.cic.es\\\/\"},{\"@type\":\"ListItem\",\"position\":2,\"name\":\"FIELDEAS &#8211; Powerful, easy and flexible\"}]},{\"@type\":\"WebSite\",\"@id\":\"https:\\\/\\\/www.cic.es\\\/#website\",\"url\":\"https:\\\/\\\/www.cic.es\\\/\",\"name\":\"CIC Consulting Inform\u00e1tico\",\"description\":\"Somos una consultor\u00eda de ingenier\u00eda de desarrollo y proyectos de inform\u00e1tica y comunicaciones\",\"publisher\":{\"@id\":\"https:\\\/\\\/www.cic.es\\\/#organization\"},\"alternateName\":\"CIC Consulting Inform\u00e1tico\",\"potentialAction\":[{\"@type\":\"SearchAction\",\"target\":{\"@type\":\"EntryPoint\",\"urlTemplate\":\"https:\\\/\\\/www.cic.es\\\/?s={search_term_string}\"},\"query-input\":{\"@type\":\"PropertyValueSpecification\",\"valueRequired\":true,\"valueName\":\"search_term_string\"}}],\"inLanguage\":\"en-US\"},{\"@type\":\"Organization\",\"@id\":\"https:\\\/\\\/www.cic.es\\\/#organization\",\"name\":\"CIC Consulting Inform\u00e1tico\",\"alternateName\":\"CIC Consulting Inform\u00e1tico\",\"url\":\"https:\\\/\\\/www.cic.es\\\/\",\"logo\":{\"@type\":\"ImageObject\",\"inLanguage\":\"en-US\",\"@id\":\"https:\\\/\\\/www.cic.es\\\/#\\\/schema\\\/logo\\\/image\\\/\",\"url\":\"https:\\\/\\\/www.cic.es\\\/wp-content\\\/uploads\\\/2018\\\/04\\\/cic_color.png\",\"contentUrl\":\"https:\\\/\\\/www.cic.es\\\/wp-content\\\/uploads\\\/2018\\\/04\\\/cic_color.png\",\"width\":300,\"height\":200,\"caption\":\"CIC Consulting Inform\u00e1tico\"},\"image\":{\"@id\":\"https:\\\/\\\/www.cic.es\\\/#\\\/schema\\\/logo\\\/image\\\/\"},\"sameAs\":[\"https:\\\/\\\/www.facebook.com\\\/CIC.Consulting\\\/\",\"https:\\\/\\\/x.com\\\/CICactualidad\",\"https:\\\/\\\/www.linkedin.com\\\/company\\\/2157627\\\/\",\"https:\\\/\\\/www.pinterest.es\\\/cicconsultinginformatico\\\/\",\"https:\\\/\\\/www.youtube.com\\\/user\\\/webmastercic\"]}]}<\/script>\n<!-- \/ Yoast SEO plugin. -->","yoast_head_json":{"title":"FIELDEAS - Powerful, easy and flexible CIC Consulting Inform\u00e1tico","description":"Enterprise mobility solutions allow businesses that operate with field service workers to optimise their processes and achieve better performance.","robots":{"index":"index","follow":"follow","max-snippet":"max-snippet:-1","max-image-preview":"max-image-preview:large","max-video-preview":"max-video-preview:-1"},"canonical":"https:\/\/www.cic.es\/en\/fieldeas\/","og_locale":"en_US","og_type":"article","og_title":"FIELDEAS - Powerful, easy and flexible CIC Consulting Inform\u00e1tico","og_description":"Enterprise mobility solutions allow businesses that operate with field service workers to optimise their processes and achieve better performance.","og_url":"https:\/\/www.cic.es\/en\/fieldeas\/","og_site_name":"CIC Consulting Inform\u00e1tico","article_publisher":"https:\/\/www.facebook.com\/CIC.Consulting\/","article_modified_time":"2022-01-10T11:16:00+00:00","og_image":[{"url":"https:\/\/www.cic.es\/wp-content\/uploads\/2021\/10\/fieldeas.png","type":"","width":"","height":""}],"twitter_card":"summary_large_image","twitter_site":"@CICactualidad","twitter_misc":{"Est. reading time":"2 minutes"},"schema":{"@context":"https:\/\/schema.org","@graph":[{"@type":"WebPage","@id":"https:\/\/www.cic.es\/en\/fieldeas\/","url":"https:\/\/www.cic.es\/en\/fieldeas\/","name":"FIELDEAS - Powerful, easy and flexible CIC Consulting Inform\u00e1tico","isPartOf":{"@id":"https:\/\/www.cic.es\/#website"},"primaryImageOfPage":{"@id":"https:\/\/www.cic.es\/en\/fieldeas\/#primaryimage"},"image":{"@id":"https:\/\/www.cic.es\/en\/fieldeas\/#primaryimage"},"thumbnailUrl":"https:\/\/www.cic.es\/wp-content\/uploads\/2021\/10\/fieldeas.png","datePublished":"2018-02-21T08:56:08+00:00","dateModified":"2022-01-10T11:16:00+00:00","description":"Enterprise mobility solutions allow businesses that operate with field service workers to optimise their processes and achieve better performance.","breadcrumb":{"@id":"https:\/\/www.cic.es\/en\/fieldeas\/#breadcrumb"},"inLanguage":"en-US","potentialAction":[{"@type":"ReadAction","target":["https:\/\/www.cic.es\/en\/fieldeas\/"]}]},{"@type":"ImageObject","inLanguage":"en-US","@id":"https:\/\/www.cic.es\/en\/fieldeas\/#primaryimage","url":"https:\/\/www.cic.es\/wp-content\/uploads\/2021\/10\/fieldeas.png","contentUrl":"https:\/\/www.cic.es\/wp-content\/uploads\/2021\/10\/fieldeas.png"},{"@type":"BreadcrumbList","@id":"https:\/\/www.cic.es\/en\/fieldeas\/#breadcrumb","itemListElement":[{"@type":"ListItem","position":1,"name":"CIC","item":"https:\/\/www.cic.es\/"},{"@type":"ListItem","position":2,"name":"FIELDEAS &#8211; Powerful, easy and flexible"}]},{"@type":"WebSite","@id":"https:\/\/www.cic.es\/#website","url":"https:\/\/www.cic.es\/","name":"CIC Consulting Inform\u00e1tico","description":"Somos una consultor\u00eda de ingenier\u00eda de desarrollo y proyectos de inform\u00e1tica y comunicaciones","publisher":{"@id":"https:\/\/www.cic.es\/#organization"},"alternateName":"CIC Consulting Inform\u00e1tico","potentialAction":[{"@type":"SearchAction","target":{"@type":"EntryPoint","urlTemplate":"https:\/\/www.cic.es\/?s={search_term_string}"},"query-input":{"@type":"PropertyValueSpecification","valueRequired":true,"valueName":"search_term_string"}}],"inLanguage":"en-US"},{"@type":"Organization","@id":"https:\/\/www.cic.es\/#organization","name":"CIC Consulting Inform\u00e1tico","alternateName":"CIC Consulting Inform\u00e1tico","url":"https:\/\/www.cic.es\/","logo":{"@type":"ImageObject","inLanguage":"en-US","@id":"https:\/\/www.cic.es\/#\/schema\/logo\/image\/","url":"https:\/\/www.cic.es\/wp-content\/uploads\/2018\/04\/cic_color.png","contentUrl":"https:\/\/www.cic.es\/wp-content\/uploads\/2018\/04\/cic_color.png","width":300,"height":200,"caption":"CIC Consulting Inform\u00e1tico"},"image":{"@id":"https:\/\/www.cic.es\/#\/schema\/logo\/image\/"},"sameAs":["https:\/\/www.facebook.com\/CIC.Consulting\/","https:\/\/x.com\/CICactualidad","https:\/\/www.linkedin.com\/company\/2157627\/","https:\/\/www.pinterest.es\/cicconsultinginformatico\/","https:\/\/www.youtube.com\/user\/webmastercic"]}]}},"_links":{"self":[{"href":"https:\/\/www.cic.es\/en\/wp-json\/wp\/v2\/pages\/4315","targetHints":{"allow":["GET"]}}],"collection":[{"href":"https:\/\/www.cic.es\/en\/wp-json\/wp\/v2\/pages"}],"about":[{"href":"https:\/\/www.cic.es\/en\/wp-json\/wp\/v2\/types\/page"}],"author":[{"embeddable":true,"href":"https:\/\/www.cic.es\/en\/wp-json\/wp\/v2\/users\/1"}],"replies":[{"embeddable":true,"href":"https:\/\/www.cic.es\/en\/wp-json\/wp\/v2\/comments?post=4315"}],"version-history":[{"count":5,"href":"https:\/\/www.cic.es\/en\/wp-json\/wp\/v2\/pages\/4315\/revisions"}],"predecessor-version":[{"id":11196,"href":"https:\/\/www.cic.es\/en\/wp-json\/wp\/v2\/pages\/4315\/revisions\/11196"}],"wp:attachment":[{"href":"https:\/\/www.cic.es\/en\/wp-json\/wp\/v2\/media?parent=4315"}],"curies":[{"name":"wp","href":"https:\/\/api.w.org\/{rel}","templated":true}]}}