{"id":4314,"date":"2018-02-21T09:55:59","date_gmt":"2018-02-21T08:55:59","guid":{"rendered":"http:\/\/webcic-pre.cic.es\/idbox-rt\/"},"modified":"2025-05-22T14:52:19","modified_gmt":"2025-05-22T13:52:19","slug":"idbox-rt","status":"publish","type":"page","link":"https:\/\/www.cic.es\/en\/idbox-rt\/","title":{"rendered":"IDboxRT &#8211; Operational Intelligence"},"content":{"rendered":"\n<h2 class=\"wp-block-heading\"><strong>IDboxRT is an Operational intelligence real-time dynamic solution for the supervision and control of industrial, power and smart processes. This solution is based on Business Intelligence and Big Data technologies aimed at integrating, processing and analysing massive volumes of data in real time.<\/strong><\/h2>\n\n\n\n<div class=\"wp-block-image\"><figure class=\"aligncenter size-full\"><img loading=\"lazy\" decoding=\"async\" width=\"500\" height=\"333\" src=\"https:\/\/www.cic.es\/wp-content\/uploads\/2021\/01\/idbox.png\" alt=\"\" class=\"wp-image-8780\"\/><\/figure><\/div>\n\n\n\n<p>Many companies monitor data that comes from different sources and have different formats, in consequence, it is difficult to have a detailed and unified view of plant, equipment or processes.<\/p>\n\n\n\n<p>IDboxRT allows you to collect data from different sources. IDboxRT processes data according to the parameters previously defined by the user and enables you to analyse all the available information in easiest and fastest way.<\/p>\n\n\n\n<p>IDboxRT is software based on Business Intelligence that integrates, processes and analyses large amounts of data in the real time. This solution provides valuable and useful information from any place, on any device, optimising control, facilitating monitoring and the decision-making processes.<\/p>\n\n\n\n<h3 class=\"wp-block-heading\"><strong>Discover IDboxRT, the powerful platform for monitoring and data analysis<\/strong><\/h3>\n\n\n\n<p>IDboxRT is software that offers control and supervision of productive and operational processes, providing excellent support in the decision-making process. Through features such as trends, comparisons, dashboards, alarms, reports, prediction systems, correlation analysis, patterns detection and machine learning among others, IDboxRT represents a powerful real-time monitoring and control tool for any business.<\/p>\n\n\n\n<div class=\"video-modal\"><button class=\"js-video-button\" data-video-id=\"DYFq1VlSN7w\"><br><img decoding=\"async\" src=\"https:\/\/www.cic.es\/wp-content\/uploads\/2022\/01\/video-idbox-30.png\"><br><\/button><\/div>\n\n\n\n<h2 class=\"wp-block-heading\"><strong>Get more out of your business controlling and monitoring in real time all your data and processes.<\/strong><\/h2>\n\n\n\n<h3 class=\"wp-block-heading\">Data Integration<\/h3>\n\n\n\n<p>The main purpose of IDboxRT is to integrate all available information that may come from sensors, PLCs, SCADAs and other data acquisition systems, as well as, physical devices and management systems. Furthermore, there are many connection possibilities thanks to our large connectors list available on the <a href=\"https:\/\/idboxrt.com\/en\/\">IDboxRT website<\/a><u>. <\/u><\/p>\n\n\n\n<h3 class=\"wp-block-heading\">Data processing<\/h3>\n\n\n\n<p>IDboxRT processes all collected data following a user\u00b4s pre-defined rules, adapting to any specific business model this way. The user has absolute control over necessary data, how to visualise it, and how many times to do it, among others parameters.<\/p>\n\n\n\n<h3 class=\"wp-block-heading\">Data Analysis<\/h3>\n\n\n\n<p>The web interface of IDboxRT allows users to analyse all the collected and processed information by means of tools such as charts, reports, correlation analysis, GIS maps, HMI dynamic graphs and KPI dashboards among others. As a result, IDboxRT allows you to take complete control of your data and monitor your processes, improving the efficiency, productivity and decision making processes.<\/p>\n\n\n\n<p>IDboxRT allows you to bring together all the information on a single platform.<\/p>\n\n\n\n<h2 class=\"wp-block-heading\"><strong>Supervisory and control software that works successfully in different industries worldwide <\/strong><\/h2>\n\n\n\n<p>IDboxRT is the best solution to achieve operational excellence. IDboxRT is a consolidated tool in national and international markets thus far. The origin of the software was to cover monitoring needs of a critical industry such as the nuclear industry. Nowadays, the tool is completely adapted to new technologies such as IoT and industrial internet among others, offering monitoring solutions in the following sectors:<\/p>\n\n\n\n<ul class=\"wp-block-list\"><li><a href=\"https:\/\/www.cic.es\/en\/energy-and-utilities\/\" target=\"_blank\" rel=\"noreferrer noopener\">Energy &amp; Utilities<\/a>: Digital transformation of Energy and Utilities has become a reality. The purpose of IDboxRT is to help companies achieve their goals. Our software allows data integration, data distribution improvement, minimise costs, generate a sustainable business model, increase efficiency and productivity by means of data integration, data processing and data analysis.<\/li><li><a href=\"https:\/\/www.cic.es\/en\/energy-and-utilities\/oil-and-gas\/\" target=\"_blank\" rel=\"noreferrer noopener\">Oil &amp; Gas<\/a>: the oil&amp;gas industry worldwide is transitioning to a technological transformation. Our tool helps companies achieve their goals with high security and quality levels. Our system is leader in the market of information and control technologies. IDboxRT is scalable in real time and it uses in all production processes of the oil and gas industry, from exploration to consumption.<\/li><li><a href=\"https:\/\/www.cic.es\/en\/energy-and-utilities\/water-and-wastewater\/\" target=\"_blank\" rel=\"noreferrer noopener\">Water and wastewater<\/a>: IDboxRT helps achieve intelligent water management, as well as safe water and improve the distribution network, transforming the traditional water network into a smart water network . Our solution allows you to improve the performance of wastewater treatment systems, detect leaks, reduce water consumption, as well as getting better control of the water infrastructure, assets and processes.<\/li><li><a href=\"https:\/\/www.cic.es\/en\/industry\/\" target=\"_blank\" rel=\"noreferrer noopener\">Industry 4.0.<\/a> : the fourth industrial revolution requires data integration, analytics capabilities, collaborative work, processes automation, predictive maintenance and artificial intelligence AI among others. IDboxRT allows consumption energy monitoring, commercial calculating, machinery operations and production line monitoring, IT systems monitoring, OEE Overall Equipment Effectiveness and Drill Down among others. Our software is highly adaptable and offers many advantages to Industry 4.0.<\/li><li><a href=\"https:\/\/www.cic.es\/en\/infrastructures\/\" target=\"_blank\" rel=\"noreferrer noopener\">Infrastructures:<\/a> Data Integration and analysis transform the way of infrastructures are managed, bettering and simplifying them, whilst the company can focus all efforts on its core activity. IDboxRT helps obtain all the necessary information and access it easily and quickly, both in real time, allowing companies to focus on sustainability and efficiency. Remote diagnostic capability and predictive maintenance maximise infrastructure assets use.<\/li><\/ul>\n","protected":false},"excerpt":{"rendered":"<p>IDboxRT is an Operational intelligence real-time dynamic solution for the supervision and control of industrial, power and smart processes. This solution is based on Business Intelligence and Big Data technologies aimed at integrating, processing and analysing massive volumes of data in real time. Many companies monitor data that comes from&#8230;<\/p>\n","protected":false},"author":1,"featured_media":0,"parent":0,"menu_order":0,"comment_status":"closed","ping_status":"closed","template":"page-templates\/page-productos.php","meta":{"_acf_changed":false,"footnotes":""},"class_list":["post-4314","page","type-page","status-publish","hentry"],"acf":[],"yoast_head":"<!-- This site is optimized with the Yoast SEO plugin v27.4 - https:\/\/yoast.com\/product\/yoast-seo-wordpress\/ -->\n<title>IDboxRT, Operational intelligence<\/title>\n<meta name=\"description\" content=\"IDboxRT is an Operational intelligence real-time dynamic solution for the supervision and control of industrial, power and smart processes.\" \/>\n<meta name=\"robots\" content=\"index, follow, max-snippet:-1, max-image-preview:large, max-video-preview:-1\" \/>\n<link rel=\"canonical\" href=\"https:\/\/www.cic.es\/en\/idbox-rt\/\" \/>\n<meta property=\"og:locale\" content=\"en_US\" \/>\n<meta property=\"og:type\" content=\"article\" \/>\n<meta property=\"og:title\" content=\"IDboxRT, Operational intelligence\" \/>\n<meta property=\"og:description\" content=\"IDboxRT is an Operational intelligence real-time dynamic solution for the supervision and control of industrial, power and smart processes.\" \/>\n<meta property=\"og:url\" content=\"https:\/\/www.cic.es\/en\/idbox-rt\/\" \/>\n<meta property=\"og:site_name\" content=\"CIC Consulting Inform\u00e1tico\" \/>\n<meta property=\"article:publisher\" content=\"https:\/\/www.facebook.com\/CIC.Consulting\/\" \/>\n<meta property=\"article:modified_time\" content=\"2025-05-22T13:52:19+00:00\" \/>\n<meta property=\"og:image\" content=\"https:\/\/www.cic.es\/wp-content\/uploads\/2021\/01\/idbox.png\" \/>\n\t<meta property=\"og:image:width\" content=\"500\" \/>\n\t<meta property=\"og:image:height\" content=\"333\" \/>\n\t<meta property=\"og:image:type\" content=\"image\/png\" \/>\n<meta name=\"twitter:card\" content=\"summary_large_image\" \/>\n<meta name=\"twitter:site\" content=\"@CICactualidad\" \/>\n<meta name=\"twitter:label1\" content=\"Est. reading time\" \/>\n\t<meta name=\"twitter:data1\" content=\"4 minutes\" \/>\n<script type=\"application\/ld+json\" class=\"yoast-schema-graph\">{\"@context\":\"https:\\\/\\\/schema.org\",\"@graph\":[{\"@type\":\"WebPage\",\"@id\":\"https:\\\/\\\/www.cic.es\\\/en\\\/idbox-rt\\\/\",\"url\":\"https:\\\/\\\/www.cic.es\\\/en\\\/idbox-rt\\\/\",\"name\":\"IDboxRT, Operational intelligence\",\"isPartOf\":{\"@id\":\"https:\\\/\\\/www.cic.es\\\/#website\"},\"primaryImageOfPage\":{\"@id\":\"https:\\\/\\\/www.cic.es\\\/en\\\/idbox-rt\\\/#primaryimage\"},\"image\":{\"@id\":\"https:\\\/\\\/www.cic.es\\\/en\\\/idbox-rt\\\/#primaryimage\"},\"thumbnailUrl\":\"https:\\\/\\\/www.cic.es\\\/wp-content\\\/uploads\\\/2021\\\/01\\\/idbox.png\",\"datePublished\":\"2018-02-21T08:55:59+00:00\",\"dateModified\":\"2025-05-22T13:52:19+00:00\",\"description\":\"IDboxRT is an Operational intelligence real-time dynamic solution for the supervision and control of industrial, power and smart processes.\",\"breadcrumb\":{\"@id\":\"https:\\\/\\\/www.cic.es\\\/en\\\/idbox-rt\\\/#breadcrumb\"},\"inLanguage\":\"en-US\",\"potentialAction\":[{\"@type\":\"ReadAction\",\"target\":[\"https:\\\/\\\/www.cic.es\\\/en\\\/idbox-rt\\\/\"]}]},{\"@type\":\"ImageObject\",\"inLanguage\":\"en-US\",\"@id\":\"https:\\\/\\\/www.cic.es\\\/en\\\/idbox-rt\\\/#primaryimage\",\"url\":\"https:\\\/\\\/www.cic.es\\\/wp-content\\\/uploads\\\/2021\\\/01\\\/idbox.png\",\"contentUrl\":\"https:\\\/\\\/www.cic.es\\\/wp-content\\\/uploads\\\/2021\\\/01\\\/idbox.png\"},{\"@type\":\"BreadcrumbList\",\"@id\":\"https:\\\/\\\/www.cic.es\\\/en\\\/idbox-rt\\\/#breadcrumb\",\"itemListElement\":[{\"@type\":\"ListItem\",\"position\":1,\"name\":\"CIC\",\"item\":\"https:\\\/\\\/www.cic.es\\\/\"},{\"@type\":\"ListItem\",\"position\":2,\"name\":\"IDboxRT &#8211; Operational Intelligence\"}]},{\"@type\":\"WebSite\",\"@id\":\"https:\\\/\\\/www.cic.es\\\/#website\",\"url\":\"https:\\\/\\\/www.cic.es\\\/\",\"name\":\"CIC Consulting Inform\u00e1tico\",\"description\":\"Somos una consultor\u00eda de ingenier\u00eda de desarrollo y proyectos de inform\u00e1tica y comunicaciones\",\"publisher\":{\"@id\":\"https:\\\/\\\/www.cic.es\\\/#organization\"},\"alternateName\":\"CIC Consulting Inform\u00e1tico\",\"potentialAction\":[{\"@type\":\"SearchAction\",\"target\":{\"@type\":\"EntryPoint\",\"urlTemplate\":\"https:\\\/\\\/www.cic.es\\\/?s={search_term_string}\"},\"query-input\":{\"@type\":\"PropertyValueSpecification\",\"valueRequired\":true,\"valueName\":\"search_term_string\"}}],\"inLanguage\":\"en-US\"},{\"@type\":\"Organization\",\"@id\":\"https:\\\/\\\/www.cic.es\\\/#organization\",\"name\":\"CIC Consulting Inform\u00e1tico\",\"alternateName\":\"CIC Consulting Inform\u00e1tico\",\"url\":\"https:\\\/\\\/www.cic.es\\\/\",\"logo\":{\"@type\":\"ImageObject\",\"inLanguage\":\"en-US\",\"@id\":\"https:\\\/\\\/www.cic.es\\\/#\\\/schema\\\/logo\\\/image\\\/\",\"url\":\"https:\\\/\\\/www.cic.es\\\/wp-content\\\/uploads\\\/2018\\\/04\\\/cic_color.png\",\"contentUrl\":\"https:\\\/\\\/www.cic.es\\\/wp-content\\\/uploads\\\/2018\\\/04\\\/cic_color.png\",\"width\":300,\"height\":200,\"caption\":\"CIC Consulting Inform\u00e1tico\"},\"image\":{\"@id\":\"https:\\\/\\\/www.cic.es\\\/#\\\/schema\\\/logo\\\/image\\\/\"},\"sameAs\":[\"https:\\\/\\\/www.facebook.com\\\/CIC.Consulting\\\/\",\"https:\\\/\\\/x.com\\\/CICactualidad\",\"https:\\\/\\\/www.linkedin.com\\\/company\\\/2157627\\\/\",\"https:\\\/\\\/www.pinterest.es\\\/cicconsultinginformatico\\\/\",\"https:\\\/\\\/www.youtube.com\\\/user\\\/webmastercic\"]}]}<\/script>\n<!-- \/ Yoast SEO plugin. -->","yoast_head_json":{"title":"IDboxRT, Operational intelligence","description":"IDboxRT is an Operational intelligence real-time dynamic solution for the supervision and control of industrial, power and smart processes.","robots":{"index":"index","follow":"follow","max-snippet":"max-snippet:-1","max-image-preview":"max-image-preview:large","max-video-preview":"max-video-preview:-1"},"canonical":"https:\/\/www.cic.es\/en\/idbox-rt\/","og_locale":"en_US","og_type":"article","og_title":"IDboxRT, Operational intelligence","og_description":"IDboxRT is an Operational intelligence real-time dynamic solution for the supervision and control of industrial, power and smart processes.","og_url":"https:\/\/www.cic.es\/en\/idbox-rt\/","og_site_name":"CIC Consulting Inform\u00e1tico","article_publisher":"https:\/\/www.facebook.com\/CIC.Consulting\/","article_modified_time":"2025-05-22T13:52:19+00:00","og_image":[{"width":500,"height":333,"url":"https:\/\/www.cic.es\/wp-content\/uploads\/2021\/01\/idbox.png","type":"image\/png"}],"twitter_card":"summary_large_image","twitter_site":"@CICactualidad","twitter_misc":{"Est. reading time":"4 minutes"},"schema":{"@context":"https:\/\/schema.org","@graph":[{"@type":"WebPage","@id":"https:\/\/www.cic.es\/en\/idbox-rt\/","url":"https:\/\/www.cic.es\/en\/idbox-rt\/","name":"IDboxRT, Operational intelligence","isPartOf":{"@id":"https:\/\/www.cic.es\/#website"},"primaryImageOfPage":{"@id":"https:\/\/www.cic.es\/en\/idbox-rt\/#primaryimage"},"image":{"@id":"https:\/\/www.cic.es\/en\/idbox-rt\/#primaryimage"},"thumbnailUrl":"https:\/\/www.cic.es\/wp-content\/uploads\/2021\/01\/idbox.png","datePublished":"2018-02-21T08:55:59+00:00","dateModified":"2025-05-22T13:52:19+00:00","description":"IDboxRT is an Operational intelligence real-time dynamic solution for the supervision and control of industrial, power and smart processes.","breadcrumb":{"@id":"https:\/\/www.cic.es\/en\/idbox-rt\/#breadcrumb"},"inLanguage":"en-US","potentialAction":[{"@type":"ReadAction","target":["https:\/\/www.cic.es\/en\/idbox-rt\/"]}]},{"@type":"ImageObject","inLanguage":"en-US","@id":"https:\/\/www.cic.es\/en\/idbox-rt\/#primaryimage","url":"https:\/\/www.cic.es\/wp-content\/uploads\/2021\/01\/idbox.png","contentUrl":"https:\/\/www.cic.es\/wp-content\/uploads\/2021\/01\/idbox.png"},{"@type":"BreadcrumbList","@id":"https:\/\/www.cic.es\/en\/idbox-rt\/#breadcrumb","itemListElement":[{"@type":"ListItem","position":1,"name":"CIC","item":"https:\/\/www.cic.es\/"},{"@type":"ListItem","position":2,"name":"IDboxRT &#8211; Operational Intelligence"}]},{"@type":"WebSite","@id":"https:\/\/www.cic.es\/#website","url":"https:\/\/www.cic.es\/","name":"CIC Consulting Inform\u00e1tico","description":"Somos una consultor\u00eda de ingenier\u00eda de desarrollo y proyectos de inform\u00e1tica y comunicaciones","publisher":{"@id":"https:\/\/www.cic.es\/#organization"},"alternateName":"CIC Consulting Inform\u00e1tico","potentialAction":[{"@type":"SearchAction","target":{"@type":"EntryPoint","urlTemplate":"https:\/\/www.cic.es\/?s={search_term_string}"},"query-input":{"@type":"PropertyValueSpecification","valueRequired":true,"valueName":"search_term_string"}}],"inLanguage":"en-US"},{"@type":"Organization","@id":"https:\/\/www.cic.es\/#organization","name":"CIC Consulting Inform\u00e1tico","alternateName":"CIC Consulting Inform\u00e1tico","url":"https:\/\/www.cic.es\/","logo":{"@type":"ImageObject","inLanguage":"en-US","@id":"https:\/\/www.cic.es\/#\/schema\/logo\/image\/","url":"https:\/\/www.cic.es\/wp-content\/uploads\/2018\/04\/cic_color.png","contentUrl":"https:\/\/www.cic.es\/wp-content\/uploads\/2018\/04\/cic_color.png","width":300,"height":200,"caption":"CIC Consulting Inform\u00e1tico"},"image":{"@id":"https:\/\/www.cic.es\/#\/schema\/logo\/image\/"},"sameAs":["https:\/\/www.facebook.com\/CIC.Consulting\/","https:\/\/x.com\/CICactualidad","https:\/\/www.linkedin.com\/company\/2157627\/","https:\/\/www.pinterest.es\/cicconsultinginformatico\/","https:\/\/www.youtube.com\/user\/webmastercic"]}]}},"_links":{"self":[{"href":"https:\/\/www.cic.es\/en\/wp-json\/wp\/v2\/pages\/4314","targetHints":{"allow":["GET"]}}],"collection":[{"href":"https:\/\/www.cic.es\/en\/wp-json\/wp\/v2\/pages"}],"about":[{"href":"https:\/\/www.cic.es\/en\/wp-json\/wp\/v2\/types\/page"}],"author":[{"embeddable":true,"href":"https:\/\/www.cic.es\/en\/wp-json\/wp\/v2\/users\/1"}],"replies":[{"embeddable":true,"href":"https:\/\/www.cic.es\/en\/wp-json\/wp\/v2\/comments?post=4314"}],"version-history":[{"count":11,"href":"https:\/\/www.cic.es\/en\/wp-json\/wp\/v2\/pages\/4314\/revisions"}],"predecessor-version":[{"id":13306,"href":"https:\/\/www.cic.es\/en\/wp-json\/wp\/v2\/pages\/4314\/revisions\/13306"}],"wp:attachment":[{"href":"https:\/\/www.cic.es\/en\/wp-json\/wp\/v2\/media?parent=4314"}],"curies":[{"name":"wp","href":"https:\/\/api.w.org\/{rel}","templated":true}]}}