{"id":4292,"date":"2018-09-05T15:25:43","date_gmt":"2018-09-05T14:25:43","guid":{"rendered":"http:\/\/webcic-pre.cic.es\/internet-de-las-cosas-iot\/"},"modified":"2021-07-30T10:38:47","modified_gmt":"2021-07-30T09:38:47","slug":"internet-of-things-iot","status":"publish","type":"page","link":"https:\/\/www.cic.es\/en\/internet-of-things-iot\/","title":{"rendered":"Internet of Things (IoT)"},"content":{"rendered":"<p>The internet of things, whose acronym is IoT, basically comes to mean the evolution of the internet. The basic premise is that any electronic device can be hooked up to the internet. At CIC we connect things transforming your world.<\/p>\n<p>Imagine a universe of products, processes and intelligent services that communicate amongst themselves and with people by way of the internet.<\/p>\n<p><strong>From smartphones to smart meters to technological devices and sensors<\/strong>. All the above collect data, create efficiencies and reduce waste for both consumers and businesses. The internet of things will transform businesses and the world, opening a new era for economic development and competition.<\/p>\n<p>In the end, <strong>IoT is a concept in which everyday objects, from industrial machines to portable devices, that use incorporated sensors to collect data and take measures regarding that data on a network.<\/strong><\/p>\n<p>IoT is, for example, a <a href=\"https:\/\/www.cic.es\/en\/infrastructures\/\">building that uses sensors<\/a> to adjust the heating or the lighting automatically or when the maintenance people get alerts of a problem in real time.<\/p>\n<blockquote><p>The internet of things is the future of technology that will make our lives more efficient.<\/p><\/blockquote>\n<h2><strong>Why is the internet of things so important?<\/strong><\/h2>\n<p>You\u00b4d be surprised how many things are connected to the internet and how much money can be made by the flow of data. Here are a few examples that the IoT can have for business:<\/p>\n<ul>\n<li>Provides information and practical measures from the data.<\/li>\n<li>Processes and transmits information in real time.<\/li>\n<li>Supplies information to citizens through intelligent apps.<\/li>\n<li><strong>Intelligent electrical networks<\/strong> connect more efficiently to renewable sources, improve the system\u00b4s reliability and invoice clients based on their consumption.<\/li>\n<li><strong>The machine\u00b4s monitoring sensors<\/strong> provide a diagnosis and predict possible maintenance problems, parts shortages and can even programme your staff\u00b4s tasks.<\/li>\n<li><strong>Systems based on data of \u201csmart cities\u201d infrastructures <\/strong>that lead to more efficient waste management.<\/li>\n<li><strong>Intelligent transport solutions <\/strong>make traffic flow fluidly, reduce fuel consumption and prioritise auto repair programs.<\/li>\n<\/ul>\n<p><strong>CIC works on the IoT value chain, <\/strong>that goes from the definition of a business model (integration of sensors, prevention case studies, etc.\u2026) to knowing specific infrastructure details, technologies and IoT.<\/p>\n<h3><strong>Who is using IoT?<\/strong><\/h3>\n<ul>\n<li><strong>Manufacturing: <\/strong>this is one of the area that can benefit most from IoT. Integrated data collection sensors in machinery or on the shelves of a warehouse can communicate problems or track goods in real time, which makes it easier and more efficient to work and reduces costs.<\/li>\n<li><strong>Telecommunications:<\/strong> IoT will have a significant impact on the telecommunication\u00b4s industry, since it will save the data IoT will use. Smart phones and other personal devices must maintain a safe and secure internet connection so that IoT works effectively.<\/li>\n<li><strong>Automotive: <\/strong>from predictive maintenance to multimodal transport and enterprise mobility services, Internet of Things provides valuable services to the sector combining data analysis of the IoT. The IoT also affects transport on a larger scale: delivery companies can track their fleet using GPS solutions. Also roads can be monitored through sensors to keep them as safe as possible.<\/li>\n<li><strong>Utilities: <\/strong>smart meters not only collect data in an automatic way, they allow for the application of analysis by streamlining and managing energy usage. In the same way, wind turbine sensors can track data and use predictive models to programme inactive time, with the goal of achieving energy efficiency.<\/li>\n<\/ul>\n","protected":false},"excerpt":{"rendered":"<p>The internet of things, whose acronym is IoT, basically comes to mean the evolution of the internet. The basic premise is that any electronic device can be hooked up to the internet. At CIC we connect things transforming your world. Imagine a universe of products, processes and intelligent services that&#8230;<\/p>\n","protected":false},"author":1,"featured_media":4085,"parent":0,"menu_order":0,"comment_status":"closed","ping_status":"closed","template":"page-templates\/page-tecnologias.php","meta":{"_acf_changed":false,"footnotes":""},"class_list":["post-4292","page","type-page","status-publish","has-post-thumbnail","hentry"],"acf":[],"yoast_head":"<!-- This site is optimized with the Yoast SEO plugin v27.4 - https:\/\/yoast.com\/product\/yoast-seo-wordpress\/ -->\n<title>Internet of Things (IoT) - CIC Consulting Inform\u00e1tico<\/title>\n<meta name=\"description\" content=\"The basic premise is that any electronic device can be hooked up to the internet. At CIC we connect things transforming your world.\" \/>\n<meta name=\"robots\" content=\"index, follow, max-snippet:-1, max-image-preview:large, max-video-preview:-1\" \/>\n<link rel=\"canonical\" href=\"https:\/\/www.cic.es\/en\/internet-of-things-iot\/\" \/>\n<meta property=\"og:locale\" content=\"en_US\" \/>\n<meta property=\"og:type\" content=\"article\" \/>\n<meta property=\"og:title\" content=\"Internet of Things (IoT) - CIC Consulting Inform\u00e1tico\" \/>\n<meta property=\"og:description\" content=\"The basic premise is that any electronic device can be hooked up to the internet. At CIC we connect things transforming your world.\" \/>\n<meta property=\"og:url\" content=\"https:\/\/www.cic.es\/en\/internet-of-things-iot\/\" \/>\n<meta property=\"og:site_name\" content=\"CIC Consulting Inform\u00e1tico\" \/>\n<meta property=\"article:publisher\" content=\"https:\/\/www.facebook.com\/CIC.Consulting\/\" \/>\n<meta property=\"article:modified_time\" content=\"2021-07-30T09:38:47+00:00\" \/>\n<meta property=\"og:image\" content=\"https:\/\/www.cic.es\/wp-content\/uploads\/2018\/09\/internet-cosas.jpg\" \/>\n\t<meta property=\"og:image:width\" content=\"1600\" \/>\n\t<meta property=\"og:image:height\" content=\"1067\" \/>\n\t<meta property=\"og:image:type\" content=\"image\/jpeg\" \/>\n<meta name=\"twitter:card\" content=\"summary_large_image\" \/>\n<meta name=\"twitter:site\" content=\"@CICactualidad\" \/>\n<meta name=\"twitter:label1\" content=\"Est. reading time\" \/>\n\t<meta name=\"twitter:data1\" content=\"3 minutes\" \/>\n<script type=\"application\/ld+json\" class=\"yoast-schema-graph\">{\"@context\":\"https:\\\/\\\/schema.org\",\"@graph\":[{\"@type\":\"WebPage\",\"@id\":\"https:\\\/\\\/www.cic.es\\\/en\\\/internet-of-things-iot\\\/\",\"url\":\"https:\\\/\\\/www.cic.es\\\/en\\\/internet-of-things-iot\\\/\",\"name\":\"Internet of Things (IoT) - CIC Consulting Inform\u00e1tico\",\"isPartOf\":{\"@id\":\"https:\\\/\\\/www.cic.es\\\/#website\"},\"primaryImageOfPage\":{\"@id\":\"https:\\\/\\\/www.cic.es\\\/en\\\/internet-of-things-iot\\\/#primaryimage\"},\"image\":{\"@id\":\"https:\\\/\\\/www.cic.es\\\/en\\\/internet-of-things-iot\\\/#primaryimage\"},\"thumbnailUrl\":\"https:\\\/\\\/www.cic.es\\\/wp-content\\\/uploads\\\/2018\\\/09\\\/internet-cosas.jpg\",\"datePublished\":\"2018-09-05T14:25:43+00:00\",\"dateModified\":\"2021-07-30T09:38:47+00:00\",\"description\":\"The basic premise is that any electronic device can be hooked up to the internet. At CIC we connect things transforming your world.\",\"breadcrumb\":{\"@id\":\"https:\\\/\\\/www.cic.es\\\/en\\\/internet-of-things-iot\\\/#breadcrumb\"},\"inLanguage\":\"en-US\",\"potentialAction\":[{\"@type\":\"ReadAction\",\"target\":[\"https:\\\/\\\/www.cic.es\\\/en\\\/internet-of-things-iot\\\/\"]}]},{\"@type\":\"ImageObject\",\"inLanguage\":\"en-US\",\"@id\":\"https:\\\/\\\/www.cic.es\\\/en\\\/internet-of-things-iot\\\/#primaryimage\",\"url\":\"https:\\\/\\\/www.cic.es\\\/wp-content\\\/uploads\\\/2018\\\/09\\\/internet-cosas.jpg\",\"contentUrl\":\"https:\\\/\\\/www.cic.es\\\/wp-content\\\/uploads\\\/2018\\\/09\\\/internet-cosas.jpg\",\"width\":1600,\"height\":1067},{\"@type\":\"BreadcrumbList\",\"@id\":\"https:\\\/\\\/www.cic.es\\\/en\\\/internet-of-things-iot\\\/#breadcrumb\",\"itemListElement\":[{\"@type\":\"ListItem\",\"position\":1,\"name\":\"CIC\",\"item\":\"https:\\\/\\\/www.cic.es\\\/\"},{\"@type\":\"ListItem\",\"position\":2,\"name\":\"Internet of Things (IoT)\"}]},{\"@type\":\"WebSite\",\"@id\":\"https:\\\/\\\/www.cic.es\\\/#website\",\"url\":\"https:\\\/\\\/www.cic.es\\\/\",\"name\":\"CIC Consulting Inform\u00e1tico\",\"description\":\"Somos una consultor\u00eda de ingenier\u00eda de desarrollo y proyectos de inform\u00e1tica y comunicaciones\",\"publisher\":{\"@id\":\"https:\\\/\\\/www.cic.es\\\/#organization\"},\"alternateName\":\"CIC Consulting Inform\u00e1tico\",\"potentialAction\":[{\"@type\":\"SearchAction\",\"target\":{\"@type\":\"EntryPoint\",\"urlTemplate\":\"https:\\\/\\\/www.cic.es\\\/?s={search_term_string}\"},\"query-input\":{\"@type\":\"PropertyValueSpecification\",\"valueRequired\":true,\"valueName\":\"search_term_string\"}}],\"inLanguage\":\"en-US\"},{\"@type\":\"Organization\",\"@id\":\"https:\\\/\\\/www.cic.es\\\/#organization\",\"name\":\"CIC Consulting Inform\u00e1tico\",\"alternateName\":\"CIC Consulting Inform\u00e1tico\",\"url\":\"https:\\\/\\\/www.cic.es\\\/\",\"logo\":{\"@type\":\"ImageObject\",\"inLanguage\":\"en-US\",\"@id\":\"https:\\\/\\\/www.cic.es\\\/#\\\/schema\\\/logo\\\/image\\\/\",\"url\":\"https:\\\/\\\/www.cic.es\\\/wp-content\\\/uploads\\\/2018\\\/04\\\/cic_color.png\",\"contentUrl\":\"https:\\\/\\\/www.cic.es\\\/wp-content\\\/uploads\\\/2018\\\/04\\\/cic_color.png\",\"width\":300,\"height\":200,\"caption\":\"CIC Consulting Inform\u00e1tico\"},\"image\":{\"@id\":\"https:\\\/\\\/www.cic.es\\\/#\\\/schema\\\/logo\\\/image\\\/\"},\"sameAs\":[\"https:\\\/\\\/www.facebook.com\\\/CIC.Consulting\\\/\",\"https:\\\/\\\/x.com\\\/CICactualidad\",\"https:\\\/\\\/www.linkedin.com\\\/company\\\/2157627\\\/\",\"https:\\\/\\\/www.pinterest.es\\\/cicconsultinginformatico\\\/\",\"https:\\\/\\\/www.youtube.com\\\/user\\\/webmastercic\"]}]}<\/script>\n<!-- \/ Yoast SEO plugin. -->","yoast_head_json":{"title":"Internet of Things (IoT) - CIC Consulting Inform\u00e1tico","description":"The basic premise is that any electronic device can be hooked up to the internet. At CIC we connect things transforming your world.","robots":{"index":"index","follow":"follow","max-snippet":"max-snippet:-1","max-image-preview":"max-image-preview:large","max-video-preview":"max-video-preview:-1"},"canonical":"https:\/\/www.cic.es\/en\/internet-of-things-iot\/","og_locale":"en_US","og_type":"article","og_title":"Internet of Things (IoT) - CIC Consulting Inform\u00e1tico","og_description":"The basic premise is that any electronic device can be hooked up to the internet. At CIC we connect things transforming your world.","og_url":"https:\/\/www.cic.es\/en\/internet-of-things-iot\/","og_site_name":"CIC Consulting Inform\u00e1tico","article_publisher":"https:\/\/www.facebook.com\/CIC.Consulting\/","article_modified_time":"2021-07-30T09:38:47+00:00","og_image":[{"width":1600,"height":1067,"url":"https:\/\/www.cic.es\/wp-content\/uploads\/2018\/09\/internet-cosas.jpg","type":"image\/jpeg"}],"twitter_card":"summary_large_image","twitter_site":"@CICactualidad","twitter_misc":{"Est. reading time":"3 minutes"},"schema":{"@context":"https:\/\/schema.org","@graph":[{"@type":"WebPage","@id":"https:\/\/www.cic.es\/en\/internet-of-things-iot\/","url":"https:\/\/www.cic.es\/en\/internet-of-things-iot\/","name":"Internet of Things (IoT) - CIC Consulting Inform\u00e1tico","isPartOf":{"@id":"https:\/\/www.cic.es\/#website"},"primaryImageOfPage":{"@id":"https:\/\/www.cic.es\/en\/internet-of-things-iot\/#primaryimage"},"image":{"@id":"https:\/\/www.cic.es\/en\/internet-of-things-iot\/#primaryimage"},"thumbnailUrl":"https:\/\/www.cic.es\/wp-content\/uploads\/2018\/09\/internet-cosas.jpg","datePublished":"2018-09-05T14:25:43+00:00","dateModified":"2021-07-30T09:38:47+00:00","description":"The basic premise is that any electronic device can be hooked up to the internet. At CIC we connect things transforming your world.","breadcrumb":{"@id":"https:\/\/www.cic.es\/en\/internet-of-things-iot\/#breadcrumb"},"inLanguage":"en-US","potentialAction":[{"@type":"ReadAction","target":["https:\/\/www.cic.es\/en\/internet-of-things-iot\/"]}]},{"@type":"ImageObject","inLanguage":"en-US","@id":"https:\/\/www.cic.es\/en\/internet-of-things-iot\/#primaryimage","url":"https:\/\/www.cic.es\/wp-content\/uploads\/2018\/09\/internet-cosas.jpg","contentUrl":"https:\/\/www.cic.es\/wp-content\/uploads\/2018\/09\/internet-cosas.jpg","width":1600,"height":1067},{"@type":"BreadcrumbList","@id":"https:\/\/www.cic.es\/en\/internet-of-things-iot\/#breadcrumb","itemListElement":[{"@type":"ListItem","position":1,"name":"CIC","item":"https:\/\/www.cic.es\/"},{"@type":"ListItem","position":2,"name":"Internet of Things (IoT)"}]},{"@type":"WebSite","@id":"https:\/\/www.cic.es\/#website","url":"https:\/\/www.cic.es\/","name":"CIC Consulting Inform\u00e1tico","description":"Somos una consultor\u00eda de ingenier\u00eda de desarrollo y proyectos de inform\u00e1tica y comunicaciones","publisher":{"@id":"https:\/\/www.cic.es\/#organization"},"alternateName":"CIC Consulting Inform\u00e1tico","potentialAction":[{"@type":"SearchAction","target":{"@type":"EntryPoint","urlTemplate":"https:\/\/www.cic.es\/?s={search_term_string}"},"query-input":{"@type":"PropertyValueSpecification","valueRequired":true,"valueName":"search_term_string"}}],"inLanguage":"en-US"},{"@type":"Organization","@id":"https:\/\/www.cic.es\/#organization","name":"CIC Consulting Inform\u00e1tico","alternateName":"CIC Consulting Inform\u00e1tico","url":"https:\/\/www.cic.es\/","logo":{"@type":"ImageObject","inLanguage":"en-US","@id":"https:\/\/www.cic.es\/#\/schema\/logo\/image\/","url":"https:\/\/www.cic.es\/wp-content\/uploads\/2018\/04\/cic_color.png","contentUrl":"https:\/\/www.cic.es\/wp-content\/uploads\/2018\/04\/cic_color.png","width":300,"height":200,"caption":"CIC Consulting Inform\u00e1tico"},"image":{"@id":"https:\/\/www.cic.es\/#\/schema\/logo\/image\/"},"sameAs":["https:\/\/www.facebook.com\/CIC.Consulting\/","https:\/\/x.com\/CICactualidad","https:\/\/www.linkedin.com\/company\/2157627\/","https:\/\/www.pinterest.es\/cicconsultinginformatico\/","https:\/\/www.youtube.com\/user\/webmastercic"]}]}},"_links":{"self":[{"href":"https:\/\/www.cic.es\/en\/wp-json\/wp\/v2\/pages\/4292","targetHints":{"allow":["GET"]}}],"collection":[{"href":"https:\/\/www.cic.es\/en\/wp-json\/wp\/v2\/pages"}],"about":[{"href":"https:\/\/www.cic.es\/en\/wp-json\/wp\/v2\/types\/page"}],"author":[{"embeddable":true,"href":"https:\/\/www.cic.es\/en\/wp-json\/wp\/v2\/users\/1"}],"replies":[{"embeddable":true,"href":"https:\/\/www.cic.es\/en\/wp-json\/wp\/v2\/comments?post=4292"}],"version-history":[{"count":2,"href":"https:\/\/www.cic.es\/en\/wp-json\/wp\/v2\/pages\/4292\/revisions"}],"predecessor-version":[{"id":10012,"href":"https:\/\/www.cic.es\/en\/wp-json\/wp\/v2\/pages\/4292\/revisions\/10012"}],"wp:featuredmedia":[{"embeddable":true,"href":"https:\/\/www.cic.es\/en\/wp-json\/wp\/v2\/media\/4085"}],"wp:attachment":[{"href":"https:\/\/www.cic.es\/en\/wp-json\/wp\/v2\/media?parent=4292"}],"curies":[{"name":"wp","href":"https:\/\/api.w.org\/{rel}","templated":true}]}}