{"id":4291,"date":"2018-09-05T15:25:29","date_gmt":"2018-09-05T14:25:29","guid":{"rendered":"http:\/\/webcic-pre.cic.es\/inteligencia-artificial\/"},"modified":"2026-01-29T13:33:05","modified_gmt":"2026-01-29T12:33:05","slug":"artificial-intelligence","status":"publish","type":"page","link":"https:\/\/www.cic.es\/en\/artificial-intelligence\/","title":{"rendered":"Artificial intelligence"},"content":{"rendered":"\n<p>CIC has extensive experience in collecting and integrating data from multiple sources and systems to transform it into useful, high-quality and accessible information. This provides a solid foundation for building AI solutions applied to business environments. It allows us to design strategies to tackle a wide variety of business challenges and to integrate AI tools in different areas and processes. In doing so, we can achieve faster response times, ease of use, more informed and optimized decision-making and find solutions tailored to the needs of each sector and type of organization.<\/p>\n\n\n\n<h2 class=\"wp-block-heading\">Our AI Value Proposition&nbsp;<\/h2>\n\n\n\n<p>For an AI strategy to truly work, data is key. The greater the volume and the higher the quality of the data, the better the results will be. CIC has a significant advantage &#8211; over 20 years of recognized experience in the development of software for data collection, cleansing and preparation. This expertise over the years allows us to build robust and accurate AI models, adapted to the real needs of each industry.<\/p>\n\n\n\n<p>Thanks to our software, our clients already have access to large volumes of clean, tructured, high-quality data, thereby, placing them in an ideal position to begin extracting value from it without changing their existing operations or systems.<\/p>\n\n\n\n<div class=\"wp-block-columns is-layout-flex wp-container-core-columns-is-layout-9d6595d7 wp-block-columns-is-layout-flex\">\n<div class=\"wp-block-column is-layout-flow wp-block-column-is-layout-flow\" style=\"flex-basis:100%\">\n<div class=\"wp-block-columns is-layout-flex wp-container-core-columns-is-layout-9d6595d7 wp-block-columns-is-layout-flex\">\n<div class=\"wp-block-column is-layout-flow wp-block-column-is-layout-flow\">\n<p>The fundamental difference lies in data quality. While other models struggle to obtain relevant information through complex integrations, we already have software such as IDboxRT that enables the creation and management of a massive repository of high-quality operational and industrial data. This allows us to train AI models with unparalleled reliability using the client\u2019s own data, avoiding inconsistencies, and always within their security perimeter\u2014so that both the data and the intelligence derived from it never, leave their control. In addition, the concept of specialized AI Agents working collaboratively enables clients to obtain complex, actionable answers in natural language, as if they had a virtual team of experts at their service, without requiring extensive programming or data science expertise.<\/p>\n\n\n\n<div class=\"wp-block-columns is-layout-flex wp-container-core-columns-is-layout-9d6595d7 wp-block-columns-is-layout-flex\">\n<div class=\"wp-block-column is-layout-flow wp-block-column-is-layout-flow\">\n<figure class=\"wp-block-image size-full\"><img loading=\"lazy\" decoding=\"async\" width=\"299\" height=\"303\" src=\"https:\/\/www.cic.es\/wp-content\/uploads\/2026\/01\/testimonios-manuel.png\" alt=\"\" class=\"wp-image-26317\" srcset=\"https:\/\/www.cic.es\/wp-content\/uploads\/2026\/01\/testimonios-manuel.png 299w, https:\/\/www.cic.es\/wp-content\/uploads\/2026\/01\/testimonios-manuel-80x80.png 80w\" sizes=\"auto, (max-width: 299px) 100vw, 299px\" \/><\/figure>\n<\/div>\n\n\n\n<div class=\"wp-block-column is-layout-flow wp-block-column-is-layout-flow\">\n<p>Manuel Odriozola, Key Account Manager<\/p>\n<\/div>\n<\/div>\n<\/div>\n\n\n\n<div class=\"wp-block-column is-layout-flow wp-block-column-is-layout-flow\">\n<p>It delivers tangible results when it directly impacts the client\u2019s day-to-day operations. In LUCA BDS, the AI engine is integrated into the core of the platform to automate analysis, detect complex patterns and anticipate behavior, reducing decision-making time and costs. This improves efficiency by simplifying manual tasks and democratizing access to assisted analytics. At the same time, security is designed from the ground up: Data governance, full traceability and execution in controlled environments without exposing sensitive information. The result is a practical, secure AI solution aligned with real business requirements.<\/p>\n\n\n\n<div class=\"wp-block-columns is-layout-flex wp-container-core-columns-is-layout-9d6595d7 wp-block-columns-is-layout-flex\">\n<div class=\"wp-block-column is-layout-flow wp-block-column-is-layout-flow\">\n<figure class=\"wp-block-image size-full\"><img loading=\"lazy\" decoding=\"async\" width=\"299\" height=\"303\" src=\"https:\/\/www.cic.es\/wp-content\/uploads\/2026\/01\/testimonios-marcos.png\" alt=\"\" class=\"wp-image-26319\" srcset=\"https:\/\/www.cic.es\/wp-content\/uploads\/2026\/01\/testimonios-marcos.png 299w, https:\/\/www.cic.es\/wp-content\/uploads\/2026\/01\/testimonios-marcos-80x80.png 80w\" sizes=\"auto, (max-width: 299px) 100vw, 299px\" \/><\/figure>\n<\/div>\n\n\n\n<div class=\"wp-block-column is-layout-flow wp-block-column-is-layout-flow\">\n<p>Marcos Cobo, Head of AI &amp; Data<\/p>\n<\/div>\n<\/div>\n<\/div>\n<\/div>\n<\/div>\n<\/div>\n\n\n\n<h2 class=\"wp-block-heading\"><strong>Our AI Solutions<\/strong>&nbsp;<\/h2>\n\n\n\n<p>Our Artificial Intelligence strategy is designed to maximize impact on your business.&nbsp;<\/p>\n\n\n\n<h3 class=\"wp-block-heading\">Conversational AI and Intelligent Assistants (AI Agents)&nbsp;<\/h3>\n\n\n\n<p>Imagine having a team of experts readily at your disposal, available to answer your questions and provide clear insights in plain language at any time. That\u2019s exactly what our AI Agents do: They combine specialized knowledge from different domains with your company\u2019s data to deliver practical, actionable answers. All done without requiring you to be an expert or to be able to write code.<\/p>\n\n\n\n<p><strong>Advantages:&nbsp;<\/strong><\/p>\n\n\n\n<ul class=\"wp-block-list\">\n<li><strong>Intuitive access to information:<\/strong> Obtain complex reports and analyses simply by asking questions in a natural way, using plain language.<\/li>\n\n\n\n<li><strong>Fast, well-grounded decisions:<\/strong> Receive expert recommendations based on the analysis of large data volumes.<\/li>\n\n\n\n<li><strong>Process optimization:<\/strong> Identify patterns and trends to improve operational efficiency.<\/li>\n<\/ul>\n\n\n\n<h3 class=\"wp-block-heading\">Large Language Models (LLMs):<\/h3>\n\n\n\n<p>We use&nbsp;state-of-the-art&nbsp;language models deployed locally alongside business-expert inference pipelines. This ensures that data never leaves your infrastructure.&nbsp;<\/p>\n\n\n\n<h3 class=\"wp-block-heading\">Predictive Models and Advanced Analytics&nbsp;<\/h3>\n\n\n\n<p>We develop predictive models based on the analysis of large numerical series and historical data volumes. These models enable the user to predict future behavior, such as the likelihood of failures in industrial equipment, the performance of an electrical grid or consumption trends. By transforming historical data into operational intelligence, we empower our clients to make proactive and strategic decisions.<\/p>\n\n\n\n<p><strong>Advantages:<\/strong>&nbsp;<\/p>\n\n\n\n<ul class=\"wp-block-list\">\n<li><strong>Predictive maintenance:<\/strong> Reduce costs and downtime by anticipating equipment failures.<\/li>\n\n\n\n<li><strong>Resource optimization:<\/strong> Plan energy management, production, or logistics more efficiently.<\/li>\n\n\n\n<li><strong>Risk reduction: <\/strong>Identify potential issues before they occur, minimizing negative impacts.<\/li>\n<\/ul>\n\n\n\n<h3 class=\"wp-block-heading\">Actionable&nbsp;Insights, When&nbsp;They Matter Most&nbsp;<\/h3>\n\n\n\n<p>Through visual dashboards powered by AI engines that anticipate scenarios, detect relevant patterns and allow for faster, more confident decision-making.<\/p>\n\n\n\n<h2 class=\"wp-block-heading\">What Sets CIC Apart&nbsp;From&nbsp;the Rest: High-Quality Data and Proven Experience&nbsp;<\/h2>\n\n\n\n<p>While many AI solutions struggle to obtain relevant, high-quality data, CIC has years of expertise in generating, managing and transforming databases in diverse industrial and business environments. This means our AI models are not only advanced on paper, but have also been trained in real business environments, delivering a level of reliability and accuracy that truly makes a difference.<\/p>\n\n\n\n<p>Where Our AI Solutions Have Been Used:&nbsp;<\/p>\n\n\n\n<ul class=\"wp-block-list\">\n<li><strong><a href=\"https:\/\/www.cic.es\/en\/energy-and-utilities\/\">Energy Sector: <\/a><\/strong>High-voltage power grids prediction using historical data.<\/li>\n\n\n\n<li><strong><a href=\"https:\/\/www.cic.es\/en\/energy-and-utilities\/water-and-wastewater\/\">Water Management: <\/a><\/strong>Optimization of treatment and distribution processes.<\/li>\n\n\n\n<li><strong><a href=\"https:\/\/www.cic.es\/en\/industry\/\">Industrial Efficiency:<\/a><\/strong> Improving performance and reducing consumption in production plants.<\/li>\n\n\n\n<li><strong><a href=\"https:\/\/www.cic.es\/en\/infrastructures\/\">Telecommunications<\/a><\/strong>: Continuous analysis of network device status and security.<\/li>\n\n\n\n<li><strong>Buildings and Hotel Chains:<\/strong> Optimizing energy consumption and enhancing user experience through contextualized assistants.<\/li>\n\n\n\n<li><strong>Industry and Manufacturing:<\/strong> Prescriptive maintenance of critical machinery, supply chain management and more.<\/li>\n<\/ul>\n\n\n\n<h2 class=\"wp-block-heading\"><strong>Why CIC? Data <\/strong>Sovereignty <strong>and Flexible Deployment<\/strong>&nbsp;<\/h2>\n\n\n\n<p>Data security and privacy are fundamental pillars at CIC. For this reason, our solutions are designed for environments where information control is critical:<\/p>\n\n\n\n<ul class=\"wp-block-list\">\n<li><strong>100% secure and flexible deployment:<\/strong> All inference, analysis and response generation processes run within the client\u2019s infrastructure, in compliance with the National Security Framework (ENS).<\/li>\n\n\n\n<li><strong>Use of Language Models:<\/strong> We leverage state-of-the-art models trained and fine-tuned with client data, ensuring the AI understands the business language and context without any data leaving the organization.<\/li>\n\n\n\n<li><strong>Technological sovereignty:<\/strong> We work with optimized open-source models deployed using technologies such as Docker, Kubernetes or vLLM, avoiding dependency on external vendors.<\/li>\n\n\n\n<li><strong>Seamless integration:<\/strong> Direct connectivity with databases, APIs and existing systems to unify analytics and AI within the current architecture.<\/li>\n<\/ul>\n\n\n\n<h2 class=\"wp-block-heading\">AI-Powered Business Intelligence&nbsp;<\/h2>\n\n\n\n<p><a href=\"https:\/\/www.cic.es\/en\/luca-bds\/\">LUCA BDS<\/a> integrates these AI capabilities and intelligent agents into its Business Intelligence platform to extract real value from data. AI enables the detection of patterns, anomalies and relationships that are not evident in traditional analyses and allows organizations to anticipate trends that are relevant to the business.<\/p>\n\n\n\n<p>All of this is delivered transparently to the user, enabling business profiles to take advantage of AI and intelligent assistants without prior technical knowledge, working directly with their organization\u2019s data while maintaining full control and data sovereignty at all times.<\/p>\n\n\n\n<h2 class=\"wp-block-heading\"><strong>Ready to Transform Your Business with Artificial Intelligence?<\/strong>&nbsp;<\/h2>\n\n\n\n<p>At CIC, we are committed to being your strategic partner in the adoption of AI. <a href=\"https:\/\/www.cic.es\/en\/contact\/\" type=\"page\" id=\"3528\" target=\"_blank\" rel=\"noreferrer noopener\">Discover how our products can help<\/a> you achieve your goals and while becoming more innovative and efficient.<\/p>\n","protected":false},"excerpt":{"rendered":"<p>CIC has extensive experience in collecting and integrating data from multiple sources and systems to transform it into useful, high-quality and accessible information. This provides a solid foundation for building AI solutions applied to business environments. It allows us to design strategies to tackle a wide variety of business challenges&#8230;<\/p>\n","protected":false},"author":1,"featured_media":4084,"parent":0,"menu_order":0,"comment_status":"closed","ping_status":"closed","template":"page-templates\/page-tecnologias.php","meta":{"_acf_changed":false,"footnotes":""},"class_list":["post-4291","page","type-page","status-publish","has-post-thumbnail","hentry"],"acf":[],"yoast_head":"<!-- This site is optimized with the Yoast SEO plugin v27.4 - https:\/\/yoast.com\/product\/yoast-seo-wordpress\/ -->\n<title>Techniques that CIC uses with Artificial Intelligence<\/title>\n<meta name=\"description\" content=\"The term artificial intelligence (AI) has become popular thanks to the increase in volume of data, also known as Big Data and advanced algorithms.\" \/>\n<meta name=\"robots\" content=\"index, follow, max-snippet:-1, max-image-preview:large, max-video-preview:-1\" \/>\n<link rel=\"canonical\" href=\"https:\/\/www.cic.es\/en\/artificial-intelligence\/\" \/>\n<meta property=\"og:locale\" content=\"en_US\" \/>\n<meta property=\"og:type\" content=\"article\" \/>\n<meta property=\"og:title\" content=\"Techniques that CIC uses with Artificial Intelligence\" \/>\n<meta property=\"og:description\" content=\"The term artificial intelligence (AI) has become popular thanks to the increase in volume of data, also known as Big Data and advanced algorithms.\" \/>\n<meta property=\"og:url\" content=\"https:\/\/www.cic.es\/en\/artificial-intelligence\/\" \/>\n<meta property=\"og:site_name\" content=\"CIC Consulting Inform\u00e1tico\" \/>\n<meta property=\"article:publisher\" content=\"https:\/\/www.facebook.com\/CIC.Consulting\/\" \/>\n<meta property=\"article:modified_time\" content=\"2026-01-29T12:33:05+00:00\" \/>\n<meta property=\"og:image\" content=\"https:\/\/www.cic.es\/wp-content\/uploads\/2018\/09\/inteligencia-artificial.jpg\" \/>\n\t<meta property=\"og:image:width\" content=\"1600\" \/>\n\t<meta property=\"og:image:height\" content=\"927\" \/>\n\t<meta property=\"og:image:type\" content=\"image\/jpeg\" \/>\n<meta name=\"twitter:card\" content=\"summary_large_image\" \/>\n<meta name=\"twitter:site\" content=\"@CICactualidad\" \/>\n<meta name=\"twitter:label1\" content=\"Est. reading time\" \/>\n\t<meta name=\"twitter:data1\" content=\"3 minutes\" \/>\n<script type=\"application\/ld+json\" class=\"yoast-schema-graph\">{\"@context\":\"https:\\\/\\\/schema.org\",\"@graph\":[{\"@type\":\"WebPage\",\"@id\":\"https:\\\/\\\/www.cic.es\\\/en\\\/artificial-intelligence\\\/\",\"url\":\"https:\\\/\\\/www.cic.es\\\/en\\\/artificial-intelligence\\\/\",\"name\":\"Techniques that CIC uses with Artificial Intelligence\",\"isPartOf\":{\"@id\":\"https:\\\/\\\/www.cic.es\\\/#website\"},\"primaryImageOfPage\":{\"@id\":\"https:\\\/\\\/www.cic.es\\\/en\\\/artificial-intelligence\\\/#primaryimage\"},\"image\":{\"@id\":\"https:\\\/\\\/www.cic.es\\\/en\\\/artificial-intelligence\\\/#primaryimage\"},\"thumbnailUrl\":\"https:\\\/\\\/www.cic.es\\\/wp-content\\\/uploads\\\/2018\\\/09\\\/inteligencia-artificial.jpg\",\"datePublished\":\"2018-09-05T14:25:29+00:00\",\"dateModified\":\"2026-01-29T12:33:05+00:00\",\"description\":\"The term artificial intelligence (AI) has become popular thanks to the increase in volume of data, also known as Big Data and advanced algorithms.\",\"breadcrumb\":{\"@id\":\"https:\\\/\\\/www.cic.es\\\/en\\\/artificial-intelligence\\\/#breadcrumb\"},\"inLanguage\":\"en-US\",\"potentialAction\":[{\"@type\":\"ReadAction\",\"target\":[\"https:\\\/\\\/www.cic.es\\\/en\\\/artificial-intelligence\\\/\"]}]},{\"@type\":\"ImageObject\",\"inLanguage\":\"en-US\",\"@id\":\"https:\\\/\\\/www.cic.es\\\/en\\\/artificial-intelligence\\\/#primaryimage\",\"url\":\"https:\\\/\\\/www.cic.es\\\/wp-content\\\/uploads\\\/2018\\\/09\\\/inteligencia-artificial.jpg\",\"contentUrl\":\"https:\\\/\\\/www.cic.es\\\/wp-content\\\/uploads\\\/2018\\\/09\\\/inteligencia-artificial.jpg\",\"width\":1600,\"height\":927,\"caption\":\"inteligencia-artificial\"},{\"@type\":\"BreadcrumbList\",\"@id\":\"https:\\\/\\\/www.cic.es\\\/en\\\/artificial-intelligence\\\/#breadcrumb\",\"itemListElement\":[{\"@type\":\"ListItem\",\"position\":1,\"name\":\"CIC\",\"item\":\"https:\\\/\\\/www.cic.es\\\/\"},{\"@type\":\"ListItem\",\"position\":2,\"name\":\"Artificial intelligence\"}]},{\"@type\":\"WebSite\",\"@id\":\"https:\\\/\\\/www.cic.es\\\/#website\",\"url\":\"https:\\\/\\\/www.cic.es\\\/\",\"name\":\"CIC Consulting Inform\u00e1tico\",\"description\":\"Somos una consultor\u00eda de ingenier\u00eda de desarrollo y proyectos de inform\u00e1tica y comunicaciones\",\"publisher\":{\"@id\":\"https:\\\/\\\/www.cic.es\\\/#organization\"},\"alternateName\":\"CIC Consulting Inform\u00e1tico\",\"potentialAction\":[{\"@type\":\"SearchAction\",\"target\":{\"@type\":\"EntryPoint\",\"urlTemplate\":\"https:\\\/\\\/www.cic.es\\\/?s={search_term_string}\"},\"query-input\":{\"@type\":\"PropertyValueSpecification\",\"valueRequired\":true,\"valueName\":\"search_term_string\"}}],\"inLanguage\":\"en-US\"},{\"@type\":\"Organization\",\"@id\":\"https:\\\/\\\/www.cic.es\\\/#organization\",\"name\":\"CIC Consulting Inform\u00e1tico\",\"alternateName\":\"CIC Consulting Inform\u00e1tico\",\"url\":\"https:\\\/\\\/www.cic.es\\\/\",\"logo\":{\"@type\":\"ImageObject\",\"inLanguage\":\"en-US\",\"@id\":\"https:\\\/\\\/www.cic.es\\\/#\\\/schema\\\/logo\\\/image\\\/\",\"url\":\"https:\\\/\\\/www.cic.es\\\/wp-content\\\/uploads\\\/2018\\\/04\\\/cic_color.png\",\"contentUrl\":\"https:\\\/\\\/www.cic.es\\\/wp-content\\\/uploads\\\/2018\\\/04\\\/cic_color.png\",\"width\":300,\"height\":200,\"caption\":\"CIC Consulting Inform\u00e1tico\"},\"image\":{\"@id\":\"https:\\\/\\\/www.cic.es\\\/#\\\/schema\\\/logo\\\/image\\\/\"},\"sameAs\":[\"https:\\\/\\\/www.facebook.com\\\/CIC.Consulting\\\/\",\"https:\\\/\\\/x.com\\\/CICactualidad\",\"https:\\\/\\\/www.linkedin.com\\\/company\\\/2157627\\\/\",\"https:\\\/\\\/www.pinterest.es\\\/cicconsultinginformatico\\\/\",\"https:\\\/\\\/www.youtube.com\\\/user\\\/webmastercic\"]}]}<\/script>\n<!-- \/ Yoast SEO plugin. -->","yoast_head_json":{"title":"Techniques that CIC uses with Artificial Intelligence","description":"The term artificial intelligence (AI) has become popular thanks to the increase in volume of data, also known as Big Data and advanced algorithms.","robots":{"index":"index","follow":"follow","max-snippet":"max-snippet:-1","max-image-preview":"max-image-preview:large","max-video-preview":"max-video-preview:-1"},"canonical":"https:\/\/www.cic.es\/en\/artificial-intelligence\/","og_locale":"en_US","og_type":"article","og_title":"Techniques that CIC uses with Artificial Intelligence","og_description":"The term artificial intelligence (AI) has become popular thanks to the increase in volume of data, also known as Big Data and advanced algorithms.","og_url":"https:\/\/www.cic.es\/en\/artificial-intelligence\/","og_site_name":"CIC Consulting Inform\u00e1tico","article_publisher":"https:\/\/www.facebook.com\/CIC.Consulting\/","article_modified_time":"2026-01-29T12:33:05+00:00","og_image":[{"width":1600,"height":927,"url":"https:\/\/www.cic.es\/wp-content\/uploads\/2018\/09\/inteligencia-artificial.jpg","type":"image\/jpeg"}],"twitter_card":"summary_large_image","twitter_site":"@CICactualidad","twitter_misc":{"Est. reading time":"3 minutes"},"schema":{"@context":"https:\/\/schema.org","@graph":[{"@type":"WebPage","@id":"https:\/\/www.cic.es\/en\/artificial-intelligence\/","url":"https:\/\/www.cic.es\/en\/artificial-intelligence\/","name":"Techniques that CIC uses with Artificial Intelligence","isPartOf":{"@id":"https:\/\/www.cic.es\/#website"},"primaryImageOfPage":{"@id":"https:\/\/www.cic.es\/en\/artificial-intelligence\/#primaryimage"},"image":{"@id":"https:\/\/www.cic.es\/en\/artificial-intelligence\/#primaryimage"},"thumbnailUrl":"https:\/\/www.cic.es\/wp-content\/uploads\/2018\/09\/inteligencia-artificial.jpg","datePublished":"2018-09-05T14:25:29+00:00","dateModified":"2026-01-29T12:33:05+00:00","description":"The term artificial intelligence (AI) has become popular thanks to the increase in volume of data, also known as Big Data and advanced algorithms.","breadcrumb":{"@id":"https:\/\/www.cic.es\/en\/artificial-intelligence\/#breadcrumb"},"inLanguage":"en-US","potentialAction":[{"@type":"ReadAction","target":["https:\/\/www.cic.es\/en\/artificial-intelligence\/"]}]},{"@type":"ImageObject","inLanguage":"en-US","@id":"https:\/\/www.cic.es\/en\/artificial-intelligence\/#primaryimage","url":"https:\/\/www.cic.es\/wp-content\/uploads\/2018\/09\/inteligencia-artificial.jpg","contentUrl":"https:\/\/www.cic.es\/wp-content\/uploads\/2018\/09\/inteligencia-artificial.jpg","width":1600,"height":927,"caption":"inteligencia-artificial"},{"@type":"BreadcrumbList","@id":"https:\/\/www.cic.es\/en\/artificial-intelligence\/#breadcrumb","itemListElement":[{"@type":"ListItem","position":1,"name":"CIC","item":"https:\/\/www.cic.es\/"},{"@type":"ListItem","position":2,"name":"Artificial intelligence"}]},{"@type":"WebSite","@id":"https:\/\/www.cic.es\/#website","url":"https:\/\/www.cic.es\/","name":"CIC Consulting Inform\u00e1tico","description":"Somos una consultor\u00eda de ingenier\u00eda de desarrollo y proyectos de inform\u00e1tica y comunicaciones","publisher":{"@id":"https:\/\/www.cic.es\/#organization"},"alternateName":"CIC Consulting Inform\u00e1tico","potentialAction":[{"@type":"SearchAction","target":{"@type":"EntryPoint","urlTemplate":"https:\/\/www.cic.es\/?s={search_term_string}"},"query-input":{"@type":"PropertyValueSpecification","valueRequired":true,"valueName":"search_term_string"}}],"inLanguage":"en-US"},{"@type":"Organization","@id":"https:\/\/www.cic.es\/#organization","name":"CIC Consulting Inform\u00e1tico","alternateName":"CIC Consulting Inform\u00e1tico","url":"https:\/\/www.cic.es\/","logo":{"@type":"ImageObject","inLanguage":"en-US","@id":"https:\/\/www.cic.es\/#\/schema\/logo\/image\/","url":"https:\/\/www.cic.es\/wp-content\/uploads\/2018\/04\/cic_color.png","contentUrl":"https:\/\/www.cic.es\/wp-content\/uploads\/2018\/04\/cic_color.png","width":300,"height":200,"caption":"CIC Consulting Inform\u00e1tico"},"image":{"@id":"https:\/\/www.cic.es\/#\/schema\/logo\/image\/"},"sameAs":["https:\/\/www.facebook.com\/CIC.Consulting\/","https:\/\/x.com\/CICactualidad","https:\/\/www.linkedin.com\/company\/2157627\/","https:\/\/www.pinterest.es\/cicconsultinginformatico\/","https:\/\/www.youtube.com\/user\/webmastercic"]}]}},"_links":{"self":[{"href":"https:\/\/www.cic.es\/en\/wp-json\/wp\/v2\/pages\/4291","targetHints":{"allow":["GET"]}}],"collection":[{"href":"https:\/\/www.cic.es\/en\/wp-json\/wp\/v2\/pages"}],"about":[{"href":"https:\/\/www.cic.es\/en\/wp-json\/wp\/v2\/types\/page"}],"author":[{"embeddable":true,"href":"https:\/\/www.cic.es\/en\/wp-json\/wp\/v2\/users\/1"}],"replies":[{"embeddable":true,"href":"https:\/\/www.cic.es\/en\/wp-json\/wp\/v2\/comments?post=4291"}],"version-history":[{"count":5,"href":"https:\/\/www.cic.es\/en\/wp-json\/wp\/v2\/pages\/4291\/revisions"}],"predecessor-version":[{"id":26418,"href":"https:\/\/www.cic.es\/en\/wp-json\/wp\/v2\/pages\/4291\/revisions\/26418"}],"wp:featuredmedia":[{"embeddable":true,"href":"https:\/\/www.cic.es\/en\/wp-json\/wp\/v2\/media\/4084"}],"wp:attachment":[{"href":"https:\/\/www.cic.es\/en\/wp-json\/wp\/v2\/media?parent=4291"}],"curies":[{"name":"wp","href":"https:\/\/api.w.org\/{rel}","templated":true}]}}