{"id":4273,"date":"2018-02-21T09:53:42","date_gmt":"2018-02-21T08:53:42","guid":{"rendered":"http:\/\/webcic-pre.cic.es\/transporte-y-logistica\/"},"modified":"2021-07-30T10:58:02","modified_gmt":"2021-07-30T09:58:02","slug":"transport-and-logistics","status":"publish","type":"page","link":"https:\/\/www.cic.es\/en\/transport-and-logistics\/","title":{"rendered":"Transport and Logistics"},"content":{"rendered":"<h2><strong>Every day our transport and logistic software manages thousands of deliveries through enterprise mobility systems allowing for their localisation and traceability.<\/strong><\/h2>\n<blockquote><p>The transport and logistics sectors increasingly require more advanced and flexible solutions allowing them to reduce costs and optimise processes.<\/p><\/blockquote>\n<p>CIC offers <strong>technology solutions adapted to your transportation enterprise management<\/strong>, <strong>storage, logistic, traceability, and complete management of all activities carried out by transport professionals.<\/strong><\/p>\n<p>Thanks to our software development services <strong>we are leaders in the digital transformation of transport and logistics processes<\/strong>, delivering them efficiently and adapted solutions according to the needs of transport companies.<\/p>\n<h3>Why choose <a href=\"https:\/\/www.cic.es\/en\/fieldeas\/\">FIELDEAS<\/a> to manage your transport and logistics enterprise?<\/h3>\n<ul>\n<li>Assessment of technological alternatives<\/li>\n<li>Activity planning, resources optimisation, field management services.<\/li>\n<li>Control and management of carriers<\/li>\n<li>Control of loading and unloading operations<\/li>\n<li>Fleet Management &#8211; Fleet control and tracking. (Devices on board or not.)<\/li>\n<li>B2C Systems (Business to Consumer) \u2013 end user controls the tracking of its order.<\/li>\n<li>Access to information and documentation of your company at any time and place.<\/li>\n<li>Carbon footprint information<\/li>\n<li>Customer Relationship Management <strong>(<\/strong><strong><a href=\"https:\/\/www.cic.es\/en\/dynamics-crm\/\">CRM<\/a><\/strong><strong>)<\/strong> and Enterprise resource planning <strong>(ERP)<\/strong> Systems supported by administrative and document management.<\/li>\n<\/ul>\n<p>Integration of new systems, implementation of ICT tools and multi-device work <strong>generate quickness, savings and increased profitability<\/strong>.<\/p>\n<p>The implementation of our technology solutions for the transport industry <strong>will make you more competitive<\/strong>. In this way, you may carry out more projects, increase productivity and offer better services to your clients.<\/p>\n","protected":false},"excerpt":{"rendered":"<p>Every day our transport and logistic software manages thousands of deliveries through enterprise mobility systems allowing for their localisation and traceability. The transport and logistics sectors increasingly require more advanced and flexible solutions allowing them to reduce costs and optimise processes. CIC offers technology solutions adapted to your transportation enterprise&#8230;<\/p>\n","protected":false},"author":1,"featured_media":3551,"parent":0,"menu_order":0,"comment_status":"closed","ping_status":"closed","template":"page-templates\/page-sectores.php","meta":{"_acf_changed":false,"footnotes":""},"class_list":["post-4273","page","type-page","status-publish","has-post-thumbnail","hentry"],"acf":[],"yoast_head":"<!-- This site is optimized with the Yoast SEO plugin v27.4 - https:\/\/yoast.com\/product\/yoast-seo-wordpress\/ -->\n<title>Transport and Logistics CIC Consulting Inform\u00e1tico<\/title>\n<meta name=\"description\" content=\"The transport and logistics sectors increasingly require more advanced and flexible solutions allowing them to reduce costs and optimise processes.\" \/>\n<meta name=\"robots\" content=\"index, follow, max-snippet:-1, max-image-preview:large, max-video-preview:-1\" \/>\n<link rel=\"canonical\" href=\"https:\/\/www.cic.es\/en\/transport-and-logistics\/\" \/>\n<meta property=\"og:locale\" content=\"en_US\" \/>\n<meta property=\"og:type\" content=\"article\" \/>\n<meta property=\"og:title\" content=\"Transport and Logistics CIC Consulting Inform\u00e1tico\" \/>\n<meta property=\"og:description\" content=\"The transport and logistics sectors increasingly require more advanced and flexible solutions allowing them to reduce costs and optimise processes.\" \/>\n<meta property=\"og:url\" content=\"https:\/\/www.cic.es\/en\/transport-and-logistics\/\" \/>\n<meta property=\"og:site_name\" content=\"CIC Consulting Inform\u00e1tico\" \/>\n<meta property=\"article:publisher\" content=\"https:\/\/www.facebook.com\/CIC.Consulting\/\" \/>\n<meta property=\"article:modified_time\" content=\"2021-07-30T09:58:02+00:00\" \/>\n<meta property=\"og:image\" content=\"https:\/\/www.cic.es\/wp-content\/uploads\/2018\/02\/soluciones-sectores-transporte-logistica.jpg\" \/>\n\t<meta property=\"og:image:width\" content=\"1254\" \/>\n\t<meta property=\"og:image:height\" content=\"836\" \/>\n\t<meta property=\"og:image:type\" content=\"image\/jpeg\" \/>\n<meta name=\"twitter:card\" content=\"summary_large_image\" \/>\n<meta name=\"twitter:site\" content=\"@CICactualidad\" \/>\n<meta name=\"twitter:label1\" content=\"Est. reading time\" \/>\n\t<meta name=\"twitter:data1\" content=\"2 minutes\" \/>\n<script type=\"application\/ld+json\" class=\"yoast-schema-graph\">{\"@context\":\"https:\\\/\\\/schema.org\",\"@graph\":[{\"@type\":\"WebPage\",\"@id\":\"https:\\\/\\\/www.cic.es\\\/en\\\/transport-and-logistics\\\/\",\"url\":\"https:\\\/\\\/www.cic.es\\\/en\\\/transport-and-logistics\\\/\",\"name\":\"Transport and Logistics CIC Consulting Inform\u00e1tico\",\"isPartOf\":{\"@id\":\"https:\\\/\\\/www.cic.es\\\/#website\"},\"primaryImageOfPage\":{\"@id\":\"https:\\\/\\\/www.cic.es\\\/en\\\/transport-and-logistics\\\/#primaryimage\"},\"image\":{\"@id\":\"https:\\\/\\\/www.cic.es\\\/en\\\/transport-and-logistics\\\/#primaryimage\"},\"thumbnailUrl\":\"https:\\\/\\\/www.cic.es\\\/wp-content\\\/uploads\\\/2018\\\/02\\\/soluciones-sectores-transporte-logistica.jpg\",\"datePublished\":\"2018-02-21T08:53:42+00:00\",\"dateModified\":\"2021-07-30T09:58:02+00:00\",\"description\":\"The transport and logistics sectors increasingly require more advanced and flexible solutions allowing them to reduce costs and optimise processes.\",\"breadcrumb\":{\"@id\":\"https:\\\/\\\/www.cic.es\\\/en\\\/transport-and-logistics\\\/#breadcrumb\"},\"inLanguage\":\"en-US\",\"potentialAction\":[{\"@type\":\"ReadAction\",\"target\":[\"https:\\\/\\\/www.cic.es\\\/en\\\/transport-and-logistics\\\/\"]}]},{\"@type\":\"ImageObject\",\"inLanguage\":\"en-US\",\"@id\":\"https:\\\/\\\/www.cic.es\\\/en\\\/transport-and-logistics\\\/#primaryimage\",\"url\":\"https:\\\/\\\/www.cic.es\\\/wp-content\\\/uploads\\\/2018\\\/02\\\/soluciones-sectores-transporte-logistica.jpg\",\"contentUrl\":\"https:\\\/\\\/www.cic.es\\\/wp-content\\\/uploads\\\/2018\\\/02\\\/soluciones-sectores-transporte-logistica.jpg\",\"width\":1254,\"height\":836},{\"@type\":\"BreadcrumbList\",\"@id\":\"https:\\\/\\\/www.cic.es\\\/en\\\/transport-and-logistics\\\/#breadcrumb\",\"itemListElement\":[{\"@type\":\"ListItem\",\"position\":1,\"name\":\"CIC\",\"item\":\"https:\\\/\\\/www.cic.es\\\/\"},{\"@type\":\"ListItem\",\"position\":2,\"name\":\"Transport and Logistics\"}]},{\"@type\":\"WebSite\",\"@id\":\"https:\\\/\\\/www.cic.es\\\/#website\",\"url\":\"https:\\\/\\\/www.cic.es\\\/\",\"name\":\"CIC Consulting Inform\u00e1tico\",\"description\":\"Somos una consultor\u00eda de ingenier\u00eda de desarrollo y proyectos de inform\u00e1tica y comunicaciones\",\"publisher\":{\"@id\":\"https:\\\/\\\/www.cic.es\\\/#organization\"},\"alternateName\":\"CIC Consulting Inform\u00e1tico\",\"potentialAction\":[{\"@type\":\"SearchAction\",\"target\":{\"@type\":\"EntryPoint\",\"urlTemplate\":\"https:\\\/\\\/www.cic.es\\\/?s={search_term_string}\"},\"query-input\":{\"@type\":\"PropertyValueSpecification\",\"valueRequired\":true,\"valueName\":\"search_term_string\"}}],\"inLanguage\":\"en-US\"},{\"@type\":\"Organization\",\"@id\":\"https:\\\/\\\/www.cic.es\\\/#organization\",\"name\":\"CIC Consulting Inform\u00e1tico\",\"alternateName\":\"CIC Consulting Inform\u00e1tico\",\"url\":\"https:\\\/\\\/www.cic.es\\\/\",\"logo\":{\"@type\":\"ImageObject\",\"inLanguage\":\"en-US\",\"@id\":\"https:\\\/\\\/www.cic.es\\\/#\\\/schema\\\/logo\\\/image\\\/\",\"url\":\"https:\\\/\\\/www.cic.es\\\/wp-content\\\/uploads\\\/2018\\\/04\\\/cic_color.png\",\"contentUrl\":\"https:\\\/\\\/www.cic.es\\\/wp-content\\\/uploads\\\/2018\\\/04\\\/cic_color.png\",\"width\":300,\"height\":200,\"caption\":\"CIC Consulting Inform\u00e1tico\"},\"image\":{\"@id\":\"https:\\\/\\\/www.cic.es\\\/#\\\/schema\\\/logo\\\/image\\\/\"},\"sameAs\":[\"https:\\\/\\\/www.facebook.com\\\/CIC.Consulting\\\/\",\"https:\\\/\\\/x.com\\\/CICactualidad\",\"https:\\\/\\\/www.linkedin.com\\\/company\\\/2157627\\\/\",\"https:\\\/\\\/www.pinterest.es\\\/cicconsultinginformatico\\\/\",\"https:\\\/\\\/www.youtube.com\\\/user\\\/webmastercic\"]}]}<\/script>\n<!-- \/ Yoast SEO plugin. -->","yoast_head_json":{"title":"Transport and Logistics CIC Consulting Inform\u00e1tico","description":"The transport and logistics sectors increasingly require more advanced and flexible solutions allowing them to reduce costs and optimise processes.","robots":{"index":"index","follow":"follow","max-snippet":"max-snippet:-1","max-image-preview":"max-image-preview:large","max-video-preview":"max-video-preview:-1"},"canonical":"https:\/\/www.cic.es\/en\/transport-and-logistics\/","og_locale":"en_US","og_type":"article","og_title":"Transport and Logistics CIC Consulting Inform\u00e1tico","og_description":"The transport and logistics sectors increasingly require more advanced and flexible solutions allowing them to reduce costs and optimise processes.","og_url":"https:\/\/www.cic.es\/en\/transport-and-logistics\/","og_site_name":"CIC Consulting Inform\u00e1tico","article_publisher":"https:\/\/www.facebook.com\/CIC.Consulting\/","article_modified_time":"2021-07-30T09:58:02+00:00","og_image":[{"width":1254,"height":836,"url":"https:\/\/www.cic.es\/wp-content\/uploads\/2018\/02\/soluciones-sectores-transporte-logistica.jpg","type":"image\/jpeg"}],"twitter_card":"summary_large_image","twitter_site":"@CICactualidad","twitter_misc":{"Est. reading time":"2 minutes"},"schema":{"@context":"https:\/\/schema.org","@graph":[{"@type":"WebPage","@id":"https:\/\/www.cic.es\/en\/transport-and-logistics\/","url":"https:\/\/www.cic.es\/en\/transport-and-logistics\/","name":"Transport and Logistics CIC Consulting Inform\u00e1tico","isPartOf":{"@id":"https:\/\/www.cic.es\/#website"},"primaryImageOfPage":{"@id":"https:\/\/www.cic.es\/en\/transport-and-logistics\/#primaryimage"},"image":{"@id":"https:\/\/www.cic.es\/en\/transport-and-logistics\/#primaryimage"},"thumbnailUrl":"https:\/\/www.cic.es\/wp-content\/uploads\/2018\/02\/soluciones-sectores-transporte-logistica.jpg","datePublished":"2018-02-21T08:53:42+00:00","dateModified":"2021-07-30T09:58:02+00:00","description":"The transport and logistics sectors increasingly require more advanced and flexible solutions allowing them to reduce costs and optimise processes.","breadcrumb":{"@id":"https:\/\/www.cic.es\/en\/transport-and-logistics\/#breadcrumb"},"inLanguage":"en-US","potentialAction":[{"@type":"ReadAction","target":["https:\/\/www.cic.es\/en\/transport-and-logistics\/"]}]},{"@type":"ImageObject","inLanguage":"en-US","@id":"https:\/\/www.cic.es\/en\/transport-and-logistics\/#primaryimage","url":"https:\/\/www.cic.es\/wp-content\/uploads\/2018\/02\/soluciones-sectores-transporte-logistica.jpg","contentUrl":"https:\/\/www.cic.es\/wp-content\/uploads\/2018\/02\/soluciones-sectores-transporte-logistica.jpg","width":1254,"height":836},{"@type":"BreadcrumbList","@id":"https:\/\/www.cic.es\/en\/transport-and-logistics\/#breadcrumb","itemListElement":[{"@type":"ListItem","position":1,"name":"CIC","item":"https:\/\/www.cic.es\/"},{"@type":"ListItem","position":2,"name":"Transport and Logistics"}]},{"@type":"WebSite","@id":"https:\/\/www.cic.es\/#website","url":"https:\/\/www.cic.es\/","name":"CIC Consulting Inform\u00e1tico","description":"Somos una consultor\u00eda de ingenier\u00eda de desarrollo y proyectos de inform\u00e1tica y comunicaciones","publisher":{"@id":"https:\/\/www.cic.es\/#organization"},"alternateName":"CIC Consulting Inform\u00e1tico","potentialAction":[{"@type":"SearchAction","target":{"@type":"EntryPoint","urlTemplate":"https:\/\/www.cic.es\/?s={search_term_string}"},"query-input":{"@type":"PropertyValueSpecification","valueRequired":true,"valueName":"search_term_string"}}],"inLanguage":"en-US"},{"@type":"Organization","@id":"https:\/\/www.cic.es\/#organization","name":"CIC Consulting Inform\u00e1tico","alternateName":"CIC Consulting Inform\u00e1tico","url":"https:\/\/www.cic.es\/","logo":{"@type":"ImageObject","inLanguage":"en-US","@id":"https:\/\/www.cic.es\/#\/schema\/logo\/image\/","url":"https:\/\/www.cic.es\/wp-content\/uploads\/2018\/04\/cic_color.png","contentUrl":"https:\/\/www.cic.es\/wp-content\/uploads\/2018\/04\/cic_color.png","width":300,"height":200,"caption":"CIC Consulting Inform\u00e1tico"},"image":{"@id":"https:\/\/www.cic.es\/#\/schema\/logo\/image\/"},"sameAs":["https:\/\/www.facebook.com\/CIC.Consulting\/","https:\/\/x.com\/CICactualidad","https:\/\/www.linkedin.com\/company\/2157627\/","https:\/\/www.pinterest.es\/cicconsultinginformatico\/","https:\/\/www.youtube.com\/user\/webmastercic"]}]}},"_links":{"self":[{"href":"https:\/\/www.cic.es\/en\/wp-json\/wp\/v2\/pages\/4273","targetHints":{"allow":["GET"]}}],"collection":[{"href":"https:\/\/www.cic.es\/en\/wp-json\/wp\/v2\/pages"}],"about":[{"href":"https:\/\/www.cic.es\/en\/wp-json\/wp\/v2\/types\/page"}],"author":[{"embeddable":true,"href":"https:\/\/www.cic.es\/en\/wp-json\/wp\/v2\/users\/1"}],"replies":[{"embeddable":true,"href":"https:\/\/www.cic.es\/en\/wp-json\/wp\/v2\/comments?post=4273"}],"version-history":[{"count":2,"href":"https:\/\/www.cic.es\/en\/wp-json\/wp\/v2\/pages\/4273\/revisions"}],"predecessor-version":[{"id":10027,"href":"https:\/\/www.cic.es\/en\/wp-json\/wp\/v2\/pages\/4273\/revisions\/10027"}],"wp:featuredmedia":[{"embeddable":true,"href":"https:\/\/www.cic.es\/en\/wp-json\/wp\/v2\/media\/3551"}],"wp:attachment":[{"href":"https:\/\/www.cic.es\/en\/wp-json\/wp\/v2\/media?parent=4273"}],"curies":[{"name":"wp","href":"https:\/\/api.w.org\/{rel}","templated":true}]}}