{"id":4272,"date":"2018-02-21T09:53:31","date_gmt":"2018-02-21T08:53:31","guid":{"rendered":"http:\/\/webcic-pre.cic.es\/sector-publico\/"},"modified":"2021-07-30T12:56:33","modified_gmt":"2021-07-30T11:56:33","slug":"public-sector","status":"publish","type":"page","link":"https:\/\/www.cic.es\/en\/public-sector\/","title":{"rendered":"Public sector"},"content":{"rendered":"<h2><strong>CIC provides the public sector with <a href=\"https:\/\/www.cic.es\/en\/it-consulting\/\">IT consulting<\/a>, <a href=\"https:\/\/www.cic.es\/en\/it-outsourcing\/\">outsourcing<\/a> and <a href=\"https:\/\/www.cic.es\/en\/software-development-and-system-integration\/\">software development services<\/a>, adjusting all the processes to the institutional reality of public organisations.<\/strong><\/h2>\n<p>Our <strong>public sector technology solutions<\/strong> enable more efficient management with a direct impact on the public services directed at citizens. Specifically, we have carried out projects for processes improvement and apps implementation that simplify government services in the following areas.<\/p>\n<h3><strong>Government Technology solutions <\/strong><\/h3>\n<p>At CIC we have found the best <a href=\"https:\/\/www.cic.es\/en\/smart-cities\/\">Smart City<\/a> development and strategy for progressive improvement of cities and governments. We plan innovative solutions and we customise our services and technology solutions to each city\u00b4s needs.<\/p>\n<ul>\n<li><strong>Employment:<\/strong> <a href=\"https:\/\/www.cic.es\/en\/dynamics-crm\/\">Customer Relationship Management (CRM)<\/a> for prospecting and employment orientation.<\/li>\n<li><strong>Economy and Finance:<\/strong> Tax management system (SIGETRIM), virtual office, Cantabria tax management system (SIWACAT).<\/li>\n<li><strong>Civil Engineering:<\/strong> Management of Environmental Evaluation Files (PSIR).<\/li>\n<li><strong>Presidency\/Government:<\/strong> Common Electronic Register for file processing.<\/li>\n<li><strong>Agriculture:<\/strong> Torrelavega\u00b4s Animal Market Management, company animals register (RACIC), Integrated support system (SIA).<\/li>\n<li><strong>Environment<\/strong>: Environment information system of the Government of Cantabria (SIACAN).<\/li>\n<li><strong>Industry:<\/strong> Registration of buildings energy evaluation certificate requests<\/li>\n<li><strong>Healthcare<\/strong>: Access to Electronic Health Record, Emergency Reports, Nursing Reports<\/li>\n<li><strong>Education:<\/strong> Consulting of management processes of educational staff.<\/li>\n<li><strong>Other projects:<\/strong>\n<ul>\n<li>Urban areas maintenance and waste management<\/li>\n<li>Integration Platform (SOA)<\/li>\n<li>Corporate Identity Management<\/li>\n<li>Unified app maintenance system (AM)<\/li>\n<li>Consultancy integration of digital signature in apps<\/li>\n<li>Employee platforms<\/li>\n<li>Entities platforms<\/li>\n<\/ul>\n<\/li>\n<\/ul>\n<h3><strong>Local Government technology solutions<\/strong><\/h3>\n<ul>\n<li>Executive and voluntary collection management system<\/li>\n<li>Online Request Management System for local sports entities<\/li>\n<li>Open Data<\/li>\n<li>Municipal Mobile Assistant and <a href=\"https:\/\/www.cic.es\/en\/fieldeas\/\">FIELDEAS<\/a><u> (Field Service Management)<\/u><\/li>\n<li>Business Intelligence<\/li>\n<li>User Support<\/li>\n<\/ul>\n<p>At CIC we know ICT needs for the public sector. We develop projects to generate a new administration, transforming the traditional public sector into a modern and innovative entity with better services to citizens. Through our bespoke software services, the public sector saves money, optimises time and processes and improves control of data thanks to <a href=\"https:\/\/www.cic.es\/en\/business-intelligence\/\">Business Intelligence solutions<\/a>. Thereby, achieving the digital transformation of the public sector.<\/p>\n","protected":false},"excerpt":{"rendered":"<p>CIC provides the public sector with IT consulting, outsourcing and software development services, adjusting all the processes to the institutional reality of public organisations. Our public sector technology solutions enable more efficient management with a direct impact on the public services directed at citizens. Specifically, we have carried out projects&#8230;<\/p>\n","protected":false},"author":1,"featured_media":3550,"parent":0,"menu_order":0,"comment_status":"closed","ping_status":"closed","template":"page-templates\/page-sectores.php","meta":{"_acf_changed":false,"footnotes":""},"class_list":["post-4272","page","type-page","status-publish","has-post-thumbnail","hentry"],"acf":[],"yoast_head":"<!-- This site is optimized with the Yoast SEO plugin v27.4 - https:\/\/yoast.com\/product\/yoast-seo-wordpress\/ -->\n<title>Public Sector - CIC Consulting<\/title>\n<meta name=\"description\" content=\"At CIC we have found the best Smart City development and strategy for progressive improvement of cities and governments, transforming the traditional public sector into a modern and innovative entity with better services to citizens.\" \/>\n<meta name=\"robots\" content=\"index, follow, max-snippet:-1, max-image-preview:large, max-video-preview:-1\" \/>\n<link rel=\"canonical\" href=\"https:\/\/www.cic.es\/en\/public-sector\/\" \/>\n<meta property=\"og:locale\" content=\"en_US\" \/>\n<meta property=\"og:type\" content=\"article\" \/>\n<meta property=\"og:title\" content=\"Public Sector - CIC Consulting\" \/>\n<meta property=\"og:description\" content=\"At CIC we have found the best Smart City development and strategy for progressive improvement of cities and governments, transforming the traditional public sector into a modern and innovative entity with better services to citizens.\" \/>\n<meta property=\"og:url\" content=\"https:\/\/www.cic.es\/en\/public-sector\/\" \/>\n<meta property=\"og:site_name\" content=\"CIC Consulting Inform\u00e1tico\" \/>\n<meta property=\"article:publisher\" content=\"https:\/\/www.facebook.com\/CIC.Consulting\/\" \/>\n<meta property=\"article:modified_time\" content=\"2021-07-30T11:56:33+00:00\" \/>\n<meta property=\"og:image\" content=\"https:\/\/www.cic.es\/wp-content\/uploads\/2018\/02\/soluciones-sector-publico.jpg\" \/>\n\t<meta property=\"og:image:width\" content=\"1256\" \/>\n\t<meta property=\"og:image:height\" content=\"835\" \/>\n\t<meta property=\"og:image:type\" content=\"image\/jpeg\" \/>\n<meta name=\"twitter:card\" content=\"summary_large_image\" \/>\n<meta name=\"twitter:site\" content=\"@CICactualidad\" \/>\n<meta name=\"twitter:label1\" content=\"Est. reading time\" \/>\n\t<meta name=\"twitter:data1\" content=\"2 minutes\" \/>\n<script type=\"application\/ld+json\" class=\"yoast-schema-graph\">{\"@context\":\"https:\\\/\\\/schema.org\",\"@graph\":[{\"@type\":\"WebPage\",\"@id\":\"https:\\\/\\\/www.cic.es\\\/en\\\/public-sector\\\/\",\"url\":\"https:\\\/\\\/www.cic.es\\\/en\\\/public-sector\\\/\",\"name\":\"Public Sector - CIC Consulting\",\"isPartOf\":{\"@id\":\"https:\\\/\\\/www.cic.es\\\/#website\"},\"primaryImageOfPage\":{\"@id\":\"https:\\\/\\\/www.cic.es\\\/en\\\/public-sector\\\/#primaryimage\"},\"image\":{\"@id\":\"https:\\\/\\\/www.cic.es\\\/en\\\/public-sector\\\/#primaryimage\"},\"thumbnailUrl\":\"https:\\\/\\\/www.cic.es\\\/wp-content\\\/uploads\\\/2018\\\/02\\\/soluciones-sector-publico.jpg\",\"datePublished\":\"2018-02-21T08:53:31+00:00\",\"dateModified\":\"2021-07-30T11:56:33+00:00\",\"description\":\"At CIC we have found the best Smart City development and strategy for progressive improvement of cities and governments, transforming the traditional public sector into a modern and innovative entity with better services to citizens.\",\"breadcrumb\":{\"@id\":\"https:\\\/\\\/www.cic.es\\\/en\\\/public-sector\\\/#breadcrumb\"},\"inLanguage\":\"en-US\",\"potentialAction\":[{\"@type\":\"ReadAction\",\"target\":[\"https:\\\/\\\/www.cic.es\\\/en\\\/public-sector\\\/\"]}]},{\"@type\":\"ImageObject\",\"inLanguage\":\"en-US\",\"@id\":\"https:\\\/\\\/www.cic.es\\\/en\\\/public-sector\\\/#primaryimage\",\"url\":\"https:\\\/\\\/www.cic.es\\\/wp-content\\\/uploads\\\/2018\\\/02\\\/soluciones-sector-publico.jpg\",\"contentUrl\":\"https:\\\/\\\/www.cic.es\\\/wp-content\\\/uploads\\\/2018\\\/02\\\/soluciones-sector-publico.jpg\",\"width\":1256,\"height\":835},{\"@type\":\"BreadcrumbList\",\"@id\":\"https:\\\/\\\/www.cic.es\\\/en\\\/public-sector\\\/#breadcrumb\",\"itemListElement\":[{\"@type\":\"ListItem\",\"position\":1,\"name\":\"CIC\",\"item\":\"https:\\\/\\\/www.cic.es\\\/\"},{\"@type\":\"ListItem\",\"position\":2,\"name\":\"Public sector\"}]},{\"@type\":\"WebSite\",\"@id\":\"https:\\\/\\\/www.cic.es\\\/#website\",\"url\":\"https:\\\/\\\/www.cic.es\\\/\",\"name\":\"CIC Consulting Inform\u00e1tico\",\"description\":\"Somos una consultor\u00eda de ingenier\u00eda de desarrollo y proyectos de inform\u00e1tica y comunicaciones\",\"publisher\":{\"@id\":\"https:\\\/\\\/www.cic.es\\\/#organization\"},\"alternateName\":\"CIC Consulting Inform\u00e1tico\",\"potentialAction\":[{\"@type\":\"SearchAction\",\"target\":{\"@type\":\"EntryPoint\",\"urlTemplate\":\"https:\\\/\\\/www.cic.es\\\/?s={search_term_string}\"},\"query-input\":{\"@type\":\"PropertyValueSpecification\",\"valueRequired\":true,\"valueName\":\"search_term_string\"}}],\"inLanguage\":\"en-US\"},{\"@type\":\"Organization\",\"@id\":\"https:\\\/\\\/www.cic.es\\\/#organization\",\"name\":\"CIC Consulting Inform\u00e1tico\",\"alternateName\":\"CIC Consulting Inform\u00e1tico\",\"url\":\"https:\\\/\\\/www.cic.es\\\/\",\"logo\":{\"@type\":\"ImageObject\",\"inLanguage\":\"en-US\",\"@id\":\"https:\\\/\\\/www.cic.es\\\/#\\\/schema\\\/logo\\\/image\\\/\",\"url\":\"https:\\\/\\\/www.cic.es\\\/wp-content\\\/uploads\\\/2018\\\/04\\\/cic_color.png\",\"contentUrl\":\"https:\\\/\\\/www.cic.es\\\/wp-content\\\/uploads\\\/2018\\\/04\\\/cic_color.png\",\"width\":300,\"height\":200,\"caption\":\"CIC Consulting Inform\u00e1tico\"},\"image\":{\"@id\":\"https:\\\/\\\/www.cic.es\\\/#\\\/schema\\\/logo\\\/image\\\/\"},\"sameAs\":[\"https:\\\/\\\/www.facebook.com\\\/CIC.Consulting\\\/\",\"https:\\\/\\\/x.com\\\/CICactualidad\",\"https:\\\/\\\/www.linkedin.com\\\/company\\\/2157627\\\/\",\"https:\\\/\\\/www.pinterest.es\\\/cicconsultinginformatico\\\/\",\"https:\\\/\\\/www.youtube.com\\\/user\\\/webmastercic\"]}]}<\/script>\n<!-- \/ Yoast SEO plugin. -->","yoast_head_json":{"title":"Public Sector - CIC Consulting","description":"At CIC we have found the best Smart City development and strategy for progressive improvement of cities and governments, transforming the traditional public sector into a modern and innovative entity with better services to citizens.","robots":{"index":"index","follow":"follow","max-snippet":"max-snippet:-1","max-image-preview":"max-image-preview:large","max-video-preview":"max-video-preview:-1"},"canonical":"https:\/\/www.cic.es\/en\/public-sector\/","og_locale":"en_US","og_type":"article","og_title":"Public Sector - CIC Consulting","og_description":"At CIC we have found the best Smart City development and strategy for progressive improvement of cities and governments, transforming the traditional public sector into a modern and innovative entity with better services to citizens.","og_url":"https:\/\/www.cic.es\/en\/public-sector\/","og_site_name":"CIC Consulting Inform\u00e1tico","article_publisher":"https:\/\/www.facebook.com\/CIC.Consulting\/","article_modified_time":"2021-07-30T11:56:33+00:00","og_image":[{"width":1256,"height":835,"url":"https:\/\/www.cic.es\/wp-content\/uploads\/2018\/02\/soluciones-sector-publico.jpg","type":"image\/jpeg"}],"twitter_card":"summary_large_image","twitter_site":"@CICactualidad","twitter_misc":{"Est. reading time":"2 minutes"},"schema":{"@context":"https:\/\/schema.org","@graph":[{"@type":"WebPage","@id":"https:\/\/www.cic.es\/en\/public-sector\/","url":"https:\/\/www.cic.es\/en\/public-sector\/","name":"Public Sector - CIC Consulting","isPartOf":{"@id":"https:\/\/www.cic.es\/#website"},"primaryImageOfPage":{"@id":"https:\/\/www.cic.es\/en\/public-sector\/#primaryimage"},"image":{"@id":"https:\/\/www.cic.es\/en\/public-sector\/#primaryimage"},"thumbnailUrl":"https:\/\/www.cic.es\/wp-content\/uploads\/2018\/02\/soluciones-sector-publico.jpg","datePublished":"2018-02-21T08:53:31+00:00","dateModified":"2021-07-30T11:56:33+00:00","description":"At CIC we have found the best Smart City development and strategy for progressive improvement of cities and governments, transforming the traditional public sector into a modern and innovative entity with better services to citizens.","breadcrumb":{"@id":"https:\/\/www.cic.es\/en\/public-sector\/#breadcrumb"},"inLanguage":"en-US","potentialAction":[{"@type":"ReadAction","target":["https:\/\/www.cic.es\/en\/public-sector\/"]}]},{"@type":"ImageObject","inLanguage":"en-US","@id":"https:\/\/www.cic.es\/en\/public-sector\/#primaryimage","url":"https:\/\/www.cic.es\/wp-content\/uploads\/2018\/02\/soluciones-sector-publico.jpg","contentUrl":"https:\/\/www.cic.es\/wp-content\/uploads\/2018\/02\/soluciones-sector-publico.jpg","width":1256,"height":835},{"@type":"BreadcrumbList","@id":"https:\/\/www.cic.es\/en\/public-sector\/#breadcrumb","itemListElement":[{"@type":"ListItem","position":1,"name":"CIC","item":"https:\/\/www.cic.es\/"},{"@type":"ListItem","position":2,"name":"Public sector"}]},{"@type":"WebSite","@id":"https:\/\/www.cic.es\/#website","url":"https:\/\/www.cic.es\/","name":"CIC Consulting Inform\u00e1tico","description":"Somos una consultor\u00eda de ingenier\u00eda de desarrollo y proyectos de inform\u00e1tica y comunicaciones","publisher":{"@id":"https:\/\/www.cic.es\/#organization"},"alternateName":"CIC Consulting Inform\u00e1tico","potentialAction":[{"@type":"SearchAction","target":{"@type":"EntryPoint","urlTemplate":"https:\/\/www.cic.es\/?s={search_term_string}"},"query-input":{"@type":"PropertyValueSpecification","valueRequired":true,"valueName":"search_term_string"}}],"inLanguage":"en-US"},{"@type":"Organization","@id":"https:\/\/www.cic.es\/#organization","name":"CIC Consulting Inform\u00e1tico","alternateName":"CIC Consulting Inform\u00e1tico","url":"https:\/\/www.cic.es\/","logo":{"@type":"ImageObject","inLanguage":"en-US","@id":"https:\/\/www.cic.es\/#\/schema\/logo\/image\/","url":"https:\/\/www.cic.es\/wp-content\/uploads\/2018\/04\/cic_color.png","contentUrl":"https:\/\/www.cic.es\/wp-content\/uploads\/2018\/04\/cic_color.png","width":300,"height":200,"caption":"CIC Consulting Inform\u00e1tico"},"image":{"@id":"https:\/\/www.cic.es\/#\/schema\/logo\/image\/"},"sameAs":["https:\/\/www.facebook.com\/CIC.Consulting\/","https:\/\/x.com\/CICactualidad","https:\/\/www.linkedin.com\/company\/2157627\/","https:\/\/www.pinterest.es\/cicconsultinginformatico\/","https:\/\/www.youtube.com\/user\/webmastercic"]}]}},"_links":{"self":[{"href":"https:\/\/www.cic.es\/en\/wp-json\/wp\/v2\/pages\/4272","targetHints":{"allow":["GET"]}}],"collection":[{"href":"https:\/\/www.cic.es\/en\/wp-json\/wp\/v2\/pages"}],"about":[{"href":"https:\/\/www.cic.es\/en\/wp-json\/wp\/v2\/types\/page"}],"author":[{"embeddable":true,"href":"https:\/\/www.cic.es\/en\/wp-json\/wp\/v2\/users\/1"}],"replies":[{"embeddable":true,"href":"https:\/\/www.cic.es\/en\/wp-json\/wp\/v2\/comments?post=4272"}],"version-history":[{"count":3,"href":"https:\/\/www.cic.es\/en\/wp-json\/wp\/v2\/pages\/4272\/revisions"}],"predecessor-version":[{"id":10066,"href":"https:\/\/www.cic.es\/en\/wp-json\/wp\/v2\/pages\/4272\/revisions\/10066"}],"wp:featuredmedia":[{"embeddable":true,"href":"https:\/\/www.cic.es\/en\/wp-json\/wp\/v2\/media\/3550"}],"wp:attachment":[{"href":"https:\/\/www.cic.es\/en\/wp-json\/wp\/v2\/media?parent=4272"}],"curies":[{"name":"wp","href":"https:\/\/api.w.org\/{rel}","templated":true}]}}