{"id":4270,"date":"2018-02-21T09:53:02","date_gmt":"2018-02-21T08:53:02","guid":{"rendered":"http:\/\/webcic-pre.cic.es\/industria\/"},"modified":"2021-11-04T11:46:07","modified_gmt":"2021-11-04T10:46:07","slug":"industry","status":"publish","type":"page","link":"https:\/\/www.cic.es\/en\/industry\/","title":{"rendered":"Industry"},"content":{"rendered":"<div>\n<h2><strong>Our solutions boost your industrial digital transformation and increase the efficiency of the value chain and your competitiveness, as well as, speeding up the transition towards \u201cintelligent industry\u201d.<\/strong><\/h2>\n<p>The time for industrial manufacturing has come. We possess the best software solutions for you to face the digital industrial revolution or Industry 4.0.<\/p>\n<h2><strong>We develop IT solutions for Industry 4.0 and manufacturing<\/strong><\/h2>\n<p>Put your business on the side of developing technological platforms and new operational models which will allow your products and services to be connected and that integrate your client\u00b4s operations.<\/p>\n<ul>\n<li><strong>Quality control for industrial production<\/strong><\/li>\n<\/ul>\n<\/div>\n<div>\n<p style=\"padding-left: 30px;\">Quality control for any finished product (manufactured, produced\u2026 any industrial sector). With the ability to block part of the production process (block, adjust, element maintenance) to avoid any faulty product.<\/p>\n<ul>\n<li><strong>Streamlining and managing warehouse maintenance<\/strong><\/li>\n<\/ul>\n<p style=\"padding-left: 30px;\">Streamlined entry and exit control processes for products in warehouses, allowing for regularisations and helping in warehouse organisation.<\/p>\n<ul>\n<li><a href=\"https:\/\/www.cic.es\/en\/software-development-and-system-integration\/gis-geographic-information-system\/\">Geographic Information Systems (GIS)<\/a><\/li>\n<\/ul>\n<p style=\"padding-left: 30px;\">GIS are systems created to capture, store, manipulate, analyse, manage, and present spatial or geographic data. GIS are tools that enable users to generate interactive queries, analyse spatial information, edit data on maps and report the results of all these operations.<\/p>\n<ul>\n<li><strong>Operational Intelligence, collect and analyse data at the plant.<\/strong><\/li>\n<\/ul>\n<p style=\"padding-left: 30px;\">Thanks to <a href=\"https:\/\/www.cic.es\/en\/idbox-rt\/\">IDboxRT\u00b4s<\/a> capacity for integration with the most often used signals (water temperature, pressure in machines, degree of humidity\u2026) we can carry out different operations. Monitoring and supervising processes, signal integration from whatever source of information, processing, calculating and storing new signals, all used as a tool in the decision making process.<\/p>\n<ul>\n<li><strong><a href=\"https:\/\/www.cic.es\/en\/energy-and-utilities\/energy-efficiency\/\">Energy Efficiency Management<\/a><\/strong><\/li>\n<\/ul>\n<p style=\"padding-left: 30px;\">IDboxRT supplies information that allows a manager to optimise, distribute and be more energy efficient.<\/p>\n<ul>\n<li><a href=\"https:\/\/www.cic.es\/en\/dynamics-crm\/\">Customer Relationship Management (CRM)<\/a><strong> supported by documents management<\/strong><\/li>\n<\/ul>\n<h3><strong>More Services and Solutions for Industry<\/strong><\/h3>\n<p>We have years of experience in the <strong>Digital Transformation<\/strong> of the automotive, metals, chemical, retail, tourism and Oil&amp;Gas Industries.<\/p>\n<p>With Industry 4.0, companies want the connectivity tools that allow them to have data about the levels of production, availability of inventory and capacity, quality levels, order status, suppliers, etc.<\/p>\n<p>Your workforce will be better prepared and connected to carry out their work more efficiently. Controlling information <strong>will increase productivity and improve quality<\/strong> in all your production processes.<\/p>\n<ul>\n<li><a href=\"https:\/\/www.cic.es\/en\/idbox-rt\/\">Data monitoring<\/a><\/li>\n<li>Planning and optimising resources<\/li>\n<li>Predictive maintenance: anticipating problems<\/li>\n<li>Services management and (<a href=\"https:\/\/www.cic.es\/fieldeas\/\">Field Services\u00a0Management<\/a>)<\/li>\n<\/ul>\n<ul>\n<li>Adapted processes to different service models<\/li>\n<li>SAT, OCA, Field Marketing, commercial strength<\/li>\n<li><a href=\"https:\/\/www.cic.es\/en\/energy-and-utilities\/energy-efficiency\/\">Energy efficiency management<\/a><\/li>\n<\/ul>\n<ul>\n<li>B2C Processes \u2013 Business-to-Consumer<\/li>\n<li><a href=\"https:\/\/www.cic.es\/en\/cybersecurity\/\">Industrial Security Solutions<\/a><\/li>\n<\/ul>\n<\/div>\n","protected":false},"excerpt":{"rendered":"<p>Our solutions boost your industrial digital transformation and increase the efficiency of the value chain and your competitiveness, as well as, speeding up the transition towards \u201cintelligent industry\u201d. The time for industrial manufacturing has come. We possess the best software solutions for you to face the digital industrial revolution or&#8230;<\/p>\n","protected":false},"author":1,"featured_media":3548,"parent":0,"menu_order":0,"comment_status":"closed","ping_status":"closed","template":"page-templates\/page-sectores.php","meta":{"_acf_changed":false,"footnotes":""},"class_list":["post-4270","page","type-page","status-publish","has-post-thumbnail","hentry"],"acf":[],"yoast_head":"<!-- This site is optimized with the Yoast SEO plugin v27.4 - https:\/\/yoast.com\/product\/yoast-seo-wordpress\/ -->\n<title>Industry CIC Consulting Inform\u00e1tico<\/title>\n<meta name=\"description\" content=\"The time for industrial manufacturing has come. We possess the best software solutions for you to face the digital industrial revolution or Industry 4.0.\" \/>\n<meta name=\"robots\" content=\"index, follow, max-snippet:-1, max-image-preview:large, max-video-preview:-1\" \/>\n<link rel=\"canonical\" href=\"https:\/\/www.cic.es\/en\/industry\/\" \/>\n<meta property=\"og:locale\" content=\"en_US\" \/>\n<meta property=\"og:type\" content=\"article\" \/>\n<meta property=\"og:title\" content=\"Industry CIC Consulting Inform\u00e1tico\" \/>\n<meta property=\"og:description\" content=\"The time for industrial manufacturing has come. We possess the best software solutions for you to face the digital industrial revolution or Industry 4.0.\" \/>\n<meta property=\"og:url\" content=\"https:\/\/www.cic.es\/en\/industry\/\" \/>\n<meta property=\"og:site_name\" content=\"CIC Consulting Inform\u00e1tico\" \/>\n<meta property=\"article:publisher\" content=\"https:\/\/www.facebook.com\/CIC.Consulting\/\" \/>\n<meta property=\"article:modified_time\" content=\"2021-11-04T10:46:07+00:00\" \/>\n<meta property=\"og:image\" content=\"https:\/\/www.cic.es\/wp-content\/uploads\/2018\/02\/soluciones-sectores-industria-servicios.jpg\" \/>\n\t<meta property=\"og:image:width\" content=\"1255\" \/>\n\t<meta property=\"og:image:height\" content=\"836\" \/>\n\t<meta property=\"og:image:type\" content=\"image\/jpeg\" \/>\n<meta name=\"twitter:card\" content=\"summary_large_image\" \/>\n<meta name=\"twitter:site\" content=\"@CICactualidad\" \/>\n<meta name=\"twitter:label1\" content=\"Est. reading time\" \/>\n\t<meta name=\"twitter:data1\" content=\"2 minutes\" \/>\n<script type=\"application\/ld+json\" class=\"yoast-schema-graph\">{\"@context\":\"https:\\\/\\\/schema.org\",\"@graph\":[{\"@type\":\"WebPage\",\"@id\":\"https:\\\/\\\/www.cic.es\\\/en\\\/industry\\\/\",\"url\":\"https:\\\/\\\/www.cic.es\\\/en\\\/industry\\\/\",\"name\":\"Industry CIC Consulting Inform\u00e1tico\",\"isPartOf\":{\"@id\":\"https:\\\/\\\/www.cic.es\\\/#website\"},\"primaryImageOfPage\":{\"@id\":\"https:\\\/\\\/www.cic.es\\\/en\\\/industry\\\/#primaryimage\"},\"image\":{\"@id\":\"https:\\\/\\\/www.cic.es\\\/en\\\/industry\\\/#primaryimage\"},\"thumbnailUrl\":\"https:\\\/\\\/www.cic.es\\\/wp-content\\\/uploads\\\/2018\\\/02\\\/soluciones-sectores-industria-servicios.jpg\",\"datePublished\":\"2018-02-21T08:53:02+00:00\",\"dateModified\":\"2021-11-04T10:46:07+00:00\",\"description\":\"The time for industrial manufacturing has come. We possess the best software solutions for you to face the digital industrial revolution or Industry 4.0.\",\"breadcrumb\":{\"@id\":\"https:\\\/\\\/www.cic.es\\\/en\\\/industry\\\/#breadcrumb\"},\"inLanguage\":\"en-US\",\"potentialAction\":[{\"@type\":\"ReadAction\",\"target\":[\"https:\\\/\\\/www.cic.es\\\/en\\\/industry\\\/\"]}]},{\"@type\":\"ImageObject\",\"inLanguage\":\"en-US\",\"@id\":\"https:\\\/\\\/www.cic.es\\\/en\\\/industry\\\/#primaryimage\",\"url\":\"https:\\\/\\\/www.cic.es\\\/wp-content\\\/uploads\\\/2018\\\/02\\\/soluciones-sectores-industria-servicios.jpg\",\"contentUrl\":\"https:\\\/\\\/www.cic.es\\\/wp-content\\\/uploads\\\/2018\\\/02\\\/soluciones-sectores-industria-servicios.jpg\",\"width\":1255,\"height\":836},{\"@type\":\"BreadcrumbList\",\"@id\":\"https:\\\/\\\/www.cic.es\\\/en\\\/industry\\\/#breadcrumb\",\"itemListElement\":[{\"@type\":\"ListItem\",\"position\":1,\"name\":\"CIC\",\"item\":\"https:\\\/\\\/www.cic.es\\\/\"},{\"@type\":\"ListItem\",\"position\":2,\"name\":\"Industry\"}]},{\"@type\":\"WebSite\",\"@id\":\"https:\\\/\\\/www.cic.es\\\/#website\",\"url\":\"https:\\\/\\\/www.cic.es\\\/\",\"name\":\"CIC Consulting Inform\u00e1tico\",\"description\":\"Somos una consultor\u00eda de ingenier\u00eda de desarrollo y proyectos de inform\u00e1tica y comunicaciones\",\"publisher\":{\"@id\":\"https:\\\/\\\/www.cic.es\\\/#organization\"},\"alternateName\":\"CIC Consulting Inform\u00e1tico\",\"potentialAction\":[{\"@type\":\"SearchAction\",\"target\":{\"@type\":\"EntryPoint\",\"urlTemplate\":\"https:\\\/\\\/www.cic.es\\\/?s={search_term_string}\"},\"query-input\":{\"@type\":\"PropertyValueSpecification\",\"valueRequired\":true,\"valueName\":\"search_term_string\"}}],\"inLanguage\":\"en-US\"},{\"@type\":\"Organization\",\"@id\":\"https:\\\/\\\/www.cic.es\\\/#organization\",\"name\":\"CIC Consulting Inform\u00e1tico\",\"alternateName\":\"CIC Consulting Inform\u00e1tico\",\"url\":\"https:\\\/\\\/www.cic.es\\\/\",\"logo\":{\"@type\":\"ImageObject\",\"inLanguage\":\"en-US\",\"@id\":\"https:\\\/\\\/www.cic.es\\\/#\\\/schema\\\/logo\\\/image\\\/\",\"url\":\"https:\\\/\\\/www.cic.es\\\/wp-content\\\/uploads\\\/2018\\\/04\\\/cic_color.png\",\"contentUrl\":\"https:\\\/\\\/www.cic.es\\\/wp-content\\\/uploads\\\/2018\\\/04\\\/cic_color.png\",\"width\":300,\"height\":200,\"caption\":\"CIC Consulting Inform\u00e1tico\"},\"image\":{\"@id\":\"https:\\\/\\\/www.cic.es\\\/#\\\/schema\\\/logo\\\/image\\\/\"},\"sameAs\":[\"https:\\\/\\\/www.facebook.com\\\/CIC.Consulting\\\/\",\"https:\\\/\\\/x.com\\\/CICactualidad\",\"https:\\\/\\\/www.linkedin.com\\\/company\\\/2157627\\\/\",\"https:\\\/\\\/www.pinterest.es\\\/cicconsultinginformatico\\\/\",\"https:\\\/\\\/www.youtube.com\\\/user\\\/webmastercic\"]}]}<\/script>\n<!-- \/ Yoast SEO plugin. -->","yoast_head_json":{"title":"Industry CIC Consulting Inform\u00e1tico","description":"The time for industrial manufacturing has come. We possess the best software solutions for you to face the digital industrial revolution or Industry 4.0.","robots":{"index":"index","follow":"follow","max-snippet":"max-snippet:-1","max-image-preview":"max-image-preview:large","max-video-preview":"max-video-preview:-1"},"canonical":"https:\/\/www.cic.es\/en\/industry\/","og_locale":"en_US","og_type":"article","og_title":"Industry CIC Consulting Inform\u00e1tico","og_description":"The time for industrial manufacturing has come. We possess the best software solutions for you to face the digital industrial revolution or Industry 4.0.","og_url":"https:\/\/www.cic.es\/en\/industry\/","og_site_name":"CIC Consulting Inform\u00e1tico","article_publisher":"https:\/\/www.facebook.com\/CIC.Consulting\/","article_modified_time":"2021-11-04T10:46:07+00:00","og_image":[{"width":1255,"height":836,"url":"https:\/\/www.cic.es\/wp-content\/uploads\/2018\/02\/soluciones-sectores-industria-servicios.jpg","type":"image\/jpeg"}],"twitter_card":"summary_large_image","twitter_site":"@CICactualidad","twitter_misc":{"Est. reading time":"2 minutes"},"schema":{"@context":"https:\/\/schema.org","@graph":[{"@type":"WebPage","@id":"https:\/\/www.cic.es\/en\/industry\/","url":"https:\/\/www.cic.es\/en\/industry\/","name":"Industry CIC Consulting Inform\u00e1tico","isPartOf":{"@id":"https:\/\/www.cic.es\/#website"},"primaryImageOfPage":{"@id":"https:\/\/www.cic.es\/en\/industry\/#primaryimage"},"image":{"@id":"https:\/\/www.cic.es\/en\/industry\/#primaryimage"},"thumbnailUrl":"https:\/\/www.cic.es\/wp-content\/uploads\/2018\/02\/soluciones-sectores-industria-servicios.jpg","datePublished":"2018-02-21T08:53:02+00:00","dateModified":"2021-11-04T10:46:07+00:00","description":"The time for industrial manufacturing has come. We possess the best software solutions for you to face the digital industrial revolution or Industry 4.0.","breadcrumb":{"@id":"https:\/\/www.cic.es\/en\/industry\/#breadcrumb"},"inLanguage":"en-US","potentialAction":[{"@type":"ReadAction","target":["https:\/\/www.cic.es\/en\/industry\/"]}]},{"@type":"ImageObject","inLanguage":"en-US","@id":"https:\/\/www.cic.es\/en\/industry\/#primaryimage","url":"https:\/\/www.cic.es\/wp-content\/uploads\/2018\/02\/soluciones-sectores-industria-servicios.jpg","contentUrl":"https:\/\/www.cic.es\/wp-content\/uploads\/2018\/02\/soluciones-sectores-industria-servicios.jpg","width":1255,"height":836},{"@type":"BreadcrumbList","@id":"https:\/\/www.cic.es\/en\/industry\/#breadcrumb","itemListElement":[{"@type":"ListItem","position":1,"name":"CIC","item":"https:\/\/www.cic.es\/"},{"@type":"ListItem","position":2,"name":"Industry"}]},{"@type":"WebSite","@id":"https:\/\/www.cic.es\/#website","url":"https:\/\/www.cic.es\/","name":"CIC Consulting Inform\u00e1tico","description":"Somos una consultor\u00eda de ingenier\u00eda de desarrollo y proyectos de inform\u00e1tica y comunicaciones","publisher":{"@id":"https:\/\/www.cic.es\/#organization"},"alternateName":"CIC Consulting Inform\u00e1tico","potentialAction":[{"@type":"SearchAction","target":{"@type":"EntryPoint","urlTemplate":"https:\/\/www.cic.es\/?s={search_term_string}"},"query-input":{"@type":"PropertyValueSpecification","valueRequired":true,"valueName":"search_term_string"}}],"inLanguage":"en-US"},{"@type":"Organization","@id":"https:\/\/www.cic.es\/#organization","name":"CIC Consulting Inform\u00e1tico","alternateName":"CIC Consulting Inform\u00e1tico","url":"https:\/\/www.cic.es\/","logo":{"@type":"ImageObject","inLanguage":"en-US","@id":"https:\/\/www.cic.es\/#\/schema\/logo\/image\/","url":"https:\/\/www.cic.es\/wp-content\/uploads\/2018\/04\/cic_color.png","contentUrl":"https:\/\/www.cic.es\/wp-content\/uploads\/2018\/04\/cic_color.png","width":300,"height":200,"caption":"CIC Consulting Inform\u00e1tico"},"image":{"@id":"https:\/\/www.cic.es\/#\/schema\/logo\/image\/"},"sameAs":["https:\/\/www.facebook.com\/CIC.Consulting\/","https:\/\/x.com\/CICactualidad","https:\/\/www.linkedin.com\/company\/2157627\/","https:\/\/www.pinterest.es\/cicconsultinginformatico\/","https:\/\/www.youtube.com\/user\/webmastercic"]}]}},"_links":{"self":[{"href":"https:\/\/www.cic.es\/en\/wp-json\/wp\/v2\/pages\/4270","targetHints":{"allow":["GET"]}}],"collection":[{"href":"https:\/\/www.cic.es\/en\/wp-json\/wp\/v2\/pages"}],"about":[{"href":"https:\/\/www.cic.es\/en\/wp-json\/wp\/v2\/types\/page"}],"author":[{"embeddable":true,"href":"https:\/\/www.cic.es\/en\/wp-json\/wp\/v2\/users\/1"}],"replies":[{"embeddable":true,"href":"https:\/\/www.cic.es\/en\/wp-json\/wp\/v2\/comments?post=4270"}],"version-history":[{"count":5,"href":"https:\/\/www.cic.es\/en\/wp-json\/wp\/v2\/pages\/4270\/revisions"}],"predecessor-version":[{"id":10862,"href":"https:\/\/www.cic.es\/en\/wp-json\/wp\/v2\/pages\/4270\/revisions\/10862"}],"wp:featuredmedia":[{"embeddable":true,"href":"https:\/\/www.cic.es\/en\/wp-json\/wp\/v2\/media\/3548"}],"wp:attachment":[{"href":"https:\/\/www.cic.es\/en\/wp-json\/wp\/v2\/media?parent=4270"}],"curies":[{"name":"wp","href":"https:\/\/api.w.org\/{rel}","templated":true}]}}