{"id":4263,"date":"2018-02-21T09:52:49","date_gmt":"2018-02-21T08:52:49","guid":{"rendered":"http:\/\/webcic-pre.cic.es\/energia-y-utilities\/"},"modified":"2023-04-28T11:09:43","modified_gmt":"2023-04-28T10:09:43","slug":"energy-and-utilities","status":"publish","type":"page","link":"https:\/\/www.cic.es\/en\/energy-and-utilities\/","title":{"rendered":"Energy and utilities"},"content":{"rendered":"<h2><strong>Our solutions for the energy and utility industry are based on our Experience and Know-How.<\/strong><\/h2>\n<p>We understand that every business in the <strong>energy and utilities sector<\/strong> is different, and that every company requires different <strong>technological solutions<\/strong>. We recognise the needs of every client and we are experts in <strong>designing and providing effective solutions<\/strong> focused on their systems and infrastructures.<\/p>\n<p>At CIC our objective for energy and utility companies is to optimise their business processes that are constantly evolving.<\/p>\n<p>We, therefore, are able to offer our technological know-how and experience to the energy and utilities industry so that they run more efficiently, control energy consumption, optimise assets and meet their sustainable initiatives.<\/p>\n<p>We provide a differentiated approach, offering consulting services, systems integration, outsourcing and cyber security for the utilities in the electric, water, oil and gas industries.<\/p>\n<p>At CIC we will guide the energy and utilities sector through all the operations that will increase productivity by integrating all the processes that will result in solid results.<\/p>\n<h2><a href=\"https:\/\/www.cic.es\/en\/energy-and-utilities\/nuclear-energy\/\" target=\"_blank\" rel=\"noopener\">Electric, nuclear and renewables sectors<\/a><\/h2>\n<p>We provide flexible solutions directed to the needs of energy companies that <strong>generate, distribute and commercialise<\/strong> electricity services, maximising their management and compliance processes.<\/p>\n<h2><a href=\"https:\/\/www.cic.es\/en\/energy-and-utilities\/oil-and-gas\/\">Oil &amp; Gas<\/a><\/h2>\n<p>Our monitoring and operational intelligence solutions, audits and inspections services, as well as, field service management solutions allow you <strong>to gain visibility and understanding<\/strong>; <strong>increasing security<\/strong>, reducing risks and costs and carry out <strong>better asset management<\/strong> of your company.<\/p>\n<h2><a href=\"https:\/\/www.cic.es\/en\/energy-and-utilities\/water-and-wastewater\/\">Water and Wastewater<\/a><\/h2>\n<p>We offer <strong>energy and operational efficiency<\/strong> solutions for water and wastewater supply networks, wastewater treatment plants for town halls or industry, waste treatment plants, desalination plants, denitrification plants, etc.<\/p>\n<h2><strong>At CIC we work with the latest intelligent technologies for the energy and utilities sector<\/strong><\/h2>\n<p>The evolution of Smart Grid and Smart Metering, and in general, the <strong>digitalisation of the intelligent distribution network<\/strong> is allowing for operational improvements that translate into <strong>better automation, integration, improved efficiency and a higher quality supply system<\/strong>.<\/p>\n<p>CIC is able to provide you with the tools to <strong>anticipate network problems<\/strong>, pinpoint the problem, measure by remote control users energy consumption, all through information provided by intelligent equipment installed.<\/p>\n","protected":false},"excerpt":{"rendered":"<p>Our solutions for the energy and utility industry are based on our Experience and Know-How. We understand that every business in the energy and utilities sector is different, and that every company requires different technological solutions. We recognise the needs of every client and we are experts in designing and&#8230;<\/p>\n","protected":false},"author":1,"featured_media":3547,"parent":0,"menu_order":0,"comment_status":"closed","ping_status":"closed","template":"page-templates\/page-sectores.php","meta":{"_acf_changed":false,"footnotes":""},"class_list":["post-4263","page","type-page","status-publish","has-post-thumbnail","hentry"],"acf":[],"yoast_head":"<!-- This site is optimized with the Yoast SEO plugin v27.4 - https:\/\/yoast.com\/product\/yoast-seo-wordpress\/ -->\n<title>Energy and utilities CIC Consulting Inform\u00e1tico<\/title>\n<meta name=\"description\" content=\"We understand that every business in the energy and utilities sector is different, and that every company requires different technological solutions.\" \/>\n<meta name=\"robots\" content=\"index, follow, max-snippet:-1, max-image-preview:large, max-video-preview:-1\" \/>\n<link rel=\"canonical\" href=\"https:\/\/www.cic.es\/en\/energy-and-utilities\/\" \/>\n<meta property=\"og:locale\" content=\"en_US\" \/>\n<meta property=\"og:type\" content=\"article\" \/>\n<meta property=\"og:title\" content=\"Energy and utilities CIC Consulting Inform\u00e1tico\" \/>\n<meta property=\"og:description\" content=\"We understand that every business in the energy and utilities sector is different, and that every company requires different technological solutions.\" \/>\n<meta property=\"og:url\" content=\"https:\/\/www.cic.es\/en\/energy-and-utilities\/\" \/>\n<meta property=\"og:site_name\" content=\"CIC Consulting Inform\u00e1tico\" \/>\n<meta property=\"article:publisher\" content=\"https:\/\/www.facebook.com\/CIC.Consulting\/\" \/>\n<meta property=\"article:modified_time\" content=\"2023-04-28T10:09:43+00:00\" \/>\n<meta property=\"og:image\" content=\"https:\/\/www.cic.es\/wp-content\/uploads\/2018\/02\/soluciones-sector-energia-utilities.jpg\" \/>\n\t<meta property=\"og:image:width\" content=\"1254\" \/>\n\t<meta property=\"og:image:height\" content=\"836\" \/>\n\t<meta property=\"og:image:type\" content=\"image\/jpeg\" \/>\n<meta name=\"twitter:card\" content=\"summary_large_image\" \/>\n<meta name=\"twitter:site\" content=\"@CICactualidad\" \/>\n<meta name=\"twitter:label1\" content=\"Est. reading time\" \/>\n\t<meta name=\"twitter:data1\" content=\"2 minutes\" \/>\n<script type=\"application\/ld+json\" class=\"yoast-schema-graph\">{\"@context\":\"https:\\\/\\\/schema.org\",\"@graph\":[{\"@type\":\"WebPage\",\"@id\":\"https:\\\/\\\/www.cic.es\\\/en\\\/energy-and-utilities\\\/\",\"url\":\"https:\\\/\\\/www.cic.es\\\/en\\\/energy-and-utilities\\\/\",\"name\":\"Energy and utilities CIC Consulting Inform\u00e1tico\",\"isPartOf\":{\"@id\":\"https:\\\/\\\/www.cic.es\\\/#website\"},\"primaryImageOfPage\":{\"@id\":\"https:\\\/\\\/www.cic.es\\\/en\\\/energy-and-utilities\\\/#primaryimage\"},\"image\":{\"@id\":\"https:\\\/\\\/www.cic.es\\\/en\\\/energy-and-utilities\\\/#primaryimage\"},\"thumbnailUrl\":\"https:\\\/\\\/www.cic.es\\\/wp-content\\\/uploads\\\/2018\\\/02\\\/soluciones-sector-energia-utilities.jpg\",\"datePublished\":\"2018-02-21T08:52:49+00:00\",\"dateModified\":\"2023-04-28T10:09:43+00:00\",\"description\":\"We understand that every business in the energy and utilities sector is different, and that every company requires different technological solutions.\",\"breadcrumb\":{\"@id\":\"https:\\\/\\\/www.cic.es\\\/en\\\/energy-and-utilities\\\/#breadcrumb\"},\"inLanguage\":\"en-US\",\"potentialAction\":[{\"@type\":\"ReadAction\",\"target\":[\"https:\\\/\\\/www.cic.es\\\/en\\\/energy-and-utilities\\\/\"]}]},{\"@type\":\"ImageObject\",\"inLanguage\":\"en-US\",\"@id\":\"https:\\\/\\\/www.cic.es\\\/en\\\/energy-and-utilities\\\/#primaryimage\",\"url\":\"https:\\\/\\\/www.cic.es\\\/wp-content\\\/uploads\\\/2018\\\/02\\\/soluciones-sector-energia-utilities.jpg\",\"contentUrl\":\"https:\\\/\\\/www.cic.es\\\/wp-content\\\/uploads\\\/2018\\\/02\\\/soluciones-sector-energia-utilities.jpg\",\"width\":1254,\"height\":836},{\"@type\":\"BreadcrumbList\",\"@id\":\"https:\\\/\\\/www.cic.es\\\/en\\\/energy-and-utilities\\\/#breadcrumb\",\"itemListElement\":[{\"@type\":\"ListItem\",\"position\":1,\"name\":\"CIC\",\"item\":\"https:\\\/\\\/www.cic.es\\\/\"},{\"@type\":\"ListItem\",\"position\":2,\"name\":\"Energy and utilities\"}]},{\"@type\":\"WebSite\",\"@id\":\"https:\\\/\\\/www.cic.es\\\/#website\",\"url\":\"https:\\\/\\\/www.cic.es\\\/\",\"name\":\"CIC Consulting Inform\u00e1tico\",\"description\":\"Somos una consultor\u00eda de ingenier\u00eda de desarrollo y proyectos de inform\u00e1tica y comunicaciones\",\"publisher\":{\"@id\":\"https:\\\/\\\/www.cic.es\\\/#organization\"},\"alternateName\":\"CIC Consulting Inform\u00e1tico\",\"potentialAction\":[{\"@type\":\"SearchAction\",\"target\":{\"@type\":\"EntryPoint\",\"urlTemplate\":\"https:\\\/\\\/www.cic.es\\\/?s={search_term_string}\"},\"query-input\":{\"@type\":\"PropertyValueSpecification\",\"valueRequired\":true,\"valueName\":\"search_term_string\"}}],\"inLanguage\":\"en-US\"},{\"@type\":\"Organization\",\"@id\":\"https:\\\/\\\/www.cic.es\\\/#organization\",\"name\":\"CIC Consulting Inform\u00e1tico\",\"alternateName\":\"CIC Consulting Inform\u00e1tico\",\"url\":\"https:\\\/\\\/www.cic.es\\\/\",\"logo\":{\"@type\":\"ImageObject\",\"inLanguage\":\"en-US\",\"@id\":\"https:\\\/\\\/www.cic.es\\\/#\\\/schema\\\/logo\\\/image\\\/\",\"url\":\"https:\\\/\\\/www.cic.es\\\/wp-content\\\/uploads\\\/2018\\\/04\\\/cic_color.png\",\"contentUrl\":\"https:\\\/\\\/www.cic.es\\\/wp-content\\\/uploads\\\/2018\\\/04\\\/cic_color.png\",\"width\":300,\"height\":200,\"caption\":\"CIC Consulting Inform\u00e1tico\"},\"image\":{\"@id\":\"https:\\\/\\\/www.cic.es\\\/#\\\/schema\\\/logo\\\/image\\\/\"},\"sameAs\":[\"https:\\\/\\\/www.facebook.com\\\/CIC.Consulting\\\/\",\"https:\\\/\\\/x.com\\\/CICactualidad\",\"https:\\\/\\\/www.linkedin.com\\\/company\\\/2157627\\\/\",\"https:\\\/\\\/www.pinterest.es\\\/cicconsultinginformatico\\\/\",\"https:\\\/\\\/www.youtube.com\\\/user\\\/webmastercic\"]}]}<\/script>\n<!-- \/ Yoast SEO plugin. -->","yoast_head_json":{"title":"Energy and utilities CIC Consulting Inform\u00e1tico","description":"We understand that every business in the energy and utilities sector is different, and that every company requires different technological solutions.","robots":{"index":"index","follow":"follow","max-snippet":"max-snippet:-1","max-image-preview":"max-image-preview:large","max-video-preview":"max-video-preview:-1"},"canonical":"https:\/\/www.cic.es\/en\/energy-and-utilities\/","og_locale":"en_US","og_type":"article","og_title":"Energy and utilities CIC Consulting Inform\u00e1tico","og_description":"We understand that every business in the energy and utilities sector is different, and that every company requires different technological solutions.","og_url":"https:\/\/www.cic.es\/en\/energy-and-utilities\/","og_site_name":"CIC Consulting Inform\u00e1tico","article_publisher":"https:\/\/www.facebook.com\/CIC.Consulting\/","article_modified_time":"2023-04-28T10:09:43+00:00","og_image":[{"width":1254,"height":836,"url":"https:\/\/www.cic.es\/wp-content\/uploads\/2018\/02\/soluciones-sector-energia-utilities.jpg","type":"image\/jpeg"}],"twitter_card":"summary_large_image","twitter_site":"@CICactualidad","twitter_misc":{"Est. reading time":"2 minutes"},"schema":{"@context":"https:\/\/schema.org","@graph":[{"@type":"WebPage","@id":"https:\/\/www.cic.es\/en\/energy-and-utilities\/","url":"https:\/\/www.cic.es\/en\/energy-and-utilities\/","name":"Energy and utilities CIC Consulting Inform\u00e1tico","isPartOf":{"@id":"https:\/\/www.cic.es\/#website"},"primaryImageOfPage":{"@id":"https:\/\/www.cic.es\/en\/energy-and-utilities\/#primaryimage"},"image":{"@id":"https:\/\/www.cic.es\/en\/energy-and-utilities\/#primaryimage"},"thumbnailUrl":"https:\/\/www.cic.es\/wp-content\/uploads\/2018\/02\/soluciones-sector-energia-utilities.jpg","datePublished":"2018-02-21T08:52:49+00:00","dateModified":"2023-04-28T10:09:43+00:00","description":"We understand that every business in the energy and utilities sector is different, and that every company requires different technological solutions.","breadcrumb":{"@id":"https:\/\/www.cic.es\/en\/energy-and-utilities\/#breadcrumb"},"inLanguage":"en-US","potentialAction":[{"@type":"ReadAction","target":["https:\/\/www.cic.es\/en\/energy-and-utilities\/"]}]},{"@type":"ImageObject","inLanguage":"en-US","@id":"https:\/\/www.cic.es\/en\/energy-and-utilities\/#primaryimage","url":"https:\/\/www.cic.es\/wp-content\/uploads\/2018\/02\/soluciones-sector-energia-utilities.jpg","contentUrl":"https:\/\/www.cic.es\/wp-content\/uploads\/2018\/02\/soluciones-sector-energia-utilities.jpg","width":1254,"height":836},{"@type":"BreadcrumbList","@id":"https:\/\/www.cic.es\/en\/energy-and-utilities\/#breadcrumb","itemListElement":[{"@type":"ListItem","position":1,"name":"CIC","item":"https:\/\/www.cic.es\/"},{"@type":"ListItem","position":2,"name":"Energy and utilities"}]},{"@type":"WebSite","@id":"https:\/\/www.cic.es\/#website","url":"https:\/\/www.cic.es\/","name":"CIC Consulting Inform\u00e1tico","description":"Somos una consultor\u00eda de ingenier\u00eda de desarrollo y proyectos de inform\u00e1tica y comunicaciones","publisher":{"@id":"https:\/\/www.cic.es\/#organization"},"alternateName":"CIC Consulting Inform\u00e1tico","potentialAction":[{"@type":"SearchAction","target":{"@type":"EntryPoint","urlTemplate":"https:\/\/www.cic.es\/?s={search_term_string}"},"query-input":{"@type":"PropertyValueSpecification","valueRequired":true,"valueName":"search_term_string"}}],"inLanguage":"en-US"},{"@type":"Organization","@id":"https:\/\/www.cic.es\/#organization","name":"CIC Consulting Inform\u00e1tico","alternateName":"CIC Consulting Inform\u00e1tico","url":"https:\/\/www.cic.es\/","logo":{"@type":"ImageObject","inLanguage":"en-US","@id":"https:\/\/www.cic.es\/#\/schema\/logo\/image\/","url":"https:\/\/www.cic.es\/wp-content\/uploads\/2018\/04\/cic_color.png","contentUrl":"https:\/\/www.cic.es\/wp-content\/uploads\/2018\/04\/cic_color.png","width":300,"height":200,"caption":"CIC Consulting Inform\u00e1tico"},"image":{"@id":"https:\/\/www.cic.es\/#\/schema\/logo\/image\/"},"sameAs":["https:\/\/www.facebook.com\/CIC.Consulting\/","https:\/\/x.com\/CICactualidad","https:\/\/www.linkedin.com\/company\/2157627\/","https:\/\/www.pinterest.es\/cicconsultinginformatico\/","https:\/\/www.youtube.com\/user\/webmastercic"]}]}},"_links":{"self":[{"href":"https:\/\/www.cic.es\/en\/wp-json\/wp\/v2\/pages\/4263","targetHints":{"allow":["GET"]}}],"collection":[{"href":"https:\/\/www.cic.es\/en\/wp-json\/wp\/v2\/pages"}],"about":[{"href":"https:\/\/www.cic.es\/en\/wp-json\/wp\/v2\/types\/page"}],"author":[{"embeddable":true,"href":"https:\/\/www.cic.es\/en\/wp-json\/wp\/v2\/users\/1"}],"replies":[{"embeddable":true,"href":"https:\/\/www.cic.es\/en\/wp-json\/wp\/v2\/comments?post=4263"}],"version-history":[{"count":4,"href":"https:\/\/www.cic.es\/en\/wp-json\/wp\/v2\/pages\/4263\/revisions"}],"predecessor-version":[{"id":13349,"href":"https:\/\/www.cic.es\/en\/wp-json\/wp\/v2\/pages\/4263\/revisions\/13349"}],"wp:featuredmedia":[{"embeddable":true,"href":"https:\/\/www.cic.es\/en\/wp-json\/wp\/v2\/media\/3547"}],"wp:attachment":[{"href":"https:\/\/www.cic.es\/en\/wp-json\/wp\/v2\/media?parent=4263"}],"curies":[{"name":"wp","href":"https:\/\/api.w.org\/{rel}","templated":true}]}}