{"id":4260,"date":"2018-02-20T11:08:34","date_gmt":"2018-02-20T10:08:34","guid":{"rendered":"http:\/\/webcic-pre.cic.es\/externalizacion-de-servicios-tic\/"},"modified":"2021-01-27T10:44:59","modified_gmt":"2021-01-27T09:44:59","slug":"it-outsourcing","status":"publish","type":"page","link":"https:\/\/www.cic.es\/en\/it-outsourcing\/","title":{"rendered":"IT Outsourcing"},"content":{"rendered":"<h2><strong>IT Outsourcing allows you to concentrate your talent and resources on specialisation, allowing you to be more competitive, to be able to grow and reap greater returns. Let us manage your IT infrastructures so you can focus on your core business.<\/strong><\/h2>\n<p>Outsourcing your IT needs to CIC,&nbsp; allows you to have our professionals at your disposal to increase your businesses competitiveness. Our know-how will provide efficiency, a well regulated and consensual process, that can be measured and audited so that you can follow and control the activity.&nbsp; Outsourcing can also save your company time, effort, labour, reduce operational and training costs, etc\u2026<\/p>\n<p>If a company outsources services and processes that do not add value to what you produce, you can dedicate more time to your core business.<\/p>\n<h3><strong>At CIC we offer a wide range of outsourcing services, using the most technologically advanced methods and practices:<\/strong><\/h3>\n<ul>\n<li>User Support\/Service Desk<\/li>\n<li>Corporative Applications management<\/li>\n<li>Services and Infrastructures Monitoring and Management<\/li>\n<li>Service Development in:\n<ul>\n<li>Support<\/li>\n<li>Operations<\/li>\n<li>Applications Management and Maintenance<\/li>\n<li>IT Infrastructures Management and Maintenance<\/li>\n<\/ul>\n<\/li>\n<\/ul>\n<h3><strong>Why Outsource IT Services?<\/strong><\/h3>\n<ul>\n<li><strong>Reduce Costs: <\/strong>By contracting our services, you reduce your costs and pay for it in a lump sum.<\/li>\n<li><strong>Lack of Experience: <\/strong>A team of experts will always be by your side to monitor systems and help you solve any problem which may arise.<\/li>\n<li><strong>Latest Technology: <\/strong>At CIC we use the latest technologies and apply the most advanced technologies available to help your business.<\/li>\n<li><strong>Anticipating Problems: <\/strong>Problems can be anticipated and rectified before they can affect your business. Therefore, your business will not be adversely affected by any down time and you can be sure that your IT services will be up and running when you need them.<\/li>\n<\/ul>\n<h2><strong>Our IT outsourcing services at your disposal<\/strong><\/h2>\n","protected":false},"excerpt":{"rendered":"<p>IT Outsourcing allows you to concentrate your talent and resources on specialisation, allowing you to be more competitive, to be able to grow and reap greater returns. Let us manage your IT infrastructures so you can focus on your core business. Outsourcing your IT needs to CIC,&nbsp; allows you to&#8230;<\/p>\n","protected":false},"author":1,"featured_media":4065,"parent":0,"menu_order":0,"comment_status":"closed","ping_status":"closed","template":"page-templates\/page-servicios.php","meta":{"_acf_changed":false,"footnotes":""},"class_list":["post-4260","page","type-page","status-publish","has-post-thumbnail","hentry"],"acf":[],"yoast_head":"<!-- This site is optimized with the Yoast SEO plugin v27.4 - https:\/\/yoast.com\/product\/yoast-seo-wordpress\/ -->\n<title>IT Outsourcing services - CIC Consulting Inform\u00e1tico<\/title>\n<meta name=\"description\" content=\"IT Outsourcing allows you to concentrate your talent and resources on specialisation, so you can focus on your core business.\" \/>\n<meta name=\"robots\" content=\"index, follow, max-snippet:-1, max-image-preview:large, max-video-preview:-1\" \/>\n<link rel=\"canonical\" href=\"https:\/\/www.cic.es\/en\/it-outsourcing\/\" \/>\n<meta property=\"og:locale\" content=\"en_US\" \/>\n<meta property=\"og:type\" content=\"article\" \/>\n<meta property=\"og:title\" content=\"IT Outsourcing services - CIC Consulting Inform\u00e1tico\" \/>\n<meta property=\"og:description\" content=\"IT Outsourcing allows you to concentrate your talent and resources on specialisation, so you can focus on your core business.\" \/>\n<meta property=\"og:url\" content=\"https:\/\/www.cic.es\/en\/it-outsourcing\/\" \/>\n<meta property=\"og:site_name\" content=\"CIC Consulting Inform\u00e1tico\" \/>\n<meta property=\"article:publisher\" content=\"https:\/\/www.facebook.com\/CIC.Consulting\/\" \/>\n<meta property=\"article:modified_time\" content=\"2021-01-27T09:44:59+00:00\" \/>\n<meta property=\"og:image\" content=\"https:\/\/www.cic.es\/wp-content\/uploads\/2018\/08\/externalizacion-servicios.jpg\" \/>\n\t<meta property=\"og:image:width\" content=\"1600\" \/>\n\t<meta property=\"og:image:height\" content=\"1067\" \/>\n\t<meta property=\"og:image:type\" content=\"image\/jpeg\" \/>\n<meta name=\"twitter:card\" content=\"summary_large_image\" \/>\n<meta name=\"twitter:site\" content=\"@CICactualidad\" \/>\n<meta name=\"twitter:label1\" content=\"Est. reading time\" \/>\n\t<meta name=\"twitter:data1\" content=\"2 minutes\" \/>\n<script type=\"application\/ld+json\" class=\"yoast-schema-graph\">{\"@context\":\"https:\\\/\\\/schema.org\",\"@graph\":[{\"@type\":\"WebPage\",\"@id\":\"https:\\\/\\\/www.cic.es\\\/en\\\/it-outsourcing\\\/\",\"url\":\"https:\\\/\\\/www.cic.es\\\/en\\\/it-outsourcing\\\/\",\"name\":\"IT Outsourcing services - CIC Consulting Inform\u00e1tico\",\"isPartOf\":{\"@id\":\"https:\\\/\\\/www.cic.es\\\/#website\"},\"primaryImageOfPage\":{\"@id\":\"https:\\\/\\\/www.cic.es\\\/en\\\/it-outsourcing\\\/#primaryimage\"},\"image\":{\"@id\":\"https:\\\/\\\/www.cic.es\\\/en\\\/it-outsourcing\\\/#primaryimage\"},\"thumbnailUrl\":\"https:\\\/\\\/www.cic.es\\\/wp-content\\\/uploads\\\/2018\\\/08\\\/externalizacion-servicios.jpg\",\"datePublished\":\"2018-02-20T10:08:34+00:00\",\"dateModified\":\"2021-01-27T09:44:59+00:00\",\"description\":\"IT Outsourcing allows you to concentrate your talent and resources on specialisation, so you can focus on your core business.\",\"breadcrumb\":{\"@id\":\"https:\\\/\\\/www.cic.es\\\/en\\\/it-outsourcing\\\/#breadcrumb\"},\"inLanguage\":\"en-US\",\"potentialAction\":[{\"@type\":\"ReadAction\",\"target\":[\"https:\\\/\\\/www.cic.es\\\/en\\\/it-outsourcing\\\/\"]}]},{\"@type\":\"ImageObject\",\"inLanguage\":\"en-US\",\"@id\":\"https:\\\/\\\/www.cic.es\\\/en\\\/it-outsourcing\\\/#primaryimage\",\"url\":\"https:\\\/\\\/www.cic.es\\\/wp-content\\\/uploads\\\/2018\\\/08\\\/externalizacion-servicios.jpg\",\"contentUrl\":\"https:\\\/\\\/www.cic.es\\\/wp-content\\\/uploads\\\/2018\\\/08\\\/externalizacion-servicios.jpg\",\"width\":1600,\"height\":1067},{\"@type\":\"BreadcrumbList\",\"@id\":\"https:\\\/\\\/www.cic.es\\\/en\\\/it-outsourcing\\\/#breadcrumb\",\"itemListElement\":[{\"@type\":\"ListItem\",\"position\":1,\"name\":\"CIC\",\"item\":\"https:\\\/\\\/www.cic.es\\\/\"},{\"@type\":\"ListItem\",\"position\":2,\"name\":\"IT Outsourcing\"}]},{\"@type\":\"WebSite\",\"@id\":\"https:\\\/\\\/www.cic.es\\\/#website\",\"url\":\"https:\\\/\\\/www.cic.es\\\/\",\"name\":\"CIC Consulting Inform\u00e1tico\",\"description\":\"Somos una consultor\u00eda de ingenier\u00eda de desarrollo y proyectos de inform\u00e1tica y comunicaciones\",\"publisher\":{\"@id\":\"https:\\\/\\\/www.cic.es\\\/#organization\"},\"alternateName\":\"CIC Consulting Inform\u00e1tico\",\"potentialAction\":[{\"@type\":\"SearchAction\",\"target\":{\"@type\":\"EntryPoint\",\"urlTemplate\":\"https:\\\/\\\/www.cic.es\\\/?s={search_term_string}\"},\"query-input\":{\"@type\":\"PropertyValueSpecification\",\"valueRequired\":true,\"valueName\":\"search_term_string\"}}],\"inLanguage\":\"en-US\"},{\"@type\":\"Organization\",\"@id\":\"https:\\\/\\\/www.cic.es\\\/#organization\",\"name\":\"CIC Consulting Inform\u00e1tico\",\"alternateName\":\"CIC Consulting Inform\u00e1tico\",\"url\":\"https:\\\/\\\/www.cic.es\\\/\",\"logo\":{\"@type\":\"ImageObject\",\"inLanguage\":\"en-US\",\"@id\":\"https:\\\/\\\/www.cic.es\\\/#\\\/schema\\\/logo\\\/image\\\/\",\"url\":\"https:\\\/\\\/www.cic.es\\\/wp-content\\\/uploads\\\/2018\\\/04\\\/cic_color.png\",\"contentUrl\":\"https:\\\/\\\/www.cic.es\\\/wp-content\\\/uploads\\\/2018\\\/04\\\/cic_color.png\",\"width\":300,\"height\":200,\"caption\":\"CIC Consulting Inform\u00e1tico\"},\"image\":{\"@id\":\"https:\\\/\\\/www.cic.es\\\/#\\\/schema\\\/logo\\\/image\\\/\"},\"sameAs\":[\"https:\\\/\\\/www.facebook.com\\\/CIC.Consulting\\\/\",\"https:\\\/\\\/x.com\\\/CICactualidad\",\"https:\\\/\\\/www.linkedin.com\\\/company\\\/2157627\\\/\",\"https:\\\/\\\/www.pinterest.es\\\/cicconsultinginformatico\\\/\",\"https:\\\/\\\/www.youtube.com\\\/user\\\/webmastercic\"]}]}<\/script>\n<!-- \/ Yoast SEO plugin. -->","yoast_head_json":{"title":"IT Outsourcing services - CIC Consulting Inform\u00e1tico","description":"IT Outsourcing allows you to concentrate your talent and resources on specialisation, so you can focus on your core business.","robots":{"index":"index","follow":"follow","max-snippet":"max-snippet:-1","max-image-preview":"max-image-preview:large","max-video-preview":"max-video-preview:-1"},"canonical":"https:\/\/www.cic.es\/en\/it-outsourcing\/","og_locale":"en_US","og_type":"article","og_title":"IT Outsourcing services - CIC Consulting Inform\u00e1tico","og_description":"IT Outsourcing allows you to concentrate your talent and resources on specialisation, so you can focus on your core business.","og_url":"https:\/\/www.cic.es\/en\/it-outsourcing\/","og_site_name":"CIC Consulting Inform\u00e1tico","article_publisher":"https:\/\/www.facebook.com\/CIC.Consulting\/","article_modified_time":"2021-01-27T09:44:59+00:00","og_image":[{"width":1600,"height":1067,"url":"https:\/\/www.cic.es\/wp-content\/uploads\/2018\/08\/externalizacion-servicios.jpg","type":"image\/jpeg"}],"twitter_card":"summary_large_image","twitter_site":"@CICactualidad","twitter_misc":{"Est. reading time":"2 minutes"},"schema":{"@context":"https:\/\/schema.org","@graph":[{"@type":"WebPage","@id":"https:\/\/www.cic.es\/en\/it-outsourcing\/","url":"https:\/\/www.cic.es\/en\/it-outsourcing\/","name":"IT Outsourcing services - CIC Consulting Inform\u00e1tico","isPartOf":{"@id":"https:\/\/www.cic.es\/#website"},"primaryImageOfPage":{"@id":"https:\/\/www.cic.es\/en\/it-outsourcing\/#primaryimage"},"image":{"@id":"https:\/\/www.cic.es\/en\/it-outsourcing\/#primaryimage"},"thumbnailUrl":"https:\/\/www.cic.es\/wp-content\/uploads\/2018\/08\/externalizacion-servicios.jpg","datePublished":"2018-02-20T10:08:34+00:00","dateModified":"2021-01-27T09:44:59+00:00","description":"IT Outsourcing allows you to concentrate your talent and resources on specialisation, so you can focus on your core business.","breadcrumb":{"@id":"https:\/\/www.cic.es\/en\/it-outsourcing\/#breadcrumb"},"inLanguage":"en-US","potentialAction":[{"@type":"ReadAction","target":["https:\/\/www.cic.es\/en\/it-outsourcing\/"]}]},{"@type":"ImageObject","inLanguage":"en-US","@id":"https:\/\/www.cic.es\/en\/it-outsourcing\/#primaryimage","url":"https:\/\/www.cic.es\/wp-content\/uploads\/2018\/08\/externalizacion-servicios.jpg","contentUrl":"https:\/\/www.cic.es\/wp-content\/uploads\/2018\/08\/externalizacion-servicios.jpg","width":1600,"height":1067},{"@type":"BreadcrumbList","@id":"https:\/\/www.cic.es\/en\/it-outsourcing\/#breadcrumb","itemListElement":[{"@type":"ListItem","position":1,"name":"CIC","item":"https:\/\/www.cic.es\/"},{"@type":"ListItem","position":2,"name":"IT Outsourcing"}]},{"@type":"WebSite","@id":"https:\/\/www.cic.es\/#website","url":"https:\/\/www.cic.es\/","name":"CIC Consulting Inform\u00e1tico","description":"Somos una consultor\u00eda de ingenier\u00eda de desarrollo y proyectos de inform\u00e1tica y comunicaciones","publisher":{"@id":"https:\/\/www.cic.es\/#organization"},"alternateName":"CIC Consulting Inform\u00e1tico","potentialAction":[{"@type":"SearchAction","target":{"@type":"EntryPoint","urlTemplate":"https:\/\/www.cic.es\/?s={search_term_string}"},"query-input":{"@type":"PropertyValueSpecification","valueRequired":true,"valueName":"search_term_string"}}],"inLanguage":"en-US"},{"@type":"Organization","@id":"https:\/\/www.cic.es\/#organization","name":"CIC Consulting Inform\u00e1tico","alternateName":"CIC Consulting Inform\u00e1tico","url":"https:\/\/www.cic.es\/","logo":{"@type":"ImageObject","inLanguage":"en-US","@id":"https:\/\/www.cic.es\/#\/schema\/logo\/image\/","url":"https:\/\/www.cic.es\/wp-content\/uploads\/2018\/04\/cic_color.png","contentUrl":"https:\/\/www.cic.es\/wp-content\/uploads\/2018\/04\/cic_color.png","width":300,"height":200,"caption":"CIC Consulting Inform\u00e1tico"},"image":{"@id":"https:\/\/www.cic.es\/#\/schema\/logo\/image\/"},"sameAs":["https:\/\/www.facebook.com\/CIC.Consulting\/","https:\/\/x.com\/CICactualidad","https:\/\/www.linkedin.com\/company\/2157627\/","https:\/\/www.pinterest.es\/cicconsultinginformatico\/","https:\/\/www.youtube.com\/user\/webmastercic"]}]}},"_links":{"self":[{"href":"https:\/\/www.cic.es\/en\/wp-json\/wp\/v2\/pages\/4260","targetHints":{"allow":["GET"]}}],"collection":[{"href":"https:\/\/www.cic.es\/en\/wp-json\/wp\/v2\/pages"}],"about":[{"href":"https:\/\/www.cic.es\/en\/wp-json\/wp\/v2\/types\/page"}],"author":[{"embeddable":true,"href":"https:\/\/www.cic.es\/en\/wp-json\/wp\/v2\/users\/1"}],"replies":[{"embeddable":true,"href":"https:\/\/www.cic.es\/en\/wp-json\/wp\/v2\/comments?post=4260"}],"version-history":[{"count":1,"href":"https:\/\/www.cic.es\/en\/wp-json\/wp\/v2\/pages\/4260\/revisions"}],"predecessor-version":[{"id":8393,"href":"https:\/\/www.cic.es\/en\/wp-json\/wp\/v2\/pages\/4260\/revisions\/8393"}],"wp:featuredmedia":[{"embeddable":true,"href":"https:\/\/www.cic.es\/en\/wp-json\/wp\/v2\/media\/4065"}],"wp:attachment":[{"href":"https:\/\/www.cic.es\/en\/wp-json\/wp\/v2\/media?parent=4260"}],"curies":[{"name":"wp","href":"https:\/\/api.w.org\/{rel}","templated":true}]}}