{"id":4256,"date":"2018-02-28T13:49:23","date_gmt":"2018-02-28T12:49:23","guid":{"rendered":"http:\/\/webcic-pre.cic.es\/infraestructuras-tic\/"},"modified":"2021-03-12T08:33:58","modified_gmt":"2021-03-12T07:33:58","slug":"it-infrastructure","status":"publish","type":"page","link":"https:\/\/www.cic.es\/en\/it-infrastructure\/","title":{"rendered":"IT Infrastructure"},"content":{"rendered":"<h2><strong>Your business could be slowed down and your workers bogged down by an increased workload due to problems derived from your outdated software and infrastructure.<\/strong><\/h2>\n<p>IT infrastructures are meant to prevent common problems that companies have, like an increasing workforce, a greater dependency on technological resources or even outsourcing IT services. In order not to waste time, nor resources, a quality IT infrastructure is key.<\/p>\n<h3><strong>IT infrastructure services, data storage and networks are key for business applications and processes in a company.<\/strong><\/h3>\n<p><strong>Our IT infrastructure services can be classified as follows: <\/strong>managing data storage, networks, <a href=\"https:\/\/www.cic.es\/infraestructuras-tic\/sistemas\/\">systems<\/a>, <a href=\"https:\/\/www.cic.es\/en\/it-infrastructure\/communications\/\">communications<\/a>, servers, administering work stations, IT security and <a href=\"https:\/\/www.cic.es\/en\/software-development-and-system-integration\/support-and-maintenance\/\">applications support<\/a>.<\/p>\n<p>The final objective of this technology is to help optimise internal IT processes and assure the compliance of internal and external regulations, improve the data flow, execute IT operations and avoid wasting time.<\/p>\n<p><strong>CIC has the know-how and experience in products that will help your organisation solve problems.\u00a0 <\/strong>Thanks to our expertise, complex software and ICT infrastructures problems are easily solved, maintained and updated regularly.<\/p>\n<p>At CIC we provide comprehensive solutions for your organisation\u00b4s technological infrastructures.<\/p>\n","protected":false},"excerpt":{"rendered":"<p>Your business could be slowed down and your workers bogged down by an increased workload due to problems derived from your outdated software and infrastructure. IT infrastructures are meant to prevent common problems that companies have, like an increasing workforce, a greater dependency on technological resources or even outsourcing IT&#8230;<\/p>\n","protected":false},"author":1,"featured_media":4051,"parent":0,"menu_order":0,"comment_status":"closed","ping_status":"closed","template":"page-templates\/page-servicios.php","meta":{"_acf_changed":false,"footnotes":""},"class_list":["post-4256","page","type-page","status-publish","has-post-thumbnail","hentry"],"acf":[],"yoast_head":"<!-- This site is optimized with the Yoast SEO plugin v27.4 - https:\/\/yoast.com\/product\/yoast-seo-wordpress\/ -->\n<title>IT Infrastructure services | CIC Consulting Inform\u00e1tico<\/title>\n<meta name=\"description\" content=\"Thanks to our expertise, complex software and ICT infrastructures problems are easily solved, maintained and updated regularly.\" \/>\n<meta name=\"robots\" content=\"index, follow, max-snippet:-1, max-image-preview:large, max-video-preview:-1\" \/>\n<link rel=\"canonical\" href=\"https:\/\/www.cic.es\/en\/it-infrastructure\/\" \/>\n<meta property=\"og:locale\" content=\"en_US\" \/>\n<meta property=\"og:type\" content=\"article\" \/>\n<meta property=\"og:title\" content=\"IT Infrastructure services | CIC Consulting Inform\u00e1tico\" \/>\n<meta property=\"og:description\" content=\"Thanks to our expertise, complex software and ICT infrastructures problems are easily solved, maintained and updated regularly.\" \/>\n<meta property=\"og:url\" content=\"https:\/\/www.cic.es\/en\/it-infrastructure\/\" \/>\n<meta property=\"og:site_name\" content=\"CIC Consulting Inform\u00e1tico\" \/>\n<meta property=\"article:publisher\" content=\"https:\/\/www.facebook.com\/CIC.Consulting\/\" \/>\n<meta property=\"article:modified_time\" content=\"2021-03-12T07:33:58+00:00\" \/>\n<meta property=\"og:image\" content=\"https:\/\/www.cic.es\/wp-content\/uploads\/2018\/07\/infraestructuras-tic.jpg\" \/>\n\t<meta property=\"og:image:width\" content=\"1600\" \/>\n\t<meta property=\"og:image:height\" content=\"895\" \/>\n\t<meta property=\"og:image:type\" content=\"image\/jpeg\" \/>\n<meta name=\"twitter:card\" content=\"summary_large_image\" \/>\n<meta name=\"twitter:site\" content=\"@CICactualidad\" \/>\n<meta name=\"twitter:label1\" content=\"Est. reading time\" \/>\n\t<meta name=\"twitter:data1\" content=\"1 minute\" \/>\n<script type=\"application\/ld+json\" class=\"yoast-schema-graph\">{\"@context\":\"https:\\\/\\\/schema.org\",\"@graph\":[{\"@type\":\"WebPage\",\"@id\":\"https:\\\/\\\/www.cic.es\\\/en\\\/it-infrastructure\\\/\",\"url\":\"https:\\\/\\\/www.cic.es\\\/en\\\/it-infrastructure\\\/\",\"name\":\"IT Infrastructure services | CIC Consulting Inform\u00e1tico\",\"isPartOf\":{\"@id\":\"https:\\\/\\\/www.cic.es\\\/#website\"},\"primaryImageOfPage\":{\"@id\":\"https:\\\/\\\/www.cic.es\\\/en\\\/it-infrastructure\\\/#primaryimage\"},\"image\":{\"@id\":\"https:\\\/\\\/www.cic.es\\\/en\\\/it-infrastructure\\\/#primaryimage\"},\"thumbnailUrl\":\"https:\\\/\\\/www.cic.es\\\/wp-content\\\/uploads\\\/2018\\\/07\\\/infraestructuras-tic.jpg\",\"datePublished\":\"2018-02-28T12:49:23+00:00\",\"dateModified\":\"2021-03-12T07:33:58+00:00\",\"description\":\"Thanks to our expertise, complex software and ICT infrastructures problems are easily solved, maintained and updated regularly.\",\"breadcrumb\":{\"@id\":\"https:\\\/\\\/www.cic.es\\\/en\\\/it-infrastructure\\\/#breadcrumb\"},\"inLanguage\":\"en-US\",\"potentialAction\":[{\"@type\":\"ReadAction\",\"target\":[\"https:\\\/\\\/www.cic.es\\\/en\\\/it-infrastructure\\\/\"]}]},{\"@type\":\"ImageObject\",\"inLanguage\":\"en-US\",\"@id\":\"https:\\\/\\\/www.cic.es\\\/en\\\/it-infrastructure\\\/#primaryimage\",\"url\":\"https:\\\/\\\/www.cic.es\\\/wp-content\\\/uploads\\\/2018\\\/07\\\/infraestructuras-tic.jpg\",\"contentUrl\":\"https:\\\/\\\/www.cic.es\\\/wp-content\\\/uploads\\\/2018\\\/07\\\/infraestructuras-tic.jpg\",\"width\":1600,\"height\":895},{\"@type\":\"BreadcrumbList\",\"@id\":\"https:\\\/\\\/www.cic.es\\\/en\\\/it-infrastructure\\\/#breadcrumb\",\"itemListElement\":[{\"@type\":\"ListItem\",\"position\":1,\"name\":\"CIC\",\"item\":\"https:\\\/\\\/www.cic.es\\\/\"},{\"@type\":\"ListItem\",\"position\":2,\"name\":\"IT Infrastructure\"}]},{\"@type\":\"WebSite\",\"@id\":\"https:\\\/\\\/www.cic.es\\\/#website\",\"url\":\"https:\\\/\\\/www.cic.es\\\/\",\"name\":\"CIC Consulting Inform\u00e1tico\",\"description\":\"Somos una consultor\u00eda de ingenier\u00eda de desarrollo y proyectos de inform\u00e1tica y comunicaciones\",\"publisher\":{\"@id\":\"https:\\\/\\\/www.cic.es\\\/#organization\"},\"alternateName\":\"CIC Consulting Inform\u00e1tico\",\"potentialAction\":[{\"@type\":\"SearchAction\",\"target\":{\"@type\":\"EntryPoint\",\"urlTemplate\":\"https:\\\/\\\/www.cic.es\\\/?s={search_term_string}\"},\"query-input\":{\"@type\":\"PropertyValueSpecification\",\"valueRequired\":true,\"valueName\":\"search_term_string\"}}],\"inLanguage\":\"en-US\"},{\"@type\":\"Organization\",\"@id\":\"https:\\\/\\\/www.cic.es\\\/#organization\",\"name\":\"CIC Consulting Inform\u00e1tico\",\"alternateName\":\"CIC Consulting Inform\u00e1tico\",\"url\":\"https:\\\/\\\/www.cic.es\\\/\",\"logo\":{\"@type\":\"ImageObject\",\"inLanguage\":\"en-US\",\"@id\":\"https:\\\/\\\/www.cic.es\\\/#\\\/schema\\\/logo\\\/image\\\/\",\"url\":\"https:\\\/\\\/www.cic.es\\\/wp-content\\\/uploads\\\/2018\\\/04\\\/cic_color.png\",\"contentUrl\":\"https:\\\/\\\/www.cic.es\\\/wp-content\\\/uploads\\\/2018\\\/04\\\/cic_color.png\",\"width\":300,\"height\":200,\"caption\":\"CIC Consulting Inform\u00e1tico\"},\"image\":{\"@id\":\"https:\\\/\\\/www.cic.es\\\/#\\\/schema\\\/logo\\\/image\\\/\"},\"sameAs\":[\"https:\\\/\\\/www.facebook.com\\\/CIC.Consulting\\\/\",\"https:\\\/\\\/x.com\\\/CICactualidad\",\"https:\\\/\\\/www.linkedin.com\\\/company\\\/2157627\\\/\",\"https:\\\/\\\/www.pinterest.es\\\/cicconsultinginformatico\\\/\",\"https:\\\/\\\/www.youtube.com\\\/user\\\/webmastercic\"]}]}<\/script>\n<!-- \/ Yoast SEO plugin. -->","yoast_head_json":{"title":"IT Infrastructure services | CIC Consulting Inform\u00e1tico","description":"Thanks to our expertise, complex software and ICT infrastructures problems are easily solved, maintained and updated regularly.","robots":{"index":"index","follow":"follow","max-snippet":"max-snippet:-1","max-image-preview":"max-image-preview:large","max-video-preview":"max-video-preview:-1"},"canonical":"https:\/\/www.cic.es\/en\/it-infrastructure\/","og_locale":"en_US","og_type":"article","og_title":"IT Infrastructure services | CIC Consulting Inform\u00e1tico","og_description":"Thanks to our expertise, complex software and ICT infrastructures problems are easily solved, maintained and updated regularly.","og_url":"https:\/\/www.cic.es\/en\/it-infrastructure\/","og_site_name":"CIC Consulting Inform\u00e1tico","article_publisher":"https:\/\/www.facebook.com\/CIC.Consulting\/","article_modified_time":"2021-03-12T07:33:58+00:00","og_image":[{"width":1600,"height":895,"url":"https:\/\/www.cic.es\/wp-content\/uploads\/2018\/07\/infraestructuras-tic.jpg","type":"image\/jpeg"}],"twitter_card":"summary_large_image","twitter_site":"@CICactualidad","twitter_misc":{"Est. reading time":"1 minute"},"schema":{"@context":"https:\/\/schema.org","@graph":[{"@type":"WebPage","@id":"https:\/\/www.cic.es\/en\/it-infrastructure\/","url":"https:\/\/www.cic.es\/en\/it-infrastructure\/","name":"IT Infrastructure services | CIC Consulting Inform\u00e1tico","isPartOf":{"@id":"https:\/\/www.cic.es\/#website"},"primaryImageOfPage":{"@id":"https:\/\/www.cic.es\/en\/it-infrastructure\/#primaryimage"},"image":{"@id":"https:\/\/www.cic.es\/en\/it-infrastructure\/#primaryimage"},"thumbnailUrl":"https:\/\/www.cic.es\/wp-content\/uploads\/2018\/07\/infraestructuras-tic.jpg","datePublished":"2018-02-28T12:49:23+00:00","dateModified":"2021-03-12T07:33:58+00:00","description":"Thanks to our expertise, complex software and ICT infrastructures problems are easily solved, maintained and updated regularly.","breadcrumb":{"@id":"https:\/\/www.cic.es\/en\/it-infrastructure\/#breadcrumb"},"inLanguage":"en-US","potentialAction":[{"@type":"ReadAction","target":["https:\/\/www.cic.es\/en\/it-infrastructure\/"]}]},{"@type":"ImageObject","inLanguage":"en-US","@id":"https:\/\/www.cic.es\/en\/it-infrastructure\/#primaryimage","url":"https:\/\/www.cic.es\/wp-content\/uploads\/2018\/07\/infraestructuras-tic.jpg","contentUrl":"https:\/\/www.cic.es\/wp-content\/uploads\/2018\/07\/infraestructuras-tic.jpg","width":1600,"height":895},{"@type":"BreadcrumbList","@id":"https:\/\/www.cic.es\/en\/it-infrastructure\/#breadcrumb","itemListElement":[{"@type":"ListItem","position":1,"name":"CIC","item":"https:\/\/www.cic.es\/"},{"@type":"ListItem","position":2,"name":"IT Infrastructure"}]},{"@type":"WebSite","@id":"https:\/\/www.cic.es\/#website","url":"https:\/\/www.cic.es\/","name":"CIC Consulting Inform\u00e1tico","description":"Somos una consultor\u00eda de ingenier\u00eda de desarrollo y proyectos de inform\u00e1tica y comunicaciones","publisher":{"@id":"https:\/\/www.cic.es\/#organization"},"alternateName":"CIC Consulting Inform\u00e1tico","potentialAction":[{"@type":"SearchAction","target":{"@type":"EntryPoint","urlTemplate":"https:\/\/www.cic.es\/?s={search_term_string}"},"query-input":{"@type":"PropertyValueSpecification","valueRequired":true,"valueName":"search_term_string"}}],"inLanguage":"en-US"},{"@type":"Organization","@id":"https:\/\/www.cic.es\/#organization","name":"CIC Consulting Inform\u00e1tico","alternateName":"CIC Consulting Inform\u00e1tico","url":"https:\/\/www.cic.es\/","logo":{"@type":"ImageObject","inLanguage":"en-US","@id":"https:\/\/www.cic.es\/#\/schema\/logo\/image\/","url":"https:\/\/www.cic.es\/wp-content\/uploads\/2018\/04\/cic_color.png","contentUrl":"https:\/\/www.cic.es\/wp-content\/uploads\/2018\/04\/cic_color.png","width":300,"height":200,"caption":"CIC Consulting Inform\u00e1tico"},"image":{"@id":"https:\/\/www.cic.es\/#\/schema\/logo\/image\/"},"sameAs":["https:\/\/www.facebook.com\/CIC.Consulting\/","https:\/\/x.com\/CICactualidad","https:\/\/www.linkedin.com\/company\/2157627\/","https:\/\/www.pinterest.es\/cicconsultinginformatico\/","https:\/\/www.youtube.com\/user\/webmastercic"]}]}},"_links":{"self":[{"href":"https:\/\/www.cic.es\/en\/wp-json\/wp\/v2\/pages\/4256","targetHints":{"allow":["GET"]}}],"collection":[{"href":"https:\/\/www.cic.es\/en\/wp-json\/wp\/v2\/pages"}],"about":[{"href":"https:\/\/www.cic.es\/en\/wp-json\/wp\/v2\/types\/page"}],"author":[{"embeddable":true,"href":"https:\/\/www.cic.es\/en\/wp-json\/wp\/v2\/users\/1"}],"replies":[{"embeddable":true,"href":"https:\/\/www.cic.es\/en\/wp-json\/wp\/v2\/comments?post=4256"}],"version-history":[{"count":3,"href":"https:\/\/www.cic.es\/en\/wp-json\/wp\/v2\/pages\/4256\/revisions"}],"predecessor-version":[{"id":9065,"href":"https:\/\/www.cic.es\/en\/wp-json\/wp\/v2\/pages\/4256\/revisions\/9065"}],"wp:featuredmedia":[{"embeddable":true,"href":"https:\/\/www.cic.es\/en\/wp-json\/wp\/v2\/media\/4051"}],"wp:attachment":[{"href":"https:\/\/www.cic.es\/en\/wp-json\/wp\/v2\/media?parent=4256"}],"curies":[{"name":"wp","href":"https:\/\/api.w.org\/{rel}","templated":true}]}}