{"id":4251,"date":"2018-02-20T11:08:04","date_gmt":"2018-02-20T10:08:04","guid":{"rendered":"http:\/\/webcic-pre.cic.es\/desarrollo-software-e-integracion-it\/"},"modified":"2024-08-20T09:31:52","modified_gmt":"2024-08-20T08:31:52","slug":"software-development-and-system-integration","status":"publish","type":"page","link":"https:\/\/www.cic.es\/en\/software-development-and-system-integration\/","title":{"rendered":"Software development and System Integration"},"content":{"rendered":"<h2><strong>Our main activity is software development for products and projects for our clients, as well as, bespoke applications.<\/strong><\/h2>\n<ul>\n<li><strong>Intelligent\u00a0solutions and services:\u00a0<\/strong>We develop management solutions according to our client\u00b4s needs. We evaluate every situation providing the best alternative in each case.<\/li>\n<li><a href=\"https:\/\/www.cic.es\/en\/business-intelligence\/\"><strong>Business Intelligence<\/strong><\/a><strong> for decision making:<\/strong> We design and build operative and strategic dashboards which allow users, at all levels of your organisation, to know what is happening in their area of business. Allowing them to understand why it is happening and make predictions on what will happen and decide what to do in each case.<\/li>\n<li><strong>Document management and collaborative solutions:<\/strong> We design specific software for your intranet or extranet, so your employees can access the corporation\u00b4s \u00a0resources and information. The design is very simple and user friendly, and can be used anywhere from any device.<\/li>\n<li><a href=\"https:\/\/www.cic.es\/en\/software-development-and-system-integration\/gis-geographic-information-system\/\"><strong>Geographic Information System &#8211; GIS<\/strong><\/a><strong>:<\/strong> We develop visual solutions that allow organisation data saving, data management, data analysis and data modelling of large amounts of data from the real world that are linked to geographical coordinates, facilitating the decision making process.<\/li>\n<li><strong>Updating, evolving, <\/strong><a href=\"https:\/\/www.cic.es\/en\/software-development-and-system-integration\/support-and-maintenance\/\"><strong>supporting and bettering your software solutions<\/strong><\/a>: Our clients rely on our app updates, support and maintenance services and we take full responsibility for the tasks in the development and maintenance of apps.<\/li>\n<li><strong>Apps and systems integration:<\/strong> In many modern organisations, processes run on heterogeneous platforms and systems that are often incompatible with each other. \u00a0For this reason, we help you establish protocols and intermediate solutions that facilitate communication with the applications that use and send information, making it easy for the end user.<\/li>\n<li><strong>Technology is not a problem for software development: <\/strong>We are experts and have certified professionals in all the technologies we use: Microsoft, Java, Oracle, ESRI, Qlik, LAMP, Cisco.<\/li>\n<\/ul>\n<h3><strong>The continuous integration process is applied to all CIC\u00b4s developments, joining control mechanisms that maximise the quality of our projects.<\/strong><\/h3>\n<ul>\n<li>Code<\/li>\n<li>Build<\/li>\n<li>Test<\/li>\n<li>Deploy<\/li>\n<\/ul>\n<h2><strong>As a software development company we rely on a highly qualified team that uses the latest technologies available, thus allowing our clients to enjoy a high quality and dynamic products. <\/strong><\/h2>\n<p>Our productive process in software development is quite simple, it is often based on: (<a href=\"https:\/\/en.wikipedia.org\/wiki\/Test-driven_development\" target=\"_blank\" rel=\"noopener\">TDD<\/a> \u2013 Test-Driven Development).<\/p>\n","protected":false},"excerpt":{"rendered":"<p>Our main activity is software development for products and projects for our clients, as well as, bespoke applications. Intelligent\u00a0solutions and services:\u00a0We develop management solutions according to our client\u00b4s needs. We evaluate every situation providing the best alternative in each case. Business Intelligence for decision making: We design and build operative&#8230;<\/p>\n","protected":false},"author":1,"featured_media":4034,"parent":0,"menu_order":0,"comment_status":"closed","ping_status":"closed","template":"page-templates\/page-servicios.php","meta":{"_acf_changed":false,"footnotes":""},"class_list":["post-4251","page","type-page","status-publish","has-post-thumbnail","hentry"],"acf":[],"yoast_head":"<!-- This site is optimized with the Yoast SEO plugin v27.4 - https:\/\/yoast.com\/product\/yoast-seo-wordpress\/ -->\n<title>Software development and System Integration - CIC Consulting Inform\u00e1tico<\/title>\n<meta name=\"description\" content=\"Our main activity is software development for products and projects for our clients, as well as, bespoke applications.Intelligent\u00a0solutions and services...\" \/>\n<meta name=\"robots\" content=\"index, follow, max-snippet:-1, max-image-preview:large, max-video-preview:-1\" \/>\n<link rel=\"canonical\" href=\"https:\/\/www.cic.es\/en\/software-development-and-system-integration\/\" \/>\n<meta property=\"og:locale\" content=\"en_US\" \/>\n<meta property=\"og:type\" content=\"article\" \/>\n<meta property=\"og:title\" content=\"Software development and System Integration - CIC Consulting Inform\u00e1tico\" \/>\n<meta property=\"og:description\" content=\"Our main activity is software development for products and projects for our clients, as well as, bespoke applications.Intelligent\u00a0solutions and services...\" \/>\n<meta property=\"og:url\" content=\"https:\/\/www.cic.es\/en\/software-development-and-system-integration\/\" \/>\n<meta property=\"og:site_name\" content=\"CIC Consulting Inform\u00e1tico\" \/>\n<meta property=\"article:publisher\" content=\"https:\/\/www.facebook.com\/CIC.Consulting\/\" \/>\n<meta property=\"article:modified_time\" content=\"2024-08-20T08:31:52+00:00\" \/>\n<meta property=\"og:image\" content=\"https:\/\/www.cic.es\/wp-content\/uploads\/2018\/07\/consultoria.jpg\" \/>\n\t<meta property=\"og:image:width\" content=\"1400\" \/>\n\t<meta property=\"og:image:height\" content=\"788\" \/>\n\t<meta property=\"og:image:type\" content=\"image\/jpeg\" \/>\n<meta name=\"twitter:card\" content=\"summary_large_image\" \/>\n<meta name=\"twitter:site\" content=\"@CICactualidad\" \/>\n<meta name=\"twitter:label1\" content=\"Est. reading time\" \/>\n\t<meta name=\"twitter:data1\" content=\"2 minutes\" \/>\n<script type=\"application\/ld+json\" class=\"yoast-schema-graph\">{\"@context\":\"https:\\\/\\\/schema.org\",\"@graph\":[{\"@type\":\"WebPage\",\"@id\":\"https:\\\/\\\/www.cic.es\\\/en\\\/software-development-and-system-integration\\\/\",\"url\":\"https:\\\/\\\/www.cic.es\\\/en\\\/software-development-and-system-integration\\\/\",\"name\":\"Software development and System Integration - CIC Consulting Inform\u00e1tico\",\"isPartOf\":{\"@id\":\"https:\\\/\\\/www.cic.es\\\/#website\"},\"primaryImageOfPage\":{\"@id\":\"https:\\\/\\\/www.cic.es\\\/en\\\/software-development-and-system-integration\\\/#primaryimage\"},\"image\":{\"@id\":\"https:\\\/\\\/www.cic.es\\\/en\\\/software-development-and-system-integration\\\/#primaryimage\"},\"thumbnailUrl\":\"https:\\\/\\\/www.cic.es\\\/wp-content\\\/uploads\\\/2018\\\/07\\\/consultoria.jpg\",\"datePublished\":\"2018-02-20T10:08:04+00:00\",\"dateModified\":\"2024-08-20T08:31:52+00:00\",\"description\":\"Our main activity is software development for products and projects for our clients, as well as, bespoke applications.Intelligent\u00a0solutions and services...\",\"breadcrumb\":{\"@id\":\"https:\\\/\\\/www.cic.es\\\/en\\\/software-development-and-system-integration\\\/#breadcrumb\"},\"inLanguage\":\"en-US\",\"potentialAction\":[{\"@type\":\"ReadAction\",\"target\":[\"https:\\\/\\\/www.cic.es\\\/en\\\/software-development-and-system-integration\\\/\"]}]},{\"@type\":\"ImageObject\",\"inLanguage\":\"en-US\",\"@id\":\"https:\\\/\\\/www.cic.es\\\/en\\\/software-development-and-system-integration\\\/#primaryimage\",\"url\":\"https:\\\/\\\/www.cic.es\\\/wp-content\\\/uploads\\\/2018\\\/07\\\/consultoria.jpg\",\"contentUrl\":\"https:\\\/\\\/www.cic.es\\\/wp-content\\\/uploads\\\/2018\\\/07\\\/consultoria.jpg\",\"width\":1400,\"height\":788},{\"@type\":\"BreadcrumbList\",\"@id\":\"https:\\\/\\\/www.cic.es\\\/en\\\/software-development-and-system-integration\\\/#breadcrumb\",\"itemListElement\":[{\"@type\":\"ListItem\",\"position\":1,\"name\":\"CIC\",\"item\":\"https:\\\/\\\/www.cic.es\\\/\"},{\"@type\":\"ListItem\",\"position\":2,\"name\":\"Software development and System Integration\"}]},{\"@type\":\"WebSite\",\"@id\":\"https:\\\/\\\/www.cic.es\\\/#website\",\"url\":\"https:\\\/\\\/www.cic.es\\\/\",\"name\":\"CIC Consulting Inform\u00e1tico\",\"description\":\"Somos una consultor\u00eda de ingenier\u00eda de desarrollo y proyectos de inform\u00e1tica y comunicaciones\",\"publisher\":{\"@id\":\"https:\\\/\\\/www.cic.es\\\/#organization\"},\"alternateName\":\"CIC Consulting Inform\u00e1tico\",\"potentialAction\":[{\"@type\":\"SearchAction\",\"target\":{\"@type\":\"EntryPoint\",\"urlTemplate\":\"https:\\\/\\\/www.cic.es\\\/?s={search_term_string}\"},\"query-input\":{\"@type\":\"PropertyValueSpecification\",\"valueRequired\":true,\"valueName\":\"search_term_string\"}}],\"inLanguage\":\"en-US\"},{\"@type\":\"Organization\",\"@id\":\"https:\\\/\\\/www.cic.es\\\/#organization\",\"name\":\"CIC Consulting Inform\u00e1tico\",\"alternateName\":\"CIC Consulting Inform\u00e1tico\",\"url\":\"https:\\\/\\\/www.cic.es\\\/\",\"logo\":{\"@type\":\"ImageObject\",\"inLanguage\":\"en-US\",\"@id\":\"https:\\\/\\\/www.cic.es\\\/#\\\/schema\\\/logo\\\/image\\\/\",\"url\":\"https:\\\/\\\/www.cic.es\\\/wp-content\\\/uploads\\\/2018\\\/04\\\/cic_color.png\",\"contentUrl\":\"https:\\\/\\\/www.cic.es\\\/wp-content\\\/uploads\\\/2018\\\/04\\\/cic_color.png\",\"width\":300,\"height\":200,\"caption\":\"CIC Consulting Inform\u00e1tico\"},\"image\":{\"@id\":\"https:\\\/\\\/www.cic.es\\\/#\\\/schema\\\/logo\\\/image\\\/\"},\"sameAs\":[\"https:\\\/\\\/www.facebook.com\\\/CIC.Consulting\\\/\",\"https:\\\/\\\/x.com\\\/CICactualidad\",\"https:\\\/\\\/www.linkedin.com\\\/company\\\/2157627\\\/\",\"https:\\\/\\\/www.pinterest.es\\\/cicconsultinginformatico\\\/\",\"https:\\\/\\\/www.youtube.com\\\/user\\\/webmastercic\"]}]}<\/script>\n<!-- \/ Yoast SEO plugin. -->","yoast_head_json":{"title":"Software development and System Integration - CIC Consulting Inform\u00e1tico","description":"Our main activity is software development for products and projects for our clients, as well as, bespoke applications.Intelligent\u00a0solutions and services...","robots":{"index":"index","follow":"follow","max-snippet":"max-snippet:-1","max-image-preview":"max-image-preview:large","max-video-preview":"max-video-preview:-1"},"canonical":"https:\/\/www.cic.es\/en\/software-development-and-system-integration\/","og_locale":"en_US","og_type":"article","og_title":"Software development and System Integration - CIC Consulting Inform\u00e1tico","og_description":"Our main activity is software development for products and projects for our clients, as well as, bespoke applications.Intelligent\u00a0solutions and services...","og_url":"https:\/\/www.cic.es\/en\/software-development-and-system-integration\/","og_site_name":"CIC Consulting Inform\u00e1tico","article_publisher":"https:\/\/www.facebook.com\/CIC.Consulting\/","article_modified_time":"2024-08-20T08:31:52+00:00","og_image":[{"width":1400,"height":788,"url":"https:\/\/www.cic.es\/wp-content\/uploads\/2018\/07\/consultoria.jpg","type":"image\/jpeg"}],"twitter_card":"summary_large_image","twitter_site":"@CICactualidad","twitter_misc":{"Est. reading time":"2 minutes"},"schema":{"@context":"https:\/\/schema.org","@graph":[{"@type":"WebPage","@id":"https:\/\/www.cic.es\/en\/software-development-and-system-integration\/","url":"https:\/\/www.cic.es\/en\/software-development-and-system-integration\/","name":"Software development and System Integration - CIC Consulting Inform\u00e1tico","isPartOf":{"@id":"https:\/\/www.cic.es\/#website"},"primaryImageOfPage":{"@id":"https:\/\/www.cic.es\/en\/software-development-and-system-integration\/#primaryimage"},"image":{"@id":"https:\/\/www.cic.es\/en\/software-development-and-system-integration\/#primaryimage"},"thumbnailUrl":"https:\/\/www.cic.es\/wp-content\/uploads\/2018\/07\/consultoria.jpg","datePublished":"2018-02-20T10:08:04+00:00","dateModified":"2024-08-20T08:31:52+00:00","description":"Our main activity is software development for products and projects for our clients, as well as, bespoke applications.Intelligent\u00a0solutions and services...","breadcrumb":{"@id":"https:\/\/www.cic.es\/en\/software-development-and-system-integration\/#breadcrumb"},"inLanguage":"en-US","potentialAction":[{"@type":"ReadAction","target":["https:\/\/www.cic.es\/en\/software-development-and-system-integration\/"]}]},{"@type":"ImageObject","inLanguage":"en-US","@id":"https:\/\/www.cic.es\/en\/software-development-and-system-integration\/#primaryimage","url":"https:\/\/www.cic.es\/wp-content\/uploads\/2018\/07\/consultoria.jpg","contentUrl":"https:\/\/www.cic.es\/wp-content\/uploads\/2018\/07\/consultoria.jpg","width":1400,"height":788},{"@type":"BreadcrumbList","@id":"https:\/\/www.cic.es\/en\/software-development-and-system-integration\/#breadcrumb","itemListElement":[{"@type":"ListItem","position":1,"name":"CIC","item":"https:\/\/www.cic.es\/"},{"@type":"ListItem","position":2,"name":"Software development and System Integration"}]},{"@type":"WebSite","@id":"https:\/\/www.cic.es\/#website","url":"https:\/\/www.cic.es\/","name":"CIC Consulting Inform\u00e1tico","description":"Somos una consultor\u00eda de ingenier\u00eda de desarrollo y proyectos de inform\u00e1tica y comunicaciones","publisher":{"@id":"https:\/\/www.cic.es\/#organization"},"alternateName":"CIC Consulting Inform\u00e1tico","potentialAction":[{"@type":"SearchAction","target":{"@type":"EntryPoint","urlTemplate":"https:\/\/www.cic.es\/?s={search_term_string}"},"query-input":{"@type":"PropertyValueSpecification","valueRequired":true,"valueName":"search_term_string"}}],"inLanguage":"en-US"},{"@type":"Organization","@id":"https:\/\/www.cic.es\/#organization","name":"CIC Consulting Inform\u00e1tico","alternateName":"CIC Consulting Inform\u00e1tico","url":"https:\/\/www.cic.es\/","logo":{"@type":"ImageObject","inLanguage":"en-US","@id":"https:\/\/www.cic.es\/#\/schema\/logo\/image\/","url":"https:\/\/www.cic.es\/wp-content\/uploads\/2018\/04\/cic_color.png","contentUrl":"https:\/\/www.cic.es\/wp-content\/uploads\/2018\/04\/cic_color.png","width":300,"height":200,"caption":"CIC Consulting Inform\u00e1tico"},"image":{"@id":"https:\/\/www.cic.es\/#\/schema\/logo\/image\/"},"sameAs":["https:\/\/www.facebook.com\/CIC.Consulting\/","https:\/\/x.com\/CICactualidad","https:\/\/www.linkedin.com\/company\/2157627\/","https:\/\/www.pinterest.es\/cicconsultinginformatico\/","https:\/\/www.youtube.com\/user\/webmastercic"]}]}},"_links":{"self":[{"href":"https:\/\/www.cic.es\/en\/wp-json\/wp\/v2\/pages\/4251","targetHints":{"allow":["GET"]}}],"collection":[{"href":"https:\/\/www.cic.es\/en\/wp-json\/wp\/v2\/pages"}],"about":[{"href":"https:\/\/www.cic.es\/en\/wp-json\/wp\/v2\/types\/page"}],"author":[{"embeddable":true,"href":"https:\/\/www.cic.es\/en\/wp-json\/wp\/v2\/users\/1"}],"replies":[{"embeddable":true,"href":"https:\/\/www.cic.es\/en\/wp-json\/wp\/v2\/comments?post=4251"}],"version-history":[{"count":3,"href":"https:\/\/www.cic.es\/en\/wp-json\/wp\/v2\/pages\/4251\/revisions"}],"predecessor-version":[{"id":22162,"href":"https:\/\/www.cic.es\/en\/wp-json\/wp\/v2\/pages\/4251\/revisions\/22162"}],"wp:featuredmedia":[{"embeddable":true,"href":"https:\/\/www.cic.es\/en\/wp-json\/wp\/v2\/media\/4034"}],"wp:attachment":[{"href":"https:\/\/www.cic.es\/en\/wp-json\/wp\/v2\/media?parent=4251"}],"curies":[{"name":"wp","href":"https:\/\/api.w.org\/{rel}","templated":true}]}}