{"id":3504,"date":"2018-02-20T10:45:09","date_gmt":"2018-02-20T09:45:09","guid":{"rendered":"http:\/\/webcic-pre.cic.es\/aviso-legal\/"},"modified":"2025-10-24T11:30:13","modified_gmt":"2025-10-24T10:30:13","slug":"legal-notice","status":"publish","type":"page","link":"https:\/\/www.cic.es\/en\/legal-notice\/","title":{"rendered":"Legal notice"},"content":{"rendered":"<p>Pursuant to Law 34\/2002, of July 11, Services Information Society and Electronic Commerce \u00a0(Ley\u00a0 de Servicios de la Sociedad de la Informaci\u00f3n y de Comercio Electr\u00f3nico -LSSI), we inform:<\/p>\n<h2>1. Purpose<\/h2>\n<p><strong>Art. 10 LSSI<\/strong>: <a href=\"https:\/\/www.cic.es\/en\/\">www.cic.es<\/a> is an internet domain owned by <strong>CONSULTING INFORMATICO DE CANTABRIA, S.L.<\/strong>, with registered office in Parque Cient\u00edfico y Tecnol\u00f3gico de Cantabria (PCTCAN). c\/Isabel Torres 3, 39011, Santander (Cantabria) and Tax ID Number B39361019<strong>.\u00a0<\/strong>The company is registered in the Companies Registry \u00a0of Santander volume 565, sheet 79, page n\u00ba S-6157, 1<sup>st<\/sup> inscription<strong>.<\/strong><\/p>\n<p>For the purposes of this document, the telephone contact number is<strong>\u00a0 <\/strong><strong>942 269 017<\/strong> and the contact email is \u00a0<strong>arco@cic.es<\/strong>.<\/p>\n<p>This legal notice regulates the use of the domain.<\/p>\n<p>The use of this website means you agree the conditions included in this Notice, as well as, <a href=\"https:\/\/www.cic.es\/en\/cookies-policy\/\">Cookies Policy<\/a> and <a href=\"https:\/\/www.cic.es\/wp-content\/uploads\/2023\/02\/PP_Politica-de-Privacidad_ES-EN.r01.pdf\">Data Protection Policy<\/a>. In the case of certain services, content and \/ or tools offered via this website requiring the application of special conditions, these shall be available to user.<\/p>\n<p>Moreover, it warns that both the content and services of this website and the own conditions of use may be modified without notice.<\/p>\n<h2>2. Conditions of use<\/h2>\n<p>The user agrees to provide truthful, accurate and complete information about his\/her identity.<\/p>\n<p>In addition, the user agrees to keep personal data update that could be provided to the domain holder; therefore, the data holder is solely responsible for the falsehoods or inaccuracies thereof.<\/p>\n<p>In the event of minors using the website, they must have the permission of their parents, guardians or legal representatives to have access to the provided services . <strong>CONSULTING INFORMATICO DE CANTABRIA, S.L.<\/strong> is not responsible in the event of inexact or false data related with this issue.<\/p>\n<p>The website may only be used for lawful purposes; therefore, the user agrees to make a lawful and honest use under these Terms of Use, and not using the services of the website for conducts contrary to the Spanish legislation, morality and public order. The user assumes all responsibilities for damages against the holder of this website or third parties that may arise from illegal practices or impermissible activities as the following:<\/p>\n<ul>\n<li>To perform without prior approval any manipulation or alteration of this page, the holder of the website does not assume any liability arising from such manipulation or alteration by third parties.<\/li>\n<li>To take any action that could damage, disable, overburden, or impair the website and its services, as well as, to hinder the normal use and utilization by users.<\/li>\n<li>To introduce and\/or use computer software, data, corrupted files, viruses, malicious code, computer or telecommunications equipment or any other, regardless of their nature which can damage this website.<\/li>\n<li>To violate the rights of privacy, self-image, confidentiality of communications, intellectual property and industrial property of third parties.<\/li>\n<li>To hide and disguise the origin of emails.<\/li>\n<li>To use false identities, to supplant the identity of others in the use of this website or the use of any of its services.<\/li>\n<li>To play, distribute, modify or copy the content of this page, unless you have the permission of the holder of this website or being legally entitled for it.<\/li>\n<li>To transmit usernames and passwords to unauthorized third parties.<\/li>\n<\/ul>\n<p><strong>CONSULTING INFORMATICO DE CANTABRIA, S.L.<\/strong>\u00a0 is not liable for links to other websites and their existence does not imply that <strong>CONSULTING INFORMATICO DE CANTABRIA, S.L.<\/strong> approves or accepts their contents and services. These other websites are not controlled by <strong>CONSULTING INFORMATICO DE CANTABRIA, S.L.<\/strong>neither covered by this Data Protection Policy. If you access to other websites using the links provided, the operators of these websites may gather your personal information. Make sure you are satisfied with the data protection policies of these third-party websites before providing any personal information.<\/p>\n<p>In general, the domain holder excludes its liability for any damage that may result from the use of the website, or resulting from the infringement of the rights of intellectual and industrial property by users and \/ or lack of truthfulness, accuracy, and timeliness of the content. Neither may be required responsibilities to the domains holder due to interruption of services, undesired operations or inability to access the service.<\/p>\n<p>The domain holder is not liable for damages caused by the presence of viruses or other harmful software that could produce alterations in the computer system of the user.<\/p>\n<p>The website, its programs, designs, logos, text and \/ or graphics are property of the provider of the website or has a proper license or express authorization of the authors.<\/p>\n<p>Any total or partial reproduction, use, exploitation, distribution and marketing, always requires the prior authorization of the domain holder.<\/p>\n<p>The user agrees not to perform any contrary acts to the rights of intellectual and industrial property of the author.<\/p>\n<p>The service provider authorizes third parties to redirect directly to the specific contents of this website but should be redirected to the main website of the provider.<\/p>\n<h2>3. Data Protection<\/h2>\n<p>You can consult our data protection policy on our website: <a href=\"https:\/\/www.cic.es\/en\/data-protection-policy\/\">Data Protection Policy<\/a>.<\/p>\n<h2>4. Use of cookies<\/h2>\n<p><strong>CONSULTING INFORMATICO DE CANTABRIA, S.L.<\/strong>\u00a0as owner of this website declares that it uses automatic data collection procedures to keep the registration of users who visit the website. <a href=\"https:\/\/www.cic.es\/en\/cookies-policy\/\">Click here<\/a> to go to the use of Cookies Policy.<\/p>\n<h2>5. Applicable Law<\/h2>\n<p>These Terms shall be governed at all times by the provisions of Spanish legislation.<\/p>\n","protected":false},"excerpt":{"rendered":"<p>Pursuant to Law 34\/2002, of July 11, Services Information Society and Electronic Commerce \u00a0(Ley\u00a0 de Servicios de la Sociedad de la Informaci\u00f3n y de Comercio Electr\u00f3nico -LSSI), we inform: 1. Purpose Art. 10 LSSI: www.cic.es is an internet domain owned by CONSULTING INFORMATICO DE CANTABRIA, S.L., with registered office in&#8230;<\/p>\n","protected":false},"author":1,"featured_media":0,"parent":0,"menu_order":0,"comment_status":"closed","ping_status":"closed","template":"","meta":{"_acf_changed":false,"footnotes":""},"class_list":["post-3504","page","type-page","status-publish","hentry"],"acf":[],"yoast_head":"<!-- This site is optimized with the Yoast SEO plugin v27.4 - https:\/\/yoast.com\/product\/yoast-seo-wordpress\/ -->\n<title>Legal notice CIC Consulting Inform\u00e1tico<\/title>\n<meta name=\"robots\" content=\"index, follow, max-snippet:-1, max-image-preview:large, max-video-preview:-1\" \/>\n<link rel=\"canonical\" href=\"https:\/\/www.cic.es\/en\/legal-notice\/\" \/>\n<meta property=\"og:locale\" content=\"en_US\" \/>\n<meta property=\"og:type\" content=\"article\" \/>\n<meta property=\"og:title\" content=\"Legal notice CIC Consulting Inform\u00e1tico\" \/>\n<meta property=\"og:description\" content=\"Pursuant to Law 34\/2002, of July 11, Services Information Society and Electronic Commerce \u00a0(Ley\u00a0 de Servicios de la Sociedad de la Informaci\u00f3n y de Comercio Electr\u00f3nico -LSSI), we inform: 1. Purpose Art. 10 LSSI: www.cic.es is an internet domain owned by CONSULTING INFORMATICO DE CANTABRIA, S.L., with registered office in...\" \/>\n<meta property=\"og:url\" content=\"https:\/\/www.cic.es\/en\/legal-notice\/\" \/>\n<meta property=\"og:site_name\" content=\"CIC Consulting Inform\u00e1tico\" \/>\n<meta property=\"article:publisher\" content=\"https:\/\/www.facebook.com\/CIC.Consulting\/\" \/>\n<meta property=\"article:modified_time\" content=\"2025-10-24T10:30:13+00:00\" \/>\n<meta name=\"twitter:card\" content=\"summary_large_image\" \/>\n<meta name=\"twitter:site\" content=\"@CICactualidad\" \/>\n<meta name=\"twitter:label1\" content=\"Est. reading time\" \/>\n\t<meta name=\"twitter:data1\" content=\"4 minutes\" \/>\n<script type=\"application\/ld+json\" class=\"yoast-schema-graph\">{\"@context\":\"https:\\\/\\\/schema.org\",\"@graph\":[{\"@type\":\"WebPage\",\"@id\":\"https:\\\/\\\/www.cic.es\\\/en\\\/legal-notice\\\/\",\"url\":\"https:\\\/\\\/www.cic.es\\\/en\\\/legal-notice\\\/\",\"name\":\"Legal notice CIC Consulting Inform\u00e1tico\",\"isPartOf\":{\"@id\":\"https:\\\/\\\/www.cic.es\\\/#website\"},\"datePublished\":\"2018-02-20T09:45:09+00:00\",\"dateModified\":\"2025-10-24T10:30:13+00:00\",\"breadcrumb\":{\"@id\":\"https:\\\/\\\/www.cic.es\\\/en\\\/legal-notice\\\/#breadcrumb\"},\"inLanguage\":\"en-US\",\"potentialAction\":[{\"@type\":\"ReadAction\",\"target\":[\"https:\\\/\\\/www.cic.es\\\/en\\\/legal-notice\\\/\"]}]},{\"@type\":\"BreadcrumbList\",\"@id\":\"https:\\\/\\\/www.cic.es\\\/en\\\/legal-notice\\\/#breadcrumb\",\"itemListElement\":[{\"@type\":\"ListItem\",\"position\":1,\"name\":\"CIC\",\"item\":\"https:\\\/\\\/www.cic.es\\\/\"},{\"@type\":\"ListItem\",\"position\":2,\"name\":\"Legal notice\"}]},{\"@type\":\"WebSite\",\"@id\":\"https:\\\/\\\/www.cic.es\\\/#website\",\"url\":\"https:\\\/\\\/www.cic.es\\\/\",\"name\":\"CIC Consulting Inform\u00e1tico\",\"description\":\"Somos una consultor\u00eda de ingenier\u00eda de desarrollo y proyectos de inform\u00e1tica y comunicaciones\",\"publisher\":{\"@id\":\"https:\\\/\\\/www.cic.es\\\/#organization\"},\"alternateName\":\"CIC Consulting Inform\u00e1tico\",\"potentialAction\":[{\"@type\":\"SearchAction\",\"target\":{\"@type\":\"EntryPoint\",\"urlTemplate\":\"https:\\\/\\\/www.cic.es\\\/?s={search_term_string}\"},\"query-input\":{\"@type\":\"PropertyValueSpecification\",\"valueRequired\":true,\"valueName\":\"search_term_string\"}}],\"inLanguage\":\"en-US\"},{\"@type\":\"Organization\",\"@id\":\"https:\\\/\\\/www.cic.es\\\/#organization\",\"name\":\"CIC Consulting Inform\u00e1tico\",\"alternateName\":\"CIC Consulting Inform\u00e1tico\",\"url\":\"https:\\\/\\\/www.cic.es\\\/\",\"logo\":{\"@type\":\"ImageObject\",\"inLanguage\":\"en-US\",\"@id\":\"https:\\\/\\\/www.cic.es\\\/#\\\/schema\\\/logo\\\/image\\\/\",\"url\":\"https:\\\/\\\/www.cic.es\\\/wp-content\\\/uploads\\\/2018\\\/04\\\/cic_color.png\",\"contentUrl\":\"https:\\\/\\\/www.cic.es\\\/wp-content\\\/uploads\\\/2018\\\/04\\\/cic_color.png\",\"width\":300,\"height\":200,\"caption\":\"CIC Consulting Inform\u00e1tico\"},\"image\":{\"@id\":\"https:\\\/\\\/www.cic.es\\\/#\\\/schema\\\/logo\\\/image\\\/\"},\"sameAs\":[\"https:\\\/\\\/www.facebook.com\\\/CIC.Consulting\\\/\",\"https:\\\/\\\/x.com\\\/CICactualidad\",\"https:\\\/\\\/www.linkedin.com\\\/company\\\/2157627\\\/\",\"https:\\\/\\\/www.pinterest.es\\\/cicconsultinginformatico\\\/\",\"https:\\\/\\\/www.youtube.com\\\/user\\\/webmastercic\"]}]}<\/script>\n<!-- \/ Yoast SEO plugin. -->","yoast_head_json":{"title":"Legal notice CIC Consulting Inform\u00e1tico","robots":{"index":"index","follow":"follow","max-snippet":"max-snippet:-1","max-image-preview":"max-image-preview:large","max-video-preview":"max-video-preview:-1"},"canonical":"https:\/\/www.cic.es\/en\/legal-notice\/","og_locale":"en_US","og_type":"article","og_title":"Legal notice CIC Consulting Inform\u00e1tico","og_description":"Pursuant to Law 34\/2002, of July 11, Services Information Society and Electronic Commerce \u00a0(Ley\u00a0 de Servicios de la Sociedad de la Informaci\u00f3n y de Comercio Electr\u00f3nico -LSSI), we inform: 1. Purpose Art. 10 LSSI: www.cic.es is an internet domain owned by CONSULTING INFORMATICO DE CANTABRIA, S.L., with registered office in...","og_url":"https:\/\/www.cic.es\/en\/legal-notice\/","og_site_name":"CIC Consulting Inform\u00e1tico","article_publisher":"https:\/\/www.facebook.com\/CIC.Consulting\/","article_modified_time":"2025-10-24T10:30:13+00:00","twitter_card":"summary_large_image","twitter_site":"@CICactualidad","twitter_misc":{"Est. reading time":"4 minutes"},"schema":{"@context":"https:\/\/schema.org","@graph":[{"@type":"WebPage","@id":"https:\/\/www.cic.es\/en\/legal-notice\/","url":"https:\/\/www.cic.es\/en\/legal-notice\/","name":"Legal notice CIC Consulting Inform\u00e1tico","isPartOf":{"@id":"https:\/\/www.cic.es\/#website"},"datePublished":"2018-02-20T09:45:09+00:00","dateModified":"2025-10-24T10:30:13+00:00","breadcrumb":{"@id":"https:\/\/www.cic.es\/en\/legal-notice\/#breadcrumb"},"inLanguage":"en-US","potentialAction":[{"@type":"ReadAction","target":["https:\/\/www.cic.es\/en\/legal-notice\/"]}]},{"@type":"BreadcrumbList","@id":"https:\/\/www.cic.es\/en\/legal-notice\/#breadcrumb","itemListElement":[{"@type":"ListItem","position":1,"name":"CIC","item":"https:\/\/www.cic.es\/"},{"@type":"ListItem","position":2,"name":"Legal notice"}]},{"@type":"WebSite","@id":"https:\/\/www.cic.es\/#website","url":"https:\/\/www.cic.es\/","name":"CIC Consulting Inform\u00e1tico","description":"Somos una consultor\u00eda de ingenier\u00eda de desarrollo y proyectos de inform\u00e1tica y comunicaciones","publisher":{"@id":"https:\/\/www.cic.es\/#organization"},"alternateName":"CIC Consulting Inform\u00e1tico","potentialAction":[{"@type":"SearchAction","target":{"@type":"EntryPoint","urlTemplate":"https:\/\/www.cic.es\/?s={search_term_string}"},"query-input":{"@type":"PropertyValueSpecification","valueRequired":true,"valueName":"search_term_string"}}],"inLanguage":"en-US"},{"@type":"Organization","@id":"https:\/\/www.cic.es\/#organization","name":"CIC Consulting Inform\u00e1tico","alternateName":"CIC Consulting Inform\u00e1tico","url":"https:\/\/www.cic.es\/","logo":{"@type":"ImageObject","inLanguage":"en-US","@id":"https:\/\/www.cic.es\/#\/schema\/logo\/image\/","url":"https:\/\/www.cic.es\/wp-content\/uploads\/2018\/04\/cic_color.png","contentUrl":"https:\/\/www.cic.es\/wp-content\/uploads\/2018\/04\/cic_color.png","width":300,"height":200,"caption":"CIC Consulting Inform\u00e1tico"},"image":{"@id":"https:\/\/www.cic.es\/#\/schema\/logo\/image\/"},"sameAs":["https:\/\/www.facebook.com\/CIC.Consulting\/","https:\/\/x.com\/CICactualidad","https:\/\/www.linkedin.com\/company\/2157627\/","https:\/\/www.pinterest.es\/cicconsultinginformatico\/","https:\/\/www.youtube.com\/user\/webmastercic"]}]}},"_links":{"self":[{"href":"https:\/\/www.cic.es\/en\/wp-json\/wp\/v2\/pages\/3504","targetHints":{"allow":["GET"]}}],"collection":[{"href":"https:\/\/www.cic.es\/en\/wp-json\/wp\/v2\/pages"}],"about":[{"href":"https:\/\/www.cic.es\/en\/wp-json\/wp\/v2\/types\/page"}],"author":[{"embeddable":true,"href":"https:\/\/www.cic.es\/en\/wp-json\/wp\/v2\/users\/1"}],"replies":[{"embeddable":true,"href":"https:\/\/www.cic.es\/en\/wp-json\/wp\/v2\/comments?post=3504"}],"version-history":[{"count":4,"href":"https:\/\/www.cic.es\/en\/wp-json\/wp\/v2\/pages\/3504\/revisions"}],"predecessor-version":[{"id":25876,"href":"https:\/\/www.cic.es\/en\/wp-json\/wp\/v2\/pages\/3504\/revisions\/25876"}],"wp:attachment":[{"href":"https:\/\/www.cic.es\/en\/wp-json\/wp\/v2\/media?parent=3504"}],"curies":[{"name":"wp","href":"https:\/\/api.w.org\/{rel}","templated":true}]}}