{"id":3501,"date":"2018-02-20T11:07:03","date_gmt":"2018-02-20T10:07:03","guid":{"rendered":"http:\/\/webcic-pre.cic.es\/?page_id=3501"},"modified":"2021-01-27T10:30:43","modified_gmt":"2021-01-27T09:30:43","slug":"it-consulting","status":"publish","type":"page","link":"https:\/\/www.cic.es\/en\/it-consulting\/","title":{"rendered":"IT Consulting"},"content":{"rendered":"<h2>Through<strong>&nbsp;our IT Consulting services we will advise you on how to create a results based IT strategy adapted to your needs.<\/strong><\/h2>\n<p>As an IT consulting firm, we are very familiar with the problems that companies have. For this reason, we have a team with the know-how and experience to implement strategies in your company to optimise work, reduce costs and increase productivity.<\/p>\n<ul>\n<li><strong>Greater Profitability&nbsp;<\/strong><br \/>\nReducing costs and maximising technological resources.<\/li>\n<li><strong>Increasing Competitiveness<\/strong><br \/>\nDesigning more competitive IT platforms, deploying IT management solutions, and through our IT consulting services we can provide corporate know-how and optimise internal procedures.<\/li>\n<li><strong>Better Organisation<\/strong><br \/>\nImproving collaboration and business processes integration, bettering the quality of customer services and support.<\/li>\n<\/ul>\n<h2>IT consulting services in many areas<\/h2>\n<ul>\n<li>Assessment of technological alternatives<\/li>\n<li>Implementation of project management methodologies and software&nbsp;engineering, including dynamic methodologies such as SCRUM.<\/li>\n<li>System virtualisation and cloud computing.<\/li>\n<li>Data migration and systems upgrades.<\/li>\n<li>Planning, implementation and integration of IT systems.<\/li>\n<li>Cyber security.<\/li>\n<li>Usability and accessibility.<\/li>\n<li>Business processes improvement.<\/li>\n<li>IT service management with ITIL.<\/li>\n<\/ul>\n<h3><strong>As an IT consulting firm we help businesses in detecting their problems and finding solutions to their needs.<\/strong><\/h3>\n<p>A good IT consulting service can help you capitalise your business. It is very important for companies to know who to turn to when changes occur.<\/p>\n<p>Contact our IT consulting services and watch your business grow.<\/p>\n","protected":false},"excerpt":{"rendered":"<p>Through&nbsp;our IT Consulting services we will advise you on how to create a results based IT strategy adapted to your needs. As an IT consulting firm, we are very familiar with the problems that companies have. For this reason, we have a team with the know-how and experience to implement&#8230;<\/p>\n","protected":false},"author":1,"featured_media":4044,"parent":0,"menu_order":0,"comment_status":"closed","ping_status":"closed","template":"page-templates\/page-servicios.php","meta":{"_acf_changed":false,"footnotes":""},"class_list":["post-3501","page","type-page","status-publish","has-post-thumbnail","hentry"],"acf":[],"yoast_head":"<!-- This site is optimized with the Yoast SEO plugin v27.4 - https:\/\/yoast.com\/product\/yoast-seo-wordpress\/ -->\n<title>IT Consulting CIC Consulting Inform\u00e1tico<\/title>\n<meta name=\"description\" content=\"We have a team with the know-how and experience to implement strategies in your company to optimise work, reduce costs and increase productivity.\" \/>\n<meta name=\"robots\" content=\"index, follow, max-snippet:-1, max-image-preview:large, max-video-preview:-1\" \/>\n<link rel=\"canonical\" href=\"https:\/\/www.cic.es\/en\/it-consulting\/\" \/>\n<meta property=\"og:locale\" content=\"en_US\" \/>\n<meta property=\"og:type\" content=\"article\" \/>\n<meta property=\"og:title\" content=\"IT Consulting CIC Consulting Inform\u00e1tico\" \/>\n<meta property=\"og:description\" content=\"We have a team with the know-how and experience to implement strategies in your company to optimise work, reduce costs and increase productivity.\" \/>\n<meta property=\"og:url\" content=\"https:\/\/www.cic.es\/en\/it-consulting\/\" \/>\n<meta property=\"og:site_name\" content=\"CIC Consulting Inform\u00e1tico\" \/>\n<meta property=\"article:publisher\" content=\"https:\/\/www.facebook.com\/CIC.Consulting\/\" \/>\n<meta property=\"article:modified_time\" content=\"2021-01-27T09:30:43+00:00\" \/>\n<meta property=\"og:image\" content=\"https:\/\/www.cic.es\/wp-content\/uploads\/2018\/07\/consultoria-1.jpg\" \/>\n\t<meta property=\"og:image:width\" content=\"1600\" \/>\n\t<meta property=\"og:image:height\" content=\"580\" \/>\n\t<meta property=\"og:image:type\" content=\"image\/jpeg\" \/>\n<meta name=\"twitter:card\" content=\"summary_large_image\" \/>\n<meta name=\"twitter:site\" content=\"@CICactualidad\" \/>\n<meta name=\"twitter:label1\" content=\"Est. reading time\" \/>\n\t<meta name=\"twitter:data1\" content=\"1 minute\" \/>\n<script type=\"application\/ld+json\" class=\"yoast-schema-graph\">{\"@context\":\"https:\\\/\\\/schema.org\",\"@graph\":[{\"@type\":\"WebPage\",\"@id\":\"https:\\\/\\\/www.cic.es\\\/en\\\/it-consulting\\\/\",\"url\":\"https:\\\/\\\/www.cic.es\\\/en\\\/it-consulting\\\/\",\"name\":\"IT Consulting CIC Consulting Inform\u00e1tico\",\"isPartOf\":{\"@id\":\"https:\\\/\\\/www.cic.es\\\/#website\"},\"primaryImageOfPage\":{\"@id\":\"https:\\\/\\\/www.cic.es\\\/en\\\/it-consulting\\\/#primaryimage\"},\"image\":{\"@id\":\"https:\\\/\\\/www.cic.es\\\/en\\\/it-consulting\\\/#primaryimage\"},\"thumbnailUrl\":\"https:\\\/\\\/www.cic.es\\\/wp-content\\\/uploads\\\/2018\\\/07\\\/consultoria-1.jpg\",\"datePublished\":\"2018-02-20T10:07:03+00:00\",\"dateModified\":\"2021-01-27T09:30:43+00:00\",\"description\":\"We have a team with the know-how and experience to implement strategies in your company to optimise work, reduce costs and increase productivity.\",\"breadcrumb\":{\"@id\":\"https:\\\/\\\/www.cic.es\\\/en\\\/it-consulting\\\/#breadcrumb\"},\"inLanguage\":\"en-US\",\"potentialAction\":[{\"@type\":\"ReadAction\",\"target\":[\"https:\\\/\\\/www.cic.es\\\/en\\\/it-consulting\\\/\"]}]},{\"@type\":\"ImageObject\",\"inLanguage\":\"en-US\",\"@id\":\"https:\\\/\\\/www.cic.es\\\/en\\\/it-consulting\\\/#primaryimage\",\"url\":\"https:\\\/\\\/www.cic.es\\\/wp-content\\\/uploads\\\/2018\\\/07\\\/consultoria-1.jpg\",\"contentUrl\":\"https:\\\/\\\/www.cic.es\\\/wp-content\\\/uploads\\\/2018\\\/07\\\/consultoria-1.jpg\",\"width\":1600,\"height\":580},{\"@type\":\"BreadcrumbList\",\"@id\":\"https:\\\/\\\/www.cic.es\\\/en\\\/it-consulting\\\/#breadcrumb\",\"itemListElement\":[{\"@type\":\"ListItem\",\"position\":1,\"name\":\"CIC\",\"item\":\"https:\\\/\\\/www.cic.es\\\/\"},{\"@type\":\"ListItem\",\"position\":2,\"name\":\"IT Consulting\"}]},{\"@type\":\"WebSite\",\"@id\":\"https:\\\/\\\/www.cic.es\\\/#website\",\"url\":\"https:\\\/\\\/www.cic.es\\\/\",\"name\":\"CIC Consulting Inform\u00e1tico\",\"description\":\"Somos una consultor\u00eda de ingenier\u00eda de desarrollo y proyectos de inform\u00e1tica y comunicaciones\",\"publisher\":{\"@id\":\"https:\\\/\\\/www.cic.es\\\/#organization\"},\"alternateName\":\"CIC Consulting Inform\u00e1tico\",\"potentialAction\":[{\"@type\":\"SearchAction\",\"target\":{\"@type\":\"EntryPoint\",\"urlTemplate\":\"https:\\\/\\\/www.cic.es\\\/?s={search_term_string}\"},\"query-input\":{\"@type\":\"PropertyValueSpecification\",\"valueRequired\":true,\"valueName\":\"search_term_string\"}}],\"inLanguage\":\"en-US\"},{\"@type\":\"Organization\",\"@id\":\"https:\\\/\\\/www.cic.es\\\/#organization\",\"name\":\"CIC Consulting Inform\u00e1tico\",\"alternateName\":\"CIC Consulting Inform\u00e1tico\",\"url\":\"https:\\\/\\\/www.cic.es\\\/\",\"logo\":{\"@type\":\"ImageObject\",\"inLanguage\":\"en-US\",\"@id\":\"https:\\\/\\\/www.cic.es\\\/#\\\/schema\\\/logo\\\/image\\\/\",\"url\":\"https:\\\/\\\/www.cic.es\\\/wp-content\\\/uploads\\\/2018\\\/04\\\/cic_color.png\",\"contentUrl\":\"https:\\\/\\\/www.cic.es\\\/wp-content\\\/uploads\\\/2018\\\/04\\\/cic_color.png\",\"width\":300,\"height\":200,\"caption\":\"CIC Consulting Inform\u00e1tico\"},\"image\":{\"@id\":\"https:\\\/\\\/www.cic.es\\\/#\\\/schema\\\/logo\\\/image\\\/\"},\"sameAs\":[\"https:\\\/\\\/www.facebook.com\\\/CIC.Consulting\\\/\",\"https:\\\/\\\/x.com\\\/CICactualidad\",\"https:\\\/\\\/www.linkedin.com\\\/company\\\/2157627\\\/\",\"https:\\\/\\\/www.pinterest.es\\\/cicconsultinginformatico\\\/\",\"https:\\\/\\\/www.youtube.com\\\/user\\\/webmastercic\"]}]}<\/script>\n<!-- \/ Yoast SEO plugin. -->","yoast_head_json":{"title":"IT Consulting CIC Consulting Inform\u00e1tico","description":"We have a team with the know-how and experience to implement strategies in your company to optimise work, reduce costs and increase productivity.","robots":{"index":"index","follow":"follow","max-snippet":"max-snippet:-1","max-image-preview":"max-image-preview:large","max-video-preview":"max-video-preview:-1"},"canonical":"https:\/\/www.cic.es\/en\/it-consulting\/","og_locale":"en_US","og_type":"article","og_title":"IT Consulting CIC Consulting Inform\u00e1tico","og_description":"We have a team with the know-how and experience to implement strategies in your company to optimise work, reduce costs and increase productivity.","og_url":"https:\/\/www.cic.es\/en\/it-consulting\/","og_site_name":"CIC Consulting Inform\u00e1tico","article_publisher":"https:\/\/www.facebook.com\/CIC.Consulting\/","article_modified_time":"2021-01-27T09:30:43+00:00","og_image":[{"width":1600,"height":580,"url":"https:\/\/www.cic.es\/wp-content\/uploads\/2018\/07\/consultoria-1.jpg","type":"image\/jpeg"}],"twitter_card":"summary_large_image","twitter_site":"@CICactualidad","twitter_misc":{"Est. reading time":"1 minute"},"schema":{"@context":"https:\/\/schema.org","@graph":[{"@type":"WebPage","@id":"https:\/\/www.cic.es\/en\/it-consulting\/","url":"https:\/\/www.cic.es\/en\/it-consulting\/","name":"IT Consulting CIC Consulting Inform\u00e1tico","isPartOf":{"@id":"https:\/\/www.cic.es\/#website"},"primaryImageOfPage":{"@id":"https:\/\/www.cic.es\/en\/it-consulting\/#primaryimage"},"image":{"@id":"https:\/\/www.cic.es\/en\/it-consulting\/#primaryimage"},"thumbnailUrl":"https:\/\/www.cic.es\/wp-content\/uploads\/2018\/07\/consultoria-1.jpg","datePublished":"2018-02-20T10:07:03+00:00","dateModified":"2021-01-27T09:30:43+00:00","description":"We have a team with the know-how and experience to implement strategies in your company to optimise work, reduce costs and increase productivity.","breadcrumb":{"@id":"https:\/\/www.cic.es\/en\/it-consulting\/#breadcrumb"},"inLanguage":"en-US","potentialAction":[{"@type":"ReadAction","target":["https:\/\/www.cic.es\/en\/it-consulting\/"]}]},{"@type":"ImageObject","inLanguage":"en-US","@id":"https:\/\/www.cic.es\/en\/it-consulting\/#primaryimage","url":"https:\/\/www.cic.es\/wp-content\/uploads\/2018\/07\/consultoria-1.jpg","contentUrl":"https:\/\/www.cic.es\/wp-content\/uploads\/2018\/07\/consultoria-1.jpg","width":1600,"height":580},{"@type":"BreadcrumbList","@id":"https:\/\/www.cic.es\/en\/it-consulting\/#breadcrumb","itemListElement":[{"@type":"ListItem","position":1,"name":"CIC","item":"https:\/\/www.cic.es\/"},{"@type":"ListItem","position":2,"name":"IT Consulting"}]},{"@type":"WebSite","@id":"https:\/\/www.cic.es\/#website","url":"https:\/\/www.cic.es\/","name":"CIC Consulting Inform\u00e1tico","description":"Somos una consultor\u00eda de ingenier\u00eda de desarrollo y proyectos de inform\u00e1tica y comunicaciones","publisher":{"@id":"https:\/\/www.cic.es\/#organization"},"alternateName":"CIC Consulting Inform\u00e1tico","potentialAction":[{"@type":"SearchAction","target":{"@type":"EntryPoint","urlTemplate":"https:\/\/www.cic.es\/?s={search_term_string}"},"query-input":{"@type":"PropertyValueSpecification","valueRequired":true,"valueName":"search_term_string"}}],"inLanguage":"en-US"},{"@type":"Organization","@id":"https:\/\/www.cic.es\/#organization","name":"CIC Consulting Inform\u00e1tico","alternateName":"CIC Consulting Inform\u00e1tico","url":"https:\/\/www.cic.es\/","logo":{"@type":"ImageObject","inLanguage":"en-US","@id":"https:\/\/www.cic.es\/#\/schema\/logo\/image\/","url":"https:\/\/www.cic.es\/wp-content\/uploads\/2018\/04\/cic_color.png","contentUrl":"https:\/\/www.cic.es\/wp-content\/uploads\/2018\/04\/cic_color.png","width":300,"height":200,"caption":"CIC Consulting Inform\u00e1tico"},"image":{"@id":"https:\/\/www.cic.es\/#\/schema\/logo\/image\/"},"sameAs":["https:\/\/www.facebook.com\/CIC.Consulting\/","https:\/\/x.com\/CICactualidad","https:\/\/www.linkedin.com\/company\/2157627\/","https:\/\/www.pinterest.es\/cicconsultinginformatico\/","https:\/\/www.youtube.com\/user\/webmastercic"]}]}},"_links":{"self":[{"href":"https:\/\/www.cic.es\/en\/wp-json\/wp\/v2\/pages\/3501","targetHints":{"allow":["GET"]}}],"collection":[{"href":"https:\/\/www.cic.es\/en\/wp-json\/wp\/v2\/pages"}],"about":[{"href":"https:\/\/www.cic.es\/en\/wp-json\/wp\/v2\/types\/page"}],"author":[{"embeddable":true,"href":"https:\/\/www.cic.es\/en\/wp-json\/wp\/v2\/users\/1"}],"replies":[{"embeddable":true,"href":"https:\/\/www.cic.es\/en\/wp-json\/wp\/v2\/comments?post=3501"}],"version-history":[{"count":1,"href":"https:\/\/www.cic.es\/en\/wp-json\/wp\/v2\/pages\/3501\/revisions"}],"predecessor-version":[{"id":8371,"href":"https:\/\/www.cic.es\/en\/wp-json\/wp\/v2\/pages\/3501\/revisions\/8371"}],"wp:featuredmedia":[{"embeddable":true,"href":"https:\/\/www.cic.es\/en\/wp-json\/wp\/v2\/media\/4044"}],"wp:attachment":[{"href":"https:\/\/www.cic.es\/en\/wp-json\/wp\/v2\/media?parent=3501"}],"curies":[{"name":"wp","href":"https:\/\/api.w.org\/{rel}","templated":true}]}}