{"id":25365,"date":"2025-08-14T14:39:54","date_gmt":"2025-08-14T13:39:54","guid":{"rendered":"https:\/\/www.cic.es\/?page_id=25365"},"modified":"2025-10-24T08:26:11","modified_gmt":"2025-10-24T07:26:11","slug":"comisium-software-validador-automatico-de-comisiones-otas","status":"publish","type":"page","link":"https:\/\/www.cic.es\/en\/comisium-software-validador-automatico-de-comisiones-otas\/","title":{"rendered":"Comisium \u2013 Software for automatic hotel commission reconciliation"},"content":{"rendered":"\n<h2 class=\"wp-block-heading\">Valida autom\u00e1ticamente las comisiones de las OTAs asociadas a las reservas de tu hotel y recupera el dinero.<\/h2>\n\n\n\n<p>Implementa la soluci\u00f3n de Comisium para resolver los problemas relacionados con la validaci\u00f3n de las comisiones cobradas por las OTAS. Un software perfecto para hoteles o cadenas hoteleras medianas o grandes.<\/p>\n\n\n\n<div style=\"height:36px\" aria-hidden=\"true\" class=\"wp-block-spacer\"><\/div>\n\n\n<div class=\"wp-block-image\">\n<figure class=\"aligncenter size-full is-resized\"><img loading=\"lazy\" decoding=\"async\" width=\"483\" height=\"155\" src=\"https:\/\/www.cic.es\/wp-content\/uploads\/2024\/12\/Logotipo_comisium.png\" alt=\"\" class=\"wp-image-23455\" style=\"width:439px;height:auto\"\/><\/figure>\n<\/div>\n\n\n<div style=\"height:36px\" aria-hidden=\"true\" class=\"wp-block-spacer\"><\/div>\n\n\n\n<p><strong>En la actualidad, la conciliaci\u00f3n de las comisiones de las OTAS con las facturas de las reservas del PMS, es un proceso manual y propenso a errores en la que la mayor\u00eda de las ocasiones no se comprueba debido al alto volumen de reservas de los establecimientos hoteleros, lo que provoca una p\u00e9rdida de dinero no reclamado hacia estas compa\u00f1\u00edas.<\/strong> Ante este escenario nace Comisium, un software innovador que de manera autom\u00e1tica realiza todo el proceso de conciliaci\u00f3n de las comisiones.&nbsp;<\/p>\n\n\n\n<p>El objetivo principal es <strong>facilitar la conciliaci\u00f3n de las reservas procedentes de las OTAs,<\/strong> analizando cada reserva de manera individual <strong>para identificar posibles discrepancias en las comisiones cobradas.<\/strong> &nbsp;Esto nos permite detectar errores, optimizar el tiempo de trabajo y reducir los gastos de manera significativa.&nbsp;<\/p>\n\n\n\n<p><strong>Comisium automatiza la validaci\u00f3n de comisiones de reservas,<\/strong> conect\u00e1ndose con OTAs como Booking o Expedia, e integrando los datos en tu PMS asegurando una integraci\u00f3n precisa entre reservas y facturas.&nbsp;<\/p>\n\n\n\n<div style=\"height:36px\" aria-hidden=\"true\" class=\"wp-block-spacer\"><\/div>\n\n\n<div class=\"wp-block-image\">\n<figure class=\"aligncenter size-full is-resized\"><img loading=\"lazy\" decoding=\"async\" width=\"1808\" height=\"596\" src=\"https:\/\/www.cic.es\/wp-content\/uploads\/2025\/02\/imagenes-soluciones-cic.png\" alt=\"\" class=\"wp-image-23765\" style=\"width:706px;height:auto\" srcset=\"https:\/\/www.cic.es\/wp-content\/uploads\/2025\/02\/imagenes-soluciones-cic.png 1808w, https:\/\/www.cic.es\/wp-content\/uploads\/2025\/02\/imagenes-soluciones-cic-600x198.png 600w, https:\/\/www.cic.es\/wp-content\/uploads\/2025\/02\/imagenes-soluciones-cic-1100x363.png 1100w, https:\/\/www.cic.es\/wp-content\/uploads\/2025\/02\/imagenes-soluciones-cic-768x253.png 768w, https:\/\/www.cic.es\/wp-content\/uploads\/2025\/02\/imagenes-soluciones-cic-1536x506.png 1536w\" sizes=\"auto, (max-width: 1808px) 100vw, 1808px\" \/><\/figure>\n<\/div>\n\n\n<div style=\"height:36px\" aria-hidden=\"true\" class=\"wp-block-spacer\"><\/div>\n\n\n\n<p>Nuestra soluci\u00f3n est\u00e1 dise\u00f1ada para la<strong> automatizaci\u00f3n de tareas que hasta ahora hab\u00edan sido manuales<\/strong>, consiguiendo un considerable ahorro de tiempo en el proceso de conciliaci\u00f3n. Adem\u00e1s, ayuda a <strong>identificar discrepancias en las comisiones que podr\u00edan pasar desapercibidas en una revisi\u00f3n diaria,<\/strong> lo que implica un ahorro econ\u00f3mico importante. Asimismo, nuestra herramienta tambi\u00e9n contribuye a detectar errores en todo este proceso, obteniendo unos resultados mucho m\u00e1s precisos y un mayor control en la gesti\u00f3n de reservas.&nbsp;<\/p>\n\n\n\n<h3 class=\"wp-block-heading\"><strong>Conexi\u00f3n segura y descarga de facturas con OTAs<\/strong>&nbsp;<\/h3>\n\n\n\n<p>Conexi\u00f3n segura y automatizada con los portales de OTAs, extrayendo directamente las comisiones de Booking y Expedia.&nbsp;<\/p>\n\n\n\n<h3 class=\"wp-block-heading\"><strong>Integraci\u00f3n y comparaci\u00f3n de datos con PMS<\/strong>&nbsp;<\/h3>\n\n\n\n<p>Sincroniza autom\u00e1ticamente los datos de reservas del PMS con las comisiones de las OTAs, para detectar discrepancias en la facturaci\u00f3n.&nbsp;<\/p>\n\n\n\n<h3 class=\"wp-block-heading\"><strong>Informes y supervisi\u00f3n de los resultados<\/strong>&nbsp;<\/h3>\n\n\n\n<p>Genera informes con las comisiones err\u00f3neas para proceder a su reclamaci\u00f3n. Todo lo anterior facilita el seguimiento de los procesos y la calidad de los datos (utilizando indicadores clave de rendimiento (KPI)).&nbsp;<\/p>\n\n\n\n<h3 class=\"wp-block-heading\"><strong>Automatizaci\u00f3n total del proceso<\/strong>&nbsp;<\/h3>\n\n\n\n<p>Comisium maneja todo el proceso, que se inicia desde la conexi\u00f3n con las OTA&#8217;S para la descarga de las comisiones cobradas por hotel y mes, a la integraci\u00f3n con el PMS de la compa\u00f1\u00eda para la validaci\u00f3n, reserva a reserva, de las comisiones cobradas.&nbsp;<\/p>\n\n\n\n<h3 class=\"wp-block-heading\"><strong>Notificaciones din\u00e1micas configurables<\/strong>&nbsp;<\/h3>\n\n\n\n<p>Las alertas y notificaciones pueden personalizarse para enviar informaci\u00f3n contrastada y validada de la conciliaci\u00f3n generada.&nbsp;<\/p>\n\n\n\n<div style=\"height:25px\" aria-hidden=\"true\" class=\"wp-block-spacer\"><\/div>\n\n\n\n<h2 class=\"wp-block-heading\">Beneficios clave<\/h2>\n\n\n\n<p><strong>\u00bfPor qu\u00e9 elegir nuestro software para automatizar la vinculaci\u00f3n entre facturas y reservas?&nbsp;<\/strong><\/p>\n\n\n\n<ul class=\"wp-block-list\">\n<li>Identifica y reclama autom\u00e1ticamente importes cobrados por habitaciones canceladas o errores de facturaci\u00f3n, recuperando hasta un 5 % adicional de ingresos que antes se perd\u00edan.<\/li>\n\n\n\n<li>Alto retorno de inversi\u00f3n desde el primer d\u00eda que se implanta nuestro software.<\/li>\n\n\n\n<li>Automatizaci\u00f3n total sobre el proceso de facturaci\u00f3n, validaci\u00f3n y reservas.<\/li>\n\n\n\n<li>Ahorro de Tiempo y Eficiencia Operativa. <\/li>\n\n\n\n<li>Precisi\u00f3n en la validaci\u00f3n financiera y reducci\u00f3n de posibles p\u00e9rdidas.<\/li>\n<\/ul>\n\n\n\n<p><\/p>\n","protected":false},"excerpt":{"rendered":"<p>Valida autom\u00e1ticamente las comisiones de las OTAs asociadas a las reservas de tu hotel y recupera el dinero. Implementa la soluci\u00f3n de Comisium para resolver los problemas relacionados con la validaci\u00f3n de las comisiones cobradas por las OTAS. Un software perfecto para hoteles o cadenas hoteleras medianas o grandes. En&#8230;<\/p>\n","protected":false},"author":1,"featured_media":23458,"parent":0,"menu_order":0,"comment_status":"closed","ping_status":"closed","template":"page-templates\/page-productos.php","meta":{"_acf_changed":false,"footnotes":""},"class_list":["post-25365","page","type-page","status-publish","has-post-thumbnail","hentry"],"acf":[],"yoast_head":"<!-- This site is optimized with the Yoast SEO plugin v27.4 - https:\/\/yoast.com\/product\/yoast-seo-wordpress\/ -->\n<title>Comisium - Conciliador de comisiones en las reservas hoteleras<\/title>\n<meta name=\"description\" content=\"Software innovador que valida autom\u00e1ticamente todas las comisiones de las OTAs asociadas a las reservas de tu hotel.\" \/>\n<meta name=\"robots\" content=\"index, follow, max-snippet:-1, max-image-preview:large, max-video-preview:-1\" \/>\n<link rel=\"canonical\" href=\"https:\/\/www.cic.es\/en\/comisium-software-validador-automatico-de-comisiones-otas\/\" \/>\n<meta property=\"og:locale\" content=\"en_US\" \/>\n<meta property=\"og:type\" content=\"article\" \/>\n<meta property=\"og:title\" content=\"Comisium - Conciliador de comisiones en las reservas hoteleras\" \/>\n<meta property=\"og:description\" content=\"Software innovador que valida autom\u00e1ticamente todas las comisiones de las OTAs asociadas a las reservas de tu hotel.\" \/>\n<meta property=\"og:url\" content=\"https:\/\/www.cic.es\/en\/comisium-software-validador-automatico-de-comisiones-otas\/\" \/>\n<meta property=\"og:site_name\" content=\"CIC Consulting Inform\u00e1tico\" \/>\n<meta property=\"article:publisher\" content=\"https:\/\/www.facebook.com\/CIC.Consulting\/\" \/>\n<meta property=\"article:modified_time\" content=\"2025-10-24T07:26:11+00:00\" \/>\n<meta property=\"og:image\" content=\"https:\/\/www.cic.es\/wp-content\/uploads\/2024\/12\/Logotipo_comisium-wordpress.png\" \/>\n\t<meta property=\"og:image:width\" content=\"139\" \/>\n\t<meta property=\"og:image:height\" content=\"122\" \/>\n\t<meta property=\"og:image:type\" content=\"image\/png\" \/>\n<meta name=\"twitter:card\" content=\"summary_large_image\" \/>\n<meta name=\"twitter:site\" content=\"@CICactualidad\" \/>\n<meta name=\"twitter:label1\" content=\"Est. reading time\" \/>\n\t<meta name=\"twitter:data1\" content=\"3 minutes\" \/>\n<script type=\"application\/ld+json\" class=\"yoast-schema-graph\">{\"@context\":\"https:\\\/\\\/schema.org\",\"@graph\":[{\"@type\":\"WebPage\",\"@id\":\"https:\\\/\\\/www.cic.es\\\/en\\\/comisium-software-validador-automatico-de-comisiones-otas\\\/\",\"url\":\"https:\\\/\\\/www.cic.es\\\/en\\\/comisium-software-validador-automatico-de-comisiones-otas\\\/\",\"name\":\"Comisium - Conciliador de comisiones en las reservas hoteleras\",\"isPartOf\":{\"@id\":\"https:\\\/\\\/www.cic.es\\\/#website\"},\"primaryImageOfPage\":{\"@id\":\"https:\\\/\\\/www.cic.es\\\/en\\\/comisium-software-validador-automatico-de-comisiones-otas\\\/#primaryimage\"},\"image\":{\"@id\":\"https:\\\/\\\/www.cic.es\\\/en\\\/comisium-software-validador-automatico-de-comisiones-otas\\\/#primaryimage\"},\"thumbnailUrl\":\"https:\\\/\\\/www.cic.es\\\/wp-content\\\/uploads\\\/2024\\\/12\\\/Logotipo_comisium-wordpress.png\",\"datePublished\":\"2025-08-14T13:39:54+00:00\",\"dateModified\":\"2025-10-24T07:26:11+00:00\",\"description\":\"Software innovador que valida autom\u00e1ticamente todas las comisiones de las OTAs asociadas a las reservas de tu hotel.\",\"breadcrumb\":{\"@id\":\"https:\\\/\\\/www.cic.es\\\/en\\\/comisium-software-validador-automatico-de-comisiones-otas\\\/#breadcrumb\"},\"inLanguage\":\"en-US\",\"potentialAction\":[{\"@type\":\"ReadAction\",\"target\":[\"https:\\\/\\\/www.cic.es\\\/en\\\/comisium-software-validador-automatico-de-comisiones-otas\\\/\"]}]},{\"@type\":\"ImageObject\",\"inLanguage\":\"en-US\",\"@id\":\"https:\\\/\\\/www.cic.es\\\/en\\\/comisium-software-validador-automatico-de-comisiones-otas\\\/#primaryimage\",\"url\":\"https:\\\/\\\/www.cic.es\\\/wp-content\\\/uploads\\\/2024\\\/12\\\/Logotipo_comisium-wordpress.png\",\"contentUrl\":\"https:\\\/\\\/www.cic.es\\\/wp-content\\\/uploads\\\/2024\\\/12\\\/Logotipo_comisium-wordpress.png\",\"width\":139,\"height\":122},{\"@type\":\"BreadcrumbList\",\"@id\":\"https:\\\/\\\/www.cic.es\\\/en\\\/comisium-software-validador-automatico-de-comisiones-otas\\\/#breadcrumb\",\"itemListElement\":[{\"@type\":\"ListItem\",\"position\":1,\"name\":\"CIC\",\"item\":\"https:\\\/\\\/www.cic.es\\\/\"},{\"@type\":\"ListItem\",\"position\":2,\"name\":\"Comisium \u2013 Software for automatic hotel commission reconciliation\"}]},{\"@type\":\"WebSite\",\"@id\":\"https:\\\/\\\/www.cic.es\\\/#website\",\"url\":\"https:\\\/\\\/www.cic.es\\\/\",\"name\":\"CIC Consulting Inform\u00e1tico\",\"description\":\"Somos una consultor\u00eda de ingenier\u00eda de desarrollo y proyectos de inform\u00e1tica y comunicaciones\",\"publisher\":{\"@id\":\"https:\\\/\\\/www.cic.es\\\/#organization\"},\"alternateName\":\"CIC Consulting Inform\u00e1tico\",\"potentialAction\":[{\"@type\":\"SearchAction\",\"target\":{\"@type\":\"EntryPoint\",\"urlTemplate\":\"https:\\\/\\\/www.cic.es\\\/?s={search_term_string}\"},\"query-input\":{\"@type\":\"PropertyValueSpecification\",\"valueRequired\":true,\"valueName\":\"search_term_string\"}}],\"inLanguage\":\"en-US\"},{\"@type\":\"Organization\",\"@id\":\"https:\\\/\\\/www.cic.es\\\/#organization\",\"name\":\"CIC Consulting Inform\u00e1tico\",\"alternateName\":\"CIC Consulting Inform\u00e1tico\",\"url\":\"https:\\\/\\\/www.cic.es\\\/\",\"logo\":{\"@type\":\"ImageObject\",\"inLanguage\":\"en-US\",\"@id\":\"https:\\\/\\\/www.cic.es\\\/#\\\/schema\\\/logo\\\/image\\\/\",\"url\":\"https:\\\/\\\/www.cic.es\\\/wp-content\\\/uploads\\\/2018\\\/04\\\/cic_color.png\",\"contentUrl\":\"https:\\\/\\\/www.cic.es\\\/wp-content\\\/uploads\\\/2018\\\/04\\\/cic_color.png\",\"width\":300,\"height\":200,\"caption\":\"CIC Consulting Inform\u00e1tico\"},\"image\":{\"@id\":\"https:\\\/\\\/www.cic.es\\\/#\\\/schema\\\/logo\\\/image\\\/\"},\"sameAs\":[\"https:\\\/\\\/www.facebook.com\\\/CIC.Consulting\\\/\",\"https:\\\/\\\/x.com\\\/CICactualidad\",\"https:\\\/\\\/www.linkedin.com\\\/company\\\/2157627\\\/\",\"https:\\\/\\\/www.pinterest.es\\\/cicconsultinginformatico\\\/\",\"https:\\\/\\\/www.youtube.com\\\/user\\\/webmastercic\"]}]}<\/script>\n<!-- \/ Yoast SEO plugin. -->","yoast_head_json":{"title":"Comisium - Conciliador de comisiones en las reservas hoteleras","description":"Software innovador que valida autom\u00e1ticamente todas las comisiones de las OTAs asociadas a las reservas de tu hotel.","robots":{"index":"index","follow":"follow","max-snippet":"max-snippet:-1","max-image-preview":"max-image-preview:large","max-video-preview":"max-video-preview:-1"},"canonical":"https:\/\/www.cic.es\/en\/comisium-software-validador-automatico-de-comisiones-otas\/","og_locale":"en_US","og_type":"article","og_title":"Comisium - Conciliador de comisiones en las reservas hoteleras","og_description":"Software innovador que valida autom\u00e1ticamente todas las comisiones de las OTAs asociadas a las reservas de tu hotel.","og_url":"https:\/\/www.cic.es\/en\/comisium-software-validador-automatico-de-comisiones-otas\/","og_site_name":"CIC Consulting Inform\u00e1tico","article_publisher":"https:\/\/www.facebook.com\/CIC.Consulting\/","article_modified_time":"2025-10-24T07:26:11+00:00","og_image":[{"width":139,"height":122,"url":"https:\/\/www.cic.es\/wp-content\/uploads\/2024\/12\/Logotipo_comisium-wordpress.png","type":"image\/png"}],"twitter_card":"summary_large_image","twitter_site":"@CICactualidad","twitter_misc":{"Est. reading time":"3 minutes"},"schema":{"@context":"https:\/\/schema.org","@graph":[{"@type":"WebPage","@id":"https:\/\/www.cic.es\/en\/comisium-software-validador-automatico-de-comisiones-otas\/","url":"https:\/\/www.cic.es\/en\/comisium-software-validador-automatico-de-comisiones-otas\/","name":"Comisium - Conciliador de comisiones en las reservas hoteleras","isPartOf":{"@id":"https:\/\/www.cic.es\/#website"},"primaryImageOfPage":{"@id":"https:\/\/www.cic.es\/en\/comisium-software-validador-automatico-de-comisiones-otas\/#primaryimage"},"image":{"@id":"https:\/\/www.cic.es\/en\/comisium-software-validador-automatico-de-comisiones-otas\/#primaryimage"},"thumbnailUrl":"https:\/\/www.cic.es\/wp-content\/uploads\/2024\/12\/Logotipo_comisium-wordpress.png","datePublished":"2025-08-14T13:39:54+00:00","dateModified":"2025-10-24T07:26:11+00:00","description":"Software innovador que valida autom\u00e1ticamente todas las comisiones de las OTAs asociadas a las reservas de tu hotel.","breadcrumb":{"@id":"https:\/\/www.cic.es\/en\/comisium-software-validador-automatico-de-comisiones-otas\/#breadcrumb"},"inLanguage":"en-US","potentialAction":[{"@type":"ReadAction","target":["https:\/\/www.cic.es\/en\/comisium-software-validador-automatico-de-comisiones-otas\/"]}]},{"@type":"ImageObject","inLanguage":"en-US","@id":"https:\/\/www.cic.es\/en\/comisium-software-validador-automatico-de-comisiones-otas\/#primaryimage","url":"https:\/\/www.cic.es\/wp-content\/uploads\/2024\/12\/Logotipo_comisium-wordpress.png","contentUrl":"https:\/\/www.cic.es\/wp-content\/uploads\/2024\/12\/Logotipo_comisium-wordpress.png","width":139,"height":122},{"@type":"BreadcrumbList","@id":"https:\/\/www.cic.es\/en\/comisium-software-validador-automatico-de-comisiones-otas\/#breadcrumb","itemListElement":[{"@type":"ListItem","position":1,"name":"CIC","item":"https:\/\/www.cic.es\/"},{"@type":"ListItem","position":2,"name":"Comisium \u2013 Software for automatic hotel commission reconciliation"}]},{"@type":"WebSite","@id":"https:\/\/www.cic.es\/#website","url":"https:\/\/www.cic.es\/","name":"CIC Consulting Inform\u00e1tico","description":"Somos una consultor\u00eda de ingenier\u00eda de desarrollo y proyectos de inform\u00e1tica y comunicaciones","publisher":{"@id":"https:\/\/www.cic.es\/#organization"},"alternateName":"CIC Consulting Inform\u00e1tico","potentialAction":[{"@type":"SearchAction","target":{"@type":"EntryPoint","urlTemplate":"https:\/\/www.cic.es\/?s={search_term_string}"},"query-input":{"@type":"PropertyValueSpecification","valueRequired":true,"valueName":"search_term_string"}}],"inLanguage":"en-US"},{"@type":"Organization","@id":"https:\/\/www.cic.es\/#organization","name":"CIC Consulting Inform\u00e1tico","alternateName":"CIC Consulting Inform\u00e1tico","url":"https:\/\/www.cic.es\/","logo":{"@type":"ImageObject","inLanguage":"en-US","@id":"https:\/\/www.cic.es\/#\/schema\/logo\/image\/","url":"https:\/\/www.cic.es\/wp-content\/uploads\/2018\/04\/cic_color.png","contentUrl":"https:\/\/www.cic.es\/wp-content\/uploads\/2018\/04\/cic_color.png","width":300,"height":200,"caption":"CIC Consulting Inform\u00e1tico"},"image":{"@id":"https:\/\/www.cic.es\/#\/schema\/logo\/image\/"},"sameAs":["https:\/\/www.facebook.com\/CIC.Consulting\/","https:\/\/x.com\/CICactualidad","https:\/\/www.linkedin.com\/company\/2157627\/","https:\/\/www.pinterest.es\/cicconsultinginformatico\/","https:\/\/www.youtube.com\/user\/webmastercic"]}]}},"_links":{"self":[{"href":"https:\/\/www.cic.es\/en\/wp-json\/wp\/v2\/pages\/25365","targetHints":{"allow":["GET"]}}],"collection":[{"href":"https:\/\/www.cic.es\/en\/wp-json\/wp\/v2\/pages"}],"about":[{"href":"https:\/\/www.cic.es\/en\/wp-json\/wp\/v2\/types\/page"}],"author":[{"embeddable":true,"href":"https:\/\/www.cic.es\/en\/wp-json\/wp\/v2\/users\/1"}],"replies":[{"embeddable":true,"href":"https:\/\/www.cic.es\/en\/wp-json\/wp\/v2\/comments?post=25365"}],"version-history":[{"count":5,"href":"https:\/\/www.cic.es\/en\/wp-json\/wp\/v2\/pages\/25365\/revisions"}],"predecessor-version":[{"id":25869,"href":"https:\/\/www.cic.es\/en\/wp-json\/wp\/v2\/pages\/25365\/revisions\/25869"}],"wp:featuredmedia":[{"embeddable":true,"href":"https:\/\/www.cic.es\/en\/wp-json\/wp\/v2\/media\/23458"}],"wp:attachment":[{"href":"https:\/\/www.cic.es\/en\/wp-json\/wp\/v2\/media?parent=25365"}],"curies":[{"name":"wp","href":"https:\/\/api.w.org\/{rel}","templated":true}]}}