{"id":21087,"date":"2024-02-07T08:44:30","date_gmt":"2024-02-07T07:44:30","guid":{"rendered":"https:\/\/www.cic.es\/add-on-de-prevencion-de-borrado\/"},"modified":"2025-06-27T12:14:18","modified_gmt":"2025-06-27T11:14:18","slug":"add-on-de-prevencion-de-borrado","status":"publish","type":"page","link":"https:\/\/www.cic.es\/en\/add-on-de-prevencion-de-borrado\/","title":{"rendered":"Add-On: Erasure Prevention Protecting Your Data"},"content":{"rendered":"\n<div class=\"wp-block-columns is-layout-flex wp-container-core-columns-is-layout-9d6595d7 wp-block-columns-is-layout-flex\">\n<div class=\"wp-block-column is-vertically-aligned-center is-layout-flow wp-block-column-is-layout-flow\" style=\"flex-basis:33.33%\">\n<figure class=\"wp-block-image size-full is-resized\"><img loading=\"lazy\" decoding=\"async\" width=\"1045\" height=\"717\" src=\"\/wp-content\/uploads\/2024\/02\/add-on-borrado-1.png\" alt=\"add-on-borrado\" class=\"wp-image-21084\" title=\"Clasificaci\u00f3n de Documentos Power apps\" srcset=\"https:\/\/www.cic.es\/wp-content\/uploads\/2024\/02\/add-on-borrado-1.png 1045w, https:\/\/www.cic.es\/wp-content\/uploads\/2024\/02\/add-on-borrado-1-600x412.png 600w, https:\/\/www.cic.es\/wp-content\/uploads\/2024\/02\/add-on-borrado-1-768x527.png 768w\" sizes=\"auto, (max-width: 1045px) 100vw, 1045px\" \/><\/figure>\n\n\n\n<div class=\"wp-block-buttons is-layout-flex wp-block-buttons-is-layout-flex\">\n<div class=\"wp-block-button has-custom-width wp-block-button__width-100 has-custom-font-size is-style-outline has-small-font-size is-style-outline--1\"><a class=\"wp-block-button__link has-white-color has-vivid-cyan-blue-background-color has-text-color has-background wp-element-button\" href=\"\/wp-content\/uploads\/2024\/02\/prevencion-borrado-accidental_082023-1.pdf\" style=\"border-radius:0.5em\" target=\"_blank\" rel=\"noreferrer noopener\">Download our product sheet!<\/a><\/div>\n<\/div>\n<\/div>\n\n\n\n<div class=\"wp-block-column is-vertically-aligned-center is-layout-flow wp-block-column-is-layout-flow\" style=\"flex-basis:66.66%\">\n<p>Have you ever been in a situation where a simple click on the delete button deleted all your information on your database? In the world of data management, security and integrity are key issues. For many Power Apps users, this is a constant concern. But don\u2019t worry, because there is a solution: The Data Erasure Prevention Add-on.&nbsp;<\/p>\n<\/div>\n<\/div>\n\n\n\n<h2 class=\"wp-block-heading\"><strong><strong>Nightmare Scenario<\/strong>:<\/strong>\u00a0<\/h2>\n\n\n\n<p>Imagine this situation: You are working on your Power Apps application, updating a database. All of a sudden, you mistakenly press the delete button. The entire main registry and its related records instantly vanish before your eyes! How can we avoid this nightmare scenario from happening? By applying accidental deletion measures.&nbsp;<\/p>\n\n\n\n<h3 class=\"wp-block-heading\">A Solution for Accidental Deletion\u00a0<\/h3>\n\n\n\n<p>Accidental Data Erasure Prevention Addon: Our custom wipe prevention addon is the answer to your data integrity and security concerns in Power Apps. Designed to prevent accidental cascading deletions, this addon establishes a powerful security mechanism that protects your core records and their relationships.&nbsp;<\/p>\n\n\n\n<h2 class=\"wp-block-heading\"><strong>How Does it Work?<\/strong>\u00a0<\/h2>\n\n\n\n<p>When a user tries to delete a main record, our addon is instantly switched on. Instead of automatically deleting all links, a verification process is activated. The system checks for related records and, if found, alerts the user about the possible consequences of the deletion. This additional step provides a crucial layer of protection, preventing accidental deletions and ensuring the integrity of your data.&nbsp;<\/p>\n\n\n\n<h2 class=\"wp-block-heading\"><strong><strong><strong><strong>Key Features\u00a0<\/strong><\/strong><\/strong><\/strong><\/h2>\n\n\n\n<div class=\"wp-block-columns is-layout-flex wp-container-core-columns-is-layout-9d6595d7 wp-block-columns-is-layout-flex\">\n<div class=\"wp-block-column box-wp is-layout-flow wp-block-column-is-layout-flow\">\n<h3 class=\"wp-block-heading\">Guaranteed Data Integrity:\u00a0<\/h3>\n\n\n\n<p>Avoids data loss by preventing unwanted cascading deletions.&nbsp;<\/p>\n<\/div>\n\n\n\n<div class=\"wp-block-column box-wp is-layout-flow wp-block-column-is-layout-flow\">\n<h3 class=\"wp-block-heading\">Greater Reliability and Peace of Mind:\u00a0<\/h3>\n\n\n\n<p>Users can work with complete confidence knowing that their data is protected against accidental deletion.&nbsp;<\/p>\n<\/div>\n<\/div>\n\n\n\n<div class=\"wp-block-columns is-layout-flex wp-container-core-columns-is-layout-9d6595d7 wp-block-columns-is-layout-flex\">\n<div class=\"wp-block-column box-wp is-layout-flow wp-block-column-is-layout-flow\">\n<h3 class=\"wp-block-heading\">Easy to Install<\/h3>\n\n\n\n<p>Our addon is integrated with your existing Power Apps applications. There is no need for making any drastic changes to your infrastructure or applications.&nbsp;<\/p>\n<\/div>\n\n\n\n<div class=\"wp-block-column box-wp is-layout-flow wp-block-column-is-layout-flow\">\n<h3 class=\"wp-block-heading\"><\/h3>\n\n\n\n<p><\/p>\n<\/div>\n<\/div>\n\n\n\n<p>Protect your data! Avoid a potential nightmare situation by accidental deletion in Power Apps with our Data Deletion Prevention Add-on. Ensure the security and integrity of your core records and their relationships. Don\u2019t put your data at risk anymore! Add this additional layer of security and work with peace of mind.\u00a0Contact us for\u00a0<a href=\"https:\/\/www.cic.es\/en\/contact\/\">more information<\/a>\u00a0<\/p>\n\n\n\n<h2 class=\"wp-block-heading\"><strong>Prices<\/strong>\u00a0<\/h2>\n\n\n\n<div class=\"wp-block-columns is-layout-flex wp-container-core-columns-is-layout-9d6595d7 wp-block-columns-is-layout-flex\">\n<div class=\"wp-block-column is-layout-flow wp-block-column-is-layout-flow\">\n<p><strong>1.200\u20ac per productive environment<\/strong><\/p>\n<\/div>\n\n\n\n<div class=\"wp-block-column is-layout-flow wp-block-column-is-layout-flow\">\n<p><strong>Annual invoicing<\/strong><\/p>\n<\/div>\n\n\n\n<div class=\"wp-block-column is-layout-flow wp-block-column-is-layout-flow\">\n<p><strong>Max. 4 entities per environment<\/strong><\/p>\n<\/div>\n\n\n\n<div class=\"wp-block-column is-layout-flow wp-block-column-is-layout-flow\">\n<p><strong>+200\u20ac per additional entity<\/strong><\/p>\n<\/div>\n<\/div>\n\n\n\n<p><em>*The installation of the addons within the licensing agreement, and at no additional cost, includes the development and pre-production environments per addon.&nbsp;<\/em><\/p>\n\n\n\n<p><a href=\"http:\/\/www.desacic.es.mialias.net\/en\/contact\/\"><\/a><\/p>\n","protected":false},"excerpt":{"rendered":"<p>Have you ever been in a situation where a simple click on the delete button deleted all your information on your database? In the world of data management, security and integrity are key issues. For many Power Apps users, this is a constant concern. But don\u2019t worry, because there is&#8230;<\/p>\n","protected":false},"author":1,"featured_media":21082,"parent":0,"menu_order":0,"comment_status":"closed","ping_status":"closed","template":"page-templates\/page-tecnologias.php","meta":{"_acf_changed":false,"footnotes":""},"class_list":["post-21087","page","type-page","status-publish","has-post-thumbnail","hentry"],"acf":[],"yoast_head":"<!-- This site is optimized with the Yoast SEO plugin v27.4 - https:\/\/yoast.com\/product\/yoast-seo-wordpress\/ -->\n<title>Add-On: Erasure Prevention Protecting Your Data CIC Consulting Inform\u00e1tico<\/title>\n<meta name=\"description\" content=\"Deletion Prevention plugin is a powerful extension that protects your data and prevents accidents to your database.\" \/>\n<meta name=\"robots\" content=\"index, follow, max-snippet:-1, max-image-preview:large, max-video-preview:-1\" \/>\n<link rel=\"canonical\" href=\"\/en\/add-on-de-prevencion-de-borrado\/\" \/>\n<meta property=\"og:locale\" content=\"en_US\" \/>\n<meta property=\"og:type\" content=\"article\" \/>\n<meta property=\"og:title\" content=\"Add-On: Erasure Prevention Protecting Your Data CIC Consulting Inform\u00e1tico\" \/>\n<meta property=\"og:description\" content=\"Deletion Prevention plugin is a powerful extension that protects your data and prevents accidents to your database.\" \/>\n<meta property=\"og:url\" content=\"\/en\/add-on-de-prevencion-de-borrado\/\" \/>\n<meta property=\"og:site_name\" content=\"CIC Consulting Inform\u00e1tico\" \/>\n<meta property=\"article:publisher\" content=\"https:\/\/www.facebook.com\/CIC.Consulting\/\" \/>\n<meta property=\"article:modified_time\" content=\"2025-06-27T11:14:18+00:00\" \/>\n<meta property=\"og:image\" content=\"https:\/\/www.cic.es\/wp-content\/uploads\/2024\/02\/Add-on-Borrado-1100x733.png\" \/>\n\t<meta property=\"og:image:width\" content=\"1100\" \/>\n\t<meta property=\"og:image:height\" content=\"733\" \/>\n\t<meta property=\"og:image:type\" content=\"image\/png\" \/>\n<meta name=\"twitter:card\" content=\"summary_large_image\" \/>\n<meta name=\"twitter:site\" content=\"@CICactualidad\" \/>\n<meta name=\"twitter:label1\" content=\"Est. reading time\" \/>\n\t<meta name=\"twitter:data1\" content=\"2 minutes\" \/>\n<script type=\"application\/ld+json\" class=\"yoast-schema-graph\">{\"@context\":\"https:\\\/\\\/schema.org\",\"@graph\":[{\"@type\":\"WebPage\",\"@id\":\"https:\\\/\\\/www.cic.es\\\/en\\\/add-on-de-prevencion-de-borrado\\\/\",\"url\":\"\\\/en\\\/add-on-de-prevencion-de-borrado\\\/\",\"name\":\"Add-On: Erasure Prevention Protecting Your Data CIC Consulting Inform\u00e1tico\",\"isPartOf\":{\"@id\":\"https:\\\/\\\/www.cic.es\\\/#website\"},\"primaryImageOfPage\":{\"@id\":\"\\\/en\\\/add-on-de-prevencion-de-borrado\\\/#primaryimage\"},\"image\":{\"@id\":\"\\\/en\\\/add-on-de-prevencion-de-borrado\\\/#primaryimage\"},\"thumbnailUrl\":\"https:\\\/\\\/www.cic.es\\\/wp-content\\\/uploads\\\/2024\\\/02\\\/Add-on-Borrado.png\",\"datePublished\":\"2024-02-07T07:44:30+00:00\",\"dateModified\":\"2025-06-27T11:14:18+00:00\",\"description\":\"Deletion Prevention plugin is a powerful extension that protects your data and prevents accidents to your database.\",\"breadcrumb\":{\"@id\":\"\\\/en\\\/add-on-de-prevencion-de-borrado\\\/#breadcrumb\"},\"inLanguage\":\"en-US\",\"potentialAction\":[{\"@type\":\"ReadAction\",\"target\":[\"\\\/en\\\/add-on-de-prevencion-de-borrado\\\/\"]}]},{\"@type\":\"ImageObject\",\"inLanguage\":\"en-US\",\"@id\":\"\\\/en\\\/add-on-de-prevencion-de-borrado\\\/#primaryimage\",\"url\":\"https:\\\/\\\/www.cic.es\\\/wp-content\\\/uploads\\\/2024\\\/02\\\/Add-on-Borrado.png\",\"contentUrl\":\"https:\\\/\\\/www.cic.es\\\/wp-content\\\/uploads\\\/2024\\\/02\\\/Add-on-Borrado.png\",\"width\":3865,\"height\":2576,\"caption\":\"Add-on Borrado\"},{\"@type\":\"BreadcrumbList\",\"@id\":\"\\\/en\\\/add-on-de-prevencion-de-borrado\\\/#breadcrumb\",\"itemListElement\":[{\"@type\":\"ListItem\",\"position\":1,\"name\":\"CIC\",\"item\":\"https:\\\/\\\/www.cic.es\\\/\"},{\"@type\":\"ListItem\",\"position\":2,\"name\":\"Add-On: Erasure Prevention Protecting Your Data\"}]},{\"@type\":\"WebSite\",\"@id\":\"https:\\\/\\\/www.cic.es\\\/#website\",\"url\":\"https:\\\/\\\/www.cic.es\\\/\",\"name\":\"CIC Consulting Inform\u00e1tico\",\"description\":\"Somos una consultor\u00eda de ingenier\u00eda de desarrollo y proyectos de inform\u00e1tica y comunicaciones\",\"publisher\":{\"@id\":\"https:\\\/\\\/www.cic.es\\\/#organization\"},\"alternateName\":\"CIC Consulting Inform\u00e1tico\",\"potentialAction\":[{\"@type\":\"SearchAction\",\"target\":{\"@type\":\"EntryPoint\",\"urlTemplate\":\"https:\\\/\\\/www.cic.es\\\/?s={search_term_string}\"},\"query-input\":{\"@type\":\"PropertyValueSpecification\",\"valueRequired\":true,\"valueName\":\"search_term_string\"}}],\"inLanguage\":\"en-US\"},{\"@type\":\"Organization\",\"@id\":\"https:\\\/\\\/www.cic.es\\\/#organization\",\"name\":\"CIC Consulting Inform\u00e1tico\",\"alternateName\":\"CIC Consulting Inform\u00e1tico\",\"url\":\"https:\\\/\\\/www.cic.es\\\/\",\"logo\":{\"@type\":\"ImageObject\",\"inLanguage\":\"en-US\",\"@id\":\"https:\\\/\\\/www.cic.es\\\/#\\\/schema\\\/logo\\\/image\\\/\",\"url\":\"https:\\\/\\\/www.cic.es\\\/wp-content\\\/uploads\\\/2018\\\/04\\\/cic_color.png\",\"contentUrl\":\"https:\\\/\\\/www.cic.es\\\/wp-content\\\/uploads\\\/2018\\\/04\\\/cic_color.png\",\"width\":300,\"height\":200,\"caption\":\"CIC Consulting Inform\u00e1tico\"},\"image\":{\"@id\":\"https:\\\/\\\/www.cic.es\\\/#\\\/schema\\\/logo\\\/image\\\/\"},\"sameAs\":[\"https:\\\/\\\/www.facebook.com\\\/CIC.Consulting\\\/\",\"https:\\\/\\\/x.com\\\/CICactualidad\",\"https:\\\/\\\/www.linkedin.com\\\/company\\\/2157627\\\/\",\"https:\\\/\\\/www.pinterest.es\\\/cicconsultinginformatico\\\/\",\"https:\\\/\\\/www.youtube.com\\\/user\\\/webmastercic\"]}]}<\/script>\n<!-- \/ Yoast SEO plugin. -->","yoast_head_json":{"title":"Add-On: Erasure Prevention Protecting Your Data CIC Consulting Inform\u00e1tico","description":"Deletion Prevention plugin is a powerful extension that protects your data and prevents accidents to your database.","robots":{"index":"index","follow":"follow","max-snippet":"max-snippet:-1","max-image-preview":"max-image-preview:large","max-video-preview":"max-video-preview:-1"},"canonical":"\/en\/add-on-de-prevencion-de-borrado\/","og_locale":"en_US","og_type":"article","og_title":"Add-On: Erasure Prevention Protecting Your Data CIC Consulting Inform\u00e1tico","og_description":"Deletion Prevention plugin is a powerful extension that protects your data and prevents accidents to your database.","og_url":"\/en\/add-on-de-prevencion-de-borrado\/","og_site_name":"CIC Consulting Inform\u00e1tico","article_publisher":"https:\/\/www.facebook.com\/CIC.Consulting\/","article_modified_time":"2025-06-27T11:14:18+00:00","og_image":[{"width":1100,"height":733,"url":"https:\/\/www.cic.es\/wp-content\/uploads\/2024\/02\/Add-on-Borrado-1100x733.png","type":"image\/png"}],"twitter_card":"summary_large_image","twitter_site":"@CICactualidad","twitter_misc":{"Est. reading time":"2 minutes"},"schema":{"@context":"https:\/\/schema.org","@graph":[{"@type":"WebPage","@id":"https:\/\/www.cic.es\/en\/add-on-de-prevencion-de-borrado\/","url":"\/en\/add-on-de-prevencion-de-borrado\/","name":"Add-On: Erasure Prevention Protecting Your Data CIC Consulting Inform\u00e1tico","isPartOf":{"@id":"https:\/\/www.cic.es\/#website"},"primaryImageOfPage":{"@id":"\/en\/add-on-de-prevencion-de-borrado\/#primaryimage"},"image":{"@id":"\/en\/add-on-de-prevencion-de-borrado\/#primaryimage"},"thumbnailUrl":"https:\/\/www.cic.es\/wp-content\/uploads\/2024\/02\/Add-on-Borrado.png","datePublished":"2024-02-07T07:44:30+00:00","dateModified":"2025-06-27T11:14:18+00:00","description":"Deletion Prevention plugin is a powerful extension that protects your data and prevents accidents to your database.","breadcrumb":{"@id":"\/en\/add-on-de-prevencion-de-borrado\/#breadcrumb"},"inLanguage":"en-US","potentialAction":[{"@type":"ReadAction","target":["\/en\/add-on-de-prevencion-de-borrado\/"]}]},{"@type":"ImageObject","inLanguage":"en-US","@id":"\/en\/add-on-de-prevencion-de-borrado\/#primaryimage","url":"https:\/\/www.cic.es\/wp-content\/uploads\/2024\/02\/Add-on-Borrado.png","contentUrl":"https:\/\/www.cic.es\/wp-content\/uploads\/2024\/02\/Add-on-Borrado.png","width":3865,"height":2576,"caption":"Add-on Borrado"},{"@type":"BreadcrumbList","@id":"\/en\/add-on-de-prevencion-de-borrado\/#breadcrumb","itemListElement":[{"@type":"ListItem","position":1,"name":"CIC","item":"https:\/\/www.cic.es\/"},{"@type":"ListItem","position":2,"name":"Add-On: Erasure Prevention Protecting Your Data"}]},{"@type":"WebSite","@id":"https:\/\/www.cic.es\/#website","url":"https:\/\/www.cic.es\/","name":"CIC Consulting Inform\u00e1tico","description":"Somos una consultor\u00eda de ingenier\u00eda de desarrollo y proyectos de inform\u00e1tica y comunicaciones","publisher":{"@id":"https:\/\/www.cic.es\/#organization"},"alternateName":"CIC Consulting Inform\u00e1tico","potentialAction":[{"@type":"SearchAction","target":{"@type":"EntryPoint","urlTemplate":"https:\/\/www.cic.es\/?s={search_term_string}"},"query-input":{"@type":"PropertyValueSpecification","valueRequired":true,"valueName":"search_term_string"}}],"inLanguage":"en-US"},{"@type":"Organization","@id":"https:\/\/www.cic.es\/#organization","name":"CIC Consulting Inform\u00e1tico","alternateName":"CIC Consulting Inform\u00e1tico","url":"https:\/\/www.cic.es\/","logo":{"@type":"ImageObject","inLanguage":"en-US","@id":"https:\/\/www.cic.es\/#\/schema\/logo\/image\/","url":"https:\/\/www.cic.es\/wp-content\/uploads\/2018\/04\/cic_color.png","contentUrl":"https:\/\/www.cic.es\/wp-content\/uploads\/2018\/04\/cic_color.png","width":300,"height":200,"caption":"CIC Consulting Inform\u00e1tico"},"image":{"@id":"https:\/\/www.cic.es\/#\/schema\/logo\/image\/"},"sameAs":["https:\/\/www.facebook.com\/CIC.Consulting\/","https:\/\/x.com\/CICactualidad","https:\/\/www.linkedin.com\/company\/2157627\/","https:\/\/www.pinterest.es\/cicconsultinginformatico\/","https:\/\/www.youtube.com\/user\/webmastercic"]}]}},"_links":{"self":[{"href":"https:\/\/www.cic.es\/en\/wp-json\/wp\/v2\/pages\/21087","targetHints":{"allow":["GET"]}}],"collection":[{"href":"https:\/\/www.cic.es\/en\/wp-json\/wp\/v2\/pages"}],"about":[{"href":"https:\/\/www.cic.es\/en\/wp-json\/wp\/v2\/types\/page"}],"author":[{"embeddable":true,"href":"https:\/\/www.cic.es\/en\/wp-json\/wp\/v2\/users\/1"}],"replies":[{"embeddable":true,"href":"https:\/\/www.cic.es\/en\/wp-json\/wp\/v2\/comments?post=21087"}],"version-history":[{"count":14,"href":"https:\/\/www.cic.es\/en\/wp-json\/wp\/v2\/pages\/21087\/revisions"}],"predecessor-version":[{"id":25101,"href":"https:\/\/www.cic.es\/en\/wp-json\/wp\/v2\/pages\/21087\/revisions\/25101"}],"wp:featuredmedia":[{"embeddable":true,"href":"https:\/\/www.cic.es\/en\/wp-json\/wp\/v2\/media\/21082"}],"wp:attachment":[{"href":"https:\/\/www.cic.es\/en\/wp-json\/wp\/v2\/media?parent=21087"}],"curies":[{"name":"wp","href":"https:\/\/api.w.org\/{rel}","templated":true}]}}