{"id":20980,"date":"2024-01-31T13:37:27","date_gmt":"2024-01-31T12:37:27","guid":{"rendered":"https:\/\/www.cic.es\/certificaciones\/"},"modified":"2026-02-26T10:15:59","modified_gmt":"2026-02-26T09:15:59","slug":"certificaciones","status":"publish","type":"page","link":"https:\/\/www.cic.es\/en\/certificaciones\/","title":{"rendered":"Certifications"},"content":{"rendered":"\n<h2 class=\"wp-block-heading\">Committed with the quality and security<\/h2>\n\n\n\n<p>Our aim is to be your&nbsp;<strong>leading technological partner<\/strong>, so you can reach your business goals, modernise your company knowing you are getting a quality product that is safe and secure, in compliance with the rules and regulations of your sector. <\/p>\n\n\n\n<p>We, therefore, offer heterogeneous IT services with a range of products that we have ample experience in, and that gives you, the client, an edge.<\/p>\n\n\n\n<div style=\"height:79px\" aria-hidden=\"true\" class=\"wp-block-spacer\"><\/div>\n\n\n\n<p class=\"has-text-align-center has-background\" style=\"background-color:#0080b5;text-transform:uppercase\"><mark style=\"background-color:rgba(0, 0, 0, 0)\" class=\"has-inline-color has-white-color\"><strong>Know more about Our <\/strong><\/mark><strong><a href=\"\/wp-content\/uploads\/2024\/01\/PI_Integrated_Policy_r12.pdf\" target=\"_blank\" rel=\"noreferrer noopener\"><mark style=\"background-color:rgba(0, 0, 0, 0)\" class=\"has-inline-color has-white-color\">Integrate policies<\/mark><\/a><\/strong><mark style=\"background-color:rgba(0, 0, 0, 0)\" class=\"has-inline-color has-white-color\"><strong>.<\/strong><\/mark><\/p>\n\n\n\n<div style=\"height:79px\" aria-hidden=\"true\" class=\"wp-block-spacer\"><\/div>\n\n\n\n<div class=\"wp-block-columns is-layout-flex wp-container-core-columns-is-layout-9d6595d7 wp-block-columns-is-layout-flex\">\n<div class=\"wp-block-column is-vertically-aligned-center is-layout-flow wp-block-column-is-layout-flow\">\n<figure class=\"wp-block-image size-medium is-resized\"><img loading=\"lazy\" decoding=\"async\" width=\"493\" height=\"600\" src=\"\/wp-content\/uploads\/2024\/01\/distintivo_ens_certificacion_MEDIA_RD311-2022-1-493x600.png\" alt=\"Esquema Nacional\nde Seguridad (ENS)\" class=\"wp-image-20941\" style=\"width:155px;height:auto\" title=\"Esquema Nacional\nde Seguridad (ENS)\" srcset=\"https:\/\/www.cic.es\/wp-content\/uploads\/2024\/01\/distintivo_ens_certificacion_MEDIA_RD311-2022-1-493x600.png 493w, https:\/\/www.cic.es\/wp-content\/uploads\/2024\/01\/distintivo_ens_certificacion_MEDIA_RD311-2022-1-904x1100.png 904w, https:\/\/www.cic.es\/wp-content\/uploads\/2024\/01\/distintivo_ens_certificacion_MEDIA_RD311-2022-1-768x934.png 768w, https:\/\/www.cic.es\/wp-content\/uploads\/2024\/01\/distintivo_ens_certificacion_MEDIA_RD311-2022-1.png 925w\" sizes=\"auto, (max-width: 493px) 100vw, 493px\" \/><\/figure>\n\n\n\n<p class=\"has-text-align-left\"><br>Esquema Nacional<br>de Seguridad (ENS)<\/p>\n\n\n\n<div class=\"wp-block-buttons is-layout-flex wp-block-buttons-is-layout-flex\">\n<div class=\"wp-block-button is-style-outline is-style-outline--1\"><a class=\"wp-block-button__link has-text-color has-background has-link-color has-custom-font-size wp-element-button\" href=\"\/certificados\/en\/CertificadoENS-2023-0058-ES-2025.pdf\" style=\"border-radius:0.26em;color:#0080b5;background-color:#ffffff00;font-size:16px;font-style:normal;font-weight:700;text-transform:uppercase\" target=\"_blank\" rel=\"noreferrer noopener\"><strong>download certificate<\/strong><\/a><\/div>\n<\/div>\n<\/div>\n\n\n\n<div class=\"wp-block-column is-vertically-aligned-center is-layout-flow wp-block-column-is-layout-flow\">\n<figure class=\"wp-block-image size-medium is-resized\"><img loading=\"lazy\" decoding=\"async\" width=\"600\" height=\"507\" src=\"https:\/\/www.cic.es\/wp-content\/uploads\/2025\/02\/SelloAENORISO9001_POS-600x507.png\" alt=\"\" class=\"wp-image-23681\" style=\"width:214px;height:auto\" title=\"ISO 9001\nSistemas Gesti\u00f3n de la Calidad\" srcset=\"https:\/\/www.cic.es\/wp-content\/uploads\/2025\/02\/SelloAENORISO9001_POS-600x507.png 600w, https:\/\/www.cic.es\/wp-content\/uploads\/2025\/02\/SelloAENORISO9001_POS-768x649.png 768w, https:\/\/www.cic.es\/wp-content\/uploads\/2025\/02\/SelloAENORISO9001_POS.png 904w\" sizes=\"auto, (max-width: 600px) 100vw, 600px\" \/><\/figure>\n\n\n\n<p class=\"has-text-align-left\"><br>ISO 9001<br>Sistemas Gesti\u00f3n de la Calidad<\/p>\n\n\n\n<div class=\"wp-block-buttons is-content-justification-left is-layout-flex wp-container-core-buttons-is-layout-fdcfc74e wp-block-buttons-is-layout-flex\">\n<div class=\"wp-block-button is-style-outline is-style-outline--2\"><a class=\"wp-block-button__link has-text-color has-background has-link-color has-custom-font-size wp-element-button\" href=\"\/certificados\/en\/ISO-9001-20281111-en.pdf\" style=\"border-radius:0.26em;color:#0080b5;background-color:#ffffff00;font-size:16px;font-style:normal;font-weight:700;text-transform:uppercase\" target=\"_blank\" rel=\"noreferrer noopener\"><strong>download certificate<\/strong><\/a><\/div>\n<\/div>\n<\/div>\n<\/div>\n\n\n\n<div style=\"height:79px\" aria-hidden=\"true\" class=\"wp-block-spacer\"><\/div>\n\n\n\n<div class=\"wp-block-columns is-layout-flex wp-container-core-columns-is-layout-9d6595d7 wp-block-columns-is-layout-flex\">\n<div class=\"wp-block-column is-vertically-aligned-center is-layout-flow wp-block-column-is-layout-flow\">\n<figure class=\"wp-block-image size-medium is-resized\"><img loading=\"lazy\" decoding=\"async\" width=\"600\" height=\"507\" src=\"https:\/\/www.cic.es\/wp-content\/uploads\/2025\/02\/SelloAENORISO14001_POS-600x507.png\" alt=\"\" class=\"wp-image-23683\" style=\"width:214px;height:auto\" title=\"ISO14001\nGesti\u00f3n Ambiental\" srcset=\"https:\/\/www.cic.es\/wp-content\/uploads\/2025\/02\/SelloAENORISO14001_POS-600x507.png 600w, https:\/\/www.cic.es\/wp-content\/uploads\/2025\/02\/SelloAENORISO14001_POS-768x649.png 768w, https:\/\/www.cic.es\/wp-content\/uploads\/2025\/02\/SelloAENORISO14001_POS.png 904w\" sizes=\"auto, (max-width: 600px) 100vw, 600px\" \/><\/figure>\n\n\n\n<p class=\"has-text-align-left\"><br>ISO14001<br>Gesti\u00f3n Ambiental<\/p>\n\n\n\n<div class=\"wp-block-buttons is-content-justification-left is-layout-flex wp-container-core-buttons-is-layout-fdcfc74e wp-block-buttons-is-layout-flex\">\n<div class=\"wp-block-button is-style-outline is-style-outline--3\"><a class=\"wp-block-button__link has-text-color has-background has-link-color has-custom-font-size wp-element-button\" href=\"\/certificados\/en\/ISO-14001-20281111-en.pdf\" style=\"border-radius:0.26em;color:#0080b5;background-color:#ffffff00;font-size:16px;font-style:normal;font-weight:700;text-transform:uppercase\" target=\"_blank\" rel=\"noreferrer noopener\"><strong><strong>download certificate<\/strong><\/strong><\/a><\/div>\n<\/div>\n<\/div>\n\n\n\n<div class=\"wp-block-column is-vertically-aligned-center is-layout-flow wp-block-column-is-layout-flow\">\n<figure class=\"wp-block-image size-medium is-resized\"><img loading=\"lazy\" decoding=\"async\" width=\"600\" height=\"507\" src=\"https:\/\/www.cic.es\/wp-content\/uploads\/2025\/02\/SelloAENORISO27001_POS-600x507.png\" alt=\"\" class=\"wp-image-23685\" style=\"width:217px;height:auto\" title=\"ISO 27001 \nSeguridad de la Informaci\u00f3n \" srcset=\"https:\/\/www.cic.es\/wp-content\/uploads\/2025\/02\/SelloAENORISO27001_POS-600x507.png 600w, https:\/\/www.cic.es\/wp-content\/uploads\/2025\/02\/SelloAENORISO27001_POS-768x649.png 768w, https:\/\/www.cic.es\/wp-content\/uploads\/2025\/02\/SelloAENORISO27001_POS.png 904w\" sizes=\"auto, (max-width: 600px) 100vw, 600px\" \/><\/figure>\n\n\n\n<p class=\"has-text-align-left\"><br>ISO 27001 <br>Seguridad de la Informaci\u00f3n <\/p>\n\n\n\n<div class=\"wp-block-buttons is-content-justification-left is-layout-flex wp-container-core-buttons-is-layout-fdcfc74e wp-block-buttons-is-layout-flex\">\n<div class=\"wp-block-button is-style-outline is-style-outline--4\"><a class=\"wp-block-button__link has-text-color has-background has-link-color has-custom-font-size wp-element-button\" href=\"\/certificados\/en\/ISO-27001-20271228-IQNET.pdf\" style=\"border-radius:0.26em;color:#0080b5;background-color:#ffffff00;font-size:16px;font-style:normal;font-weight:700;text-transform:uppercase\" target=\"_blank\" rel=\"noreferrer noopener\"><strong><strong>download certificate<\/strong><\/strong><\/a><\/div>\n<\/div>\n<\/div>\n<\/div>\n\n\n\n<div style=\"height:79px\" aria-hidden=\"true\" class=\"wp-block-spacer\"><\/div>\n\n\n\n<div class=\"wp-block-columns is-layout-flex wp-container-core-columns-is-layout-9d6595d7 wp-block-columns-is-layout-flex\">\n<div class=\"wp-block-column is-vertically-aligned-center is-layout-flow wp-block-column-is-layout-flow\">\n<figure class=\"wp-block-image size-medium is-resized\"><img loading=\"lazy\" decoding=\"async\" width=\"600\" height=\"215\" src=\"https:\/\/www.cic.es\/wp-content\/uploads\/2024\/07\/71307-All-product-development-units-within-the-Monitoring-and-TELECOM-Departments-CMMI-Development-M-600x215.png\" alt=\"\" class=\"wp-image-21889\" style=\"width:318px;height:auto\" title=\"Capability Maturity \nModel Integration (CMMI V3)\" srcset=\"https:\/\/www.cic.es\/wp-content\/uploads\/2024\/07\/71307-All-product-development-units-within-the-Monitoring-and-TELECOM-Departments-CMMI-Development-M-600x215.png 600w, https:\/\/www.cic.es\/wp-content\/uploads\/2024\/07\/71307-All-product-development-units-within-the-Monitoring-and-TELECOM-Departments-CMMI-Development-M.png 697w\" sizes=\"auto, (max-width: 600px) 100vw, 600px\" \/><\/figure>\n\n\n\n<p class=\"has-text-align-left\"><br>Capability Maturity <br>Model Integration (CMMI V3)<\/p>\n<\/div>\n\n\n\n<div class=\"wp-block-column is-vertically-aligned-center is-layout-flow wp-block-column-is-layout-flow\">\n<figure class=\"wp-block-image size-full is-resized\"><img loading=\"lazy\" decoding=\"async\" width=\"330\" height=\"389\" src=\"\/wp-content\/uploads\/2024\/01\/AJA.png\" alt=\"Sistemas de Gesti\u00f3n de la seguridad y salud en el trabajo\" class=\"wp-image-20931\" style=\"width:156px;height:auto\" title=\"Sistemas de Gesti\u00f3n \nde la seguridad y salud en el trabajo\"\/><\/figure>\n\n\n\n<p class=\"has-text-align-left\"><br>Sistemas de Gesti\u00f3n de la seguridad y salud en el trabajo<\/p>\n<\/div>\n<\/div>\n\n\n\n<div style=\"height:79px\" aria-hidden=\"true\" class=\"wp-block-spacer\"><\/div>\n\n\n\n<div class=\"wp-block-columns is-layout-flex wp-container-core-columns-is-layout-9d6595d7 wp-block-columns-is-layout-flex\">\n<div class=\"wp-block-column is-vertically-aligned-center is-layout-flow wp-block-column-is-layout-flow\">\n<figure class=\"wp-block-image size-full is-resized\"><img loading=\"lazy\" decoding=\"async\" width=\"2560\" height=\"1776\" src=\"https:\/\/www.cic.es\/wp-content\/uploads\/2026\/01\/Achilles-Repro-Stamp-Silver-scaled.jpg\" alt=\"\" class=\"wp-image-26379\" style=\"width:216px;height:auto\" title=\"RePro de Achilles\" srcset=\"https:\/\/www.cic.es\/wp-content\/uploads\/2026\/01\/Achilles-Repro-Stamp-Silver-scaled.jpg 2560w, https:\/\/www.cic.es\/wp-content\/uploads\/2026\/01\/Achilles-Repro-Stamp-Silver-600x416.jpg 600w, https:\/\/www.cic.es\/wp-content\/uploads\/2026\/01\/Achilles-Repro-Stamp-Silver-1100x763.jpg 1100w, https:\/\/www.cic.es\/wp-content\/uploads\/2026\/01\/Achilles-Repro-Stamp-Silver-768x533.jpg 768w, https:\/\/www.cic.es\/wp-content\/uploads\/2026\/01\/Achilles-Repro-Stamp-Silver-1536x1066.jpg 1536w, https:\/\/www.cic.es\/wp-content\/uploads\/2026\/01\/Achilles-Repro-Stamp-Silver-2048x1421.jpg 2048w\" sizes=\"auto, (max-width: 2560px) 100vw, 2560px\" \/><\/figure>\n\n\n\n<p class=\"has-text-align-left\"><br>RePro de Achilles<\/p>\n<\/div>\n\n\n\n<div class=\"wp-block-column is-vertically-aligned-center is-layout-flow wp-block-column-is-layout-flow\">\n<figure class=\"wp-block-image size-full is-resized\"><img decoding=\"async\" src=\"https:\/\/www.cic.es\/wp-content\/uploads\/2026\/02\/2024_C.jpg\" alt=\"\" class=\"wp-image-26657\" style=\"width:auto;height:180px\"\/><\/figure>\n\n\n\n<p class=\"has-text-align-left\">Sello del registro de la Huella de Carbono<\/p>\n<\/div>\n<\/div>\n","protected":false},"excerpt":{"rendered":"<p>Committed with the quality and security Our aim is to be your&nbsp;leading technological partner, so you can reach your business goals, modernise your company knowing you are getting a quality product that is safe and secure, in compliance with the rules and regulations of your sector. We, therefore, offer heterogeneous&#8230;<\/p>\n","protected":false},"author":1,"featured_media":20942,"parent":0,"menu_order":0,"comment_status":"closed","ping_status":"closed","template":"page-templates\/page-rsc.php","meta":{"_acf_changed":false,"footnotes":""},"class_list":["post-20980","page","type-page","status-publish","has-post-thumbnail","hentry"],"acf":[],"yoast_head":"<!-- This site is optimized with the Yoast SEO plugin v27.4 - https:\/\/yoast.com\/product\/yoast-seo-wordpress\/ -->\n<title>Certifications CIC Consulting Inform\u00e1tico<\/title>\n<meta name=\"description\" content=\"Con nuestras certificaciones mostramos nuestro compromiso con la calidad y la seguridad de nuestros programas.\" \/>\n<meta name=\"robots\" content=\"index, follow, max-snippet:-1, max-image-preview:large, max-video-preview:-1\" \/>\n<link rel=\"canonical\" href=\"https:\/\/www.cic.es\/en\/certificaciones\/\" \/>\n<meta property=\"og:locale\" content=\"en_US\" \/>\n<meta property=\"og:type\" content=\"article\" \/>\n<meta property=\"og:title\" content=\"Certifications CIC Consulting Inform\u00e1tico\" \/>\n<meta property=\"og:description\" content=\"Con nuestras certificaciones mostramos nuestro compromiso con la calidad y la seguridad de nuestros programas.\" \/>\n<meta property=\"og:url\" content=\"https:\/\/www.cic.es\/en\/certificaciones\/\" \/>\n<meta property=\"og:site_name\" content=\"CIC Consulting Inform\u00e1tico\" \/>\n<meta property=\"article:publisher\" content=\"https:\/\/www.facebook.com\/CIC.Consulting\/\" \/>\n<meta property=\"article:modified_time\" content=\"2026-02-26T09:15:59+00:00\" \/>\n<meta property=\"og:image\" content=\"https:\/\/www.cic.es\/wp-content\/uploads\/2024\/01\/distintivo_ens_certificacion_MEDIA_RD311-2022-1.png\" \/>\n\t<meta property=\"og:image:width\" content=\"925\" \/>\n\t<meta property=\"og:image:height\" content=\"1125\" \/>\n\t<meta property=\"og:image:type\" content=\"image\/png\" \/>\n<meta name=\"twitter:card\" content=\"summary_large_image\" \/>\n<meta name=\"twitter:site\" content=\"@CICactualidad\" \/>\n<meta name=\"twitter:label1\" content=\"Est. reading time\" \/>\n\t<meta name=\"twitter:data1\" content=\"1 minute\" \/>\n<script type=\"application\/ld+json\" class=\"yoast-schema-graph\">{\"@context\":\"https:\\\/\\\/schema.org\",\"@graph\":[{\"@type\":\"WebPage\",\"@id\":\"https:\\\/\\\/www.cic.es\\\/en\\\/certificaciones\\\/\",\"url\":\"https:\\\/\\\/www.cic.es\\\/en\\\/certificaciones\\\/\",\"name\":\"Certifications CIC Consulting Inform\u00e1tico\",\"isPartOf\":{\"@id\":\"https:\\\/\\\/www.cic.es\\\/#website\"},\"primaryImageOfPage\":{\"@id\":\"https:\\\/\\\/www.cic.es\\\/en\\\/certificaciones\\\/#primaryimage\"},\"image\":{\"@id\":\"https:\\\/\\\/www.cic.es\\\/en\\\/certificaciones\\\/#primaryimage\"},\"thumbnailUrl\":\"https:\\\/\\\/www.cic.es\\\/wp-content\\\/uploads\\\/2024\\\/01\\\/distintivo_ens_certificacion_MEDIA_RD311-2022-1.png\",\"datePublished\":\"2024-01-31T12:37:27+00:00\",\"dateModified\":\"2026-02-26T09:15:59+00:00\",\"description\":\"Con nuestras certificaciones mostramos nuestro compromiso con la calidad y la seguridad de nuestros programas.\",\"breadcrumb\":{\"@id\":\"https:\\\/\\\/www.cic.es\\\/en\\\/certificaciones\\\/#breadcrumb\"},\"inLanguage\":\"en-US\",\"potentialAction\":[{\"@type\":\"ReadAction\",\"target\":[\"https:\\\/\\\/www.cic.es\\\/en\\\/certificaciones\\\/\"]}]},{\"@type\":\"ImageObject\",\"inLanguage\":\"en-US\",\"@id\":\"https:\\\/\\\/www.cic.es\\\/en\\\/certificaciones\\\/#primaryimage\",\"url\":\"https:\\\/\\\/www.cic.es\\\/wp-content\\\/uploads\\\/2024\\\/01\\\/distintivo_ens_certificacion_MEDIA_RD311-2022-1.png\",\"contentUrl\":\"https:\\\/\\\/www.cic.es\\\/wp-content\\\/uploads\\\/2024\\\/01\\\/distintivo_ens_certificacion_MEDIA_RD311-2022-1.png\",\"width\":925,\"height\":1125,\"caption\":\"Esquema Nacional de Seguridad (ENS)\"},{\"@type\":\"BreadcrumbList\",\"@id\":\"https:\\\/\\\/www.cic.es\\\/en\\\/certificaciones\\\/#breadcrumb\",\"itemListElement\":[{\"@type\":\"ListItem\",\"position\":1,\"name\":\"CIC\",\"item\":\"https:\\\/\\\/www.cic.es\\\/\"},{\"@type\":\"ListItem\",\"position\":2,\"name\":\"Certifications\"}]},{\"@type\":\"WebSite\",\"@id\":\"https:\\\/\\\/www.cic.es\\\/#website\",\"url\":\"https:\\\/\\\/www.cic.es\\\/\",\"name\":\"CIC Consulting Inform\u00e1tico\",\"description\":\"Somos una consultor\u00eda de ingenier\u00eda de desarrollo y proyectos de inform\u00e1tica y comunicaciones\",\"publisher\":{\"@id\":\"https:\\\/\\\/www.cic.es\\\/#organization\"},\"alternateName\":\"CIC Consulting Inform\u00e1tico\",\"potentialAction\":[{\"@type\":\"SearchAction\",\"target\":{\"@type\":\"EntryPoint\",\"urlTemplate\":\"https:\\\/\\\/www.cic.es\\\/?s={search_term_string}\"},\"query-input\":{\"@type\":\"PropertyValueSpecification\",\"valueRequired\":true,\"valueName\":\"search_term_string\"}}],\"inLanguage\":\"en-US\"},{\"@type\":\"Organization\",\"@id\":\"https:\\\/\\\/www.cic.es\\\/#organization\",\"name\":\"CIC Consulting Inform\u00e1tico\",\"alternateName\":\"CIC Consulting Inform\u00e1tico\",\"url\":\"https:\\\/\\\/www.cic.es\\\/\",\"logo\":{\"@type\":\"ImageObject\",\"inLanguage\":\"en-US\",\"@id\":\"https:\\\/\\\/www.cic.es\\\/#\\\/schema\\\/logo\\\/image\\\/\",\"url\":\"https:\\\/\\\/www.cic.es\\\/wp-content\\\/uploads\\\/2018\\\/04\\\/cic_color.png\",\"contentUrl\":\"https:\\\/\\\/www.cic.es\\\/wp-content\\\/uploads\\\/2018\\\/04\\\/cic_color.png\",\"width\":300,\"height\":200,\"caption\":\"CIC Consulting Inform\u00e1tico\"},\"image\":{\"@id\":\"https:\\\/\\\/www.cic.es\\\/#\\\/schema\\\/logo\\\/image\\\/\"},\"sameAs\":[\"https:\\\/\\\/www.facebook.com\\\/CIC.Consulting\\\/\",\"https:\\\/\\\/x.com\\\/CICactualidad\",\"https:\\\/\\\/www.linkedin.com\\\/company\\\/2157627\\\/\",\"https:\\\/\\\/www.pinterest.es\\\/cicconsultinginformatico\\\/\",\"https:\\\/\\\/www.youtube.com\\\/user\\\/webmastercic\"]}]}<\/script>\n<!-- \/ Yoast SEO plugin. -->","yoast_head_json":{"title":"Certifications CIC Consulting Inform\u00e1tico","description":"Con nuestras certificaciones mostramos nuestro compromiso con la calidad y la seguridad de nuestros programas.","robots":{"index":"index","follow":"follow","max-snippet":"max-snippet:-1","max-image-preview":"max-image-preview:large","max-video-preview":"max-video-preview:-1"},"canonical":"https:\/\/www.cic.es\/en\/certificaciones\/","og_locale":"en_US","og_type":"article","og_title":"Certifications CIC Consulting Inform\u00e1tico","og_description":"Con nuestras certificaciones mostramos nuestro compromiso con la calidad y la seguridad de nuestros programas.","og_url":"https:\/\/www.cic.es\/en\/certificaciones\/","og_site_name":"CIC Consulting Inform\u00e1tico","article_publisher":"https:\/\/www.facebook.com\/CIC.Consulting\/","article_modified_time":"2026-02-26T09:15:59+00:00","og_image":[{"width":925,"height":1125,"url":"https:\/\/www.cic.es\/wp-content\/uploads\/2024\/01\/distintivo_ens_certificacion_MEDIA_RD311-2022-1.png","type":"image\/png"}],"twitter_card":"summary_large_image","twitter_site":"@CICactualidad","twitter_misc":{"Est. reading time":"1 minute"},"schema":{"@context":"https:\/\/schema.org","@graph":[{"@type":"WebPage","@id":"https:\/\/www.cic.es\/en\/certificaciones\/","url":"https:\/\/www.cic.es\/en\/certificaciones\/","name":"Certifications CIC Consulting Inform\u00e1tico","isPartOf":{"@id":"https:\/\/www.cic.es\/#website"},"primaryImageOfPage":{"@id":"https:\/\/www.cic.es\/en\/certificaciones\/#primaryimage"},"image":{"@id":"https:\/\/www.cic.es\/en\/certificaciones\/#primaryimage"},"thumbnailUrl":"https:\/\/www.cic.es\/wp-content\/uploads\/2024\/01\/distintivo_ens_certificacion_MEDIA_RD311-2022-1.png","datePublished":"2024-01-31T12:37:27+00:00","dateModified":"2026-02-26T09:15:59+00:00","description":"Con nuestras certificaciones mostramos nuestro compromiso con la calidad y la seguridad de nuestros programas.","breadcrumb":{"@id":"https:\/\/www.cic.es\/en\/certificaciones\/#breadcrumb"},"inLanguage":"en-US","potentialAction":[{"@type":"ReadAction","target":["https:\/\/www.cic.es\/en\/certificaciones\/"]}]},{"@type":"ImageObject","inLanguage":"en-US","@id":"https:\/\/www.cic.es\/en\/certificaciones\/#primaryimage","url":"https:\/\/www.cic.es\/wp-content\/uploads\/2024\/01\/distintivo_ens_certificacion_MEDIA_RD311-2022-1.png","contentUrl":"https:\/\/www.cic.es\/wp-content\/uploads\/2024\/01\/distintivo_ens_certificacion_MEDIA_RD311-2022-1.png","width":925,"height":1125,"caption":"Esquema Nacional de Seguridad (ENS)"},{"@type":"BreadcrumbList","@id":"https:\/\/www.cic.es\/en\/certificaciones\/#breadcrumb","itemListElement":[{"@type":"ListItem","position":1,"name":"CIC","item":"https:\/\/www.cic.es\/"},{"@type":"ListItem","position":2,"name":"Certifications"}]},{"@type":"WebSite","@id":"https:\/\/www.cic.es\/#website","url":"https:\/\/www.cic.es\/","name":"CIC Consulting Inform\u00e1tico","description":"Somos una consultor\u00eda de ingenier\u00eda de desarrollo y proyectos de inform\u00e1tica y comunicaciones","publisher":{"@id":"https:\/\/www.cic.es\/#organization"},"alternateName":"CIC Consulting Inform\u00e1tico","potentialAction":[{"@type":"SearchAction","target":{"@type":"EntryPoint","urlTemplate":"https:\/\/www.cic.es\/?s={search_term_string}"},"query-input":{"@type":"PropertyValueSpecification","valueRequired":true,"valueName":"search_term_string"}}],"inLanguage":"en-US"},{"@type":"Organization","@id":"https:\/\/www.cic.es\/#organization","name":"CIC Consulting Inform\u00e1tico","alternateName":"CIC Consulting Inform\u00e1tico","url":"https:\/\/www.cic.es\/","logo":{"@type":"ImageObject","inLanguage":"en-US","@id":"https:\/\/www.cic.es\/#\/schema\/logo\/image\/","url":"https:\/\/www.cic.es\/wp-content\/uploads\/2018\/04\/cic_color.png","contentUrl":"https:\/\/www.cic.es\/wp-content\/uploads\/2018\/04\/cic_color.png","width":300,"height":200,"caption":"CIC Consulting Inform\u00e1tico"},"image":{"@id":"https:\/\/www.cic.es\/#\/schema\/logo\/image\/"},"sameAs":["https:\/\/www.facebook.com\/CIC.Consulting\/","https:\/\/x.com\/CICactualidad","https:\/\/www.linkedin.com\/company\/2157627\/","https:\/\/www.pinterest.es\/cicconsultinginformatico\/","https:\/\/www.youtube.com\/user\/webmastercic"]}]}},"_links":{"self":[{"href":"https:\/\/www.cic.es\/en\/wp-json\/wp\/v2\/pages\/20980","targetHints":{"allow":["GET"]}}],"collection":[{"href":"https:\/\/www.cic.es\/en\/wp-json\/wp\/v2\/pages"}],"about":[{"href":"https:\/\/www.cic.es\/en\/wp-json\/wp\/v2\/types\/page"}],"author":[{"embeddable":true,"href":"https:\/\/www.cic.es\/en\/wp-json\/wp\/v2\/users\/1"}],"replies":[{"embeddable":true,"href":"https:\/\/www.cic.es\/en\/wp-json\/wp\/v2\/comments?post=20980"}],"version-history":[{"count":26,"href":"https:\/\/www.cic.es\/en\/wp-json\/wp\/v2\/pages\/20980\/revisions"}],"predecessor-version":[{"id":26581,"href":"https:\/\/www.cic.es\/en\/wp-json\/wp\/v2\/pages\/20980\/revisions\/26581"}],"wp:featuredmedia":[{"embeddable":true,"href":"https:\/\/www.cic.es\/en\/wp-json\/wp\/v2\/media\/20942"}],"wp:attachment":[{"href":"https:\/\/www.cic.es\/en\/wp-json\/wp\/v2\/media?parent=20980"}],"curies":[{"name":"wp","href":"https:\/\/api.w.org\/{rel}","templated":true}]}}