{"id":15031,"date":"2023-09-20T11:52:25","date_gmt":"2023-09-20T10:52:25","guid":{"rendered":"https:\/\/www.cic.es\/power-apps-con-add-ons\/add-on-securizacion-automatica-de-permisos\/"},"modified":"2025-07-21T09:23:07","modified_gmt":"2025-07-21T08:23:07","slug":"add-on-securizacion-automatica-de-permisos","status":"publish","type":"page","link":"https:\/\/www.cic.es\/en\/add-ons-for-power-apps\/add-on-securizacion-automatica-de-permisos\/","title":{"rendered":"Add-On: Automatic Securitization of Users"},"content":{"rendered":"\n<div class=\"wp-block-columns is-layout-flex wp-container-core-columns-is-layout-9d6595d7 wp-block-columns-is-layout-flex\">\n<div class=\"wp-block-column is-vertically-aligned-center is-layout-flow wp-block-column-is-layout-flow\" style=\"flex-basis:33.33%\"><div class=\"wp-block-image\">\n<figure class=\"aligncenter size-medium\"><img loading=\"lazy\" decoding=\"async\" width=\"600\" height=\"412\" src=\"https:\/\/www.cic.es\/wp-content\/uploads\/2023\/09\/securizacion-600x412.png\" alt=\"Add-On: Automatic Securitization of Users\" class=\"wp-image-14486\" title=\"Add-On: Automatic Securitization of Users\" srcset=\"https:\/\/www.cic.es\/wp-content\/uploads\/2023\/09\/securizacion-600x412.png 600w, https:\/\/www.cic.es\/wp-content\/uploads\/2023\/09\/securizacion-768x527.png 768w, https:\/\/www.cic.es\/wp-content\/uploads\/2023\/09\/securizacion.png 1045w\" sizes=\"auto, (max-width: 600px) 100vw, 600px\" \/><\/figure>\n<\/div><\/div>\n\n\n\n<div class=\"wp-block-column is-vertically-aligned-center is-layout-flow wp-block-column-is-layout-flow\" style=\"flex-basis:66.66%\">\n<p>The Automatic Securitization of Users add-on allows you to securely control permissions between Power Apps and SharePoint. Power Apps and SharePoint do not keep the document folders&#8217; permissions of document folders synchronized, which means that all documents are visible to any user. Our solution ensures controlled access by efficiently transmitting permissions to SharePoint.<\/p>\n<\/div>\n<\/div>\n\n\n\n<h3 class=\"wp-block-heading\"><strong>Security Problem in the Document Manager<\/strong><\/h3>\n\n\n\n<p>A common problem when working with Power Apps and SharePoint is that the permissions of document folders are not synchronized. This can generate important security problems, since all documents are visible to any user, regardless of their role in the organization or their access level.<\/p>\n\n\n\n<h3 class=\"wp-block-heading\"><strong>Automatic Permissions Securitization<\/strong><\/h3>\n\n\n\n<p>Resolves security issues automatically. Synchronizes permissions efficiently between Power Apps and SharePoint, ensuring that only the right information is accessible only to authorized users. This way your sensitive documents and data are secure.<\/p>\n\n\n\n<h2 class=\"wp-block-heading\"><strong><strong>Main Features<\/strong><\/strong><\/h2>\n\n\n\n<div class=\"wp-block-columns is-layout-flex wp-container-core-columns-is-layout-9d6595d7 wp-block-columns-is-layout-flex\">\n<div class=\"wp-block-column box-wp is-layout-flow wp-block-column-is-layout-flow\">\n<h3 class=\"wp-block-heading\">Increased Security<\/h3>\n\n\n\n<p>Ensures that only authorized users have access to information stored in SharePoint from Power Apps, avoiding leaks and protecting your sensitive data.<\/p>\n<\/div>\n\n\n\n<div class=\"wp-block-column box-wp is-layout-flow wp-block-column-is-layout-flow\">\n<h3 class=\"wp-block-heading\">Controlled Access<\/h3>\n\n\n\n<p>Ensures that only authorized users have access to the information stored in SharePoint from Power Apps, preventing leaks and protecting your sensitive data.<\/p>\n<\/div>\n<\/div>\n\n\n\n<div class=\"wp-block-columns is-layout-flex wp-container-core-columns-is-layout-9d6595d7 wp-block-columns-is-layout-flex\">\n<div class=\"wp-block-column box-wp is-layout-flow wp-block-column-is-layout-flow\">\n<h3 class=\"wp-block-heading\">Efficiency and Automation<\/h3>\n\n\n\n<p>Synchronizes permissions automatically, eliminating the need for manual set-ups and allowing for an efficient workflow.<\/p>\n<\/div>\n\n\n\n<div class=\"wp-block-column box-wp is-layout-flow wp-block-column-is-layout-flow\">\n<h3 class=\"wp-block-heading\">Regulatory Compliance<\/h3>\n\n\n\n<p>By having a proper control of permissions, you ensure compliance with privacy and data protection regulations, such as the GDPR.<\/p>\n<\/div>\n<\/div>\n\n\n\n<p class=\"has-text-color has-background\" style=\"color:#44546a;background-color:#f4f4f4\">Guarantee the confidentiality and integrity of your sensitive documents and data by using our Automatic Permission Securitization add-on between Power Apps and SharePoint. <a href=\"https:\/\/www.cic.es\/en\/contact\/\" target=\"_blank\" rel=\"noreferrer noopener\">Contact us<\/a> <strong>today and find out how you can increase the security of your document management system!<\/strong><\/p>\n\n\n\n<h2 class=\"wp-block-heading\">Prices<\/h2>\n\n\n\n<div class=\"wp-block-columns is-layout-flex wp-container-core-columns-is-layout-9d6595d7 wp-block-columns-is-layout-flex\">\n<div class=\"wp-block-column is-layout-flow wp-block-column-is-layout-flow\">\n<h4 class=\"wp-block-heading has-text-align-center\"><strong>5.000\u20ac per production environment<\/strong><\/h4>\n<\/div>\n\n\n\n<div class=\"wp-block-column is-layout-flow wp-block-column-is-layout-flow\">\n<h4 class=\"wp-block-heading has-text-align-center\"><strong>Annual invoicing<\/strong><\/h4>\n<\/div>\n\n\n\n<div class=\"wp-block-column is-layout-flow wp-block-column-is-layout-flow\">\n<h4 class=\"wp-block-heading has-text-align-center\"><strong>Max. 4 entities per environment<\/strong><\/h4>\n<\/div>\n\n\n\n<div class=\"wp-block-column is-layout-flow wp-block-column-is-layout-flow\">\n<h4 class=\"wp-block-heading has-text-align-center\"><strong>+200\u20ac per additional entity<\/strong><\/h4>\n<\/div>\n<\/div>\n\n\n\n<p class=\"has-small-font-size\"><em>*The installation of the addons within the licensing agreement, and at no additional cost, includes the development and pre-production environments per addon.<\/em><\/p>\n","protected":false},"excerpt":{"rendered":"<p>The Automatic Securitization of Users add-on allows you to securely control permissions between Power Apps and SharePoint. Power Apps and SharePoint do not keep the document folders&#8217; permissions of document folders synchronized, which means that all documents are visible to any user. Our solution ensures controlled access by efficiently transmitting&#8230;<\/p>\n","protected":false},"author":1,"featured_media":14477,"parent":14999,"menu_order":0,"comment_status":"closed","ping_status":"closed","template":"page-templates\/page-tecnologias.php","meta":{"_acf_changed":false,"footnotes":""},"class_list":["post-15031","page","type-page","status-publish","has-post-thumbnail","hentry"],"acf":[],"yoast_head":"<!-- This site is optimized with the Yoast SEO plugin v27.4 - https:\/\/yoast.com\/product\/yoast-seo-wordpress\/ -->\n<title>Add-On: Automatic Securitization of Users CIC Consulting Inform\u00e1tico<\/title>\n<meta name=\"description\" content=\"With the Automatic Permissions Securing add-on between Power Apps and SharePoint, it solves an important security problem in the document manager.\" \/>\n<meta name=\"robots\" content=\"index, follow, max-snippet:-1, max-image-preview:large, max-video-preview:-1\" \/>\n<link rel=\"canonical\" href=\"\/en\/add-ons-for-power-apps\/add-on-securizacion-automatica-de-permisos\/\" \/>\n<meta property=\"og:locale\" content=\"en_US\" \/>\n<meta property=\"og:type\" content=\"article\" \/>\n<meta property=\"og:title\" content=\"Add-On: Automatic Securitization of Users CIC Consulting Inform\u00e1tico\" \/>\n<meta property=\"og:description\" content=\"With the Automatic Permissions Securing add-on between Power Apps and SharePoint, it solves an important security problem in the document manager.\" \/>\n<meta property=\"og:url\" content=\"\/en\/add-ons-for-power-apps\/add-on-securizacion-automatica-de-permisos\/\" \/>\n<meta property=\"og:site_name\" content=\"CIC Consulting Inform\u00e1tico\" \/>\n<meta property=\"article:publisher\" content=\"https:\/\/www.facebook.com\/CIC.Consulting\/\" \/>\n<meta property=\"article:modified_time\" content=\"2025-07-21T08:23:07+00:00\" \/>\n<meta property=\"og:image\" content=\"https:\/\/www.cic.es\/wp-content\/uploads\/2023\/09\/Add-on_Securizacion.png\" \/>\n\t<meta property=\"og:image:width\" content=\"1400\" \/>\n\t<meta property=\"og:image:height\" content=\"900\" \/>\n\t<meta property=\"og:image:type\" content=\"image\/png\" \/>\n<meta name=\"twitter:card\" content=\"summary_large_image\" \/>\n<meta name=\"twitter:site\" content=\"@CICactualidad\" \/>\n<meta name=\"twitter:label1\" content=\"Est. reading time\" \/>\n\t<meta name=\"twitter:data1\" content=\"2 minutes\" \/>\n<script type=\"application\/ld+json\" class=\"yoast-schema-graph\">{\"@context\":\"https:\\\/\\\/schema.org\",\"@graph\":[{\"@type\":\"WebPage\",\"@id\":\"https:\\\/\\\/www.cic.es\\\/en\\\/add-ons-for-power-apps\\\/add-on-securizacion-automatica-de-permisos\\\/\",\"url\":\"\\\/en\\\/add-ons-for-power-apps\\\/add-on-securizacion-automatica-de-permisos\\\/\",\"name\":\"Add-On: Automatic Securitization of Users CIC Consulting Inform\u00e1tico\",\"isPartOf\":{\"@id\":\"https:\\\/\\\/www.cic.es\\\/#website\"},\"primaryImageOfPage\":{\"@id\":\"\\\/en\\\/add-ons-for-power-apps\\\/add-on-securizacion-automatica-de-permisos\\\/#primaryimage\"},\"image\":{\"@id\":\"\\\/en\\\/add-ons-for-power-apps\\\/add-on-securizacion-automatica-de-permisos\\\/#primaryimage\"},\"thumbnailUrl\":\"https:\\\/\\\/www.cic.es\\\/wp-content\\\/uploads\\\/2023\\\/09\\\/Add-on_Securizacion.png\",\"datePublished\":\"2023-09-20T10:52:25+00:00\",\"dateModified\":\"2025-07-21T08:23:07+00:00\",\"description\":\"With the Automatic Permissions Securing add-on between Power Apps and SharePoint, it solves an important security problem in the document manager.\",\"breadcrumb\":{\"@id\":\"\\\/en\\\/add-ons-for-power-apps\\\/add-on-securizacion-automatica-de-permisos\\\/#breadcrumb\"},\"inLanguage\":\"en-US\",\"potentialAction\":[{\"@type\":\"ReadAction\",\"target\":[\"\\\/en\\\/add-ons-for-power-apps\\\/add-on-securizacion-automatica-de-permisos\\\/\"]}]},{\"@type\":\"ImageObject\",\"inLanguage\":\"en-US\",\"@id\":\"\\\/en\\\/add-ons-for-power-apps\\\/add-on-securizacion-automatica-de-permisos\\\/#primaryimage\",\"url\":\"https:\\\/\\\/www.cic.es\\\/wp-content\\\/uploads\\\/2023\\\/09\\\/Add-on_Securizacion.png\",\"contentUrl\":\"https:\\\/\\\/www.cic.es\\\/wp-content\\\/uploads\\\/2023\\\/09\\\/Add-on_Securizacion.png\",\"width\":1400,\"height\":900,\"caption\":\"Add-On: Automatic Securitization of Users\"},{\"@type\":\"BreadcrumbList\",\"@id\":\"\\\/en\\\/add-ons-for-power-apps\\\/add-on-securizacion-automatica-de-permisos\\\/#breadcrumb\",\"itemListElement\":[{\"@type\":\"ListItem\",\"position\":1,\"name\":\"CIC\",\"item\":\"https:\\\/\\\/www.cic.es\\\/\"},{\"@type\":\"ListItem\",\"position\":2,\"name\":\"Add-ons for Power Apps\",\"item\":\"https:\\\/\\\/www.cic.es\\\/en\\\/add-ons-for-power-apps\\\/\"},{\"@type\":\"ListItem\",\"position\":3,\"name\":\"Add-On: Automatic Securitization of Users\"}]},{\"@type\":\"WebSite\",\"@id\":\"https:\\\/\\\/www.cic.es\\\/#website\",\"url\":\"https:\\\/\\\/www.cic.es\\\/\",\"name\":\"CIC Consulting Inform\u00e1tico\",\"description\":\"Somos una consultor\u00eda de ingenier\u00eda de desarrollo y proyectos de inform\u00e1tica y comunicaciones\",\"publisher\":{\"@id\":\"https:\\\/\\\/www.cic.es\\\/#organization\"},\"alternateName\":\"CIC Consulting Inform\u00e1tico\",\"potentialAction\":[{\"@type\":\"SearchAction\",\"target\":{\"@type\":\"EntryPoint\",\"urlTemplate\":\"https:\\\/\\\/www.cic.es\\\/?s={search_term_string}\"},\"query-input\":{\"@type\":\"PropertyValueSpecification\",\"valueRequired\":true,\"valueName\":\"search_term_string\"}}],\"inLanguage\":\"en-US\"},{\"@type\":\"Organization\",\"@id\":\"https:\\\/\\\/www.cic.es\\\/#organization\",\"name\":\"CIC Consulting Inform\u00e1tico\",\"alternateName\":\"CIC Consulting Inform\u00e1tico\",\"url\":\"https:\\\/\\\/www.cic.es\\\/\",\"logo\":{\"@type\":\"ImageObject\",\"inLanguage\":\"en-US\",\"@id\":\"https:\\\/\\\/www.cic.es\\\/#\\\/schema\\\/logo\\\/image\\\/\",\"url\":\"https:\\\/\\\/www.cic.es\\\/wp-content\\\/uploads\\\/2018\\\/04\\\/cic_color.png\",\"contentUrl\":\"https:\\\/\\\/www.cic.es\\\/wp-content\\\/uploads\\\/2018\\\/04\\\/cic_color.png\",\"width\":300,\"height\":200,\"caption\":\"CIC Consulting Inform\u00e1tico\"},\"image\":{\"@id\":\"https:\\\/\\\/www.cic.es\\\/#\\\/schema\\\/logo\\\/image\\\/\"},\"sameAs\":[\"https:\\\/\\\/www.facebook.com\\\/CIC.Consulting\\\/\",\"https:\\\/\\\/x.com\\\/CICactualidad\",\"https:\\\/\\\/www.linkedin.com\\\/company\\\/2157627\\\/\",\"https:\\\/\\\/www.pinterest.es\\\/cicconsultinginformatico\\\/\",\"https:\\\/\\\/www.youtube.com\\\/user\\\/webmastercic\"]}]}<\/script>\n<!-- \/ Yoast SEO plugin. -->","yoast_head_json":{"title":"Add-On: Automatic Securitization of Users CIC Consulting Inform\u00e1tico","description":"With the Automatic Permissions Securing add-on between Power Apps and SharePoint, it solves an important security problem in the document manager.","robots":{"index":"index","follow":"follow","max-snippet":"max-snippet:-1","max-image-preview":"max-image-preview:large","max-video-preview":"max-video-preview:-1"},"canonical":"\/en\/add-ons-for-power-apps\/add-on-securizacion-automatica-de-permisos\/","og_locale":"en_US","og_type":"article","og_title":"Add-On: Automatic Securitization of Users CIC Consulting Inform\u00e1tico","og_description":"With the Automatic Permissions Securing add-on between Power Apps and SharePoint, it solves an important security problem in the document manager.","og_url":"\/en\/add-ons-for-power-apps\/add-on-securizacion-automatica-de-permisos\/","og_site_name":"CIC Consulting Inform\u00e1tico","article_publisher":"https:\/\/www.facebook.com\/CIC.Consulting\/","article_modified_time":"2025-07-21T08:23:07+00:00","og_image":[{"width":1400,"height":900,"url":"https:\/\/www.cic.es\/wp-content\/uploads\/2023\/09\/Add-on_Securizacion.png","type":"image\/png"}],"twitter_card":"summary_large_image","twitter_site":"@CICactualidad","twitter_misc":{"Est. reading time":"2 minutes"},"schema":{"@context":"https:\/\/schema.org","@graph":[{"@type":"WebPage","@id":"https:\/\/www.cic.es\/en\/add-ons-for-power-apps\/add-on-securizacion-automatica-de-permisos\/","url":"\/en\/add-ons-for-power-apps\/add-on-securizacion-automatica-de-permisos\/","name":"Add-On: Automatic Securitization of Users CIC Consulting Inform\u00e1tico","isPartOf":{"@id":"https:\/\/www.cic.es\/#website"},"primaryImageOfPage":{"@id":"\/en\/add-ons-for-power-apps\/add-on-securizacion-automatica-de-permisos\/#primaryimage"},"image":{"@id":"\/en\/add-ons-for-power-apps\/add-on-securizacion-automatica-de-permisos\/#primaryimage"},"thumbnailUrl":"https:\/\/www.cic.es\/wp-content\/uploads\/2023\/09\/Add-on_Securizacion.png","datePublished":"2023-09-20T10:52:25+00:00","dateModified":"2025-07-21T08:23:07+00:00","description":"With the Automatic Permissions Securing add-on between Power Apps and SharePoint, it solves an important security problem in the document manager.","breadcrumb":{"@id":"\/en\/add-ons-for-power-apps\/add-on-securizacion-automatica-de-permisos\/#breadcrumb"},"inLanguage":"en-US","potentialAction":[{"@type":"ReadAction","target":["\/en\/add-ons-for-power-apps\/add-on-securizacion-automatica-de-permisos\/"]}]},{"@type":"ImageObject","inLanguage":"en-US","@id":"\/en\/add-ons-for-power-apps\/add-on-securizacion-automatica-de-permisos\/#primaryimage","url":"https:\/\/www.cic.es\/wp-content\/uploads\/2023\/09\/Add-on_Securizacion.png","contentUrl":"https:\/\/www.cic.es\/wp-content\/uploads\/2023\/09\/Add-on_Securizacion.png","width":1400,"height":900,"caption":"Add-On: Automatic Securitization of Users"},{"@type":"BreadcrumbList","@id":"\/en\/add-ons-for-power-apps\/add-on-securizacion-automatica-de-permisos\/#breadcrumb","itemListElement":[{"@type":"ListItem","position":1,"name":"CIC","item":"https:\/\/www.cic.es\/"},{"@type":"ListItem","position":2,"name":"Add-ons for Power Apps","item":"https:\/\/www.cic.es\/en\/add-ons-for-power-apps\/"},{"@type":"ListItem","position":3,"name":"Add-On: Automatic Securitization of Users"}]},{"@type":"WebSite","@id":"https:\/\/www.cic.es\/#website","url":"https:\/\/www.cic.es\/","name":"CIC Consulting Inform\u00e1tico","description":"Somos una consultor\u00eda de ingenier\u00eda de desarrollo y proyectos de inform\u00e1tica y comunicaciones","publisher":{"@id":"https:\/\/www.cic.es\/#organization"},"alternateName":"CIC Consulting Inform\u00e1tico","potentialAction":[{"@type":"SearchAction","target":{"@type":"EntryPoint","urlTemplate":"https:\/\/www.cic.es\/?s={search_term_string}"},"query-input":{"@type":"PropertyValueSpecification","valueRequired":true,"valueName":"search_term_string"}}],"inLanguage":"en-US"},{"@type":"Organization","@id":"https:\/\/www.cic.es\/#organization","name":"CIC Consulting Inform\u00e1tico","alternateName":"CIC Consulting Inform\u00e1tico","url":"https:\/\/www.cic.es\/","logo":{"@type":"ImageObject","inLanguage":"en-US","@id":"https:\/\/www.cic.es\/#\/schema\/logo\/image\/","url":"https:\/\/www.cic.es\/wp-content\/uploads\/2018\/04\/cic_color.png","contentUrl":"https:\/\/www.cic.es\/wp-content\/uploads\/2018\/04\/cic_color.png","width":300,"height":200,"caption":"CIC Consulting Inform\u00e1tico"},"image":{"@id":"https:\/\/www.cic.es\/#\/schema\/logo\/image\/"},"sameAs":["https:\/\/www.facebook.com\/CIC.Consulting\/","https:\/\/x.com\/CICactualidad","https:\/\/www.linkedin.com\/company\/2157627\/","https:\/\/www.pinterest.es\/cicconsultinginformatico\/","https:\/\/www.youtube.com\/user\/webmastercic"]}]}},"_links":{"self":[{"href":"https:\/\/www.cic.es\/en\/wp-json\/wp\/v2\/pages\/15031","targetHints":{"allow":["GET"]}}],"collection":[{"href":"https:\/\/www.cic.es\/en\/wp-json\/wp\/v2\/pages"}],"about":[{"href":"https:\/\/www.cic.es\/en\/wp-json\/wp\/v2\/types\/page"}],"author":[{"embeddable":true,"href":"https:\/\/www.cic.es\/en\/wp-json\/wp\/v2\/users\/1"}],"replies":[{"embeddable":true,"href":"https:\/\/www.cic.es\/en\/wp-json\/wp\/v2\/comments?post=15031"}],"version-history":[{"count":4,"href":"https:\/\/www.cic.es\/en\/wp-json\/wp\/v2\/pages\/15031\/revisions"}],"predecessor-version":[{"id":25273,"href":"https:\/\/www.cic.es\/en\/wp-json\/wp\/v2\/pages\/15031\/revisions\/25273"}],"up":[{"embeddable":true,"href":"https:\/\/www.cic.es\/en\/wp-json\/wp\/v2\/pages\/14999"}],"wp:featuredmedia":[{"embeddable":true,"href":"https:\/\/www.cic.es\/en\/wp-json\/wp\/v2\/media\/14477"}],"wp:attachment":[{"href":"https:\/\/www.cic.es\/en\/wp-json\/wp\/v2\/media?parent=15031"}],"curies":[{"name":"wp","href":"https:\/\/api.w.org\/{rel}","templated":true}]}}