{"id":15027,"date":"2023-09-20T11:55:54","date_gmt":"2023-09-20T10:55:54","guid":{"rendered":"https:\/\/www.cic.es\/power-apps-con-add-ons\/add-on-service-level-agreement-sla\/"},"modified":"2025-07-21T10:12:57","modified_gmt":"2025-07-21T09:12:57","slug":"add-on-service-level-agreement-sla","status":"publish","type":"page","link":"https:\/\/www.cic.es\/en\/add-ons-for-power-apps\/add-on-service-level-agreement-sla\/","title":{"rendered":"Add-on: Service Level Agreement (SLA)"},"content":{"rendered":"\n<div class=\"wp-block-columns is-layout-flex wp-container-core-columns-is-layout-9d6595d7 wp-block-columns-is-layout-flex\">\n<div class=\"wp-block-column is-vertically-aligned-center is-layout-flow wp-block-column-is-layout-flow\" style=\"flex-basis:33.33%\"><div class=\"wp-block-image\">\n<figure class=\"aligncenter size-full\"><img loading=\"lazy\" decoding=\"async\" width=\"1045\" height=\"717\" src=\"https:\/\/www.cic.es\/wp-content\/uploads\/2023\/09\/sla.png\" alt=\"Add-on: Service Level Agreement (SLA)\" class=\"wp-image-14488\" title=\"Add-on: Service Level Agreement (SLA)\" srcset=\"https:\/\/www.cic.es\/wp-content\/uploads\/2023\/09\/sla.png 1045w, https:\/\/www.cic.es\/wp-content\/uploads\/2023\/09\/sla-600x412.png 600w, https:\/\/www.cic.es\/wp-content\/uploads\/2023\/09\/sla-768x527.png 768w\" sizes=\"auto, (max-width: 1045px) 100vw, 1045px\" \/><\/figure>\n<\/div><\/div>\n\n\n\n<div class=\"wp-block-column is-vertically-aligned-center is-layout-flow wp-block-column-is-layout-flow\" style=\"flex-basis:66.66%\">\n<p>The Service Level Agreement (SLA) add-on measures the performance, availability and support of your work teams, in order to guarantee the established response and resolution times. <strong>Take total control over your service!<\/strong><\/p>\n<\/div>\n<\/div>\n\n\n\n<h2 class=\"wp-block-heading\"><strong>Main Features<\/strong><\/h2>\n\n\n\n<h3 class=\"wp-block-heading\"><strong>Real Time Measurement<\/strong><\/h3>\n\n\n\n<p>Monitors the actual time remaining to complete a task or service commitment.&nbsp; You&#8217;ll be able to accurately track your progress and make sure you meet your customer\u00b4s deadlines.<\/p>\n\n\n\n<h3 class=\"wp-block-heading\"><strong>Customize Schedules, Timetables and Calendars<\/strong><\/h3>\n\n\n\n<p>Personalize schedules, timetables and calendars according to the teams, people or organizations involved. This will allow you to have a clear view of response and resolution times, ensuring an efficient and punctual service.<\/p>\n\n\n\n<h3 class=\"wp-block-heading\"><strong>Category-Based Setups<\/strong><\/h3>\n\n\n\n<p>Our solution is based on different specifications, such as types of customers, priorities involved, among other factors. You will be able to define and assign specific parameters for each category, tailored to the needs of your customers and projects.<\/p>\n\n\n\n<h3 class=\"wp-block-heading\"><strong>KPI Analysis and Measurement&nbsp;<\/strong><\/h3>\n\n\n\n<p>Analyze and measure the results you have obtained. This will provide you with relevant KPIs (Key Performance Indicators) to evaluate the compliance of SLAs and your work teams organization. Obtain valuable information to make data-driven decisions and optimize your processes.<\/p>\n\n\n\n<h3 class=\"wp-block-heading\"><strong>Smart-Counter with Countdown-Timer<\/strong><\/h3>\n\n\n\n<p>A smart counter displays the time remaining to meet the set commitments. The countdown option enables you to have a clear and real-time view of deadlines, avoiding delays and ensuring efficient time management.<\/p>\n\n\n\n<h2 class=\"wp-block-heading\"><strong>Main Advantages<\/strong><\/h2>\n\n\n\n<div class=\"wp-block-columns is-layout-flex wp-container-core-columns-is-layout-9d6595d7 wp-block-columns-is-layout-flex\">\n<div class=\"wp-block-column box-wp is-layout-flow wp-block-column-is-layout-flow\">\n<h3 class=\"wp-block-heading\">Meet Commitments<\/h3>\n\n\n\n<p>Ensure that your teams comply with the response and resolution times established in the service agreements.<\/p>\n<\/div>\n\n\n\n<div class=\"wp-block-column box-wp is-layout-flow wp-block-column-is-layout-flow\">\n<h3 class=\"wp-block-heading\">Customize&nbsp;<\/h3>\n\n\n\n<p>Customize timetables, schedules, calendars and other categories according to your needs and the requirements of your clients and projects.<\/p>\n<\/div>\n<\/div>\n\n\n\n<div class=\"wp-block-columns is-layout-flex wp-container-core-columns-is-layout-9d6595d7 wp-block-columns-is-layout-flex\">\n<div class=\"wp-block-column box-wp is-layout-flow wp-block-column-is-layout-flow\">\n<h3 class=\"wp-block-heading\">Management Optimization<\/h3>\n\n\n\n<p>Controls the effective time remaining to complete tasks, ensuring efficient management.<\/p>\n<\/div>\n\n\n\n<div class=\"wp-block-column box-wp is-layout-flow wp-block-column-is-layout-flow\">\n<h3 class=\"wp-block-heading\">Analysis and continuous improvement<\/h3>\n\n\n\n<p>Use the KPIs provided to measure and evaluate your teams&#8217; performance, identifying opportunities for improvement.<\/p>\n<\/div>\n<\/div>\n\n\n\n<div class=\"wp-block-columns is-layout-flex wp-container-core-columns-is-layout-9d6595d7 wp-block-columns-is-layout-flex\">\n<div class=\"wp-block-column box-wp is-layout-flow wp-block-column-is-layout-flow\">\n<h3 class=\"wp-block-heading\">Clear Display<\/h3>\n\n\n\n<p>The smart counter with countdown timer gives you a clear and real-time view of the deadlines, avoiding delays and optimizing time management.<\/p>\n<\/div>\n<\/div>\n\n\n\n<p class=\"has-text-color has-background\" style=\"color:#44546a;background-color:#f4f4f4\">Optimize your service commitments and guarantee the quality and efficiency of your teams with the Service Level Agreement (SLA) add-on. <a href=\"https:\/\/www.cic.es\/en\/contact\/\" target=\"_blank\" rel=\"noreferrer noopener\">Contact us<\/a> <strong>today and find out how this solution can help your company!<\/strong><\/p>\n\n\n\n<h2 class=\"wp-block-heading\"><strong>Prices<\/strong><\/h2>\n\n\n\n<div class=\"wp-block-columns is-layout-flex wp-container-core-columns-is-layout-9d6595d7 wp-block-columns-is-layout-flex\">\n<div class=\"wp-block-column is-layout-flow wp-block-column-is-layout-flow\">\n<p class=\"has-text-align-center\"><strong>5.000\u20ac per production environment<\/strong><\/p>\n<\/div>\n\n\n\n<div class=\"wp-block-column is-layout-flow wp-block-column-is-layout-flow\">\n<p class=\"has-text-align-center\"><strong>Annual invoicing<\/strong><\/p>\n<\/div>\n\n\n\n<div class=\"wp-block-column is-layout-flow wp-block-column-is-layout-flow\">\n<p class=\"has-text-align-center\"><strong>Max. 4 entities per environment<\/strong><\/p>\n<\/div>\n\n\n\n<div class=\"wp-block-column is-layout-flow wp-block-column-is-layout-flow\">\n<p class=\"has-text-align-center\"><strong>+200\u20ac per additional entity<\/strong><\/p>\n<\/div>\n<\/div>\n\n\n\n<p class=\"has-small-font-size\"><em>*The installation of the addons within the licensing agreement, and at no additional cost, includes the development and pre-production environments per addon.<\/em><\/p>\n","protected":false},"excerpt":{"rendered":"<p>The Service Level Agreement (SLA) add-on measures the performance, availability and support of your work teams, in order to guarantee the established response and resolution times. Take total control over your service! Main Features Real Time Measurement Monitors the actual time remaining to complete a task or service commitment.&nbsp; You&#8217;ll&#8230;<\/p>\n","protected":false},"author":1,"featured_media":14479,"parent":14999,"menu_order":0,"comment_status":"closed","ping_status":"closed","template":"page-templates\/page-tecnologias.php","meta":{"_acf_changed":false,"footnotes":""},"class_list":["post-15027","page","type-page","status-publish","has-post-thumbnail","hentry"],"acf":[],"yoast_head":"<!-- This site is optimized with the Yoast SEO plugin v27.4 - https:\/\/yoast.com\/product\/yoast-seo-wordpress\/ -->\n<title>Add-on: Service Level Agreement (SLA) CIC Consulting Inform\u00e1tico<\/title>\n<meta name=\"description\" content=\"With the Service Level Agreement (SLA) add-on, measure the performance, availability and support of your work teams.\" \/>\n<meta name=\"robots\" content=\"index, follow, max-snippet:-1, max-image-preview:large, max-video-preview:-1\" \/>\n<link rel=\"canonical\" href=\"\/en\/add-ons-for-power-apps\/add-on-service-level-agreement-sla\/\" \/>\n<meta property=\"og:locale\" content=\"en_US\" \/>\n<meta property=\"og:type\" content=\"article\" \/>\n<meta property=\"og:title\" content=\"Add-on: Service Level Agreement (SLA) CIC Consulting Inform\u00e1tico\" \/>\n<meta property=\"og:description\" content=\"With the Service Level Agreement (SLA) add-on, measure the performance, availability and support of your work teams.\" \/>\n<meta property=\"og:url\" content=\"\/en\/add-ons-for-power-apps\/add-on-service-level-agreement-sla\/\" \/>\n<meta property=\"og:site_name\" content=\"CIC Consulting Inform\u00e1tico\" \/>\n<meta property=\"article:publisher\" content=\"https:\/\/www.facebook.com\/CIC.Consulting\/\" \/>\n<meta property=\"article:modified_time\" content=\"2025-07-21T09:12:57+00:00\" \/>\n<meta property=\"og:image\" content=\"https:\/\/www.cic.es\/wp-content\/uploads\/2023\/09\/Add-on_SLA.png\" \/>\n\t<meta property=\"og:image:width\" content=\"1400\" \/>\n\t<meta property=\"og:image:height\" content=\"900\" \/>\n\t<meta property=\"og:image:type\" content=\"image\/png\" \/>\n<meta name=\"twitter:card\" content=\"summary_large_image\" \/>\n<meta name=\"twitter:site\" content=\"@CICactualidad\" \/>\n<meta name=\"twitter:label1\" content=\"Est. reading time\" \/>\n\t<meta name=\"twitter:data1\" content=\"2 minutes\" \/>\n<script type=\"application\/ld+json\" class=\"yoast-schema-graph\">{\"@context\":\"https:\\\/\\\/schema.org\",\"@graph\":[{\"@type\":\"WebPage\",\"@id\":\"https:\\\/\\\/www.cic.es\\\/en\\\/add-ons-for-power-apps\\\/add-on-service-level-agreement-sla\\\/\",\"url\":\"\\\/en\\\/add-ons-for-power-apps\\\/add-on-service-level-agreement-sla\\\/\",\"name\":\"Add-on: Service Level Agreement (SLA) CIC Consulting Inform\u00e1tico\",\"isPartOf\":{\"@id\":\"https:\\\/\\\/www.cic.es\\\/#website\"},\"primaryImageOfPage\":{\"@id\":\"\\\/en\\\/add-ons-for-power-apps\\\/add-on-service-level-agreement-sla\\\/#primaryimage\"},\"image\":{\"@id\":\"\\\/en\\\/add-ons-for-power-apps\\\/add-on-service-level-agreement-sla\\\/#primaryimage\"},\"thumbnailUrl\":\"https:\\\/\\\/www.cic.es\\\/wp-content\\\/uploads\\\/2023\\\/09\\\/Add-on_SLA.png\",\"datePublished\":\"2023-09-20T10:55:54+00:00\",\"dateModified\":\"2025-07-21T09:12:57+00:00\",\"description\":\"With the Service Level Agreement (SLA) add-on, measure the performance, availability and support of your work teams.\",\"breadcrumb\":{\"@id\":\"\\\/en\\\/add-ons-for-power-apps\\\/add-on-service-level-agreement-sla\\\/#breadcrumb\"},\"inLanguage\":\"en-US\",\"potentialAction\":[{\"@type\":\"ReadAction\",\"target\":[\"\\\/en\\\/add-ons-for-power-apps\\\/add-on-service-level-agreement-sla\\\/\"]}]},{\"@type\":\"ImageObject\",\"inLanguage\":\"en-US\",\"@id\":\"\\\/en\\\/add-ons-for-power-apps\\\/add-on-service-level-agreement-sla\\\/#primaryimage\",\"url\":\"https:\\\/\\\/www.cic.es\\\/wp-content\\\/uploads\\\/2023\\\/09\\\/Add-on_SLA.png\",\"contentUrl\":\"https:\\\/\\\/www.cic.es\\\/wp-content\\\/uploads\\\/2023\\\/09\\\/Add-on_SLA.png\",\"width\":1400,\"height\":900,\"caption\":\"Add-on: Service Level Agreement (SLA)\"},{\"@type\":\"BreadcrumbList\",\"@id\":\"\\\/en\\\/add-ons-for-power-apps\\\/add-on-service-level-agreement-sla\\\/#breadcrumb\",\"itemListElement\":[{\"@type\":\"ListItem\",\"position\":1,\"name\":\"CIC\",\"item\":\"https:\\\/\\\/www.cic.es\\\/\"},{\"@type\":\"ListItem\",\"position\":2,\"name\":\"Add-ons for Power Apps\",\"item\":\"https:\\\/\\\/www.cic.es\\\/en\\\/add-ons-for-power-apps\\\/\"},{\"@type\":\"ListItem\",\"position\":3,\"name\":\"Add-on: Service Level Agreement (SLA)\"}]},{\"@type\":\"WebSite\",\"@id\":\"https:\\\/\\\/www.cic.es\\\/#website\",\"url\":\"https:\\\/\\\/www.cic.es\\\/\",\"name\":\"CIC Consulting Inform\u00e1tico\",\"description\":\"Somos una consultor\u00eda de ingenier\u00eda de desarrollo y proyectos de inform\u00e1tica y comunicaciones\",\"publisher\":{\"@id\":\"https:\\\/\\\/www.cic.es\\\/#organization\"},\"alternateName\":\"CIC Consulting Inform\u00e1tico\",\"potentialAction\":[{\"@type\":\"SearchAction\",\"target\":{\"@type\":\"EntryPoint\",\"urlTemplate\":\"https:\\\/\\\/www.cic.es\\\/?s={search_term_string}\"},\"query-input\":{\"@type\":\"PropertyValueSpecification\",\"valueRequired\":true,\"valueName\":\"search_term_string\"}}],\"inLanguage\":\"en-US\"},{\"@type\":\"Organization\",\"@id\":\"https:\\\/\\\/www.cic.es\\\/#organization\",\"name\":\"CIC Consulting Inform\u00e1tico\",\"alternateName\":\"CIC Consulting Inform\u00e1tico\",\"url\":\"https:\\\/\\\/www.cic.es\\\/\",\"logo\":{\"@type\":\"ImageObject\",\"inLanguage\":\"en-US\",\"@id\":\"https:\\\/\\\/www.cic.es\\\/#\\\/schema\\\/logo\\\/image\\\/\",\"url\":\"https:\\\/\\\/www.cic.es\\\/wp-content\\\/uploads\\\/2018\\\/04\\\/cic_color.png\",\"contentUrl\":\"https:\\\/\\\/www.cic.es\\\/wp-content\\\/uploads\\\/2018\\\/04\\\/cic_color.png\",\"width\":300,\"height\":200,\"caption\":\"CIC Consulting Inform\u00e1tico\"},\"image\":{\"@id\":\"https:\\\/\\\/www.cic.es\\\/#\\\/schema\\\/logo\\\/image\\\/\"},\"sameAs\":[\"https:\\\/\\\/www.facebook.com\\\/CIC.Consulting\\\/\",\"https:\\\/\\\/x.com\\\/CICactualidad\",\"https:\\\/\\\/www.linkedin.com\\\/company\\\/2157627\\\/\",\"https:\\\/\\\/www.pinterest.es\\\/cicconsultinginformatico\\\/\",\"https:\\\/\\\/www.youtube.com\\\/user\\\/webmastercic\"]}]}<\/script>\n<!-- \/ Yoast SEO plugin. -->","yoast_head_json":{"title":"Add-on: Service Level Agreement (SLA) CIC Consulting Inform\u00e1tico","description":"With the Service Level Agreement (SLA) add-on, measure the performance, availability and support of your work teams.","robots":{"index":"index","follow":"follow","max-snippet":"max-snippet:-1","max-image-preview":"max-image-preview:large","max-video-preview":"max-video-preview:-1"},"canonical":"\/en\/add-ons-for-power-apps\/add-on-service-level-agreement-sla\/","og_locale":"en_US","og_type":"article","og_title":"Add-on: Service Level Agreement (SLA) CIC Consulting Inform\u00e1tico","og_description":"With the Service Level Agreement (SLA) add-on, measure the performance, availability and support of your work teams.","og_url":"\/en\/add-ons-for-power-apps\/add-on-service-level-agreement-sla\/","og_site_name":"CIC Consulting Inform\u00e1tico","article_publisher":"https:\/\/www.facebook.com\/CIC.Consulting\/","article_modified_time":"2025-07-21T09:12:57+00:00","og_image":[{"width":1400,"height":900,"url":"https:\/\/www.cic.es\/wp-content\/uploads\/2023\/09\/Add-on_SLA.png","type":"image\/png"}],"twitter_card":"summary_large_image","twitter_site":"@CICactualidad","twitter_misc":{"Est. reading time":"2 minutes"},"schema":{"@context":"https:\/\/schema.org","@graph":[{"@type":"WebPage","@id":"https:\/\/www.cic.es\/en\/add-ons-for-power-apps\/add-on-service-level-agreement-sla\/","url":"\/en\/add-ons-for-power-apps\/add-on-service-level-agreement-sla\/","name":"Add-on: Service Level Agreement (SLA) CIC Consulting Inform\u00e1tico","isPartOf":{"@id":"https:\/\/www.cic.es\/#website"},"primaryImageOfPage":{"@id":"\/en\/add-ons-for-power-apps\/add-on-service-level-agreement-sla\/#primaryimage"},"image":{"@id":"\/en\/add-ons-for-power-apps\/add-on-service-level-agreement-sla\/#primaryimage"},"thumbnailUrl":"https:\/\/www.cic.es\/wp-content\/uploads\/2023\/09\/Add-on_SLA.png","datePublished":"2023-09-20T10:55:54+00:00","dateModified":"2025-07-21T09:12:57+00:00","description":"With the Service Level Agreement (SLA) add-on, measure the performance, availability and support of your work teams.","breadcrumb":{"@id":"\/en\/add-ons-for-power-apps\/add-on-service-level-agreement-sla\/#breadcrumb"},"inLanguage":"en-US","potentialAction":[{"@type":"ReadAction","target":["\/en\/add-ons-for-power-apps\/add-on-service-level-agreement-sla\/"]}]},{"@type":"ImageObject","inLanguage":"en-US","@id":"\/en\/add-ons-for-power-apps\/add-on-service-level-agreement-sla\/#primaryimage","url":"https:\/\/www.cic.es\/wp-content\/uploads\/2023\/09\/Add-on_SLA.png","contentUrl":"https:\/\/www.cic.es\/wp-content\/uploads\/2023\/09\/Add-on_SLA.png","width":1400,"height":900,"caption":"Add-on: Service Level Agreement (SLA)"},{"@type":"BreadcrumbList","@id":"\/en\/add-ons-for-power-apps\/add-on-service-level-agreement-sla\/#breadcrumb","itemListElement":[{"@type":"ListItem","position":1,"name":"CIC","item":"https:\/\/www.cic.es\/"},{"@type":"ListItem","position":2,"name":"Add-ons for Power Apps","item":"https:\/\/www.cic.es\/en\/add-ons-for-power-apps\/"},{"@type":"ListItem","position":3,"name":"Add-on: Service Level Agreement (SLA)"}]},{"@type":"WebSite","@id":"https:\/\/www.cic.es\/#website","url":"https:\/\/www.cic.es\/","name":"CIC Consulting Inform\u00e1tico","description":"Somos una consultor\u00eda de ingenier\u00eda de desarrollo y proyectos de inform\u00e1tica y comunicaciones","publisher":{"@id":"https:\/\/www.cic.es\/#organization"},"alternateName":"CIC Consulting Inform\u00e1tico","potentialAction":[{"@type":"SearchAction","target":{"@type":"EntryPoint","urlTemplate":"https:\/\/www.cic.es\/?s={search_term_string}"},"query-input":{"@type":"PropertyValueSpecification","valueRequired":true,"valueName":"search_term_string"}}],"inLanguage":"en-US"},{"@type":"Organization","@id":"https:\/\/www.cic.es\/#organization","name":"CIC Consulting Inform\u00e1tico","alternateName":"CIC Consulting Inform\u00e1tico","url":"https:\/\/www.cic.es\/","logo":{"@type":"ImageObject","inLanguage":"en-US","@id":"https:\/\/www.cic.es\/#\/schema\/logo\/image\/","url":"https:\/\/www.cic.es\/wp-content\/uploads\/2018\/04\/cic_color.png","contentUrl":"https:\/\/www.cic.es\/wp-content\/uploads\/2018\/04\/cic_color.png","width":300,"height":200,"caption":"CIC Consulting Inform\u00e1tico"},"image":{"@id":"https:\/\/www.cic.es\/#\/schema\/logo\/image\/"},"sameAs":["https:\/\/www.facebook.com\/CIC.Consulting\/","https:\/\/x.com\/CICactualidad","https:\/\/www.linkedin.com\/company\/2157627\/","https:\/\/www.pinterest.es\/cicconsultinginformatico\/","https:\/\/www.youtube.com\/user\/webmastercic"]}]}},"_links":{"self":[{"href":"https:\/\/www.cic.es\/en\/wp-json\/wp\/v2\/pages\/15027","targetHints":{"allow":["GET"]}}],"collection":[{"href":"https:\/\/www.cic.es\/en\/wp-json\/wp\/v2\/pages"}],"about":[{"href":"https:\/\/www.cic.es\/en\/wp-json\/wp\/v2\/types\/page"}],"author":[{"embeddable":true,"href":"https:\/\/www.cic.es\/en\/wp-json\/wp\/v2\/users\/1"}],"replies":[{"embeddable":true,"href":"https:\/\/www.cic.es\/en\/wp-json\/wp\/v2\/comments?post=15027"}],"version-history":[{"count":6,"href":"https:\/\/www.cic.es\/en\/wp-json\/wp\/v2\/pages\/15027\/revisions"}],"predecessor-version":[{"id":25274,"href":"https:\/\/www.cic.es\/en\/wp-json\/wp\/v2\/pages\/15027\/revisions\/25274"}],"up":[{"embeddable":true,"href":"https:\/\/www.cic.es\/en\/wp-json\/wp\/v2\/pages\/14999"}],"wp:featuredmedia":[{"embeddable":true,"href":"https:\/\/www.cic.es\/en\/wp-json\/wp\/v2\/media\/14479"}],"wp:attachment":[{"href":"https:\/\/www.cic.es\/en\/wp-json\/wp\/v2\/media?parent=15027"}],"curies":[{"name":"wp","href":"https:\/\/api.w.org\/{rel}","templated":true}]}}