{"id":14999,"date":"2023-09-20T11:46:03","date_gmt":"2023-09-20T10:46:03","guid":{"rendered":"https:\/\/www.cic.es\/power-apps-con-add-ons\/"},"modified":"2025-07-21T10:10:10","modified_gmt":"2025-07-21T09:10:10","slug":"add-ons-for-power-apps","status":"publish","type":"page","link":"https:\/\/www.cic.es\/en\/add-ons-for-power-apps\/","title":{"rendered":"Add-ons for Power Apps"},"content":{"rendered":"\n<h2 class=\"wp-block-heading\"><strong>Supercharge your Power Apps with Add-ons<\/strong><\/h2>\n\n\n\n<p>Boost your Power Apps projects and take your applications to the next level with our exclusive Add-ons for Power Apps. These powerful features are designed to solve common challenges in process and task management, making your applications even better.<\/p>\n\n\n\n<h3 class=\"wp-block-heading\"><strong>Development Accelerators<\/strong><\/h3>\n\n\n\n<p>Allows you to create custom applications quickly and efficiently. Add advanced features to your Power Apps without having to start from scratch, saving you time and resources.<\/p>\n\n\n\n<h3 class=\"wp-block-heading\"><strong>Improved Efficiency and Productivity<\/strong><\/h3>\n\n\n\n<p>Increase efficiency and productivity in your organization&#8217;s processes. Simplify routine tasks and streamline complex workflows so you can focus on strategic, high-value business activities.<\/p>\n\n\n\n<h3 class=\"wp-block-heading\"><strong>Key Metrics and Indicators<\/strong><\/h3>\n\n\n\n<p>Get valuable information on your application\u00b4s performance. Enable key metrics and powerful indicators to measure how well your processes are working.&nbsp; Make decisions based on this information and which enables you to get a competitive advantage.<\/p>\n\n\n\n<h3 class=\"wp-block-heading\"><strong>Easy Organization and Access<\/strong><\/h3>\n\n\n\n<p>Get personalized document classification, providing easy organization and quick access to relevant information. Keep your files organized and get the information you need in seconds, streamlining your operations and improving your user experience.<\/p>\n\n\n\n<h3 class=\"wp-block-heading\"><strong>Continuously Updated and Improved Solutions<\/strong><\/h3>\n\n\n\n<p>We are committed to offering you solutions that are always up to date and constantly updated. Our development teams are always searching for new features and improving our add-ons, ensuring that your applications allow you to always be one step ahead of the competition.<\/p>\n\n\n\n<h2 class=\"wp-block-heading\">Add-ons<\/h2>\n\n\n\n<div class=\"wp-block-columns is-layout-flex wp-container-core-columns-is-layout-9d6595d7 wp-block-columns-is-layout-flex\">\n<div class=\"wp-block-column is-vertically-aligned-center box-wp is-layout-flow wp-block-column-is-layout-flow\"><div class=\"wp-block-image\">\n<figure class=\"aligncenter size-full\"><img decoding=\"async\" src=\"\/wp-content\/uploads\/2023\/09\/clasificacion_docs.png\" alt=\"Clasificaci\u00f3n de Documentos\" title=\"Clasificaci\u00f3n de Documentos\"\/><\/figure>\n<\/div>\n\n\n<h4 class=\"wp-block-heading has-text-align-center\"><a href=\"https:\/\/www.cic.es\/en\/add-ons-for-power-apps\/\"><a href=\"https:\/\/www.cic.es\/en\/add-ons-for-power-apps\/add-on-clasificacion-de-documentos\/\" target=\"_blank\" rel=\"noreferrer noopener\">Document Classification<\/a><\/a><\/h4>\n<\/div>\n\n\n\n<div class=\"wp-block-column is-vertically-aligned-center box-wp is-layout-flow wp-block-column-is-layout-flow\"><div class=\"wp-block-image\">\n<figure class=\"aligncenter size-full\"><img decoding=\"async\" src=\"\/wp-content\/uploads\/2023\/09\/envio_correos.png\" alt=\"Env\u00edo de Correo Electr\u00f3nico con power apps\" title=\"Env\u00edo de Correo Electr\u00f3nico con power apps\"\/><\/figure>\n<\/div>\n\n\n<h4 class=\"wp-block-heading has-text-align-center\"><a href=\"https:\/\/www.cic.es\/en\/add-ons-for-power-apps\/\"><a href=\"\/en\/power-apps-con-add-ons\/add-on-envio-de-correo-electronico\/\" target=\"_blank\" rel=\"noreferrer noopener\">Sending emails<\/a><\/a><\/h4>\n<\/div>\n\n\n\n<div class=\"wp-block-column is-vertically-aligned-center box-wp is-layout-flow wp-block-column-is-layout-flow\"><div class=\"wp-block-image\">\n<figure class=\"aligncenter size-full\"><img decoding=\"async\" src=\"\/wp-content\/uploads\/2023\/09\/sla.png\" alt=\"Service Level Agreement (SLA)\" class=\"wp-image-13389\" title=\"Service Level Agreement (SLA) con power apps\"\/><\/figure>\n<\/div>\n\n\n<h4 class=\"wp-block-heading has-text-align-center\"><a href=\"https:\/\/www.cic.es\/en\/add-ons-for-power-apps\/\"><a href=\"https:\/\/www.cic.es\/en\/add-ons-for-power-apps\/add-on-service-level-agreement-sla\/\" target=\"_blank\" rel=\"noreferrer noopener\">Service Level Agreement (SLA)<\/a><\/a><\/h4>\n<\/div>\n<\/div>\n\n\n\n<div class=\"wp-block-columns is-layout-flex wp-container-core-columns-is-layout-9d6595d7 wp-block-columns-is-layout-flex\">\n<div class=\"wp-block-column is-vertically-aligned-center box-wp is-layout-flow wp-block-column-is-layout-flow\"><div class=\"wp-block-image\">\n<figure class=\"aligncenter size-full\"><img decoding=\"async\" src=\"\/wp-content\/uploads\/2023\/09\/securizacion.png\" alt=\"Securizaci\u00f3n Autom\u00e1tica de Permisos\" class=\"wp-image-13391\" title=\"Securizaci\u00f3n Autom\u00e1tica de Permisos\"\/><\/figure>\n<\/div>\n\n\n<h4 class=\"wp-block-heading has-text-align-center\"><a href=\"https:\/\/www.cic.es\/en\/add-ons-for-power-apps\/\"><a href=\"https:\/\/www.cic.es\/en\/add-ons-for-power-apps\/add-on-securizacion-automatica-de-permisos\/\" target=\"_blank\" rel=\"noreferrer noopener\">Automatic Permission Securitization<\/a><\/a><\/h4>\n<\/div>\n\n\n\n<div class=\"wp-block-column is-vertically-aligned-center box-wp is-layout-flow wp-block-column-is-layout-flow\"><div class=\"wp-block-image\">\n<figure class=\"aligncenter size-full\"><img loading=\"lazy\" decoding=\"async\" width=\"1045\" height=\"717\" src=\"\/wp-content\/uploads\/2024\/02\/add-on-borrado-1.png\" alt=\"\" class=\"wp-image-21084\" title=\"Env\u00edo de Correo Electr\u00f3nico\" srcset=\"https:\/\/www.cic.es\/wp-content\/uploads\/2024\/02\/add-on-borrado-1.png 1045w, https:\/\/www.cic.es\/wp-content\/uploads\/2024\/02\/add-on-borrado-1-600x412.png 600w, https:\/\/www.cic.es\/wp-content\/uploads\/2024\/02\/add-on-borrado-1-768x527.png 768w\" sizes=\"auto, (max-width: 1045px) 100vw, 1045px\" \/><\/figure>\n<\/div>\n\n\n<h4 class=\"wp-block-heading has-text-align-center\"><a href=\"https:\/\/www.cic.es\/en\/add-on-de-prevencion-de-borrado\/\">Deletion pre<\/a><a href=\"https:\/\/www.cic.es\/en\/add-on-de-prevencion-de-borrado\/\">vention<\/a><\/h4>\n<\/div>\n\n\n\n<div class=\"wp-block-column is-vertically-aligned-center box-wp is-layout-flow wp-block-column-is-layout-flow\">\n<h4 class=\"wp-block-heading has-text-align-center\"><\/h4>\n<\/div>\n<\/div>\n\n\n\n<div style=\"height:25px\" aria-hidden=\"true\" class=\"wp-block-spacer\"><\/div>\n\n\n\n<p class=\"has-text-color has-background has-medium-font-size\" style=\"color:#44546a;background-color:#f4f4f4\"><strong>Discover the full potential of Power Apps and take your projects to the highest level possiblel with our add-ons. <a href=\"https:\/\/www.cic.es\/en\/contact\/\" target=\"_blank\" rel=\"noreferrer noopener\">Contact us<\/a> today and start making the most of your business applications!<\/strong><\/p>\n\n\n\n<div style=\"height:25px\" aria-hidden=\"true\" class=\"wp-block-spacer\"><\/div>\n","protected":false},"excerpt":{"rendered":"<p>Supercharge your Power Apps with Add-ons Boost your Power Apps projects and take your applications to the next level with our exclusive Add-ons for Power Apps. These powerful features are designed to solve common challenges in process and task management, making your applications even better. Development Accelerators Allows you to&#8230;<\/p>\n","protected":false},"author":1,"featured_media":14485,"parent":0,"menu_order":0,"comment_status":"closed","ping_status":"closed","template":"page-templates\/page-tecnologias.php","meta":{"_acf_changed":false,"footnotes":""},"class_list":["post-14999","page","type-page","status-publish","has-post-thumbnail","hentry"],"acf":[],"yoast_head":"<!-- This site is optimized with the Yoast SEO plugin v27.4 - https:\/\/yoast.com\/product\/yoast-seo-wordpress\/ -->\n<title>Add-ons for Power Apps CIC Consulting Inform\u00e1tico<\/title>\n<meta name=\"description\" content=\"Boost your Power Apps projects and take your applications to the next level with our add-ons designed to make your applications even better.\" \/>\n<meta name=\"robots\" content=\"index, follow, max-snippet:-1, max-image-preview:large, max-video-preview:-1\" \/>\n<link rel=\"canonical\" href=\"https:\/\/www.cic.es\/en\/add-ons-for-power-apps\/\" \/>\n<meta property=\"og:locale\" content=\"en_US\" \/>\n<meta property=\"og:type\" content=\"article\" \/>\n<meta property=\"og:title\" content=\"Add-ons for Power Apps CIC Consulting Inform\u00e1tico\" \/>\n<meta property=\"og:description\" content=\"Boost your Power Apps projects and take your applications to the next level with our add-ons designed to make your applications even better.\" \/>\n<meta property=\"og:url\" content=\"https:\/\/www.cic.es\/en\/add-ons-for-power-apps\/\" \/>\n<meta property=\"og:site_name\" content=\"CIC Consulting Inform\u00e1tico\" \/>\n<meta property=\"article:publisher\" content=\"https:\/\/www.facebook.com\/CIC.Consulting\/\" \/>\n<meta property=\"article:modified_time\" content=\"2025-07-21T09:10:10+00:00\" \/>\n<meta property=\"og:image\" content=\"https:\/\/www.cic.es\/wp-content\/uploads\/2023\/09\/Power_Apps_con_Add-ons.png\" \/>\n\t<meta property=\"og:image:width\" content=\"1400\" \/>\n\t<meta property=\"og:image:height\" content=\"900\" \/>\n\t<meta property=\"og:image:type\" content=\"image\/png\" \/>\n<meta name=\"twitter:card\" content=\"summary_large_image\" \/>\n<meta name=\"twitter:site\" content=\"@CICactualidad\" \/>\n<meta name=\"twitter:label1\" content=\"Est. reading time\" \/>\n\t<meta name=\"twitter:data1\" content=\"1 minute\" \/>\n<script type=\"application\/ld+json\" class=\"yoast-schema-graph\">{\"@context\":\"https:\\\/\\\/schema.org\",\"@graph\":[{\"@type\":\"WebPage\",\"@id\":\"https:\\\/\\\/www.cic.es\\\/en\\\/add-ons-for-power-apps\\\/\",\"url\":\"https:\\\/\\\/www.cic.es\\\/en\\\/add-ons-for-power-apps\\\/\",\"name\":\"Add-ons for Power Apps CIC Consulting Inform\u00e1tico\",\"isPartOf\":{\"@id\":\"https:\\\/\\\/www.cic.es\\\/#website\"},\"primaryImageOfPage\":{\"@id\":\"https:\\\/\\\/www.cic.es\\\/en\\\/add-ons-for-power-apps\\\/#primaryimage\"},\"image\":{\"@id\":\"https:\\\/\\\/www.cic.es\\\/en\\\/add-ons-for-power-apps\\\/#primaryimage\"},\"thumbnailUrl\":\"https:\\\/\\\/www.cic.es\\\/wp-content\\\/uploads\\\/2023\\\/09\\\/Power_Apps_con_Add-ons.png\",\"datePublished\":\"2023-09-20T10:46:03+00:00\",\"dateModified\":\"2025-07-21T09:10:10+00:00\",\"description\":\"Boost your Power Apps projects and take your applications to the next level with our add-ons designed to make your applications even better.\",\"breadcrumb\":{\"@id\":\"https:\\\/\\\/www.cic.es\\\/en\\\/add-ons-for-power-apps\\\/#breadcrumb\"},\"inLanguage\":\"en-US\",\"potentialAction\":[{\"@type\":\"ReadAction\",\"target\":[\"https:\\\/\\\/www.cic.es\\\/en\\\/add-ons-for-power-apps\\\/\"]}]},{\"@type\":\"ImageObject\",\"inLanguage\":\"en-US\",\"@id\":\"https:\\\/\\\/www.cic.es\\\/en\\\/add-ons-for-power-apps\\\/#primaryimage\",\"url\":\"https:\\\/\\\/www.cic.es\\\/wp-content\\\/uploads\\\/2023\\\/09\\\/Power_Apps_con_Add-ons.png\",\"contentUrl\":\"https:\\\/\\\/www.cic.es\\\/wp-content\\\/uploads\\\/2023\\\/09\\\/Power_Apps_con_Add-ons.png\",\"width\":1400,\"height\":900,\"caption\":\"Power Apps con Add-ons\"},{\"@type\":\"BreadcrumbList\",\"@id\":\"https:\\\/\\\/www.cic.es\\\/en\\\/add-ons-for-power-apps\\\/#breadcrumb\",\"itemListElement\":[{\"@type\":\"ListItem\",\"position\":1,\"name\":\"CIC\",\"item\":\"https:\\\/\\\/www.cic.es\\\/\"},{\"@type\":\"ListItem\",\"position\":2,\"name\":\"Add-ons for Power Apps\"}]},{\"@type\":\"WebSite\",\"@id\":\"https:\\\/\\\/www.cic.es\\\/#website\",\"url\":\"https:\\\/\\\/www.cic.es\\\/\",\"name\":\"CIC Consulting Inform\u00e1tico\",\"description\":\"Somos una consultor\u00eda de ingenier\u00eda de desarrollo y proyectos de inform\u00e1tica y comunicaciones\",\"publisher\":{\"@id\":\"https:\\\/\\\/www.cic.es\\\/#organization\"},\"alternateName\":\"CIC Consulting Inform\u00e1tico\",\"potentialAction\":[{\"@type\":\"SearchAction\",\"target\":{\"@type\":\"EntryPoint\",\"urlTemplate\":\"https:\\\/\\\/www.cic.es\\\/?s={search_term_string}\"},\"query-input\":{\"@type\":\"PropertyValueSpecification\",\"valueRequired\":true,\"valueName\":\"search_term_string\"}}],\"inLanguage\":\"en-US\"},{\"@type\":\"Organization\",\"@id\":\"https:\\\/\\\/www.cic.es\\\/#organization\",\"name\":\"CIC Consulting Inform\u00e1tico\",\"alternateName\":\"CIC Consulting Inform\u00e1tico\",\"url\":\"https:\\\/\\\/www.cic.es\\\/\",\"logo\":{\"@type\":\"ImageObject\",\"inLanguage\":\"en-US\",\"@id\":\"https:\\\/\\\/www.cic.es\\\/#\\\/schema\\\/logo\\\/image\\\/\",\"url\":\"https:\\\/\\\/www.cic.es\\\/wp-content\\\/uploads\\\/2018\\\/04\\\/cic_color.png\",\"contentUrl\":\"https:\\\/\\\/www.cic.es\\\/wp-content\\\/uploads\\\/2018\\\/04\\\/cic_color.png\",\"width\":300,\"height\":200,\"caption\":\"CIC Consulting Inform\u00e1tico\"},\"image\":{\"@id\":\"https:\\\/\\\/www.cic.es\\\/#\\\/schema\\\/logo\\\/image\\\/\"},\"sameAs\":[\"https:\\\/\\\/www.facebook.com\\\/CIC.Consulting\\\/\",\"https:\\\/\\\/x.com\\\/CICactualidad\",\"https:\\\/\\\/www.linkedin.com\\\/company\\\/2157627\\\/\",\"https:\\\/\\\/www.pinterest.es\\\/cicconsultinginformatico\\\/\",\"https:\\\/\\\/www.youtube.com\\\/user\\\/webmastercic\"]}]}<\/script>\n<!-- \/ Yoast SEO plugin. -->","yoast_head_json":{"title":"Add-ons for Power Apps CIC Consulting Inform\u00e1tico","description":"Boost your Power Apps projects and take your applications to the next level with our add-ons designed to make your applications even better.","robots":{"index":"index","follow":"follow","max-snippet":"max-snippet:-1","max-image-preview":"max-image-preview:large","max-video-preview":"max-video-preview:-1"},"canonical":"https:\/\/www.cic.es\/en\/add-ons-for-power-apps\/","og_locale":"en_US","og_type":"article","og_title":"Add-ons for Power Apps CIC Consulting Inform\u00e1tico","og_description":"Boost your Power Apps projects and take your applications to the next level with our add-ons designed to make your applications even better.","og_url":"https:\/\/www.cic.es\/en\/add-ons-for-power-apps\/","og_site_name":"CIC Consulting Inform\u00e1tico","article_publisher":"https:\/\/www.facebook.com\/CIC.Consulting\/","article_modified_time":"2025-07-21T09:10:10+00:00","og_image":[{"width":1400,"height":900,"url":"https:\/\/www.cic.es\/wp-content\/uploads\/2023\/09\/Power_Apps_con_Add-ons.png","type":"image\/png"}],"twitter_card":"summary_large_image","twitter_site":"@CICactualidad","twitter_misc":{"Est. reading time":"1 minute"},"schema":{"@context":"https:\/\/schema.org","@graph":[{"@type":"WebPage","@id":"https:\/\/www.cic.es\/en\/add-ons-for-power-apps\/","url":"https:\/\/www.cic.es\/en\/add-ons-for-power-apps\/","name":"Add-ons for Power Apps CIC Consulting Inform\u00e1tico","isPartOf":{"@id":"https:\/\/www.cic.es\/#website"},"primaryImageOfPage":{"@id":"https:\/\/www.cic.es\/en\/add-ons-for-power-apps\/#primaryimage"},"image":{"@id":"https:\/\/www.cic.es\/en\/add-ons-for-power-apps\/#primaryimage"},"thumbnailUrl":"https:\/\/www.cic.es\/wp-content\/uploads\/2023\/09\/Power_Apps_con_Add-ons.png","datePublished":"2023-09-20T10:46:03+00:00","dateModified":"2025-07-21T09:10:10+00:00","description":"Boost your Power Apps projects and take your applications to the next level with our add-ons designed to make your applications even better.","breadcrumb":{"@id":"https:\/\/www.cic.es\/en\/add-ons-for-power-apps\/#breadcrumb"},"inLanguage":"en-US","potentialAction":[{"@type":"ReadAction","target":["https:\/\/www.cic.es\/en\/add-ons-for-power-apps\/"]}]},{"@type":"ImageObject","inLanguage":"en-US","@id":"https:\/\/www.cic.es\/en\/add-ons-for-power-apps\/#primaryimage","url":"https:\/\/www.cic.es\/wp-content\/uploads\/2023\/09\/Power_Apps_con_Add-ons.png","contentUrl":"https:\/\/www.cic.es\/wp-content\/uploads\/2023\/09\/Power_Apps_con_Add-ons.png","width":1400,"height":900,"caption":"Power Apps con Add-ons"},{"@type":"BreadcrumbList","@id":"https:\/\/www.cic.es\/en\/add-ons-for-power-apps\/#breadcrumb","itemListElement":[{"@type":"ListItem","position":1,"name":"CIC","item":"https:\/\/www.cic.es\/"},{"@type":"ListItem","position":2,"name":"Add-ons for Power Apps"}]},{"@type":"WebSite","@id":"https:\/\/www.cic.es\/#website","url":"https:\/\/www.cic.es\/","name":"CIC Consulting Inform\u00e1tico","description":"Somos una consultor\u00eda de ingenier\u00eda de desarrollo y proyectos de inform\u00e1tica y comunicaciones","publisher":{"@id":"https:\/\/www.cic.es\/#organization"},"alternateName":"CIC Consulting Inform\u00e1tico","potentialAction":[{"@type":"SearchAction","target":{"@type":"EntryPoint","urlTemplate":"https:\/\/www.cic.es\/?s={search_term_string}"},"query-input":{"@type":"PropertyValueSpecification","valueRequired":true,"valueName":"search_term_string"}}],"inLanguage":"en-US"},{"@type":"Organization","@id":"https:\/\/www.cic.es\/#organization","name":"CIC Consulting Inform\u00e1tico","alternateName":"CIC Consulting Inform\u00e1tico","url":"https:\/\/www.cic.es\/","logo":{"@type":"ImageObject","inLanguage":"en-US","@id":"https:\/\/www.cic.es\/#\/schema\/logo\/image\/","url":"https:\/\/www.cic.es\/wp-content\/uploads\/2018\/04\/cic_color.png","contentUrl":"https:\/\/www.cic.es\/wp-content\/uploads\/2018\/04\/cic_color.png","width":300,"height":200,"caption":"CIC Consulting Inform\u00e1tico"},"image":{"@id":"https:\/\/www.cic.es\/#\/schema\/logo\/image\/"},"sameAs":["https:\/\/www.facebook.com\/CIC.Consulting\/","https:\/\/x.com\/CICactualidad","https:\/\/www.linkedin.com\/company\/2157627\/","https:\/\/www.pinterest.es\/cicconsultinginformatico\/","https:\/\/www.youtube.com\/user\/webmastercic"]}]}},"_links":{"self":[{"href":"https:\/\/www.cic.es\/en\/wp-json\/wp\/v2\/pages\/14999","targetHints":{"allow":["GET"]}}],"collection":[{"href":"https:\/\/www.cic.es\/en\/wp-json\/wp\/v2\/pages"}],"about":[{"href":"https:\/\/www.cic.es\/en\/wp-json\/wp\/v2\/types\/page"}],"author":[{"embeddable":true,"href":"https:\/\/www.cic.es\/en\/wp-json\/wp\/v2\/users\/1"}],"replies":[{"embeddable":true,"href":"https:\/\/www.cic.es\/en\/wp-json\/wp\/v2\/comments?post=14999"}],"version-history":[{"count":10,"href":"https:\/\/www.cic.es\/en\/wp-json\/wp\/v2\/pages\/14999\/revisions"}],"predecessor-version":[{"id":25275,"href":"https:\/\/www.cic.es\/en\/wp-json\/wp\/v2\/pages\/14999\/revisions\/25275"}],"wp:featuredmedia":[{"embeddable":true,"href":"https:\/\/www.cic.es\/en\/wp-json\/wp\/v2\/media\/14485"}],"wp:attachment":[{"href":"https:\/\/www.cic.es\/en\/wp-json\/wp\/v2\/media?parent=14999"}],"curies":[{"name":"wp","href":"https:\/\/api.w.org\/{rel}","templated":true}]}}