{"id":14706,"date":"2022-03-21T17:01:26","date_gmt":"2022-03-21T16:01:26","guid":{"rendered":"https:\/\/www.cic.es\/ofertas-becas\/"},"modified":"2023-09-29T12:09:37","modified_gmt":"2023-09-29T11:09:37","slug":"ofertas-becas","status":"publish","type":"page","link":"https:\/\/www.cic.es\/en\/ofertas-becas\/","title":{"rendered":"Internship offers"},"content":{"rendered":"\n<p>The CIC Group has countless job opportunities to offer you.<\/p>\n\n\n\n<p><strong>We are Happy Trainee<\/strong><\/p>\n\n\n\n<p>This year the CIC Group has been honored with the Happy Trainee award, in recognition of the work we do at incorporating and training of interns and trainees.<\/p>\n\n\n<div class=\"wp-block-image\">\n<figure class=\"aligncenter size-medium is-resized\"><img loading=\"lazy\" decoding=\"async\" src=\"https:\/\/www.cic.es\/wp-content\/uploads\/2023\/09\/happy-trainees.ES_.2023-2024-445x600.png\" alt=\"\" class=\"wp-image-14520\" width=\"111\" height=\"150\" srcset=\"https:\/\/www.cic.es\/wp-content\/uploads\/2023\/09\/happy-trainees.ES_.2023-2024-445x600.png 445w, https:\/\/www.cic.es\/wp-content\/uploads\/2023\/09\/happy-trainees.ES_.2023-2024-816x1100.png 816w, https:\/\/www.cic.es\/wp-content\/uploads\/2023\/09\/happy-trainees.ES_.2023-2024-768x1035.png 768w, https:\/\/www.cic.es\/wp-content\/uploads\/2023\/09\/happy-trainees.ES_.2023-2024-1140x1536.png 1140w, https:\/\/www.cic.es\/wp-content\/uploads\/2023\/09\/happy-trainees.ES_.2023-2024-1520x2048.png 1520w, https:\/\/www.cic.es\/wp-content\/uploads\/2023\/09\/happy-trainees.ES_.2023-2024.png 2000w\" sizes=\"auto, (max-width: 111px) 100vw, 111px\" \/><\/figure>\n<\/div>\n\n\n<h2 class=\"wp-block-heading\" id=\"becas-de-practicas\">Internship scholarships<\/h2>\n\n\n\n<p>Our experience incorporating students from a wide variety of educational institutions will make all the difference in your internship.<\/p>\n\n\n\n<p>With years of experience in the management of training scholarships, we have optimized our methodology so that you can make the most of your training period in the company. We will help you with your curricular and extracurricular placements, as well as with a clear definition of your internship as well as with your Final Degree Project and Master&#8217;s Thesis.<\/p>\n\n\n\n<p><strong><strong>Our goal is to hire you!<\/strong><\/strong><\/p>\n","protected":false},"excerpt":{"rendered":"<p>The CIC Group has countless job opportunities to offer you. We are Happy Trainee This year the CIC Group has been honored with the Happy Trainee award, in recognition of the work we do at incorporating and training of interns and trainees. Internship scholarships Our experience incorporating students from a&#8230;<\/p>\n","protected":false},"author":1,"featured_media":14269,"parent":0,"menu_order":0,"comment_status":"closed","ping_status":"closed","template":"page-templates\/page-becas.php","meta":{"_acf_changed":false,"footnotes":""},"class_list":["post-14706","page","type-page","status-publish","has-post-thumbnail","hentry"],"acf":[],"yoast_head":"<!-- This site is optimized with the Yoast SEO plugin v27.4 - https:\/\/yoast.com\/product\/yoast-seo-wordpress\/ -->\n<title>Internship offers CIC Consulting Inform\u00e1tico<\/title>\n<meta name=\"description\" content=\"Our experience incorporating students from a wide variety of educational institutions will make all the difference in your internship.\" \/>\n<meta name=\"robots\" content=\"index, follow, max-snippet:-1, max-image-preview:large, max-video-preview:-1\" \/>\n<link rel=\"canonical\" href=\"https:\/\/www.cic.es\/en\/ofertas-becas\/\" \/>\n<meta property=\"og:locale\" content=\"en_US\" \/>\n<meta property=\"og:type\" content=\"article\" \/>\n<meta property=\"og:title\" content=\"Internship offers CIC Consulting Inform\u00e1tico\" \/>\n<meta property=\"og:description\" content=\"Our experience incorporating students from a wide variety of educational institutions will make all the difference in your internship.\" \/>\n<meta property=\"og:url\" content=\"https:\/\/www.cic.es\/en\/ofertas-becas\/\" \/>\n<meta property=\"og:site_name\" content=\"CIC Consulting Inform\u00e1tico\" \/>\n<meta property=\"article:publisher\" content=\"https:\/\/www.facebook.com\/CIC.Consulting\/\" \/>\n<meta property=\"article:modified_time\" content=\"2023-09-29T11:09:37+00:00\" \/>\n<meta property=\"og:image\" content=\"https:\/\/www.cic.es\/wp-content\/uploads\/2023\/07\/ofertas-beca.jpg\" \/>\n\t<meta property=\"og:image:width\" content=\"1600\" \/>\n\t<meta property=\"og:image:height\" content=\"825\" \/>\n\t<meta property=\"og:image:type\" content=\"image\/jpeg\" \/>\n<meta name=\"twitter:card\" content=\"summary_large_image\" \/>\n<meta name=\"twitter:site\" content=\"@CICactualidad\" \/>\n<meta name=\"twitter:label1\" content=\"Est. reading time\" \/>\n\t<meta name=\"twitter:data1\" content=\"1 minute\" \/>\n<script type=\"application\/ld+json\" class=\"yoast-schema-graph\">{\"@context\":\"https:\\\/\\\/schema.org\",\"@graph\":[{\"@type\":\"WebPage\",\"@id\":\"https:\\\/\\\/www.cic.es\\\/en\\\/ofertas-becas\\\/\",\"url\":\"https:\\\/\\\/www.cic.es\\\/en\\\/ofertas-becas\\\/\",\"name\":\"Internship offers CIC Consulting Inform\u00e1tico\",\"isPartOf\":{\"@id\":\"https:\\\/\\\/www.cic.es\\\/#website\"},\"primaryImageOfPage\":{\"@id\":\"https:\\\/\\\/www.cic.es\\\/en\\\/ofertas-becas\\\/#primaryimage\"},\"image\":{\"@id\":\"https:\\\/\\\/www.cic.es\\\/en\\\/ofertas-becas\\\/#primaryimage\"},\"thumbnailUrl\":\"https:\\\/\\\/www.cic.es\\\/wp-content\\\/uploads\\\/2023\\\/07\\\/ofertas-beca.jpg\",\"datePublished\":\"2022-03-21T16:01:26+00:00\",\"dateModified\":\"2023-09-29T11:09:37+00:00\",\"description\":\"Our experience incorporating students from a wide variety of educational institutions will make all the difference in your internship.\",\"breadcrumb\":{\"@id\":\"https:\\\/\\\/www.cic.es\\\/en\\\/ofertas-becas\\\/#breadcrumb\"},\"inLanguage\":\"en-US\",\"potentialAction\":[{\"@type\":\"ReadAction\",\"target\":[\"https:\\\/\\\/www.cic.es\\\/en\\\/ofertas-becas\\\/\"]}]},{\"@type\":\"ImageObject\",\"inLanguage\":\"en-US\",\"@id\":\"https:\\\/\\\/www.cic.es\\\/en\\\/ofertas-becas\\\/#primaryimage\",\"url\":\"https:\\\/\\\/www.cic.es\\\/wp-content\\\/uploads\\\/2023\\\/07\\\/ofertas-beca.jpg\",\"contentUrl\":\"https:\\\/\\\/www.cic.es\\\/wp-content\\\/uploads\\\/2023\\\/07\\\/ofertas-beca.jpg\",\"width\":1600,\"height\":825,\"caption\":\"Internship offers\"},{\"@type\":\"BreadcrumbList\",\"@id\":\"https:\\\/\\\/www.cic.es\\\/en\\\/ofertas-becas\\\/#breadcrumb\",\"itemListElement\":[{\"@type\":\"ListItem\",\"position\":1,\"name\":\"CIC\",\"item\":\"https:\\\/\\\/www.cic.es\\\/\"},{\"@type\":\"ListItem\",\"position\":2,\"name\":\"Internship offers\"}]},{\"@type\":\"WebSite\",\"@id\":\"https:\\\/\\\/www.cic.es\\\/#website\",\"url\":\"https:\\\/\\\/www.cic.es\\\/\",\"name\":\"CIC Consulting Inform\u00e1tico\",\"description\":\"Somos una consultor\u00eda de ingenier\u00eda de desarrollo y proyectos de inform\u00e1tica y comunicaciones\",\"publisher\":{\"@id\":\"https:\\\/\\\/www.cic.es\\\/#organization\"},\"alternateName\":\"CIC Consulting Inform\u00e1tico\",\"potentialAction\":[{\"@type\":\"SearchAction\",\"target\":{\"@type\":\"EntryPoint\",\"urlTemplate\":\"https:\\\/\\\/www.cic.es\\\/?s={search_term_string}\"},\"query-input\":{\"@type\":\"PropertyValueSpecification\",\"valueRequired\":true,\"valueName\":\"search_term_string\"}}],\"inLanguage\":\"en-US\"},{\"@type\":\"Organization\",\"@id\":\"https:\\\/\\\/www.cic.es\\\/#organization\",\"name\":\"CIC Consulting Inform\u00e1tico\",\"alternateName\":\"CIC Consulting Inform\u00e1tico\",\"url\":\"https:\\\/\\\/www.cic.es\\\/\",\"logo\":{\"@type\":\"ImageObject\",\"inLanguage\":\"en-US\",\"@id\":\"https:\\\/\\\/www.cic.es\\\/#\\\/schema\\\/logo\\\/image\\\/\",\"url\":\"https:\\\/\\\/www.cic.es\\\/wp-content\\\/uploads\\\/2018\\\/04\\\/cic_color.png\",\"contentUrl\":\"https:\\\/\\\/www.cic.es\\\/wp-content\\\/uploads\\\/2018\\\/04\\\/cic_color.png\",\"width\":300,\"height\":200,\"caption\":\"CIC Consulting Inform\u00e1tico\"},\"image\":{\"@id\":\"https:\\\/\\\/www.cic.es\\\/#\\\/schema\\\/logo\\\/image\\\/\"},\"sameAs\":[\"https:\\\/\\\/www.facebook.com\\\/CIC.Consulting\\\/\",\"https:\\\/\\\/x.com\\\/CICactualidad\",\"https:\\\/\\\/www.linkedin.com\\\/company\\\/2157627\\\/\",\"https:\\\/\\\/www.pinterest.es\\\/cicconsultinginformatico\\\/\",\"https:\\\/\\\/www.youtube.com\\\/user\\\/webmastercic\"]}]}<\/script>\n<!-- \/ Yoast SEO plugin. -->","yoast_head_json":{"title":"Internship offers CIC Consulting Inform\u00e1tico","description":"Our experience incorporating students from a wide variety of educational institutions will make all the difference in your internship.","robots":{"index":"index","follow":"follow","max-snippet":"max-snippet:-1","max-image-preview":"max-image-preview:large","max-video-preview":"max-video-preview:-1"},"canonical":"https:\/\/www.cic.es\/en\/ofertas-becas\/","og_locale":"en_US","og_type":"article","og_title":"Internship offers CIC Consulting Inform\u00e1tico","og_description":"Our experience incorporating students from a wide variety of educational institutions will make all the difference in your internship.","og_url":"https:\/\/www.cic.es\/en\/ofertas-becas\/","og_site_name":"CIC Consulting Inform\u00e1tico","article_publisher":"https:\/\/www.facebook.com\/CIC.Consulting\/","article_modified_time":"2023-09-29T11:09:37+00:00","og_image":[{"width":1600,"height":825,"url":"https:\/\/www.cic.es\/wp-content\/uploads\/2023\/07\/ofertas-beca.jpg","type":"image\/jpeg"}],"twitter_card":"summary_large_image","twitter_site":"@CICactualidad","twitter_misc":{"Est. reading time":"1 minute"},"schema":{"@context":"https:\/\/schema.org","@graph":[{"@type":"WebPage","@id":"https:\/\/www.cic.es\/en\/ofertas-becas\/","url":"https:\/\/www.cic.es\/en\/ofertas-becas\/","name":"Internship offers CIC Consulting Inform\u00e1tico","isPartOf":{"@id":"https:\/\/www.cic.es\/#website"},"primaryImageOfPage":{"@id":"https:\/\/www.cic.es\/en\/ofertas-becas\/#primaryimage"},"image":{"@id":"https:\/\/www.cic.es\/en\/ofertas-becas\/#primaryimage"},"thumbnailUrl":"https:\/\/www.cic.es\/wp-content\/uploads\/2023\/07\/ofertas-beca.jpg","datePublished":"2022-03-21T16:01:26+00:00","dateModified":"2023-09-29T11:09:37+00:00","description":"Our experience incorporating students from a wide variety of educational institutions will make all the difference in your internship.","breadcrumb":{"@id":"https:\/\/www.cic.es\/en\/ofertas-becas\/#breadcrumb"},"inLanguage":"en-US","potentialAction":[{"@type":"ReadAction","target":["https:\/\/www.cic.es\/en\/ofertas-becas\/"]}]},{"@type":"ImageObject","inLanguage":"en-US","@id":"https:\/\/www.cic.es\/en\/ofertas-becas\/#primaryimage","url":"https:\/\/www.cic.es\/wp-content\/uploads\/2023\/07\/ofertas-beca.jpg","contentUrl":"https:\/\/www.cic.es\/wp-content\/uploads\/2023\/07\/ofertas-beca.jpg","width":1600,"height":825,"caption":"Internship offers"},{"@type":"BreadcrumbList","@id":"https:\/\/www.cic.es\/en\/ofertas-becas\/#breadcrumb","itemListElement":[{"@type":"ListItem","position":1,"name":"CIC","item":"https:\/\/www.cic.es\/"},{"@type":"ListItem","position":2,"name":"Internship offers"}]},{"@type":"WebSite","@id":"https:\/\/www.cic.es\/#website","url":"https:\/\/www.cic.es\/","name":"CIC Consulting Inform\u00e1tico","description":"Somos una consultor\u00eda de ingenier\u00eda de desarrollo y proyectos de inform\u00e1tica y comunicaciones","publisher":{"@id":"https:\/\/www.cic.es\/#organization"},"alternateName":"CIC Consulting Inform\u00e1tico","potentialAction":[{"@type":"SearchAction","target":{"@type":"EntryPoint","urlTemplate":"https:\/\/www.cic.es\/?s={search_term_string}"},"query-input":{"@type":"PropertyValueSpecification","valueRequired":true,"valueName":"search_term_string"}}],"inLanguage":"en-US"},{"@type":"Organization","@id":"https:\/\/www.cic.es\/#organization","name":"CIC Consulting Inform\u00e1tico","alternateName":"CIC Consulting Inform\u00e1tico","url":"https:\/\/www.cic.es\/","logo":{"@type":"ImageObject","inLanguage":"en-US","@id":"https:\/\/www.cic.es\/#\/schema\/logo\/image\/","url":"https:\/\/www.cic.es\/wp-content\/uploads\/2018\/04\/cic_color.png","contentUrl":"https:\/\/www.cic.es\/wp-content\/uploads\/2018\/04\/cic_color.png","width":300,"height":200,"caption":"CIC Consulting Inform\u00e1tico"},"image":{"@id":"https:\/\/www.cic.es\/#\/schema\/logo\/image\/"},"sameAs":["https:\/\/www.facebook.com\/CIC.Consulting\/","https:\/\/x.com\/CICactualidad","https:\/\/www.linkedin.com\/company\/2157627\/","https:\/\/www.pinterest.es\/cicconsultinginformatico\/","https:\/\/www.youtube.com\/user\/webmastercic"]}]}},"_links":{"self":[{"href":"https:\/\/www.cic.es\/en\/wp-json\/wp\/v2\/pages\/14706","targetHints":{"allow":["GET"]}}],"collection":[{"href":"https:\/\/www.cic.es\/en\/wp-json\/wp\/v2\/pages"}],"about":[{"href":"https:\/\/www.cic.es\/en\/wp-json\/wp\/v2\/types\/page"}],"author":[{"embeddable":true,"href":"https:\/\/www.cic.es\/en\/wp-json\/wp\/v2\/users\/1"}],"replies":[{"embeddable":true,"href":"https:\/\/www.cic.es\/en\/wp-json\/wp\/v2\/comments?post=14706"}],"version-history":[{"count":1,"href":"https:\/\/www.cic.es\/en\/wp-json\/wp\/v2\/pages\/14706\/revisions"}],"predecessor-version":[{"id":14708,"href":"https:\/\/www.cic.es\/en\/wp-json\/wp\/v2\/pages\/14706\/revisions\/14708"}],"wp:featuredmedia":[{"embeddable":true,"href":"https:\/\/www.cic.es\/en\/wp-json\/wp\/v2\/media\/14269"}],"wp:attachment":[{"href":"https:\/\/www.cic.es\/en\/wp-json\/wp\/v2\/media?parent=14706"}],"curies":[{"name":"wp","href":"https:\/\/api.w.org\/{rel}","templated":true}]}}