{"id":14614,"date":"2021-05-04T10:59:00","date_gmt":"2021-05-04T09:59:00","guid":{"rendered":"https:\/\/www.cic.es\/ocre\/"},"modified":"2025-05-22T14:51:03","modified_gmt":"2025-05-22T13:51:03","slug":"ocre","status":"publish","type":"page","link":"https:\/\/www.cic.es\/en\/ocre\/","title":{"rendered":"OCRE &#8211; Digitalized and Automated Document Management"},"content":{"rendered":"\n<h2 class=\"wp-block-heading\"><strong><em>Advanced OCR document management software designed to digitize and automate your business processes.<\/em><\/strong><\/h2>\n\n\n\n<p>Transform documents, databases, delivery notes, invoices, contracts, deeds, files, medical records, plans, etc&#8230; into processed information.<\/p>\n\n\n\n<p>Much more than just converting paper documents to a digital format; we are talking about an advanced OCR software system.<\/p>\n\n\n\n<p>Performs advanced, automated document capture and data extractions designed to meet the needs of any business or organization.<\/p>\n\n\n<div class=\"wp-block-image\">\n<figure class=\"aligncenter size-full\"><img loading=\"lazy\" decoding=\"async\" width=\"500\" height=\"333\" src=\"https:\/\/www.cic.es\/wp-content\/uploads\/2023\/01\/ocre.png\" alt=\"logo ocre\" class=\"wp-image-12767\" title=\"logo ocre\"\/><\/figure>\n<\/div>\n\n\n<p><strong>Optical Character Recognition (OCR) technology <\/strong>is an efficient commercial process that saves time, costs and other resources by utilizing automated data extraction and storage capabilities.<\/p>\n\n\n\n<h2 class=\"wp-block-heading\">Document Automation<\/h2>\n\n\n\n<p><strong>Robotic Process Automation software (RPA)<\/strong> reads and processes any type of document instantly and <strong>accurately extracts text from documents<\/strong> or <strong>forms <\/strong>automatically without the need for any manual effort.<\/p>\n\n\n\n<p><strong>Automates document workflows<\/strong> allowing millions of pages of documents to be processed in hours instead of weeks.<\/p>\n\n\n\n<p>OCR enables the optimization of big data by converting paper documents and scanned images into machine-readable and searchable PDF files. Processing and retrieval of valuable information cannot be automated without first applying OCR.<\/p>\n\n\n\n<div style=\"height:20px\" aria-hidden=\"true\" class=\"wp-block-spacer\"><\/div>\n\n\n\n<figure class=\"wp-block-image size-medium\"><img loading=\"lazy\" decoding=\"async\" width=\"600\" height=\"338\" src=\"https:\/\/www.cic.es\/wp-content\/uploads\/2023\/10\/unstructured_data-600x338.png\" alt=\"Document Automation\" class=\"wp-image-14824\" title=\"Automatizaci\u00f3n de documentos\" srcset=\"https:\/\/www.cic.es\/wp-content\/uploads\/2023\/10\/unstructured_data-600x338.png 600w, https:\/\/www.cic.es\/wp-content\/uploads\/2023\/10\/unstructured_data-768x432.png 768w, https:\/\/www.cic.es\/wp-content\/uploads\/2023\/10\/unstructured_data.png 800w\" sizes=\"auto, (max-width: 600px) 100vw, 600px\" \/><\/figure>\n\n\n\n<h2 class=\"wp-block-heading\">Processing, Sorting and Extraction of Document Data<\/h2>\n\n\n\n<p><strong>Greater speed and reliability with digitized document management.<\/strong> Replace traditional paper processes in a modern, easy-to-manage, searchable and fully compatible way.<\/p>\n\n\n\n<p>With an Intelligent Document automation solution at your disposal, you will improve your document-based processes and be able to:<\/p>\n\n\n\n<div class=\"wp-block-columns iconos-ocr is-layout-flex wp-container-core-columns-is-layout-9d6595d7 wp-block-columns-is-layout-flex\">\n<div class=\"wp-block-column is-layout-flow wp-block-column-is-layout-flow\"><div class=\"wp-block-image\">\n<figure class=\"aligncenter size-large\"><img loading=\"lazy\" decoding=\"async\" width=\"101\" height=\"101\" src=\"https:\/\/www.cic.es\/wp-content\/uploads\/2021\/05\/ahorra-tiempo.png\" alt=\"Save time and money\" class=\"wp-image-9328\" srcset=\"https:\/\/www.cic.es\/wp-content\/uploads\/2021\/05\/ahorra-tiempo.png 101w, https:\/\/www.cic.es\/wp-content\/uploads\/2021\/05\/ahorra-tiempo-80x80.png 80w\" sizes=\"auto, (max-width: 101px) 100vw, 101px\" \/><\/figure>\n<\/div>\n\n\n<p class=\"has-text-align-center\"><strong>1. Save time and money<\/strong><\/p>\n<\/div>\n\n\n\n<div class=\"wp-block-column is-layout-flow wp-block-column-is-layout-flow\"><div class=\"wp-block-image\">\n<figure class=\"aligncenter size-large\"><img loading=\"lazy\" decoding=\"async\" width=\"101\" height=\"101\" src=\"https:\/\/www.cic.es\/wp-content\/uploads\/2021\/05\/evita-errores.png\" alt=\"Avoid mistakes and frauds\" class=\"wp-image-9330\" srcset=\"https:\/\/www.cic.es\/wp-content\/uploads\/2021\/05\/evita-errores.png 101w, https:\/\/www.cic.es\/wp-content\/uploads\/2021\/05\/evita-errores-80x80.png 80w\" sizes=\"auto, (max-width: 101px) 100vw, 101px\" \/><\/figure>\n<\/div>\n\n\n<p class=\"has-text-align-center\"><strong>2. Avoid mistakes and frauds<\/strong><\/p>\n<\/div>\n\n\n\n<div class=\"wp-block-column is-layout-flow wp-block-column-is-layout-flow\"><div class=\"wp-block-image\">\n<figure class=\"aligncenter size-large\"><img loading=\"lazy\" decoding=\"async\" width=\"101\" height=\"101\" src=\"https:\/\/www.cic.es\/wp-content\/uploads\/2021\/05\/aumenta-eficiencia.png\" alt=\"Increase efficiency\" class=\"wp-image-9332\" title=\"Increase efficiency\" srcset=\"https:\/\/www.cic.es\/wp-content\/uploads\/2021\/05\/aumenta-eficiencia.png 101w, https:\/\/www.cic.es\/wp-content\/uploads\/2021\/05\/aumenta-eficiencia-80x80.png 80w\" sizes=\"auto, (max-width: 101px) 100vw, 101px\" \/><\/figure>\n<\/div>\n\n\n<p class=\"has-text-align-center\"><strong>3. Increase efficiency<\/strong><\/p>\n<\/div>\n\n\n\n<div class=\"wp-block-column is-layout-flow wp-block-column-is-layout-flow\"><div class=\"wp-block-image\">\n<figure class=\"aligncenter size-large\"><img loading=\"lazy\" decoding=\"async\" width=\"101\" height=\"101\" src=\"https:\/\/www.cic.es\/wp-content\/uploads\/2021\/05\/centraliza-gestion.png\" alt=\"Centralize and secure data\" class=\"wp-image-9334\" title=\"Centralize and secure data\" srcset=\"https:\/\/www.cic.es\/wp-content\/uploads\/2021\/05\/centraliza-gestion.png 101w, https:\/\/www.cic.es\/wp-content\/uploads\/2021\/05\/centraliza-gestion-80x80.png 80w\" sizes=\"auto, (max-width: 101px) 100vw, 101px\" \/><\/figure>\n<\/div>\n\n\n<p class=\"has-text-align-center\"><strong>4. Centralize and secure data<\/strong><\/p>\n<\/div>\n\n\n\n<div class=\"wp-block-column is-layout-flow wp-block-column-is-layout-flow\"><div class=\"wp-block-image\">\n<figure class=\"aligncenter size-large\"><img loading=\"lazy\" decoding=\"async\" width=\"101\" height=\"101\" src=\"https:\/\/www.cic.es\/wp-content\/uploads\/2021\/05\/clasifica-documentos.png\" alt=\"Classify and filter documents\" class=\"wp-image-9336\" title=\"Classify and filter documents\" srcset=\"https:\/\/www.cic.es\/wp-content\/uploads\/2021\/05\/clasifica-documentos.png 101w, https:\/\/www.cic.es\/wp-content\/uploads\/2021\/05\/clasifica-documentos-80x80.png 80w\" sizes=\"auto, (max-width: 101px) 100vw, 101px\" \/><\/figure>\n<\/div>\n\n\n<p class=\"has-text-align-center\"><strong>5.Classify and filter documents<\/strong><\/p>\n<\/div>\n<\/div>\n\n\n\n<h2 class=\"wp-block-heading\">Automate your business processes related documents<\/h2>\n\n\n\n<div class=\"wp-block-columns automatiza-docs is-layout-flex wp-container-core-columns-is-layout-9d6595d7 wp-block-columns-is-layout-flex\">\n<div class=\"wp-block-column is-layout-flow wp-block-column-is-layout-flow\">\n<ul class=\"wp-block-list\">\n<li>Document scanning and digitization<\/li>\n\n\n\n<li>Document and data classification<\/li>\n\n\n\n<li>Invoice processing<\/li>\n\n\n\n<li>Document type conversion and quality improvement<\/li>\n\n\n\n<li>Validation of document data<\/li>\n\n\n\n<li>Digitization of SAD Documents for Customs<\/li>\n<\/ul>\n<\/div>\n\n\n\n<div class=\"wp-block-column is-layout-flow wp-block-column-is-layout-flow\">\n<ul class=\"wp-block-list\">\n<li>Document management<\/li>\n\n\n\n<li>Data extraction from documents with scanning and recognition<\/li>\n\n\n\n<li>Workflow optimization<\/li>\n\n\n\n<li>Create intelligent searches that allow you to examine documents<\/li>\n\n\n\n<li>Delivery notes management<\/li>\n<\/ul>\n<\/div>\n<\/div>\n\n\n\n<h2 class=\"wp-block-heading\">Use a digitized document management OCR for your business<\/h2>\n\n\n\n<ul class=\"wp-block-list\">\n<li>Financial or administrative services&nbsp;<\/li>\n\n\n\n<li>Public sector<\/li>\n\n\n\n<li>Hotels and accommodation sector<\/li>\n\n\n\n<li>Logistics and transportation services<\/li>\n\n\n\n<li>Industries<\/li>\n\n\n\n<li>Tax and legal<\/li>\n<\/ul>\n\n\n\n<div style=\"height:50px\" aria-hidden=\"true\" class=\"wp-block-spacer\"><\/div>\n\n\n\n<div class=\"video-modal\"><button class=\"js-video-button\" data-video-id=\"lKrav1Uej-U\"><br><img decoding=\"async\" src=\"https:\/\/www.cic.es\/wp-content\/themes\/cic\/img\/video-ocre.jpg\"><br><\/button><\/div>\n\n\n\n<h3 class=\"wp-block-heading has-text-align-center\" style=\"font-size:24px\"><em>Let machine learning do the work for you<\/em><\/h3>\n","protected":false},"excerpt":{"rendered":"<p>Advanced OCR document management software designed to digitize and automate your business processes. Transform documents, databases, delivery notes, invoices, contracts, deeds, files, medical records, plans, etc&#8230; into processed information. Much more than just converting paper documents to a digital format; we are talking about an advanced OCR software system. Performs&#8230;<\/p>\n","protected":false},"author":1,"featured_media":9345,"parent":0,"menu_order":0,"comment_status":"closed","ping_status":"closed","template":"page-templates\/page-productos.php","meta":{"_acf_changed":false,"footnotes":""},"class_list":["post-14614","page","type-page","status-publish","has-post-thumbnail","hentry"],"acf":[],"yoast_head":"<!-- This site is optimized with the Yoast SEO plugin v27.4 - https:\/\/yoast.com\/product\/yoast-seo-wordpress\/ -->\n<title>OCRE - Digitalized and Automated Document Management<\/title>\n<meta name=\"description\" content=\"Advanced OCR document management software designed to digitize and automate your organization&#039;s processes. Automate your business processes!\" \/>\n<meta name=\"robots\" content=\"index, follow, max-snippet:-1, max-image-preview:large, max-video-preview:-1\" \/>\n<link rel=\"canonical\" href=\"https:\/\/www.cic.es\/en\/ocre\/\" \/>\n<meta property=\"og:locale\" content=\"en_US\" \/>\n<meta property=\"og:type\" content=\"article\" \/>\n<meta property=\"og:title\" content=\"OCRE - Digitalized and Automated Document Management\" \/>\n<meta property=\"og:description\" content=\"Advanced OCR document management software designed to digitize and automate your organization&#039;s processes. Automate your business processes!\" \/>\n<meta property=\"og:url\" content=\"https:\/\/www.cic.es\/en\/ocre\/\" \/>\n<meta property=\"og:site_name\" content=\"CIC Consulting Inform\u00e1tico\" \/>\n<meta property=\"article:publisher\" content=\"https:\/\/www.facebook.com\/CIC.Consulting\/\" \/>\n<meta property=\"article:modified_time\" content=\"2025-05-22T13:51:03+00:00\" \/>\n<meta property=\"og:image\" content=\"https:\/\/www.cic.es\/wp-content\/uploads\/2021\/05\/ocr-digitalizar-documentos.jpg\" \/>\n\t<meta property=\"og:image:width\" content=\"1600\" \/>\n\t<meta property=\"og:image:height\" content=\"1067\" \/>\n\t<meta property=\"og:image:type\" content=\"image\/jpeg\" \/>\n<meta name=\"twitter:card\" content=\"summary_large_image\" \/>\n<meta name=\"twitter:site\" content=\"@CICactualidad\" \/>\n<meta name=\"twitter:label1\" content=\"Est. reading time\" \/>\n\t<meta name=\"twitter:data1\" content=\"4 minutes\" \/>\n<script type=\"application\/ld+json\" class=\"yoast-schema-graph\">{\"@context\":\"https:\\\/\\\/schema.org\",\"@graph\":[{\"@type\":\"WebPage\",\"@id\":\"https:\\\/\\\/www.cic.es\\\/en\\\/ocre\\\/\",\"url\":\"https:\\\/\\\/www.cic.es\\\/en\\\/ocre\\\/\",\"name\":\"OCRE - Digitalized and Automated Document Management\",\"isPartOf\":{\"@id\":\"https:\\\/\\\/www.cic.es\\\/#website\"},\"primaryImageOfPage\":{\"@id\":\"https:\\\/\\\/www.cic.es\\\/en\\\/ocre\\\/#primaryimage\"},\"image\":{\"@id\":\"https:\\\/\\\/www.cic.es\\\/en\\\/ocre\\\/#primaryimage\"},\"thumbnailUrl\":\"https:\\\/\\\/www.cic.es\\\/wp-content\\\/uploads\\\/2021\\\/05\\\/ocr-digitalizar-documentos.jpg\",\"datePublished\":\"2021-05-04T09:59:00+00:00\",\"dateModified\":\"2025-05-22T13:51:03+00:00\",\"description\":\"Advanced OCR document management software designed to digitize and automate your organization's processes. Automate your business processes!\",\"breadcrumb\":{\"@id\":\"https:\\\/\\\/www.cic.es\\\/en\\\/ocre\\\/#breadcrumb\"},\"inLanguage\":\"en-US\",\"potentialAction\":[{\"@type\":\"ReadAction\",\"target\":[\"https:\\\/\\\/www.cic.es\\\/en\\\/ocre\\\/\"]}]},{\"@type\":\"ImageObject\",\"inLanguage\":\"en-US\",\"@id\":\"https:\\\/\\\/www.cic.es\\\/en\\\/ocre\\\/#primaryimage\",\"url\":\"https:\\\/\\\/www.cic.es\\\/wp-content\\\/uploads\\\/2021\\\/05\\\/ocr-digitalizar-documentos.jpg\",\"contentUrl\":\"https:\\\/\\\/www.cic.es\\\/wp-content\\\/uploads\\\/2021\\\/05\\\/ocr-digitalizar-documentos.jpg\",\"width\":1600,\"height\":1067,\"caption\":\"OCR Digital Document Management\"},{\"@type\":\"BreadcrumbList\",\"@id\":\"https:\\\/\\\/www.cic.es\\\/en\\\/ocre\\\/#breadcrumb\",\"itemListElement\":[{\"@type\":\"ListItem\",\"position\":1,\"name\":\"CIC\",\"item\":\"https:\\\/\\\/www.cic.es\\\/\"},{\"@type\":\"ListItem\",\"position\":2,\"name\":\"OCRE &#8211; Digitalized and Automated Document Management\"}]},{\"@type\":\"WebSite\",\"@id\":\"https:\\\/\\\/www.cic.es\\\/#website\",\"url\":\"https:\\\/\\\/www.cic.es\\\/\",\"name\":\"CIC Consulting Inform\u00e1tico\",\"description\":\"Somos una consultor\u00eda de ingenier\u00eda de desarrollo y proyectos de inform\u00e1tica y comunicaciones\",\"publisher\":{\"@id\":\"https:\\\/\\\/www.cic.es\\\/#organization\"},\"alternateName\":\"CIC Consulting Inform\u00e1tico\",\"potentialAction\":[{\"@type\":\"SearchAction\",\"target\":{\"@type\":\"EntryPoint\",\"urlTemplate\":\"https:\\\/\\\/www.cic.es\\\/?s={search_term_string}\"},\"query-input\":{\"@type\":\"PropertyValueSpecification\",\"valueRequired\":true,\"valueName\":\"search_term_string\"}}],\"inLanguage\":\"en-US\"},{\"@type\":\"Organization\",\"@id\":\"https:\\\/\\\/www.cic.es\\\/#organization\",\"name\":\"CIC Consulting Inform\u00e1tico\",\"alternateName\":\"CIC Consulting Inform\u00e1tico\",\"url\":\"https:\\\/\\\/www.cic.es\\\/\",\"logo\":{\"@type\":\"ImageObject\",\"inLanguage\":\"en-US\",\"@id\":\"https:\\\/\\\/www.cic.es\\\/#\\\/schema\\\/logo\\\/image\\\/\",\"url\":\"https:\\\/\\\/www.cic.es\\\/wp-content\\\/uploads\\\/2018\\\/04\\\/cic_color.png\",\"contentUrl\":\"https:\\\/\\\/www.cic.es\\\/wp-content\\\/uploads\\\/2018\\\/04\\\/cic_color.png\",\"width\":300,\"height\":200,\"caption\":\"CIC Consulting Inform\u00e1tico\"},\"image\":{\"@id\":\"https:\\\/\\\/www.cic.es\\\/#\\\/schema\\\/logo\\\/image\\\/\"},\"sameAs\":[\"https:\\\/\\\/www.facebook.com\\\/CIC.Consulting\\\/\",\"https:\\\/\\\/x.com\\\/CICactualidad\",\"https:\\\/\\\/www.linkedin.com\\\/company\\\/2157627\\\/\",\"https:\\\/\\\/www.pinterest.es\\\/cicconsultinginformatico\\\/\",\"https:\\\/\\\/www.youtube.com\\\/user\\\/webmastercic\"]}]}<\/script>\n<!-- \/ Yoast SEO plugin. -->","yoast_head_json":{"title":"OCRE - Digitalized and Automated Document Management","description":"Advanced OCR document management software designed to digitize and automate your organization's processes. Automate your business processes!","robots":{"index":"index","follow":"follow","max-snippet":"max-snippet:-1","max-image-preview":"max-image-preview:large","max-video-preview":"max-video-preview:-1"},"canonical":"https:\/\/www.cic.es\/en\/ocre\/","og_locale":"en_US","og_type":"article","og_title":"OCRE - Digitalized and Automated Document Management","og_description":"Advanced OCR document management software designed to digitize and automate your organization's processes. Automate your business processes!","og_url":"https:\/\/www.cic.es\/en\/ocre\/","og_site_name":"CIC Consulting Inform\u00e1tico","article_publisher":"https:\/\/www.facebook.com\/CIC.Consulting\/","article_modified_time":"2025-05-22T13:51:03+00:00","og_image":[{"width":1600,"height":1067,"url":"https:\/\/www.cic.es\/wp-content\/uploads\/2021\/05\/ocr-digitalizar-documentos.jpg","type":"image\/jpeg"}],"twitter_card":"summary_large_image","twitter_site":"@CICactualidad","twitter_misc":{"Est. reading time":"4 minutes"},"schema":{"@context":"https:\/\/schema.org","@graph":[{"@type":"WebPage","@id":"https:\/\/www.cic.es\/en\/ocre\/","url":"https:\/\/www.cic.es\/en\/ocre\/","name":"OCRE - Digitalized and Automated Document Management","isPartOf":{"@id":"https:\/\/www.cic.es\/#website"},"primaryImageOfPage":{"@id":"https:\/\/www.cic.es\/en\/ocre\/#primaryimage"},"image":{"@id":"https:\/\/www.cic.es\/en\/ocre\/#primaryimage"},"thumbnailUrl":"https:\/\/www.cic.es\/wp-content\/uploads\/2021\/05\/ocr-digitalizar-documentos.jpg","datePublished":"2021-05-04T09:59:00+00:00","dateModified":"2025-05-22T13:51:03+00:00","description":"Advanced OCR document management software designed to digitize and automate your organization's processes. Automate your business processes!","breadcrumb":{"@id":"https:\/\/www.cic.es\/en\/ocre\/#breadcrumb"},"inLanguage":"en-US","potentialAction":[{"@type":"ReadAction","target":["https:\/\/www.cic.es\/en\/ocre\/"]}]},{"@type":"ImageObject","inLanguage":"en-US","@id":"https:\/\/www.cic.es\/en\/ocre\/#primaryimage","url":"https:\/\/www.cic.es\/wp-content\/uploads\/2021\/05\/ocr-digitalizar-documentos.jpg","contentUrl":"https:\/\/www.cic.es\/wp-content\/uploads\/2021\/05\/ocr-digitalizar-documentos.jpg","width":1600,"height":1067,"caption":"OCR Digital Document Management"},{"@type":"BreadcrumbList","@id":"https:\/\/www.cic.es\/en\/ocre\/#breadcrumb","itemListElement":[{"@type":"ListItem","position":1,"name":"CIC","item":"https:\/\/www.cic.es\/"},{"@type":"ListItem","position":2,"name":"OCRE &#8211; Digitalized and Automated Document Management"}]},{"@type":"WebSite","@id":"https:\/\/www.cic.es\/#website","url":"https:\/\/www.cic.es\/","name":"CIC Consulting Inform\u00e1tico","description":"Somos una consultor\u00eda de ingenier\u00eda de desarrollo y proyectos de inform\u00e1tica y comunicaciones","publisher":{"@id":"https:\/\/www.cic.es\/#organization"},"alternateName":"CIC Consulting Inform\u00e1tico","potentialAction":[{"@type":"SearchAction","target":{"@type":"EntryPoint","urlTemplate":"https:\/\/www.cic.es\/?s={search_term_string}"},"query-input":{"@type":"PropertyValueSpecification","valueRequired":true,"valueName":"search_term_string"}}],"inLanguage":"en-US"},{"@type":"Organization","@id":"https:\/\/www.cic.es\/#organization","name":"CIC Consulting Inform\u00e1tico","alternateName":"CIC Consulting Inform\u00e1tico","url":"https:\/\/www.cic.es\/","logo":{"@type":"ImageObject","inLanguage":"en-US","@id":"https:\/\/www.cic.es\/#\/schema\/logo\/image\/","url":"https:\/\/www.cic.es\/wp-content\/uploads\/2018\/04\/cic_color.png","contentUrl":"https:\/\/www.cic.es\/wp-content\/uploads\/2018\/04\/cic_color.png","width":300,"height":200,"caption":"CIC Consulting Inform\u00e1tico"},"image":{"@id":"https:\/\/www.cic.es\/#\/schema\/logo\/image\/"},"sameAs":["https:\/\/www.facebook.com\/CIC.Consulting\/","https:\/\/x.com\/CICactualidad","https:\/\/www.linkedin.com\/company\/2157627\/","https:\/\/www.pinterest.es\/cicconsultinginformatico\/","https:\/\/www.youtube.com\/user\/webmastercic"]}]}},"_links":{"self":[{"href":"https:\/\/www.cic.es\/en\/wp-json\/wp\/v2\/pages\/14614","targetHints":{"allow":["GET"]}}],"collection":[{"href":"https:\/\/www.cic.es\/en\/wp-json\/wp\/v2\/pages"}],"about":[{"href":"https:\/\/www.cic.es\/en\/wp-json\/wp\/v2\/types\/page"}],"author":[{"embeddable":true,"href":"https:\/\/www.cic.es\/en\/wp-json\/wp\/v2\/users\/1"}],"replies":[{"embeddable":true,"href":"https:\/\/www.cic.es\/en\/wp-json\/wp\/v2\/comments?post=14614"}],"version-history":[{"count":3,"href":"https:\/\/www.cic.es\/en\/wp-json\/wp\/v2\/pages\/14614\/revisions"}],"predecessor-version":[{"id":24826,"href":"https:\/\/www.cic.es\/en\/wp-json\/wp\/v2\/pages\/14614\/revisions\/24826"}],"wp:featuredmedia":[{"embeddable":true,"href":"https:\/\/www.cic.es\/en\/wp-json\/wp\/v2\/media\/9345"}],"wp:attachment":[{"href":"https:\/\/www.cic.es\/en\/wp-json\/wp\/v2\/media?parent=14614"}],"curies":[{"name":"wp","href":"https:\/\/api.w.org\/{rel}","templated":true}]}}