{"id":14407,"date":"2023-08-22T09:03:26","date_gmt":"2023-08-22T08:03:26","guid":{"rendered":"https:\/\/www.cic.es\/?page_id=14407"},"modified":"2025-08-18T10:47:06","modified_gmt":"2025-08-18T09:47:06","slug":"cic-group-products","status":"publish","type":"page","link":"https:\/\/www.cic.es\/en\/cic-group-products\/","title":{"rendered":"CIC Group Products"},"content":{"rendered":"\n<p>CIC Group has more than 30 years of experience developing software products and services. During this time, we have acquired expertise in the energy and utilities, industry, services, public sector and telecommunications sectors, creating proprietary solutions that allow us to offer our customers the technologies that make them more competitive.<\/p>\n\n\n\n<div class=\"wp-block-columns is-layout-flex wp-container-core-columns-is-layout-9d6595d7 wp-block-columns-is-layout-flex\">\n<div class=\"wp-block-column is-vertically-aligned-top is-layout-flow wp-block-column-is-layout-flow\" style=\"flex-basis:33.33%\">\n<figure class=\"wp-block-image size-medium\"><img decoding=\"async\" src=\"https:\/\/www.cic.es\/wp-content\/uploads\/2019\/02\/sgrwin.png\" alt=\"\"\/><\/figure>\n<\/div>\n\n\n\n<div class=\"wp-block-column is-vertically-aligned-top is-layout-flow wp-block-column-is-layout-flow\" style=\"flex-basis:66.66%\">\n<h2 class=\"wp-block-heading\">SGRwin \u2013 Multi-vendor network monitoring and management solution suite<\/h2>\n\n\n\n<p>A full range of solutions customized to meet your needs. From consolidating complex network monitoring and management operations, to giving you greater control and visibility of your assets, SGRwin is able to improve configurations, maintenance, increase security and so much more.<\/p>\n\n\n\n<p><a href=\"https:\/\/www.sgrwin.com\/\" target=\"_blank\" rel=\"noreferrer noopener\">More information<\/a><\/p>\n<\/div>\n<\/div>\n\n\n\n<div class=\"wp-block-columns is-layout-flex wp-container-core-columns-is-layout-9d6595d7 wp-block-columns-is-layout-flex\">\n<div class=\"wp-block-column is-vertically-aligned-top is-layout-flow wp-block-column-is-layout-flow\" style=\"flex-basis:33.33%\">\n<figure class=\"wp-block-image size-medium\"><img decoding=\"async\" src=\"https:\/\/www.cic.es\/wp-content\/uploads\/2021\/01\/idbox.png\" alt=\"\"\/><\/figure>\n<\/div>\n\n\n\n<div class=\"wp-block-column is-vertically-aligned-top is-layout-flow wp-block-column-is-layout-flow\" style=\"flex-basis:66.66%\">\n<h2 class=\"wp-block-heading\">IDboxRT &#8211; Integration, processing and analysis of information. Industrial SCADA monitoring<\/h2>\n\n\n\n<p>Operational intelligence software powered by Big Data technology that provides real time information for the monitoring and control of the different environments and processes that a business needs.<\/p>\n\n\n\n<p><a href=\"https:\/\/idboxrt.com\/\" target=\"_blank\" rel=\"noreferrer noopener\">More information<\/a><\/p>\n<\/div>\n<\/div>\n\n\n\n<div class=\"wp-block-columns is-layout-flex wp-container-core-columns-is-layout-9d6595d7 wp-block-columns-is-layout-flex\">\n<div class=\"wp-block-column is-vertically-aligned-top is-layout-flow wp-block-column-is-layout-flow\" style=\"flex-basis:33.33%\">\n<figure class=\"wp-block-image size-medium\"><img decoding=\"async\" src=\"https:\/\/www.cic.es\/wp-content\/uploads\/2022\/01\/luca-bds.png\" alt=\"\"\/><\/figure>\n<\/div>\n\n\n\n<div class=\"wp-block-column is-layout-flow wp-block-column-is-layout-flow\" style=\"flex-basis:66.66%\">\n<h2 class=\"wp-block-heading\">LUCA BDS &#8211; A Business Intelligence tool that allows for the interactivity of information under a unique collaborative work environment<\/h2>\n\n\n\n<p>Business Intelligence that can connect to any data source, permits you to visualize and generate reports with valuable information. It has a number of features that improves the quality of processes, increases customer satisfaction and the productivity of an organization.<\/p>\n\n\n\n<p><a href=\"https:\/\/luca-bds.com\/\" target=\"_blank\" rel=\"noreferrer noopener\">More information<\/a><\/p>\n<\/div>\n<\/div>\n\n\n\n<div class=\"wp-block-columns is-layout-flex wp-container-core-columns-is-layout-9d6595d7 wp-block-columns-is-layout-flex\">\n<div class=\"wp-block-column is-vertically-aligned-top is-layout-flow wp-block-column-is-layout-flow\" style=\"flex-basis:33.33%\">\n<figure class=\"wp-block-image size-medium\"><img decoding=\"async\" src=\"https:\/\/www.cic.es\/wp-content\/uploads\/2023\/01\/ocre.png\" alt=\"\"\/><\/figure>\n<\/div>\n\n\n\n<div class=\"wp-block-column is-layout-flow wp-block-column-is-layout-flow\" style=\"flex-basis:66.66%\">\n<h2 class=\"wp-block-heading\">OCRE \u2013 Digitized and automated document management software<\/h2>\n\n\n\n<p>Advanced OCR document management software designed to digitize and automate an organization&#8217;s processes, allowing it to convert documents, databases, delivery notes, invoices, contracts, resumes, deeds, files, medical records, plans&#8230; into a single, easy-to-use, and automated system.<\/p>\n\n\n\n<p><a href=\"https:\/\/www.cic.es\/en\/ocre\/\">More information<\/a><\/p>\n<\/div>\n<\/div>\n\n\n\n<div class=\"wp-block-columns is-layout-flex wp-container-core-columns-is-layout-9d6595d7 wp-block-columns-is-layout-flex\">\n<div class=\"wp-block-column is-vertically-aligned-top is-layout-flow wp-block-column-is-layout-flow\" style=\"flex-basis:33.33%\">\n<figure class=\"wp-block-image size-medium\"><img decoding=\"async\" src=\"https:\/\/www.cic.es\/wp-content\/uploads\/2022\/05\/bono.png\" alt=\"\"\/><\/figure>\n<\/div>\n\n\n\n<div class=\"wp-block-column is-layout-flow wp-block-column-is-layout-flow\" style=\"flex-basis:66.66%\">\n<h2 class=\"wp-block-heading\">BON\u00d8 &#8211; Energy management software<\/h2>\n\n\n\n<p>An energy management platform that provides a 360\u00ba view of energy consumption, offering energy analysis tools for strategic decision making to optimize and save on your energy consumption. It improves the use of your energy resources, taking advantage of digital technologies and the availability of operational and economic data in real time.<\/p>\n\n\n\n<p><a href=\"https:\/\/www.cic.es\/bon0-control-gestion-analisis-y-ahorro-del-consumo-energetico\/\" target=\"_blank\" rel=\"noreferrer noopener\">More information<\/a><\/p>\n<\/div>\n<\/div>\n\n\n\n<div class=\"wp-block-columns is-layout-flex wp-container-core-columns-is-layout-9d6595d7 wp-block-columns-is-layout-flex\">\n<div class=\"wp-block-column is-vertically-aligned-top is-layout-flow wp-block-column-is-layout-flow\" style=\"flex-basis:33.33%\">\n<figure class=\"wp-block-image size-full\"><img loading=\"lazy\" decoding=\"async\" width=\"500\" height=\"333\" src=\"https:\/\/www.cic.es\/wp-content\/uploads\/2023\/07\/for3-ciberseguridad.png\" alt=\"Logotipo FOR3 ciberseguridad\" class=\"wp-image-14229\"\/><\/figure>\n<\/div>\n\n\n\n<div class=\"wp-block-column is-layout-flow wp-block-column-is-layout-flow\" style=\"flex-basis:66.66%\">\n<h2 class=\"wp-block-heading\">FOR 3 &#8211; Industrial Cybersecurity Strategy<\/h2>\n\n\n\n<p>At CIC we offer Cybersecurity Services for the protection and prevention of cyber threats to businesses. For3 will make your company stronger.<\/p>\n\n\n\n<p><a href=\"https:\/\/www.cic.es\/en\/cybersecurity\/\" target=\"_blank\" rel=\"noreferrer noopener\">More information<\/a><\/p>\n<\/div>\n<\/div>\n\n\n\n<div class=\"wp-block-columns is-layout-flex wp-container-core-columns-is-layout-9d6595d7 wp-block-columns-is-layout-flex\">\n<div class=\"wp-block-column is-vertically-aligned-top is-layout-flow wp-block-column-is-layout-flow\" style=\"flex-basis:33.33%\">\n<figure class=\"wp-block-image size-medium\"><img decoding=\"async\" src=\"https:\/\/www.cic.es\/wp-content\/uploads\/2021\/10\/fieldeas.png\" alt=\"\"\/><\/figure>\n<\/div>\n\n\n\n<div class=\"wp-block-column is-layout-flow wp-block-column-is-layout-flow\" style=\"flex-basis:66.66%\">\n<h2 class=\"wp-block-heading\">FIELDEAS &#8211; Powerful, easy and flexible<\/h2>\n\n\n\n<p>The technological platform designed to boost your industrial activity through the digitalization of processes.<\/p>\n\n\n\n<p>FIELDEAS offers powerful field service management solutions to automate, control and manage all the operations of any field worker. All done efficiently and in real time.<\/p>\n\n\n\n<p><a href=\"https:\/\/www.fieldeas.com\/\" target=\"_blank\" rel=\"noreferrer noopener\">More information<\/a><\/p>\n<\/div>\n<\/div>\n\n\n\n<div class=\"wp-block-columns is-layout-flex wp-container-core-columns-is-layout-9d6595d7 wp-block-columns-is-layout-flex\">\n<div class=\"wp-block-column is-vertically-aligned-top is-layout-flow wp-block-column-is-layout-flow\" style=\"flex-basis:33.33%\">\n<figure class=\"wp-block-image size-full\"><img loading=\"lazy\" decoding=\"async\" width=\"500\" height=\"333\" src=\"https:\/\/www.cic.es\/wp-content\/uploads\/2025\/08\/comisium-producto-1.png\" alt=\"\" class=\"wp-image-25351\"\/><\/figure>\n<\/div>\n\n\n\n<div class=\"wp-block-column is-layout-flow wp-block-column-is-layout-flow\" style=\"flex-basis:66.66%\">\n<h2 class=\"wp-block-heading\">Comisium &#8211; Software for automatic hotel commission reconciliation<\/h2>\n\n\n\n<p>Software that connects a hotel\u2019s PMS with the main OTAs to automatically compare bookings and commissions. It detects discrepancies in real time and generates detailed reports for monitoring.<\/p>\n<\/div>\n<\/div>\n\n\n\n<p><\/p>\n","protected":false},"excerpt":{"rendered":"<p>CIC Group has more than 30 years of experience developing software products and services. During this time, we have acquired expertise in the energy and utilities, industry, services, public sector and telecommunications sectors, creating proprietary solutions that allow us to offer our customers the technologies that make them more competitive&#8230;.<\/p>\n","protected":false},"author":1,"featured_media":0,"parent":0,"menu_order":0,"comment_status":"closed","ping_status":"closed","template":"page-templates\/page-productos-grupo.php","meta":{"_acf_changed":false,"footnotes":""},"class_list":["post-14407","page","type-page","status-publish","hentry"],"acf":[],"yoast_head":"<!-- This site is optimized with the Yoast SEO plugin v27.4 - https:\/\/yoast.com\/product\/yoast-seo-wordpress\/ -->\n<title>CIC Group Products CIC Consulting Inform\u00e1tico<\/title>\n<meta name=\"robots\" content=\"index, follow, max-snippet:-1, max-image-preview:large, max-video-preview:-1\" \/>\n<link rel=\"canonical\" href=\"https:\/\/www.cic.es\/en\/cic-group-products\/\" \/>\n<meta property=\"og:locale\" content=\"en_US\" \/>\n<meta property=\"og:type\" content=\"article\" \/>\n<meta property=\"og:title\" content=\"CIC Group Products CIC Consulting Inform\u00e1tico\" \/>\n<meta property=\"og:description\" content=\"CIC Group has more than 30 years of experience developing software products and services. During this time, we have acquired expertise in the energy and utilities, industry, services, public sector and telecommunications sectors, creating proprietary solutions that allow us to offer our customers the technologies that make them more competitive....\" \/>\n<meta property=\"og:url\" content=\"https:\/\/www.cic.es\/en\/cic-group-products\/\" \/>\n<meta property=\"og:site_name\" content=\"CIC Consulting Inform\u00e1tico\" \/>\n<meta property=\"article:publisher\" content=\"https:\/\/www.facebook.com\/CIC.Consulting\/\" \/>\n<meta property=\"article:modified_time\" content=\"2025-08-18T09:47:06+00:00\" \/>\n<meta property=\"og:image\" content=\"https:\/\/www.cic.es\/wp-content\/uploads\/2019\/02\/sgrwin.png\" \/>\n<meta name=\"twitter:card\" content=\"summary_large_image\" \/>\n<meta name=\"twitter:site\" content=\"@CICactualidad\" \/>\n<meta name=\"twitter:label1\" content=\"Est. reading time\" \/>\n\t<meta name=\"twitter:data1\" content=\"2 minutes\" \/>\n<script type=\"application\/ld+json\" class=\"yoast-schema-graph\">{\"@context\":\"https:\\\/\\\/schema.org\",\"@graph\":[{\"@type\":\"WebPage\",\"@id\":\"https:\\\/\\\/www.cic.es\\\/en\\\/cic-group-products\\\/\",\"url\":\"https:\\\/\\\/www.cic.es\\\/en\\\/cic-group-products\\\/\",\"name\":\"CIC Group Products CIC Consulting Inform\u00e1tico\",\"isPartOf\":{\"@id\":\"https:\\\/\\\/www.cic.es\\\/#website\"},\"primaryImageOfPage\":{\"@id\":\"https:\\\/\\\/www.cic.es\\\/en\\\/cic-group-products\\\/#primaryimage\"},\"image\":{\"@id\":\"https:\\\/\\\/www.cic.es\\\/en\\\/cic-group-products\\\/#primaryimage\"},\"thumbnailUrl\":\"https:\\\/\\\/www.cic.es\\\/wp-content\\\/uploads\\\/2019\\\/02\\\/sgrwin.png\",\"datePublished\":\"2023-08-22T08:03:26+00:00\",\"dateModified\":\"2025-08-18T09:47:06+00:00\",\"breadcrumb\":{\"@id\":\"https:\\\/\\\/www.cic.es\\\/en\\\/cic-group-products\\\/#breadcrumb\"},\"inLanguage\":\"en-US\",\"potentialAction\":[{\"@type\":\"ReadAction\",\"target\":[\"https:\\\/\\\/www.cic.es\\\/en\\\/cic-group-products\\\/\"]}]},{\"@type\":\"ImageObject\",\"inLanguage\":\"en-US\",\"@id\":\"https:\\\/\\\/www.cic.es\\\/en\\\/cic-group-products\\\/#primaryimage\",\"url\":\"https:\\\/\\\/www.cic.es\\\/wp-content\\\/uploads\\\/2019\\\/02\\\/sgrwin.png\",\"contentUrl\":\"https:\\\/\\\/www.cic.es\\\/wp-content\\\/uploads\\\/2019\\\/02\\\/sgrwin.png\"},{\"@type\":\"BreadcrumbList\",\"@id\":\"https:\\\/\\\/www.cic.es\\\/en\\\/cic-group-products\\\/#breadcrumb\",\"itemListElement\":[{\"@type\":\"ListItem\",\"position\":1,\"name\":\"CIC\",\"item\":\"https:\\\/\\\/www.cic.es\\\/\"},{\"@type\":\"ListItem\",\"position\":2,\"name\":\"CIC Group Products\"}]},{\"@type\":\"WebSite\",\"@id\":\"https:\\\/\\\/www.cic.es\\\/#website\",\"url\":\"https:\\\/\\\/www.cic.es\\\/\",\"name\":\"CIC Consulting Inform\u00e1tico\",\"description\":\"Somos una consultor\u00eda de ingenier\u00eda de desarrollo y proyectos de inform\u00e1tica y comunicaciones\",\"publisher\":{\"@id\":\"https:\\\/\\\/www.cic.es\\\/#organization\"},\"alternateName\":\"CIC Consulting Inform\u00e1tico\",\"potentialAction\":[{\"@type\":\"SearchAction\",\"target\":{\"@type\":\"EntryPoint\",\"urlTemplate\":\"https:\\\/\\\/www.cic.es\\\/?s={search_term_string}\"},\"query-input\":{\"@type\":\"PropertyValueSpecification\",\"valueRequired\":true,\"valueName\":\"search_term_string\"}}],\"inLanguage\":\"en-US\"},{\"@type\":\"Organization\",\"@id\":\"https:\\\/\\\/www.cic.es\\\/#organization\",\"name\":\"CIC Consulting Inform\u00e1tico\",\"alternateName\":\"CIC Consulting Inform\u00e1tico\",\"url\":\"https:\\\/\\\/www.cic.es\\\/\",\"logo\":{\"@type\":\"ImageObject\",\"inLanguage\":\"en-US\",\"@id\":\"https:\\\/\\\/www.cic.es\\\/#\\\/schema\\\/logo\\\/image\\\/\",\"url\":\"https:\\\/\\\/www.cic.es\\\/wp-content\\\/uploads\\\/2018\\\/04\\\/cic_color.png\",\"contentUrl\":\"https:\\\/\\\/www.cic.es\\\/wp-content\\\/uploads\\\/2018\\\/04\\\/cic_color.png\",\"width\":300,\"height\":200,\"caption\":\"CIC Consulting Inform\u00e1tico\"},\"image\":{\"@id\":\"https:\\\/\\\/www.cic.es\\\/#\\\/schema\\\/logo\\\/image\\\/\"},\"sameAs\":[\"https:\\\/\\\/www.facebook.com\\\/CIC.Consulting\\\/\",\"https:\\\/\\\/x.com\\\/CICactualidad\",\"https:\\\/\\\/www.linkedin.com\\\/company\\\/2157627\\\/\",\"https:\\\/\\\/www.pinterest.es\\\/cicconsultinginformatico\\\/\",\"https:\\\/\\\/www.youtube.com\\\/user\\\/webmastercic\"]}]}<\/script>\n<!-- \/ Yoast SEO plugin. -->","yoast_head_json":{"title":"CIC Group Products CIC Consulting Inform\u00e1tico","robots":{"index":"index","follow":"follow","max-snippet":"max-snippet:-1","max-image-preview":"max-image-preview:large","max-video-preview":"max-video-preview:-1"},"canonical":"https:\/\/www.cic.es\/en\/cic-group-products\/","og_locale":"en_US","og_type":"article","og_title":"CIC Group Products CIC Consulting Inform\u00e1tico","og_description":"CIC Group has more than 30 years of experience developing software products and services. During this time, we have acquired expertise in the energy and utilities, industry, services, public sector and telecommunications sectors, creating proprietary solutions that allow us to offer our customers the technologies that make them more competitive....","og_url":"https:\/\/www.cic.es\/en\/cic-group-products\/","og_site_name":"CIC Consulting Inform\u00e1tico","article_publisher":"https:\/\/www.facebook.com\/CIC.Consulting\/","article_modified_time":"2025-08-18T09:47:06+00:00","og_image":[{"url":"https:\/\/www.cic.es\/wp-content\/uploads\/2019\/02\/sgrwin.png","type":"","width":"","height":""}],"twitter_card":"summary_large_image","twitter_site":"@CICactualidad","twitter_misc":{"Est. reading time":"2 minutes"},"schema":{"@context":"https:\/\/schema.org","@graph":[{"@type":"WebPage","@id":"https:\/\/www.cic.es\/en\/cic-group-products\/","url":"https:\/\/www.cic.es\/en\/cic-group-products\/","name":"CIC Group Products CIC Consulting Inform\u00e1tico","isPartOf":{"@id":"https:\/\/www.cic.es\/#website"},"primaryImageOfPage":{"@id":"https:\/\/www.cic.es\/en\/cic-group-products\/#primaryimage"},"image":{"@id":"https:\/\/www.cic.es\/en\/cic-group-products\/#primaryimage"},"thumbnailUrl":"https:\/\/www.cic.es\/wp-content\/uploads\/2019\/02\/sgrwin.png","datePublished":"2023-08-22T08:03:26+00:00","dateModified":"2025-08-18T09:47:06+00:00","breadcrumb":{"@id":"https:\/\/www.cic.es\/en\/cic-group-products\/#breadcrumb"},"inLanguage":"en-US","potentialAction":[{"@type":"ReadAction","target":["https:\/\/www.cic.es\/en\/cic-group-products\/"]}]},{"@type":"ImageObject","inLanguage":"en-US","@id":"https:\/\/www.cic.es\/en\/cic-group-products\/#primaryimage","url":"https:\/\/www.cic.es\/wp-content\/uploads\/2019\/02\/sgrwin.png","contentUrl":"https:\/\/www.cic.es\/wp-content\/uploads\/2019\/02\/sgrwin.png"},{"@type":"BreadcrumbList","@id":"https:\/\/www.cic.es\/en\/cic-group-products\/#breadcrumb","itemListElement":[{"@type":"ListItem","position":1,"name":"CIC","item":"https:\/\/www.cic.es\/"},{"@type":"ListItem","position":2,"name":"CIC Group Products"}]},{"@type":"WebSite","@id":"https:\/\/www.cic.es\/#website","url":"https:\/\/www.cic.es\/","name":"CIC Consulting Inform\u00e1tico","description":"Somos una consultor\u00eda de ingenier\u00eda de desarrollo y proyectos de inform\u00e1tica y comunicaciones","publisher":{"@id":"https:\/\/www.cic.es\/#organization"},"alternateName":"CIC Consulting Inform\u00e1tico","potentialAction":[{"@type":"SearchAction","target":{"@type":"EntryPoint","urlTemplate":"https:\/\/www.cic.es\/?s={search_term_string}"},"query-input":{"@type":"PropertyValueSpecification","valueRequired":true,"valueName":"search_term_string"}}],"inLanguage":"en-US"},{"@type":"Organization","@id":"https:\/\/www.cic.es\/#organization","name":"CIC Consulting Inform\u00e1tico","alternateName":"CIC Consulting Inform\u00e1tico","url":"https:\/\/www.cic.es\/","logo":{"@type":"ImageObject","inLanguage":"en-US","@id":"https:\/\/www.cic.es\/#\/schema\/logo\/image\/","url":"https:\/\/www.cic.es\/wp-content\/uploads\/2018\/04\/cic_color.png","contentUrl":"https:\/\/www.cic.es\/wp-content\/uploads\/2018\/04\/cic_color.png","width":300,"height":200,"caption":"CIC Consulting Inform\u00e1tico"},"image":{"@id":"https:\/\/www.cic.es\/#\/schema\/logo\/image\/"},"sameAs":["https:\/\/www.facebook.com\/CIC.Consulting\/","https:\/\/x.com\/CICactualidad","https:\/\/www.linkedin.com\/company\/2157627\/","https:\/\/www.pinterest.es\/cicconsultinginformatico\/","https:\/\/www.youtube.com\/user\/webmastercic"]}]}},"_links":{"self":[{"href":"https:\/\/www.cic.es\/en\/wp-json\/wp\/v2\/pages\/14407","targetHints":{"allow":["GET"]}}],"collection":[{"href":"https:\/\/www.cic.es\/en\/wp-json\/wp\/v2\/pages"}],"about":[{"href":"https:\/\/www.cic.es\/en\/wp-json\/wp\/v2\/types\/page"}],"author":[{"embeddable":true,"href":"https:\/\/www.cic.es\/en\/wp-json\/wp\/v2\/users\/1"}],"replies":[{"embeddable":true,"href":"https:\/\/www.cic.es\/en\/wp-json\/wp\/v2\/comments?post=14407"}],"version-history":[{"count":12,"href":"https:\/\/www.cic.es\/en\/wp-json\/wp\/v2\/pages\/14407\/revisions"}],"predecessor-version":[{"id":25403,"href":"https:\/\/www.cic.es\/en\/wp-json\/wp\/v2\/pages\/14407\/revisions\/25403"}],"wp:attachment":[{"href":"https:\/\/www.cic.es\/en\/wp-json\/wp\/v2\/media?parent=14407"}],"curies":[{"name":"wp","href":"https:\/\/api.w.org\/{rel}","templated":true}]}}