{"id":14352,"date":"2023-03-29T15:00:16","date_gmt":"2023-03-29T14:00:16","guid":{"rendered":"https:\/\/www.cic.es\/sostenibilidad\/buen-gobierno\/"},"modified":"2025-06-27T12:04:17","modified_gmt":"2025-06-27T11:04:17","slug":"buen-gobierno","status":"publish","type":"page","link":"https:\/\/www.cic.es\/en\/sostenibilidad\/buen-gobierno\/","title":{"rendered":"Good Governance"},"content":{"rendered":"\n<p>CIC&#8217;s corporate governance is upheld by the company&#8217;s bylaws, corporate policies, internal rules and other internal codes and procedures approved by the competent bodies of the company.<\/p>\n\n\n\n<h2 class=\"wp-block-heading\">Ethics and transparency<\/h2>\n\n\n\n<p>We favor the anti-corruption mechanisms in place and promote a culture of ethics and integrity among our employees.<\/p>\n\n\n\n<p>We offer the market and stakeholders transparent and truthful information about our activities and their impacts.<\/p>\n\n\n\n<p>We try to promote the economic development of the communities where CIC is present. Our suppliers are local and have passed filters according to our social criteria.<\/p>\n\n\n\n<h2 class=\"wp-block-heading\">Innovative and sustainable technology<\/h2>\n\n\n\n<p>We support technological innovation and solutions for sustainable development, thus favoring the creation of added value and thereby increasing the company&#8217;s competitiveness.<\/p>\n\n\n\n<h2 class=\"wp-block-heading\">Privacy and data security<\/h2>\n\n\n\n<p>We have adopted the necessary technical and organizational measures to ensure the security of personal data and to prevent its alteration, loss, unauthorized processing or access, taking into account the state of technology, the nature of the data and the risks to which they are exposed.<\/p>\n\n\n\n<h3 class=\"wp-block-heading has-text-color\" style=\"color:#44546a\"><strong>Documents of interest<\/strong><\/h3>\n\n\n\n<div class=\"wp-block-columns is-layout-flex wp-container-core-columns-is-layout-9d6595d7 wp-block-columns-is-layout-flex\">\n<div class=\"wp-block-column is-layout-flow wp-block-column-is-layout-flow\">\n<p>\ud83d\udcc4 <a href=\"\/wp-content\/uploads\/2023\/02\/codigoetico-valores2023_grupoCIC.pdf\" target=\"_blank\" rel=\"noreferrer noopener\">Code of ethics and conduct<\/a><\/p>\n\n\n\n<p>\ud83d\udcc4 <a href=\"\/wp-content\/uploads\/2023\/06\/Politica-Anticorrupcion-GRUPO-CIC.pdf\" target=\"_blank\" rel=\"noreferrer noopener\">Anti-corruption policy<\/a><\/p>\n\n\n\n<p>\ud83d\udcc4 <a href=\"\/wp-content\/uploads\/2023\/06\/Politica-de-derechos-humanos.pdf\" target=\"_blank\" rel=\"noreferrer noopener\">Human rights policy<\/a><\/p>\n<\/div>\n<\/div>\n","protected":false},"excerpt":{"rendered":"<p>CIC&#8217;s corporate governance is upheld by the company&#8217;s bylaws, corporate policies, internal rules and other internal codes and procedures approved by the competent bodies of the company. Ethics and transparency We favor the anti-corruption mechanisms in place and promote a culture of ethics and integrity among our employees. We offer&#8230;<\/p>\n","protected":false},"author":1,"featured_media":0,"parent":4379,"menu_order":1,"comment_status":"closed","ping_status":"closed","template":"page-templates\/page-rsc.php","meta":{"_acf_changed":false,"footnotes":""},"class_list":["post-14352","page","type-page","status-publish","hentry"],"acf":[],"yoast_head":"<!-- This site is optimized with the Yoast SEO plugin v27.4 - https:\/\/yoast.com\/product\/yoast-seo-wordpress\/ -->\n<title>Good Governance CIC Consulting Inform\u00e1tico<\/title>\n<meta name=\"robots\" content=\"index, follow, max-snippet:-1, max-image-preview:large, max-video-preview:-1\" \/>\n<link rel=\"canonical\" href=\"https:\/\/www.cic.es\/en\/sostenibilidad\/buen-gobierno\/\" \/>\n<meta property=\"og:locale\" content=\"en_US\" \/>\n<meta property=\"og:type\" content=\"article\" \/>\n<meta property=\"og:title\" content=\"Good Governance CIC Consulting Inform\u00e1tico\" \/>\n<meta property=\"og:description\" content=\"CIC&#8217;s corporate governance is upheld by the company&#8217;s bylaws, corporate policies, internal rules and other internal codes and procedures approved by the competent bodies of the company. Ethics and transparency We favor the anti-corruption mechanisms in place and promote a culture of ethics and integrity among our employees. We offer...\" \/>\n<meta property=\"og:url\" content=\"https:\/\/www.cic.es\/en\/sostenibilidad\/buen-gobierno\/\" \/>\n<meta property=\"og:site_name\" content=\"CIC Consulting Inform\u00e1tico\" \/>\n<meta property=\"article:publisher\" content=\"https:\/\/www.facebook.com\/CIC.Consulting\/\" \/>\n<meta property=\"article:modified_time\" content=\"2025-06-27T11:04:17+00:00\" \/>\n<meta name=\"twitter:card\" content=\"summary_large_image\" \/>\n<meta name=\"twitter:site\" content=\"@CICactualidad\" \/>\n<meta name=\"twitter:label1\" content=\"Est. reading time\" \/>\n\t<meta name=\"twitter:data1\" content=\"2 minutes\" \/>\n<script type=\"application\/ld+json\" class=\"yoast-schema-graph\">{\"@context\":\"https:\\\/\\\/schema.org\",\"@graph\":[{\"@type\":\"WebPage\",\"@id\":\"https:\\\/\\\/www.cic.es\\\/en\\\/sostenibilidad\\\/buen-gobierno\\\/\",\"url\":\"https:\\\/\\\/www.cic.es\\\/en\\\/sostenibilidad\\\/buen-gobierno\\\/\",\"name\":\"Good Governance CIC Consulting Inform\u00e1tico\",\"isPartOf\":{\"@id\":\"https:\\\/\\\/www.cic.es\\\/#website\"},\"datePublished\":\"2023-03-29T14:00:16+00:00\",\"dateModified\":\"2025-06-27T11:04:17+00:00\",\"breadcrumb\":{\"@id\":\"https:\\\/\\\/www.cic.es\\\/en\\\/sostenibilidad\\\/buen-gobierno\\\/#breadcrumb\"},\"inLanguage\":\"en-US\",\"potentialAction\":[{\"@type\":\"ReadAction\",\"target\":[\"https:\\\/\\\/www.cic.es\\\/en\\\/sostenibilidad\\\/buen-gobierno\\\/\"]}]},{\"@type\":\"BreadcrumbList\",\"@id\":\"https:\\\/\\\/www.cic.es\\\/en\\\/sostenibilidad\\\/buen-gobierno\\\/#breadcrumb\",\"itemListElement\":[{\"@type\":\"ListItem\",\"position\":1,\"name\":\"CIC\",\"item\":\"https:\\\/\\\/www.cic.es\\\/\"},{\"@type\":\"ListItem\",\"position\":2,\"name\":\"Sustainability\",\"item\":\"https:\\\/\\\/www.cic.es\\\/en\\\/sostenibilidad\\\/\"},{\"@type\":\"ListItem\",\"position\":3,\"name\":\"Good Governance\"}]},{\"@type\":\"WebSite\",\"@id\":\"https:\\\/\\\/www.cic.es\\\/#website\",\"url\":\"https:\\\/\\\/www.cic.es\\\/\",\"name\":\"CIC Consulting Inform\u00e1tico\",\"description\":\"Somos una consultor\u00eda de ingenier\u00eda de desarrollo y proyectos de inform\u00e1tica y comunicaciones\",\"publisher\":{\"@id\":\"https:\\\/\\\/www.cic.es\\\/#organization\"},\"alternateName\":\"CIC Consulting Inform\u00e1tico\",\"potentialAction\":[{\"@type\":\"SearchAction\",\"target\":{\"@type\":\"EntryPoint\",\"urlTemplate\":\"https:\\\/\\\/www.cic.es\\\/?s={search_term_string}\"},\"query-input\":{\"@type\":\"PropertyValueSpecification\",\"valueRequired\":true,\"valueName\":\"search_term_string\"}}],\"inLanguage\":\"en-US\"},{\"@type\":\"Organization\",\"@id\":\"https:\\\/\\\/www.cic.es\\\/#organization\",\"name\":\"CIC Consulting Inform\u00e1tico\",\"alternateName\":\"CIC Consulting Inform\u00e1tico\",\"url\":\"https:\\\/\\\/www.cic.es\\\/\",\"logo\":{\"@type\":\"ImageObject\",\"inLanguage\":\"en-US\",\"@id\":\"https:\\\/\\\/www.cic.es\\\/#\\\/schema\\\/logo\\\/image\\\/\",\"url\":\"https:\\\/\\\/www.cic.es\\\/wp-content\\\/uploads\\\/2018\\\/04\\\/cic_color.png\",\"contentUrl\":\"https:\\\/\\\/www.cic.es\\\/wp-content\\\/uploads\\\/2018\\\/04\\\/cic_color.png\",\"width\":300,\"height\":200,\"caption\":\"CIC Consulting Inform\u00e1tico\"},\"image\":{\"@id\":\"https:\\\/\\\/www.cic.es\\\/#\\\/schema\\\/logo\\\/image\\\/\"},\"sameAs\":[\"https:\\\/\\\/www.facebook.com\\\/CIC.Consulting\\\/\",\"https:\\\/\\\/x.com\\\/CICactualidad\",\"https:\\\/\\\/www.linkedin.com\\\/company\\\/2157627\\\/\",\"https:\\\/\\\/www.pinterest.es\\\/cicconsultinginformatico\\\/\",\"https:\\\/\\\/www.youtube.com\\\/user\\\/webmastercic\"]}]}<\/script>\n<!-- \/ Yoast SEO plugin. -->","yoast_head_json":{"title":"Good Governance CIC Consulting Inform\u00e1tico","robots":{"index":"index","follow":"follow","max-snippet":"max-snippet:-1","max-image-preview":"max-image-preview:large","max-video-preview":"max-video-preview:-1"},"canonical":"https:\/\/www.cic.es\/en\/sostenibilidad\/buen-gobierno\/","og_locale":"en_US","og_type":"article","og_title":"Good Governance CIC Consulting Inform\u00e1tico","og_description":"CIC&#8217;s corporate governance is upheld by the company&#8217;s bylaws, corporate policies, internal rules and other internal codes and procedures approved by the competent bodies of the company. Ethics and transparency We favor the anti-corruption mechanisms in place and promote a culture of ethics and integrity among our employees. We offer...","og_url":"https:\/\/www.cic.es\/en\/sostenibilidad\/buen-gobierno\/","og_site_name":"CIC Consulting Inform\u00e1tico","article_publisher":"https:\/\/www.facebook.com\/CIC.Consulting\/","article_modified_time":"2025-06-27T11:04:17+00:00","twitter_card":"summary_large_image","twitter_site":"@CICactualidad","twitter_misc":{"Est. reading time":"2 minutes"},"schema":{"@context":"https:\/\/schema.org","@graph":[{"@type":"WebPage","@id":"https:\/\/www.cic.es\/en\/sostenibilidad\/buen-gobierno\/","url":"https:\/\/www.cic.es\/en\/sostenibilidad\/buen-gobierno\/","name":"Good Governance CIC Consulting Inform\u00e1tico","isPartOf":{"@id":"https:\/\/www.cic.es\/#website"},"datePublished":"2023-03-29T14:00:16+00:00","dateModified":"2025-06-27T11:04:17+00:00","breadcrumb":{"@id":"https:\/\/www.cic.es\/en\/sostenibilidad\/buen-gobierno\/#breadcrumb"},"inLanguage":"en-US","potentialAction":[{"@type":"ReadAction","target":["https:\/\/www.cic.es\/en\/sostenibilidad\/buen-gobierno\/"]}]},{"@type":"BreadcrumbList","@id":"https:\/\/www.cic.es\/en\/sostenibilidad\/buen-gobierno\/#breadcrumb","itemListElement":[{"@type":"ListItem","position":1,"name":"CIC","item":"https:\/\/www.cic.es\/"},{"@type":"ListItem","position":2,"name":"Sustainability","item":"https:\/\/www.cic.es\/en\/sostenibilidad\/"},{"@type":"ListItem","position":3,"name":"Good Governance"}]},{"@type":"WebSite","@id":"https:\/\/www.cic.es\/#website","url":"https:\/\/www.cic.es\/","name":"CIC Consulting Inform\u00e1tico","description":"Somos una consultor\u00eda de ingenier\u00eda de desarrollo y proyectos de inform\u00e1tica y comunicaciones","publisher":{"@id":"https:\/\/www.cic.es\/#organization"},"alternateName":"CIC Consulting Inform\u00e1tico","potentialAction":[{"@type":"SearchAction","target":{"@type":"EntryPoint","urlTemplate":"https:\/\/www.cic.es\/?s={search_term_string}"},"query-input":{"@type":"PropertyValueSpecification","valueRequired":true,"valueName":"search_term_string"}}],"inLanguage":"en-US"},{"@type":"Organization","@id":"https:\/\/www.cic.es\/#organization","name":"CIC Consulting Inform\u00e1tico","alternateName":"CIC Consulting Inform\u00e1tico","url":"https:\/\/www.cic.es\/","logo":{"@type":"ImageObject","inLanguage":"en-US","@id":"https:\/\/www.cic.es\/#\/schema\/logo\/image\/","url":"https:\/\/www.cic.es\/wp-content\/uploads\/2018\/04\/cic_color.png","contentUrl":"https:\/\/www.cic.es\/wp-content\/uploads\/2018\/04\/cic_color.png","width":300,"height":200,"caption":"CIC Consulting Inform\u00e1tico"},"image":{"@id":"https:\/\/www.cic.es\/#\/schema\/logo\/image\/"},"sameAs":["https:\/\/www.facebook.com\/CIC.Consulting\/","https:\/\/x.com\/CICactualidad","https:\/\/www.linkedin.com\/company\/2157627\/","https:\/\/www.pinterest.es\/cicconsultinginformatico\/","https:\/\/www.youtube.com\/user\/webmastercic"]}]}},"_links":{"self":[{"href":"https:\/\/www.cic.es\/en\/wp-json\/wp\/v2\/pages\/14352","targetHints":{"allow":["GET"]}}],"collection":[{"href":"https:\/\/www.cic.es\/en\/wp-json\/wp\/v2\/pages"}],"about":[{"href":"https:\/\/www.cic.es\/en\/wp-json\/wp\/v2\/types\/page"}],"author":[{"embeddable":true,"href":"https:\/\/www.cic.es\/en\/wp-json\/wp\/v2\/users\/1"}],"replies":[{"embeddable":true,"href":"https:\/\/www.cic.es\/en\/wp-json\/wp\/v2\/comments?post=14352"}],"version-history":[{"count":1,"href":"https:\/\/www.cic.es\/en\/wp-json\/wp\/v2\/pages\/14352\/revisions"}],"predecessor-version":[{"id":14354,"href":"https:\/\/www.cic.es\/en\/wp-json\/wp\/v2\/pages\/14352\/revisions\/14354"}],"up":[{"embeddable":true,"href":"https:\/\/www.cic.es\/en\/wp-json\/wp\/v2\/pages\/4379"}],"wp:attachment":[{"href":"https:\/\/www.cic.es\/en\/wp-json\/wp\/v2\/media?parent=14352"}],"curies":[{"name":"wp","href":"https:\/\/api.w.org\/{rel}","templated":true}]}}