{"id":14344,"date":"2023-03-29T14:31:18","date_gmt":"2023-03-29T13:31:18","guid":{"rendered":"https:\/\/www.cic.es\/sostenibilidad\/empleados\/"},"modified":"2026-02-25T10:15:12","modified_gmt":"2026-02-25T09:15:12","slug":"empleados","status":"publish","type":"page","link":"https:\/\/www.cic.es\/en\/sostenibilidad\/empleados\/","title":{"rendered":"Employees"},"content":{"rendered":"\n<h2 class=\"wp-block-heading has-text-color\" style=\"color:#0085ca\"><em>\u201c<strong><em>Our commitment to talent<\/em><\/strong>\u201d<\/em><\/h2>\n\n\n\n<p>We count on a team sharing excellent technical capabilities, willing to accept new challenges and able to share common values and objectives.<\/p>\n\n\n\n<div class=\"wp-block-columns is-layout-flex wp-container-core-columns-is-layout-9d6595d7 wp-block-columns-is-layout-flex\">\n<div class=\"wp-block-column p-20 has-background is-layout-flow wp-block-column-is-layout-flow\" style=\"background-color:#f9f9f9\">\n<p class=\"has-text-color has-large-font-size\" style=\"color:#0085ca\">+350<\/p>\n\n\n\n<p>professionals: enthusiastic, committed, resourceful and team players.<\/p>\n<\/div>\n\n\n\n<div class=\"wp-block-column p-20 has-background is-layout-flow wp-block-column-is-layout-flow\" style=\"background-color:#f9f9f9\">\n<p class=\"has-text-color has-large-font-size\" style=\"color:#0085ca\">14<\/p>\n\n\n\n<p>nationalities, of which 28% are women.<\/p>\n<\/div>\n\n\n\n<div class=\"wp-block-column p-20 has-background is-layout-flow wp-block-column-is-layout-flow\" style=\"background-color:#f9f9f9\">\n<p class=\"has-text-color has-large-font-size\" style=\"color:#0085ca\">25%<\/p>\n\n\n\n<p>of women in the company, 54% of whom are in STEM.<\/p>\n<\/div>\n<\/div>\n\n\n\n<div class=\"wp-block-columns is-layout-flex wp-container-core-columns-is-layout-9d6595d7 wp-block-columns-is-layout-flex\">\n<div class=\"wp-block-column p-20 has-background is-layout-flow wp-block-column-is-layout-flow\" style=\"background-color:#f9f9f9\">\n<p class=\"has-text-color has-large-font-size\" style=\"color:#0085ca\">65%<\/p>\n\n\n\n<p>of those hired were young people under 30 years of age.<\/p>\n<\/div>\n\n\n\n<div class=\"wp-block-column p-20 has-background is-layout-flow wp-block-column-is-layout-flow\" style=\"background-color:#f9f9f9\">\n<p class=\"has-text-color has-large-font-size\" style=\"color:#0085ca\">+18.000<\/p>\n\n\n\n<p>hours of training.<\/p>\n<\/div>\n\n\n\n<div class=\"wp-block-column p-20 has-background is-layout-flow wp-block-column-is-layout-flow\" style=\"background-color:#f9f9f9\">\n<p class=\"has-text-color\" style=\"color: #0085ca; font-size: 28px; line-height: 35px; font-style: normal; font-weight: 500;\">Happy Place To Work and Tech At Work 2025<\/p>\n<\/div>\n<\/div>\n\n\n\n<div class=\"wp-block-columns is-layout-flex wp-container-core-columns-is-layout-9d6595d7 wp-block-columns-is-layout-flex\">\n<div class=\"wp-block-column is-layout-flow wp-block-column-is-layout-flow\">\n<h2 class=\"wp-block-heading\">Diversity and inclusion<\/h2>\n\n\n\n<p>We have a <strong>gender-balanced workforce<\/strong>, which is&nbsp; quite remarkable for a company in the IT sector. <strong>Equal opportunities <\/strong>are promoted with the understanding that any vacancy must be filled by the most suitable profile, regardless of gender, age, culture or nationality.<\/p>\n<\/div>\n\n\n\n<div class=\"wp-block-column is-layout-flow wp-block-column-is-layout-flow\">\n<h2 class=\"wp-block-heading\">Non discriminatory<\/h2>\n\n\n\n<p>The company&#8217;s Code of Ethics and Conduct and Human Rights Respect Policy have specific clauses regarding the corporate commitment to promote respect for diversity and equal rights and opportunities.<\/p>\n<\/div>\n<\/div>\n\n\n\n<div class=\"wp-block-columns is-layout-flex wp-container-core-columns-is-layout-9d6595d7 wp-block-columns-is-layout-flex\">\n<div class=\"wp-block-column is-layout-flow wp-block-column-is-layout-flow\">\n<h2 class=\"wp-block-heading\">Health and safety<\/h2>\n\n\n\n<p>We encourage and guarantee the health and safety of our own and subcontracted employees at CIC. This is done through awareness and preventive culture throughout the organization, promoting a management based on information and training of all our employees, by affording them with the appropriate means, constant supervision of compliance with work procedures with the objective of zero accidents.<\/p>\n<\/div>\n\n\n\n<div class=\"wp-block-column is-layout-flow wp-block-column-is-layout-flow\">\n<h2 class=\"wp-block-heading\">Supporting youth employment<\/h2>\n\n\n\n<p>CIC is a young and dynamic company and we want to help young people with their first job. We collaborate with the educational ecosystem (universities, vocational training centers, business schools, etc.) through agreements. We offer training programs in cutting-edge technologies that are in high demand. During the last year, 65% of those hired were young people under 30 years of age.<\/p>\n<\/div>\n<\/div>\n\n\n\n<div class=\"wp-block-columns is-layout-flex wp-container-core-columns-is-layout-9d6595d7 wp-block-columns-is-layout-flex\">\n<div class=\"wp-block-column is-layout-flow wp-block-column-is-layout-flow\">\n<h2 class=\"wp-block-heading\">Work-life balance<\/h2>\n\n\n\n<p>CIC employees <strong>have a flexible work schedule that favors the work-life balance<\/strong>. The company encourages flexibility, self-responsibility and autonomy, allowing for our workers to adapt their work to their individual needs and schedules.<\/p>\n<\/div>\n\n\n\n<div class=\"wp-block-column is-layout-flow wp-block-column-is-layout-flow\">\n<h2 class=\"wp-block-heading\">Training<\/h2>\n\n\n\n<p>We are aware of our responsibility to society and we act accordingly, promoting quality education and offering decent employment.<\/p>\n\n\n\n<p>We train our employees in order to provide them with the greatest possible skills and competencies.<\/p>\n<\/div>\n<\/div>\n\n\n\n<h3 class=\"wp-block-heading has-text-color\" style=\"color:#44546a\"><strong>Documents of interest<\/strong><\/h3>\n\n\n\n<div class=\"wp-block-columns is-layout-flex wp-container-core-columns-is-layout-9d6595d7 wp-block-columns-is-layout-flex\">\n<div class=\"wp-block-column is-layout-flow wp-block-column-is-layout-flow\">\n<p>\ud83d\udcc4&nbsp;<a href=\"\/wp-content\/uploads\/2020\/01\/PoliticaRSCGrupoCICv1.pdf\" target=\"_blank\" rel=\"noreferrer noopener\">Sustainability report<\/a><\/p>\n\n\n\n<p>\ud83d\udcc4 <a href=\"\/wp-content\/uploads\/2023\/12\/Politica_diversidad.pdf\">Diversity and Inclusion policy<\/a><\/p>\n<\/div>\n<\/div>\n","protected":false},"excerpt":{"rendered":"<p>\u201cOur commitment to talent\u201d We count on a team sharing excellent technical capabilities, willing to accept new challenges and able to share common values and objectives. +350 professionals: enthusiastic, committed, resourceful and team players. 14 nationalities, of which 28% are women. 25% of women in the company, 54% of whom&#8230;<\/p>\n","protected":false},"author":1,"featured_media":0,"parent":4379,"menu_order":0,"comment_status":"closed","ping_status":"closed","template":"page-templates\/page-rsc.php","meta":{"_acf_changed":false,"footnotes":""},"class_list":["post-14344","page","type-page","status-publish","hentry"],"acf":[],"yoast_head":"<!-- This site is optimized with the Yoast SEO plugin v27.4 - https:\/\/yoast.com\/product\/yoast-seo-wordpress\/ -->\n<title>Employees CIC Consulting Inform\u00e1tico<\/title>\n<meta name=\"robots\" content=\"index, follow, max-snippet:-1, max-image-preview:large, max-video-preview:-1\" \/>\n<link rel=\"canonical\" href=\"https:\/\/www.cic.es\/en\/sostenibilidad\/empleados\/\" \/>\n<meta property=\"og:locale\" content=\"en_US\" \/>\n<meta property=\"og:type\" content=\"article\" \/>\n<meta property=\"og:title\" content=\"Employees CIC Consulting Inform\u00e1tico\" \/>\n<meta property=\"og:description\" content=\"\u201cOur commitment to talent\u201d We count on a team sharing excellent technical capabilities, willing to accept new challenges and able to share common values and objectives. +350 professionals: enthusiastic, committed, resourceful and team players. 14 nationalities, of which 28% are women. 25% of women in the company, 54% of whom...\" \/>\n<meta property=\"og:url\" content=\"https:\/\/www.cic.es\/en\/sostenibilidad\/empleados\/\" \/>\n<meta property=\"og:site_name\" content=\"CIC Consulting Inform\u00e1tico\" \/>\n<meta property=\"article:publisher\" content=\"https:\/\/www.facebook.com\/CIC.Consulting\/\" \/>\n<meta property=\"article:modified_time\" content=\"2026-02-25T09:15:12+00:00\" \/>\n<meta name=\"twitter:card\" content=\"summary_large_image\" \/>\n<meta name=\"twitter:site\" content=\"@CICactualidad\" \/>\n<meta name=\"twitter:label1\" content=\"Est. reading time\" \/>\n\t<meta name=\"twitter:data1\" content=\"2 minutes\" \/>\n<script type=\"application\/ld+json\" class=\"yoast-schema-graph\">{\"@context\":\"https:\\\/\\\/schema.org\",\"@graph\":[{\"@type\":\"WebPage\",\"@id\":\"https:\\\/\\\/www.cic.es\\\/en\\\/sostenibilidad\\\/empleados\\\/\",\"url\":\"https:\\\/\\\/www.cic.es\\\/en\\\/sostenibilidad\\\/empleados\\\/\",\"name\":\"Employees CIC Consulting Inform\u00e1tico\",\"isPartOf\":{\"@id\":\"https:\\\/\\\/www.cic.es\\\/#website\"},\"datePublished\":\"2023-03-29T13:31:18+00:00\",\"dateModified\":\"2026-02-25T09:15:12+00:00\",\"breadcrumb\":{\"@id\":\"https:\\\/\\\/www.cic.es\\\/en\\\/sostenibilidad\\\/empleados\\\/#breadcrumb\"},\"inLanguage\":\"en-US\",\"potentialAction\":[{\"@type\":\"ReadAction\",\"target\":[\"https:\\\/\\\/www.cic.es\\\/en\\\/sostenibilidad\\\/empleados\\\/\"]}]},{\"@type\":\"BreadcrumbList\",\"@id\":\"https:\\\/\\\/www.cic.es\\\/en\\\/sostenibilidad\\\/empleados\\\/#breadcrumb\",\"itemListElement\":[{\"@type\":\"ListItem\",\"position\":1,\"name\":\"CIC\",\"item\":\"https:\\\/\\\/www.cic.es\\\/\"},{\"@type\":\"ListItem\",\"position\":2,\"name\":\"Sustainability\",\"item\":\"https:\\\/\\\/www.cic.es\\\/en\\\/sostenibilidad\\\/\"},{\"@type\":\"ListItem\",\"position\":3,\"name\":\"Employees\"}]},{\"@type\":\"WebSite\",\"@id\":\"https:\\\/\\\/www.cic.es\\\/#website\",\"url\":\"https:\\\/\\\/www.cic.es\\\/\",\"name\":\"CIC Consulting Inform\u00e1tico\",\"description\":\"Somos una consultor\u00eda de ingenier\u00eda de desarrollo y proyectos de inform\u00e1tica y comunicaciones\",\"publisher\":{\"@id\":\"https:\\\/\\\/www.cic.es\\\/#organization\"},\"alternateName\":\"CIC Consulting Inform\u00e1tico\",\"potentialAction\":[{\"@type\":\"SearchAction\",\"target\":{\"@type\":\"EntryPoint\",\"urlTemplate\":\"https:\\\/\\\/www.cic.es\\\/?s={search_term_string}\"},\"query-input\":{\"@type\":\"PropertyValueSpecification\",\"valueRequired\":true,\"valueName\":\"search_term_string\"}}],\"inLanguage\":\"en-US\"},{\"@type\":\"Organization\",\"@id\":\"https:\\\/\\\/www.cic.es\\\/#organization\",\"name\":\"CIC Consulting Inform\u00e1tico\",\"alternateName\":\"CIC Consulting Inform\u00e1tico\",\"url\":\"https:\\\/\\\/www.cic.es\\\/\",\"logo\":{\"@type\":\"ImageObject\",\"inLanguage\":\"en-US\",\"@id\":\"https:\\\/\\\/www.cic.es\\\/#\\\/schema\\\/logo\\\/image\\\/\",\"url\":\"https:\\\/\\\/www.cic.es\\\/wp-content\\\/uploads\\\/2018\\\/04\\\/cic_color.png\",\"contentUrl\":\"https:\\\/\\\/www.cic.es\\\/wp-content\\\/uploads\\\/2018\\\/04\\\/cic_color.png\",\"width\":300,\"height\":200,\"caption\":\"CIC Consulting Inform\u00e1tico\"},\"image\":{\"@id\":\"https:\\\/\\\/www.cic.es\\\/#\\\/schema\\\/logo\\\/image\\\/\"},\"sameAs\":[\"https:\\\/\\\/www.facebook.com\\\/CIC.Consulting\\\/\",\"https:\\\/\\\/x.com\\\/CICactualidad\",\"https:\\\/\\\/www.linkedin.com\\\/company\\\/2157627\\\/\",\"https:\\\/\\\/www.pinterest.es\\\/cicconsultinginformatico\\\/\",\"https:\\\/\\\/www.youtube.com\\\/user\\\/webmastercic\"]}]}<\/script>\n<!-- \/ Yoast SEO plugin. -->","yoast_head_json":{"title":"Employees CIC Consulting Inform\u00e1tico","robots":{"index":"index","follow":"follow","max-snippet":"max-snippet:-1","max-image-preview":"max-image-preview:large","max-video-preview":"max-video-preview:-1"},"canonical":"https:\/\/www.cic.es\/en\/sostenibilidad\/empleados\/","og_locale":"en_US","og_type":"article","og_title":"Employees CIC Consulting Inform\u00e1tico","og_description":"\u201cOur commitment to talent\u201d We count on a team sharing excellent technical capabilities, willing to accept new challenges and able to share common values and objectives. +350 professionals: enthusiastic, committed, resourceful and team players. 14 nationalities, of which 28% are women. 25% of women in the company, 54% of whom...","og_url":"https:\/\/www.cic.es\/en\/sostenibilidad\/empleados\/","og_site_name":"CIC Consulting Inform\u00e1tico","article_publisher":"https:\/\/www.facebook.com\/CIC.Consulting\/","article_modified_time":"2026-02-25T09:15:12+00:00","twitter_card":"summary_large_image","twitter_site":"@CICactualidad","twitter_misc":{"Est. reading time":"2 minutes"},"schema":{"@context":"https:\/\/schema.org","@graph":[{"@type":"WebPage","@id":"https:\/\/www.cic.es\/en\/sostenibilidad\/empleados\/","url":"https:\/\/www.cic.es\/en\/sostenibilidad\/empleados\/","name":"Employees CIC Consulting Inform\u00e1tico","isPartOf":{"@id":"https:\/\/www.cic.es\/#website"},"datePublished":"2023-03-29T13:31:18+00:00","dateModified":"2026-02-25T09:15:12+00:00","breadcrumb":{"@id":"https:\/\/www.cic.es\/en\/sostenibilidad\/empleados\/#breadcrumb"},"inLanguage":"en-US","potentialAction":[{"@type":"ReadAction","target":["https:\/\/www.cic.es\/en\/sostenibilidad\/empleados\/"]}]},{"@type":"BreadcrumbList","@id":"https:\/\/www.cic.es\/en\/sostenibilidad\/empleados\/#breadcrumb","itemListElement":[{"@type":"ListItem","position":1,"name":"CIC","item":"https:\/\/www.cic.es\/"},{"@type":"ListItem","position":2,"name":"Sustainability","item":"https:\/\/www.cic.es\/en\/sostenibilidad\/"},{"@type":"ListItem","position":3,"name":"Employees"}]},{"@type":"WebSite","@id":"https:\/\/www.cic.es\/#website","url":"https:\/\/www.cic.es\/","name":"CIC Consulting Inform\u00e1tico","description":"Somos una consultor\u00eda de ingenier\u00eda de desarrollo y proyectos de inform\u00e1tica y comunicaciones","publisher":{"@id":"https:\/\/www.cic.es\/#organization"},"alternateName":"CIC Consulting Inform\u00e1tico","potentialAction":[{"@type":"SearchAction","target":{"@type":"EntryPoint","urlTemplate":"https:\/\/www.cic.es\/?s={search_term_string}"},"query-input":{"@type":"PropertyValueSpecification","valueRequired":true,"valueName":"search_term_string"}}],"inLanguage":"en-US"},{"@type":"Organization","@id":"https:\/\/www.cic.es\/#organization","name":"CIC Consulting Inform\u00e1tico","alternateName":"CIC Consulting Inform\u00e1tico","url":"https:\/\/www.cic.es\/","logo":{"@type":"ImageObject","inLanguage":"en-US","@id":"https:\/\/www.cic.es\/#\/schema\/logo\/image\/","url":"https:\/\/www.cic.es\/wp-content\/uploads\/2018\/04\/cic_color.png","contentUrl":"https:\/\/www.cic.es\/wp-content\/uploads\/2018\/04\/cic_color.png","width":300,"height":200,"caption":"CIC Consulting Inform\u00e1tico"},"image":{"@id":"https:\/\/www.cic.es\/#\/schema\/logo\/image\/"},"sameAs":["https:\/\/www.facebook.com\/CIC.Consulting\/","https:\/\/x.com\/CICactualidad","https:\/\/www.linkedin.com\/company\/2157627\/","https:\/\/www.pinterest.es\/cicconsultinginformatico\/","https:\/\/www.youtube.com\/user\/webmastercic"]}]}},"_links":{"self":[{"href":"https:\/\/www.cic.es\/en\/wp-json\/wp\/v2\/pages\/14344","targetHints":{"allow":["GET"]}}],"collection":[{"href":"https:\/\/www.cic.es\/en\/wp-json\/wp\/v2\/pages"}],"about":[{"href":"https:\/\/www.cic.es\/en\/wp-json\/wp\/v2\/types\/page"}],"author":[{"embeddable":true,"href":"https:\/\/www.cic.es\/en\/wp-json\/wp\/v2\/users\/1"}],"replies":[{"embeddable":true,"href":"https:\/\/www.cic.es\/en\/wp-json\/wp\/v2\/comments?post=14344"}],"version-history":[{"count":8,"href":"https:\/\/www.cic.es\/en\/wp-json\/wp\/v2\/pages\/14344\/revisions"}],"predecessor-version":[{"id":26573,"href":"https:\/\/www.cic.es\/en\/wp-json\/wp\/v2\/pages\/14344\/revisions\/26573"}],"up":[{"embeddable":true,"href":"https:\/\/www.cic.es\/en\/wp-json\/wp\/v2\/pages\/4379"}],"wp:attachment":[{"href":"https:\/\/www.cic.es\/en\/wp-json\/wp\/v2\/media?parent=14344"}],"curies":[{"name":"wp","href":"https:\/\/api.w.org\/{rel}","templated":true}]}}