{"id":14340,"date":"2023-03-29T14:10:39","date_gmt":"2023-03-29T13:10:39","guid":{"rendered":"https:\/\/www.cic.es\/sostenibilidad\/sociedad\/"},"modified":"2026-02-25T10:17:21","modified_gmt":"2026-02-25T09:17:21","slug":"sociedad","status":"publish","type":"page","link":"https:\/\/www.cic.es\/en\/sostenibilidad\/sociedad\/","title":{"rendered":"Society"},"content":{"rendered":"\n<div class=\"wp-block-columns is-layout-flex wp-container-core-columns-is-layout-9d6595d7 wp-block-columns-is-layout-flex\">\n<div class=\"wp-block-column p-20 has-background is-layout-flow wp-block-column-is-layout-flow\" style=\"background-color:#f9f9f9;flex-basis:66.66%\">\n<p class=\"has-text-color has-large-font-size\" style=\"color:#0085ca\">+16.000\u20ac<\/p>\n\n\n\n<p>The amount we have allocated to different social organizations to finance social projects focused on society&#8217;s most vulnerable.<\/p>\n<\/div>\n\n\n\n<div class=\"wp-block-column p-20 has-background is-layout-flow wp-block-column-is-layout-flow\" style=\"background-color:#f9f9f9;flex-basis:33.33%\">\n<p class=\"has-text-color has-large-font-size\" style=\"color:#0085ca\">+20<\/p>\n\n\n\n<p>We collaborate with more than 10 social agencies.<\/p>\n<\/div>\n<\/div>\n\n\n\n<p>Social commitment is part of CIC&#8217;s corporate culture. We seek to contribute to society by supporting social development of communities, through collaboration projects with NGOs and local institutions.<\/p>\n\n\n\n<p>We support charitable organizations that help the community. Through collaborations, donations and sponsorships we support initiatives that seek to protect societies most vulnerable groups.<\/p>\n\n\n\n<div class=\"wp-block-columns is-layout-flex wp-container-core-columns-is-layout-9d6595d7 wp-block-columns-is-layout-flex\">\n<div class=\"wp-block-column is-layout-flow wp-block-column-is-layout-flow\">\n<h2 class=\"wp-block-heading\">Our commitment with society<\/h2>\n\n\n\n<p>We are partners with organizations that&nbsp; work to stimulate and develop the talent of girls, young women and women for their empowerment and reach full equality.<\/p>\n\n\n\n<p>In addition, we are supporters of social development through our collaboration projects with NGOs and local institutions. Investing in education to favor the integration of the most vulnerable groups in society, and offering them the tools and resources necessary for their economic, cultural and social progress.<\/p>\n<\/div>\n\n\n\n<div class=\"wp-block-column is-layout-flow wp-block-column-is-layout-flow\">\n<h2 class=\"wp-block-heading\">Supporting culture and sports<\/h2>\n\n\n\n<p>The overall well-being of our employees is a fundamental aspect of our success. For this reason, we are supporters of sports and cultural activities in our work environment.<\/p>\n\n\n\n<p>Sport is an excellent way to keep fit, promote good health and prevent illness. It also has a very positive effect on the morale and motivation of our employees. Furthermore, we sponsor and participate in sporting events such as fun runs and football tournaments that promote team-building.<\/p>\n<\/div>\n<\/div>\n\n\n\n<div class=\"wp-block-columns is-layout-flex wp-container-core-columns-is-layout-9d6595d7 wp-block-columns-is-layout-flex\">\n<div class=\"wp-block-column is-layout-flow wp-block-column-is-layout-flow\">\n<h2 class=\"wp-block-heading\">Committed to job integration<\/h2>\n\n\n\n<p>We are strongly committed to <strong>job creation and job placement<\/strong>. In addition, we are a company that has experienced considerable growth in our workforce in recent years, so job creation is a core commitment of CIC.<\/p>\n\n\n\n<p>We work with the different educational agents, disseminating our know-how within the IT sector. We provide the means for people with a vocation for technology, develop their talents. We also host internship programs for students.<\/p>\n<\/div>\n\n\n\n<div class=\"wp-block-column is-layout-flow wp-block-column-is-layout-flow\">\n<h2 class=\"wp-block-heading\">Supporting culture and education<\/h2>\n\n\n\n<p>We are strongly involved in the economic, social, cultural and educational development of our society. For this reason, we work with some of the most relevant institutions and organizations in our country to promote the progress and welfare of our community.<\/p>\n\n\n\n<p>In order to carry out this task, we are members of 16 business institutions, with which we have a common vision and a shared understanding of the need to identify challenges and opportunities.<\/p>\n<\/div>\n<\/div>\n\n\n\n<h3 class=\"wp-block-heading has-text-color\" style=\"color:#44546a\">Documents of interest<\/h3>\n\n\n\n<p>\ud83d\udcc4 <a href=\"\/wp-content\/uploads\/2023\/06\/Politica-de-derechos-humanos.pdf\" target=\"_blank\" rel=\"noreferrer noopener\">Human rights policy<\/a><\/p>\n","protected":false},"excerpt":{"rendered":"<p>+16.000\u20ac The amount we have allocated to different social organizations to finance social projects focused on society&#8217;s most vulnerable. +20 We collaborate with more than 10 social agencies. Social commitment is part of CIC&#8217;s corporate culture. We seek to contribute to society by supporting social development of communities, through collaboration&#8230;<\/p>\n","protected":false},"author":1,"featured_media":0,"parent":4379,"menu_order":0,"comment_status":"closed","ping_status":"closed","template":"page-templates\/page-rsc.php","meta":{"_acf_changed":false,"footnotes":""},"class_list":["post-14340","page","type-page","status-publish","hentry"],"acf":[],"yoast_head":"<!-- This site is optimized with the Yoast SEO plugin v27.4 - https:\/\/yoast.com\/product\/yoast-seo-wordpress\/ -->\n<title>Society CIC Consulting Inform\u00e1tico<\/title>\n<meta name=\"robots\" content=\"index, follow, max-snippet:-1, max-image-preview:large, max-video-preview:-1\" \/>\n<link rel=\"canonical\" href=\"https:\/\/www.cic.es\/en\/sostenibilidad\/sociedad\/\" \/>\n<meta property=\"og:locale\" content=\"en_US\" \/>\n<meta property=\"og:type\" content=\"article\" \/>\n<meta property=\"og:title\" content=\"Society CIC Consulting Inform\u00e1tico\" \/>\n<meta property=\"og:description\" content=\"+16.000\u20ac The amount we have allocated to different social organizations to finance social projects focused on society&#8217;s most vulnerable. +20 We collaborate with more than 10 social agencies. Social commitment is part of CIC&#8217;s corporate culture. We seek to contribute to society by supporting social development of communities, through collaboration...\" \/>\n<meta property=\"og:url\" content=\"https:\/\/www.cic.es\/en\/sostenibilidad\/sociedad\/\" \/>\n<meta property=\"og:site_name\" content=\"CIC Consulting Inform\u00e1tico\" \/>\n<meta property=\"article:publisher\" content=\"https:\/\/www.facebook.com\/CIC.Consulting\/\" \/>\n<meta property=\"article:modified_time\" content=\"2026-02-25T09:17:21+00:00\" \/>\n<meta name=\"twitter:card\" content=\"summary_large_image\" \/>\n<meta name=\"twitter:site\" content=\"@CICactualidad\" \/>\n<meta name=\"twitter:label1\" content=\"Est. reading time\" \/>\n\t<meta name=\"twitter:data1\" content=\"2 minutes\" \/>\n<script type=\"application\/ld+json\" class=\"yoast-schema-graph\">{\"@context\":\"https:\\\/\\\/schema.org\",\"@graph\":[{\"@type\":\"WebPage\",\"@id\":\"https:\\\/\\\/www.cic.es\\\/en\\\/sostenibilidad\\\/sociedad\\\/\",\"url\":\"https:\\\/\\\/www.cic.es\\\/en\\\/sostenibilidad\\\/sociedad\\\/\",\"name\":\"Society CIC Consulting Inform\u00e1tico\",\"isPartOf\":{\"@id\":\"https:\\\/\\\/www.cic.es\\\/#website\"},\"datePublished\":\"2023-03-29T13:10:39+00:00\",\"dateModified\":\"2026-02-25T09:17:21+00:00\",\"breadcrumb\":{\"@id\":\"https:\\\/\\\/www.cic.es\\\/en\\\/sostenibilidad\\\/sociedad\\\/#breadcrumb\"},\"inLanguage\":\"en-US\",\"potentialAction\":[{\"@type\":\"ReadAction\",\"target\":[\"https:\\\/\\\/www.cic.es\\\/en\\\/sostenibilidad\\\/sociedad\\\/\"]}]},{\"@type\":\"BreadcrumbList\",\"@id\":\"https:\\\/\\\/www.cic.es\\\/en\\\/sostenibilidad\\\/sociedad\\\/#breadcrumb\",\"itemListElement\":[{\"@type\":\"ListItem\",\"position\":1,\"name\":\"CIC\",\"item\":\"https:\\\/\\\/www.cic.es\\\/\"},{\"@type\":\"ListItem\",\"position\":2,\"name\":\"Sustainability\",\"item\":\"https:\\\/\\\/www.cic.es\\\/en\\\/sostenibilidad\\\/\"},{\"@type\":\"ListItem\",\"position\":3,\"name\":\"Society\"}]},{\"@type\":\"WebSite\",\"@id\":\"https:\\\/\\\/www.cic.es\\\/#website\",\"url\":\"https:\\\/\\\/www.cic.es\\\/\",\"name\":\"CIC Consulting Inform\u00e1tico\",\"description\":\"Somos una consultor\u00eda de ingenier\u00eda de desarrollo y proyectos de inform\u00e1tica y comunicaciones\",\"publisher\":{\"@id\":\"https:\\\/\\\/www.cic.es\\\/#organization\"},\"alternateName\":\"CIC Consulting Inform\u00e1tico\",\"potentialAction\":[{\"@type\":\"SearchAction\",\"target\":{\"@type\":\"EntryPoint\",\"urlTemplate\":\"https:\\\/\\\/www.cic.es\\\/?s={search_term_string}\"},\"query-input\":{\"@type\":\"PropertyValueSpecification\",\"valueRequired\":true,\"valueName\":\"search_term_string\"}}],\"inLanguage\":\"en-US\"},{\"@type\":\"Organization\",\"@id\":\"https:\\\/\\\/www.cic.es\\\/#organization\",\"name\":\"CIC Consulting Inform\u00e1tico\",\"alternateName\":\"CIC Consulting Inform\u00e1tico\",\"url\":\"https:\\\/\\\/www.cic.es\\\/\",\"logo\":{\"@type\":\"ImageObject\",\"inLanguage\":\"en-US\",\"@id\":\"https:\\\/\\\/www.cic.es\\\/#\\\/schema\\\/logo\\\/image\\\/\",\"url\":\"https:\\\/\\\/www.cic.es\\\/wp-content\\\/uploads\\\/2018\\\/04\\\/cic_color.png\",\"contentUrl\":\"https:\\\/\\\/www.cic.es\\\/wp-content\\\/uploads\\\/2018\\\/04\\\/cic_color.png\",\"width\":300,\"height\":200,\"caption\":\"CIC Consulting Inform\u00e1tico\"},\"image\":{\"@id\":\"https:\\\/\\\/www.cic.es\\\/#\\\/schema\\\/logo\\\/image\\\/\"},\"sameAs\":[\"https:\\\/\\\/www.facebook.com\\\/CIC.Consulting\\\/\",\"https:\\\/\\\/x.com\\\/CICactualidad\",\"https:\\\/\\\/www.linkedin.com\\\/company\\\/2157627\\\/\",\"https:\\\/\\\/www.pinterest.es\\\/cicconsultinginformatico\\\/\",\"https:\\\/\\\/www.youtube.com\\\/user\\\/webmastercic\"]}]}<\/script>\n<!-- \/ Yoast SEO plugin. -->","yoast_head_json":{"title":"Society CIC Consulting Inform\u00e1tico","robots":{"index":"index","follow":"follow","max-snippet":"max-snippet:-1","max-image-preview":"max-image-preview:large","max-video-preview":"max-video-preview:-1"},"canonical":"https:\/\/www.cic.es\/en\/sostenibilidad\/sociedad\/","og_locale":"en_US","og_type":"article","og_title":"Society CIC Consulting Inform\u00e1tico","og_description":"+16.000\u20ac The amount we have allocated to different social organizations to finance social projects focused on society&#8217;s most vulnerable. +20 We collaborate with more than 10 social agencies. Social commitment is part of CIC&#8217;s corporate culture. We seek to contribute to society by supporting social development of communities, through collaboration...","og_url":"https:\/\/www.cic.es\/en\/sostenibilidad\/sociedad\/","og_site_name":"CIC Consulting Inform\u00e1tico","article_publisher":"https:\/\/www.facebook.com\/CIC.Consulting\/","article_modified_time":"2026-02-25T09:17:21+00:00","twitter_card":"summary_large_image","twitter_site":"@CICactualidad","twitter_misc":{"Est. reading time":"2 minutes"},"schema":{"@context":"https:\/\/schema.org","@graph":[{"@type":"WebPage","@id":"https:\/\/www.cic.es\/en\/sostenibilidad\/sociedad\/","url":"https:\/\/www.cic.es\/en\/sostenibilidad\/sociedad\/","name":"Society CIC Consulting Inform\u00e1tico","isPartOf":{"@id":"https:\/\/www.cic.es\/#website"},"datePublished":"2023-03-29T13:10:39+00:00","dateModified":"2026-02-25T09:17:21+00:00","breadcrumb":{"@id":"https:\/\/www.cic.es\/en\/sostenibilidad\/sociedad\/#breadcrumb"},"inLanguage":"en-US","potentialAction":[{"@type":"ReadAction","target":["https:\/\/www.cic.es\/en\/sostenibilidad\/sociedad\/"]}]},{"@type":"BreadcrumbList","@id":"https:\/\/www.cic.es\/en\/sostenibilidad\/sociedad\/#breadcrumb","itemListElement":[{"@type":"ListItem","position":1,"name":"CIC","item":"https:\/\/www.cic.es\/"},{"@type":"ListItem","position":2,"name":"Sustainability","item":"https:\/\/www.cic.es\/en\/sostenibilidad\/"},{"@type":"ListItem","position":3,"name":"Society"}]},{"@type":"WebSite","@id":"https:\/\/www.cic.es\/#website","url":"https:\/\/www.cic.es\/","name":"CIC Consulting Inform\u00e1tico","description":"Somos una consultor\u00eda de ingenier\u00eda de desarrollo y proyectos de inform\u00e1tica y comunicaciones","publisher":{"@id":"https:\/\/www.cic.es\/#organization"},"alternateName":"CIC Consulting Inform\u00e1tico","potentialAction":[{"@type":"SearchAction","target":{"@type":"EntryPoint","urlTemplate":"https:\/\/www.cic.es\/?s={search_term_string}"},"query-input":{"@type":"PropertyValueSpecification","valueRequired":true,"valueName":"search_term_string"}}],"inLanguage":"en-US"},{"@type":"Organization","@id":"https:\/\/www.cic.es\/#organization","name":"CIC Consulting Inform\u00e1tico","alternateName":"CIC Consulting Inform\u00e1tico","url":"https:\/\/www.cic.es\/","logo":{"@type":"ImageObject","inLanguage":"en-US","@id":"https:\/\/www.cic.es\/#\/schema\/logo\/image\/","url":"https:\/\/www.cic.es\/wp-content\/uploads\/2018\/04\/cic_color.png","contentUrl":"https:\/\/www.cic.es\/wp-content\/uploads\/2018\/04\/cic_color.png","width":300,"height":200,"caption":"CIC Consulting Inform\u00e1tico"},"image":{"@id":"https:\/\/www.cic.es\/#\/schema\/logo\/image\/"},"sameAs":["https:\/\/www.facebook.com\/CIC.Consulting\/","https:\/\/x.com\/CICactualidad","https:\/\/www.linkedin.com\/company\/2157627\/","https:\/\/www.pinterest.es\/cicconsultinginformatico\/","https:\/\/www.youtube.com\/user\/webmastercic"]}]}},"_links":{"self":[{"href":"https:\/\/www.cic.es\/en\/wp-json\/wp\/v2\/pages\/14340","targetHints":{"allow":["GET"]}}],"collection":[{"href":"https:\/\/www.cic.es\/en\/wp-json\/wp\/v2\/pages"}],"about":[{"href":"https:\/\/www.cic.es\/en\/wp-json\/wp\/v2\/types\/page"}],"author":[{"embeddable":true,"href":"https:\/\/www.cic.es\/en\/wp-json\/wp\/v2\/users\/1"}],"replies":[{"embeddable":true,"href":"https:\/\/www.cic.es\/en\/wp-json\/wp\/v2\/comments?post=14340"}],"version-history":[{"count":4,"href":"https:\/\/www.cic.es\/en\/wp-json\/wp\/v2\/pages\/14340\/revisions"}],"predecessor-version":[{"id":26575,"href":"https:\/\/www.cic.es\/en\/wp-json\/wp\/v2\/pages\/14340\/revisions\/26575"}],"up":[{"embeddable":true,"href":"https:\/\/www.cic.es\/en\/wp-json\/wp\/v2\/pages\/4379"}],"wp:attachment":[{"href":"https:\/\/www.cic.es\/en\/wp-json\/wp\/v2\/media?parent=14340"}],"curies":[{"name":"wp","href":"https:\/\/api.w.org\/{rel}","templated":true}]}}