{"id":14334,"date":"2023-03-28T15:37:17","date_gmt":"2023-03-28T14:37:17","guid":{"rendered":"https:\/\/www.cic.es\/sostenibilidad\/medioambiente\/"},"modified":"2026-02-25T09:48:08","modified_gmt":"2026-02-25T08:48:08","slug":"medioambiente","status":"publish","type":"page","link":"https:\/\/www.cic.es\/en\/sostenibilidad\/medioambiente\/","title":{"rendered":"The environment"},"content":{"rendered":"\n<div class=\"wp-block-columns is-layout-flex wp-container-core-columns-is-layout-9d6595d7 wp-block-columns-is-layout-flex\">\n<div class=\"wp-block-column p-20 has-background is-layout-flow wp-block-column-is-layout-flow\" style=\"background-color:#f9f9f9\">\n<p class=\"has-text-color has-large-font-size\" style=\"color:#0085ca\">1,8<\/p>\n\n\n\n<p>of t CO2 e per employee (scope 1+2).<\/p>\n<\/div>\n\n\n\n<div class=\"wp-block-column p-20 has-background is-layout-flow wp-block-column-is-layout-flow\" style=\"background-color:#f9f9f9\">\n<p class=\"has-text-color has-large-font-size\" style=\"color:#0085ca\">100%<\/p>\n\n\n\n<p>of our energy comes from renewable sources.<\/p>\n<\/div>\n\n\n\n<div class=\"wp-block-column p-20 has-background is-layout-flow wp-block-column-is-layout-flow\" style=\"background-color:#f9f9f9\">\n<p class=\"has-text-color has-large-font-size\" style=\"color:#0085ca\">ISO 14001<\/p>\n\n\n\n<p>Certified.<\/p>\n<\/div>\n<\/div>\n\n\n\n<p>CIC&#8217;s commitment to the environment involves developing its operations in a responsible manner, minimizing the environmental impact of its business operations and promoting the circular economy.<\/p>\n\n\n\n<p>We have established a series of initiatives that allow you to reduce your energy consumption, emissions, waste and resource consumption. In short, to be more efficient and environmentally friendly.<\/p>\n\n\n\n<p>We have an Environmental Management System (ISO 14001) that allows us to control and manage our significant environmental footprint: energy consumption, waste management, emissions of ozone-depleting substances, water consumption, etc.<\/p>\n\n\n\n<p>AENOR has verified our 2024 carbon footprint for the second consecutive year, guaranteeing the reliability and transparency of our environmental data. This indicator allows us to measure our impact, identify areas for improvement, and move towards more sustainable decisions. With this verification, we will register for the second year in a row with the Ministry for Ecological Transition and the Demographic Challenge (MITECO) and continue working towards obtaining the &#8220;Reduczo&#8221; (I Reduce) certification.<\/p>\n\n\n\n<div class=\"wp-block-columns is-layout-flex wp-container-core-columns-is-layout-9d6595d7 wp-block-columns-is-layout-flex\">\n<div class=\"wp-block-column is-layout-flow wp-block-column-is-layout-flow\">\n<h2 class=\"wp-block-heading\">Environmental management<\/h2>\n\n\n\n<p>We efficiently manage the effects caused by the company on the environment.&nbsp; Guaranteeing our commitment to the protection of the environment in all the activities we carry out.<\/p>\n<\/div>\n\n\n\n<div class=\"wp-block-column is-layout-flow wp-block-column-is-layout-flow\">\n<h2 class=\"wp-block-heading\">Waste management<\/h2>\n\n\n\n<p>We encourage the efficient use of resources and promote the purchase and use of recycled and\/or certified materials. All waste is treated appropriately and in an environmentally friendly manner.<\/p>\n<\/div>\n<\/div>\n\n\n\n<div class=\"wp-block-columns is-layout-flex wp-container-core-columns-is-layout-9d6595d7 wp-block-columns-is-layout-flex\">\n<div class=\"wp-block-column is-layout-flow wp-block-column-is-layout-flow\">\n<h2 class=\"wp-block-heading\">Circular economy<\/h2>\n\n\n\n<p>We reduce environmental footprints throughout the life cycle of CIC&#8217;s products and services, including the supply chain and raw material production.<\/p>\n\n\n\n<p>We foster proper waste management, focusing on waste reduction at the source and promoting its reutilization.<\/p>\n<\/div>\n\n\n\n<div class=\"wp-block-column is-layout-flow wp-block-column-is-layout-flow\">\n<h2 class=\"wp-block-heading\">Carbon footprint<\/h2>\n\n\n\n<p>We are advocates in the fight against climate change, both inside and outside the organization, and design specific programs for the adaptation and reduction of its effects.<\/p>\n\n\n\n<p>We have measures in place to adapt the company to a low-carbon economy, reducing CO2 emissions and pollution by promoting energy efficiency.<\/p>\n<\/div>\n<\/div>\n","protected":false},"excerpt":{"rendered":"<p>1,8 of t CO2 e per employee (scope 1+2). 100% of our energy comes from renewable sources. ISO 14001 Certified. CIC&#8217;s commitment to the environment involves developing its operations in a responsible manner, minimizing the environmental impact of its business operations and promoting the circular economy. We have established a&#8230;<\/p>\n","protected":false},"author":1,"featured_media":0,"parent":4379,"menu_order":0,"comment_status":"closed","ping_status":"closed","template":"page-templates\/page-rsc.php","meta":{"_acf_changed":false,"footnotes":""},"class_list":["post-14334","page","type-page","status-publish","hentry"],"acf":[],"yoast_head":"<!-- This site is optimized with the Yoast SEO plugin v27.4 - https:\/\/yoast.com\/product\/yoast-seo-wordpress\/ -->\n<title>The environment CIC Consulting Inform\u00e1tico<\/title>\n<meta name=\"robots\" content=\"index, follow, max-snippet:-1, max-image-preview:large, max-video-preview:-1\" \/>\n<link rel=\"canonical\" href=\"https:\/\/www.cic.es\/en\/sostenibilidad\/medioambiente\/\" \/>\n<meta property=\"og:locale\" content=\"en_US\" \/>\n<meta property=\"og:type\" content=\"article\" \/>\n<meta property=\"og:title\" content=\"The environment CIC Consulting Inform\u00e1tico\" \/>\n<meta property=\"og:description\" content=\"1,8 of t CO2 e per employee (scope 1+2). 100% of our energy comes from renewable sources. ISO 14001 Certified. CIC&#8217;s commitment to the environment involves developing its operations in a responsible manner, minimizing the environmental impact of its business operations and promoting the circular economy. We have established a...\" \/>\n<meta property=\"og:url\" content=\"https:\/\/www.cic.es\/en\/sostenibilidad\/medioambiente\/\" \/>\n<meta property=\"og:site_name\" content=\"CIC Consulting Inform\u00e1tico\" \/>\n<meta property=\"article:publisher\" content=\"https:\/\/www.facebook.com\/CIC.Consulting\/\" \/>\n<meta property=\"article:modified_time\" content=\"2026-02-25T08:48:08+00:00\" \/>\n<meta name=\"twitter:card\" content=\"summary_large_image\" \/>\n<meta name=\"twitter:site\" content=\"@CICactualidad\" \/>\n<meta name=\"twitter:label1\" content=\"Est. reading time\" \/>\n\t<meta name=\"twitter:data1\" content=\"2 minutes\" \/>\n<script type=\"application\/ld+json\" class=\"yoast-schema-graph\">{\"@context\":\"https:\\\/\\\/schema.org\",\"@graph\":[{\"@type\":\"WebPage\",\"@id\":\"https:\\\/\\\/www.cic.es\\\/en\\\/sostenibilidad\\\/medioambiente\\\/\",\"url\":\"https:\\\/\\\/www.cic.es\\\/en\\\/sostenibilidad\\\/medioambiente\\\/\",\"name\":\"The environment CIC Consulting Inform\u00e1tico\",\"isPartOf\":{\"@id\":\"https:\\\/\\\/www.cic.es\\\/#website\"},\"datePublished\":\"2023-03-28T14:37:17+00:00\",\"dateModified\":\"2026-02-25T08:48:08+00:00\",\"breadcrumb\":{\"@id\":\"https:\\\/\\\/www.cic.es\\\/en\\\/sostenibilidad\\\/medioambiente\\\/#breadcrumb\"},\"inLanguage\":\"en-US\",\"potentialAction\":[{\"@type\":\"ReadAction\",\"target\":[\"https:\\\/\\\/www.cic.es\\\/en\\\/sostenibilidad\\\/medioambiente\\\/\"]}]},{\"@type\":\"BreadcrumbList\",\"@id\":\"https:\\\/\\\/www.cic.es\\\/en\\\/sostenibilidad\\\/medioambiente\\\/#breadcrumb\",\"itemListElement\":[{\"@type\":\"ListItem\",\"position\":1,\"name\":\"CIC\",\"item\":\"https:\\\/\\\/www.cic.es\\\/\"},{\"@type\":\"ListItem\",\"position\":2,\"name\":\"Sustainability\",\"item\":\"https:\\\/\\\/www.cic.es\\\/en\\\/sostenibilidad\\\/\"},{\"@type\":\"ListItem\",\"position\":3,\"name\":\"The environment\"}]},{\"@type\":\"WebSite\",\"@id\":\"https:\\\/\\\/www.cic.es\\\/#website\",\"url\":\"https:\\\/\\\/www.cic.es\\\/\",\"name\":\"CIC Consulting Inform\u00e1tico\",\"description\":\"Somos una consultor\u00eda de ingenier\u00eda de desarrollo y proyectos de inform\u00e1tica y comunicaciones\",\"publisher\":{\"@id\":\"https:\\\/\\\/www.cic.es\\\/#organization\"},\"alternateName\":\"CIC Consulting Inform\u00e1tico\",\"potentialAction\":[{\"@type\":\"SearchAction\",\"target\":{\"@type\":\"EntryPoint\",\"urlTemplate\":\"https:\\\/\\\/www.cic.es\\\/?s={search_term_string}\"},\"query-input\":{\"@type\":\"PropertyValueSpecification\",\"valueRequired\":true,\"valueName\":\"search_term_string\"}}],\"inLanguage\":\"en-US\"},{\"@type\":\"Organization\",\"@id\":\"https:\\\/\\\/www.cic.es\\\/#organization\",\"name\":\"CIC Consulting Inform\u00e1tico\",\"alternateName\":\"CIC Consulting Inform\u00e1tico\",\"url\":\"https:\\\/\\\/www.cic.es\\\/\",\"logo\":{\"@type\":\"ImageObject\",\"inLanguage\":\"en-US\",\"@id\":\"https:\\\/\\\/www.cic.es\\\/#\\\/schema\\\/logo\\\/image\\\/\",\"url\":\"https:\\\/\\\/www.cic.es\\\/wp-content\\\/uploads\\\/2018\\\/04\\\/cic_color.png\",\"contentUrl\":\"https:\\\/\\\/www.cic.es\\\/wp-content\\\/uploads\\\/2018\\\/04\\\/cic_color.png\",\"width\":300,\"height\":200,\"caption\":\"CIC Consulting Inform\u00e1tico\"},\"image\":{\"@id\":\"https:\\\/\\\/www.cic.es\\\/#\\\/schema\\\/logo\\\/image\\\/\"},\"sameAs\":[\"https:\\\/\\\/www.facebook.com\\\/CIC.Consulting\\\/\",\"https:\\\/\\\/x.com\\\/CICactualidad\",\"https:\\\/\\\/www.linkedin.com\\\/company\\\/2157627\\\/\",\"https:\\\/\\\/www.pinterest.es\\\/cicconsultinginformatico\\\/\",\"https:\\\/\\\/www.youtube.com\\\/user\\\/webmastercic\"]}]}<\/script>\n<!-- \/ Yoast SEO plugin. -->","yoast_head_json":{"title":"The environment CIC Consulting Inform\u00e1tico","robots":{"index":"index","follow":"follow","max-snippet":"max-snippet:-1","max-image-preview":"max-image-preview:large","max-video-preview":"max-video-preview:-1"},"canonical":"https:\/\/www.cic.es\/en\/sostenibilidad\/medioambiente\/","og_locale":"en_US","og_type":"article","og_title":"The environment CIC Consulting Inform\u00e1tico","og_description":"1,8 of t CO2 e per employee (scope 1+2). 100% of our energy comes from renewable sources. ISO 14001 Certified. CIC&#8217;s commitment to the environment involves developing its operations in a responsible manner, minimizing the environmental impact of its business operations and promoting the circular economy. We have established a...","og_url":"https:\/\/www.cic.es\/en\/sostenibilidad\/medioambiente\/","og_site_name":"CIC Consulting Inform\u00e1tico","article_publisher":"https:\/\/www.facebook.com\/CIC.Consulting\/","article_modified_time":"2026-02-25T08:48:08+00:00","twitter_card":"summary_large_image","twitter_site":"@CICactualidad","twitter_misc":{"Est. reading time":"2 minutes"},"schema":{"@context":"https:\/\/schema.org","@graph":[{"@type":"WebPage","@id":"https:\/\/www.cic.es\/en\/sostenibilidad\/medioambiente\/","url":"https:\/\/www.cic.es\/en\/sostenibilidad\/medioambiente\/","name":"The environment CIC Consulting Inform\u00e1tico","isPartOf":{"@id":"https:\/\/www.cic.es\/#website"},"datePublished":"2023-03-28T14:37:17+00:00","dateModified":"2026-02-25T08:48:08+00:00","breadcrumb":{"@id":"https:\/\/www.cic.es\/en\/sostenibilidad\/medioambiente\/#breadcrumb"},"inLanguage":"en-US","potentialAction":[{"@type":"ReadAction","target":["https:\/\/www.cic.es\/en\/sostenibilidad\/medioambiente\/"]}]},{"@type":"BreadcrumbList","@id":"https:\/\/www.cic.es\/en\/sostenibilidad\/medioambiente\/#breadcrumb","itemListElement":[{"@type":"ListItem","position":1,"name":"CIC","item":"https:\/\/www.cic.es\/"},{"@type":"ListItem","position":2,"name":"Sustainability","item":"https:\/\/www.cic.es\/en\/sostenibilidad\/"},{"@type":"ListItem","position":3,"name":"The environment"}]},{"@type":"WebSite","@id":"https:\/\/www.cic.es\/#website","url":"https:\/\/www.cic.es\/","name":"CIC Consulting Inform\u00e1tico","description":"Somos una consultor\u00eda de ingenier\u00eda de desarrollo y proyectos de inform\u00e1tica y comunicaciones","publisher":{"@id":"https:\/\/www.cic.es\/#organization"},"alternateName":"CIC Consulting Inform\u00e1tico","potentialAction":[{"@type":"SearchAction","target":{"@type":"EntryPoint","urlTemplate":"https:\/\/www.cic.es\/?s={search_term_string}"},"query-input":{"@type":"PropertyValueSpecification","valueRequired":true,"valueName":"search_term_string"}}],"inLanguage":"en-US"},{"@type":"Organization","@id":"https:\/\/www.cic.es\/#organization","name":"CIC Consulting Inform\u00e1tico","alternateName":"CIC Consulting Inform\u00e1tico","url":"https:\/\/www.cic.es\/","logo":{"@type":"ImageObject","inLanguage":"en-US","@id":"https:\/\/www.cic.es\/#\/schema\/logo\/image\/","url":"https:\/\/www.cic.es\/wp-content\/uploads\/2018\/04\/cic_color.png","contentUrl":"https:\/\/www.cic.es\/wp-content\/uploads\/2018\/04\/cic_color.png","width":300,"height":200,"caption":"CIC Consulting Inform\u00e1tico"},"image":{"@id":"https:\/\/www.cic.es\/#\/schema\/logo\/image\/"},"sameAs":["https:\/\/www.facebook.com\/CIC.Consulting\/","https:\/\/x.com\/CICactualidad","https:\/\/www.linkedin.com\/company\/2157627\/","https:\/\/www.pinterest.es\/cicconsultinginformatico\/","https:\/\/www.youtube.com\/user\/webmastercic"]}]}},"_links":{"self":[{"href":"https:\/\/www.cic.es\/en\/wp-json\/wp\/v2\/pages\/14334","targetHints":{"allow":["GET"]}}],"collection":[{"href":"https:\/\/www.cic.es\/en\/wp-json\/wp\/v2\/pages"}],"about":[{"href":"https:\/\/www.cic.es\/en\/wp-json\/wp\/v2\/types\/page"}],"author":[{"embeddable":true,"href":"https:\/\/www.cic.es\/en\/wp-json\/wp\/v2\/users\/1"}],"replies":[{"embeddable":true,"href":"https:\/\/www.cic.es\/en\/wp-json\/wp\/v2\/comments?post=14334"}],"version-history":[{"count":6,"href":"https:\/\/www.cic.es\/en\/wp-json\/wp\/v2\/pages\/14334\/revisions"}],"predecessor-version":[{"id":26568,"href":"https:\/\/www.cic.es\/en\/wp-json\/wp\/v2\/pages\/14334\/revisions\/26568"}],"up":[{"embeddable":true,"href":"https:\/\/www.cic.es\/en\/wp-json\/wp\/v2\/pages\/4379"}],"wp:attachment":[{"href":"https:\/\/www.cic.es\/en\/wp-json\/wp\/v2\/media?parent=14334"}],"curies":[{"name":"wp","href":"https:\/\/api.w.org\/{rel}","templated":true}]}}