{"id":14327,"date":"2023-01-03T12:54:29","date_gmt":"2023-01-03T11:54:29","guid":{"rendered":"https:\/\/www.cic.es\/sostenibilidad\/nuestros-objetivos\/"},"modified":"2025-06-18T10:51:56","modified_gmt":"2025-06-18T09:51:56","slug":"nuestros-objetivos","status":"publish","type":"page","link":"https:\/\/www.cic.es\/en\/sostenibilidad\/nuestros-objetivos\/","title":{"rendered":"Our objectives"},"content":{"rendered":"\n<p>Our work allows us to contribute to addressing major global challenges.<\/p>\n\n\n\n<p>We have incorporated the <strong>Sustainable Development Goals (SDGs)<\/strong> promoted by the United Nations 2030 Agenda into our business strategy.<\/p>\n\n\n\n<div style=\"height:20px\" aria-hidden=\"true\" class=\"wp-block-spacer\"><\/div>\n","protected":false},"excerpt":{"rendered":"<p>Our work allows us to contribute to addressing major global challenges. We have incorporated the Sustainable Development Goals (SDGs) promoted by the United Nations 2030 Agenda into our business strategy.<\/p>\n","protected":false},"author":1,"featured_media":0,"parent":4379,"menu_order":0,"comment_status":"closed","ping_status":"closed","template":"page-templates\/page-ods.php","meta":{"_acf_changed":false,"footnotes":""},"class_list":["post-14327","page","type-page","status-publish","hentry"],"acf":[],"yoast_head":"<!-- This site is optimized with the Yoast SEO plugin v27.4 - https:\/\/yoast.com\/product\/yoast-seo-wordpress\/ -->\n<title>Nuestros objetivos - CIC<\/title>\n<meta name=\"description\" content=\"Incorporamos a nuestra estrategia empresarial los Objetivos de Desarrollo Sostenible (ODS) promovidos por las Naciones Unidas.\" \/>\n<meta name=\"robots\" content=\"index, follow, max-snippet:-1, max-image-preview:large, max-video-preview:-1\" \/>\n<link rel=\"canonical\" href=\"https:\/\/www.cic.es\/en\/sostenibilidad\/nuestros-objetivos\/\" \/>\n<meta property=\"og:locale\" content=\"en_US\" \/>\n<meta property=\"og:type\" content=\"article\" \/>\n<meta property=\"og:title\" content=\"Nuestros objetivos - CIC\" \/>\n<meta property=\"og:description\" content=\"Incorporamos a nuestra estrategia empresarial los Objetivos de Desarrollo Sostenible (ODS) promovidos por las Naciones Unidas.\" \/>\n<meta property=\"og:url\" content=\"https:\/\/www.cic.es\/en\/sostenibilidad\/nuestros-objetivos\/\" \/>\n<meta property=\"og:site_name\" content=\"CIC Consulting Inform\u00e1tico\" \/>\n<meta property=\"article:publisher\" content=\"https:\/\/www.facebook.com\/CIC.Consulting\/\" \/>\n<meta property=\"article:modified_time\" content=\"2025-06-18T09:51:56+00:00\" \/>\n<meta name=\"twitter:card\" content=\"summary_large_image\" \/>\n<meta name=\"twitter:site\" content=\"@CICactualidad\" \/>\n<meta name=\"twitter:label1\" content=\"Est. reading time\" \/>\n\t<meta name=\"twitter:data1\" content=\"1 minute\" \/>\n<script type=\"application\/ld+json\" class=\"yoast-schema-graph\">{\"@context\":\"https:\\\/\\\/schema.org\",\"@graph\":[{\"@type\":\"WebPage\",\"@id\":\"https:\\\/\\\/www.cic.es\\\/en\\\/sostenibilidad\\\/nuestros-objetivos\\\/\",\"url\":\"https:\\\/\\\/www.cic.es\\\/en\\\/sostenibilidad\\\/nuestros-objetivos\\\/\",\"name\":\"Nuestros objetivos - CIC\",\"isPartOf\":{\"@id\":\"https:\\\/\\\/www.cic.es\\\/#website\"},\"datePublished\":\"2023-01-03T11:54:29+00:00\",\"dateModified\":\"2025-06-18T09:51:56+00:00\",\"description\":\"Incorporamos a nuestra estrategia empresarial los Objetivos de Desarrollo Sostenible (ODS) promovidos por las Naciones Unidas.\",\"breadcrumb\":{\"@id\":\"https:\\\/\\\/www.cic.es\\\/en\\\/sostenibilidad\\\/nuestros-objetivos\\\/#breadcrumb\"},\"inLanguage\":\"en-US\",\"potentialAction\":[{\"@type\":\"ReadAction\",\"target\":[\"https:\\\/\\\/www.cic.es\\\/en\\\/sostenibilidad\\\/nuestros-objetivos\\\/\"]}]},{\"@type\":\"BreadcrumbList\",\"@id\":\"https:\\\/\\\/www.cic.es\\\/en\\\/sostenibilidad\\\/nuestros-objetivos\\\/#breadcrumb\",\"itemListElement\":[{\"@type\":\"ListItem\",\"position\":1,\"name\":\"CIC\",\"item\":\"https:\\\/\\\/www.cic.es\\\/\"},{\"@type\":\"ListItem\",\"position\":2,\"name\":\"Sustainability\",\"item\":\"https:\\\/\\\/www.cic.es\\\/en\\\/sostenibilidad\\\/\"},{\"@type\":\"ListItem\",\"position\":3,\"name\":\"Our objectives\"}]},{\"@type\":\"WebSite\",\"@id\":\"https:\\\/\\\/www.cic.es\\\/#website\",\"url\":\"https:\\\/\\\/www.cic.es\\\/\",\"name\":\"CIC Consulting Inform\u00e1tico\",\"description\":\"Somos una consultor\u00eda de ingenier\u00eda de desarrollo y proyectos de inform\u00e1tica y comunicaciones\",\"publisher\":{\"@id\":\"https:\\\/\\\/www.cic.es\\\/#organization\"},\"alternateName\":\"CIC Consulting Inform\u00e1tico\",\"potentialAction\":[{\"@type\":\"SearchAction\",\"target\":{\"@type\":\"EntryPoint\",\"urlTemplate\":\"https:\\\/\\\/www.cic.es\\\/?s={search_term_string}\"},\"query-input\":{\"@type\":\"PropertyValueSpecification\",\"valueRequired\":true,\"valueName\":\"search_term_string\"}}],\"inLanguage\":\"en-US\"},{\"@type\":\"Organization\",\"@id\":\"https:\\\/\\\/www.cic.es\\\/#organization\",\"name\":\"CIC Consulting Inform\u00e1tico\",\"alternateName\":\"CIC Consulting Inform\u00e1tico\",\"url\":\"https:\\\/\\\/www.cic.es\\\/\",\"logo\":{\"@type\":\"ImageObject\",\"inLanguage\":\"en-US\",\"@id\":\"https:\\\/\\\/www.cic.es\\\/#\\\/schema\\\/logo\\\/image\\\/\",\"url\":\"https:\\\/\\\/www.cic.es\\\/wp-content\\\/uploads\\\/2018\\\/04\\\/cic_color.png\",\"contentUrl\":\"https:\\\/\\\/www.cic.es\\\/wp-content\\\/uploads\\\/2018\\\/04\\\/cic_color.png\",\"width\":300,\"height\":200,\"caption\":\"CIC Consulting Inform\u00e1tico\"},\"image\":{\"@id\":\"https:\\\/\\\/www.cic.es\\\/#\\\/schema\\\/logo\\\/image\\\/\"},\"sameAs\":[\"https:\\\/\\\/www.facebook.com\\\/CIC.Consulting\\\/\",\"https:\\\/\\\/x.com\\\/CICactualidad\",\"https:\\\/\\\/www.linkedin.com\\\/company\\\/2157627\\\/\",\"https:\\\/\\\/www.pinterest.es\\\/cicconsultinginformatico\\\/\",\"https:\\\/\\\/www.youtube.com\\\/user\\\/webmastercic\"]}]}<\/script>\n<!-- \/ Yoast SEO plugin. -->","yoast_head_json":{"title":"Nuestros objetivos - CIC","description":"Incorporamos a nuestra estrategia empresarial los Objetivos de Desarrollo Sostenible (ODS) promovidos por las Naciones Unidas.","robots":{"index":"index","follow":"follow","max-snippet":"max-snippet:-1","max-image-preview":"max-image-preview:large","max-video-preview":"max-video-preview:-1"},"canonical":"https:\/\/www.cic.es\/en\/sostenibilidad\/nuestros-objetivos\/","og_locale":"en_US","og_type":"article","og_title":"Nuestros objetivos - CIC","og_description":"Incorporamos a nuestra estrategia empresarial los Objetivos de Desarrollo Sostenible (ODS) promovidos por las Naciones Unidas.","og_url":"https:\/\/www.cic.es\/en\/sostenibilidad\/nuestros-objetivos\/","og_site_name":"CIC Consulting Inform\u00e1tico","article_publisher":"https:\/\/www.facebook.com\/CIC.Consulting\/","article_modified_time":"2025-06-18T09:51:56+00:00","twitter_card":"summary_large_image","twitter_site":"@CICactualidad","twitter_misc":{"Est. reading time":"1 minute"},"schema":{"@context":"https:\/\/schema.org","@graph":[{"@type":"WebPage","@id":"https:\/\/www.cic.es\/en\/sostenibilidad\/nuestros-objetivos\/","url":"https:\/\/www.cic.es\/en\/sostenibilidad\/nuestros-objetivos\/","name":"Nuestros objetivos - CIC","isPartOf":{"@id":"https:\/\/www.cic.es\/#website"},"datePublished":"2023-01-03T11:54:29+00:00","dateModified":"2025-06-18T09:51:56+00:00","description":"Incorporamos a nuestra estrategia empresarial los Objetivos de Desarrollo Sostenible (ODS) promovidos por las Naciones Unidas.","breadcrumb":{"@id":"https:\/\/www.cic.es\/en\/sostenibilidad\/nuestros-objetivos\/#breadcrumb"},"inLanguage":"en-US","potentialAction":[{"@type":"ReadAction","target":["https:\/\/www.cic.es\/en\/sostenibilidad\/nuestros-objetivos\/"]}]},{"@type":"BreadcrumbList","@id":"https:\/\/www.cic.es\/en\/sostenibilidad\/nuestros-objetivos\/#breadcrumb","itemListElement":[{"@type":"ListItem","position":1,"name":"CIC","item":"https:\/\/www.cic.es\/"},{"@type":"ListItem","position":2,"name":"Sustainability","item":"https:\/\/www.cic.es\/en\/sostenibilidad\/"},{"@type":"ListItem","position":3,"name":"Our objectives"}]},{"@type":"WebSite","@id":"https:\/\/www.cic.es\/#website","url":"https:\/\/www.cic.es\/","name":"CIC Consulting Inform\u00e1tico","description":"Somos una consultor\u00eda de ingenier\u00eda de desarrollo y proyectos de inform\u00e1tica y comunicaciones","publisher":{"@id":"https:\/\/www.cic.es\/#organization"},"alternateName":"CIC Consulting Inform\u00e1tico","potentialAction":[{"@type":"SearchAction","target":{"@type":"EntryPoint","urlTemplate":"https:\/\/www.cic.es\/?s={search_term_string}"},"query-input":{"@type":"PropertyValueSpecification","valueRequired":true,"valueName":"search_term_string"}}],"inLanguage":"en-US"},{"@type":"Organization","@id":"https:\/\/www.cic.es\/#organization","name":"CIC Consulting Inform\u00e1tico","alternateName":"CIC Consulting Inform\u00e1tico","url":"https:\/\/www.cic.es\/","logo":{"@type":"ImageObject","inLanguage":"en-US","@id":"https:\/\/www.cic.es\/#\/schema\/logo\/image\/","url":"https:\/\/www.cic.es\/wp-content\/uploads\/2018\/04\/cic_color.png","contentUrl":"https:\/\/www.cic.es\/wp-content\/uploads\/2018\/04\/cic_color.png","width":300,"height":200,"caption":"CIC Consulting Inform\u00e1tico"},"image":{"@id":"https:\/\/www.cic.es\/#\/schema\/logo\/image\/"},"sameAs":["https:\/\/www.facebook.com\/CIC.Consulting\/","https:\/\/x.com\/CICactualidad","https:\/\/www.linkedin.com\/company\/2157627\/","https:\/\/www.pinterest.es\/cicconsultinginformatico\/","https:\/\/www.youtube.com\/user\/webmastercic"]}]}},"_links":{"self":[{"href":"https:\/\/www.cic.es\/en\/wp-json\/wp\/v2\/pages\/14327","targetHints":{"allow":["GET"]}}],"collection":[{"href":"https:\/\/www.cic.es\/en\/wp-json\/wp\/v2\/pages"}],"about":[{"href":"https:\/\/www.cic.es\/en\/wp-json\/wp\/v2\/types\/page"}],"author":[{"embeddable":true,"href":"https:\/\/www.cic.es\/en\/wp-json\/wp\/v2\/users\/1"}],"replies":[{"embeddable":true,"href":"https:\/\/www.cic.es\/en\/wp-json\/wp\/v2\/comments?post=14327"}],"version-history":[{"count":6,"href":"https:\/\/www.cic.es\/en\/wp-json\/wp\/v2\/pages\/14327\/revisions"}],"predecessor-version":[{"id":24982,"href":"https:\/\/www.cic.es\/en\/wp-json\/wp\/v2\/pages\/14327\/revisions\/24982"}],"up":[{"embeddable":true,"href":"https:\/\/www.cic.es\/en\/wp-json\/wp\/v2\/pages\/4379"}],"wp:attachment":[{"href":"https:\/\/www.cic.es\/en\/wp-json\/wp\/v2\/media?parent=14327"}],"curies":[{"name":"wp","href":"https:\/\/api.w.org\/{rel}","templated":true}]}}