{"id":13640,"date":"2023-05-24T10:27:24","date_gmt":"2023-05-24T09:27:24","guid":{"rendered":"https:\/\/www.cic.es\/canal-denuncias\/"},"modified":"2023-05-30T06:51:11","modified_gmt":"2023-05-30T05:51:11","slug":"canal-denuncias","status":"publish","type":"page","link":"https:\/\/www.cic.es\/en\/canal-denuncias\/","title":{"rendered":"Complaints Channel"},"content":{"rendered":"\n<p>In compliance with law 2\/2023, of February 20, 2023, regulating the protection of persons who report regulatory violations\/breaches and in the fight against corruption (Directive 2019\/1937) and other applicable regulations, CIC\/FIELDEAS has created a complaints channel.\u00a0 The main purpose is to channel complaints where possible violations\/breaches may have taken place; which is an act of responsibility and a person&#8217;s ethical duty.<\/p>\n\n\n\n<h2 class=\"wp-block-heading\">What can be reported?<\/h2>\n\n\n\n<p>CIC\/FIELDEAS staff members, partners, customers, suppliers or any other legitimate interest may report any possible irregularity or non-compliance of which they are aware of, or any possible irregularity or non-compliance with regulations.<\/p>\n\n\n\n<h2 class=\"wp-block-heading\">How do I make a complaint?<\/h2>\n\n\n\n<p>The complaint can be made by sending an e-mail to the following address: <a href=\"mailto:compliancegrupocic@gmail.com\">compliancegrupocic@gmail.com<\/a>.<\/p>\n\n\n\n<p>You can also verbally make a complaint by leaving a voice message at the same email address.<\/p>\n\n\n\n<p>A specialized and impartial professional will take the pertinent steps, always guaranteeing the anonymity of the claimant and any third party mentioned in the complaint.<\/p>\n\n\n\n<p>Acknowledgement of receipt will be given within seven days of the reception of the complaint and a response will be given within the following three months.<\/p>\n\n\n\n<h2 class=\"wp-block-heading\">What do I include in the complaint?<\/h2>\n\n\n\n<p>The communication must contain the necessary data to be able to carry out an analysis of the facts included in the complaint.<\/p>\n\n\n\n<p>Ideally, the following should be included:<\/p>\n\n\n\n<ul class=\"wp-block-list\">\n<li>A clear and concise account of the facts.<\/li>\n\n\n\n<li>The identification of the company or business unit in which the incidents have occurred.&nbsp;<\/li>\n\n\n\n<li>The name and contact details of the claimant and his\/her relationship with the group in order to facilitate the analysis and follow-up of the complaint.<\/li>\n\n\n\n<li>The identification of the persons involved in the incident or persons with knowledge of it.<\/li>\n\n\n\n<li>The time at which the incident occurred.<\/li>\n\n\n\n<li>Quantification, whenever possible, of the impact the incident has had on the company&#8217;s finances.<\/li>\n\n\n\n<li>Providing the necessary documents, files or other information deemed relevant for the evaluation and resolution of the complaint.<\/li>\n<\/ul>\n","protected":false},"excerpt":{"rendered":"<p>In compliance with law 2\/2023, of February 20, 2023, regulating the protection of persons who report regulatory violations\/breaches and in the fight against corruption (Directive 2019\/1937) and other applicable regulations, CIC\/FIELDEAS has created a complaints channel.\u00a0 The main purpose is to channel complaints where possible violations\/breaches may have taken place;&#8230;<\/p>\n","protected":false},"author":1,"featured_media":0,"parent":0,"menu_order":0,"comment_status":"closed","ping_status":"closed","template":"","meta":{"_acf_changed":false,"footnotes":""},"class_list":["post-13640","page","type-page","status-publish","hentry"],"acf":[],"yoast_head":"<!-- This site is optimized with the Yoast SEO plugin v27.4 - https:\/\/yoast.com\/product\/yoast-seo-wordpress\/ -->\n<title>Complaints Channel CIC Consulting Inform\u00e1tico<\/title>\n<meta name=\"robots\" content=\"index, follow, max-snippet:-1, max-image-preview:large, max-video-preview:-1\" \/>\n<link rel=\"canonical\" href=\"https:\/\/www.cic.es\/en\/canal-denuncias\/\" \/>\n<meta property=\"og:locale\" content=\"en_US\" \/>\n<meta property=\"og:type\" content=\"article\" \/>\n<meta property=\"og:title\" content=\"Complaints Channel CIC Consulting Inform\u00e1tico\" \/>\n<meta property=\"og:description\" content=\"In compliance with law 2\/2023, of February 20, 2023, regulating the protection of persons who report regulatory violations\/breaches and in the fight against corruption (Directive 2019\/1937) and other applicable regulations, CIC\/FIELDEAS has created a complaints channel.\u00a0 The main purpose is to channel complaints where possible violations\/breaches may have taken place;...\" \/>\n<meta property=\"og:url\" content=\"https:\/\/www.cic.es\/en\/canal-denuncias\/\" \/>\n<meta property=\"og:site_name\" content=\"CIC Consulting Inform\u00e1tico\" \/>\n<meta property=\"article:publisher\" content=\"https:\/\/www.facebook.com\/CIC.Consulting\/\" \/>\n<meta property=\"article:modified_time\" content=\"2023-05-30T05:51:11+00:00\" \/>\n<meta name=\"twitter:card\" content=\"summary_large_image\" \/>\n<meta name=\"twitter:site\" content=\"@CICactualidad\" \/>\n<meta name=\"twitter:label1\" content=\"Est. reading time\" \/>\n\t<meta name=\"twitter:data1\" content=\"2 minutes\" \/>\n<script type=\"application\/ld+json\" class=\"yoast-schema-graph\">{\"@context\":\"https:\\\/\\\/schema.org\",\"@graph\":[{\"@type\":\"WebPage\",\"@id\":\"https:\\\/\\\/www.cic.es\\\/en\\\/canal-denuncias\\\/\",\"url\":\"https:\\\/\\\/www.cic.es\\\/en\\\/canal-denuncias\\\/\",\"name\":\"Complaints Channel CIC Consulting Inform\u00e1tico\",\"isPartOf\":{\"@id\":\"https:\\\/\\\/www.cic.es\\\/#website\"},\"datePublished\":\"2023-05-24T09:27:24+00:00\",\"dateModified\":\"2023-05-30T05:51:11+00:00\",\"breadcrumb\":{\"@id\":\"https:\\\/\\\/www.cic.es\\\/en\\\/canal-denuncias\\\/#breadcrumb\"},\"inLanguage\":\"en-US\",\"potentialAction\":[{\"@type\":\"ReadAction\",\"target\":[\"https:\\\/\\\/www.cic.es\\\/en\\\/canal-denuncias\\\/\"]}]},{\"@type\":\"BreadcrumbList\",\"@id\":\"https:\\\/\\\/www.cic.es\\\/en\\\/canal-denuncias\\\/#breadcrumb\",\"itemListElement\":[{\"@type\":\"ListItem\",\"position\":1,\"name\":\"CIC\",\"item\":\"https:\\\/\\\/www.cic.es\\\/\"},{\"@type\":\"ListItem\",\"position\":2,\"name\":\"Complaints Channel\"}]},{\"@type\":\"WebSite\",\"@id\":\"https:\\\/\\\/www.cic.es\\\/#website\",\"url\":\"https:\\\/\\\/www.cic.es\\\/\",\"name\":\"CIC Consulting Inform\u00e1tico\",\"description\":\"Somos una consultor\u00eda de ingenier\u00eda de desarrollo y proyectos de inform\u00e1tica y comunicaciones\",\"publisher\":{\"@id\":\"https:\\\/\\\/www.cic.es\\\/#organization\"},\"alternateName\":\"CIC Consulting Inform\u00e1tico\",\"potentialAction\":[{\"@type\":\"SearchAction\",\"target\":{\"@type\":\"EntryPoint\",\"urlTemplate\":\"https:\\\/\\\/www.cic.es\\\/?s={search_term_string}\"},\"query-input\":{\"@type\":\"PropertyValueSpecification\",\"valueRequired\":true,\"valueName\":\"search_term_string\"}}],\"inLanguage\":\"en-US\"},{\"@type\":\"Organization\",\"@id\":\"https:\\\/\\\/www.cic.es\\\/#organization\",\"name\":\"CIC Consulting Inform\u00e1tico\",\"alternateName\":\"CIC Consulting Inform\u00e1tico\",\"url\":\"https:\\\/\\\/www.cic.es\\\/\",\"logo\":{\"@type\":\"ImageObject\",\"inLanguage\":\"en-US\",\"@id\":\"https:\\\/\\\/www.cic.es\\\/#\\\/schema\\\/logo\\\/image\\\/\",\"url\":\"https:\\\/\\\/www.cic.es\\\/wp-content\\\/uploads\\\/2018\\\/04\\\/cic_color.png\",\"contentUrl\":\"https:\\\/\\\/www.cic.es\\\/wp-content\\\/uploads\\\/2018\\\/04\\\/cic_color.png\",\"width\":300,\"height\":200,\"caption\":\"CIC Consulting Inform\u00e1tico\"},\"image\":{\"@id\":\"https:\\\/\\\/www.cic.es\\\/#\\\/schema\\\/logo\\\/image\\\/\"},\"sameAs\":[\"https:\\\/\\\/www.facebook.com\\\/CIC.Consulting\\\/\",\"https:\\\/\\\/x.com\\\/CICactualidad\",\"https:\\\/\\\/www.linkedin.com\\\/company\\\/2157627\\\/\",\"https:\\\/\\\/www.pinterest.es\\\/cicconsultinginformatico\\\/\",\"https:\\\/\\\/www.youtube.com\\\/user\\\/webmastercic\"]}]}<\/script>\n<!-- \/ Yoast SEO plugin. -->","yoast_head_json":{"title":"Complaints Channel CIC Consulting Inform\u00e1tico","robots":{"index":"index","follow":"follow","max-snippet":"max-snippet:-1","max-image-preview":"max-image-preview:large","max-video-preview":"max-video-preview:-1"},"canonical":"https:\/\/www.cic.es\/en\/canal-denuncias\/","og_locale":"en_US","og_type":"article","og_title":"Complaints Channel CIC Consulting Inform\u00e1tico","og_description":"In compliance with law 2\/2023, of February 20, 2023, regulating the protection of persons who report regulatory violations\/breaches and in the fight against corruption (Directive 2019\/1937) and other applicable regulations, CIC\/FIELDEAS has created a complaints channel.\u00a0 The main purpose is to channel complaints where possible violations\/breaches may have taken place;...","og_url":"https:\/\/www.cic.es\/en\/canal-denuncias\/","og_site_name":"CIC Consulting Inform\u00e1tico","article_publisher":"https:\/\/www.facebook.com\/CIC.Consulting\/","article_modified_time":"2023-05-30T05:51:11+00:00","twitter_card":"summary_large_image","twitter_site":"@CICactualidad","twitter_misc":{"Est. reading time":"2 minutes"},"schema":{"@context":"https:\/\/schema.org","@graph":[{"@type":"WebPage","@id":"https:\/\/www.cic.es\/en\/canal-denuncias\/","url":"https:\/\/www.cic.es\/en\/canal-denuncias\/","name":"Complaints Channel CIC Consulting Inform\u00e1tico","isPartOf":{"@id":"https:\/\/www.cic.es\/#website"},"datePublished":"2023-05-24T09:27:24+00:00","dateModified":"2023-05-30T05:51:11+00:00","breadcrumb":{"@id":"https:\/\/www.cic.es\/en\/canal-denuncias\/#breadcrumb"},"inLanguage":"en-US","potentialAction":[{"@type":"ReadAction","target":["https:\/\/www.cic.es\/en\/canal-denuncias\/"]}]},{"@type":"BreadcrumbList","@id":"https:\/\/www.cic.es\/en\/canal-denuncias\/#breadcrumb","itemListElement":[{"@type":"ListItem","position":1,"name":"CIC","item":"https:\/\/www.cic.es\/"},{"@type":"ListItem","position":2,"name":"Complaints Channel"}]},{"@type":"WebSite","@id":"https:\/\/www.cic.es\/#website","url":"https:\/\/www.cic.es\/","name":"CIC Consulting Inform\u00e1tico","description":"Somos una consultor\u00eda de ingenier\u00eda de desarrollo y proyectos de inform\u00e1tica y comunicaciones","publisher":{"@id":"https:\/\/www.cic.es\/#organization"},"alternateName":"CIC Consulting Inform\u00e1tico","potentialAction":[{"@type":"SearchAction","target":{"@type":"EntryPoint","urlTemplate":"https:\/\/www.cic.es\/?s={search_term_string}"},"query-input":{"@type":"PropertyValueSpecification","valueRequired":true,"valueName":"search_term_string"}}],"inLanguage":"en-US"},{"@type":"Organization","@id":"https:\/\/www.cic.es\/#organization","name":"CIC Consulting Inform\u00e1tico","alternateName":"CIC Consulting Inform\u00e1tico","url":"https:\/\/www.cic.es\/","logo":{"@type":"ImageObject","inLanguage":"en-US","@id":"https:\/\/www.cic.es\/#\/schema\/logo\/image\/","url":"https:\/\/www.cic.es\/wp-content\/uploads\/2018\/04\/cic_color.png","contentUrl":"https:\/\/www.cic.es\/wp-content\/uploads\/2018\/04\/cic_color.png","width":300,"height":200,"caption":"CIC Consulting Inform\u00e1tico"},"image":{"@id":"https:\/\/www.cic.es\/#\/schema\/logo\/image\/"},"sameAs":["https:\/\/www.facebook.com\/CIC.Consulting\/","https:\/\/x.com\/CICactualidad","https:\/\/www.linkedin.com\/company\/2157627\/","https:\/\/www.pinterest.es\/cicconsultinginformatico\/","https:\/\/www.youtube.com\/user\/webmastercic"]}]}},"_links":{"self":[{"href":"https:\/\/www.cic.es\/en\/wp-json\/wp\/v2\/pages\/13640","targetHints":{"allow":["GET"]}}],"collection":[{"href":"https:\/\/www.cic.es\/en\/wp-json\/wp\/v2\/pages"}],"about":[{"href":"https:\/\/www.cic.es\/en\/wp-json\/wp\/v2\/types\/page"}],"author":[{"embeddable":true,"href":"https:\/\/www.cic.es\/en\/wp-json\/wp\/v2\/users\/1"}],"replies":[{"embeddable":true,"href":"https:\/\/www.cic.es\/en\/wp-json\/wp\/v2\/comments?post=13640"}],"version-history":[{"count":1,"href":"https:\/\/www.cic.es\/en\/wp-json\/wp\/v2\/pages\/13640\/revisions"}],"predecessor-version":[{"id":13642,"href":"https:\/\/www.cic.es\/en\/wp-json\/wp\/v2\/pages\/13640\/revisions\/13642"}],"wp:attachment":[{"href":"https:\/\/www.cic.es\/en\/wp-json\/wp\/v2\/media?parent=13640"}],"curies":[{"name":"wp","href":"https:\/\/api.w.org\/{rel}","templated":true}]}}